{"id":80192,"date":"2021-12-29T06:03:29","date_gmt":"2021-12-29T06:03:29","guid":{"rendered":"https:\/\/knjigoljubac.ba\/?post_type=product&#038;p=80192"},"modified":"2021-12-29T06:07:02","modified_gmt":"2021-12-29T06:07:02","slug":"avgust-3","status":"publish","type":"product","link":"https:\/\/knjigoljubac.ba\/hr\/product\/avgust-3\/","title":{"rendered":"Avgust"},"content":{"rendered":"<p>Roman kojim je D\u017eon Vilijams, autor kultnog\u00a0<em>Stonera<\/em>, osvojio najzna\u010dajniju ameri\u010dku knji\u017eevnu nagradu National Book Award pri\u010da je o \u017eivotu utemeljitelja Rimskog Carstva Gaja Oktavijana, nama poznatijeg kao Avgust. Ravan klasicima\u00a0<em>Ja, Klaudije\u00a0<\/em>Roberta Grevsa i\u00a0<em>Hadrijanovim memoarima\u00a0<\/em>Margerit Jursenar, Vilijamsov\u00a0<em><strong>Avgust\u00a0<\/strong><\/em>nije samo portret \u010doveka koji od bole\u0107ivog mladi\u0107a postaje tridesettrogodi\u0161nji gospodar sveta, ili ostareli vladar koji se zbog Rima odri\u010de onoga \u0161to mu je najmilije \u2013 on je i zadivljuju\u0107a freska u kojoj Vilijams o\u017eivljava jedan od najuzbudljivijih deli\u0107a svetske istorije: razdoblje od smrti Julija Cezara do poslednjih Avgustovih dana, sa svim njegovim ratovima i razdorima, najistaknutijim protagonistima, dr\u017eavnicima, umetnicima i ratnicima.<\/p>\n<p><em>\u201eNajbolji istorijski roman ameri\u010dke knji\u017eevnosti\u201c \u2013\u00a0<\/em>The Washington Post<\/p>\n<p>&nbsp;<\/p>\n<p><em>D\u017eon Vilijams (1922\u20131994)<\/em><\/p>\n<p><em>D\u017eon Vilijams je ameri\u010dki pisac, ro\u0111en 1922. u Teksasu u farmerskoj porodici. Nakon zavr\u0161enog koled\u017ea i rada u novinama i na radiju, pristupio je ameri\u010dkoj armiji u Drugom svetskom ratu. Posle rata upisuje se na Univerzitet u Denveru gde diplomira i magistrira. Na Univerztetu u Misuriju \u0107e doktorirati 1954. i vratiti se na Univerztet u Denveru gde \u0107e 30 godina raditi kao profesor na odseku za kreativno pisanje. Napisao je dve zbirke pesama\u00a0<\/em><em>The Broken Landscape\u00a0<\/em>i<em>\u00a0The Necessary Lie,\u00a0<\/em>kao i \u010detiri romana<em>: Nothing But the Night\u00a0<\/em>(1948),<em>\u00a0Butcher\u2019s Crossing\u00a0<\/em>(1960),<em>\u00a0Stoner\u00a0<\/em>(1965) i<em>\u00a0August\u00a0<\/em>(1973) za koji je dobio presti\u017enu knji\u017eevnu nagradu National Book Award<em>.<\/em><\/p>\n","protected":false},"excerpt":{"rendered":"<div class=\"woocommerce-tabs wc-tabs-wrapper\">\n<table class=\"woocommerce-product-attributes shop_attributes\">\n<tbody>\n<tr class=\"woocommerce-product-attributes-item woocommerce-product-attributes-item--attribute_godina-izdanja\">\n<th class=\"woocommerce-product-attributes-item__label\">\n<h5>Autor<\/h5>\n<\/th>\n<td class=\"woocommerce-product-attributes-item__value\">\n<h5 class=\"product_title entry-title\"><b>D\u017eon Vilijams<\/b><\/h5>\n<\/td>\n<\/tr>\n<tr class=\"woocommerce-product-attributes-item woocommerce-product-attributes-item--attribute_povez\">\n<th class=\"woocommerce-product-attributes-item__label\">\n<h5>Povez<\/h5>\n<\/th>\n<td class=\"woocommerce-product-attributes-item__value\">\n<h5>Mek<\/h5>\n<\/td>\n<\/tr>\n<tr class=\"woocommerce-product-attributes-item woocommerce-product-attributes-item--attribute_broj-strana\">\n<th class=\"woocommerce-product-attributes-item__label\">\n<h5>Broj strana<\/h5>\n<\/th>\n<td class=\"woocommerce-product-attributes-item__value\">\n<h5>320<\/h5>\n<\/td>\n<\/tr>\n<tr class=\"woocommerce-product-attributes-item woocommerce-product-attributes-item--attribute_format\">\n<th class=\"woocommerce-product-attributes-item__label\">\n<h5>Format<\/h5>\n<\/th>\n<td class=\"woocommerce-product-attributes-item__value\">\n<h5>135\u00d7200<\/h5>\n<\/td>\n<\/tr>\n<tr class=\"woocommerce-product-attributes-item woocommerce-product-attributes-item--attribute_isbn\">\n<th class=\"woocommerce-product-attributes-item__label\">\n<h5>ISBN<\/h5>\n<\/th>\n<td class=\"woocommerce-product-attributes-item__value\">\n<h5>978-86-447-0723-3<\/h5>\n<\/td>\n<\/tr>\n<\/tbody>\n<\/table>\n<p>&nbsp;<\/p>\n<h5><\/h5>\n<\/div>\n","protected":false},"featured_media":80193,"template":"","meta":[],"product_brand":[],"product_cat":[299,326,315],"product_tag":[342,775,334],"class_list":{"0":"post-80192","1":"product","2":"type-product","3":"status-publish","4":"has-post-thumbnail","6":"product_cat-bestseleri","7":"product_cat-preporuceno","8":"product_cat-roman","9":"product_tag-avgust","10":"product_tag-dzon-vilijams","11":"product_tag-knjigoljubac","13":"first","14":"instock","15":"sale","16":"taxable","17":"shipping-taxable","18":"purchasable","19":"product-type-simple"},"yoast_head":"<!-- This site is optimized with the Yoast SEO plugin v27.5 - https:\/\/yoast.com\/product\/yoast-seo-wordpress\/ -->\n<title>Avgust - KNJIGOLJUBAC<\/title>\n<meta name=\"robots\" content=\"index, follow, max-snippet:-1, max-image-preview:large, max-video-preview:-1\" \/>\n<link rel=\"canonical\" href=\"https:\/\/knjigoljubac.ba\/hr\/product\/avgust-3\/\" \/>\n<meta property=\"og:locale\" content=\"hr_HR\" \/>\n<meta property=\"og:type\" content=\"article\" \/>\n<meta property=\"og:title\" content=\"Avgust - KNJIGOLJUBAC\" \/>\n<meta property=\"og:description\" content=\"Autor   D\u017eon Vilijams     Povez   Mek     Broj strana   320     Format   135\u00d7200     ISBN   978-86-447-0723-3     &nbsp;\" \/>\n<meta property=\"og:url\" content=\"https:\/\/knjigoljubac.ba\/hr\/product\/avgust-3\/\" \/>\n<meta property=\"og:site_name\" content=\"KNJIGOLJUBAC\" \/>\n<meta property=\"article:publisher\" content=\"https:\/\/www.facebook.com\/knjigoljubacba-106067741319857\/?ref=pages_you_manage\" \/>\n<meta property=\"article:modified_time\" content=\"2021-12-29T06:07:02+00:00\" \/>\n<meta property=\"og:image\" content=\"https:\/\/knjigoljubac.ba\/wp-content\/uploads\/2021\/12\/avgust-sajt.jpg\" \/>\n\t<meta property=\"og:image:width\" content=\"160\" \/>\n\t<meta property=\"og:image:height\" content=\"226\" \/>\n\t<meta property=\"og:image:type\" content=\"image\/jpeg\" \/>\n<meta name=\"twitter:card\" content=\"summary_large_image\" \/>\n<meta name=\"twitter:label1\" content=\"Procijenjeno vrijeme \u010ditanja\" \/>\n\t<meta name=\"twitter:data1\" content=\"1 minuta\" \/>\n<script type=\"application\/ld+json\" class=\"yoast-schema-graph\">{\"@context\":\"https:\\\/\\\/schema.org\",\"@graph\":[{\"@type\":\"WebPage\",\"@id\":\"https:\\\/\\\/knjigoljubac.ba\\\/product\\\/avgust-3\\\/\",\"url\":\"https:\\\/\\\/knjigoljubac.ba\\\/product\\\/avgust-3\\\/\",\"name\":\"Avgust - KNJIGOLJUBAC\",\"isPartOf\":{\"@id\":\"https:\\\/\\\/knjigoljubac.ba\\\/#website\"},\"primaryImageOfPage\":{\"@id\":\"https:\\\/\\\/knjigoljubac.ba\\\/product\\\/avgust-3\\\/#primaryimage\"},\"image\":{\"@id\":\"https:\\\/\\\/knjigoljubac.ba\\\/product\\\/avgust-3\\\/#primaryimage\"},\"thumbnailUrl\":\"https:\\\/\\\/knjigoljubac.ba\\\/wp-content\\\/uploads\\\/2021\\\/12\\\/avgust-sajt.jpg\",\"datePublished\":\"2021-12-29T06:03:29+00:00\",\"dateModified\":\"2021-12-29T06:07:02+00:00\",\"breadcrumb\":{\"@id\":\"https:\\\/\\\/knjigoljubac.ba\\\/product\\\/avgust-3\\\/#breadcrumb\"},\"inLanguage\":\"hr\",\"potentialAction\":[{\"@type\":\"ReadAction\",\"target\":[\"https:\\\/\\\/knjigoljubac.ba\\\/product\\\/avgust-3\\\/\"]}]},{\"@type\":\"ImageObject\",\"inLanguage\":\"hr\",\"@id\":\"https:\\\/\\\/knjigoljubac.ba\\\/product\\\/avgust-3\\\/#primaryimage\",\"url\":\"https:\\\/\\\/knjigoljubac.ba\\\/wp-content\\\/uploads\\\/2021\\\/12\\\/avgust-sajt.jpg\",\"contentUrl\":\"https:\\\/\\\/knjigoljubac.ba\\\/wp-content\\\/uploads\\\/2021\\\/12\\\/avgust-sajt.jpg\",\"width\":160,\"height\":226},{\"@type\":\"BreadcrumbList\",\"@id\":\"https:\\\/\\\/knjigoljubac.ba\\\/product\\\/avgust-3\\\/#breadcrumb\",\"itemListElement\":[{\"@type\":\"ListItem\",\"position\":1,\"name\":\"Po\u010detna stranica\",\"item\":\"https:\\\/\\\/knjigoljubac.ba\\\/\"},{\"@type\":\"ListItem\",\"position\":2,\"name\":\"Trgovina\",\"item\":\"https:\\\/\\\/knjigoljubac.ba\\\/trgovina\\\/\"},{\"@type\":\"ListItem\",\"position\":3,\"name\":\"Avgust\"}]},{\"@type\":\"WebSite\",\"@id\":\"https:\\\/\\\/knjigoljubac.ba\\\/#website\",\"url\":\"https:\\\/\\\/knjigoljubac.ba\\\/\",\"name\":\"KNJIGOLJUBAC\",\"description\":\"Va\u0161a online knji\u017eara\",\"publisher\":{\"@id\":\"https:\\\/\\\/knjigoljubac.ba\\\/#organization\"},\"potentialAction\":[{\"@type\":\"SearchAction\",\"target\":{\"@type\":\"EntryPoint\",\"urlTemplate\":\"https:\\\/\\\/knjigoljubac.ba\\\/?s={search_term_string}\"},\"query-input\":{\"@type\":\"PropertyValueSpecification\",\"valueRequired\":true,\"valueName\":\"search_term_string\"}}],\"inLanguage\":\"hr\"},{\"@type\":\"Organization\",\"@id\":\"https:\\\/\\\/knjigoljubac.ba\\\/#organization\",\"name\":\"KNJIGOLJUBAC\",\"url\":\"https:\\\/\\\/knjigoljubac.ba\\\/\",\"logo\":{\"@type\":\"ImageObject\",\"inLanguage\":\"hr\",\"@id\":\"https:\\\/\\\/knjigoljubac.ba\\\/#\\\/schema\\\/logo\\\/image\\\/\",\"url\":\"https:\\\/\\\/knjigoljubac.ba\\\/wp-content\\\/uploads\\\/2021\\\/09\\\/logo-novi-1024x465.png\",\"contentUrl\":\"https:\\\/\\\/knjigoljubac.ba\\\/wp-content\\\/uploads\\\/2021\\\/09\\\/logo-novi-1024x465.png\",\"width\":1024,\"height\":465,\"caption\":\"KNJIGOLJUBAC\"},\"image\":{\"@id\":\"https:\\\/\\\/knjigoljubac.ba\\\/#\\\/schema\\\/logo\\\/image\\\/\"},\"sameAs\":[\"https:\\\/\\\/www.facebook.com\\\/knjigoljubacba-106067741319857\\\/?ref=pages_you_manage\",\"https:\\\/\\\/www.instagram.com\\\/knjigoljubacbrcko\\\/\"]}]}<\/script>\n<!-- \/ Yoast SEO plugin. -->","yoast_head_json":{"title":"Avgust - KNJIGOLJUBAC","robots":{"index":"index","follow":"follow","max-snippet":"max-snippet:-1","max-image-preview":"max-image-preview:large","max-video-preview":"max-video-preview:-1"},"canonical":"https:\/\/knjigoljubac.ba\/hr\/product\/avgust-3\/","og_locale":"hr_HR","og_type":"article","og_title":"Avgust - KNJIGOLJUBAC","og_description":"Autor   D\u017eon Vilijams     Povez   Mek     Broj strana   320     Format   135\u00d7200     ISBN   978-86-447-0723-3     &nbsp;","og_url":"https:\/\/knjigoljubac.ba\/hr\/product\/avgust-3\/","og_site_name":"KNJIGOLJUBAC","article_publisher":"https:\/\/www.facebook.com\/knjigoljubacba-106067741319857\/?ref=pages_you_manage","article_modified_time":"2021-12-29T06:07:02+00:00","og_image":[{"width":160,"height":226,"url":"https:\/\/knjigoljubac.ba\/wp-content\/uploads\/2021\/12\/avgust-sajt.jpg","type":"image\/jpeg"}],"twitter_card":"summary_large_image","twitter_misc":{"Procijenjeno vrijeme \u010ditanja":"1 minuta"},"schema":{"@context":"https:\/\/schema.org","@graph":[{"@type":"WebPage","@id":"https:\/\/knjigoljubac.ba\/product\/avgust-3\/","url":"https:\/\/knjigoljubac.ba\/product\/avgust-3\/","name":"Avgust - KNJIGOLJUBAC","isPartOf":{"@id":"https:\/\/knjigoljubac.ba\/#website"},"primaryImageOfPage":{"@id":"https:\/\/knjigoljubac.ba\/product\/avgust-3\/#primaryimage"},"image":{"@id":"https:\/\/knjigoljubac.ba\/product\/avgust-3\/#primaryimage"},"thumbnailUrl":"https:\/\/knjigoljubac.ba\/wp-content\/uploads\/2021\/12\/avgust-sajt.jpg","datePublished":"2021-12-29T06:03:29+00:00","dateModified":"2021-12-29T06:07:02+00:00","breadcrumb":{"@id":"https:\/\/knjigoljubac.ba\/product\/avgust-3\/#breadcrumb"},"inLanguage":"hr","potentialAction":[{"@type":"ReadAction","target":["https:\/\/knjigoljubac.ba\/product\/avgust-3\/"]}]},{"@type":"ImageObject","inLanguage":"hr","@id":"https:\/\/knjigoljubac.ba\/product\/avgust-3\/#primaryimage","url":"https:\/\/knjigoljubac.ba\/wp-content\/uploads\/2021\/12\/avgust-sajt.jpg","contentUrl":"https:\/\/knjigoljubac.ba\/wp-content\/uploads\/2021\/12\/avgust-sajt.jpg","width":160,"height":226},{"@type":"BreadcrumbList","@id":"https:\/\/knjigoljubac.ba\/product\/avgust-3\/#breadcrumb","itemListElement":[{"@type":"ListItem","position":1,"name":"Po\u010detna stranica","item":"https:\/\/knjigoljubac.ba\/"},{"@type":"ListItem","position":2,"name":"Trgovina","item":"https:\/\/knjigoljubac.ba\/trgovina\/"},{"@type":"ListItem","position":3,"name":"Avgust"}]},{"@type":"WebSite","@id":"https:\/\/knjigoljubac.ba\/#website","url":"https:\/\/knjigoljubac.ba\/","name":"KNJIGOLJUBAC","description":"Va\u0161a online knji\u017eara","publisher":{"@id":"https:\/\/knjigoljubac.ba\/#organization"},"potentialAction":[{"@type":"SearchAction","target":{"@type":"EntryPoint","urlTemplate":"https:\/\/knjigoljubac.ba\/?s={search_term_string}"},"query-input":{"@type":"PropertyValueSpecification","valueRequired":true,"valueName":"search_term_string"}}],"inLanguage":"hr"},{"@type":"Organization","@id":"https:\/\/knjigoljubac.ba\/#organization","name":"KNJIGOLJUBAC","url":"https:\/\/knjigoljubac.ba\/","logo":{"@type":"ImageObject","inLanguage":"hr","@id":"https:\/\/knjigoljubac.ba\/#\/schema\/logo\/image\/","url":"https:\/\/knjigoljubac.ba\/wp-content\/uploads\/2021\/09\/logo-novi-1024x465.png","contentUrl":"https:\/\/knjigoljubac.ba\/wp-content\/uploads\/2021\/09\/logo-novi-1024x465.png","width":1024,"height":465,"caption":"KNJIGOLJUBAC"},"image":{"@id":"https:\/\/knjigoljubac.ba\/#\/schema\/logo\/image\/"},"sameAs":["https:\/\/www.facebook.com\/knjigoljubacba-106067741319857\/?ref=pages_you_manage","https:\/\/www.instagram.com\/knjigoljubacbrcko\/"]}]}},"jetpack_sharing_enabled":true,"_links":{"self":[{"href":"https:\/\/knjigoljubac.ba\/hr\/wp-json\/wp\/v2\/product\/80192","targetHints":{"allow":["GET"]}}],"collection":[{"href":"https:\/\/knjigoljubac.ba\/hr\/wp-json\/wp\/v2\/product"}],"about":[{"href":"https:\/\/knjigoljubac.ba\/hr\/wp-json\/wp\/v2\/types\/product"}],"wp:featuredmedia":[{"embeddable":true,"href":"https:\/\/knjigoljubac.ba\/hr\/wp-json\/wp\/v2\/media\/80193"}],"wp:attachment":[{"href":"https:\/\/knjigoljubac.ba\/hr\/wp-json\/wp\/v2\/media?parent=80192"}],"wp:term":[{"taxonomy":"product_brand","embeddable":true,"href":"https:\/\/knjigoljubac.ba\/hr\/wp-json\/wp\/v2\/product_brand?post=80192"},{"taxonomy":"product_cat","embeddable":true,"href":"https:\/\/knjigoljubac.ba\/hr\/wp-json\/wp\/v2\/product_cat?post=80192"},{"taxonomy":"product_tag","embeddable":true,"href":"https:\/\/knjigoljubac.ba\/hr\/wp-json\/wp\/v2\/product_tag?post=80192"}],"curies":[{"name":"wp","href":"https:\/\/api.w.org\/{rel}","templated":true}]}}