{"id":32214,"date":"2021-10-31T07:19:35","date_gmt":"2021-10-31T07:19:35","guid":{"rendered":"https:\/\/knjigoljubac.ba\/?post_type=product&#038;p=32214"},"modified":"2021-10-31T07:19:35","modified_gmt":"2021-10-31T07:19:35","slug":"cudne-misli-u-mojoj-glavi","status":"publish","type":"product","link":"https:\/\/knjigoljubac.ba\/hr\/product\/cudne-misli-u-mojoj-glavi\/","title":{"rendered":"\u010cUDNE MISLI U MOJOJ GLAVI"},"content":{"rendered":"<p>Ovo je pri\u010da o Mevludu Karata\u0161u i njegovom \u017eivotu u Istanbulu.<\/p>\n<p>su\u0161tini, ovo je knjiga koja mo\u017eda najvi\u0161e od svega govori o ljubavi, posebno o dilemi da li je ljubav namjera ili sudbina. Mevlud je svojoj odabranici pisao pisma iz vojske, a o\u017eenio je tako \u0161to je ona sa njim pobjegla i to je bila jako mlada. Uop\u0161te, to su bila vremena kada su se djevojke udavale puno prije nego bi napunile 20 godina na primjer, i to po principu provodad\u017eisanja naj\u010de\u0161\u0107e. Koliko god iz na\u0161e dana\u0161nje perspektive nekom djelovalo nevjerovatno da su na takav na\u010din sklapani brakovi koji su tako\u0111e bili puni ljubavi, u ovoj knjizi vidimo da jesu. I sasvim je zanimljiva ta dilema koja mu\u010di Mevluda tokom cijele knjige, a o njoj vam ne\u0107u ni\u0161ta govoriti jer vam ne bi bilo zanimljivo kod \u010ditanja.<\/p>\n<p>Pamuk ima stil koji tjera da usporite i da \u010ditate sa gu\u0161tom. Nema preskakanja re\u010denica, nema srkleta. Polako, uz kafu (ili bozu), pa da sve te slike o kojima on pi\u0161e lijepo mo\u017eete zamisliti u svojoj glavi, da osjetite mirise i \u010dujete zvukove.<\/p>\n","protected":false},"excerpt":{"rendered":"<div class=\"stu\"><b>Pisac:\u00a0\u00a0<\/b>Orhan Pamuk<\/p>\n<\/div>\n<div class=\"stu\"><b>Izdava\u010d:\u00a0\u00a0<\/b>Nova knjiga<\/p>\n<\/div>\n<div class=\"stu\"><b>ISBN:\u00a0\u00a0<\/b>978-86-7470-629-9<\/p>\n<\/div>\n<div class=\"stu\"><b>Prevodilac:\u00a0\u00a0<\/b>Jovana Bumber Jakovljevi\u0107<\/p>\n<\/div>\n<div class=\"stu\"><b>Broj stranica:\u00a0\u00a0<\/b>600<\/p>\n<\/div>\n<div class=\"stu\"><b>Format:\u00a0\u00a0<\/b>15x21cm<\/p>\n<\/div>\n<div class=\"stu\"><b>Povez:\u00a0\u00a0<\/b>Tvrd<\/p>\n<\/div>\n<div class=\"stu\"><b>Pismo:\u00a0\u00a0<\/b>Latinica<\/p>\n<\/div>\n<div class=\"stu\"><b>Godina izdanja:\u00a0\u00a0<\/b>2016<\/p>\n<\/div>\n<div class=\"stu\"><b>Mjesto izdanja:\u00a0\u00a0<\/b>Podgorica<\/div>\n","protected":false},"featured_media":32215,"template":"","meta":[],"product_brand":[],"product_cat":[299,326],"product_tag":[819,334,817],"class_list":{"0":"post-32214","1":"product","2":"type-product","3":"status-publish","4":"has-post-thumbnail","6":"product_cat-bestseleri","7":"product_cat-preporuceno","8":"product_tag-cudne-misli-u-mojoj-glavi","9":"product_tag-knjigoljubac","10":"product_tag-orhan-pamuk","12":"first","13":"instock","14":"taxable","15":"shipping-taxable","16":"purchasable","17":"product-type-simple"},"yoast_head":"<!-- This site is optimized with the Yoast SEO plugin v27.5 - https:\/\/yoast.com\/product\/yoast-seo-wordpress\/ -->\n<title>\u010cUDNE MISLI U MOJOJ GLAVI - KNJIGOLJUBAC<\/title>\n<meta name=\"robots\" content=\"index, follow, max-snippet:-1, max-image-preview:large, max-video-preview:-1\" \/>\n<link rel=\"canonical\" href=\"https:\/\/knjigoljubac.ba\/hr\/product\/cudne-misli-u-mojoj-glavi\/\" \/>\n<meta property=\"og:locale\" content=\"hr_HR\" \/>\n<meta property=\"og:type\" content=\"article\" \/>\n<meta property=\"og:title\" content=\"\u010cUDNE MISLI U MOJOJ GLAVI - KNJIGOLJUBAC\" \/>\n<meta property=\"og:description\" content=\"Pisac:\u00a0\u00a0Orhan Pamuk   Izdava\u010d:\u00a0\u00a0Nova knjiga   ISBN:\u00a0\u00a0978-86-7470-629-9   Prevodilac:\u00a0\u00a0Jovana Bumber Jakovljevi\u0107   Broj stranica:\u00a0\u00a0600   Format:\u00a0\u00a015x21cm   Povez:\u00a0\u00a0Tvrd   Pismo:\u00a0\u00a0Latinica   Godina izdanja:\u00a0\u00a02016   Mjesto izdanja:\u00a0\u00a0Podgorica\" \/>\n<meta property=\"og:url\" content=\"https:\/\/knjigoljubac.ba\/hr\/product\/cudne-misli-u-mojoj-glavi\/\" \/>\n<meta property=\"og:site_name\" content=\"KNJIGOLJUBAC\" \/>\n<meta property=\"article:publisher\" content=\"https:\/\/www.facebook.com\/knjigoljubacba-106067741319857\/?ref=pages_you_manage\" \/>\n<meta property=\"og:image\" content=\"https:\/\/knjigoljubac.ba\/wp-content\/uploads\/2021\/10\/cudne-misli.jpg\" \/>\n\t<meta property=\"og:image:width\" content=\"160\" \/>\n\t<meta property=\"og:image:height\" content=\"226\" \/>\n\t<meta property=\"og:image:type\" content=\"image\/jpeg\" \/>\n<meta name=\"twitter:card\" content=\"summary_large_image\" \/>\n<meta name=\"twitter:label1\" content=\"Procijenjeno vrijeme \u010ditanja\" \/>\n\t<meta name=\"twitter:data1\" content=\"1 minuta\" \/>\n<script type=\"application\/ld+json\" class=\"yoast-schema-graph\">{\"@context\":\"https:\\\/\\\/schema.org\",\"@graph\":[{\"@type\":\"WebPage\",\"@id\":\"https:\\\/\\\/knjigoljubac.ba\\\/product\\\/cudne-misli-u-mojoj-glavi\\\/\",\"url\":\"https:\\\/\\\/knjigoljubac.ba\\\/product\\\/cudne-misli-u-mojoj-glavi\\\/\",\"name\":\"\u010cUDNE MISLI U MOJOJ GLAVI - KNJIGOLJUBAC\",\"isPartOf\":{\"@id\":\"https:\\\/\\\/knjigoljubac.ba\\\/#website\"},\"primaryImageOfPage\":{\"@id\":\"https:\\\/\\\/knjigoljubac.ba\\\/product\\\/cudne-misli-u-mojoj-glavi\\\/#primaryimage\"},\"image\":{\"@id\":\"https:\\\/\\\/knjigoljubac.ba\\\/product\\\/cudne-misli-u-mojoj-glavi\\\/#primaryimage\"},\"thumbnailUrl\":\"https:\\\/\\\/knjigoljubac.ba\\\/wp-content\\\/uploads\\\/2021\\\/10\\\/cudne-misli.jpg\",\"datePublished\":\"2021-10-31T07:19:35+00:00\",\"breadcrumb\":{\"@id\":\"https:\\\/\\\/knjigoljubac.ba\\\/product\\\/cudne-misli-u-mojoj-glavi\\\/#breadcrumb\"},\"inLanguage\":\"hr\",\"potentialAction\":[{\"@type\":\"ReadAction\",\"target\":[\"https:\\\/\\\/knjigoljubac.ba\\\/product\\\/cudne-misli-u-mojoj-glavi\\\/\"]}]},{\"@type\":\"ImageObject\",\"inLanguage\":\"hr\",\"@id\":\"https:\\\/\\\/knjigoljubac.ba\\\/product\\\/cudne-misli-u-mojoj-glavi\\\/#primaryimage\",\"url\":\"https:\\\/\\\/knjigoljubac.ba\\\/wp-content\\\/uploads\\\/2021\\\/10\\\/cudne-misli.jpg\",\"contentUrl\":\"https:\\\/\\\/knjigoljubac.ba\\\/wp-content\\\/uploads\\\/2021\\\/10\\\/cudne-misli.jpg\",\"width\":160,\"height\":226},{\"@type\":\"BreadcrumbList\",\"@id\":\"https:\\\/\\\/knjigoljubac.ba\\\/product\\\/cudne-misli-u-mojoj-glavi\\\/#breadcrumb\",\"itemListElement\":[{\"@type\":\"ListItem\",\"position\":1,\"name\":\"Po\u010detna stranica\",\"item\":\"https:\\\/\\\/knjigoljubac.ba\\\/\"},{\"@type\":\"ListItem\",\"position\":2,\"name\":\"Trgovina\",\"item\":\"https:\\\/\\\/knjigoljubac.ba\\\/trgovina\\\/\"},{\"@type\":\"ListItem\",\"position\":3,\"name\":\"\u010cUDNE MISLI U MOJOJ GLAVI\"}]},{\"@type\":\"WebSite\",\"@id\":\"https:\\\/\\\/knjigoljubac.ba\\\/#website\",\"url\":\"https:\\\/\\\/knjigoljubac.ba\\\/\",\"name\":\"KNJIGOLJUBAC\",\"description\":\"Va\u0161a online knji\u017eara\",\"publisher\":{\"@id\":\"https:\\\/\\\/knjigoljubac.ba\\\/#organization\"},\"potentialAction\":[{\"@type\":\"SearchAction\",\"target\":{\"@type\":\"EntryPoint\",\"urlTemplate\":\"https:\\\/\\\/knjigoljubac.ba\\\/?s={search_term_string}\"},\"query-input\":{\"@type\":\"PropertyValueSpecification\",\"valueRequired\":true,\"valueName\":\"search_term_string\"}}],\"inLanguage\":\"hr\"},{\"@type\":\"Organization\",\"@id\":\"https:\\\/\\\/knjigoljubac.ba\\\/#organization\",\"name\":\"KNJIGOLJUBAC\",\"url\":\"https:\\\/\\\/knjigoljubac.ba\\\/\",\"logo\":{\"@type\":\"ImageObject\",\"inLanguage\":\"hr\",\"@id\":\"https:\\\/\\\/knjigoljubac.ba\\\/#\\\/schema\\\/logo\\\/image\\\/\",\"url\":\"https:\\\/\\\/knjigoljubac.ba\\\/wp-content\\\/uploads\\\/2021\\\/09\\\/logo-novi-1024x465.png\",\"contentUrl\":\"https:\\\/\\\/knjigoljubac.ba\\\/wp-content\\\/uploads\\\/2021\\\/09\\\/logo-novi-1024x465.png\",\"width\":1024,\"height\":465,\"caption\":\"KNJIGOLJUBAC\"},\"image\":{\"@id\":\"https:\\\/\\\/knjigoljubac.ba\\\/#\\\/schema\\\/logo\\\/image\\\/\"},\"sameAs\":[\"https:\\\/\\\/www.facebook.com\\\/knjigoljubacba-106067741319857\\\/?ref=pages_you_manage\",\"https:\\\/\\\/www.instagram.com\\\/knjigoljubacbrcko\\\/\"]}]}<\/script>\n<!-- \/ Yoast SEO plugin. -->","yoast_head_json":{"title":"\u010cUDNE MISLI U MOJOJ GLAVI - KNJIGOLJUBAC","robots":{"index":"index","follow":"follow","max-snippet":"max-snippet:-1","max-image-preview":"max-image-preview:large","max-video-preview":"max-video-preview:-1"},"canonical":"https:\/\/knjigoljubac.ba\/hr\/product\/cudne-misli-u-mojoj-glavi\/","og_locale":"hr_HR","og_type":"article","og_title":"\u010cUDNE MISLI U MOJOJ GLAVI - KNJIGOLJUBAC","og_description":"Pisac:\u00a0\u00a0Orhan Pamuk   Izdava\u010d:\u00a0\u00a0Nova knjiga   ISBN:\u00a0\u00a0978-86-7470-629-9   Prevodilac:\u00a0\u00a0Jovana Bumber Jakovljevi\u0107   Broj stranica:\u00a0\u00a0600   Format:\u00a0\u00a015x21cm   Povez:\u00a0\u00a0Tvrd   Pismo:\u00a0\u00a0Latinica   Godina izdanja:\u00a0\u00a02016   Mjesto izdanja:\u00a0\u00a0Podgorica","og_url":"https:\/\/knjigoljubac.ba\/hr\/product\/cudne-misli-u-mojoj-glavi\/","og_site_name":"KNJIGOLJUBAC","article_publisher":"https:\/\/www.facebook.com\/knjigoljubacba-106067741319857\/?ref=pages_you_manage","og_image":[{"width":160,"height":226,"url":"https:\/\/knjigoljubac.ba\/wp-content\/uploads\/2021\/10\/cudne-misli.jpg","type":"image\/jpeg"}],"twitter_card":"summary_large_image","twitter_misc":{"Procijenjeno vrijeme \u010ditanja":"1 minuta"},"schema":{"@context":"https:\/\/schema.org","@graph":[{"@type":"WebPage","@id":"https:\/\/knjigoljubac.ba\/product\/cudne-misli-u-mojoj-glavi\/","url":"https:\/\/knjigoljubac.ba\/product\/cudne-misli-u-mojoj-glavi\/","name":"\u010cUDNE MISLI U MOJOJ GLAVI - KNJIGOLJUBAC","isPartOf":{"@id":"https:\/\/knjigoljubac.ba\/#website"},"primaryImageOfPage":{"@id":"https:\/\/knjigoljubac.ba\/product\/cudne-misli-u-mojoj-glavi\/#primaryimage"},"image":{"@id":"https:\/\/knjigoljubac.ba\/product\/cudne-misli-u-mojoj-glavi\/#primaryimage"},"thumbnailUrl":"https:\/\/knjigoljubac.ba\/wp-content\/uploads\/2021\/10\/cudne-misli.jpg","datePublished":"2021-10-31T07:19:35+00:00","breadcrumb":{"@id":"https:\/\/knjigoljubac.ba\/product\/cudne-misli-u-mojoj-glavi\/#breadcrumb"},"inLanguage":"hr","potentialAction":[{"@type":"ReadAction","target":["https:\/\/knjigoljubac.ba\/product\/cudne-misli-u-mojoj-glavi\/"]}]},{"@type":"ImageObject","inLanguage":"hr","@id":"https:\/\/knjigoljubac.ba\/product\/cudne-misli-u-mojoj-glavi\/#primaryimage","url":"https:\/\/knjigoljubac.ba\/wp-content\/uploads\/2021\/10\/cudne-misli.jpg","contentUrl":"https:\/\/knjigoljubac.ba\/wp-content\/uploads\/2021\/10\/cudne-misli.jpg","width":160,"height":226},{"@type":"BreadcrumbList","@id":"https:\/\/knjigoljubac.ba\/product\/cudne-misli-u-mojoj-glavi\/#breadcrumb","itemListElement":[{"@type":"ListItem","position":1,"name":"Po\u010detna stranica","item":"https:\/\/knjigoljubac.ba\/"},{"@type":"ListItem","position":2,"name":"Trgovina","item":"https:\/\/knjigoljubac.ba\/trgovina\/"},{"@type":"ListItem","position":3,"name":"\u010cUDNE MISLI U MOJOJ GLAVI"}]},{"@type":"WebSite","@id":"https:\/\/knjigoljubac.ba\/#website","url":"https:\/\/knjigoljubac.ba\/","name":"KNJIGOLJUBAC","description":"Va\u0161a online knji\u017eara","publisher":{"@id":"https:\/\/knjigoljubac.ba\/#organization"},"potentialAction":[{"@type":"SearchAction","target":{"@type":"EntryPoint","urlTemplate":"https:\/\/knjigoljubac.ba\/?s={search_term_string}"},"query-input":{"@type":"PropertyValueSpecification","valueRequired":true,"valueName":"search_term_string"}}],"inLanguage":"hr"},{"@type":"Organization","@id":"https:\/\/knjigoljubac.ba\/#organization","name":"KNJIGOLJUBAC","url":"https:\/\/knjigoljubac.ba\/","logo":{"@type":"ImageObject","inLanguage":"hr","@id":"https:\/\/knjigoljubac.ba\/#\/schema\/logo\/image\/","url":"https:\/\/knjigoljubac.ba\/wp-content\/uploads\/2021\/09\/logo-novi-1024x465.png","contentUrl":"https:\/\/knjigoljubac.ba\/wp-content\/uploads\/2021\/09\/logo-novi-1024x465.png","width":1024,"height":465,"caption":"KNJIGOLJUBAC"},"image":{"@id":"https:\/\/knjigoljubac.ba\/#\/schema\/logo\/image\/"},"sameAs":["https:\/\/www.facebook.com\/knjigoljubacba-106067741319857\/?ref=pages_you_manage","https:\/\/www.instagram.com\/knjigoljubacbrcko\/"]}]}},"jetpack_sharing_enabled":true,"_links":{"self":[{"href":"https:\/\/knjigoljubac.ba\/hr\/wp-json\/wp\/v2\/product\/32214","targetHints":{"allow":["GET"]}}],"collection":[{"href":"https:\/\/knjigoljubac.ba\/hr\/wp-json\/wp\/v2\/product"}],"about":[{"href":"https:\/\/knjigoljubac.ba\/hr\/wp-json\/wp\/v2\/types\/product"}],"wp:featuredmedia":[{"embeddable":true,"href":"https:\/\/knjigoljubac.ba\/hr\/wp-json\/wp\/v2\/media\/32215"}],"wp:attachment":[{"href":"https:\/\/knjigoljubac.ba\/hr\/wp-json\/wp\/v2\/media?parent=32214"}],"wp:term":[{"taxonomy":"product_brand","embeddable":true,"href":"https:\/\/knjigoljubac.ba\/hr\/wp-json\/wp\/v2\/product_brand?post=32214"},{"taxonomy":"product_cat","embeddable":true,"href":"https:\/\/knjigoljubac.ba\/hr\/wp-json\/wp\/v2\/product_cat?post=32214"},{"taxonomy":"product_tag","embeddable":true,"href":"https:\/\/knjigoljubac.ba\/hr\/wp-json\/wp\/v2\/product_tag?post=32214"}],"curies":[{"name":"wp","href":"https:\/\/api.w.org\/{rel}","templated":true}]}}