{"id":32212,"date":"2021-10-31T07:13:32","date_gmt":"2021-10-31T07:13:32","guid":{"rendered":"https:\/\/knjigoljubac.ba\/?post_type=product&#038;p=32212"},"modified":"2021-10-31T07:13:32","modified_gmt":"2021-10-31T07:13:32","slug":"muzej-nevinosti","status":"publish","type":"product","link":"https:\/\/knjigoljubac.ba\/hr\/product\/muzej-nevinosti\/","title":{"rendered":"MUZEJ NEVINOSTI"},"content":{"rendered":"<p>Roman o vezama me\u0111u ljudima, opsesijama, emotivnoj zavisnosti; sakupljanju stvari i uspomena, sje\u0107anja i \u017eelja.<\/p>\n","protected":false},"excerpt":{"rendered":"<div class=\"stu\"><b>Pisac:\u00a0\u00a0<\/b>Orhan Pamuk<\/p>\n<\/div>\n<div class=\"stu\"><b>Izdava\u010d:\u00a0\u00a0<\/b>Nova knjiga<\/p>\n<\/div>\n<div class=\"stu\"><b>ISBN:\u00a0\u00a0<\/b>978-86-7470-455-4<\/p>\n<\/div>\n<div class=\"stu\"><b>Prevodilac:\u00a0\u00a0<\/b>Mirjana Marinkovi\u0107<\/p>\n<\/div>\n<div class=\"stu\"><b>Broj stranica:\u00a0\u00a0<\/b>597<\/p>\n<\/div>\n<div class=\"stu\"><b>Format:\u00a0\u00a0<\/b>14,5 x 21 cm<\/p>\n<\/div>\n<div class=\"stu\"><b>Povez:\u00a0\u00a0<\/b>Tvrd<\/p>\n<\/div>\n<div class=\"stu\"><b>Pismo:\u00a0\u00a0<\/b>Latinica<\/p>\n<\/div>\n<div class=\"stu\"><b>Godina izdanja:\u00a0\u00a0<\/b>2014<\/p>\n<\/div>\n<div class=\"stu\"><b>Mjesto izdanja:\u00a0\u00a0<\/b>Podgorica<\/div>\n","protected":false},"featured_media":32213,"template":"","meta":[],"product_brand":[],"product_cat":[299,326],"product_tag":[334,818,817],"class_list":{"0":"post-32212","1":"product","2":"type-product","3":"status-publish","4":"has-post-thumbnail","6":"product_cat-bestseleri","7":"product_cat-preporuceno","8":"product_tag-knjigoljubac","9":"product_tag-muzej-nevinosti","10":"product_tag-orhan-pamuk","12":"first","13":"instock","14":"taxable","15":"shipping-taxable","16":"product-type-simple"},"yoast_head":"<!-- This site is optimized with the Yoast SEO plugin v27.5 - https:\/\/yoast.com\/product\/yoast-seo-wordpress\/ -->\n<title>MUZEJ NEVINOSTI - KNJIGOLJUBAC<\/title>\n<meta name=\"robots\" content=\"index, follow, max-snippet:-1, max-image-preview:large, max-video-preview:-1\" \/>\n<link rel=\"canonical\" href=\"https:\/\/knjigoljubac.ba\/hr\/product\/muzej-nevinosti\/\" \/>\n<meta property=\"og:locale\" content=\"hr_HR\" \/>\n<meta property=\"og:type\" content=\"article\" \/>\n<meta property=\"og:title\" content=\"MUZEJ NEVINOSTI - KNJIGOLJUBAC\" \/>\n<meta property=\"og:description\" content=\"Pisac:\u00a0\u00a0Orhan Pamuk   Izdava\u010d:\u00a0\u00a0Nova knjiga   ISBN:\u00a0\u00a0978-86-7470-455-4   Prevodilac:\u00a0\u00a0Mirjana Marinkovi\u0107   Broj stranica:\u00a0\u00a0597   Format:\u00a0\u00a014,5 x 21 cm   Povez:\u00a0\u00a0Tvrd   Pismo:\u00a0\u00a0Latinica   Godina izdanja:\u00a0\u00a02014   Mjesto izdanja:\u00a0\u00a0Podgorica\" \/>\n<meta property=\"og:url\" content=\"https:\/\/knjigoljubac.ba\/hr\/product\/muzej-nevinosti\/\" \/>\n<meta property=\"og:site_name\" content=\"KNJIGOLJUBAC\" \/>\n<meta property=\"article:publisher\" content=\"https:\/\/www.facebook.com\/knjigoljubacba-106067741319857\/?ref=pages_you_manage\" \/>\n<meta property=\"og:image\" content=\"https:\/\/knjigoljubac.ba\/wp-content\/uploads\/2021\/10\/muzej-nevinosti.jpg\" \/>\n\t<meta property=\"og:image:width\" content=\"160\" \/>\n\t<meta property=\"og:image:height\" content=\"226\" \/>\n\t<meta property=\"og:image:type\" content=\"image\/jpeg\" \/>\n<meta name=\"twitter:card\" content=\"summary_large_image\" \/>\n<meta name=\"twitter:label1\" content=\"Procijenjeno vrijeme \u010ditanja\" \/>\n\t<meta name=\"twitter:data1\" content=\"1 minuta\" \/>\n<script type=\"application\/ld+json\" class=\"yoast-schema-graph\">{\"@context\":\"https:\\\/\\\/schema.org\",\"@graph\":[{\"@type\":\"WebPage\",\"@id\":\"https:\\\/\\\/knjigoljubac.ba\\\/product\\\/muzej-nevinosti\\\/\",\"url\":\"https:\\\/\\\/knjigoljubac.ba\\\/product\\\/muzej-nevinosti\\\/\",\"name\":\"MUZEJ NEVINOSTI - KNJIGOLJUBAC\",\"isPartOf\":{\"@id\":\"https:\\\/\\\/knjigoljubac.ba\\\/#website\"},\"primaryImageOfPage\":{\"@id\":\"https:\\\/\\\/knjigoljubac.ba\\\/product\\\/muzej-nevinosti\\\/#primaryimage\"},\"image\":{\"@id\":\"https:\\\/\\\/knjigoljubac.ba\\\/product\\\/muzej-nevinosti\\\/#primaryimage\"},\"thumbnailUrl\":\"https:\\\/\\\/knjigoljubac.ba\\\/wp-content\\\/uploads\\\/2021\\\/10\\\/muzej-nevinosti.jpg\",\"datePublished\":\"2021-10-31T07:13:32+00:00\",\"breadcrumb\":{\"@id\":\"https:\\\/\\\/knjigoljubac.ba\\\/product\\\/muzej-nevinosti\\\/#breadcrumb\"},\"inLanguage\":\"hr\",\"potentialAction\":[{\"@type\":\"ReadAction\",\"target\":[\"https:\\\/\\\/knjigoljubac.ba\\\/product\\\/muzej-nevinosti\\\/\"]}]},{\"@type\":\"ImageObject\",\"inLanguage\":\"hr\",\"@id\":\"https:\\\/\\\/knjigoljubac.ba\\\/product\\\/muzej-nevinosti\\\/#primaryimage\",\"url\":\"https:\\\/\\\/knjigoljubac.ba\\\/wp-content\\\/uploads\\\/2021\\\/10\\\/muzej-nevinosti.jpg\",\"contentUrl\":\"https:\\\/\\\/knjigoljubac.ba\\\/wp-content\\\/uploads\\\/2021\\\/10\\\/muzej-nevinosti.jpg\",\"width\":160,\"height\":226},{\"@type\":\"BreadcrumbList\",\"@id\":\"https:\\\/\\\/knjigoljubac.ba\\\/product\\\/muzej-nevinosti\\\/#breadcrumb\",\"itemListElement\":[{\"@type\":\"ListItem\",\"position\":1,\"name\":\"Po\u010detna stranica\",\"item\":\"https:\\\/\\\/knjigoljubac.ba\\\/\"},{\"@type\":\"ListItem\",\"position\":2,\"name\":\"Trgovina\",\"item\":\"https:\\\/\\\/knjigoljubac.ba\\\/trgovina\\\/\"},{\"@type\":\"ListItem\",\"position\":3,\"name\":\"MUZEJ NEVINOSTI\"}]},{\"@type\":\"WebSite\",\"@id\":\"https:\\\/\\\/knjigoljubac.ba\\\/#website\",\"url\":\"https:\\\/\\\/knjigoljubac.ba\\\/\",\"name\":\"KNJIGOLJUBAC\",\"description\":\"Va\u0161a online knji\u017eara\",\"publisher\":{\"@id\":\"https:\\\/\\\/knjigoljubac.ba\\\/#organization\"},\"potentialAction\":[{\"@type\":\"SearchAction\",\"target\":{\"@type\":\"EntryPoint\",\"urlTemplate\":\"https:\\\/\\\/knjigoljubac.ba\\\/?s={search_term_string}\"},\"query-input\":{\"@type\":\"PropertyValueSpecification\",\"valueRequired\":true,\"valueName\":\"search_term_string\"}}],\"inLanguage\":\"hr\"},{\"@type\":\"Organization\",\"@id\":\"https:\\\/\\\/knjigoljubac.ba\\\/#organization\",\"name\":\"KNJIGOLJUBAC\",\"url\":\"https:\\\/\\\/knjigoljubac.ba\\\/\",\"logo\":{\"@type\":\"ImageObject\",\"inLanguage\":\"hr\",\"@id\":\"https:\\\/\\\/knjigoljubac.ba\\\/#\\\/schema\\\/logo\\\/image\\\/\",\"url\":\"https:\\\/\\\/knjigoljubac.ba\\\/wp-content\\\/uploads\\\/2021\\\/09\\\/logo-novi-1024x465.png\",\"contentUrl\":\"https:\\\/\\\/knjigoljubac.ba\\\/wp-content\\\/uploads\\\/2021\\\/09\\\/logo-novi-1024x465.png\",\"width\":1024,\"height\":465,\"caption\":\"KNJIGOLJUBAC\"},\"image\":{\"@id\":\"https:\\\/\\\/knjigoljubac.ba\\\/#\\\/schema\\\/logo\\\/image\\\/\"},\"sameAs\":[\"https:\\\/\\\/www.facebook.com\\\/knjigoljubacba-106067741319857\\\/?ref=pages_you_manage\",\"https:\\\/\\\/www.instagram.com\\\/knjigoljubacbrcko\\\/\"]}]}<\/script>\n<!-- \/ Yoast SEO plugin. -->","yoast_head_json":{"title":"MUZEJ NEVINOSTI - KNJIGOLJUBAC","robots":{"index":"index","follow":"follow","max-snippet":"max-snippet:-1","max-image-preview":"max-image-preview:large","max-video-preview":"max-video-preview:-1"},"canonical":"https:\/\/knjigoljubac.ba\/hr\/product\/muzej-nevinosti\/","og_locale":"hr_HR","og_type":"article","og_title":"MUZEJ NEVINOSTI - KNJIGOLJUBAC","og_description":"Pisac:\u00a0\u00a0Orhan Pamuk   Izdava\u010d:\u00a0\u00a0Nova knjiga   ISBN:\u00a0\u00a0978-86-7470-455-4   Prevodilac:\u00a0\u00a0Mirjana Marinkovi\u0107   Broj stranica:\u00a0\u00a0597   Format:\u00a0\u00a014,5 x 21 cm   Povez:\u00a0\u00a0Tvrd   Pismo:\u00a0\u00a0Latinica   Godina izdanja:\u00a0\u00a02014   Mjesto izdanja:\u00a0\u00a0Podgorica","og_url":"https:\/\/knjigoljubac.ba\/hr\/product\/muzej-nevinosti\/","og_site_name":"KNJIGOLJUBAC","article_publisher":"https:\/\/www.facebook.com\/knjigoljubacba-106067741319857\/?ref=pages_you_manage","og_image":[{"width":160,"height":226,"url":"https:\/\/knjigoljubac.ba\/wp-content\/uploads\/2021\/10\/muzej-nevinosti.jpg","type":"image\/jpeg"}],"twitter_card":"summary_large_image","twitter_misc":{"Procijenjeno vrijeme \u010ditanja":"1 minuta"},"schema":{"@context":"https:\/\/schema.org","@graph":[{"@type":"WebPage","@id":"https:\/\/knjigoljubac.ba\/product\/muzej-nevinosti\/","url":"https:\/\/knjigoljubac.ba\/product\/muzej-nevinosti\/","name":"MUZEJ NEVINOSTI - KNJIGOLJUBAC","isPartOf":{"@id":"https:\/\/knjigoljubac.ba\/#website"},"primaryImageOfPage":{"@id":"https:\/\/knjigoljubac.ba\/product\/muzej-nevinosti\/#primaryimage"},"image":{"@id":"https:\/\/knjigoljubac.ba\/product\/muzej-nevinosti\/#primaryimage"},"thumbnailUrl":"https:\/\/knjigoljubac.ba\/wp-content\/uploads\/2021\/10\/muzej-nevinosti.jpg","datePublished":"2021-10-31T07:13:32+00:00","breadcrumb":{"@id":"https:\/\/knjigoljubac.ba\/product\/muzej-nevinosti\/#breadcrumb"},"inLanguage":"hr","potentialAction":[{"@type":"ReadAction","target":["https:\/\/knjigoljubac.ba\/product\/muzej-nevinosti\/"]}]},{"@type":"ImageObject","inLanguage":"hr","@id":"https:\/\/knjigoljubac.ba\/product\/muzej-nevinosti\/#primaryimage","url":"https:\/\/knjigoljubac.ba\/wp-content\/uploads\/2021\/10\/muzej-nevinosti.jpg","contentUrl":"https:\/\/knjigoljubac.ba\/wp-content\/uploads\/2021\/10\/muzej-nevinosti.jpg","width":160,"height":226},{"@type":"BreadcrumbList","@id":"https:\/\/knjigoljubac.ba\/product\/muzej-nevinosti\/#breadcrumb","itemListElement":[{"@type":"ListItem","position":1,"name":"Po\u010detna stranica","item":"https:\/\/knjigoljubac.ba\/"},{"@type":"ListItem","position":2,"name":"Trgovina","item":"https:\/\/knjigoljubac.ba\/trgovina\/"},{"@type":"ListItem","position":3,"name":"MUZEJ NEVINOSTI"}]},{"@type":"WebSite","@id":"https:\/\/knjigoljubac.ba\/#website","url":"https:\/\/knjigoljubac.ba\/","name":"KNJIGOLJUBAC","description":"Va\u0161a online knji\u017eara","publisher":{"@id":"https:\/\/knjigoljubac.ba\/#organization"},"potentialAction":[{"@type":"SearchAction","target":{"@type":"EntryPoint","urlTemplate":"https:\/\/knjigoljubac.ba\/?s={search_term_string}"},"query-input":{"@type":"PropertyValueSpecification","valueRequired":true,"valueName":"search_term_string"}}],"inLanguage":"hr"},{"@type":"Organization","@id":"https:\/\/knjigoljubac.ba\/#organization","name":"KNJIGOLJUBAC","url":"https:\/\/knjigoljubac.ba\/","logo":{"@type":"ImageObject","inLanguage":"hr","@id":"https:\/\/knjigoljubac.ba\/#\/schema\/logo\/image\/","url":"https:\/\/knjigoljubac.ba\/wp-content\/uploads\/2021\/09\/logo-novi-1024x465.png","contentUrl":"https:\/\/knjigoljubac.ba\/wp-content\/uploads\/2021\/09\/logo-novi-1024x465.png","width":1024,"height":465,"caption":"KNJIGOLJUBAC"},"image":{"@id":"https:\/\/knjigoljubac.ba\/#\/schema\/logo\/image\/"},"sameAs":["https:\/\/www.facebook.com\/knjigoljubacba-106067741319857\/?ref=pages_you_manage","https:\/\/www.instagram.com\/knjigoljubacbrcko\/"]}]}},"jetpack_sharing_enabled":true,"_links":{"self":[{"href":"https:\/\/knjigoljubac.ba\/hr\/wp-json\/wp\/v2\/product\/32212","targetHints":{"allow":["GET"]}}],"collection":[{"href":"https:\/\/knjigoljubac.ba\/hr\/wp-json\/wp\/v2\/product"}],"about":[{"href":"https:\/\/knjigoljubac.ba\/hr\/wp-json\/wp\/v2\/types\/product"}],"wp:featuredmedia":[{"embeddable":true,"href":"https:\/\/knjigoljubac.ba\/hr\/wp-json\/wp\/v2\/media\/32213"}],"wp:attachment":[{"href":"https:\/\/knjigoljubac.ba\/hr\/wp-json\/wp\/v2\/media?parent=32212"}],"wp:term":[{"taxonomy":"product_brand","embeddable":true,"href":"https:\/\/knjigoljubac.ba\/hr\/wp-json\/wp\/v2\/product_brand?post=32212"},{"taxonomy":"product_cat","embeddable":true,"href":"https:\/\/knjigoljubac.ba\/hr\/wp-json\/wp\/v2\/product_cat?post=32212"},{"taxonomy":"product_tag","embeddable":true,"href":"https:\/\/knjigoljubac.ba\/hr\/wp-json\/wp\/v2\/product_tag?post=32212"}],"curies":[{"name":"wp","href":"https:\/\/api.w.org\/{rel}","templated":true}]}}