{"id":12401,"date":"2021-10-06T05:22:23","date_gmt":"2021-10-06T05:22:23","guid":{"rendered":"https:\/\/knjigoljubac.ba\/?post_type=product&#038;p=12401"},"modified":"2021-10-06T05:22:59","modified_gmt":"2021-10-06T05:22:59","slug":"biografika-leonardo","status":"publish","type":"product","link":"https:\/\/knjigoljubac.ba\/hr\/product\/biografika-leonardo\/","title":{"rendered":"BIOGRAFIKA &#8211; LEONARDO"},"content":{"rendered":"<p class=\"tekst\">\u017divoti velikana u grafi\u010dkoj formi<\/p>\n<p class=\"tekst\"><strong>Leonardo da Vin\u010di<\/strong><\/p>\n<p class=\"tekst\">Serijal Biografike predstavlja potpuno nov na\u010din sagledavanja \u017eivota i djela najve\u0107ih svjetskih mislilaca i stvaralaca. Izdanja su ra\u0111ena po \u0161ablonu 50 podataka, datuma, misli, navika i dostignu\u0107a koji su odredili datu li\u010dnost, a oslanjaju se na informativno-grafi\u010dke metode kako bi ih \u010ditaocima predstavile na \u017eiv i sa\u017eet na\u010din.<\/p>\n<p class=\"tekst\">Mnogi znaju da je Leonardo da Vin\u010di (1452\u20131519) bio italijanski univerzalni \u010dovjek, jedan od velikih kreativnih umova renesanse, autor <em>Mona Lize<\/em>\u00a0i\u00a0<em>Tajne ve\u010dere<\/em>. Ono \u0161to mo\u017eda ne znaju jeste da je njegova originalna sveska,\u00a0<em>Lesterski kodeks<\/em>, prodata Bilu Gejtsu za 30 miliona dolara; da je Leonardo, koji se podjednako dobro slu\u017eio desnom i lijevom rukom mogao jednom rukom da slika, dok je drugom istovremeno pisao i to zdesna nalevo; da je napravio nacrte za oklopno vozilo, lete\u0107i brod i kontaktna so\u010diva. <em>Biografika: Leonardo<\/em>\u00a0izuzetan je vodi\u010d kroz njegov \u017eivot i rad, dopunjen zanimljivim detaljima i podacima, predstavljenim u formi infografike.<\/p>\n","protected":false},"excerpt":{"rendered":"<table class=\"tabela\">\n<tbody>\n<tr>\n<td class=\"podaci_knjiga\">utor:<\/td>\n<td class=\"podaci_knjiga\"><strong>Endru Kirk<\/strong><\/td>\n<\/tr>\n<tr>\n<td class=\"podaci_knjiga\">Prevod:<\/td>\n<td class=\"podaci_knjiga\"><\/td>\n<\/tr>\n<tr>\n<td class=\"podaci_knjiga\">ISBN:<\/td>\n<td class=\"podaci_knjiga\">978-86-505-3120-4<\/td>\n<\/tr>\n<tr>\n<td class=\"podaci_knjiga\">Format:<\/td>\n<td class=\"podaci_knjiga\">15 x 20 cm<\/td>\n<\/tr>\n<tr>\n<td class=\"podaci_knjiga\">Strana:<\/td>\n<td class=\"podaci_knjiga\">91<\/td>\n<\/tr>\n<tr>\n<td class=\"podaci_knjiga\">Povez:<\/td>\n<td class=\"podaci_knjiga\">Tvrd<\/td>\n<\/tr>\n<tr>\n<td class=\"podaci_knjiga\">Izdava\u010d:<\/td>\n<td class=\"podaci_knjiga\"><strong>Evro Book<\/strong><\/td>\n<\/tr>\n<tr>\n<td class=\"podaci_knjiga\">Godina:<\/td>\n<td class=\"podaci_knjiga\">2019.<\/td>\n<\/tr>\n<\/tbody>\n<\/table>\n","protected":false},"featured_media":12402,"template":"","meta":[],"product_brand":[],"product_cat":[299],"product_tag":[812,813,809,334],"class_list":{"0":"post-12401","1":"product","2":"type-product","3":"status-publish","4":"has-post-thumbnail","6":"product_cat-bestseleri","7":"product_tag-biografika-leonardo","8":"product_tag-endru-kirk","9":"product_tag-knjiga","10":"product_tag-knjigoljubac","12":"first","13":"instock","14":"sale","15":"taxable","16":"shipping-taxable","17":"purchasable","18":"product-type-simple"},"yoast_head":"<!-- This site is optimized with the Yoast SEO plugin v27.5 - https:\/\/yoast.com\/product\/yoast-seo-wordpress\/ -->\n<title>BIOGRAFIKA - LEONARDO - KNJIGOLJUBAC<\/title>\n<meta name=\"robots\" content=\"index, follow, max-snippet:-1, max-image-preview:large, max-video-preview:-1\" \/>\n<link rel=\"canonical\" href=\"https:\/\/knjigoljubac.ba\/hr\/product\/biografika-leonardo\/\" \/>\n<meta property=\"og:locale\" content=\"hr_HR\" \/>\n<meta property=\"og:type\" content=\"article\" \/>\n<meta property=\"og:title\" content=\"BIOGRAFIKA - LEONARDO - KNJIGOLJUBAC\" \/>\n<meta property=\"og:description\" content=\"utor: Endru Kirk   Prevod:    ISBN: 978-86-505-3120-4   Format: 15 x 20 cm   Strana: 91   Povez: Tvrd   Izdava\u010d: Evro Book   Godina: 2019.\" \/>\n<meta property=\"og:url\" content=\"https:\/\/knjigoljubac.ba\/hr\/product\/biografika-leonardo\/\" \/>\n<meta property=\"og:site_name\" content=\"KNJIGOLJUBAC\" \/>\n<meta property=\"article:publisher\" content=\"https:\/\/www.facebook.com\/knjigoljubacba-106067741319857\/?ref=pages_you_manage\" \/>\n<meta property=\"article:modified_time\" content=\"2021-10-06T05:22:59+00:00\" \/>\n<meta property=\"og:image\" content=\"https:\/\/knjigoljubac.ba\/wp-content\/uploads\/2021\/10\/biografika-leonardo.jpg\" \/>\n\t<meta property=\"og:image:width\" content=\"160\" \/>\n\t<meta property=\"og:image:height\" content=\"226\" \/>\n\t<meta property=\"og:image:type\" content=\"image\/jpeg\" \/>\n<meta name=\"twitter:card\" content=\"summary_large_image\" \/>\n<meta name=\"twitter:label1\" content=\"Procijenjeno vrijeme \u010ditanja\" \/>\n\t<meta name=\"twitter:data1\" content=\"1 minuta\" \/>\n<script type=\"application\/ld+json\" class=\"yoast-schema-graph\">{\"@context\":\"https:\\\/\\\/schema.org\",\"@graph\":[{\"@type\":\"WebPage\",\"@id\":\"https:\\\/\\\/knjigoljubac.ba\\\/product\\\/biografika-leonardo\\\/\",\"url\":\"https:\\\/\\\/knjigoljubac.ba\\\/product\\\/biografika-leonardo\\\/\",\"name\":\"BIOGRAFIKA - LEONARDO - KNJIGOLJUBAC\",\"isPartOf\":{\"@id\":\"https:\\\/\\\/knjigoljubac.ba\\\/#website\"},\"primaryImageOfPage\":{\"@id\":\"https:\\\/\\\/knjigoljubac.ba\\\/product\\\/biografika-leonardo\\\/#primaryimage\"},\"image\":{\"@id\":\"https:\\\/\\\/knjigoljubac.ba\\\/product\\\/biografika-leonardo\\\/#primaryimage\"},\"thumbnailUrl\":\"https:\\\/\\\/knjigoljubac.ba\\\/wp-content\\\/uploads\\\/2021\\\/10\\\/biografika-leonardo.jpg\",\"datePublished\":\"2021-10-06T05:22:23+00:00\",\"dateModified\":\"2021-10-06T05:22:59+00:00\",\"breadcrumb\":{\"@id\":\"https:\\\/\\\/knjigoljubac.ba\\\/product\\\/biografika-leonardo\\\/#breadcrumb\"},\"inLanguage\":\"hr\",\"potentialAction\":[{\"@type\":\"ReadAction\",\"target\":[\"https:\\\/\\\/knjigoljubac.ba\\\/product\\\/biografika-leonardo\\\/\"]}]},{\"@type\":\"ImageObject\",\"inLanguage\":\"hr\",\"@id\":\"https:\\\/\\\/knjigoljubac.ba\\\/product\\\/biografika-leonardo\\\/#primaryimage\",\"url\":\"https:\\\/\\\/knjigoljubac.ba\\\/wp-content\\\/uploads\\\/2021\\\/10\\\/biografika-leonardo.jpg\",\"contentUrl\":\"https:\\\/\\\/knjigoljubac.ba\\\/wp-content\\\/uploads\\\/2021\\\/10\\\/biografika-leonardo.jpg\",\"width\":160,\"height\":226},{\"@type\":\"BreadcrumbList\",\"@id\":\"https:\\\/\\\/knjigoljubac.ba\\\/product\\\/biografika-leonardo\\\/#breadcrumb\",\"itemListElement\":[{\"@type\":\"ListItem\",\"position\":1,\"name\":\"Po\u010detna stranica\",\"item\":\"https:\\\/\\\/knjigoljubac.ba\\\/\"},{\"@type\":\"ListItem\",\"position\":2,\"name\":\"Trgovina\",\"item\":\"https:\\\/\\\/knjigoljubac.ba\\\/trgovina\\\/\"},{\"@type\":\"ListItem\",\"position\":3,\"name\":\"BIOGRAFIKA &#8211; LEONARDO\"}]},{\"@type\":\"WebSite\",\"@id\":\"https:\\\/\\\/knjigoljubac.ba\\\/#website\",\"url\":\"https:\\\/\\\/knjigoljubac.ba\\\/\",\"name\":\"KNJIGOLJUBAC\",\"description\":\"Va\u0161a online knji\u017eara\",\"publisher\":{\"@id\":\"https:\\\/\\\/knjigoljubac.ba\\\/#organization\"},\"potentialAction\":[{\"@type\":\"SearchAction\",\"target\":{\"@type\":\"EntryPoint\",\"urlTemplate\":\"https:\\\/\\\/knjigoljubac.ba\\\/?s={search_term_string}\"},\"query-input\":{\"@type\":\"PropertyValueSpecification\",\"valueRequired\":true,\"valueName\":\"search_term_string\"}}],\"inLanguage\":\"hr\"},{\"@type\":\"Organization\",\"@id\":\"https:\\\/\\\/knjigoljubac.ba\\\/#organization\",\"name\":\"KNJIGOLJUBAC\",\"url\":\"https:\\\/\\\/knjigoljubac.ba\\\/\",\"logo\":{\"@type\":\"ImageObject\",\"inLanguage\":\"hr\",\"@id\":\"https:\\\/\\\/knjigoljubac.ba\\\/#\\\/schema\\\/logo\\\/image\\\/\",\"url\":\"https:\\\/\\\/knjigoljubac.ba\\\/wp-content\\\/uploads\\\/2021\\\/09\\\/logo-novi-1024x465.png\",\"contentUrl\":\"https:\\\/\\\/knjigoljubac.ba\\\/wp-content\\\/uploads\\\/2021\\\/09\\\/logo-novi-1024x465.png\",\"width\":1024,\"height\":465,\"caption\":\"KNJIGOLJUBAC\"},\"image\":{\"@id\":\"https:\\\/\\\/knjigoljubac.ba\\\/#\\\/schema\\\/logo\\\/image\\\/\"},\"sameAs\":[\"https:\\\/\\\/www.facebook.com\\\/knjigoljubacba-106067741319857\\\/?ref=pages_you_manage\",\"https:\\\/\\\/www.instagram.com\\\/knjigoljubacbrcko\\\/\"]}]}<\/script>\n<!-- \/ Yoast SEO plugin. -->","yoast_head_json":{"title":"BIOGRAFIKA - LEONARDO - KNJIGOLJUBAC","robots":{"index":"index","follow":"follow","max-snippet":"max-snippet:-1","max-image-preview":"max-image-preview:large","max-video-preview":"max-video-preview:-1"},"canonical":"https:\/\/knjigoljubac.ba\/hr\/product\/biografika-leonardo\/","og_locale":"hr_HR","og_type":"article","og_title":"BIOGRAFIKA - LEONARDO - KNJIGOLJUBAC","og_description":"utor: Endru Kirk   Prevod:    ISBN: 978-86-505-3120-4   Format: 15 x 20 cm   Strana: 91   Povez: Tvrd   Izdava\u010d: Evro Book   Godina: 2019.","og_url":"https:\/\/knjigoljubac.ba\/hr\/product\/biografika-leonardo\/","og_site_name":"KNJIGOLJUBAC","article_publisher":"https:\/\/www.facebook.com\/knjigoljubacba-106067741319857\/?ref=pages_you_manage","article_modified_time":"2021-10-06T05:22:59+00:00","og_image":[{"width":160,"height":226,"url":"https:\/\/knjigoljubac.ba\/wp-content\/uploads\/2021\/10\/biografika-leonardo.jpg","type":"image\/jpeg"}],"twitter_card":"summary_large_image","twitter_misc":{"Procijenjeno vrijeme \u010ditanja":"1 minuta"},"schema":{"@context":"https:\/\/schema.org","@graph":[{"@type":"WebPage","@id":"https:\/\/knjigoljubac.ba\/product\/biografika-leonardo\/","url":"https:\/\/knjigoljubac.ba\/product\/biografika-leonardo\/","name":"BIOGRAFIKA - LEONARDO - KNJIGOLJUBAC","isPartOf":{"@id":"https:\/\/knjigoljubac.ba\/#website"},"primaryImageOfPage":{"@id":"https:\/\/knjigoljubac.ba\/product\/biografika-leonardo\/#primaryimage"},"image":{"@id":"https:\/\/knjigoljubac.ba\/product\/biografika-leonardo\/#primaryimage"},"thumbnailUrl":"https:\/\/knjigoljubac.ba\/wp-content\/uploads\/2021\/10\/biografika-leonardo.jpg","datePublished":"2021-10-06T05:22:23+00:00","dateModified":"2021-10-06T05:22:59+00:00","breadcrumb":{"@id":"https:\/\/knjigoljubac.ba\/product\/biografika-leonardo\/#breadcrumb"},"inLanguage":"hr","potentialAction":[{"@type":"ReadAction","target":["https:\/\/knjigoljubac.ba\/product\/biografika-leonardo\/"]}]},{"@type":"ImageObject","inLanguage":"hr","@id":"https:\/\/knjigoljubac.ba\/product\/biografika-leonardo\/#primaryimage","url":"https:\/\/knjigoljubac.ba\/wp-content\/uploads\/2021\/10\/biografika-leonardo.jpg","contentUrl":"https:\/\/knjigoljubac.ba\/wp-content\/uploads\/2021\/10\/biografika-leonardo.jpg","width":160,"height":226},{"@type":"BreadcrumbList","@id":"https:\/\/knjigoljubac.ba\/product\/biografika-leonardo\/#breadcrumb","itemListElement":[{"@type":"ListItem","position":1,"name":"Po\u010detna stranica","item":"https:\/\/knjigoljubac.ba\/"},{"@type":"ListItem","position":2,"name":"Trgovina","item":"https:\/\/knjigoljubac.ba\/trgovina\/"},{"@type":"ListItem","position":3,"name":"BIOGRAFIKA &#8211; LEONARDO"}]},{"@type":"WebSite","@id":"https:\/\/knjigoljubac.ba\/#website","url":"https:\/\/knjigoljubac.ba\/","name":"KNJIGOLJUBAC","description":"Va\u0161a online knji\u017eara","publisher":{"@id":"https:\/\/knjigoljubac.ba\/#organization"},"potentialAction":[{"@type":"SearchAction","target":{"@type":"EntryPoint","urlTemplate":"https:\/\/knjigoljubac.ba\/?s={search_term_string}"},"query-input":{"@type":"PropertyValueSpecification","valueRequired":true,"valueName":"search_term_string"}}],"inLanguage":"hr"},{"@type":"Organization","@id":"https:\/\/knjigoljubac.ba\/#organization","name":"KNJIGOLJUBAC","url":"https:\/\/knjigoljubac.ba\/","logo":{"@type":"ImageObject","inLanguage":"hr","@id":"https:\/\/knjigoljubac.ba\/#\/schema\/logo\/image\/","url":"https:\/\/knjigoljubac.ba\/wp-content\/uploads\/2021\/09\/logo-novi-1024x465.png","contentUrl":"https:\/\/knjigoljubac.ba\/wp-content\/uploads\/2021\/09\/logo-novi-1024x465.png","width":1024,"height":465,"caption":"KNJIGOLJUBAC"},"image":{"@id":"https:\/\/knjigoljubac.ba\/#\/schema\/logo\/image\/"},"sameAs":["https:\/\/www.facebook.com\/knjigoljubacba-106067741319857\/?ref=pages_you_manage","https:\/\/www.instagram.com\/knjigoljubacbrcko\/"]}]}},"jetpack_sharing_enabled":true,"_links":{"self":[{"href":"https:\/\/knjigoljubac.ba\/hr\/wp-json\/wp\/v2\/product\/12401","targetHints":{"allow":["GET"]}}],"collection":[{"href":"https:\/\/knjigoljubac.ba\/hr\/wp-json\/wp\/v2\/product"}],"about":[{"href":"https:\/\/knjigoljubac.ba\/hr\/wp-json\/wp\/v2\/types\/product"}],"wp:featuredmedia":[{"embeddable":true,"href":"https:\/\/knjigoljubac.ba\/hr\/wp-json\/wp\/v2\/media\/12402"}],"wp:attachment":[{"href":"https:\/\/knjigoljubac.ba\/hr\/wp-json\/wp\/v2\/media?parent=12401"}],"wp:term":[{"taxonomy":"product_brand","embeddable":true,"href":"https:\/\/knjigoljubac.ba\/hr\/wp-json\/wp\/v2\/product_brand?post=12401"},{"taxonomy":"product_cat","embeddable":true,"href":"https:\/\/knjigoljubac.ba\/hr\/wp-json\/wp\/v2\/product_cat?post=12401"},{"taxonomy":"product_tag","embeddable":true,"href":"https:\/\/knjigoljubac.ba\/hr\/wp-json\/wp\/v2\/product_tag?post=12401"}],"curies":[{"name":"wp","href":"https:\/\/api.w.org\/{rel}","templated":true}]}}