{"id":12367,"date":"2021-09-09T05:48:19","date_gmt":"2021-09-09T05:48:19","guid":{"rendered":"https:\/\/knjigoljubac.ba\/?post_type=product&#038;p=12367"},"modified":"2021-09-09T05:48:20","modified_gmt":"2021-09-09T05:48:20","slug":"tehnologije-sopstva-spisi-o-poznoj-antici-i-ranom-hriscanstvu","status":"publish","type":"product","link":"https:\/\/knjigoljubac.ba\/hr\/product\/tehnologije-sopstva-spisi-o-poznoj-antici-i-ranom-hriscanstvu\/","title":{"rendered":"TEHNOLOGIJE SOPSTVA Spisi o poznoj antici i ranom hri\u0161\u0107anstvu"},"content":{"rendered":"<div class=\"woocommerce-tabs wc-tabs-wrapper\">\n<div id=\"tab-description\" class=\"panel entry-content wc-tab\">\n<p>\u201e\u010cini mi se, shodno nekim sugestijama Jirgena Habermasa, da se mogu razlikovati tri glavna tipa tehnika: tehnike koje dopu\u0161taju nekome da proizvodi, transformi\u0161e, manipuli\u0161e stvarima; tehnike koje nekome dopu\u0161taju da koristi sistem znakova i, kona\u010dno, tehnike koje nekome dopu\u0161taju da odre\u0111uje pona\u0161anje pojedinaca, da name\u0107e izvesne ciljeve i svrhe. Ukratko: tehnike proizvodnje, tehnike ozna\u010davanja ili komunikacije i tehnike dominacije. Me\u0111utim, vremenom sam sve vi\u0161e postajao svestan da u svim dru\u0161tvima postoji jo\u0161 jedan tip tehnika: to su tehnike koje dopu\u0161taju pojedincima da vlastitim sredstvima vr\u0161e izvestan broj operacija na vlastitom telu, du\u0161ama, na sopstvenim mislima, u svom pona\u0161anju kako bi sebe preobra\u017eavali i menjali i time dostigli izvesno stanje savr\u0161enstva, sre\u0107e, \u010distote, natprirodne mo\u0107i. Nazovimo te tehnike \u201etehnologijama sopstva\u201c. Ako ho\u0107ete da analizirate genealogiju subjekta u zapadnoj civilizaciji, onda morate uzeti u obzir ne samo tehnike dominacije ve\u0107 i tehnike sopstva.\u201c<\/p>\n<p>Mi\u0161el Fuko<\/p>\n<p>\u201eIstorija seksualnosti izla\u017ee istoriju geneze svesti, \u201esubjekta\u201c kao svesti o sebi kao subjektu koji \u017eeli. Nesre\u0107na svest: \u201estaranje o sebi\u201c pre svega je eti\u010dko staranje koje se izgradilo jo\u0161 u starome veku oko \u201eglavnog\u201c \u2013 za\u0161to? \u2013 problema seksualnosti i koje se ostvarilo sa hri\u0161\u0107anstvom. Seks je proizvod jedne istorije tokom koje je telo, i protiv svoje volje, izdeljeno izopa\u010denom spoznajom sebe koju mu pru\u017ea normalizatorski diskurs: histerija, onanizam, feti\u0161izam i coitus interruptus (prekinuti sno\u0161aj) \u010detiri su tipi\u010dne figure vladavine politi\u010dke norme nad intimno\u0161\u0107u tela. Subjektivnost je \u0107erka ispovednika\u2026. Taj subjekt, kog je stara filozofija sme\u0161tala u po\u010detak, proizvod je pot\u010dinjavanja; ro\u0111en je, kao i seksualnost, iz interiorizacije \u2013 prihva\u0107enih ili prekora\u010denih \u2013 granica \u010diju je genezu opisala istorija disciplina.\u201c<\/p>\n<p>Pjer Burdije<\/p>\n<\/div>\n<\/div>\n<div class=\"upsells products\"><\/div>\n","protected":false},"excerpt":{"rendered":"<p>Autor: Mi\u0161e\u010d Fuko<\/p>\n<p><strong>Prevod:<\/strong>\u00a0Vedrana Veli\u010dkovi\u0107, Andrija Filipovi\u0107, Olja Petroni\u0107 i Dejan Ani\u010di\u0107<br \/>\n<strong>Redaktura prevoda:<\/strong>\u00a0Darko Todorovi\u0107<br \/>\n<strong>Broj strana:<\/strong>\u00a0140<br \/>\n<strong>Godina izdanja:<\/strong>\u00a02014.<\/p>\n","protected":false},"featured_media":12368,"template":"","meta":[],"product_brand":[],"product_cat":[292,325,326],"product_tag":[793,794,484],"class_list":{"0":"post-12367","1":"product","2":"type-product","3":"status-publish","4":"has-post-thumbnail","6":"product_cat-filozofija","7":"product_cat-najnovije-u-knjizari","8":"product_cat-preporuceno","9":"product_tag-misel-fuko","10":"product_tag-tehnologije-sopstva","11":"product_tag-www-knjigoljubac-ba","13":"first","14":"instock","15":"sale","16":"taxable","17":"shipping-taxable","18":"purchasable","19":"product-type-simple"},"yoast_head":"<!-- This site is optimized with the Yoast SEO plugin v27.5 - https:\/\/yoast.com\/product\/yoast-seo-wordpress\/ -->\n<title>TEHNOLOGIJE SOPSTVA Spisi o poznoj antici i ranom hri\u0161\u0107anstvu - KNJIGOLJUBAC<\/title>\n<meta name=\"robots\" content=\"index, follow, max-snippet:-1, max-image-preview:large, max-video-preview:-1\" \/>\n<link rel=\"canonical\" href=\"https:\/\/knjigoljubac.ba\/hr\/product\/tehnologije-sopstva-spisi-o-poznoj-antici-i-ranom-hriscanstvu\/\" \/>\n<meta property=\"og:locale\" content=\"hr_HR\" \/>\n<meta property=\"og:type\" content=\"article\" \/>\n<meta property=\"og:title\" content=\"TEHNOLOGIJE SOPSTVA Spisi o poznoj antici i ranom hri\u0161\u0107anstvu - KNJIGOLJUBAC\" \/>\n<meta property=\"og:description\" content=\"Autor: Mi\u0161e\u010d Fuko  Prevod:\u00a0Vedrana Veli\u010dkovi\u0107, Andrija Filipovi\u0107, Olja Petroni\u0107 i Dejan Ani\u010di\u0107 Redaktura prevoda:\u00a0Darko Todorovi\u0107 Broj strana:\u00a0140 Godina izdanja:\u00a02014.\" \/>\n<meta property=\"og:url\" content=\"https:\/\/knjigoljubac.ba\/hr\/product\/tehnologije-sopstva-spisi-o-poznoj-antici-i-ranom-hriscanstvu\/\" \/>\n<meta property=\"og:site_name\" content=\"KNJIGOLJUBAC\" \/>\n<meta property=\"article:publisher\" content=\"https:\/\/www.facebook.com\/knjigoljubacba-106067741319857\/?ref=pages_you_manage\" \/>\n<meta property=\"article:modified_time\" content=\"2021-09-09T05:48:20+00:00\" \/>\n<meta property=\"og:image\" content=\"https:\/\/knjigoljubac.ba\/wp-content\/uploads\/2021\/09\/tehnologija_sopstva-min2.jpg\" \/>\n\t<meta property=\"og:image:width\" content=\"160\" \/>\n\t<meta property=\"og:image:height\" content=\"226\" \/>\n\t<meta property=\"og:image:type\" content=\"image\/jpeg\" \/>\n<meta name=\"twitter:card\" content=\"summary_large_image\" \/>\n<meta name=\"twitter:label1\" content=\"Procijenjeno vrijeme \u010ditanja\" \/>\n\t<meta name=\"twitter:data1\" content=\"2 minute\" \/>\n<script type=\"application\/ld+json\" class=\"yoast-schema-graph\">{\"@context\":\"https:\\\/\\\/schema.org\",\"@graph\":[{\"@type\":\"WebPage\",\"@id\":\"https:\\\/\\\/knjigoljubac.ba\\\/product\\\/tehnologije-sopstva-spisi-o-poznoj-antici-i-ranom-hriscanstvu\\\/\",\"url\":\"https:\\\/\\\/knjigoljubac.ba\\\/product\\\/tehnologije-sopstva-spisi-o-poznoj-antici-i-ranom-hriscanstvu\\\/\",\"name\":\"TEHNOLOGIJE SOPSTVA Spisi o poznoj antici i ranom hri\u0161\u0107anstvu - KNJIGOLJUBAC\",\"isPartOf\":{\"@id\":\"https:\\\/\\\/knjigoljubac.ba\\\/#website\"},\"primaryImageOfPage\":{\"@id\":\"https:\\\/\\\/knjigoljubac.ba\\\/product\\\/tehnologije-sopstva-spisi-o-poznoj-antici-i-ranom-hriscanstvu\\\/#primaryimage\"},\"image\":{\"@id\":\"https:\\\/\\\/knjigoljubac.ba\\\/product\\\/tehnologije-sopstva-spisi-o-poznoj-antici-i-ranom-hriscanstvu\\\/#primaryimage\"},\"thumbnailUrl\":\"https:\\\/\\\/knjigoljubac.ba\\\/wp-content\\\/uploads\\\/2021\\\/09\\\/tehnologija_sopstva-min2.jpg\",\"datePublished\":\"2021-09-09T05:48:19+00:00\",\"dateModified\":\"2021-09-09T05:48:20+00:00\",\"breadcrumb\":{\"@id\":\"https:\\\/\\\/knjigoljubac.ba\\\/product\\\/tehnologije-sopstva-spisi-o-poznoj-antici-i-ranom-hriscanstvu\\\/#breadcrumb\"},\"inLanguage\":\"hr\",\"potentialAction\":[{\"@type\":\"ReadAction\",\"target\":[\"https:\\\/\\\/knjigoljubac.ba\\\/product\\\/tehnologije-sopstva-spisi-o-poznoj-antici-i-ranom-hriscanstvu\\\/\"]}]},{\"@type\":\"ImageObject\",\"inLanguage\":\"hr\",\"@id\":\"https:\\\/\\\/knjigoljubac.ba\\\/product\\\/tehnologije-sopstva-spisi-o-poznoj-antici-i-ranom-hriscanstvu\\\/#primaryimage\",\"url\":\"https:\\\/\\\/knjigoljubac.ba\\\/wp-content\\\/uploads\\\/2021\\\/09\\\/tehnologija_sopstva-min2.jpg\",\"contentUrl\":\"https:\\\/\\\/knjigoljubac.ba\\\/wp-content\\\/uploads\\\/2021\\\/09\\\/tehnologija_sopstva-min2.jpg\",\"width\":160,\"height\":226},{\"@type\":\"BreadcrumbList\",\"@id\":\"https:\\\/\\\/knjigoljubac.ba\\\/product\\\/tehnologije-sopstva-spisi-o-poznoj-antici-i-ranom-hriscanstvu\\\/#breadcrumb\",\"itemListElement\":[{\"@type\":\"ListItem\",\"position\":1,\"name\":\"Po\u010detna stranica\",\"item\":\"https:\\\/\\\/knjigoljubac.ba\\\/\"},{\"@type\":\"ListItem\",\"position\":2,\"name\":\"Trgovina\",\"item\":\"https:\\\/\\\/knjigoljubac.ba\\\/trgovina\\\/\"},{\"@type\":\"ListItem\",\"position\":3,\"name\":\"TEHNOLOGIJE SOPSTVA Spisi o poznoj antici i ranom hri\u0161\u0107anstvu\"}]},{\"@type\":\"WebSite\",\"@id\":\"https:\\\/\\\/knjigoljubac.ba\\\/#website\",\"url\":\"https:\\\/\\\/knjigoljubac.ba\\\/\",\"name\":\"KNJIGOLJUBAC\",\"description\":\"Va\u0161a online knji\u017eara\",\"publisher\":{\"@id\":\"https:\\\/\\\/knjigoljubac.ba\\\/#organization\"},\"potentialAction\":[{\"@type\":\"SearchAction\",\"target\":{\"@type\":\"EntryPoint\",\"urlTemplate\":\"https:\\\/\\\/knjigoljubac.ba\\\/?s={search_term_string}\"},\"query-input\":{\"@type\":\"PropertyValueSpecification\",\"valueRequired\":true,\"valueName\":\"search_term_string\"}}],\"inLanguage\":\"hr\"},{\"@type\":\"Organization\",\"@id\":\"https:\\\/\\\/knjigoljubac.ba\\\/#organization\",\"name\":\"KNJIGOLJUBAC\",\"url\":\"https:\\\/\\\/knjigoljubac.ba\\\/\",\"logo\":{\"@type\":\"ImageObject\",\"inLanguage\":\"hr\",\"@id\":\"https:\\\/\\\/knjigoljubac.ba\\\/#\\\/schema\\\/logo\\\/image\\\/\",\"url\":\"https:\\\/\\\/knjigoljubac.ba\\\/wp-content\\\/uploads\\\/2021\\\/09\\\/logo-novi-1024x465.png\",\"contentUrl\":\"https:\\\/\\\/knjigoljubac.ba\\\/wp-content\\\/uploads\\\/2021\\\/09\\\/logo-novi-1024x465.png\",\"width\":1024,\"height\":465,\"caption\":\"KNJIGOLJUBAC\"},\"image\":{\"@id\":\"https:\\\/\\\/knjigoljubac.ba\\\/#\\\/schema\\\/logo\\\/image\\\/\"},\"sameAs\":[\"https:\\\/\\\/www.facebook.com\\\/knjigoljubacba-106067741319857\\\/?ref=pages_you_manage\",\"https:\\\/\\\/www.instagram.com\\\/knjigoljubacbrcko\\\/\"]}]}<\/script>\n<!-- \/ Yoast SEO plugin. -->","yoast_head_json":{"title":"TEHNOLOGIJE SOPSTVA Spisi o poznoj antici i ranom hri\u0161\u0107anstvu - KNJIGOLJUBAC","robots":{"index":"index","follow":"follow","max-snippet":"max-snippet:-1","max-image-preview":"max-image-preview:large","max-video-preview":"max-video-preview:-1"},"canonical":"https:\/\/knjigoljubac.ba\/hr\/product\/tehnologije-sopstva-spisi-o-poznoj-antici-i-ranom-hriscanstvu\/","og_locale":"hr_HR","og_type":"article","og_title":"TEHNOLOGIJE SOPSTVA Spisi o poznoj antici i ranom hri\u0161\u0107anstvu - KNJIGOLJUBAC","og_description":"Autor: Mi\u0161e\u010d Fuko  Prevod:\u00a0Vedrana Veli\u010dkovi\u0107, Andrija Filipovi\u0107, Olja Petroni\u0107 i Dejan Ani\u010di\u0107 Redaktura prevoda:\u00a0Darko Todorovi\u0107 Broj strana:\u00a0140 Godina izdanja:\u00a02014.","og_url":"https:\/\/knjigoljubac.ba\/hr\/product\/tehnologije-sopstva-spisi-o-poznoj-antici-i-ranom-hriscanstvu\/","og_site_name":"KNJIGOLJUBAC","article_publisher":"https:\/\/www.facebook.com\/knjigoljubacba-106067741319857\/?ref=pages_you_manage","article_modified_time":"2021-09-09T05:48:20+00:00","og_image":[{"width":160,"height":226,"url":"https:\/\/knjigoljubac.ba\/wp-content\/uploads\/2021\/09\/tehnologija_sopstva-min2.jpg","type":"image\/jpeg"}],"twitter_card":"summary_large_image","twitter_misc":{"Procijenjeno vrijeme \u010ditanja":"2 minute"},"schema":{"@context":"https:\/\/schema.org","@graph":[{"@type":"WebPage","@id":"https:\/\/knjigoljubac.ba\/product\/tehnologije-sopstva-spisi-o-poznoj-antici-i-ranom-hriscanstvu\/","url":"https:\/\/knjigoljubac.ba\/product\/tehnologije-sopstva-spisi-o-poznoj-antici-i-ranom-hriscanstvu\/","name":"TEHNOLOGIJE SOPSTVA Spisi o poznoj antici i ranom hri\u0161\u0107anstvu - KNJIGOLJUBAC","isPartOf":{"@id":"https:\/\/knjigoljubac.ba\/#website"},"primaryImageOfPage":{"@id":"https:\/\/knjigoljubac.ba\/product\/tehnologije-sopstva-spisi-o-poznoj-antici-i-ranom-hriscanstvu\/#primaryimage"},"image":{"@id":"https:\/\/knjigoljubac.ba\/product\/tehnologije-sopstva-spisi-o-poznoj-antici-i-ranom-hriscanstvu\/#primaryimage"},"thumbnailUrl":"https:\/\/knjigoljubac.ba\/wp-content\/uploads\/2021\/09\/tehnologija_sopstva-min2.jpg","datePublished":"2021-09-09T05:48:19+00:00","dateModified":"2021-09-09T05:48:20+00:00","breadcrumb":{"@id":"https:\/\/knjigoljubac.ba\/product\/tehnologije-sopstva-spisi-o-poznoj-antici-i-ranom-hriscanstvu\/#breadcrumb"},"inLanguage":"hr","potentialAction":[{"@type":"ReadAction","target":["https:\/\/knjigoljubac.ba\/product\/tehnologije-sopstva-spisi-o-poznoj-antici-i-ranom-hriscanstvu\/"]}]},{"@type":"ImageObject","inLanguage":"hr","@id":"https:\/\/knjigoljubac.ba\/product\/tehnologije-sopstva-spisi-o-poznoj-antici-i-ranom-hriscanstvu\/#primaryimage","url":"https:\/\/knjigoljubac.ba\/wp-content\/uploads\/2021\/09\/tehnologija_sopstva-min2.jpg","contentUrl":"https:\/\/knjigoljubac.ba\/wp-content\/uploads\/2021\/09\/tehnologija_sopstva-min2.jpg","width":160,"height":226},{"@type":"BreadcrumbList","@id":"https:\/\/knjigoljubac.ba\/product\/tehnologije-sopstva-spisi-o-poznoj-antici-i-ranom-hriscanstvu\/#breadcrumb","itemListElement":[{"@type":"ListItem","position":1,"name":"Po\u010detna stranica","item":"https:\/\/knjigoljubac.ba\/"},{"@type":"ListItem","position":2,"name":"Trgovina","item":"https:\/\/knjigoljubac.ba\/trgovina\/"},{"@type":"ListItem","position":3,"name":"TEHNOLOGIJE SOPSTVA Spisi o poznoj antici i ranom hri\u0161\u0107anstvu"}]},{"@type":"WebSite","@id":"https:\/\/knjigoljubac.ba\/#website","url":"https:\/\/knjigoljubac.ba\/","name":"KNJIGOLJUBAC","description":"Va\u0161a online knji\u017eara","publisher":{"@id":"https:\/\/knjigoljubac.ba\/#organization"},"potentialAction":[{"@type":"SearchAction","target":{"@type":"EntryPoint","urlTemplate":"https:\/\/knjigoljubac.ba\/?s={search_term_string}"},"query-input":{"@type":"PropertyValueSpecification","valueRequired":true,"valueName":"search_term_string"}}],"inLanguage":"hr"},{"@type":"Organization","@id":"https:\/\/knjigoljubac.ba\/#organization","name":"KNJIGOLJUBAC","url":"https:\/\/knjigoljubac.ba\/","logo":{"@type":"ImageObject","inLanguage":"hr","@id":"https:\/\/knjigoljubac.ba\/#\/schema\/logo\/image\/","url":"https:\/\/knjigoljubac.ba\/wp-content\/uploads\/2021\/09\/logo-novi-1024x465.png","contentUrl":"https:\/\/knjigoljubac.ba\/wp-content\/uploads\/2021\/09\/logo-novi-1024x465.png","width":1024,"height":465,"caption":"KNJIGOLJUBAC"},"image":{"@id":"https:\/\/knjigoljubac.ba\/#\/schema\/logo\/image\/"},"sameAs":["https:\/\/www.facebook.com\/knjigoljubacba-106067741319857\/?ref=pages_you_manage","https:\/\/www.instagram.com\/knjigoljubacbrcko\/"]}]}},"jetpack_sharing_enabled":true,"_links":{"self":[{"href":"https:\/\/knjigoljubac.ba\/hr\/wp-json\/wp\/v2\/product\/12367","targetHints":{"allow":["GET"]}}],"collection":[{"href":"https:\/\/knjigoljubac.ba\/hr\/wp-json\/wp\/v2\/product"}],"about":[{"href":"https:\/\/knjigoljubac.ba\/hr\/wp-json\/wp\/v2\/types\/product"}],"wp:featuredmedia":[{"embeddable":true,"href":"https:\/\/knjigoljubac.ba\/hr\/wp-json\/wp\/v2\/media\/12368"}],"wp:attachment":[{"href":"https:\/\/knjigoljubac.ba\/hr\/wp-json\/wp\/v2\/media?parent=12367"}],"wp:term":[{"taxonomy":"product_brand","embeddable":true,"href":"https:\/\/knjigoljubac.ba\/hr\/wp-json\/wp\/v2\/product_brand?post=12367"},{"taxonomy":"product_cat","embeddable":true,"href":"https:\/\/knjigoljubac.ba\/hr\/wp-json\/wp\/v2\/product_cat?post=12367"},{"taxonomy":"product_tag","embeddable":true,"href":"https:\/\/knjigoljubac.ba\/hr\/wp-json\/wp\/v2\/product_tag?post=12367"}],"curies":[{"name":"wp","href":"https:\/\/api.w.org\/{rel}","templated":true}]}}