{"id":12328,"date":"2021-08-26T11:12:13","date_gmt":"2021-08-26T11:12:13","guid":{"rendered":"https:\/\/knjigoljubac.ba\/?post_type=product&#038;p=12328"},"modified":"2021-08-26T11:12:13","modified_gmt":"2021-08-26T11:12:13","slug":"otpor","status":"publish","type":"product","link":"https:\/\/knjigoljubac.ba\/hr\/product\/otpor\/","title":{"rendered":"OTPOR"},"content":{"rendered":"<p>Otpor je knjiga u kojoj Ernesto Sabato kao budni posmatra\u010d ljudske egzistencije poziva na pobunu protiv \u010dovekovog duhovnog pada i gubitka me\u0111uljudske bliskosti koja dolazi kao posledica uni\u0161tavanja kulturnih vrednosti na kojima su po\u010divale generacije.<\/p>\n<p>Pi\u0161\u010deva duboka zabrinutost za \u010doveka koji, usled gubitka povezanosti sa drugim ljudima i uzdizanjem svog sopstvenog ja, vodi \u017eivot na granici bezna\u0111a, podsti\u010de \u010ditaoca na promi\u0161ljanja o vlastitiom \u017eivotu i idealima kojima savremeni \u010dovek te\u017ei. \u0160ta za \u010doveka predstavlja sre\u0107a i koliko je spreman da u nju uklju\u010di\u00a0 i druge ljude? Da li je u\u017eivanje u materijalnom postalo osnovni \u010dovekov ideal i ko je glavni krivac za to?\u00a0Ovo\u00a0su\u00a0samo neka\u00a0od pitanja koja autor iznosi pred \u010ditaoca u nadi da \u0107e podsta\u0107i promene koje \u0107e \u010doveka vratiti istinskim humanisti\u010dkim vrednostima, a spremnost da se otvorimo za drugog \u010ditavim bi\u0107em jedan je od preduslova koji\u00a0su neophodni\u00a0za \u010dovekovu istinsku sre\u0107u.<\/p>\n<p>&nbsp;<\/p>\n<p><strong><em>\u010covek postmodernizma okovan je udobnostima koje mu obezbe\u0111uje tehnika, i \u010desto se ne usu\u0111uje da se prepusti dubokim iskustvima kao \u0161to su ljubav ili solidarnost. Paradoksalno je, me\u0111utim, to \u0161to \u0107e ljudsko bi\u0107e da se spase tek ako svoj \u017eivot stavi na kocku za drugog \u010doveka, za svoga bli\u017enjega, za svoga kom\u0161iju, za napu\u0161tenu decu koja po ulicama drhte od studeni, na vetrometini, nemaju\u0107i za\u0161titu kakvu njihove godine iziskuju, \u0161to \u0107e nositi kao \u017eivu ranu do kraja \u017eivota.<\/em><\/strong><\/p>\n<p>Ernesto Sabato (24.06.1911 \u2013 30.04.2011) je bio argentinski knji\u017eevnik. Doktorirao je na Universidad de la Plata fiziku i filozofiju. Smatra se jednim od najzna\u010dajnijih argentinskih pisaca. Pre knji\u017eevne karijere bavio se fizikom, najpre u okviru Fondacije Kiri, a potom i kao profesor na Univerzitetu la Plata. Nauku ostavlja 1945. godine i zapo\u010dinje knji\u017eevni rad.<\/p>\n<p>Iako je veliki pisac, napisao je samo tri romana, i mno\u0161tvo eseja. Ti romani \u010dine trilogiju i bave se problemom ludila i mra\u010dnim stanjima uma kao \u0161to su nasilje, rodooskvrnu\u0107e, manija proganjanja. Kombinuju\u0107i iskustva egzistencijalne poetike (roman Tunel) sa elementima magi\u010dnog realizma (O junacima i grobovima), te narativnim strategijama karakteristi\u010dnim za postmodernu (Abadon an\u0111eo uni\u0161tenja) Sabato je stvorio osoben, neponovljiv literarni keleidoskop i svrstao se u red najzna\u010dajnijih pisaca druge polovine 20. veka.<\/p>\n","protected":false},"excerpt":{"rendered":"<p>Autor: Ernesto Sabato<\/p>\n<p>Uvez: Mek<\/p>\n<p>Br. str.\u00a0 150<\/p>\n","protected":false},"featured_media":12329,"template":"","meta":[],"product_brand":[],"product_cat":[299,325,326],"product_tag":[524,773,484],"class_list":{"0":"post-12328","1":"product","2":"type-product","3":"status-publish","4":"has-post-thumbnail","6":"product_cat-bestseleri","7":"product_cat-najnovije-u-knjizari","8":"product_cat-preporuceno","9":"product_tag-ernesto-sabato","10":"product_tag-otpor","11":"product_tag-www-knjigoljubac-ba","13":"first","14":"instock","15":"sale","16":"taxable","17":"shipping-taxable","18":"purchasable","19":"product-type-simple"},"yoast_head":"<!-- This site is optimized with the Yoast SEO plugin v27.5 - https:\/\/yoast.com\/product\/yoast-seo-wordpress\/ -->\n<title>OTPOR - KNJIGOLJUBAC<\/title>\n<meta name=\"robots\" content=\"index, follow, max-snippet:-1, max-image-preview:large, max-video-preview:-1\" \/>\n<link rel=\"canonical\" href=\"https:\/\/knjigoljubac.ba\/hr\/product\/otpor\/\" \/>\n<meta property=\"og:locale\" content=\"hr_HR\" \/>\n<meta property=\"og:type\" content=\"article\" \/>\n<meta property=\"og:title\" content=\"OTPOR - KNJIGOLJUBAC\" \/>\n<meta property=\"og:description\" content=\"Autor: Ernesto Sabato  Uvez: Mek  Br. str.\u00a0 150\" \/>\n<meta property=\"og:url\" content=\"https:\/\/knjigoljubac.ba\/hr\/product\/otpor\/\" \/>\n<meta property=\"og:site_name\" content=\"KNJIGOLJUBAC\" \/>\n<meta property=\"article:publisher\" content=\"https:\/\/www.facebook.com\/knjigoljubacba-106067741319857\/?ref=pages_you_manage\" \/>\n<meta property=\"og:image\" content=\"https:\/\/knjigoljubac.ba\/wp-content\/uploads\/2021\/08\/Otpor.jpg\" \/>\n\t<meta property=\"og:image:width\" content=\"160\" \/>\n\t<meta property=\"og:image:height\" content=\"226\" \/>\n\t<meta property=\"og:image:type\" content=\"image\/jpeg\" \/>\n<meta name=\"twitter:card\" content=\"summary_large_image\" \/>\n<meta name=\"twitter:label1\" content=\"Procijenjeno vrijeme \u010ditanja\" \/>\n\t<meta name=\"twitter:data1\" content=\"2 minute\" \/>\n<script type=\"application\/ld+json\" class=\"yoast-schema-graph\">{\"@context\":\"https:\\\/\\\/schema.org\",\"@graph\":[{\"@type\":\"WebPage\",\"@id\":\"https:\\\/\\\/knjigoljubac.ba\\\/bs\\\/product\\\/otpor\\\/\",\"url\":\"https:\\\/\\\/knjigoljubac.ba\\\/bs\\\/product\\\/otpor\\\/\",\"name\":\"OTPOR - KNJIGOLJUBAC\",\"isPartOf\":{\"@id\":\"https:\\\/\\\/knjigoljubac.ba\\\/#website\"},\"primaryImageOfPage\":{\"@id\":\"https:\\\/\\\/knjigoljubac.ba\\\/bs\\\/product\\\/otpor\\\/#primaryimage\"},\"image\":{\"@id\":\"https:\\\/\\\/knjigoljubac.ba\\\/bs\\\/product\\\/otpor\\\/#primaryimage\"},\"thumbnailUrl\":\"https:\\\/\\\/knjigoljubac.ba\\\/wp-content\\\/uploads\\\/2021\\\/08\\\/Otpor.jpg\",\"datePublished\":\"2021-08-26T11:12:13+00:00\",\"breadcrumb\":{\"@id\":\"https:\\\/\\\/knjigoljubac.ba\\\/bs\\\/product\\\/otpor\\\/#breadcrumb\"},\"inLanguage\":\"hr\",\"potentialAction\":[{\"@type\":\"ReadAction\",\"target\":[\"https:\\\/\\\/knjigoljubac.ba\\\/bs\\\/product\\\/otpor\\\/\"]}]},{\"@type\":\"ImageObject\",\"inLanguage\":\"hr\",\"@id\":\"https:\\\/\\\/knjigoljubac.ba\\\/bs\\\/product\\\/otpor\\\/#primaryimage\",\"url\":\"https:\\\/\\\/knjigoljubac.ba\\\/wp-content\\\/uploads\\\/2021\\\/08\\\/Otpor.jpg\",\"contentUrl\":\"https:\\\/\\\/knjigoljubac.ba\\\/wp-content\\\/uploads\\\/2021\\\/08\\\/Otpor.jpg\",\"width\":160,\"height\":226},{\"@type\":\"BreadcrumbList\",\"@id\":\"https:\\\/\\\/knjigoljubac.ba\\\/bs\\\/product\\\/otpor\\\/#breadcrumb\",\"itemListElement\":[{\"@type\":\"ListItem\",\"position\":1,\"name\":\"Po\u010detna stranica\",\"item\":\"https:\\\/\\\/knjigoljubac.ba\\\/\"},{\"@type\":\"ListItem\",\"position\":2,\"name\":\"Trgovina\",\"item\":\"https:\\\/\\\/knjigoljubac.ba\\\/trgovina\\\/\"},{\"@type\":\"ListItem\",\"position\":3,\"name\":\"OTPOR\"}]},{\"@type\":\"WebSite\",\"@id\":\"https:\\\/\\\/knjigoljubac.ba\\\/#website\",\"url\":\"https:\\\/\\\/knjigoljubac.ba\\\/\",\"name\":\"KNJIGOLJUBAC\",\"description\":\"Va\u0161a online knji\u017eara\",\"publisher\":{\"@id\":\"https:\\\/\\\/knjigoljubac.ba\\\/#organization\"},\"potentialAction\":[{\"@type\":\"SearchAction\",\"target\":{\"@type\":\"EntryPoint\",\"urlTemplate\":\"https:\\\/\\\/knjigoljubac.ba\\\/?s={search_term_string}\"},\"query-input\":{\"@type\":\"PropertyValueSpecification\",\"valueRequired\":true,\"valueName\":\"search_term_string\"}}],\"inLanguage\":\"hr\"},{\"@type\":\"Organization\",\"@id\":\"https:\\\/\\\/knjigoljubac.ba\\\/#organization\",\"name\":\"KNJIGOLJUBAC\",\"url\":\"https:\\\/\\\/knjigoljubac.ba\\\/\",\"logo\":{\"@type\":\"ImageObject\",\"inLanguage\":\"hr\",\"@id\":\"https:\\\/\\\/knjigoljubac.ba\\\/#\\\/schema\\\/logo\\\/image\\\/\",\"url\":\"https:\\\/\\\/knjigoljubac.ba\\\/wp-content\\\/uploads\\\/2021\\\/09\\\/logo-novi-1024x465.png\",\"contentUrl\":\"https:\\\/\\\/knjigoljubac.ba\\\/wp-content\\\/uploads\\\/2021\\\/09\\\/logo-novi-1024x465.png\",\"width\":1024,\"height\":465,\"caption\":\"KNJIGOLJUBAC\"},\"image\":{\"@id\":\"https:\\\/\\\/knjigoljubac.ba\\\/#\\\/schema\\\/logo\\\/image\\\/\"},\"sameAs\":[\"https:\\\/\\\/www.facebook.com\\\/knjigoljubacba-106067741319857\\\/?ref=pages_you_manage\",\"https:\\\/\\\/www.instagram.com\\\/knjigoljubacbrcko\\\/\"]}]}<\/script>\n<!-- \/ Yoast SEO plugin. -->","yoast_head_json":{"title":"OTPOR - KNJIGOLJUBAC","robots":{"index":"index","follow":"follow","max-snippet":"max-snippet:-1","max-image-preview":"max-image-preview:large","max-video-preview":"max-video-preview:-1"},"canonical":"https:\/\/knjigoljubac.ba\/hr\/product\/otpor\/","og_locale":"hr_HR","og_type":"article","og_title":"OTPOR - KNJIGOLJUBAC","og_description":"Autor: Ernesto Sabato  Uvez: Mek  Br. str.\u00a0 150","og_url":"https:\/\/knjigoljubac.ba\/hr\/product\/otpor\/","og_site_name":"KNJIGOLJUBAC","article_publisher":"https:\/\/www.facebook.com\/knjigoljubacba-106067741319857\/?ref=pages_you_manage","og_image":[{"width":160,"height":226,"url":"https:\/\/knjigoljubac.ba\/wp-content\/uploads\/2021\/08\/Otpor.jpg","type":"image\/jpeg"}],"twitter_card":"summary_large_image","twitter_misc":{"Procijenjeno vrijeme \u010ditanja":"2 minute"},"schema":{"@context":"https:\/\/schema.org","@graph":[{"@type":"WebPage","@id":"https:\/\/knjigoljubac.ba\/bs\/product\/otpor\/","url":"https:\/\/knjigoljubac.ba\/bs\/product\/otpor\/","name":"OTPOR - KNJIGOLJUBAC","isPartOf":{"@id":"https:\/\/knjigoljubac.ba\/#website"},"primaryImageOfPage":{"@id":"https:\/\/knjigoljubac.ba\/bs\/product\/otpor\/#primaryimage"},"image":{"@id":"https:\/\/knjigoljubac.ba\/bs\/product\/otpor\/#primaryimage"},"thumbnailUrl":"https:\/\/knjigoljubac.ba\/wp-content\/uploads\/2021\/08\/Otpor.jpg","datePublished":"2021-08-26T11:12:13+00:00","breadcrumb":{"@id":"https:\/\/knjigoljubac.ba\/bs\/product\/otpor\/#breadcrumb"},"inLanguage":"hr","potentialAction":[{"@type":"ReadAction","target":["https:\/\/knjigoljubac.ba\/bs\/product\/otpor\/"]}]},{"@type":"ImageObject","inLanguage":"hr","@id":"https:\/\/knjigoljubac.ba\/bs\/product\/otpor\/#primaryimage","url":"https:\/\/knjigoljubac.ba\/wp-content\/uploads\/2021\/08\/Otpor.jpg","contentUrl":"https:\/\/knjigoljubac.ba\/wp-content\/uploads\/2021\/08\/Otpor.jpg","width":160,"height":226},{"@type":"BreadcrumbList","@id":"https:\/\/knjigoljubac.ba\/bs\/product\/otpor\/#breadcrumb","itemListElement":[{"@type":"ListItem","position":1,"name":"Po\u010detna stranica","item":"https:\/\/knjigoljubac.ba\/"},{"@type":"ListItem","position":2,"name":"Trgovina","item":"https:\/\/knjigoljubac.ba\/trgovina\/"},{"@type":"ListItem","position":3,"name":"OTPOR"}]},{"@type":"WebSite","@id":"https:\/\/knjigoljubac.ba\/#website","url":"https:\/\/knjigoljubac.ba\/","name":"KNJIGOLJUBAC","description":"Va\u0161a online knji\u017eara","publisher":{"@id":"https:\/\/knjigoljubac.ba\/#organization"},"potentialAction":[{"@type":"SearchAction","target":{"@type":"EntryPoint","urlTemplate":"https:\/\/knjigoljubac.ba\/?s={search_term_string}"},"query-input":{"@type":"PropertyValueSpecification","valueRequired":true,"valueName":"search_term_string"}}],"inLanguage":"hr"},{"@type":"Organization","@id":"https:\/\/knjigoljubac.ba\/#organization","name":"KNJIGOLJUBAC","url":"https:\/\/knjigoljubac.ba\/","logo":{"@type":"ImageObject","inLanguage":"hr","@id":"https:\/\/knjigoljubac.ba\/#\/schema\/logo\/image\/","url":"https:\/\/knjigoljubac.ba\/wp-content\/uploads\/2021\/09\/logo-novi-1024x465.png","contentUrl":"https:\/\/knjigoljubac.ba\/wp-content\/uploads\/2021\/09\/logo-novi-1024x465.png","width":1024,"height":465,"caption":"KNJIGOLJUBAC"},"image":{"@id":"https:\/\/knjigoljubac.ba\/#\/schema\/logo\/image\/"},"sameAs":["https:\/\/www.facebook.com\/knjigoljubacba-106067741319857\/?ref=pages_you_manage","https:\/\/www.instagram.com\/knjigoljubacbrcko\/"]}]}},"jetpack_sharing_enabled":true,"_links":{"self":[{"href":"https:\/\/knjigoljubac.ba\/hr\/wp-json\/wp\/v2\/product\/12328","targetHints":{"allow":["GET"]}}],"collection":[{"href":"https:\/\/knjigoljubac.ba\/hr\/wp-json\/wp\/v2\/product"}],"about":[{"href":"https:\/\/knjigoljubac.ba\/hr\/wp-json\/wp\/v2\/types\/product"}],"wp:featuredmedia":[{"embeddable":true,"href":"https:\/\/knjigoljubac.ba\/hr\/wp-json\/wp\/v2\/media\/12329"}],"wp:attachment":[{"href":"https:\/\/knjigoljubac.ba\/hr\/wp-json\/wp\/v2\/media?parent=12328"}],"wp:term":[{"taxonomy":"product_brand","embeddable":true,"href":"https:\/\/knjigoljubac.ba\/hr\/wp-json\/wp\/v2\/product_brand?post=12328"},{"taxonomy":"product_cat","embeddable":true,"href":"https:\/\/knjigoljubac.ba\/hr\/wp-json\/wp\/v2\/product_cat?post=12328"},{"taxonomy":"product_tag","embeddable":true,"href":"https:\/\/knjigoljubac.ba\/hr\/wp-json\/wp\/v2\/product_tag?post=12328"}],"curies":[{"name":"wp","href":"https:\/\/api.w.org\/{rel}","templated":true}]}}