{"id":12301,"date":"2021-07-13T05:42:31","date_gmt":"2021-07-13T05:42:31","guid":{"rendered":"https:\/\/knjigoljubac.ba\/?post_type=product&#038;p=12301"},"modified":"2021-07-13T05:42:31","modified_gmt":"2021-07-13T05:42:31","slug":"nisam-kriva","status":"publish","type":"product","link":"https:\/\/knjigoljubac.ba\/hr\/product\/nisam-kriva\/","title":{"rendered":"Nisam kriva"},"content":{"rendered":"<p><em>To je sudbina nas \u017eena&#8230; \u010cesto nas la\u017eno predstavljaju&#8230;<br \/>\n<\/em><br \/>\n<em>Bile su sau\u010desnice u bolu, u \u017eivotu koji je bio te\u017eak i nepravedan, ali od koga se nije smelo odustati. Jer \u017eivot je dar koji se ne mo\u017ee tek tako odbaciti, pokloniti drugome ili sakriti u kutiju uspomena. Uprkos svemu, za njega se vredi boriti.<br \/>\n<\/em><br \/>\nFederalni istra\u017eni biro je zatra\u017eio psihijatrijsku procenu jedne od najpoznatijih zatvorenica u dr\u017eavi. Slu\u010daj je dodeljen doktorki Hani Rajs, koja odlazi u ozlogla\u0161eni \u017eenski zatvor u Indijani.<\/p>\n<p>Nakon spektakularnog bega iz zatvora u kom je prvobitno tamnovala, Sara Porter je uhva\u0107ena i ponovo zato\u010dena. Tokom neizvesne i iscrpljuju\u0107e istrage doktorka Rajs dolazi do zapanjuju\u0107ih otkri\u0107a istovremeno sla\u017eu\u0107i mozaik Sarine kompleksne li\u010dnosti.<\/p>\n<p>Umnogome razli\u010dite, dve \u017eene se na neobi\u010dan na\u010din zbli\u017eavaju i postaju saveznice kada shvate da su im \u017eivoti u opasnosti.<\/p>\n<p>U svom novom romanu\u00a0<em>Nisam kriva<\/em>\u00a0Jelena Ba\u010di\u0107 Alimpi\u0107, autorka brojnih bestselera, virtuozno pripoveda intrigantnu pri\u010du o sudbini dve \u017eene koje su se na\u0161le pred ponorom \u017eivota, ali koje su opstale zahvaljuju\u0107i hrabrosti, upornosti i borbi.<\/p>\n","protected":false},"excerpt":{"rendered":"<div><span class=\"naslov\">Autor: Jelena Ba\u010di\u0107 Alimpi\u0107<\/span><\/div>\n<div><span class=\"naslov\">Format: <\/span>13&#215;20 cm<\/div>\n<div><span class=\"naslov\">Broj strana:\u00a0<\/span>304<\/div>\n<div><span class=\"naslov\">Pismo:\u00a0<\/span>Latinica<\/div>\n<div><span class=\"naslov\">Povez:\u00a0<\/span>Mek<\/div>\n<div><span class=\"naslov\">Godina izdanja:<br \/>\n<\/span>28. jun 2021.<\/div>\n","protected":false},"featured_media":12302,"template":"","meta":[],"product_brand":[],"product_cat":[299,325,315],"product_tag":[760,759,758,484],"class_list":{"0":"post-12301","1":"product","2":"type-product","3":"status-publish","4":"has-post-thumbnail","6":"product_cat-bestseleri","7":"product_cat-najnovije-u-knjizari","8":"product_cat-roman","9":"product_tag-alimpic","10":"product_tag-jelena-bacic","11":"product_tag-nisam-kriva","12":"product_tag-www-knjigoljubac-ba","14":"first","15":"instock","16":"taxable","17":"shipping-taxable","18":"purchasable","19":"product-type-simple"},"yoast_head":"<!-- This site is optimized with the Yoast SEO plugin v27.5 - https:\/\/yoast.com\/product\/yoast-seo-wordpress\/ -->\n<title>Nisam kriva - KNJIGOLJUBAC<\/title>\n<meta name=\"robots\" content=\"index, follow, max-snippet:-1, max-image-preview:large, max-video-preview:-1\" \/>\n<link rel=\"canonical\" href=\"https:\/\/knjigoljubac.ba\/hr\/product\/nisam-kriva\/\" \/>\n<meta property=\"og:locale\" content=\"hr_HR\" \/>\n<meta property=\"og:type\" content=\"article\" \/>\n<meta property=\"og:title\" content=\"Nisam kriva - KNJIGOLJUBAC\" \/>\n<meta property=\"og:description\" content=\"Autor: Jelena Ba\u010di\u0107 Alimpi\u0107 Format: 13x20 cm Broj strana:\u00a0304 Pismo:\u00a0Latinica Povez:\u00a0Mek Godina izdanja: 28. jun 2021.\" \/>\n<meta property=\"og:url\" content=\"https:\/\/knjigoljubac.ba\/hr\/product\/nisam-kriva\/\" \/>\n<meta property=\"og:site_name\" content=\"KNJIGOLJUBAC\" \/>\n<meta property=\"article:publisher\" content=\"https:\/\/www.facebook.com\/knjigoljubacba-106067741319857\/?ref=pages_you_manage\" \/>\n<meta property=\"og:image\" content=\"https:\/\/knjigoljubac.ba\/wp-content\/uploads\/2021\/07\/nisam_kriva-jelena_bacic_alimpic_v.jpg\" \/>\n\t<meta property=\"og:image:width\" content=\"160\" \/>\n\t<meta property=\"og:image:height\" content=\"226\" \/>\n\t<meta property=\"og:image:type\" content=\"image\/jpeg\" \/>\n<meta name=\"twitter:card\" content=\"summary_large_image\" \/>\n<meta name=\"twitter:label1\" content=\"Procijenjeno vrijeme \u010ditanja\" \/>\n\t<meta name=\"twitter:data1\" content=\"1 minuta\" \/>\n<script type=\"application\/ld+json\" class=\"yoast-schema-graph\">{\"@context\":\"https:\\\/\\\/schema.org\",\"@graph\":[{\"@type\":\"WebPage\",\"@id\":\"https:\\\/\\\/knjigoljubac.ba\\\/bs\\\/product\\\/nisam-kriva\\\/\",\"url\":\"https:\\\/\\\/knjigoljubac.ba\\\/bs\\\/product\\\/nisam-kriva\\\/\",\"name\":\"Nisam kriva - KNJIGOLJUBAC\",\"isPartOf\":{\"@id\":\"https:\\\/\\\/knjigoljubac.ba\\\/#website\"},\"primaryImageOfPage\":{\"@id\":\"https:\\\/\\\/knjigoljubac.ba\\\/bs\\\/product\\\/nisam-kriva\\\/#primaryimage\"},\"image\":{\"@id\":\"https:\\\/\\\/knjigoljubac.ba\\\/bs\\\/product\\\/nisam-kriva\\\/#primaryimage\"},\"thumbnailUrl\":\"https:\\\/\\\/knjigoljubac.ba\\\/wp-content\\\/uploads\\\/2021\\\/07\\\/nisam_kriva-jelena_bacic_alimpic_v.jpg\",\"datePublished\":\"2021-07-13T05:42:31+00:00\",\"breadcrumb\":{\"@id\":\"https:\\\/\\\/knjigoljubac.ba\\\/bs\\\/product\\\/nisam-kriva\\\/#breadcrumb\"},\"inLanguage\":\"hr\",\"potentialAction\":[{\"@type\":\"ReadAction\",\"target\":[\"https:\\\/\\\/knjigoljubac.ba\\\/bs\\\/product\\\/nisam-kriva\\\/\"]}]},{\"@type\":\"ImageObject\",\"inLanguage\":\"hr\",\"@id\":\"https:\\\/\\\/knjigoljubac.ba\\\/bs\\\/product\\\/nisam-kriva\\\/#primaryimage\",\"url\":\"https:\\\/\\\/knjigoljubac.ba\\\/wp-content\\\/uploads\\\/2021\\\/07\\\/nisam_kriva-jelena_bacic_alimpic_v.jpg\",\"contentUrl\":\"https:\\\/\\\/knjigoljubac.ba\\\/wp-content\\\/uploads\\\/2021\\\/07\\\/nisam_kriva-jelena_bacic_alimpic_v.jpg\",\"width\":160,\"height\":226},{\"@type\":\"BreadcrumbList\",\"@id\":\"https:\\\/\\\/knjigoljubac.ba\\\/bs\\\/product\\\/nisam-kriva\\\/#breadcrumb\",\"itemListElement\":[{\"@type\":\"ListItem\",\"position\":1,\"name\":\"Po\u010detna stranica\",\"item\":\"https:\\\/\\\/knjigoljubac.ba\\\/\"},{\"@type\":\"ListItem\",\"position\":2,\"name\":\"Trgovina\",\"item\":\"https:\\\/\\\/knjigoljubac.ba\\\/trgovina\\\/\"},{\"@type\":\"ListItem\",\"position\":3,\"name\":\"Nisam kriva\"}]},{\"@type\":\"WebSite\",\"@id\":\"https:\\\/\\\/knjigoljubac.ba\\\/#website\",\"url\":\"https:\\\/\\\/knjigoljubac.ba\\\/\",\"name\":\"KNJIGOLJUBAC\",\"description\":\"Va\u0161a online knji\u017eara\",\"publisher\":{\"@id\":\"https:\\\/\\\/knjigoljubac.ba\\\/#organization\"},\"potentialAction\":[{\"@type\":\"SearchAction\",\"target\":{\"@type\":\"EntryPoint\",\"urlTemplate\":\"https:\\\/\\\/knjigoljubac.ba\\\/?s={search_term_string}\"},\"query-input\":{\"@type\":\"PropertyValueSpecification\",\"valueRequired\":true,\"valueName\":\"search_term_string\"}}],\"inLanguage\":\"hr\"},{\"@type\":\"Organization\",\"@id\":\"https:\\\/\\\/knjigoljubac.ba\\\/#organization\",\"name\":\"KNJIGOLJUBAC\",\"url\":\"https:\\\/\\\/knjigoljubac.ba\\\/\",\"logo\":{\"@type\":\"ImageObject\",\"inLanguage\":\"hr\",\"@id\":\"https:\\\/\\\/knjigoljubac.ba\\\/#\\\/schema\\\/logo\\\/image\\\/\",\"url\":\"https:\\\/\\\/knjigoljubac.ba\\\/wp-content\\\/uploads\\\/2021\\\/09\\\/logo-novi-1024x465.png\",\"contentUrl\":\"https:\\\/\\\/knjigoljubac.ba\\\/wp-content\\\/uploads\\\/2021\\\/09\\\/logo-novi-1024x465.png\",\"width\":1024,\"height\":465,\"caption\":\"KNJIGOLJUBAC\"},\"image\":{\"@id\":\"https:\\\/\\\/knjigoljubac.ba\\\/#\\\/schema\\\/logo\\\/image\\\/\"},\"sameAs\":[\"https:\\\/\\\/www.facebook.com\\\/knjigoljubacba-106067741319857\\\/?ref=pages_you_manage\",\"https:\\\/\\\/www.instagram.com\\\/knjigoljubacbrcko\\\/\"]}]}<\/script>\n<!-- \/ Yoast SEO plugin. -->","yoast_head_json":{"title":"Nisam kriva - KNJIGOLJUBAC","robots":{"index":"index","follow":"follow","max-snippet":"max-snippet:-1","max-image-preview":"max-image-preview:large","max-video-preview":"max-video-preview:-1"},"canonical":"https:\/\/knjigoljubac.ba\/hr\/product\/nisam-kriva\/","og_locale":"hr_HR","og_type":"article","og_title":"Nisam kriva - KNJIGOLJUBAC","og_description":"Autor: Jelena Ba\u010di\u0107 Alimpi\u0107 Format: 13x20 cm Broj strana:\u00a0304 Pismo:\u00a0Latinica Povez:\u00a0Mek Godina izdanja: 28. jun 2021.","og_url":"https:\/\/knjigoljubac.ba\/hr\/product\/nisam-kriva\/","og_site_name":"KNJIGOLJUBAC","article_publisher":"https:\/\/www.facebook.com\/knjigoljubacba-106067741319857\/?ref=pages_you_manage","og_image":[{"width":160,"height":226,"url":"https:\/\/knjigoljubac.ba\/wp-content\/uploads\/2021\/07\/nisam_kriva-jelena_bacic_alimpic_v.jpg","type":"image\/jpeg"}],"twitter_card":"summary_large_image","twitter_misc":{"Procijenjeno vrijeme \u010ditanja":"1 minuta"},"schema":{"@context":"https:\/\/schema.org","@graph":[{"@type":"WebPage","@id":"https:\/\/knjigoljubac.ba\/bs\/product\/nisam-kriva\/","url":"https:\/\/knjigoljubac.ba\/bs\/product\/nisam-kriva\/","name":"Nisam kriva - KNJIGOLJUBAC","isPartOf":{"@id":"https:\/\/knjigoljubac.ba\/#website"},"primaryImageOfPage":{"@id":"https:\/\/knjigoljubac.ba\/bs\/product\/nisam-kriva\/#primaryimage"},"image":{"@id":"https:\/\/knjigoljubac.ba\/bs\/product\/nisam-kriva\/#primaryimage"},"thumbnailUrl":"https:\/\/knjigoljubac.ba\/wp-content\/uploads\/2021\/07\/nisam_kriva-jelena_bacic_alimpic_v.jpg","datePublished":"2021-07-13T05:42:31+00:00","breadcrumb":{"@id":"https:\/\/knjigoljubac.ba\/bs\/product\/nisam-kriva\/#breadcrumb"},"inLanguage":"hr","potentialAction":[{"@type":"ReadAction","target":["https:\/\/knjigoljubac.ba\/bs\/product\/nisam-kriva\/"]}]},{"@type":"ImageObject","inLanguage":"hr","@id":"https:\/\/knjigoljubac.ba\/bs\/product\/nisam-kriva\/#primaryimage","url":"https:\/\/knjigoljubac.ba\/wp-content\/uploads\/2021\/07\/nisam_kriva-jelena_bacic_alimpic_v.jpg","contentUrl":"https:\/\/knjigoljubac.ba\/wp-content\/uploads\/2021\/07\/nisam_kriva-jelena_bacic_alimpic_v.jpg","width":160,"height":226},{"@type":"BreadcrumbList","@id":"https:\/\/knjigoljubac.ba\/bs\/product\/nisam-kriva\/#breadcrumb","itemListElement":[{"@type":"ListItem","position":1,"name":"Po\u010detna stranica","item":"https:\/\/knjigoljubac.ba\/"},{"@type":"ListItem","position":2,"name":"Trgovina","item":"https:\/\/knjigoljubac.ba\/trgovina\/"},{"@type":"ListItem","position":3,"name":"Nisam kriva"}]},{"@type":"WebSite","@id":"https:\/\/knjigoljubac.ba\/#website","url":"https:\/\/knjigoljubac.ba\/","name":"KNJIGOLJUBAC","description":"Va\u0161a online knji\u017eara","publisher":{"@id":"https:\/\/knjigoljubac.ba\/#organization"},"potentialAction":[{"@type":"SearchAction","target":{"@type":"EntryPoint","urlTemplate":"https:\/\/knjigoljubac.ba\/?s={search_term_string}"},"query-input":{"@type":"PropertyValueSpecification","valueRequired":true,"valueName":"search_term_string"}}],"inLanguage":"hr"},{"@type":"Organization","@id":"https:\/\/knjigoljubac.ba\/#organization","name":"KNJIGOLJUBAC","url":"https:\/\/knjigoljubac.ba\/","logo":{"@type":"ImageObject","inLanguage":"hr","@id":"https:\/\/knjigoljubac.ba\/#\/schema\/logo\/image\/","url":"https:\/\/knjigoljubac.ba\/wp-content\/uploads\/2021\/09\/logo-novi-1024x465.png","contentUrl":"https:\/\/knjigoljubac.ba\/wp-content\/uploads\/2021\/09\/logo-novi-1024x465.png","width":1024,"height":465,"caption":"KNJIGOLJUBAC"},"image":{"@id":"https:\/\/knjigoljubac.ba\/#\/schema\/logo\/image\/"},"sameAs":["https:\/\/www.facebook.com\/knjigoljubacba-106067741319857\/?ref=pages_you_manage","https:\/\/www.instagram.com\/knjigoljubacbrcko\/"]}]}},"jetpack_sharing_enabled":true,"_links":{"self":[{"href":"https:\/\/knjigoljubac.ba\/hr\/wp-json\/wp\/v2\/product\/12301","targetHints":{"allow":["GET"]}}],"collection":[{"href":"https:\/\/knjigoljubac.ba\/hr\/wp-json\/wp\/v2\/product"}],"about":[{"href":"https:\/\/knjigoljubac.ba\/hr\/wp-json\/wp\/v2\/types\/product"}],"wp:featuredmedia":[{"embeddable":true,"href":"https:\/\/knjigoljubac.ba\/hr\/wp-json\/wp\/v2\/media\/12302"}],"wp:attachment":[{"href":"https:\/\/knjigoljubac.ba\/hr\/wp-json\/wp\/v2\/media?parent=12301"}],"wp:term":[{"taxonomy":"product_brand","embeddable":true,"href":"https:\/\/knjigoljubac.ba\/hr\/wp-json\/wp\/v2\/product_brand?post=12301"},{"taxonomy":"product_cat","embeddable":true,"href":"https:\/\/knjigoljubac.ba\/hr\/wp-json\/wp\/v2\/product_cat?post=12301"},{"taxonomy":"product_tag","embeddable":true,"href":"https:\/\/knjigoljubac.ba\/hr\/wp-json\/wp\/v2\/product_tag?post=12301"}],"curies":[{"name":"wp","href":"https:\/\/api.w.org\/{rel}","templated":true}]}}