{"id":12248,"date":"2021-02-17T17:17:01","date_gmt":"2021-02-17T17:17:01","guid":{"rendered":"https:\/\/knjigoljubac.ba\/?post_type=product&#038;p=12248"},"modified":"2021-02-17T17:17:02","modified_gmt":"2021-02-17T17:17:02","slug":"bol-boja-bozje-milosti","status":"publish","type":"product","link":"https:\/\/knjigoljubac.ba\/hr\/product\/bol-boja-bozje-milosti\/","title":{"rendered":"Bol, boja Bo\u017eje milosti"},"content":{"rendered":"<p>Mislim da ne mistifikujem stvari ako ka\u017eem da autor ove knjige kristalne kongruencije (broj 19 interesantan je i sa stanovi\u0161ta pitagorejske akroamatike) radi u tekstu sa energijama palimpsesta. A sve \u0161to je energijsko, budi energiju. Sve je ovdje vo\u0111eno tajanstvenim \u010dinima palimpsesta koji podrazumevaju celokupnu verodostojnu ba\u0161tinu. A palimpsest je, svakako, sine qua non poezije ovog vremena. A pesnik nije tu tek neki plesnivi arheolog, puki skriptor, ve\u0107 archeus, unutra\u0161nji alhemi\u010dar u jeziku, pro\u010di\u0161\u0107iva\u010d \u201cjezika plemena\u201d, arhitekta novih svetova. Ove pesme su ekstati\u010dki otvorene prema bivstvu, pri \u010demu svaki stih vibrira svojim tajanstvenim telepatijama i pri \u010demu energetski potencijal svake re\u010di ili stiha zavisi od mo\u0107i konteksta: tekst se spiralno uvija unutra, uvire u svoje sredi\u0161te, u njegov neodoljivo privla\u010dan kovitlac energija u kojima je skriveno esencijalno. Obuhvataju\u0107e i obujmljeno se tu duboko pro\u017eimaju.<\/p>\n<p>Sudar smislova, igra odblesaka i ogledala, obilje prizvuka, tanano odmerena emocija, erotizam inverzije, vi\u0161ezna\u010dnost, aluzivnost, opsednutost problemima jezika, izricanja smisla i sudbine pesni\u0161tva, protivstavljanja zna\u010denja, te bri\u017eljiva jezi\u010dka strategija \u2013 sve su to bitne specie poetskih tekstova iz ove knjige&#8230;<\/p>\n<p><em>Dragan Jovanovi\u0107 Danilov<\/em><\/p>\n","protected":false},"excerpt":{"rendered":"<p>Autor: \u017deljko Grahovac<\/p>\n<p>Izdava\u010d: Zalihica, Sarajevo<\/p>\n<p>Uvez: Tvrdi<\/p>\n<p>Broj strana: 100<\/p>\n","protected":false},"featured_media":12250,"template":"","meta":[],"product_brand":[],"product_cat":[287,302,326],"product_tag":[729,728,324,730],"class_list":{"0":"post-12248","1":"product","2":"type-product","3":"status-publish","4":"has-post-thumbnail","6":"product_cat-nasa-izdanja","7":"product_cat-poezija","8":"product_cat-preporuceno","9":"product_tag-boja-bozje-milosti","10":"product_tag-bol","11":"product_tag-zalihica","12":"product_tag-zeljko-grahovac","14":"first","15":"instock","16":"sale","17":"taxable","18":"shipping-taxable","19":"purchasable","20":"product-type-simple"},"yoast_head":"<!-- This site is optimized with the Yoast SEO plugin v27.5 - https:\/\/yoast.com\/product\/yoast-seo-wordpress\/ -->\n<title>Bol, boja Bo\u017eje milosti - KNJIGOLJUBAC<\/title>\n<meta name=\"robots\" content=\"index, follow, max-snippet:-1, max-image-preview:large, max-video-preview:-1\" \/>\n<link rel=\"canonical\" href=\"https:\/\/knjigoljubac.ba\/hr\/product\/bol-boja-bozje-milosti\/\" \/>\n<meta property=\"og:locale\" content=\"hr_HR\" \/>\n<meta property=\"og:type\" content=\"article\" \/>\n<meta property=\"og:title\" content=\"Bol, boja Bo\u017eje milosti - KNJIGOLJUBAC\" \/>\n<meta property=\"og:description\" content=\"Autor: \u017deljko Grahovac  Izdava\u010d: Zalihica, Sarajevo  Uvez: Tvrdi  Broj strana: 100\" \/>\n<meta property=\"og:url\" content=\"https:\/\/knjigoljubac.ba\/hr\/product\/bol-boja-bozje-milosti\/\" \/>\n<meta property=\"og:site_name\" content=\"KNJIGOLJUBAC\" \/>\n<meta property=\"article:publisher\" content=\"https:\/\/www.facebook.com\/knjigoljubacba-106067741319857\/?ref=pages_you_manage\" \/>\n<meta property=\"article:modified_time\" content=\"2021-02-17T17:17:02+00:00\" \/>\n<meta property=\"og:image\" content=\"https:\/\/knjigoljubac.ba\/wp-content\/uploads\/2021\/02\/14.jpg\" \/>\n\t<meta property=\"og:image:width\" content=\"142\" \/>\n\t<meta property=\"og:image:height\" content=\"236\" \/>\n\t<meta property=\"og:image:type\" content=\"image\/jpeg\" \/>\n<meta name=\"twitter:card\" content=\"summary_large_image\" \/>\n<meta name=\"twitter:label1\" content=\"Procijenjeno vrijeme \u010ditanja\" \/>\n\t<meta name=\"twitter:data1\" content=\"1 minuta\" \/>\n<script type=\"application\/ld+json\" class=\"yoast-schema-graph\">{\"@context\":\"https:\\\/\\\/schema.org\",\"@graph\":[{\"@type\":\"WebPage\",\"@id\":\"https:\\\/\\\/knjigoljubac.ba\\\/product\\\/bol-boja-bozje-milosti\\\/\",\"url\":\"https:\\\/\\\/knjigoljubac.ba\\\/product\\\/bol-boja-bozje-milosti\\\/\",\"name\":\"Bol, boja Bo\u017eje milosti - KNJIGOLJUBAC\",\"isPartOf\":{\"@id\":\"https:\\\/\\\/knjigoljubac.ba\\\/#website\"},\"primaryImageOfPage\":{\"@id\":\"https:\\\/\\\/knjigoljubac.ba\\\/product\\\/bol-boja-bozje-milosti\\\/#primaryimage\"},\"image\":{\"@id\":\"https:\\\/\\\/knjigoljubac.ba\\\/product\\\/bol-boja-bozje-milosti\\\/#primaryimage\"},\"thumbnailUrl\":\"https:\\\/\\\/knjigoljubac.ba\\\/wp-content\\\/uploads\\\/2021\\\/02\\\/14.jpg\",\"datePublished\":\"2021-02-17T17:17:01+00:00\",\"dateModified\":\"2021-02-17T17:17:02+00:00\",\"breadcrumb\":{\"@id\":\"https:\\\/\\\/knjigoljubac.ba\\\/product\\\/bol-boja-bozje-milosti\\\/#breadcrumb\"},\"inLanguage\":\"hr\",\"potentialAction\":[{\"@type\":\"ReadAction\",\"target\":[\"https:\\\/\\\/knjigoljubac.ba\\\/product\\\/bol-boja-bozje-milosti\\\/\"]}]},{\"@type\":\"ImageObject\",\"inLanguage\":\"hr\",\"@id\":\"https:\\\/\\\/knjigoljubac.ba\\\/product\\\/bol-boja-bozje-milosti\\\/#primaryimage\",\"url\":\"https:\\\/\\\/knjigoljubac.ba\\\/wp-content\\\/uploads\\\/2021\\\/02\\\/14.jpg\",\"contentUrl\":\"https:\\\/\\\/knjigoljubac.ba\\\/wp-content\\\/uploads\\\/2021\\\/02\\\/14.jpg\",\"width\":142,\"height\":236},{\"@type\":\"BreadcrumbList\",\"@id\":\"https:\\\/\\\/knjigoljubac.ba\\\/product\\\/bol-boja-bozje-milosti\\\/#breadcrumb\",\"itemListElement\":[{\"@type\":\"ListItem\",\"position\":1,\"name\":\"Po\u010detna stranica\",\"item\":\"https:\\\/\\\/knjigoljubac.ba\\\/\"},{\"@type\":\"ListItem\",\"position\":2,\"name\":\"Trgovina\",\"item\":\"https:\\\/\\\/knjigoljubac.ba\\\/trgovina\\\/\"},{\"@type\":\"ListItem\",\"position\":3,\"name\":\"Bol, boja Bo\u017eje milosti\"}]},{\"@type\":\"WebSite\",\"@id\":\"https:\\\/\\\/knjigoljubac.ba\\\/#website\",\"url\":\"https:\\\/\\\/knjigoljubac.ba\\\/\",\"name\":\"KNJIGOLJUBAC\",\"description\":\"Va\u0161a online knji\u017eara\",\"publisher\":{\"@id\":\"https:\\\/\\\/knjigoljubac.ba\\\/#organization\"},\"potentialAction\":[{\"@type\":\"SearchAction\",\"target\":{\"@type\":\"EntryPoint\",\"urlTemplate\":\"https:\\\/\\\/knjigoljubac.ba\\\/?s={search_term_string}\"},\"query-input\":{\"@type\":\"PropertyValueSpecification\",\"valueRequired\":true,\"valueName\":\"search_term_string\"}}],\"inLanguage\":\"hr\"},{\"@type\":\"Organization\",\"@id\":\"https:\\\/\\\/knjigoljubac.ba\\\/#organization\",\"name\":\"KNJIGOLJUBAC\",\"url\":\"https:\\\/\\\/knjigoljubac.ba\\\/\",\"logo\":{\"@type\":\"ImageObject\",\"inLanguage\":\"hr\",\"@id\":\"https:\\\/\\\/knjigoljubac.ba\\\/#\\\/schema\\\/logo\\\/image\\\/\",\"url\":\"https:\\\/\\\/knjigoljubac.ba\\\/wp-content\\\/uploads\\\/2021\\\/09\\\/logo-novi-1024x465.png\",\"contentUrl\":\"https:\\\/\\\/knjigoljubac.ba\\\/wp-content\\\/uploads\\\/2021\\\/09\\\/logo-novi-1024x465.png\",\"width\":1024,\"height\":465,\"caption\":\"KNJIGOLJUBAC\"},\"image\":{\"@id\":\"https:\\\/\\\/knjigoljubac.ba\\\/#\\\/schema\\\/logo\\\/image\\\/\"},\"sameAs\":[\"https:\\\/\\\/www.facebook.com\\\/knjigoljubacba-106067741319857\\\/?ref=pages_you_manage\",\"https:\\\/\\\/www.instagram.com\\\/knjigoljubacbrcko\\\/\"]}]}<\/script>\n<!-- \/ Yoast SEO plugin. -->","yoast_head_json":{"title":"Bol, boja Bo\u017eje milosti - KNJIGOLJUBAC","robots":{"index":"index","follow":"follow","max-snippet":"max-snippet:-1","max-image-preview":"max-image-preview:large","max-video-preview":"max-video-preview:-1"},"canonical":"https:\/\/knjigoljubac.ba\/hr\/product\/bol-boja-bozje-milosti\/","og_locale":"hr_HR","og_type":"article","og_title":"Bol, boja Bo\u017eje milosti - KNJIGOLJUBAC","og_description":"Autor: \u017deljko Grahovac  Izdava\u010d: Zalihica, Sarajevo  Uvez: Tvrdi  Broj strana: 100","og_url":"https:\/\/knjigoljubac.ba\/hr\/product\/bol-boja-bozje-milosti\/","og_site_name":"KNJIGOLJUBAC","article_publisher":"https:\/\/www.facebook.com\/knjigoljubacba-106067741319857\/?ref=pages_you_manage","article_modified_time":"2021-02-17T17:17:02+00:00","og_image":[{"width":142,"height":236,"url":"https:\/\/knjigoljubac.ba\/wp-content\/uploads\/2021\/02\/14.jpg","type":"image\/jpeg"}],"twitter_card":"summary_large_image","twitter_misc":{"Procijenjeno vrijeme \u010ditanja":"1 minuta"},"schema":{"@context":"https:\/\/schema.org","@graph":[{"@type":"WebPage","@id":"https:\/\/knjigoljubac.ba\/product\/bol-boja-bozje-milosti\/","url":"https:\/\/knjigoljubac.ba\/product\/bol-boja-bozje-milosti\/","name":"Bol, boja Bo\u017eje milosti - KNJIGOLJUBAC","isPartOf":{"@id":"https:\/\/knjigoljubac.ba\/#website"},"primaryImageOfPage":{"@id":"https:\/\/knjigoljubac.ba\/product\/bol-boja-bozje-milosti\/#primaryimage"},"image":{"@id":"https:\/\/knjigoljubac.ba\/product\/bol-boja-bozje-milosti\/#primaryimage"},"thumbnailUrl":"https:\/\/knjigoljubac.ba\/wp-content\/uploads\/2021\/02\/14.jpg","datePublished":"2021-02-17T17:17:01+00:00","dateModified":"2021-02-17T17:17:02+00:00","breadcrumb":{"@id":"https:\/\/knjigoljubac.ba\/product\/bol-boja-bozje-milosti\/#breadcrumb"},"inLanguage":"hr","potentialAction":[{"@type":"ReadAction","target":["https:\/\/knjigoljubac.ba\/product\/bol-boja-bozje-milosti\/"]}]},{"@type":"ImageObject","inLanguage":"hr","@id":"https:\/\/knjigoljubac.ba\/product\/bol-boja-bozje-milosti\/#primaryimage","url":"https:\/\/knjigoljubac.ba\/wp-content\/uploads\/2021\/02\/14.jpg","contentUrl":"https:\/\/knjigoljubac.ba\/wp-content\/uploads\/2021\/02\/14.jpg","width":142,"height":236},{"@type":"BreadcrumbList","@id":"https:\/\/knjigoljubac.ba\/product\/bol-boja-bozje-milosti\/#breadcrumb","itemListElement":[{"@type":"ListItem","position":1,"name":"Po\u010detna stranica","item":"https:\/\/knjigoljubac.ba\/"},{"@type":"ListItem","position":2,"name":"Trgovina","item":"https:\/\/knjigoljubac.ba\/trgovina\/"},{"@type":"ListItem","position":3,"name":"Bol, boja Bo\u017eje milosti"}]},{"@type":"WebSite","@id":"https:\/\/knjigoljubac.ba\/#website","url":"https:\/\/knjigoljubac.ba\/","name":"KNJIGOLJUBAC","description":"Va\u0161a online knji\u017eara","publisher":{"@id":"https:\/\/knjigoljubac.ba\/#organization"},"potentialAction":[{"@type":"SearchAction","target":{"@type":"EntryPoint","urlTemplate":"https:\/\/knjigoljubac.ba\/?s={search_term_string}"},"query-input":{"@type":"PropertyValueSpecification","valueRequired":true,"valueName":"search_term_string"}}],"inLanguage":"hr"},{"@type":"Organization","@id":"https:\/\/knjigoljubac.ba\/#organization","name":"KNJIGOLJUBAC","url":"https:\/\/knjigoljubac.ba\/","logo":{"@type":"ImageObject","inLanguage":"hr","@id":"https:\/\/knjigoljubac.ba\/#\/schema\/logo\/image\/","url":"https:\/\/knjigoljubac.ba\/wp-content\/uploads\/2021\/09\/logo-novi-1024x465.png","contentUrl":"https:\/\/knjigoljubac.ba\/wp-content\/uploads\/2021\/09\/logo-novi-1024x465.png","width":1024,"height":465,"caption":"KNJIGOLJUBAC"},"image":{"@id":"https:\/\/knjigoljubac.ba\/#\/schema\/logo\/image\/"},"sameAs":["https:\/\/www.facebook.com\/knjigoljubacba-106067741319857\/?ref=pages_you_manage","https:\/\/www.instagram.com\/knjigoljubacbrcko\/"]}]}},"jetpack_sharing_enabled":true,"_links":{"self":[{"href":"https:\/\/knjigoljubac.ba\/hr\/wp-json\/wp\/v2\/product\/12248","targetHints":{"allow":["GET"]}}],"collection":[{"href":"https:\/\/knjigoljubac.ba\/hr\/wp-json\/wp\/v2\/product"}],"about":[{"href":"https:\/\/knjigoljubac.ba\/hr\/wp-json\/wp\/v2\/types\/product"}],"wp:featuredmedia":[{"embeddable":true,"href":"https:\/\/knjigoljubac.ba\/hr\/wp-json\/wp\/v2\/media\/12250"}],"wp:attachment":[{"href":"https:\/\/knjigoljubac.ba\/hr\/wp-json\/wp\/v2\/media?parent=12248"}],"wp:term":[{"taxonomy":"product_brand","embeddable":true,"href":"https:\/\/knjigoljubac.ba\/hr\/wp-json\/wp\/v2\/product_brand?post=12248"},{"taxonomy":"product_cat","embeddable":true,"href":"https:\/\/knjigoljubac.ba\/hr\/wp-json\/wp\/v2\/product_cat?post=12248"},{"taxonomy":"product_tag","embeddable":true,"href":"https:\/\/knjigoljubac.ba\/hr\/wp-json\/wp\/v2\/product_tag?post=12248"}],"curies":[{"name":"wp","href":"https:\/\/api.w.org\/{rel}","templated":true}]}}