{"id":122429,"date":"2025-04-29T07:29:31","date_gmt":"2025-04-29T07:29:31","guid":{"rendered":"https:\/\/knjigoljubac.ba\/?post_type=product&#038;p=122429"},"modified":"2025-04-29T07:29:31","modified_gmt":"2025-04-29T07:29:31","slug":"quadriga","status":"publish","type":"product","link":"https:\/\/knjigoljubac.ba\/hr\/product\/quadriga\/","title":{"rendered":"Quadriga"},"content":{"rendered":"<p>Quadriga je roman Irfana Horozovi\u0107a, romansijera, pripovjeda\u010da, pjesnika, esejiste i dramskog pisca. Horozovi\u0107eve knjige su prevedene na mnoge jezike. Pisac u svojim delima objedinjuje do\u017eivlja svijeta kao tajne sa velikom knji\u017eevnom erudicijom.<\/p>\n","protected":false},"excerpt":{"rendered":"<p title=\"Brosiran\">Autor: Irfan Horozovi\u0107<\/p>\n<p title=\"Brosiran\">Povez: Tvrdi, ovitak<\/p>\n<p title=\"God.izdavanja\">God.izdanja:2005.<\/p>\n<p title=\"Izdavac\">Izdava\u010d:\u0160ahinpa\u0161i\u0107<\/p>\n<p title=\"Zemlja porekla\">Dostupnost: Na stanju<\/p>\n<p title=\"ISBN\">\n","protected":false},"featured_media":122430,"template":"","meta":[],"product_brand":[],"product_cat":[300,326,315],"product_tag":[1108,809,334,1182],"class_list":{"0":"post-122429","1":"product","2":"type-product","3":"status-publish","4":"has-post-thumbnail","6":"product_cat-domaci-autori","7":"product_cat-preporuceno","8":"product_cat-roman","9":"product_tag-irfan-horozovic","10":"product_tag-knjiga","11":"product_tag-knjigoljubac","12":"product_tag-quadriga","14":"first","15":"instock","16":"sale","17":"taxable","18":"shipping-taxable","19":"purchasable","20":"product-type-simple"},"yoast_head":"<!-- This site is optimized with the Yoast SEO plugin v27.5 - https:\/\/yoast.com\/product\/yoast-seo-wordpress\/ -->\n<title>Quadriga - KNJIGOLJUBAC<\/title>\n<meta name=\"robots\" content=\"index, follow, max-snippet:-1, max-image-preview:large, max-video-preview:-1\" \/>\n<link rel=\"canonical\" href=\"https:\/\/knjigoljubac.ba\/hr\/product\/quadriga\/\" \/>\n<meta property=\"og:locale\" content=\"hr_HR\" \/>\n<meta property=\"og:type\" content=\"article\" \/>\n<meta property=\"og:title\" content=\"Quadriga - KNJIGOLJUBAC\" \/>\n<meta property=\"og:description\" content=\"Autor: Irfan Horozovi\u0107 Povez: Tvrdi, ovitak God.izdanja:2005. Izdava\u010d:\u0160ahinpa\u0161i\u0107 Dostupnost: Na stanju\" \/>\n<meta property=\"og:url\" content=\"https:\/\/knjigoljubac.ba\/hr\/product\/quadriga\/\" \/>\n<meta property=\"og:site_name\" content=\"KNJIGOLJUBAC\" \/>\n<meta property=\"article:publisher\" content=\"https:\/\/www.facebook.com\/knjigoljubacba-106067741319857\/?ref=pages_you_manage\" \/>\n<meta property=\"og:image\" content=\"https:\/\/knjigoljubac.ba\/wp-content\/uploads\/2025\/04\/quadriga.jpg\" \/>\n\t<meta property=\"og:image:width\" content=\"160\" \/>\n\t<meta property=\"og:image:height\" content=\"226\" \/>\n\t<meta property=\"og:image:type\" content=\"image\/jpeg\" \/>\n<meta name=\"twitter:card\" content=\"summary_large_image\" \/>\n<script type=\"application\/ld+json\" class=\"yoast-schema-graph\">{\"@context\":\"https:\\\/\\\/schema.org\",\"@graph\":[{\"@type\":\"WebPage\",\"@id\":\"https:\\\/\\\/knjigoljubac.ba\\\/product\\\/quadriga\\\/\",\"url\":\"https:\\\/\\\/knjigoljubac.ba\\\/product\\\/quadriga\\\/\",\"name\":\"Quadriga - KNJIGOLJUBAC\",\"isPartOf\":{\"@id\":\"https:\\\/\\\/knjigoljubac.ba\\\/#website\"},\"primaryImageOfPage\":{\"@id\":\"https:\\\/\\\/knjigoljubac.ba\\\/product\\\/quadriga\\\/#primaryimage\"},\"image\":{\"@id\":\"https:\\\/\\\/knjigoljubac.ba\\\/product\\\/quadriga\\\/#primaryimage\"},\"thumbnailUrl\":\"https:\\\/\\\/knjigoljubac.ba\\\/wp-content\\\/uploads\\\/2025\\\/04\\\/quadriga.jpg\",\"datePublished\":\"2025-04-29T07:29:31+00:00\",\"breadcrumb\":{\"@id\":\"https:\\\/\\\/knjigoljubac.ba\\\/product\\\/quadriga\\\/#breadcrumb\"},\"inLanguage\":\"hr\",\"potentialAction\":[{\"@type\":\"ReadAction\",\"target\":[\"https:\\\/\\\/knjigoljubac.ba\\\/product\\\/quadriga\\\/\"]}]},{\"@type\":\"ImageObject\",\"inLanguage\":\"hr\",\"@id\":\"https:\\\/\\\/knjigoljubac.ba\\\/product\\\/quadriga\\\/#primaryimage\",\"url\":\"https:\\\/\\\/knjigoljubac.ba\\\/wp-content\\\/uploads\\\/2025\\\/04\\\/quadriga.jpg\",\"contentUrl\":\"https:\\\/\\\/knjigoljubac.ba\\\/wp-content\\\/uploads\\\/2025\\\/04\\\/quadriga.jpg\",\"width\":160,\"height\":226},{\"@type\":\"BreadcrumbList\",\"@id\":\"https:\\\/\\\/knjigoljubac.ba\\\/product\\\/quadriga\\\/#breadcrumb\",\"itemListElement\":[{\"@type\":\"ListItem\",\"position\":1,\"name\":\"Po\u010detna stranica\",\"item\":\"https:\\\/\\\/knjigoljubac.ba\\\/\"},{\"@type\":\"ListItem\",\"position\":2,\"name\":\"Trgovina\",\"item\":\"https:\\\/\\\/knjigoljubac.ba\\\/trgovina\\\/\"},{\"@type\":\"ListItem\",\"position\":3,\"name\":\"Quadriga\"}]},{\"@type\":\"WebSite\",\"@id\":\"https:\\\/\\\/knjigoljubac.ba\\\/#website\",\"url\":\"https:\\\/\\\/knjigoljubac.ba\\\/\",\"name\":\"KNJIGOLJUBAC\",\"description\":\"Va\u0161a online knji\u017eara\",\"publisher\":{\"@id\":\"https:\\\/\\\/knjigoljubac.ba\\\/#organization\"},\"potentialAction\":[{\"@type\":\"SearchAction\",\"target\":{\"@type\":\"EntryPoint\",\"urlTemplate\":\"https:\\\/\\\/knjigoljubac.ba\\\/?s={search_term_string}\"},\"query-input\":{\"@type\":\"PropertyValueSpecification\",\"valueRequired\":true,\"valueName\":\"search_term_string\"}}],\"inLanguage\":\"hr\"},{\"@type\":\"Organization\",\"@id\":\"https:\\\/\\\/knjigoljubac.ba\\\/#organization\",\"name\":\"KNJIGOLJUBAC\",\"url\":\"https:\\\/\\\/knjigoljubac.ba\\\/\",\"logo\":{\"@type\":\"ImageObject\",\"inLanguage\":\"hr\",\"@id\":\"https:\\\/\\\/knjigoljubac.ba\\\/#\\\/schema\\\/logo\\\/image\\\/\",\"url\":\"https:\\\/\\\/knjigoljubac.ba\\\/wp-content\\\/uploads\\\/2021\\\/09\\\/logo-novi-1024x465.png\",\"contentUrl\":\"https:\\\/\\\/knjigoljubac.ba\\\/wp-content\\\/uploads\\\/2021\\\/09\\\/logo-novi-1024x465.png\",\"width\":1024,\"height\":465,\"caption\":\"KNJIGOLJUBAC\"},\"image\":{\"@id\":\"https:\\\/\\\/knjigoljubac.ba\\\/#\\\/schema\\\/logo\\\/image\\\/\"},\"sameAs\":[\"https:\\\/\\\/www.facebook.com\\\/knjigoljubacba-106067741319857\\\/?ref=pages_you_manage\",\"https:\\\/\\\/www.instagram.com\\\/knjigoljubacbrcko\\\/\"]}]}<\/script>\n<!-- \/ Yoast SEO plugin. -->","yoast_head_json":{"title":"Quadriga - KNJIGOLJUBAC","robots":{"index":"index","follow":"follow","max-snippet":"max-snippet:-1","max-image-preview":"max-image-preview:large","max-video-preview":"max-video-preview:-1"},"canonical":"https:\/\/knjigoljubac.ba\/hr\/product\/quadriga\/","og_locale":"hr_HR","og_type":"article","og_title":"Quadriga - KNJIGOLJUBAC","og_description":"Autor: Irfan Horozovi\u0107 Povez: Tvrdi, ovitak God.izdanja:2005. Izdava\u010d:\u0160ahinpa\u0161i\u0107 Dostupnost: Na stanju","og_url":"https:\/\/knjigoljubac.ba\/hr\/product\/quadriga\/","og_site_name":"KNJIGOLJUBAC","article_publisher":"https:\/\/www.facebook.com\/knjigoljubacba-106067741319857\/?ref=pages_you_manage","og_image":[{"width":160,"height":226,"url":"https:\/\/knjigoljubac.ba\/wp-content\/uploads\/2025\/04\/quadriga.jpg","type":"image\/jpeg"}],"twitter_card":"summary_large_image","schema":{"@context":"https:\/\/schema.org","@graph":[{"@type":"WebPage","@id":"https:\/\/knjigoljubac.ba\/product\/quadriga\/","url":"https:\/\/knjigoljubac.ba\/product\/quadriga\/","name":"Quadriga - KNJIGOLJUBAC","isPartOf":{"@id":"https:\/\/knjigoljubac.ba\/#website"},"primaryImageOfPage":{"@id":"https:\/\/knjigoljubac.ba\/product\/quadriga\/#primaryimage"},"image":{"@id":"https:\/\/knjigoljubac.ba\/product\/quadriga\/#primaryimage"},"thumbnailUrl":"https:\/\/knjigoljubac.ba\/wp-content\/uploads\/2025\/04\/quadriga.jpg","datePublished":"2025-04-29T07:29:31+00:00","breadcrumb":{"@id":"https:\/\/knjigoljubac.ba\/product\/quadriga\/#breadcrumb"},"inLanguage":"hr","potentialAction":[{"@type":"ReadAction","target":["https:\/\/knjigoljubac.ba\/product\/quadriga\/"]}]},{"@type":"ImageObject","inLanguage":"hr","@id":"https:\/\/knjigoljubac.ba\/product\/quadriga\/#primaryimage","url":"https:\/\/knjigoljubac.ba\/wp-content\/uploads\/2025\/04\/quadriga.jpg","contentUrl":"https:\/\/knjigoljubac.ba\/wp-content\/uploads\/2025\/04\/quadriga.jpg","width":160,"height":226},{"@type":"BreadcrumbList","@id":"https:\/\/knjigoljubac.ba\/product\/quadriga\/#breadcrumb","itemListElement":[{"@type":"ListItem","position":1,"name":"Po\u010detna stranica","item":"https:\/\/knjigoljubac.ba\/"},{"@type":"ListItem","position":2,"name":"Trgovina","item":"https:\/\/knjigoljubac.ba\/trgovina\/"},{"@type":"ListItem","position":3,"name":"Quadriga"}]},{"@type":"WebSite","@id":"https:\/\/knjigoljubac.ba\/#website","url":"https:\/\/knjigoljubac.ba\/","name":"KNJIGOLJUBAC","description":"Va\u0161a online knji\u017eara","publisher":{"@id":"https:\/\/knjigoljubac.ba\/#organization"},"potentialAction":[{"@type":"SearchAction","target":{"@type":"EntryPoint","urlTemplate":"https:\/\/knjigoljubac.ba\/?s={search_term_string}"},"query-input":{"@type":"PropertyValueSpecification","valueRequired":true,"valueName":"search_term_string"}}],"inLanguage":"hr"},{"@type":"Organization","@id":"https:\/\/knjigoljubac.ba\/#organization","name":"KNJIGOLJUBAC","url":"https:\/\/knjigoljubac.ba\/","logo":{"@type":"ImageObject","inLanguage":"hr","@id":"https:\/\/knjigoljubac.ba\/#\/schema\/logo\/image\/","url":"https:\/\/knjigoljubac.ba\/wp-content\/uploads\/2021\/09\/logo-novi-1024x465.png","contentUrl":"https:\/\/knjigoljubac.ba\/wp-content\/uploads\/2021\/09\/logo-novi-1024x465.png","width":1024,"height":465,"caption":"KNJIGOLJUBAC"},"image":{"@id":"https:\/\/knjigoljubac.ba\/#\/schema\/logo\/image\/"},"sameAs":["https:\/\/www.facebook.com\/knjigoljubacba-106067741319857\/?ref=pages_you_manage","https:\/\/www.instagram.com\/knjigoljubacbrcko\/"]}]}},"jetpack_sharing_enabled":true,"_links":{"self":[{"href":"https:\/\/knjigoljubac.ba\/hr\/wp-json\/wp\/v2\/product\/122429","targetHints":{"allow":["GET"]}}],"collection":[{"href":"https:\/\/knjigoljubac.ba\/hr\/wp-json\/wp\/v2\/product"}],"about":[{"href":"https:\/\/knjigoljubac.ba\/hr\/wp-json\/wp\/v2\/types\/product"}],"wp:featuredmedia":[{"embeddable":true,"href":"https:\/\/knjigoljubac.ba\/hr\/wp-json\/wp\/v2\/media\/122430"}],"wp:attachment":[{"href":"https:\/\/knjigoljubac.ba\/hr\/wp-json\/wp\/v2\/media?parent=122429"}],"wp:term":[{"taxonomy":"product_brand","embeddable":true,"href":"https:\/\/knjigoljubac.ba\/hr\/wp-json\/wp\/v2\/product_brand?post=122429"},{"taxonomy":"product_cat","embeddable":true,"href":"https:\/\/knjigoljubac.ba\/hr\/wp-json\/wp\/v2\/product_cat?post=122429"},{"taxonomy":"product_tag","embeddable":true,"href":"https:\/\/knjigoljubac.ba\/hr\/wp-json\/wp\/v2\/product_tag?post=122429"}],"curies":[{"name":"wp","href":"https:\/\/api.w.org\/{rel}","templated":true}]}}