{"id":122381,"date":"2025-02-01T08:27:51","date_gmt":"2025-02-01T08:27:51","guid":{"rendered":"https:\/\/knjigoljubac.ba\/?post_type=product&#038;p=122381"},"modified":"2025-02-01T08:27:51","modified_gmt":"2025-02-01T08:27:51","slug":"prokleta-avlija","status":"publish","type":"product","link":"https:\/\/knjigoljubac.ba\/hr\/product\/prokleta-avlija\/","title":{"rendered":"Prokleta avlija"},"content":{"rendered":"<p>Kratki roman Prokleta avlija, \u010dije pisanje je Andri\u0107 zapo\u010deo izme\u0111u dva svjetska rata, a dovr\u0161io ga i objavio 1954. godine, smatra se pi\u0161\u010devim remek-djelom. Komponovan je narativnim postupkom upri\u010davanja pri\u010de (prstenasta, okvirna strktura). Ima vi\u0161e pripovjeda\u010da koji jedan od drugoga preuzimaju kaziva\u010dku poziciju. Pripovijedanje u ovom romanu mo\u017ee se predstaviti i slikom koncentri\u010dnih krugova koji se skupljaju do samog jezgra pri\u010de. Kao i svi drugi Andri\u0107evi romani, izuzimaju\u0107i Gospo\u0111icu, i Prokleta avlija okrenuta je istoriji, ali na druk\u010diji na\u010din od vi\u0161egradske, travni\u010dke i sarajevske hronike. Roman je ispripovijedan smirenim, nepristrasnim tonom, kojim se odmjereno i sugestivno te\u017ei objektivizaciji, kako je to kod Andri\u0107a ve\u0107 obi\u010daj i pravilo. Do centralne, istorijske pri\u010de iz XI vijeka o tragi\u010dnoj sudbini D\u017eem-sultana, Andri\u0107 nas dovodi posredno. O D\u017eem-sultanu pripovijeda mladi polu -Tur\u010din \u0106amil, koji u njemu vidi svog sudbinskog srodnika i prete\u010du. O \u0106amilu pripovijeda prestravljeni Jevrejin Haim, a svi oni su samo uspomena fra Petra na dane provedene u stambolskom zatvoru, prokletoj avliji. A tu uspomenu, opet, grli luk sje\u0107anja bezimenog mladi\u0107a (pisca?), koji, gledaju\u0107i u zimski dan na fra-Petrov grob, vra\u0107a u sebi cijeli tok pri\u010de.<\/p>\n<p>Svi protagonisti Proklete avlije, ma koliko razli\u010diti, \u010duvaju u sebi iskustvo su\u017enja, pa i svijet, makar i nesvjesno, osje\u0107aju kao ograni\u010den, tjeskoban prostor. Kao da je samo postojanje tamnovanje. (Naslov romana simboli\u010dki je klju\u010d \u010ditanja.) Uskomje\u0161anost zatvora u koji se sliva zli talog imperije koja je pre\u0161la svoj vrhunac, ali gdje, igrom slu\u010daja, zalutaju i ljudi koji su samo druk\u010diji od ostalih, postaje neka vrsta zamjene za svijet on traje u vremenu i ne obazire se na pojedina\u010dne ljudske sudbine koje ga tvore. Svi su sporedni i neva\u017eni zapisuje Andri\u0107. Avlija \u017eivi sama za sebe, sa stotinu promjena, i uvijek ista.<\/p>\n","protected":false},"excerpt":{"rendered":"<p>Autor: Ivo Andri\u0107<br \/>\nUvez: Tvrdi<br \/>\nBroj str: 120<\/p>\n","protected":false},"featured_media":122382,"template":"","meta":[],"product_brand":[],"product_cat":[300,325,315],"product_tag":[506,809,334,1168],"class_list":{"0":"post-122381","1":"product","2":"type-product","3":"status-publish","4":"has-post-thumbnail","6":"product_cat-domaci-autori","7":"product_cat-najnovije-u-knjizari","8":"product_cat-roman","9":"product_tag-ivo-andric","10":"product_tag-knjiga","11":"product_tag-knjigoljubac","12":"product_tag-prokleta-avlija","14":"first","15":"instock","16":"sale","17":"taxable","18":"shipping-taxable","19":"purchasable","20":"product-type-simple"},"yoast_head":"<!-- This site is optimized with the Yoast SEO plugin v27.5 - https:\/\/yoast.com\/product\/yoast-seo-wordpress\/ -->\n<title>Prokleta avlija - KNJIGOLJUBAC<\/title>\n<meta name=\"robots\" content=\"index, follow, max-snippet:-1, max-image-preview:large, max-video-preview:-1\" \/>\n<link rel=\"canonical\" href=\"https:\/\/knjigoljubac.ba\/hr\/product\/prokleta-avlija\/\" \/>\n<meta property=\"og:locale\" content=\"hr_HR\" \/>\n<meta property=\"og:type\" content=\"article\" \/>\n<meta property=\"og:title\" content=\"Prokleta avlija - KNJIGOLJUBAC\" \/>\n<meta property=\"og:description\" content=\"Autor: Ivo Andri\u0107 Uvez: Tvrdi Broj str: 120\" \/>\n<meta property=\"og:url\" content=\"https:\/\/knjigoljubac.ba\/hr\/product\/prokleta-avlija\/\" \/>\n<meta property=\"og:site_name\" content=\"KNJIGOLJUBAC\" \/>\n<meta property=\"article:publisher\" content=\"https:\/\/www.facebook.com\/knjigoljubacba-106067741319857\/?ref=pages_you_manage\" \/>\n<meta property=\"og:image\" content=\"https:\/\/knjigoljubac.ba\/wp-content\/uploads\/2025\/02\/prokleta_avlija_andric.jpg\" \/>\n\t<meta property=\"og:image:width\" content=\"160\" \/>\n\t<meta property=\"og:image:height\" content=\"226\" \/>\n\t<meta property=\"og:image:type\" content=\"image\/jpeg\" \/>\n<meta name=\"twitter:card\" content=\"summary_large_image\" \/>\n<meta name=\"twitter:label1\" content=\"Procijenjeno vrijeme \u010ditanja\" \/>\n\t<meta name=\"twitter:data1\" content=\"2 minute\" \/>\n<script type=\"application\/ld+json\" class=\"yoast-schema-graph\">{\"@context\":\"https:\\\/\\\/schema.org\",\"@graph\":[{\"@type\":\"WebPage\",\"@id\":\"https:\\\/\\\/knjigoljubac.ba\\\/product\\\/prokleta-avlija\\\/\",\"url\":\"https:\\\/\\\/knjigoljubac.ba\\\/product\\\/prokleta-avlija\\\/\",\"name\":\"Prokleta avlija - KNJIGOLJUBAC\",\"isPartOf\":{\"@id\":\"https:\\\/\\\/knjigoljubac.ba\\\/#website\"},\"primaryImageOfPage\":{\"@id\":\"https:\\\/\\\/knjigoljubac.ba\\\/product\\\/prokleta-avlija\\\/#primaryimage\"},\"image\":{\"@id\":\"https:\\\/\\\/knjigoljubac.ba\\\/product\\\/prokleta-avlija\\\/#primaryimage\"},\"thumbnailUrl\":\"https:\\\/\\\/knjigoljubac.ba\\\/wp-content\\\/uploads\\\/2025\\\/02\\\/prokleta_avlija_andric.jpg\",\"datePublished\":\"2025-02-01T08:27:51+00:00\",\"breadcrumb\":{\"@id\":\"https:\\\/\\\/knjigoljubac.ba\\\/product\\\/prokleta-avlija\\\/#breadcrumb\"},\"inLanguage\":\"hr\",\"potentialAction\":[{\"@type\":\"ReadAction\",\"target\":[\"https:\\\/\\\/knjigoljubac.ba\\\/product\\\/prokleta-avlija\\\/\"]}]},{\"@type\":\"ImageObject\",\"inLanguage\":\"hr\",\"@id\":\"https:\\\/\\\/knjigoljubac.ba\\\/product\\\/prokleta-avlija\\\/#primaryimage\",\"url\":\"https:\\\/\\\/knjigoljubac.ba\\\/wp-content\\\/uploads\\\/2025\\\/02\\\/prokleta_avlija_andric.jpg\",\"contentUrl\":\"https:\\\/\\\/knjigoljubac.ba\\\/wp-content\\\/uploads\\\/2025\\\/02\\\/prokleta_avlija_andric.jpg\",\"width\":160,\"height\":226},{\"@type\":\"BreadcrumbList\",\"@id\":\"https:\\\/\\\/knjigoljubac.ba\\\/product\\\/prokleta-avlija\\\/#breadcrumb\",\"itemListElement\":[{\"@type\":\"ListItem\",\"position\":1,\"name\":\"Po\u010detna stranica\",\"item\":\"https:\\\/\\\/knjigoljubac.ba\\\/\"},{\"@type\":\"ListItem\",\"position\":2,\"name\":\"Trgovina\",\"item\":\"https:\\\/\\\/knjigoljubac.ba\\\/trgovina\\\/\"},{\"@type\":\"ListItem\",\"position\":3,\"name\":\"Prokleta avlija\"}]},{\"@type\":\"WebSite\",\"@id\":\"https:\\\/\\\/knjigoljubac.ba\\\/#website\",\"url\":\"https:\\\/\\\/knjigoljubac.ba\\\/\",\"name\":\"KNJIGOLJUBAC\",\"description\":\"Va\u0161a online knji\u017eara\",\"publisher\":{\"@id\":\"https:\\\/\\\/knjigoljubac.ba\\\/#organization\"},\"potentialAction\":[{\"@type\":\"SearchAction\",\"target\":{\"@type\":\"EntryPoint\",\"urlTemplate\":\"https:\\\/\\\/knjigoljubac.ba\\\/?s={search_term_string}\"},\"query-input\":{\"@type\":\"PropertyValueSpecification\",\"valueRequired\":true,\"valueName\":\"search_term_string\"}}],\"inLanguage\":\"hr\"},{\"@type\":\"Organization\",\"@id\":\"https:\\\/\\\/knjigoljubac.ba\\\/#organization\",\"name\":\"KNJIGOLJUBAC\",\"url\":\"https:\\\/\\\/knjigoljubac.ba\\\/\",\"logo\":{\"@type\":\"ImageObject\",\"inLanguage\":\"hr\",\"@id\":\"https:\\\/\\\/knjigoljubac.ba\\\/#\\\/schema\\\/logo\\\/image\\\/\",\"url\":\"https:\\\/\\\/knjigoljubac.ba\\\/wp-content\\\/uploads\\\/2021\\\/09\\\/logo-novi-1024x465.png\",\"contentUrl\":\"https:\\\/\\\/knjigoljubac.ba\\\/wp-content\\\/uploads\\\/2021\\\/09\\\/logo-novi-1024x465.png\",\"width\":1024,\"height\":465,\"caption\":\"KNJIGOLJUBAC\"},\"image\":{\"@id\":\"https:\\\/\\\/knjigoljubac.ba\\\/#\\\/schema\\\/logo\\\/image\\\/\"},\"sameAs\":[\"https:\\\/\\\/www.facebook.com\\\/knjigoljubacba-106067741319857\\\/?ref=pages_you_manage\",\"https:\\\/\\\/www.instagram.com\\\/knjigoljubacbrcko\\\/\"]}]}<\/script>\n<!-- \/ Yoast SEO plugin. -->","yoast_head_json":{"title":"Prokleta avlija - KNJIGOLJUBAC","robots":{"index":"index","follow":"follow","max-snippet":"max-snippet:-1","max-image-preview":"max-image-preview:large","max-video-preview":"max-video-preview:-1"},"canonical":"https:\/\/knjigoljubac.ba\/hr\/product\/prokleta-avlija\/","og_locale":"hr_HR","og_type":"article","og_title":"Prokleta avlija - KNJIGOLJUBAC","og_description":"Autor: Ivo Andri\u0107 Uvez: Tvrdi Broj str: 120","og_url":"https:\/\/knjigoljubac.ba\/hr\/product\/prokleta-avlija\/","og_site_name":"KNJIGOLJUBAC","article_publisher":"https:\/\/www.facebook.com\/knjigoljubacba-106067741319857\/?ref=pages_you_manage","og_image":[{"width":160,"height":226,"url":"https:\/\/knjigoljubac.ba\/wp-content\/uploads\/2025\/02\/prokleta_avlija_andric.jpg","type":"image\/jpeg"}],"twitter_card":"summary_large_image","twitter_misc":{"Procijenjeno vrijeme \u010ditanja":"2 minute"},"schema":{"@context":"https:\/\/schema.org","@graph":[{"@type":"WebPage","@id":"https:\/\/knjigoljubac.ba\/product\/prokleta-avlija\/","url":"https:\/\/knjigoljubac.ba\/product\/prokleta-avlija\/","name":"Prokleta avlija - KNJIGOLJUBAC","isPartOf":{"@id":"https:\/\/knjigoljubac.ba\/#website"},"primaryImageOfPage":{"@id":"https:\/\/knjigoljubac.ba\/product\/prokleta-avlija\/#primaryimage"},"image":{"@id":"https:\/\/knjigoljubac.ba\/product\/prokleta-avlija\/#primaryimage"},"thumbnailUrl":"https:\/\/knjigoljubac.ba\/wp-content\/uploads\/2025\/02\/prokleta_avlija_andric.jpg","datePublished":"2025-02-01T08:27:51+00:00","breadcrumb":{"@id":"https:\/\/knjigoljubac.ba\/product\/prokleta-avlija\/#breadcrumb"},"inLanguage":"hr","potentialAction":[{"@type":"ReadAction","target":["https:\/\/knjigoljubac.ba\/product\/prokleta-avlija\/"]}]},{"@type":"ImageObject","inLanguage":"hr","@id":"https:\/\/knjigoljubac.ba\/product\/prokleta-avlija\/#primaryimage","url":"https:\/\/knjigoljubac.ba\/wp-content\/uploads\/2025\/02\/prokleta_avlija_andric.jpg","contentUrl":"https:\/\/knjigoljubac.ba\/wp-content\/uploads\/2025\/02\/prokleta_avlija_andric.jpg","width":160,"height":226},{"@type":"BreadcrumbList","@id":"https:\/\/knjigoljubac.ba\/product\/prokleta-avlija\/#breadcrumb","itemListElement":[{"@type":"ListItem","position":1,"name":"Po\u010detna stranica","item":"https:\/\/knjigoljubac.ba\/"},{"@type":"ListItem","position":2,"name":"Trgovina","item":"https:\/\/knjigoljubac.ba\/trgovina\/"},{"@type":"ListItem","position":3,"name":"Prokleta avlija"}]},{"@type":"WebSite","@id":"https:\/\/knjigoljubac.ba\/#website","url":"https:\/\/knjigoljubac.ba\/","name":"KNJIGOLJUBAC","description":"Va\u0161a online knji\u017eara","publisher":{"@id":"https:\/\/knjigoljubac.ba\/#organization"},"potentialAction":[{"@type":"SearchAction","target":{"@type":"EntryPoint","urlTemplate":"https:\/\/knjigoljubac.ba\/?s={search_term_string}"},"query-input":{"@type":"PropertyValueSpecification","valueRequired":true,"valueName":"search_term_string"}}],"inLanguage":"hr"},{"@type":"Organization","@id":"https:\/\/knjigoljubac.ba\/#organization","name":"KNJIGOLJUBAC","url":"https:\/\/knjigoljubac.ba\/","logo":{"@type":"ImageObject","inLanguage":"hr","@id":"https:\/\/knjigoljubac.ba\/#\/schema\/logo\/image\/","url":"https:\/\/knjigoljubac.ba\/wp-content\/uploads\/2021\/09\/logo-novi-1024x465.png","contentUrl":"https:\/\/knjigoljubac.ba\/wp-content\/uploads\/2021\/09\/logo-novi-1024x465.png","width":1024,"height":465,"caption":"KNJIGOLJUBAC"},"image":{"@id":"https:\/\/knjigoljubac.ba\/#\/schema\/logo\/image\/"},"sameAs":["https:\/\/www.facebook.com\/knjigoljubacba-106067741319857\/?ref=pages_you_manage","https:\/\/www.instagram.com\/knjigoljubacbrcko\/"]}]}},"jetpack_sharing_enabled":true,"_links":{"self":[{"href":"https:\/\/knjigoljubac.ba\/hr\/wp-json\/wp\/v2\/product\/122381","targetHints":{"allow":["GET"]}}],"collection":[{"href":"https:\/\/knjigoljubac.ba\/hr\/wp-json\/wp\/v2\/product"}],"about":[{"href":"https:\/\/knjigoljubac.ba\/hr\/wp-json\/wp\/v2\/types\/product"}],"wp:featuredmedia":[{"embeddable":true,"href":"https:\/\/knjigoljubac.ba\/hr\/wp-json\/wp\/v2\/media\/122382"}],"wp:attachment":[{"href":"https:\/\/knjigoljubac.ba\/hr\/wp-json\/wp\/v2\/media?parent=122381"}],"wp:term":[{"taxonomy":"product_brand","embeddable":true,"href":"https:\/\/knjigoljubac.ba\/hr\/wp-json\/wp\/v2\/product_brand?post=122381"},{"taxonomy":"product_cat","embeddable":true,"href":"https:\/\/knjigoljubac.ba\/hr\/wp-json\/wp\/v2\/product_cat?post=122381"},{"taxonomy":"product_tag","embeddable":true,"href":"https:\/\/knjigoljubac.ba\/hr\/wp-json\/wp\/v2\/product_tag?post=122381"}],"curies":[{"name":"wp","href":"https:\/\/api.w.org\/{rel}","templated":true}]}}