{"id":122209,"date":"2024-11-30T10:13:20","date_gmt":"2024-11-30T10:13:20","guid":{"rendered":"https:\/\/knjigoljubac.ba\/?post_type=product&#038;p=122209"},"modified":"2024-11-30T10:13:20","modified_gmt":"2024-11-30T10:13:20","slug":"nebeska-srbija-od-mita-do-genocida","status":"publish","type":"product","link":"https:\/\/knjigoljubac.ba\/hr\/product\/nebeska-srbija-od-mita-do-genocida\/","title":{"rendered":"Nebeska Srbija: od mita do genocida"},"content":{"rendered":"<p>Odlomak iz knjige:<\/p>\n<p>\u201cPrema srpskom histori\u010daru Miodragu Popovi\u0107u inteligencija je pretvorila kosovski mit \u2013 obe\u0107anje osvete za poraz i preporod srpskog carstva \u2013 u sr\u017e moderne srpske nacionalne ideologije:<\/p>\n<p>\u201bKosovski mit dobio je centralno mesto u duhovnom \u017eivotu srpske inteligencije u XIX veku. (\u2026) Vremenom kosovski mit \u0107e postati duhovni most izme\u0111u gra\u0111anske inteligencije i jo\u0161 \u017eivih izdanaka boga Vida u na\u0161em patrijarhalno-herojskom svetu.\u2019<\/p>\n<p>Vid je pretkr\u0161\u0107anski, slavenski bog sunca i rata, sje\u0107anje na njega nije bilo izbrisano pokr\u0161tavanjem Srba (\u2026). Prihvatanje Vidovdana za glavni srpski nacionalni praznik simbolizuje trijumf paganskog plemenskog etosa i povezivanje tog etosa s imperijalnim ambicijama.<\/p>\n<p>(\u2026) Vladika Petar Petrovi\u0107 Njego\u0161 (\u2026) pjesnik koji se op\u0107enito smatra utemeljiteljem moderne crnogorske i srpske knji\u017eevnosti. Njegovo najslavnije djelo je Gorski vijenac, objavljeno prvi put 1847. godine. (\u2026) Sadr\u017eaj pjesme zasniva se na pokolju Bo\u0161njaka, poznatom pod imenom \u201bBadnje ve\u010de\u2019 ili \u201bIstraga Poturica\u2019 (pod \u201bTurcima\u2019 se ovdje misli na Slavene koji su pre\u0161li na islam za vrijeme turske vladavine). (\u2026) Pjesma po\u010dinje eksplozijom mr\u017enje. U po\u010detnom monologu glavnog lica, Vladike Danila, on naziva \u201bTurke\u2019 vragovima, prokletim okotima, vra\u017eijim plemenom, prokletim leglom, ljudskom kugom i poganim izrodima i upore\u0111uje ih sa skakavcima i s pa\u0161\u0107etom koji pro\u017edire pticu. Ali vladika ima rje\u0161enje za tu po\u0161ast:<\/p>\n<p>\u201bHulitelje imena Hristova<\/p>\n<p>da krstimo vodom ali krvlju!<\/p>\n<p>Trijebimo gubu iz torine!<\/p>\n<p>Nek propoje pjesna od u\u017easa,<\/p>\n<p>oltar pravi na kamen krvavi.\u2019<\/p>\n<p>Va\u017enost i utjecaj Njego\u0161eva Gorskog vijenca na srpsku i crnogorsku kulturu nemogu\u0107e je prenaglasiti. Bosansko-srpski histori\u010dar Milorad Ekme\u010di\u0107, koji je postao glavni ideolog srpske agresije na Bosnu i Hercegovinu, navodi da je taj spjev \u201bbio objavljen u dvadeset izdanja izme\u0111u 1847. i 1913. godine, te da je postao naj\u010ditanije knji\u017eevno djelo me\u0111u Srbima. Zajedno s kosovskim mitom, Gorski vijenac pru\u017eio je srpskome nacionalisti\u010dkom pokretu njegovu etiku za idu\u0107e stolje\u0107e.\u2019 Njegov se utjecaj mo\u017ee usporediti s onim koji vr\u0161i Biblija u protestantskim zemljama ili Kur\u2019an u islamskim, ali je njegova poruka vrlo razli\u010dita.\u201d (Branimir Anzulovi\u0107, Nebeska Srbija: od mita do genocida)<\/p>\n","protected":false},"excerpt":{"rendered":"<p>Autor: Branimir Anzulovi\u0107<\/p>\n<p>Broj stranica: 241<\/p>\n<p>Izdava\u010d: Dialogos, Tuzla<\/p>\n<p>Godina izdanja: 2024.<\/p>\n<p>S engleskog preveo: Resul Mehmedovi\u0107<\/p>\n","protected":false},"featured_media":122210,"template":"","meta":[],"product_brand":[],"product_cat":[299,325,278],"product_tag":[1083,809,334,1084],"class_list":{"0":"post-122209","1":"product","2":"type-product","3":"status-publish","4":"has-post-thumbnail","6":"product_cat-bestseleri","7":"product_cat-najnovije-u-knjizari","8":"product_cat-publicistika","9":"product_tag-branimir-anzulovic","10":"product_tag-knjiga","11":"product_tag-knjigoljubac","12":"product_tag-nebeska-srbija-od-mita-do-genocida","14":"first","15":"instock","16":"taxable","17":"shipping-taxable","18":"purchasable","19":"product-type-simple"},"yoast_head":"<!-- This site is optimized with the Yoast SEO plugin v27.5 - https:\/\/yoast.com\/product\/yoast-seo-wordpress\/ -->\n<title>Nebeska Srbija: od mita do genocida - KNJIGOLJUBAC<\/title>\n<meta name=\"robots\" content=\"index, follow, max-snippet:-1, max-image-preview:large, max-video-preview:-1\" \/>\n<link rel=\"canonical\" href=\"https:\/\/knjigoljubac.ba\/hr\/product\/nebeska-srbija-od-mita-do-genocida\/\" \/>\n<meta property=\"og:locale\" content=\"hr_HR\" \/>\n<meta property=\"og:type\" content=\"article\" \/>\n<meta property=\"og:title\" content=\"Nebeska Srbija: od mita do genocida - KNJIGOLJUBAC\" \/>\n<meta property=\"og:description\" content=\"Autor: Branimir Anzulovi\u0107  Broj stranica: 241  Izdava\u010d: Dialogos, Tuzla  Godina izdanja: 2024.  S engleskog preveo: Resul Mehmedovi\u0107\" \/>\n<meta property=\"og:url\" content=\"https:\/\/knjigoljubac.ba\/hr\/product\/nebeska-srbija-od-mita-do-genocida\/\" \/>\n<meta property=\"og:site_name\" content=\"KNJIGOLJUBAC\" \/>\n<meta property=\"article:publisher\" content=\"https:\/\/www.facebook.com\/knjigoljubacba-106067741319857\/?ref=pages_you_manage\" \/>\n<meta property=\"og:image\" content=\"https:\/\/knjigoljubac.ba\/wp-content\/uploads\/2024\/11\/Nebeska-Srbija-od-mita-do-genocida.jpg\" \/>\n\t<meta property=\"og:image:width\" content=\"160\" \/>\n\t<meta property=\"og:image:height\" content=\"226\" \/>\n\t<meta property=\"og:image:type\" content=\"image\/jpeg\" \/>\n<meta name=\"twitter:card\" content=\"summary_large_image\" \/>\n<meta name=\"twitter:label1\" content=\"Procijenjeno vrijeme \u010ditanja\" \/>\n\t<meta name=\"twitter:data1\" content=\"2 minute\" \/>\n<script type=\"application\/ld+json\" class=\"yoast-schema-graph\">{\"@context\":\"https:\\\/\\\/schema.org\",\"@graph\":[{\"@type\":\"WebPage\",\"@id\":\"https:\\\/\\\/knjigoljubac.ba\\\/product\\\/nebeska-srbija-od-mita-do-genocida\\\/\",\"url\":\"https:\\\/\\\/knjigoljubac.ba\\\/product\\\/nebeska-srbija-od-mita-do-genocida\\\/\",\"name\":\"Nebeska Srbija: od mita do genocida - KNJIGOLJUBAC\",\"isPartOf\":{\"@id\":\"https:\\\/\\\/knjigoljubac.ba\\\/#website\"},\"primaryImageOfPage\":{\"@id\":\"https:\\\/\\\/knjigoljubac.ba\\\/product\\\/nebeska-srbija-od-mita-do-genocida\\\/#primaryimage\"},\"image\":{\"@id\":\"https:\\\/\\\/knjigoljubac.ba\\\/product\\\/nebeska-srbija-od-mita-do-genocida\\\/#primaryimage\"},\"thumbnailUrl\":\"https:\\\/\\\/knjigoljubac.ba\\\/wp-content\\\/uploads\\\/2024\\\/11\\\/Nebeska-Srbija-od-mita-do-genocida.jpg\",\"datePublished\":\"2024-11-30T10:13:20+00:00\",\"breadcrumb\":{\"@id\":\"https:\\\/\\\/knjigoljubac.ba\\\/product\\\/nebeska-srbija-od-mita-do-genocida\\\/#breadcrumb\"},\"inLanguage\":\"hr\",\"potentialAction\":[{\"@type\":\"ReadAction\",\"target\":[\"https:\\\/\\\/knjigoljubac.ba\\\/product\\\/nebeska-srbija-od-mita-do-genocida\\\/\"]}]},{\"@type\":\"ImageObject\",\"inLanguage\":\"hr\",\"@id\":\"https:\\\/\\\/knjigoljubac.ba\\\/product\\\/nebeska-srbija-od-mita-do-genocida\\\/#primaryimage\",\"url\":\"https:\\\/\\\/knjigoljubac.ba\\\/wp-content\\\/uploads\\\/2024\\\/11\\\/Nebeska-Srbija-od-mita-do-genocida.jpg\",\"contentUrl\":\"https:\\\/\\\/knjigoljubac.ba\\\/wp-content\\\/uploads\\\/2024\\\/11\\\/Nebeska-Srbija-od-mita-do-genocida.jpg\",\"width\":160,\"height\":226},{\"@type\":\"BreadcrumbList\",\"@id\":\"https:\\\/\\\/knjigoljubac.ba\\\/product\\\/nebeska-srbija-od-mita-do-genocida\\\/#breadcrumb\",\"itemListElement\":[{\"@type\":\"ListItem\",\"position\":1,\"name\":\"Po\u010detna stranica\",\"item\":\"https:\\\/\\\/knjigoljubac.ba\\\/\"},{\"@type\":\"ListItem\",\"position\":2,\"name\":\"Trgovina\",\"item\":\"https:\\\/\\\/knjigoljubac.ba\\\/trgovina\\\/\"},{\"@type\":\"ListItem\",\"position\":3,\"name\":\"Nebeska Srbija: od mita do genocida\"}]},{\"@type\":\"WebSite\",\"@id\":\"https:\\\/\\\/knjigoljubac.ba\\\/#website\",\"url\":\"https:\\\/\\\/knjigoljubac.ba\\\/\",\"name\":\"KNJIGOLJUBAC\",\"description\":\"Va\u0161a online knji\u017eara\",\"publisher\":{\"@id\":\"https:\\\/\\\/knjigoljubac.ba\\\/#organization\"},\"potentialAction\":[{\"@type\":\"SearchAction\",\"target\":{\"@type\":\"EntryPoint\",\"urlTemplate\":\"https:\\\/\\\/knjigoljubac.ba\\\/?s={search_term_string}\"},\"query-input\":{\"@type\":\"PropertyValueSpecification\",\"valueRequired\":true,\"valueName\":\"search_term_string\"}}],\"inLanguage\":\"hr\"},{\"@type\":\"Organization\",\"@id\":\"https:\\\/\\\/knjigoljubac.ba\\\/#organization\",\"name\":\"KNJIGOLJUBAC\",\"url\":\"https:\\\/\\\/knjigoljubac.ba\\\/\",\"logo\":{\"@type\":\"ImageObject\",\"inLanguage\":\"hr\",\"@id\":\"https:\\\/\\\/knjigoljubac.ba\\\/#\\\/schema\\\/logo\\\/image\\\/\",\"url\":\"https:\\\/\\\/knjigoljubac.ba\\\/wp-content\\\/uploads\\\/2021\\\/09\\\/logo-novi-1024x465.png\",\"contentUrl\":\"https:\\\/\\\/knjigoljubac.ba\\\/wp-content\\\/uploads\\\/2021\\\/09\\\/logo-novi-1024x465.png\",\"width\":1024,\"height\":465,\"caption\":\"KNJIGOLJUBAC\"},\"image\":{\"@id\":\"https:\\\/\\\/knjigoljubac.ba\\\/#\\\/schema\\\/logo\\\/image\\\/\"},\"sameAs\":[\"https:\\\/\\\/www.facebook.com\\\/knjigoljubacba-106067741319857\\\/?ref=pages_you_manage\",\"https:\\\/\\\/www.instagram.com\\\/knjigoljubacbrcko\\\/\"]}]}<\/script>\n<!-- \/ Yoast SEO plugin. -->","yoast_head_json":{"title":"Nebeska Srbija: od mita do genocida - KNJIGOLJUBAC","robots":{"index":"index","follow":"follow","max-snippet":"max-snippet:-1","max-image-preview":"max-image-preview:large","max-video-preview":"max-video-preview:-1"},"canonical":"https:\/\/knjigoljubac.ba\/hr\/product\/nebeska-srbija-od-mita-do-genocida\/","og_locale":"hr_HR","og_type":"article","og_title":"Nebeska Srbija: od mita do genocida - KNJIGOLJUBAC","og_description":"Autor: Branimir Anzulovi\u0107  Broj stranica: 241  Izdava\u010d: Dialogos, Tuzla  Godina izdanja: 2024.  S engleskog preveo: Resul Mehmedovi\u0107","og_url":"https:\/\/knjigoljubac.ba\/hr\/product\/nebeska-srbija-od-mita-do-genocida\/","og_site_name":"KNJIGOLJUBAC","article_publisher":"https:\/\/www.facebook.com\/knjigoljubacba-106067741319857\/?ref=pages_you_manage","og_image":[{"width":160,"height":226,"url":"https:\/\/knjigoljubac.ba\/wp-content\/uploads\/2024\/11\/Nebeska-Srbija-od-mita-do-genocida.jpg","type":"image\/jpeg"}],"twitter_card":"summary_large_image","twitter_misc":{"Procijenjeno vrijeme \u010ditanja":"2 minute"},"schema":{"@context":"https:\/\/schema.org","@graph":[{"@type":"WebPage","@id":"https:\/\/knjigoljubac.ba\/product\/nebeska-srbija-od-mita-do-genocida\/","url":"https:\/\/knjigoljubac.ba\/product\/nebeska-srbija-od-mita-do-genocida\/","name":"Nebeska Srbija: od mita do genocida - KNJIGOLJUBAC","isPartOf":{"@id":"https:\/\/knjigoljubac.ba\/#website"},"primaryImageOfPage":{"@id":"https:\/\/knjigoljubac.ba\/product\/nebeska-srbija-od-mita-do-genocida\/#primaryimage"},"image":{"@id":"https:\/\/knjigoljubac.ba\/product\/nebeska-srbija-od-mita-do-genocida\/#primaryimage"},"thumbnailUrl":"https:\/\/knjigoljubac.ba\/wp-content\/uploads\/2024\/11\/Nebeska-Srbija-od-mita-do-genocida.jpg","datePublished":"2024-11-30T10:13:20+00:00","breadcrumb":{"@id":"https:\/\/knjigoljubac.ba\/product\/nebeska-srbija-od-mita-do-genocida\/#breadcrumb"},"inLanguage":"hr","potentialAction":[{"@type":"ReadAction","target":["https:\/\/knjigoljubac.ba\/product\/nebeska-srbija-od-mita-do-genocida\/"]}]},{"@type":"ImageObject","inLanguage":"hr","@id":"https:\/\/knjigoljubac.ba\/product\/nebeska-srbija-od-mita-do-genocida\/#primaryimage","url":"https:\/\/knjigoljubac.ba\/wp-content\/uploads\/2024\/11\/Nebeska-Srbija-od-mita-do-genocida.jpg","contentUrl":"https:\/\/knjigoljubac.ba\/wp-content\/uploads\/2024\/11\/Nebeska-Srbija-od-mita-do-genocida.jpg","width":160,"height":226},{"@type":"BreadcrumbList","@id":"https:\/\/knjigoljubac.ba\/product\/nebeska-srbija-od-mita-do-genocida\/#breadcrumb","itemListElement":[{"@type":"ListItem","position":1,"name":"Po\u010detna stranica","item":"https:\/\/knjigoljubac.ba\/"},{"@type":"ListItem","position":2,"name":"Trgovina","item":"https:\/\/knjigoljubac.ba\/trgovina\/"},{"@type":"ListItem","position":3,"name":"Nebeska Srbija: od mita do genocida"}]},{"@type":"WebSite","@id":"https:\/\/knjigoljubac.ba\/#website","url":"https:\/\/knjigoljubac.ba\/","name":"KNJIGOLJUBAC","description":"Va\u0161a online knji\u017eara","publisher":{"@id":"https:\/\/knjigoljubac.ba\/#organization"},"potentialAction":[{"@type":"SearchAction","target":{"@type":"EntryPoint","urlTemplate":"https:\/\/knjigoljubac.ba\/?s={search_term_string}"},"query-input":{"@type":"PropertyValueSpecification","valueRequired":true,"valueName":"search_term_string"}}],"inLanguage":"hr"},{"@type":"Organization","@id":"https:\/\/knjigoljubac.ba\/#organization","name":"KNJIGOLJUBAC","url":"https:\/\/knjigoljubac.ba\/","logo":{"@type":"ImageObject","inLanguage":"hr","@id":"https:\/\/knjigoljubac.ba\/#\/schema\/logo\/image\/","url":"https:\/\/knjigoljubac.ba\/wp-content\/uploads\/2021\/09\/logo-novi-1024x465.png","contentUrl":"https:\/\/knjigoljubac.ba\/wp-content\/uploads\/2021\/09\/logo-novi-1024x465.png","width":1024,"height":465,"caption":"KNJIGOLJUBAC"},"image":{"@id":"https:\/\/knjigoljubac.ba\/#\/schema\/logo\/image\/"},"sameAs":["https:\/\/www.facebook.com\/knjigoljubacba-106067741319857\/?ref=pages_you_manage","https:\/\/www.instagram.com\/knjigoljubacbrcko\/"]}]}},"jetpack_sharing_enabled":true,"_links":{"self":[{"href":"https:\/\/knjigoljubac.ba\/hr\/wp-json\/wp\/v2\/product\/122209","targetHints":{"allow":["GET"]}}],"collection":[{"href":"https:\/\/knjigoljubac.ba\/hr\/wp-json\/wp\/v2\/product"}],"about":[{"href":"https:\/\/knjigoljubac.ba\/hr\/wp-json\/wp\/v2\/types\/product"}],"wp:featuredmedia":[{"embeddable":true,"href":"https:\/\/knjigoljubac.ba\/hr\/wp-json\/wp\/v2\/media\/122210"}],"wp:attachment":[{"href":"https:\/\/knjigoljubac.ba\/hr\/wp-json\/wp\/v2\/media?parent=122209"}],"wp:term":[{"taxonomy":"product_brand","embeddable":true,"href":"https:\/\/knjigoljubac.ba\/hr\/wp-json\/wp\/v2\/product_brand?post=122209"},{"taxonomy":"product_cat","embeddable":true,"href":"https:\/\/knjigoljubac.ba\/hr\/wp-json\/wp\/v2\/product_cat?post=122209"},{"taxonomy":"product_tag","embeddable":true,"href":"https:\/\/knjigoljubac.ba\/hr\/wp-json\/wp\/v2\/product_tag?post=122209"}],"curies":[{"name":"wp","href":"https:\/\/api.w.org\/{rel}","templated":true}]}}