{"id":12218,"date":"2021-02-04T08:50:10","date_gmt":"2021-02-04T08:50:10","guid":{"rendered":"https:\/\/knjigoljubac.ba\/?post_type=product&#038;p=12218"},"modified":"2021-02-04T08:50:10","modified_gmt":"2021-02-04T08:50:10","slug":"de-nirova-igra","status":"publish","type":"product","link":"https:\/\/knjigoljubac.ba\/hr\/product\/de-nirova-igra\/","title":{"rendered":"De Nirova igra"},"content":{"rendered":"<p>Bassam i George su prijatelji iz djetinjstva, odrasli u ratom razorenom Bejrutu. Do\u0161lo je vrijeme da moraju izabrati budu\u0107nost: ostati u gradu i u\u010dvrstiti svoju mo\u0107 kroz kriminal, ili oti\u0107i u egzil, udaljiti se od jedinog postojanja koje poznaju. Bassam se, \u010dvrsto odlu\u010div\u0161i da napusti Bejrut, upu\u0161ta u niz sitnih kriminalnih radnji kako bi skupio novac za odlazak. Za to vrijeme George ja\u010da svoju mo\u0107 u gradskom podzemlju, te prihvata \u017eivot falangista, kriminala, ubijanja i droge.<\/p>\n<p>Ispri\u010dan prepoznatljivim, zanosnim glasom koji spaja \u017eivopisno filmsko izlaganje, uzbudljiv zaplet, i izvrsnu, mra\u010dnu poeti\u010dnost, roman\u00a0<em>De Nirova igra<\/em>\u00a0\u017eestok je portret \u017eivota u ratu i onoga \u0161to mu slijedi.<\/p>\n<p>&nbsp;<\/p>\n<p>\u201e\u2026halucinantna vizija o tome kako rat kvari sve, pa i prijateljstvo. Napisan na engleskom i pozivaju\u0107i se na arapsku poeziju i francusku filozofiju, roman\u00a0<em>De Nirova igra<\/em>\u00a0oblikuje jedan intrigantan trojezi\u010dki hibrid koji bi cijelom svijetu trebao biti podjednako privla\u010dan.\u201c<\/p>\n<p>Washington Post<\/p>\n<p>&nbsp;<\/p>\n<p>\u201eSusret Istoka i Zapada u ovom izvrsnom prvom romanu daje potpuno novu perspektivu ratom razorenom Bejrutu.\u201c<\/p>\n<p>Booklist<\/p>\n","protected":false},"excerpt":{"rendered":"<table class=\"woocommerce-product-attributes shop_attributes\">\n<tbody>\n<tr class=\"woocommerce-product-attributes-item woocommerce-product-attributes-item--attribute_pa_autor\">\n<th class=\"woocommerce-product-attributes-item__label\">Autor<\/th>\n<td class=\"woocommerce-product-attributes-item__value\">Rawi Hage<\/td>\n<\/tr>\n<tr class=\"woocommerce-product-attributes-item woocommerce-product-attributes-item--attribute_pa_godina\">\n<th class=\"woocommerce-product-attributes-item__label\">Godina<\/th>\n<td class=\"woocommerce-product-attributes-item__value\"><a href=\"https:\/\/kupiknjigu.ba\/godina\/2016\/\" rel=\"tag\">2016<\/a><\/td>\n<\/tr>\n<tr class=\"woocommerce-product-attributes-item woocommerce-product-attributes-item--attribute_pa_uvez\">\n<th class=\"woocommerce-product-attributes-item__label\">Uvez<\/th>\n<td class=\"woocommerce-product-attributes-item__value\"><a href=\"https:\/\/kupiknjigu.ba\/uvez\/mehki\/\" rel=\"tag\">Mehki<\/a><\/td>\n<\/tr>\n<tr class=\"woocommerce-product-attributes-item woocommerce-product-attributes-item--attribute_isbn\">\n<th class=\"woocommerce-product-attributes-item__label\">ISBN<\/th>\n<td class=\"woocommerce-product-attributes-item__value\">9789958303036<\/td>\n<\/tr>\n<tr class=\"woocommerce-product-attributes-item woocommerce-product-attributes-item--attribute_broj-stranica\">\n<th class=\"woocommerce-product-attributes-item__label\">Broj stranica<\/th>\n<td class=\"woocommerce-product-attributes-item__value\">215<\/td>\n<\/tr>\n<\/tbody>\n<\/table>\n","protected":false},"featured_media":12219,"template":"","meta":[],"product_brand":[],"product_cat":[325,315],"product_tag":[716,715],"class_list":{"0":"post-12218","1":"product","2":"type-product","3":"status-publish","4":"has-post-thumbnail","6":"product_cat-najnovije-u-knjizari","7":"product_cat-roman","8":"product_tag-de-nirova-igra","9":"product_tag-rawi-hage","11":"first","12":"instock","13":"sale","14":"taxable","15":"shipping-taxable","16":"purchasable","17":"product-type-simple"},"yoast_head":"<!-- This site is optimized with the Yoast SEO plugin v27.5 - https:\/\/yoast.com\/product\/yoast-seo-wordpress\/ -->\n<title>De Nirova igra - KNJIGOLJUBAC<\/title>\n<meta name=\"robots\" content=\"index, follow, max-snippet:-1, max-image-preview:large, max-video-preview:-1\" \/>\n<link rel=\"canonical\" href=\"https:\/\/knjigoljubac.ba\/hr\/product\/de-nirova-igra\/\" \/>\n<meta property=\"og:locale\" content=\"hr_HR\" \/>\n<meta property=\"og:type\" content=\"article\" \/>\n<meta property=\"og:title\" content=\"De Nirova igra - KNJIGOLJUBAC\" \/>\n<meta property=\"og:description\" content=\"Autor Rawi Hage   Godina 2016   Uvez Mehki   ISBN 9789958303036   Broj stranica 215\" \/>\n<meta property=\"og:url\" content=\"https:\/\/knjigoljubac.ba\/hr\/product\/de-nirova-igra\/\" \/>\n<meta property=\"og:site_name\" content=\"KNJIGOLJUBAC\" \/>\n<meta property=\"article:publisher\" content=\"https:\/\/www.facebook.com\/knjigoljubacba-106067741319857\/?ref=pages_you_manage\" \/>\n<meta property=\"og:image\" content=\"https:\/\/knjigoljubac.ba\/wp-content\/uploads\/2021\/02\/De-Nirova-igra_konacni.jpg\" \/>\n\t<meta property=\"og:image:width\" content=\"220\" \/>\n\t<meta property=\"og:image:height\" content=\"349\" \/>\n\t<meta property=\"og:image:type\" content=\"image\/jpeg\" \/>\n<meta name=\"twitter:card\" content=\"summary_large_image\" \/>\n<meta name=\"twitter:label1\" content=\"Procijenjeno vrijeme \u010ditanja\" \/>\n\t<meta name=\"twitter:data1\" content=\"1 minuta\" \/>\n<script type=\"application\/ld+json\" class=\"yoast-schema-graph\">{\"@context\":\"https:\\\/\\\/schema.org\",\"@graph\":[{\"@type\":\"WebPage\",\"@id\":\"https:\\\/\\\/knjigoljubac.ba\\\/bs\\\/product\\\/de-nirova-igra\\\/\",\"url\":\"https:\\\/\\\/knjigoljubac.ba\\\/bs\\\/product\\\/de-nirova-igra\\\/\",\"name\":\"De Nirova igra - KNJIGOLJUBAC\",\"isPartOf\":{\"@id\":\"https:\\\/\\\/knjigoljubac.ba\\\/#website\"},\"primaryImageOfPage\":{\"@id\":\"https:\\\/\\\/knjigoljubac.ba\\\/bs\\\/product\\\/de-nirova-igra\\\/#primaryimage\"},\"image\":{\"@id\":\"https:\\\/\\\/knjigoljubac.ba\\\/bs\\\/product\\\/de-nirova-igra\\\/#primaryimage\"},\"thumbnailUrl\":\"https:\\\/\\\/knjigoljubac.ba\\\/wp-content\\\/uploads\\\/2021\\\/02\\\/De-Nirova-igra_konacni.jpg\",\"datePublished\":\"2021-02-04T08:50:10+00:00\",\"breadcrumb\":{\"@id\":\"https:\\\/\\\/knjigoljubac.ba\\\/bs\\\/product\\\/de-nirova-igra\\\/#breadcrumb\"},\"inLanguage\":\"hr\",\"potentialAction\":[{\"@type\":\"ReadAction\",\"target\":[\"https:\\\/\\\/knjigoljubac.ba\\\/bs\\\/product\\\/de-nirova-igra\\\/\"]}]},{\"@type\":\"ImageObject\",\"inLanguage\":\"hr\",\"@id\":\"https:\\\/\\\/knjigoljubac.ba\\\/bs\\\/product\\\/de-nirova-igra\\\/#primaryimage\",\"url\":\"https:\\\/\\\/knjigoljubac.ba\\\/wp-content\\\/uploads\\\/2021\\\/02\\\/De-Nirova-igra_konacni.jpg\",\"contentUrl\":\"https:\\\/\\\/knjigoljubac.ba\\\/wp-content\\\/uploads\\\/2021\\\/02\\\/De-Nirova-igra_konacni.jpg\",\"width\":220,\"height\":349},{\"@type\":\"BreadcrumbList\",\"@id\":\"https:\\\/\\\/knjigoljubac.ba\\\/bs\\\/product\\\/de-nirova-igra\\\/#breadcrumb\",\"itemListElement\":[{\"@type\":\"ListItem\",\"position\":1,\"name\":\"Po\u010detna stranica\",\"item\":\"https:\\\/\\\/knjigoljubac.ba\\\/\"},{\"@type\":\"ListItem\",\"position\":2,\"name\":\"Trgovina\",\"item\":\"https:\\\/\\\/knjigoljubac.ba\\\/trgovina\\\/\"},{\"@type\":\"ListItem\",\"position\":3,\"name\":\"De Nirova igra\"}]},{\"@type\":\"WebSite\",\"@id\":\"https:\\\/\\\/knjigoljubac.ba\\\/#website\",\"url\":\"https:\\\/\\\/knjigoljubac.ba\\\/\",\"name\":\"KNJIGOLJUBAC\",\"description\":\"Va\u0161a online knji\u017eara\",\"publisher\":{\"@id\":\"https:\\\/\\\/knjigoljubac.ba\\\/#organization\"},\"potentialAction\":[{\"@type\":\"SearchAction\",\"target\":{\"@type\":\"EntryPoint\",\"urlTemplate\":\"https:\\\/\\\/knjigoljubac.ba\\\/?s={search_term_string}\"},\"query-input\":{\"@type\":\"PropertyValueSpecification\",\"valueRequired\":true,\"valueName\":\"search_term_string\"}}],\"inLanguage\":\"hr\"},{\"@type\":\"Organization\",\"@id\":\"https:\\\/\\\/knjigoljubac.ba\\\/#organization\",\"name\":\"KNJIGOLJUBAC\",\"url\":\"https:\\\/\\\/knjigoljubac.ba\\\/\",\"logo\":{\"@type\":\"ImageObject\",\"inLanguage\":\"hr\",\"@id\":\"https:\\\/\\\/knjigoljubac.ba\\\/#\\\/schema\\\/logo\\\/image\\\/\",\"url\":\"https:\\\/\\\/knjigoljubac.ba\\\/wp-content\\\/uploads\\\/2021\\\/09\\\/logo-novi-1024x465.png\",\"contentUrl\":\"https:\\\/\\\/knjigoljubac.ba\\\/wp-content\\\/uploads\\\/2021\\\/09\\\/logo-novi-1024x465.png\",\"width\":1024,\"height\":465,\"caption\":\"KNJIGOLJUBAC\"},\"image\":{\"@id\":\"https:\\\/\\\/knjigoljubac.ba\\\/#\\\/schema\\\/logo\\\/image\\\/\"},\"sameAs\":[\"https:\\\/\\\/www.facebook.com\\\/knjigoljubacba-106067741319857\\\/?ref=pages_you_manage\",\"https:\\\/\\\/www.instagram.com\\\/knjigoljubacbrcko\\\/\"]}]}<\/script>\n<!-- \/ Yoast SEO plugin. -->","yoast_head_json":{"title":"De Nirova igra - KNJIGOLJUBAC","robots":{"index":"index","follow":"follow","max-snippet":"max-snippet:-1","max-image-preview":"max-image-preview:large","max-video-preview":"max-video-preview:-1"},"canonical":"https:\/\/knjigoljubac.ba\/hr\/product\/de-nirova-igra\/","og_locale":"hr_HR","og_type":"article","og_title":"De Nirova igra - KNJIGOLJUBAC","og_description":"Autor Rawi Hage   Godina 2016   Uvez Mehki   ISBN 9789958303036   Broj stranica 215","og_url":"https:\/\/knjigoljubac.ba\/hr\/product\/de-nirova-igra\/","og_site_name":"KNJIGOLJUBAC","article_publisher":"https:\/\/www.facebook.com\/knjigoljubacba-106067741319857\/?ref=pages_you_manage","og_image":[{"width":220,"height":349,"url":"https:\/\/knjigoljubac.ba\/wp-content\/uploads\/2021\/02\/De-Nirova-igra_konacni.jpg","type":"image\/jpeg"}],"twitter_card":"summary_large_image","twitter_misc":{"Procijenjeno vrijeme \u010ditanja":"1 minuta"},"schema":{"@context":"https:\/\/schema.org","@graph":[{"@type":"WebPage","@id":"https:\/\/knjigoljubac.ba\/bs\/product\/de-nirova-igra\/","url":"https:\/\/knjigoljubac.ba\/bs\/product\/de-nirova-igra\/","name":"De Nirova igra - KNJIGOLJUBAC","isPartOf":{"@id":"https:\/\/knjigoljubac.ba\/#website"},"primaryImageOfPage":{"@id":"https:\/\/knjigoljubac.ba\/bs\/product\/de-nirova-igra\/#primaryimage"},"image":{"@id":"https:\/\/knjigoljubac.ba\/bs\/product\/de-nirova-igra\/#primaryimage"},"thumbnailUrl":"https:\/\/knjigoljubac.ba\/wp-content\/uploads\/2021\/02\/De-Nirova-igra_konacni.jpg","datePublished":"2021-02-04T08:50:10+00:00","breadcrumb":{"@id":"https:\/\/knjigoljubac.ba\/bs\/product\/de-nirova-igra\/#breadcrumb"},"inLanguage":"hr","potentialAction":[{"@type":"ReadAction","target":["https:\/\/knjigoljubac.ba\/bs\/product\/de-nirova-igra\/"]}]},{"@type":"ImageObject","inLanguage":"hr","@id":"https:\/\/knjigoljubac.ba\/bs\/product\/de-nirova-igra\/#primaryimage","url":"https:\/\/knjigoljubac.ba\/wp-content\/uploads\/2021\/02\/De-Nirova-igra_konacni.jpg","contentUrl":"https:\/\/knjigoljubac.ba\/wp-content\/uploads\/2021\/02\/De-Nirova-igra_konacni.jpg","width":220,"height":349},{"@type":"BreadcrumbList","@id":"https:\/\/knjigoljubac.ba\/bs\/product\/de-nirova-igra\/#breadcrumb","itemListElement":[{"@type":"ListItem","position":1,"name":"Po\u010detna stranica","item":"https:\/\/knjigoljubac.ba\/"},{"@type":"ListItem","position":2,"name":"Trgovina","item":"https:\/\/knjigoljubac.ba\/trgovina\/"},{"@type":"ListItem","position":3,"name":"De Nirova igra"}]},{"@type":"WebSite","@id":"https:\/\/knjigoljubac.ba\/#website","url":"https:\/\/knjigoljubac.ba\/","name":"KNJIGOLJUBAC","description":"Va\u0161a online knji\u017eara","publisher":{"@id":"https:\/\/knjigoljubac.ba\/#organization"},"potentialAction":[{"@type":"SearchAction","target":{"@type":"EntryPoint","urlTemplate":"https:\/\/knjigoljubac.ba\/?s={search_term_string}"},"query-input":{"@type":"PropertyValueSpecification","valueRequired":true,"valueName":"search_term_string"}}],"inLanguage":"hr"},{"@type":"Organization","@id":"https:\/\/knjigoljubac.ba\/#organization","name":"KNJIGOLJUBAC","url":"https:\/\/knjigoljubac.ba\/","logo":{"@type":"ImageObject","inLanguage":"hr","@id":"https:\/\/knjigoljubac.ba\/#\/schema\/logo\/image\/","url":"https:\/\/knjigoljubac.ba\/wp-content\/uploads\/2021\/09\/logo-novi-1024x465.png","contentUrl":"https:\/\/knjigoljubac.ba\/wp-content\/uploads\/2021\/09\/logo-novi-1024x465.png","width":1024,"height":465,"caption":"KNJIGOLJUBAC"},"image":{"@id":"https:\/\/knjigoljubac.ba\/#\/schema\/logo\/image\/"},"sameAs":["https:\/\/www.facebook.com\/knjigoljubacba-106067741319857\/?ref=pages_you_manage","https:\/\/www.instagram.com\/knjigoljubacbrcko\/"]}]}},"jetpack_sharing_enabled":true,"_links":{"self":[{"href":"https:\/\/knjigoljubac.ba\/hr\/wp-json\/wp\/v2\/product\/12218","targetHints":{"allow":["GET"]}}],"collection":[{"href":"https:\/\/knjigoljubac.ba\/hr\/wp-json\/wp\/v2\/product"}],"about":[{"href":"https:\/\/knjigoljubac.ba\/hr\/wp-json\/wp\/v2\/types\/product"}],"wp:featuredmedia":[{"embeddable":true,"href":"https:\/\/knjigoljubac.ba\/hr\/wp-json\/wp\/v2\/media\/12219"}],"wp:attachment":[{"href":"https:\/\/knjigoljubac.ba\/hr\/wp-json\/wp\/v2\/media?parent=12218"}],"wp:term":[{"taxonomy":"product_brand","embeddable":true,"href":"https:\/\/knjigoljubac.ba\/hr\/wp-json\/wp\/v2\/product_brand?post=12218"},{"taxonomy":"product_cat","embeddable":true,"href":"https:\/\/knjigoljubac.ba\/hr\/wp-json\/wp\/v2\/product_cat?post=12218"},{"taxonomy":"product_tag","embeddable":true,"href":"https:\/\/knjigoljubac.ba\/hr\/wp-json\/wp\/v2\/product_tag?post=12218"}],"curies":[{"name":"wp","href":"https:\/\/api.w.org\/{rel}","templated":true}]}}