{"id":122166,"date":"2024-10-17T18:35:58","date_gmt":"2024-10-17T18:35:58","guid":{"rendered":"https:\/\/knjigoljubac.ba\/?post_type=product&#038;p=122166"},"modified":"2024-10-17T18:36:56","modified_gmt":"2024-10-17T18:36:56","slug":"vrijeme-zetve","status":"publish","type":"product","link":"https:\/\/knjigoljubac.ba\/hr\/product\/vrijeme-zetve\/","title":{"rendered":"Vrijeme \u017eetve"},"content":{"rendered":"<p>Vrijeme \u017eetve je distopijska pri\u010da smje\u0161tena u 2036.godinu, ka\u017ee Amir Misirli\u0107. Kompletna populacija grca u du\u017eni\u010dkom ropstvu. Bankari vladaju planetom. Bankari koji nisu vi\u0161e metafori\u010dka, nego stvarna \u010dudovi\u0161ta. Me\u0111utim, stanovnici tog svijeta budu\u0107nosti do te mjere su indoktrinirani i naviknuti na iskrivljenu realnost da ne vide njihovu pravu prirodu. Glavni junak, Adem Ja\u0161arspahi\u0107, bio je po\u0161te\u0111en te vrste indoktrinacije jer je \u017eivio u dobrovoljnoj izolaciji posljednje 43 godine. Kada igrom slu\u010daja dospije u bolnicu tamo vidi jednog od Bankara i u panici bje\u017ei. Bankare zabrine \u010dinjenica da ih neko jo\u0161 uvijek prepoznaje i po\u010dinje lov na Adema. A, uporedo sa tim, Bankari spremaju posljednju veliku naplatu. Sprema se \u017eetva, samo \u0161to njih vi\u0161e ne interesuje novac, nego ne\u0161to neuporedivo vrjednije&#8230;<\/p>\n","protected":false},"excerpt":{"rendered":"<p>Pisac: Amir Misirli\u0107<br \/>\nIzdava\u010d:\u0160ahinpa\u0161i\u0107<\/p>\n<p>Dostupnost:na stanju<br \/>\nBroj strana: 310<br \/>\nUvez: Meki<\/p>\n","protected":false},"featured_media":122167,"template":"","meta":[],"product_brand":[],"product_cat":[300,301],"product_tag":[1062,809,334,481,1063],"class_list":{"0":"post-122166","1":"product","2":"type-product","3":"status-publish","4":"has-post-thumbnail","6":"product_cat-domaci-autori","7":"product_cat-proza","8":"product_tag-amir-mislirlic","9":"product_tag-knjiga","10":"product_tag-knjigoljubac","11":"product_tag-knjigoljubac-ba","12":"product_tag-vrijeme-zetve","14":"first","15":"instock","16":"sale","17":"taxable","18":"shipping-taxable","19":"purchasable","20":"product-type-simple"},"yoast_head":"<!-- This site is optimized with the Yoast SEO plugin v27.5 - https:\/\/yoast.com\/product\/yoast-seo-wordpress\/ -->\n<title>Vrijeme \u017eetve - KNJIGOLJUBAC<\/title>\n<meta name=\"robots\" content=\"index, follow, max-snippet:-1, max-image-preview:large, max-video-preview:-1\" \/>\n<link rel=\"canonical\" href=\"https:\/\/knjigoljubac.ba\/hr\/product\/vrijeme-zetve\/\" \/>\n<meta property=\"og:locale\" content=\"hr_HR\" \/>\n<meta property=\"og:type\" content=\"article\" \/>\n<meta property=\"og:title\" content=\"Vrijeme \u017eetve - KNJIGOLJUBAC\" \/>\n<meta property=\"og:description\" content=\"Pisac: Amir Misirli\u0107 Izdava\u010d:\u0160ahinpa\u0161i\u0107  Dostupnost:na stanju Broj strana: 310 Uvez: Meki\" \/>\n<meta property=\"og:url\" content=\"https:\/\/knjigoljubac.ba\/hr\/product\/vrijeme-zetve\/\" \/>\n<meta property=\"og:site_name\" content=\"KNJIGOLJUBAC\" \/>\n<meta property=\"article:publisher\" content=\"https:\/\/www.facebook.com\/knjigoljubacba-106067741319857\/?ref=pages_you_manage\" \/>\n<meta property=\"article:modified_time\" content=\"2024-10-17T18:36:56+00:00\" \/>\n<meta property=\"og:image\" content=\"https:\/\/knjigoljubac.ba\/wp-content\/uploads\/2024\/10\/vrijeme_zetve.jpg\" \/>\n\t<meta property=\"og:image:width\" content=\"160\" \/>\n\t<meta property=\"og:image:height\" content=\"226\" \/>\n\t<meta property=\"og:image:type\" content=\"image\/jpeg\" \/>\n<meta name=\"twitter:card\" content=\"summary_large_image\" \/>\n<meta name=\"twitter:label1\" content=\"Procijenjeno vrijeme \u010ditanja\" \/>\n\t<meta name=\"twitter:data1\" content=\"1 minuta\" \/>\n<script type=\"application\/ld+json\" class=\"yoast-schema-graph\">{\"@context\":\"https:\\\/\\\/schema.org\",\"@graph\":[{\"@type\":\"WebPage\",\"@id\":\"https:\\\/\\\/knjigoljubac.ba\\\/product\\\/vrijeme-zetve\\\/\",\"url\":\"https:\\\/\\\/knjigoljubac.ba\\\/product\\\/vrijeme-zetve\\\/\",\"name\":\"Vrijeme \u017eetve - KNJIGOLJUBAC\",\"isPartOf\":{\"@id\":\"https:\\\/\\\/knjigoljubac.ba\\\/#website\"},\"primaryImageOfPage\":{\"@id\":\"https:\\\/\\\/knjigoljubac.ba\\\/product\\\/vrijeme-zetve\\\/#primaryimage\"},\"image\":{\"@id\":\"https:\\\/\\\/knjigoljubac.ba\\\/product\\\/vrijeme-zetve\\\/#primaryimage\"},\"thumbnailUrl\":\"https:\\\/\\\/knjigoljubac.ba\\\/wp-content\\\/uploads\\\/2024\\\/10\\\/vrijeme_zetve.jpg\",\"datePublished\":\"2024-10-17T18:35:58+00:00\",\"dateModified\":\"2024-10-17T18:36:56+00:00\",\"breadcrumb\":{\"@id\":\"https:\\\/\\\/knjigoljubac.ba\\\/product\\\/vrijeme-zetve\\\/#breadcrumb\"},\"inLanguage\":\"hr\",\"potentialAction\":[{\"@type\":\"ReadAction\",\"target\":[\"https:\\\/\\\/knjigoljubac.ba\\\/product\\\/vrijeme-zetve\\\/\"]}]},{\"@type\":\"ImageObject\",\"inLanguage\":\"hr\",\"@id\":\"https:\\\/\\\/knjigoljubac.ba\\\/product\\\/vrijeme-zetve\\\/#primaryimage\",\"url\":\"https:\\\/\\\/knjigoljubac.ba\\\/wp-content\\\/uploads\\\/2024\\\/10\\\/vrijeme_zetve.jpg\",\"contentUrl\":\"https:\\\/\\\/knjigoljubac.ba\\\/wp-content\\\/uploads\\\/2024\\\/10\\\/vrijeme_zetve.jpg\",\"width\":160,\"height\":226},{\"@type\":\"BreadcrumbList\",\"@id\":\"https:\\\/\\\/knjigoljubac.ba\\\/product\\\/vrijeme-zetve\\\/#breadcrumb\",\"itemListElement\":[{\"@type\":\"ListItem\",\"position\":1,\"name\":\"Po\u010detna stranica\",\"item\":\"https:\\\/\\\/knjigoljubac.ba\\\/\"},{\"@type\":\"ListItem\",\"position\":2,\"name\":\"Trgovina\",\"item\":\"https:\\\/\\\/knjigoljubac.ba\\\/trgovina\\\/\"},{\"@type\":\"ListItem\",\"position\":3,\"name\":\"Vrijeme \u017eetve\"}]},{\"@type\":\"WebSite\",\"@id\":\"https:\\\/\\\/knjigoljubac.ba\\\/#website\",\"url\":\"https:\\\/\\\/knjigoljubac.ba\\\/\",\"name\":\"KNJIGOLJUBAC\",\"description\":\"Va\u0161a online knji\u017eara\",\"publisher\":{\"@id\":\"https:\\\/\\\/knjigoljubac.ba\\\/#organization\"},\"potentialAction\":[{\"@type\":\"SearchAction\",\"target\":{\"@type\":\"EntryPoint\",\"urlTemplate\":\"https:\\\/\\\/knjigoljubac.ba\\\/?s={search_term_string}\"},\"query-input\":{\"@type\":\"PropertyValueSpecification\",\"valueRequired\":true,\"valueName\":\"search_term_string\"}}],\"inLanguage\":\"hr\"},{\"@type\":\"Organization\",\"@id\":\"https:\\\/\\\/knjigoljubac.ba\\\/#organization\",\"name\":\"KNJIGOLJUBAC\",\"url\":\"https:\\\/\\\/knjigoljubac.ba\\\/\",\"logo\":{\"@type\":\"ImageObject\",\"inLanguage\":\"hr\",\"@id\":\"https:\\\/\\\/knjigoljubac.ba\\\/#\\\/schema\\\/logo\\\/image\\\/\",\"url\":\"https:\\\/\\\/knjigoljubac.ba\\\/wp-content\\\/uploads\\\/2021\\\/09\\\/logo-novi-1024x465.png\",\"contentUrl\":\"https:\\\/\\\/knjigoljubac.ba\\\/wp-content\\\/uploads\\\/2021\\\/09\\\/logo-novi-1024x465.png\",\"width\":1024,\"height\":465,\"caption\":\"KNJIGOLJUBAC\"},\"image\":{\"@id\":\"https:\\\/\\\/knjigoljubac.ba\\\/#\\\/schema\\\/logo\\\/image\\\/\"},\"sameAs\":[\"https:\\\/\\\/www.facebook.com\\\/knjigoljubacba-106067741319857\\\/?ref=pages_you_manage\",\"https:\\\/\\\/www.instagram.com\\\/knjigoljubacbrcko\\\/\"]}]}<\/script>\n<!-- \/ Yoast SEO plugin. -->","yoast_head_json":{"title":"Vrijeme \u017eetve - KNJIGOLJUBAC","robots":{"index":"index","follow":"follow","max-snippet":"max-snippet:-1","max-image-preview":"max-image-preview:large","max-video-preview":"max-video-preview:-1"},"canonical":"https:\/\/knjigoljubac.ba\/hr\/product\/vrijeme-zetve\/","og_locale":"hr_HR","og_type":"article","og_title":"Vrijeme \u017eetve - KNJIGOLJUBAC","og_description":"Pisac: Amir Misirli\u0107 Izdava\u010d:\u0160ahinpa\u0161i\u0107  Dostupnost:na stanju Broj strana: 310 Uvez: Meki","og_url":"https:\/\/knjigoljubac.ba\/hr\/product\/vrijeme-zetve\/","og_site_name":"KNJIGOLJUBAC","article_publisher":"https:\/\/www.facebook.com\/knjigoljubacba-106067741319857\/?ref=pages_you_manage","article_modified_time":"2024-10-17T18:36:56+00:00","og_image":[{"width":160,"height":226,"url":"https:\/\/knjigoljubac.ba\/wp-content\/uploads\/2024\/10\/vrijeme_zetve.jpg","type":"image\/jpeg"}],"twitter_card":"summary_large_image","twitter_misc":{"Procijenjeno vrijeme \u010ditanja":"1 minuta"},"schema":{"@context":"https:\/\/schema.org","@graph":[{"@type":"WebPage","@id":"https:\/\/knjigoljubac.ba\/product\/vrijeme-zetve\/","url":"https:\/\/knjigoljubac.ba\/product\/vrijeme-zetve\/","name":"Vrijeme \u017eetve - KNJIGOLJUBAC","isPartOf":{"@id":"https:\/\/knjigoljubac.ba\/#website"},"primaryImageOfPage":{"@id":"https:\/\/knjigoljubac.ba\/product\/vrijeme-zetve\/#primaryimage"},"image":{"@id":"https:\/\/knjigoljubac.ba\/product\/vrijeme-zetve\/#primaryimage"},"thumbnailUrl":"https:\/\/knjigoljubac.ba\/wp-content\/uploads\/2024\/10\/vrijeme_zetve.jpg","datePublished":"2024-10-17T18:35:58+00:00","dateModified":"2024-10-17T18:36:56+00:00","breadcrumb":{"@id":"https:\/\/knjigoljubac.ba\/product\/vrijeme-zetve\/#breadcrumb"},"inLanguage":"hr","potentialAction":[{"@type":"ReadAction","target":["https:\/\/knjigoljubac.ba\/product\/vrijeme-zetve\/"]}]},{"@type":"ImageObject","inLanguage":"hr","@id":"https:\/\/knjigoljubac.ba\/product\/vrijeme-zetve\/#primaryimage","url":"https:\/\/knjigoljubac.ba\/wp-content\/uploads\/2024\/10\/vrijeme_zetve.jpg","contentUrl":"https:\/\/knjigoljubac.ba\/wp-content\/uploads\/2024\/10\/vrijeme_zetve.jpg","width":160,"height":226},{"@type":"BreadcrumbList","@id":"https:\/\/knjigoljubac.ba\/product\/vrijeme-zetve\/#breadcrumb","itemListElement":[{"@type":"ListItem","position":1,"name":"Po\u010detna stranica","item":"https:\/\/knjigoljubac.ba\/"},{"@type":"ListItem","position":2,"name":"Trgovina","item":"https:\/\/knjigoljubac.ba\/trgovina\/"},{"@type":"ListItem","position":3,"name":"Vrijeme \u017eetve"}]},{"@type":"WebSite","@id":"https:\/\/knjigoljubac.ba\/#website","url":"https:\/\/knjigoljubac.ba\/","name":"KNJIGOLJUBAC","description":"Va\u0161a online knji\u017eara","publisher":{"@id":"https:\/\/knjigoljubac.ba\/#organization"},"potentialAction":[{"@type":"SearchAction","target":{"@type":"EntryPoint","urlTemplate":"https:\/\/knjigoljubac.ba\/?s={search_term_string}"},"query-input":{"@type":"PropertyValueSpecification","valueRequired":true,"valueName":"search_term_string"}}],"inLanguage":"hr"},{"@type":"Organization","@id":"https:\/\/knjigoljubac.ba\/#organization","name":"KNJIGOLJUBAC","url":"https:\/\/knjigoljubac.ba\/","logo":{"@type":"ImageObject","inLanguage":"hr","@id":"https:\/\/knjigoljubac.ba\/#\/schema\/logo\/image\/","url":"https:\/\/knjigoljubac.ba\/wp-content\/uploads\/2021\/09\/logo-novi-1024x465.png","contentUrl":"https:\/\/knjigoljubac.ba\/wp-content\/uploads\/2021\/09\/logo-novi-1024x465.png","width":1024,"height":465,"caption":"KNJIGOLJUBAC"},"image":{"@id":"https:\/\/knjigoljubac.ba\/#\/schema\/logo\/image\/"},"sameAs":["https:\/\/www.facebook.com\/knjigoljubacba-106067741319857\/?ref=pages_you_manage","https:\/\/www.instagram.com\/knjigoljubacbrcko\/"]}]}},"jetpack_sharing_enabled":true,"_links":{"self":[{"href":"https:\/\/knjigoljubac.ba\/hr\/wp-json\/wp\/v2\/product\/122166","targetHints":{"allow":["GET"]}}],"collection":[{"href":"https:\/\/knjigoljubac.ba\/hr\/wp-json\/wp\/v2\/product"}],"about":[{"href":"https:\/\/knjigoljubac.ba\/hr\/wp-json\/wp\/v2\/types\/product"}],"wp:featuredmedia":[{"embeddable":true,"href":"https:\/\/knjigoljubac.ba\/hr\/wp-json\/wp\/v2\/media\/122167"}],"wp:attachment":[{"href":"https:\/\/knjigoljubac.ba\/hr\/wp-json\/wp\/v2\/media?parent=122166"}],"wp:term":[{"taxonomy":"product_brand","embeddable":true,"href":"https:\/\/knjigoljubac.ba\/hr\/wp-json\/wp\/v2\/product_brand?post=122166"},{"taxonomy":"product_cat","embeddable":true,"href":"https:\/\/knjigoljubac.ba\/hr\/wp-json\/wp\/v2\/product_cat?post=122166"},{"taxonomy":"product_tag","embeddable":true,"href":"https:\/\/knjigoljubac.ba\/hr\/wp-json\/wp\/v2\/product_tag?post=122166"}],"curies":[{"name":"wp","href":"https:\/\/api.w.org\/{rel}","templated":true}]}}