{"id":122093,"date":"2024-01-15T07:46:23","date_gmt":"2024-01-15T07:46:23","guid":{"rendered":"https:\/\/knjigoljubac.ba\/?post_type=product&#038;p=122093"},"modified":"2024-01-15T07:46:25","modified_gmt":"2024-01-15T07:46:25","slug":"dzihad-i-smrt","status":"publish","type":"product","link":"https:\/\/knjigoljubac.ba\/hr\/product\/dzihad-i-smrt\/","title":{"rendered":"D\u017eihad i smrt"},"content":{"rendered":"<p>Od Kaleda Kelkala do atentata u Nici 2016. godine, prakti\u010dno svi teroristi sami su se raznosili ili prepu\u0161tali policiji da ih ubije, ne poku\u0161avaju\u0107i da umaknu \u010dak ni kada njihova smrt nije bila neophodna za uspeh teroristi\u010dkog poduhvata.<br \/>\nMuhamed Merah je preuzeo frazu koja se pripisuje Bin Ladenu a koja se redovno ponavlja u razli\u010ditim varijantama: \u201eMi volimo smrt, vi volite \u017eivot.\u201c Teroristima smrt nije jedan od mogu\u0107ih ishoda ili ne\u017eeljena posledica njihovog teroristi\u010dkog poduhvata, ve\u0107 sredi\u0161nje mesto njihovog plana. Istu tu fascinaciju smr\u0107u nalazimo i kod d\u017eihadista koji su se priklju\u010dili Islamskoj dr\u017eavi: izvo\u0111enje samoubila\u010dkog atentata krajnja je svrha njihovog anga\u017eovanja. Ali za\u0161to je on zaista opasan? Pre zbog posledica koje terorizam ostavlja za sobom nego zbog nanete \u0161tete. Jer sva snaga Islamske dr\u017eave u poigravanju je s na\u0161im strahovima. A ti strahovi, to su strahovi od islama. Sav strate\u0161ki efekat tih atentata psiholo\u0161ke je prirode: oni ne ugro\u017eavaju vojnu mo\u0107 Zapada, imaju tek marginalne posledice po ekonomiju, ne dovode u opasnost na\u0161e institucije osim u onoj meri u kojoj ih mi sami kasnije dovodimo u pitanje iscrpljuju\u0107om i beskrajnom raspravom o prioritetu sigurnosti nad pravnom dr\u017eavom. Postoji u stvari strah od implozije na\u0161ih sopstvenih dru\u0161tava.<\/p>\n","protected":false},"excerpt":{"rendered":"<p>Autor: Olivije Roa<br \/>\nIzdava\u010d: Akademska knjiga<br \/>\nUvez: Meki<\/p>\n","protected":false},"featured_media":122094,"template":"","meta":[],"product_brand":[],"product_cat":[299,325,326],"product_tag":[1049,809,334,1048],"class_list":{"0":"post-122093","1":"product","2":"type-product","3":"status-publish","4":"has-post-thumbnail","6":"product_cat-bestseleri","7":"product_cat-najnovije-u-knjizari","8":"product_cat-preporuceno","9":"product_tag-dzihad-i-smrt","10":"product_tag-knjiga","11":"product_tag-knjigoljubac","12":"product_tag-olivije-roa","14":"first","15":"instock","16":"taxable","17":"shipping-taxable","18":"purchasable","19":"product-type-simple"},"yoast_head":"<!-- This site is optimized with the Yoast SEO plugin v27.5 - https:\/\/yoast.com\/product\/yoast-seo-wordpress\/ -->\n<title>D\u017eihad i smrt - KNJIGOLJUBAC<\/title>\n<meta name=\"robots\" content=\"index, follow, max-snippet:-1, max-image-preview:large, max-video-preview:-1\" \/>\n<link rel=\"canonical\" href=\"https:\/\/knjigoljubac.ba\/hr\/product\/dzihad-i-smrt\/\" \/>\n<meta property=\"og:locale\" content=\"hr_HR\" \/>\n<meta property=\"og:type\" content=\"article\" \/>\n<meta property=\"og:title\" content=\"D\u017eihad i smrt - KNJIGOLJUBAC\" \/>\n<meta property=\"og:description\" content=\"Autor: Olivije Roa Izdava\u010d: Akademska knjiga Uvez: Meki\" \/>\n<meta property=\"og:url\" content=\"https:\/\/knjigoljubac.ba\/hr\/product\/dzihad-i-smrt\/\" \/>\n<meta property=\"og:site_name\" content=\"KNJIGOLJUBAC\" \/>\n<meta property=\"article:publisher\" content=\"https:\/\/www.facebook.com\/knjigoljubacba-106067741319857\/?ref=pages_you_manage\" \/>\n<meta property=\"article:modified_time\" content=\"2024-01-15T07:46:25+00:00\" \/>\n<meta property=\"og:image\" content=\"https:\/\/knjigoljubac.ba\/wp-content\/uploads\/2024\/01\/dzihad_i_smrt.jpg\" \/>\n\t<meta property=\"og:image:width\" content=\"160\" \/>\n\t<meta property=\"og:image:height\" content=\"226\" \/>\n\t<meta property=\"og:image:type\" content=\"image\/jpeg\" \/>\n<meta name=\"twitter:card\" content=\"summary_large_image\" \/>\n<meta name=\"twitter:label1\" content=\"Procijenjeno vrijeme \u010ditanja\" \/>\n\t<meta name=\"twitter:data1\" content=\"1 minuta\" \/>\n<script type=\"application\/ld+json\" class=\"yoast-schema-graph\">{\"@context\":\"https:\\\/\\\/schema.org\",\"@graph\":[{\"@type\":\"WebPage\",\"@id\":\"https:\\\/\\\/knjigoljubac.ba\\\/product\\\/dzihad-i-smrt\\\/\",\"url\":\"https:\\\/\\\/knjigoljubac.ba\\\/product\\\/dzihad-i-smrt\\\/\",\"name\":\"D\u017eihad i smrt - KNJIGOLJUBAC\",\"isPartOf\":{\"@id\":\"https:\\\/\\\/knjigoljubac.ba\\\/#website\"},\"primaryImageOfPage\":{\"@id\":\"https:\\\/\\\/knjigoljubac.ba\\\/product\\\/dzihad-i-smrt\\\/#primaryimage\"},\"image\":{\"@id\":\"https:\\\/\\\/knjigoljubac.ba\\\/product\\\/dzihad-i-smrt\\\/#primaryimage\"},\"thumbnailUrl\":\"https:\\\/\\\/knjigoljubac.ba\\\/wp-content\\\/uploads\\\/2024\\\/01\\\/dzihad_i_smrt.jpg\",\"datePublished\":\"2024-01-15T07:46:23+00:00\",\"dateModified\":\"2024-01-15T07:46:25+00:00\",\"breadcrumb\":{\"@id\":\"https:\\\/\\\/knjigoljubac.ba\\\/product\\\/dzihad-i-smrt\\\/#breadcrumb\"},\"inLanguage\":\"hr\",\"potentialAction\":[{\"@type\":\"ReadAction\",\"target\":[\"https:\\\/\\\/knjigoljubac.ba\\\/product\\\/dzihad-i-smrt\\\/\"]}]},{\"@type\":\"ImageObject\",\"inLanguage\":\"hr\",\"@id\":\"https:\\\/\\\/knjigoljubac.ba\\\/product\\\/dzihad-i-smrt\\\/#primaryimage\",\"url\":\"https:\\\/\\\/knjigoljubac.ba\\\/wp-content\\\/uploads\\\/2024\\\/01\\\/dzihad_i_smrt.jpg\",\"contentUrl\":\"https:\\\/\\\/knjigoljubac.ba\\\/wp-content\\\/uploads\\\/2024\\\/01\\\/dzihad_i_smrt.jpg\",\"width\":160,\"height\":226},{\"@type\":\"BreadcrumbList\",\"@id\":\"https:\\\/\\\/knjigoljubac.ba\\\/product\\\/dzihad-i-smrt\\\/#breadcrumb\",\"itemListElement\":[{\"@type\":\"ListItem\",\"position\":1,\"name\":\"Po\u010detna stranica\",\"item\":\"https:\\\/\\\/knjigoljubac.ba\\\/\"},{\"@type\":\"ListItem\",\"position\":2,\"name\":\"Trgovina\",\"item\":\"https:\\\/\\\/knjigoljubac.ba\\\/trgovina\\\/\"},{\"@type\":\"ListItem\",\"position\":3,\"name\":\"D\u017eihad i smrt\"}]},{\"@type\":\"WebSite\",\"@id\":\"https:\\\/\\\/knjigoljubac.ba\\\/#website\",\"url\":\"https:\\\/\\\/knjigoljubac.ba\\\/\",\"name\":\"KNJIGOLJUBAC\",\"description\":\"Va\u0161a online knji\u017eara\",\"publisher\":{\"@id\":\"https:\\\/\\\/knjigoljubac.ba\\\/#organization\"},\"potentialAction\":[{\"@type\":\"SearchAction\",\"target\":{\"@type\":\"EntryPoint\",\"urlTemplate\":\"https:\\\/\\\/knjigoljubac.ba\\\/?s={search_term_string}\"},\"query-input\":{\"@type\":\"PropertyValueSpecification\",\"valueRequired\":true,\"valueName\":\"search_term_string\"}}],\"inLanguage\":\"hr\"},{\"@type\":\"Organization\",\"@id\":\"https:\\\/\\\/knjigoljubac.ba\\\/#organization\",\"name\":\"KNJIGOLJUBAC\",\"url\":\"https:\\\/\\\/knjigoljubac.ba\\\/\",\"logo\":{\"@type\":\"ImageObject\",\"inLanguage\":\"hr\",\"@id\":\"https:\\\/\\\/knjigoljubac.ba\\\/#\\\/schema\\\/logo\\\/image\\\/\",\"url\":\"https:\\\/\\\/knjigoljubac.ba\\\/wp-content\\\/uploads\\\/2021\\\/09\\\/logo-novi-1024x465.png\",\"contentUrl\":\"https:\\\/\\\/knjigoljubac.ba\\\/wp-content\\\/uploads\\\/2021\\\/09\\\/logo-novi-1024x465.png\",\"width\":1024,\"height\":465,\"caption\":\"KNJIGOLJUBAC\"},\"image\":{\"@id\":\"https:\\\/\\\/knjigoljubac.ba\\\/#\\\/schema\\\/logo\\\/image\\\/\"},\"sameAs\":[\"https:\\\/\\\/www.facebook.com\\\/knjigoljubacba-106067741319857\\\/?ref=pages_you_manage\",\"https:\\\/\\\/www.instagram.com\\\/knjigoljubacbrcko\\\/\"]}]}<\/script>\n<!-- \/ Yoast SEO plugin. -->","yoast_head_json":{"title":"D\u017eihad i smrt - KNJIGOLJUBAC","robots":{"index":"index","follow":"follow","max-snippet":"max-snippet:-1","max-image-preview":"max-image-preview:large","max-video-preview":"max-video-preview:-1"},"canonical":"https:\/\/knjigoljubac.ba\/hr\/product\/dzihad-i-smrt\/","og_locale":"hr_HR","og_type":"article","og_title":"D\u017eihad i smrt - KNJIGOLJUBAC","og_description":"Autor: Olivije Roa Izdava\u010d: Akademska knjiga Uvez: Meki","og_url":"https:\/\/knjigoljubac.ba\/hr\/product\/dzihad-i-smrt\/","og_site_name":"KNJIGOLJUBAC","article_publisher":"https:\/\/www.facebook.com\/knjigoljubacba-106067741319857\/?ref=pages_you_manage","article_modified_time":"2024-01-15T07:46:25+00:00","og_image":[{"width":160,"height":226,"url":"https:\/\/knjigoljubac.ba\/wp-content\/uploads\/2024\/01\/dzihad_i_smrt.jpg","type":"image\/jpeg"}],"twitter_card":"summary_large_image","twitter_misc":{"Procijenjeno vrijeme \u010ditanja":"1 minuta"},"schema":{"@context":"https:\/\/schema.org","@graph":[{"@type":"WebPage","@id":"https:\/\/knjigoljubac.ba\/product\/dzihad-i-smrt\/","url":"https:\/\/knjigoljubac.ba\/product\/dzihad-i-smrt\/","name":"D\u017eihad i smrt - KNJIGOLJUBAC","isPartOf":{"@id":"https:\/\/knjigoljubac.ba\/#website"},"primaryImageOfPage":{"@id":"https:\/\/knjigoljubac.ba\/product\/dzihad-i-smrt\/#primaryimage"},"image":{"@id":"https:\/\/knjigoljubac.ba\/product\/dzihad-i-smrt\/#primaryimage"},"thumbnailUrl":"https:\/\/knjigoljubac.ba\/wp-content\/uploads\/2024\/01\/dzihad_i_smrt.jpg","datePublished":"2024-01-15T07:46:23+00:00","dateModified":"2024-01-15T07:46:25+00:00","breadcrumb":{"@id":"https:\/\/knjigoljubac.ba\/product\/dzihad-i-smrt\/#breadcrumb"},"inLanguage":"hr","potentialAction":[{"@type":"ReadAction","target":["https:\/\/knjigoljubac.ba\/product\/dzihad-i-smrt\/"]}]},{"@type":"ImageObject","inLanguage":"hr","@id":"https:\/\/knjigoljubac.ba\/product\/dzihad-i-smrt\/#primaryimage","url":"https:\/\/knjigoljubac.ba\/wp-content\/uploads\/2024\/01\/dzihad_i_smrt.jpg","contentUrl":"https:\/\/knjigoljubac.ba\/wp-content\/uploads\/2024\/01\/dzihad_i_smrt.jpg","width":160,"height":226},{"@type":"BreadcrumbList","@id":"https:\/\/knjigoljubac.ba\/product\/dzihad-i-smrt\/#breadcrumb","itemListElement":[{"@type":"ListItem","position":1,"name":"Po\u010detna stranica","item":"https:\/\/knjigoljubac.ba\/"},{"@type":"ListItem","position":2,"name":"Trgovina","item":"https:\/\/knjigoljubac.ba\/trgovina\/"},{"@type":"ListItem","position":3,"name":"D\u017eihad i smrt"}]},{"@type":"WebSite","@id":"https:\/\/knjigoljubac.ba\/#website","url":"https:\/\/knjigoljubac.ba\/","name":"KNJIGOLJUBAC","description":"Va\u0161a online knji\u017eara","publisher":{"@id":"https:\/\/knjigoljubac.ba\/#organization"},"potentialAction":[{"@type":"SearchAction","target":{"@type":"EntryPoint","urlTemplate":"https:\/\/knjigoljubac.ba\/?s={search_term_string}"},"query-input":{"@type":"PropertyValueSpecification","valueRequired":true,"valueName":"search_term_string"}}],"inLanguage":"hr"},{"@type":"Organization","@id":"https:\/\/knjigoljubac.ba\/#organization","name":"KNJIGOLJUBAC","url":"https:\/\/knjigoljubac.ba\/","logo":{"@type":"ImageObject","inLanguage":"hr","@id":"https:\/\/knjigoljubac.ba\/#\/schema\/logo\/image\/","url":"https:\/\/knjigoljubac.ba\/wp-content\/uploads\/2021\/09\/logo-novi-1024x465.png","contentUrl":"https:\/\/knjigoljubac.ba\/wp-content\/uploads\/2021\/09\/logo-novi-1024x465.png","width":1024,"height":465,"caption":"KNJIGOLJUBAC"},"image":{"@id":"https:\/\/knjigoljubac.ba\/#\/schema\/logo\/image\/"},"sameAs":["https:\/\/www.facebook.com\/knjigoljubacba-106067741319857\/?ref=pages_you_manage","https:\/\/www.instagram.com\/knjigoljubacbrcko\/"]}]}},"jetpack_sharing_enabled":true,"_links":{"self":[{"href":"https:\/\/knjigoljubac.ba\/hr\/wp-json\/wp\/v2\/product\/122093","targetHints":{"allow":["GET"]}}],"collection":[{"href":"https:\/\/knjigoljubac.ba\/hr\/wp-json\/wp\/v2\/product"}],"about":[{"href":"https:\/\/knjigoljubac.ba\/hr\/wp-json\/wp\/v2\/types\/product"}],"wp:featuredmedia":[{"embeddable":true,"href":"https:\/\/knjigoljubac.ba\/hr\/wp-json\/wp\/v2\/media\/122094"}],"wp:attachment":[{"href":"https:\/\/knjigoljubac.ba\/hr\/wp-json\/wp\/v2\/media?parent=122093"}],"wp:term":[{"taxonomy":"product_brand","embeddable":true,"href":"https:\/\/knjigoljubac.ba\/hr\/wp-json\/wp\/v2\/product_brand?post=122093"},{"taxonomy":"product_cat","embeddable":true,"href":"https:\/\/knjigoljubac.ba\/hr\/wp-json\/wp\/v2\/product_cat?post=122093"},{"taxonomy":"product_tag","embeddable":true,"href":"https:\/\/knjigoljubac.ba\/hr\/wp-json\/wp\/v2\/product_tag?post=122093"}],"curies":[{"name":"wp","href":"https:\/\/api.w.org\/{rel}","templated":true}]}}