{"id":122070,"date":"2024-01-11T11:13:59","date_gmt":"2024-01-11T11:13:59","guid":{"rendered":"https:\/\/knjigoljubac.ba\/?post_type=product&#038;p=122070"},"modified":"2024-01-11T11:14:01","modified_gmt":"2024-01-11T11:14:01","slug":"rasprave-i-razgovori-bosanskohercegovacke-teme","status":"publish","type":"product","link":"https:\/\/knjigoljubac.ba\/hr\/product\/rasprave-i-razgovori-bosanskohercegovacke-teme\/","title":{"rendered":"RASPRAVE I RAZGOVORI &#8211; bosanskohercegova\u010dke teme"},"content":{"rendered":"<p>Sa 37 knjiga, te preko stotinu nau\u010dnih i stru\u010dnih \u010dlanaka objavljivanih u vi\u0161e doma\u0107ih i inostranih nau\u010dnih \u010dasopisa, Esad Zgodi\u0107 nije izgradio sebe kao plodonosnog autora, ve\u0107 i politi\u010dkog teoreti\u010dara, ali i filozofa koji se pozabavio klju\u010dnim pitanjima dru\u0161tvene zbilje koja, do tada, nisu bile dio nau\u010dne preokupacije u Bosni i Hercegovini. Specifukum nove knjige profesora Zgodi\u0107a je to \u0161to ovi tekstovi nisu samo gola teorijska rasprava koja je svrha sama sebi, ve\u0107 oni analiziraju, upore\u0111uju sumiraju mnoge primjere sada\u0161njih i pro\u0161lih politi\u010dkih zbivanja te ih na slikovit na\u010din obja\u0161njavavaju.<\/p>\n","protected":false},"excerpt":{"rendered":"<p>Autor: prof. dr. Esad Zgodi\u0107<br \/>\nFormat: B5<br \/>\nBr. str: 380<br \/>\nUvez: Meki<br \/>\nGodina izdanja: 2023.<br \/>\nIzdava\u010d: Knjigoljubac<\/p>\n","protected":false},"featured_media":122071,"template":"","meta":[],"product_brand":[],"product_cat":[292,325,287],"product_tag":[322,334,1030],"class_list":{"0":"post-122070","1":"product","2":"type-product","3":"status-publish","4":"has-post-thumbnail","6":"product_cat-filozofija","7":"product_cat-najnovije-u-knjizari","8":"product_cat-nasa-izdanja","9":"product_tag-esad-zgodic","10":"product_tag-knjigoljubac","11":"product_tag-rasprave-i-razgovori","13":"first","14":"instock","15":"sale","16":"taxable","17":"shipping-taxable","18":"purchasable","19":"product-type-simple"},"yoast_head":"<!-- This site is optimized with the Yoast SEO plugin v27.5 - https:\/\/yoast.com\/product\/yoast-seo-wordpress\/ -->\n<title>RASPRAVE I RAZGOVORI - bosanskohercegova\u010dke teme - KNJIGOLJUBAC<\/title>\n<meta name=\"robots\" content=\"index, follow, max-snippet:-1, max-image-preview:large, max-video-preview:-1\" \/>\n<link rel=\"canonical\" href=\"https:\/\/knjigoljubac.ba\/hr\/product\/rasprave-i-razgovori-bosanskohercegovacke-teme\/\" \/>\n<meta property=\"og:locale\" content=\"hr_HR\" \/>\n<meta property=\"og:type\" content=\"article\" \/>\n<meta property=\"og:title\" content=\"RASPRAVE I RAZGOVORI - bosanskohercegova\u010dke teme - KNJIGOLJUBAC\" \/>\n<meta property=\"og:description\" content=\"Autor: prof. dr. Esad Zgodi\u0107 Format: B5 Br. str: 380 Uvez: Meki Godina izdanja: 2023. Izdava\u010d: Knjigoljubac\" \/>\n<meta property=\"og:url\" content=\"https:\/\/knjigoljubac.ba\/hr\/product\/rasprave-i-razgovori-bosanskohercegovacke-teme\/\" \/>\n<meta property=\"og:site_name\" content=\"KNJIGOLJUBAC\" \/>\n<meta property=\"article:publisher\" content=\"https:\/\/www.facebook.com\/knjigoljubacba-106067741319857\/?ref=pages_you_manage\" \/>\n<meta property=\"article:modified_time\" content=\"2024-01-11T11:14:01+00:00\" \/>\n<meta property=\"og:image\" content=\"https:\/\/knjigoljubac.ba\/wp-content\/uploads\/2024\/01\/korice-za-sajt.jpg\" \/>\n\t<meta property=\"og:image:width\" content=\"160\" \/>\n\t<meta property=\"og:image:height\" content=\"226\" \/>\n\t<meta property=\"og:image:type\" content=\"image\/jpeg\" \/>\n<meta name=\"twitter:card\" content=\"summary_large_image\" \/>\n<meta name=\"twitter:label1\" content=\"Procijenjeno vrijeme \u010ditanja\" \/>\n\t<meta name=\"twitter:data1\" content=\"1 minuta\" \/>\n<script type=\"application\/ld+json\" class=\"yoast-schema-graph\">{\"@context\":\"https:\\\/\\\/schema.org\",\"@graph\":[{\"@type\":\"WebPage\",\"@id\":\"https:\\\/\\\/knjigoljubac.ba\\\/product\\\/rasprave-i-razgovori-bosanskohercegovacke-teme\\\/\",\"url\":\"https:\\\/\\\/knjigoljubac.ba\\\/product\\\/rasprave-i-razgovori-bosanskohercegovacke-teme\\\/\",\"name\":\"RASPRAVE I RAZGOVORI - bosanskohercegova\u010dke teme - KNJIGOLJUBAC\",\"isPartOf\":{\"@id\":\"https:\\\/\\\/knjigoljubac.ba\\\/#website\"},\"primaryImageOfPage\":{\"@id\":\"https:\\\/\\\/knjigoljubac.ba\\\/product\\\/rasprave-i-razgovori-bosanskohercegovacke-teme\\\/#primaryimage\"},\"image\":{\"@id\":\"https:\\\/\\\/knjigoljubac.ba\\\/product\\\/rasprave-i-razgovori-bosanskohercegovacke-teme\\\/#primaryimage\"},\"thumbnailUrl\":\"https:\\\/\\\/knjigoljubac.ba\\\/wp-content\\\/uploads\\\/2024\\\/01\\\/korice-za-sajt.jpg\",\"datePublished\":\"2024-01-11T11:13:59+00:00\",\"dateModified\":\"2024-01-11T11:14:01+00:00\",\"breadcrumb\":{\"@id\":\"https:\\\/\\\/knjigoljubac.ba\\\/product\\\/rasprave-i-razgovori-bosanskohercegovacke-teme\\\/#breadcrumb\"},\"inLanguage\":\"hr\",\"potentialAction\":[{\"@type\":\"ReadAction\",\"target\":[\"https:\\\/\\\/knjigoljubac.ba\\\/product\\\/rasprave-i-razgovori-bosanskohercegovacke-teme\\\/\"]}]},{\"@type\":\"ImageObject\",\"inLanguage\":\"hr\",\"@id\":\"https:\\\/\\\/knjigoljubac.ba\\\/product\\\/rasprave-i-razgovori-bosanskohercegovacke-teme\\\/#primaryimage\",\"url\":\"https:\\\/\\\/knjigoljubac.ba\\\/wp-content\\\/uploads\\\/2024\\\/01\\\/korice-za-sajt.jpg\",\"contentUrl\":\"https:\\\/\\\/knjigoljubac.ba\\\/wp-content\\\/uploads\\\/2024\\\/01\\\/korice-za-sajt.jpg\",\"width\":160,\"height\":226},{\"@type\":\"BreadcrumbList\",\"@id\":\"https:\\\/\\\/knjigoljubac.ba\\\/product\\\/rasprave-i-razgovori-bosanskohercegovacke-teme\\\/#breadcrumb\",\"itemListElement\":[{\"@type\":\"ListItem\",\"position\":1,\"name\":\"Po\u010detna stranica\",\"item\":\"https:\\\/\\\/knjigoljubac.ba\\\/\"},{\"@type\":\"ListItem\",\"position\":2,\"name\":\"Trgovina\",\"item\":\"https:\\\/\\\/knjigoljubac.ba\\\/trgovina\\\/\"},{\"@type\":\"ListItem\",\"position\":3,\"name\":\"RASPRAVE I RAZGOVORI &#8211; bosanskohercegova\u010dke teme\"}]},{\"@type\":\"WebSite\",\"@id\":\"https:\\\/\\\/knjigoljubac.ba\\\/#website\",\"url\":\"https:\\\/\\\/knjigoljubac.ba\\\/\",\"name\":\"KNJIGOLJUBAC\",\"description\":\"Va\u0161a online knji\u017eara\",\"publisher\":{\"@id\":\"https:\\\/\\\/knjigoljubac.ba\\\/#organization\"},\"potentialAction\":[{\"@type\":\"SearchAction\",\"target\":{\"@type\":\"EntryPoint\",\"urlTemplate\":\"https:\\\/\\\/knjigoljubac.ba\\\/?s={search_term_string}\"},\"query-input\":{\"@type\":\"PropertyValueSpecification\",\"valueRequired\":true,\"valueName\":\"search_term_string\"}}],\"inLanguage\":\"hr\"},{\"@type\":\"Organization\",\"@id\":\"https:\\\/\\\/knjigoljubac.ba\\\/#organization\",\"name\":\"KNJIGOLJUBAC\",\"url\":\"https:\\\/\\\/knjigoljubac.ba\\\/\",\"logo\":{\"@type\":\"ImageObject\",\"inLanguage\":\"hr\",\"@id\":\"https:\\\/\\\/knjigoljubac.ba\\\/#\\\/schema\\\/logo\\\/image\\\/\",\"url\":\"https:\\\/\\\/knjigoljubac.ba\\\/wp-content\\\/uploads\\\/2021\\\/09\\\/logo-novi-1024x465.png\",\"contentUrl\":\"https:\\\/\\\/knjigoljubac.ba\\\/wp-content\\\/uploads\\\/2021\\\/09\\\/logo-novi-1024x465.png\",\"width\":1024,\"height\":465,\"caption\":\"KNJIGOLJUBAC\"},\"image\":{\"@id\":\"https:\\\/\\\/knjigoljubac.ba\\\/#\\\/schema\\\/logo\\\/image\\\/\"},\"sameAs\":[\"https:\\\/\\\/www.facebook.com\\\/knjigoljubacba-106067741319857\\\/?ref=pages_you_manage\",\"https:\\\/\\\/www.instagram.com\\\/knjigoljubacbrcko\\\/\"]}]}<\/script>\n<!-- \/ Yoast SEO plugin. -->","yoast_head_json":{"title":"RASPRAVE I RAZGOVORI - bosanskohercegova\u010dke teme - KNJIGOLJUBAC","robots":{"index":"index","follow":"follow","max-snippet":"max-snippet:-1","max-image-preview":"max-image-preview:large","max-video-preview":"max-video-preview:-1"},"canonical":"https:\/\/knjigoljubac.ba\/hr\/product\/rasprave-i-razgovori-bosanskohercegovacke-teme\/","og_locale":"hr_HR","og_type":"article","og_title":"RASPRAVE I RAZGOVORI - bosanskohercegova\u010dke teme - KNJIGOLJUBAC","og_description":"Autor: prof. dr. Esad Zgodi\u0107 Format: B5 Br. str: 380 Uvez: Meki Godina izdanja: 2023. Izdava\u010d: Knjigoljubac","og_url":"https:\/\/knjigoljubac.ba\/hr\/product\/rasprave-i-razgovori-bosanskohercegovacke-teme\/","og_site_name":"KNJIGOLJUBAC","article_publisher":"https:\/\/www.facebook.com\/knjigoljubacba-106067741319857\/?ref=pages_you_manage","article_modified_time":"2024-01-11T11:14:01+00:00","og_image":[{"width":160,"height":226,"url":"https:\/\/knjigoljubac.ba\/wp-content\/uploads\/2024\/01\/korice-za-sajt.jpg","type":"image\/jpeg"}],"twitter_card":"summary_large_image","twitter_misc":{"Procijenjeno vrijeme \u010ditanja":"1 minuta"},"schema":{"@context":"https:\/\/schema.org","@graph":[{"@type":"WebPage","@id":"https:\/\/knjigoljubac.ba\/product\/rasprave-i-razgovori-bosanskohercegovacke-teme\/","url":"https:\/\/knjigoljubac.ba\/product\/rasprave-i-razgovori-bosanskohercegovacke-teme\/","name":"RASPRAVE I RAZGOVORI - bosanskohercegova\u010dke teme - KNJIGOLJUBAC","isPartOf":{"@id":"https:\/\/knjigoljubac.ba\/#website"},"primaryImageOfPage":{"@id":"https:\/\/knjigoljubac.ba\/product\/rasprave-i-razgovori-bosanskohercegovacke-teme\/#primaryimage"},"image":{"@id":"https:\/\/knjigoljubac.ba\/product\/rasprave-i-razgovori-bosanskohercegovacke-teme\/#primaryimage"},"thumbnailUrl":"https:\/\/knjigoljubac.ba\/wp-content\/uploads\/2024\/01\/korice-za-sajt.jpg","datePublished":"2024-01-11T11:13:59+00:00","dateModified":"2024-01-11T11:14:01+00:00","breadcrumb":{"@id":"https:\/\/knjigoljubac.ba\/product\/rasprave-i-razgovori-bosanskohercegovacke-teme\/#breadcrumb"},"inLanguage":"hr","potentialAction":[{"@type":"ReadAction","target":["https:\/\/knjigoljubac.ba\/product\/rasprave-i-razgovori-bosanskohercegovacke-teme\/"]}]},{"@type":"ImageObject","inLanguage":"hr","@id":"https:\/\/knjigoljubac.ba\/product\/rasprave-i-razgovori-bosanskohercegovacke-teme\/#primaryimage","url":"https:\/\/knjigoljubac.ba\/wp-content\/uploads\/2024\/01\/korice-za-sajt.jpg","contentUrl":"https:\/\/knjigoljubac.ba\/wp-content\/uploads\/2024\/01\/korice-za-sajt.jpg","width":160,"height":226},{"@type":"BreadcrumbList","@id":"https:\/\/knjigoljubac.ba\/product\/rasprave-i-razgovori-bosanskohercegovacke-teme\/#breadcrumb","itemListElement":[{"@type":"ListItem","position":1,"name":"Po\u010detna stranica","item":"https:\/\/knjigoljubac.ba\/"},{"@type":"ListItem","position":2,"name":"Trgovina","item":"https:\/\/knjigoljubac.ba\/trgovina\/"},{"@type":"ListItem","position":3,"name":"RASPRAVE I RAZGOVORI &#8211; bosanskohercegova\u010dke teme"}]},{"@type":"WebSite","@id":"https:\/\/knjigoljubac.ba\/#website","url":"https:\/\/knjigoljubac.ba\/","name":"KNJIGOLJUBAC","description":"Va\u0161a online knji\u017eara","publisher":{"@id":"https:\/\/knjigoljubac.ba\/#organization"},"potentialAction":[{"@type":"SearchAction","target":{"@type":"EntryPoint","urlTemplate":"https:\/\/knjigoljubac.ba\/?s={search_term_string}"},"query-input":{"@type":"PropertyValueSpecification","valueRequired":true,"valueName":"search_term_string"}}],"inLanguage":"hr"},{"@type":"Organization","@id":"https:\/\/knjigoljubac.ba\/#organization","name":"KNJIGOLJUBAC","url":"https:\/\/knjigoljubac.ba\/","logo":{"@type":"ImageObject","inLanguage":"hr","@id":"https:\/\/knjigoljubac.ba\/#\/schema\/logo\/image\/","url":"https:\/\/knjigoljubac.ba\/wp-content\/uploads\/2021\/09\/logo-novi-1024x465.png","contentUrl":"https:\/\/knjigoljubac.ba\/wp-content\/uploads\/2021\/09\/logo-novi-1024x465.png","width":1024,"height":465,"caption":"KNJIGOLJUBAC"},"image":{"@id":"https:\/\/knjigoljubac.ba\/#\/schema\/logo\/image\/"},"sameAs":["https:\/\/www.facebook.com\/knjigoljubacba-106067741319857\/?ref=pages_you_manage","https:\/\/www.instagram.com\/knjigoljubacbrcko\/"]}]}},"jetpack_sharing_enabled":true,"_links":{"self":[{"href":"https:\/\/knjigoljubac.ba\/hr\/wp-json\/wp\/v2\/product\/122070","targetHints":{"allow":["GET"]}}],"collection":[{"href":"https:\/\/knjigoljubac.ba\/hr\/wp-json\/wp\/v2\/product"}],"about":[{"href":"https:\/\/knjigoljubac.ba\/hr\/wp-json\/wp\/v2\/types\/product"}],"wp:featuredmedia":[{"embeddable":true,"href":"https:\/\/knjigoljubac.ba\/hr\/wp-json\/wp\/v2\/media\/122071"}],"wp:attachment":[{"href":"https:\/\/knjigoljubac.ba\/hr\/wp-json\/wp\/v2\/media?parent=122070"}],"wp:term":[{"taxonomy":"product_brand","embeddable":true,"href":"https:\/\/knjigoljubac.ba\/hr\/wp-json\/wp\/v2\/product_brand?post=122070"},{"taxonomy":"product_cat","embeddable":true,"href":"https:\/\/knjigoljubac.ba\/hr\/wp-json\/wp\/v2\/product_cat?post=122070"},{"taxonomy":"product_tag","embeddable":true,"href":"https:\/\/knjigoljubac.ba\/hr\/wp-json\/wp\/v2\/product_tag?post=122070"}],"curies":[{"name":"wp","href":"https:\/\/api.w.org\/{rel}","templated":true}]}}