{"id":121993,"date":"2023-05-25T06:26:49","date_gmt":"2023-05-25T06:26:49","guid":{"rendered":"https:\/\/knjigoljubac.ba\/?post_type=product&#038;p=121993"},"modified":"2023-05-25T06:26:50","modified_gmt":"2023-05-25T06:26:50","slug":"tehnologija-izvodenja-oplata-skela-i-lansirnih-konstruktivnh-sistema","status":"publish","type":"product","link":"https:\/\/knjigoljubac.ba\/hr\/product\/tehnologija-izvodenja-oplata-skela-i-lansirnih-konstruktivnh-sistema\/","title":{"rendered":"Tehnologija izvo\u0111enja oplata, skela i lansirnih konstruktivnh sistema"},"content":{"rendered":"<p>Tehnologija izvo\u0111enja oplata, skela i lansirnih konstruktivnih sistema kao sastavni dio izgradnje objekata pod zemljom, na zemlji do nebeskih prostranstva, u vodi i oko vodnih resursa predstavlja \u010din stvarala\u010dke naravi. Posebno zna\u010dajnu ulogu imamo u kvalitetnoj pripremi za gradnju objekata, jer temeljito pripremljena oplata, skela i tome sli\u010dno od presudnog su utjecaja na sve zahtjeve kvaliteta i kvantiteta objekta u izgradnji. Knjiga, odnosno ud\u017ebenik pod ovim nazivom: Tehnologija izvo\u0111enja oplata, skela i lansirnih konstruktivnih sistema, predstavlja vodilju \u2013 putokaz kao odre\u0111enim kreacijama ove ,,privremene konstrukcije\\\\\\\\\\\\\\\\\\\\\\\\\\\\\\\\\\\\\\\\\\\\\\\\\\\\\\\\\\\\\\\u201d.<\/p>\n<p>Ovdje treba analizirati tri stvari i to kroz tri poglavlja:<br \/>\n\u2013 tehnolo\u0161ke konstrukcije oplata;<br \/>\n\u2013 skele, kao tehnolo\u0161ke konstrukcije i<br \/>\n\u2013 lansirne tehnolo\u0161ke konstrukciie.<\/p>\n<p>Sva tri poglavlja skupa predstavljaju jedinstvenu cjelinu i te\u0161ko je da se me\u0111usobno diferenciraju. Takav koncept je zauzet prilikom pripreme i izrade rukopisa knjige.<\/p>\n<p>Strategija rukopisa knjige sastoji se u tome da budu zastupljeni prije svega in\u017einjerski objekti, ali i drugi koji su na prvi pogled marginalni. Ipak, treba izdvojiti objekte visokogradnje koji su naj\u010de\u0161\u0107i u graditeljskoj praksi. Ali ne treba izgubiti iz uma i objekte mostogradnje, tunelogradnje, itd. Te\u017enja je, stvoriti kompletan dojam o konstrukcijama kojih vi\u0161e nema u toku eksploatacije objekta \u2013 zato i zbog toga konstruktor tih privremenih ali i nosivih konstrukcija pri radnom i svakom drugom mjerodavnom optere\u0107enju mora biti osoba sa velikim znanjem, o\u0161troumno\u0161tu, snala\u017eljivo\u0161\u0107u i kona\u010dno odlu\u010dno\u0161\u0107u. Popravnog ispita nema!<\/p>\n","protected":false},"excerpt":{"rendered":"<table class=\"woocommerce-product-attributes shop_attributes\">\n<tbody>\n<tr class=\"woocommerce-product-attributes-item woocommerce-product-attributes-item--attribute_pa_autor\">\n<th class=\"woocommerce-product-attributes-item__label\">AUTOR<\/th>\n<td class=\"woocommerce-product-attributes-item__value\">Ra\u0161id Had\u017ei\u0107<\/td>\n<\/tr>\n<tr class=\"woocommerce-product-attributes-item woocommerce-product-attributes-item--attribute_pa_broj-stranica\">\n<th class=\"woocommerce-product-attributes-item__label\">BROJ STRANICA<\/th>\n<td class=\"woocommerce-product-attributes-item__value\">244<\/td>\n<\/tr>\n<tr class=\"woocommerce-product-attributes-item woocommerce-product-attributes-item--attribute_pa_god-izdanja\">\n<th class=\"woocommerce-product-attributes-item__label\">GOD. IZDANJA<\/th>\n<td class=\"woocommerce-product-attributes-item__value\">2008.<\/td>\n<\/tr>\n<tr class=\"woocommerce-product-attributes-item woocommerce-product-attributes-item--attribute_pa_isbn\">\n<th class=\"woocommerce-product-attributes-item__label\">ISBN<\/th>\n<td class=\"woocommerce-product-attributes-item__value\">9958638150<\/td>\n<\/tr>\n<tr class=\"woocommerce-product-attributes-item woocommerce-product-attributes-item--attribute_pa_izdavac\">\n<th class=\"woocommerce-product-attributes-item__label\">IZDAVA\u010c<\/th>\n<td class=\"woocommerce-product-attributes-item__value\">Gra\u0111evinski fakultet Sarajevo<\/td>\n<\/tr>\n<tr class=\"woocommerce-product-attributes-item woocommerce-product-attributes-item--attribute_pa_jezik\">\n<th class=\"woocommerce-product-attributes-item__label\">JEZIK<\/th>\n<td class=\"woocommerce-product-attributes-item__value\">bosanski<\/td>\n<\/tr>\n<tr class=\"woocommerce-product-attributes-item woocommerce-product-attributes-item--attribute_pa_uvez\">\n<th class=\"woocommerce-product-attributes-item__label\">UVEZ<\/th>\n<td class=\"woocommerce-product-attributes-item__value\">tvrdi<\/td>\n<\/tr>\n<\/tbody>\n<\/table>\n","protected":false},"featured_media":121994,"template":"","meta":[],"product_brand":[],"product_cat":[293],"product_tag":[1001,809,334,1003,1002],"class_list":{"0":"post-121993","1":"product","2":"type-product","3":"status-publish","4":"has-post-thumbnail","6":"product_cat-udzbenici","7":"product_tag-ehnologija-izvodenja-oplata","8":"product_tag-knjiga","9":"product_tag-knjigoljubac","10":"product_tag-rasim-hadzic","11":"product_tag-skela-i-lansirnih-konstruktivnh-sistema","13":"first","14":"instock","15":"sale","16":"taxable","17":"shipping-taxable","18":"purchasable","19":"product-type-simple"},"yoast_head":"<!-- This site is optimized with the Yoast SEO plugin v27.5 - https:\/\/yoast.com\/product\/yoast-seo-wordpress\/ -->\n<title>Tehnologija izvo\u0111enja oplata, skela i lansirnih konstruktivnh sistema - KNJIGOLJUBAC<\/title>\n<meta name=\"robots\" content=\"index, follow, max-snippet:-1, max-image-preview:large, max-video-preview:-1\" \/>\n<link rel=\"canonical\" href=\"https:\/\/knjigoljubac.ba\/hr\/product\/tehnologija-izvodenja-oplata-skela-i-lansirnih-konstruktivnh-sistema\/\" \/>\n<meta property=\"og:locale\" content=\"hr_HR\" \/>\n<meta property=\"og:type\" content=\"article\" \/>\n<meta property=\"og:title\" content=\"Tehnologija izvo\u0111enja oplata, skela i lansirnih konstruktivnh sistema - KNJIGOLJUBAC\" \/>\n<meta property=\"og:description\" content=\"AUTOR Ra\u0161id Had\u017ei\u0107   BROJ STRANICA 244   GOD. IZDANJA 2008.   ISBN 9958638150   IZDAVA\u010c Gra\u0111evinski fakultet Sarajevo   JEZIK bosanski   UVEZ tvrdi\" \/>\n<meta property=\"og:url\" content=\"https:\/\/knjigoljubac.ba\/hr\/product\/tehnologija-izvodenja-oplata-skela-i-lansirnih-konstruktivnh-sistema\/\" \/>\n<meta property=\"og:site_name\" content=\"KNJIGOLJUBAC\" \/>\n<meta property=\"article:publisher\" content=\"https:\/\/www.facebook.com\/knjigoljubacba-106067741319857\/?ref=pages_you_manage\" \/>\n<meta property=\"article:modified_time\" content=\"2023-05-25T06:26:50+00:00\" \/>\n<meta property=\"og:image\" content=\"https:\/\/knjigoljubac.ba\/wp-content\/uploads\/2023\/05\/Tehnologija-izvodenja-oplata-skela-i-lansirnih-konstruktivnh-sistema.jpg\" \/>\n\t<meta property=\"og:image:width\" content=\"160\" \/>\n\t<meta property=\"og:image:height\" content=\"226\" \/>\n\t<meta property=\"og:image:type\" content=\"image\/jpeg\" \/>\n<meta name=\"twitter:card\" content=\"summary_large_image\" \/>\n<meta name=\"twitter:label1\" content=\"Procijenjeno vrijeme \u010ditanja\" \/>\n\t<meta name=\"twitter:data1\" content=\"1 minuta\" \/>\n<script type=\"application\/ld+json\" class=\"yoast-schema-graph\">{\"@context\":\"https:\\\/\\\/schema.org\",\"@graph\":[{\"@type\":\"WebPage\",\"@id\":\"https:\\\/\\\/knjigoljubac.ba\\\/product\\\/tehnologija-izvodenja-oplata-skela-i-lansirnih-konstruktivnh-sistema\\\/\",\"url\":\"https:\\\/\\\/knjigoljubac.ba\\\/product\\\/tehnologija-izvodenja-oplata-skela-i-lansirnih-konstruktivnh-sistema\\\/\",\"name\":\"Tehnologija izvo\u0111enja oplata, skela i lansirnih konstruktivnh sistema - KNJIGOLJUBAC\",\"isPartOf\":{\"@id\":\"https:\\\/\\\/knjigoljubac.ba\\\/#website\"},\"primaryImageOfPage\":{\"@id\":\"https:\\\/\\\/knjigoljubac.ba\\\/product\\\/tehnologija-izvodenja-oplata-skela-i-lansirnih-konstruktivnh-sistema\\\/#primaryimage\"},\"image\":{\"@id\":\"https:\\\/\\\/knjigoljubac.ba\\\/product\\\/tehnologija-izvodenja-oplata-skela-i-lansirnih-konstruktivnh-sistema\\\/#primaryimage\"},\"thumbnailUrl\":\"https:\\\/\\\/knjigoljubac.ba\\\/wp-content\\\/uploads\\\/2023\\\/05\\\/Tehnologija-izvodenja-oplata-skela-i-lansirnih-konstruktivnh-sistema.jpg\",\"datePublished\":\"2023-05-25T06:26:49+00:00\",\"dateModified\":\"2023-05-25T06:26:50+00:00\",\"breadcrumb\":{\"@id\":\"https:\\\/\\\/knjigoljubac.ba\\\/product\\\/tehnologija-izvodenja-oplata-skela-i-lansirnih-konstruktivnh-sistema\\\/#breadcrumb\"},\"inLanguage\":\"hr\",\"potentialAction\":[{\"@type\":\"ReadAction\",\"target\":[\"https:\\\/\\\/knjigoljubac.ba\\\/product\\\/tehnologija-izvodenja-oplata-skela-i-lansirnih-konstruktivnh-sistema\\\/\"]}]},{\"@type\":\"ImageObject\",\"inLanguage\":\"hr\",\"@id\":\"https:\\\/\\\/knjigoljubac.ba\\\/product\\\/tehnologija-izvodenja-oplata-skela-i-lansirnih-konstruktivnh-sistema\\\/#primaryimage\",\"url\":\"https:\\\/\\\/knjigoljubac.ba\\\/wp-content\\\/uploads\\\/2023\\\/05\\\/Tehnologija-izvodenja-oplata-skela-i-lansirnih-konstruktivnh-sistema.jpg\",\"contentUrl\":\"https:\\\/\\\/knjigoljubac.ba\\\/wp-content\\\/uploads\\\/2023\\\/05\\\/Tehnologija-izvodenja-oplata-skela-i-lansirnih-konstruktivnh-sistema.jpg\",\"width\":160,\"height\":226},{\"@type\":\"BreadcrumbList\",\"@id\":\"https:\\\/\\\/knjigoljubac.ba\\\/product\\\/tehnologija-izvodenja-oplata-skela-i-lansirnih-konstruktivnh-sistema\\\/#breadcrumb\",\"itemListElement\":[{\"@type\":\"ListItem\",\"position\":1,\"name\":\"Po\u010detna stranica\",\"item\":\"https:\\\/\\\/knjigoljubac.ba\\\/\"},{\"@type\":\"ListItem\",\"position\":2,\"name\":\"Trgovina\",\"item\":\"https:\\\/\\\/knjigoljubac.ba\\\/trgovina\\\/\"},{\"@type\":\"ListItem\",\"position\":3,\"name\":\"Tehnologija izvo\u0111enja oplata, skela i lansirnih konstruktivnh sistema\"}]},{\"@type\":\"WebSite\",\"@id\":\"https:\\\/\\\/knjigoljubac.ba\\\/#website\",\"url\":\"https:\\\/\\\/knjigoljubac.ba\\\/\",\"name\":\"KNJIGOLJUBAC\",\"description\":\"Va\u0161a online knji\u017eara\",\"publisher\":{\"@id\":\"https:\\\/\\\/knjigoljubac.ba\\\/#organization\"},\"potentialAction\":[{\"@type\":\"SearchAction\",\"target\":{\"@type\":\"EntryPoint\",\"urlTemplate\":\"https:\\\/\\\/knjigoljubac.ba\\\/?s={search_term_string}\"},\"query-input\":{\"@type\":\"PropertyValueSpecification\",\"valueRequired\":true,\"valueName\":\"search_term_string\"}}],\"inLanguage\":\"hr\"},{\"@type\":\"Organization\",\"@id\":\"https:\\\/\\\/knjigoljubac.ba\\\/#organization\",\"name\":\"KNJIGOLJUBAC\",\"url\":\"https:\\\/\\\/knjigoljubac.ba\\\/\",\"logo\":{\"@type\":\"ImageObject\",\"inLanguage\":\"hr\",\"@id\":\"https:\\\/\\\/knjigoljubac.ba\\\/#\\\/schema\\\/logo\\\/image\\\/\",\"url\":\"https:\\\/\\\/knjigoljubac.ba\\\/wp-content\\\/uploads\\\/2021\\\/09\\\/logo-novi-1024x465.png\",\"contentUrl\":\"https:\\\/\\\/knjigoljubac.ba\\\/wp-content\\\/uploads\\\/2021\\\/09\\\/logo-novi-1024x465.png\",\"width\":1024,\"height\":465,\"caption\":\"KNJIGOLJUBAC\"},\"image\":{\"@id\":\"https:\\\/\\\/knjigoljubac.ba\\\/#\\\/schema\\\/logo\\\/image\\\/\"},\"sameAs\":[\"https:\\\/\\\/www.facebook.com\\\/knjigoljubacba-106067741319857\\\/?ref=pages_you_manage\",\"https:\\\/\\\/www.instagram.com\\\/knjigoljubacbrcko\\\/\"]}]}<\/script>\n<!-- \/ Yoast SEO plugin. -->","yoast_head_json":{"title":"Tehnologija izvo\u0111enja oplata, skela i lansirnih konstruktivnh sistema - KNJIGOLJUBAC","robots":{"index":"index","follow":"follow","max-snippet":"max-snippet:-1","max-image-preview":"max-image-preview:large","max-video-preview":"max-video-preview:-1"},"canonical":"https:\/\/knjigoljubac.ba\/hr\/product\/tehnologija-izvodenja-oplata-skela-i-lansirnih-konstruktivnh-sistema\/","og_locale":"hr_HR","og_type":"article","og_title":"Tehnologija izvo\u0111enja oplata, skela i lansirnih konstruktivnh sistema - KNJIGOLJUBAC","og_description":"AUTOR Ra\u0161id Had\u017ei\u0107   BROJ STRANICA 244   GOD. IZDANJA 2008.   ISBN 9958638150   IZDAVA\u010c Gra\u0111evinski fakultet Sarajevo   JEZIK bosanski   UVEZ tvrdi","og_url":"https:\/\/knjigoljubac.ba\/hr\/product\/tehnologija-izvodenja-oplata-skela-i-lansirnih-konstruktivnh-sistema\/","og_site_name":"KNJIGOLJUBAC","article_publisher":"https:\/\/www.facebook.com\/knjigoljubacba-106067741319857\/?ref=pages_you_manage","article_modified_time":"2023-05-25T06:26:50+00:00","og_image":[{"width":160,"height":226,"url":"https:\/\/knjigoljubac.ba\/wp-content\/uploads\/2023\/05\/Tehnologija-izvodenja-oplata-skela-i-lansirnih-konstruktivnh-sistema.jpg","type":"image\/jpeg"}],"twitter_card":"summary_large_image","twitter_misc":{"Procijenjeno vrijeme \u010ditanja":"1 minuta"},"schema":{"@context":"https:\/\/schema.org","@graph":[{"@type":"WebPage","@id":"https:\/\/knjigoljubac.ba\/product\/tehnologija-izvodenja-oplata-skela-i-lansirnih-konstruktivnh-sistema\/","url":"https:\/\/knjigoljubac.ba\/product\/tehnologija-izvodenja-oplata-skela-i-lansirnih-konstruktivnh-sistema\/","name":"Tehnologija izvo\u0111enja oplata, skela i lansirnih konstruktivnh sistema - KNJIGOLJUBAC","isPartOf":{"@id":"https:\/\/knjigoljubac.ba\/#website"},"primaryImageOfPage":{"@id":"https:\/\/knjigoljubac.ba\/product\/tehnologija-izvodenja-oplata-skela-i-lansirnih-konstruktivnh-sistema\/#primaryimage"},"image":{"@id":"https:\/\/knjigoljubac.ba\/product\/tehnologija-izvodenja-oplata-skela-i-lansirnih-konstruktivnh-sistema\/#primaryimage"},"thumbnailUrl":"https:\/\/knjigoljubac.ba\/wp-content\/uploads\/2023\/05\/Tehnologija-izvodenja-oplata-skela-i-lansirnih-konstruktivnh-sistema.jpg","datePublished":"2023-05-25T06:26:49+00:00","dateModified":"2023-05-25T06:26:50+00:00","breadcrumb":{"@id":"https:\/\/knjigoljubac.ba\/product\/tehnologija-izvodenja-oplata-skela-i-lansirnih-konstruktivnh-sistema\/#breadcrumb"},"inLanguage":"hr","potentialAction":[{"@type":"ReadAction","target":["https:\/\/knjigoljubac.ba\/product\/tehnologija-izvodenja-oplata-skela-i-lansirnih-konstruktivnh-sistema\/"]}]},{"@type":"ImageObject","inLanguage":"hr","@id":"https:\/\/knjigoljubac.ba\/product\/tehnologija-izvodenja-oplata-skela-i-lansirnih-konstruktivnh-sistema\/#primaryimage","url":"https:\/\/knjigoljubac.ba\/wp-content\/uploads\/2023\/05\/Tehnologija-izvodenja-oplata-skela-i-lansirnih-konstruktivnh-sistema.jpg","contentUrl":"https:\/\/knjigoljubac.ba\/wp-content\/uploads\/2023\/05\/Tehnologija-izvodenja-oplata-skela-i-lansirnih-konstruktivnh-sistema.jpg","width":160,"height":226},{"@type":"BreadcrumbList","@id":"https:\/\/knjigoljubac.ba\/product\/tehnologija-izvodenja-oplata-skela-i-lansirnih-konstruktivnh-sistema\/#breadcrumb","itemListElement":[{"@type":"ListItem","position":1,"name":"Po\u010detna stranica","item":"https:\/\/knjigoljubac.ba\/"},{"@type":"ListItem","position":2,"name":"Trgovina","item":"https:\/\/knjigoljubac.ba\/trgovina\/"},{"@type":"ListItem","position":3,"name":"Tehnologija izvo\u0111enja oplata, skela i lansirnih konstruktivnh sistema"}]},{"@type":"WebSite","@id":"https:\/\/knjigoljubac.ba\/#website","url":"https:\/\/knjigoljubac.ba\/","name":"KNJIGOLJUBAC","description":"Va\u0161a online knji\u017eara","publisher":{"@id":"https:\/\/knjigoljubac.ba\/#organization"},"potentialAction":[{"@type":"SearchAction","target":{"@type":"EntryPoint","urlTemplate":"https:\/\/knjigoljubac.ba\/?s={search_term_string}"},"query-input":{"@type":"PropertyValueSpecification","valueRequired":true,"valueName":"search_term_string"}}],"inLanguage":"hr"},{"@type":"Organization","@id":"https:\/\/knjigoljubac.ba\/#organization","name":"KNJIGOLJUBAC","url":"https:\/\/knjigoljubac.ba\/","logo":{"@type":"ImageObject","inLanguage":"hr","@id":"https:\/\/knjigoljubac.ba\/#\/schema\/logo\/image\/","url":"https:\/\/knjigoljubac.ba\/wp-content\/uploads\/2021\/09\/logo-novi-1024x465.png","contentUrl":"https:\/\/knjigoljubac.ba\/wp-content\/uploads\/2021\/09\/logo-novi-1024x465.png","width":1024,"height":465,"caption":"KNJIGOLJUBAC"},"image":{"@id":"https:\/\/knjigoljubac.ba\/#\/schema\/logo\/image\/"},"sameAs":["https:\/\/www.facebook.com\/knjigoljubacba-106067741319857\/?ref=pages_you_manage","https:\/\/www.instagram.com\/knjigoljubacbrcko\/"]}]}},"jetpack_sharing_enabled":true,"_links":{"self":[{"href":"https:\/\/knjigoljubac.ba\/hr\/wp-json\/wp\/v2\/product\/121993","targetHints":{"allow":["GET"]}}],"collection":[{"href":"https:\/\/knjigoljubac.ba\/hr\/wp-json\/wp\/v2\/product"}],"about":[{"href":"https:\/\/knjigoljubac.ba\/hr\/wp-json\/wp\/v2\/types\/product"}],"wp:featuredmedia":[{"embeddable":true,"href":"https:\/\/knjigoljubac.ba\/hr\/wp-json\/wp\/v2\/media\/121994"}],"wp:attachment":[{"href":"https:\/\/knjigoljubac.ba\/hr\/wp-json\/wp\/v2\/media?parent=121993"}],"wp:term":[{"taxonomy":"product_brand","embeddable":true,"href":"https:\/\/knjigoljubac.ba\/hr\/wp-json\/wp\/v2\/product_brand?post=121993"},{"taxonomy":"product_cat","embeddable":true,"href":"https:\/\/knjigoljubac.ba\/hr\/wp-json\/wp\/v2\/product_cat?post=121993"},{"taxonomy":"product_tag","embeddable":true,"href":"https:\/\/knjigoljubac.ba\/hr\/wp-json\/wp\/v2\/product_tag?post=121993"}],"curies":[{"name":"wp","href":"https:\/\/api.w.org\/{rel}","templated":true}]}}