{"id":121927,"date":"2023-03-04T17:36:57","date_gmt":"2023-03-04T17:36:57","guid":{"rendered":"https:\/\/knjigoljubac.ba\/?post_type=product&#038;p=121927"},"modified":"2023-03-04T17:36:59","modified_gmt":"2023-03-04T17:36:59","slug":"kemal-mhmutefendic-izabrana-djela-1-5","status":"publish","type":"product","link":"https:\/\/knjigoljubac.ba\/hr\/product\/kemal-mhmutefendic-izabrana-djela-1-5\/","title":{"rendered":"Kemal Mhmutefendi\u0107: IZABRANA DJELA 1-5"},"content":{"rendered":"<ol>\n<li>TESTAMENT BEZ SVJEDOKA \/poezija<\/li>\n<\/ol>\n<p>Povez: Tvrdi<\/p>\n<p>Broj strana: 304<\/p>\n<p><strong>ISBN\u00a0 978-9958-787-08-9 (knj.1)<\/strong><\/p>\n<p><strong>ISBN\u00a0 978-9958-787-11-9 (cjelina)<\/strong><\/p>\n<p>&nbsp;<\/p>\n<ol start=\"2\">\n<li>PUTEVI, LJUDI, GROBOVI \/putopisi<\/li>\n<\/ol>\n<p>Povez: Tvrdi<\/p>\n<p>Broj strana: 184<\/p>\n<p><strong>ISBN\u00a0 978-9958-787-05-8 (knj.2)<\/strong><\/p>\n<p><strong>ISBN\u00a0 978-9958-787-11-9 (cjelina)<\/strong><\/p>\n<p>&nbsp;<\/p>\n<p>3.<\/p>\n<p>ROMAN O NOV\u010cI\u0106U \/roman\/<\/p>\n<p>Povez: Tvrdi<\/p>\n<p>Broj strana: 116<\/p>\n<p><strong>ISBN\u00a0 978-9958-787-06-5 (knj.3)<\/strong><\/p>\n<p><strong>ISBN\u00a0 978-9958-787-11-9 (cjelina)<\/strong><\/p>\n<p>&nbsp;<\/p>\n<ol start=\"4\">\n<li>NO\u0106NI VLAKOVI \/roman\/<\/li>\n<\/ol>\n<p>Povez: Tvrdi<\/p>\n<p>Broj strana: 110<\/p>\n<p><strong>ISBN\u00a0 978-9958-787-07-2 (knj.4)<\/strong><\/p>\n<p><strong>ISBN\u00a0 978-9958-787-11-9 (cjelina)<\/strong><\/p>\n<p>&nbsp;<\/p>\n<ol start=\"5\">\n<li>DJETINJSTVO POD VRTALJICOM \/pri\u010de<\/li>\n<\/ol>\n<p>Povez: Tvrdi<\/p>\n<p>Broj strana: 102<\/p>\n<p><strong>ISBN\u00a0 978-9958-787-10-2 (knj.5)<\/strong><\/p>\n<p><strong>ISBN\u00a0 978-9958-787-11-9 (cjelina)<\/strong><\/p>\n<p>&nbsp;<\/p>\n<p>Cijena kompleta: 75 KM<\/p>\n<p><strong>Nagrada Udru\u017eenja izdava\u010da i knji\u017eara BiH za najbolji izdava\u010dki projekat 2008. godine<\/strong><\/p>\n","protected":false},"excerpt":{"rendered":"<p>Kemal Mahmutefendi\u0107: Izabrana djela 1-5<\/p>\n<p>Uvez: Tvrdi<\/p>\n","protected":false},"featured_media":121928,"template":"","meta":[],"product_brand":[],"product_cat":[290,325,287],"product_tag":[636,980,635,979,978,370,977],"class_list":{"0":"post-121927","1":"product","2":"type-product","3":"status-publish","4":"has-post-thumbnail","6":"product_cat-izabrana-djela","7":"product_cat-najnovije-u-knjizari","8":"product_cat-nasa-izdanja","9":"product_tag-djetinjstvo-pod-vrtaljicom","10":"product_tag-grobovi","11":"product_tag-kemal-mahmutefendic","12":"product_tag-ljudi","13":"product_tag-putevi","14":"product_tag-roman-o-novcicu","15":"product_tag-testament-bez-svjedoka","17":"first","18":"instock","19":"sale","20":"taxable","21":"shipping-taxable","22":"purchasable","23":"product-type-simple"},"yoast_head":"<!-- This site is optimized with the Yoast SEO plugin v27.5 - https:\/\/yoast.com\/product\/yoast-seo-wordpress\/ -->\n<title>Kemal Mhmutefendi\u0107: IZABRANA DJELA 1-5 - KNJIGOLJUBAC<\/title>\n<meta name=\"robots\" content=\"index, follow, max-snippet:-1, max-image-preview:large, max-video-preview:-1\" \/>\n<link rel=\"canonical\" href=\"https:\/\/knjigoljubac.ba\/hr\/product\/kemal-mhmutefendic-izabrana-djela-1-5\/\" \/>\n<meta property=\"og:locale\" content=\"hr_HR\" \/>\n<meta property=\"og:type\" content=\"article\" \/>\n<meta property=\"og:title\" content=\"Kemal Mhmutefendi\u0107: IZABRANA DJELA 1-5 - KNJIGOLJUBAC\" \/>\n<meta property=\"og:description\" content=\"Kemal Mahmutefendi\u0107: Izabrana djela 1-5  Uvez: Tvrdi\" \/>\n<meta property=\"og:url\" content=\"https:\/\/knjigoljubac.ba\/hr\/product\/kemal-mhmutefendic-izabrana-djela-1-5\/\" \/>\n<meta property=\"og:site_name\" content=\"KNJIGOLJUBAC\" \/>\n<meta property=\"article:publisher\" content=\"https:\/\/www.facebook.com\/knjigoljubacba-106067741319857\/?ref=pages_you_manage\" \/>\n<meta property=\"article:modified_time\" content=\"2023-03-04T17:36:59+00:00\" \/>\n<meta property=\"og:image\" content=\"https:\/\/knjigoljubac.ba\/wp-content\/uploads\/2023\/03\/mahmut-izabrana-djela.jpg\" \/>\n\t<meta property=\"og:image:width\" content=\"160\" \/>\n\t<meta property=\"og:image:height\" content=\"226\" \/>\n\t<meta property=\"og:image:type\" content=\"image\/jpeg\" \/>\n<meta name=\"twitter:card\" content=\"summary_large_image\" \/>\n<meta name=\"twitter:label1\" content=\"Procijenjeno vrijeme \u010ditanja\" \/>\n\t<meta name=\"twitter:data1\" content=\"1 minuta\" \/>\n<script type=\"application\/ld+json\" class=\"yoast-schema-graph\">{\"@context\":\"https:\\\/\\\/schema.org\",\"@graph\":[{\"@type\":\"WebPage\",\"@id\":\"https:\\\/\\\/knjigoljubac.ba\\\/product\\\/kemal-mhmutefendic-izabrana-djela-1-5\\\/\",\"url\":\"https:\\\/\\\/knjigoljubac.ba\\\/product\\\/kemal-mhmutefendic-izabrana-djela-1-5\\\/\",\"name\":\"Kemal Mhmutefendi\u0107: IZABRANA DJELA 1-5 - KNJIGOLJUBAC\",\"isPartOf\":{\"@id\":\"https:\\\/\\\/knjigoljubac.ba\\\/#website\"},\"primaryImageOfPage\":{\"@id\":\"https:\\\/\\\/knjigoljubac.ba\\\/product\\\/kemal-mhmutefendic-izabrana-djela-1-5\\\/#primaryimage\"},\"image\":{\"@id\":\"https:\\\/\\\/knjigoljubac.ba\\\/product\\\/kemal-mhmutefendic-izabrana-djela-1-5\\\/#primaryimage\"},\"thumbnailUrl\":\"https:\\\/\\\/knjigoljubac.ba\\\/wp-content\\\/uploads\\\/2023\\\/03\\\/mahmut-izabrana-djela.jpg\",\"datePublished\":\"2023-03-04T17:36:57+00:00\",\"dateModified\":\"2023-03-04T17:36:59+00:00\",\"breadcrumb\":{\"@id\":\"https:\\\/\\\/knjigoljubac.ba\\\/product\\\/kemal-mhmutefendic-izabrana-djela-1-5\\\/#breadcrumb\"},\"inLanguage\":\"hr\",\"potentialAction\":[{\"@type\":\"ReadAction\",\"target\":[\"https:\\\/\\\/knjigoljubac.ba\\\/product\\\/kemal-mhmutefendic-izabrana-djela-1-5\\\/\"]}]},{\"@type\":\"ImageObject\",\"inLanguage\":\"hr\",\"@id\":\"https:\\\/\\\/knjigoljubac.ba\\\/product\\\/kemal-mhmutefendic-izabrana-djela-1-5\\\/#primaryimage\",\"url\":\"https:\\\/\\\/knjigoljubac.ba\\\/wp-content\\\/uploads\\\/2023\\\/03\\\/mahmut-izabrana-djela.jpg\",\"contentUrl\":\"https:\\\/\\\/knjigoljubac.ba\\\/wp-content\\\/uploads\\\/2023\\\/03\\\/mahmut-izabrana-djela.jpg\",\"width\":160,\"height\":226},{\"@type\":\"BreadcrumbList\",\"@id\":\"https:\\\/\\\/knjigoljubac.ba\\\/product\\\/kemal-mhmutefendic-izabrana-djela-1-5\\\/#breadcrumb\",\"itemListElement\":[{\"@type\":\"ListItem\",\"position\":1,\"name\":\"Po\u010detna stranica\",\"item\":\"https:\\\/\\\/knjigoljubac.ba\\\/\"},{\"@type\":\"ListItem\",\"position\":2,\"name\":\"Trgovina\",\"item\":\"https:\\\/\\\/knjigoljubac.ba\\\/trgovina\\\/\"},{\"@type\":\"ListItem\",\"position\":3,\"name\":\"Kemal Mhmutefendi\u0107: IZABRANA DJELA 1-5\"}]},{\"@type\":\"WebSite\",\"@id\":\"https:\\\/\\\/knjigoljubac.ba\\\/#website\",\"url\":\"https:\\\/\\\/knjigoljubac.ba\\\/\",\"name\":\"KNJIGOLJUBAC\",\"description\":\"Va\u0161a online knji\u017eara\",\"publisher\":{\"@id\":\"https:\\\/\\\/knjigoljubac.ba\\\/#organization\"},\"potentialAction\":[{\"@type\":\"SearchAction\",\"target\":{\"@type\":\"EntryPoint\",\"urlTemplate\":\"https:\\\/\\\/knjigoljubac.ba\\\/?s={search_term_string}\"},\"query-input\":{\"@type\":\"PropertyValueSpecification\",\"valueRequired\":true,\"valueName\":\"search_term_string\"}}],\"inLanguage\":\"hr\"},{\"@type\":\"Organization\",\"@id\":\"https:\\\/\\\/knjigoljubac.ba\\\/#organization\",\"name\":\"KNJIGOLJUBAC\",\"url\":\"https:\\\/\\\/knjigoljubac.ba\\\/\",\"logo\":{\"@type\":\"ImageObject\",\"inLanguage\":\"hr\",\"@id\":\"https:\\\/\\\/knjigoljubac.ba\\\/#\\\/schema\\\/logo\\\/image\\\/\",\"url\":\"https:\\\/\\\/knjigoljubac.ba\\\/wp-content\\\/uploads\\\/2021\\\/09\\\/logo-novi-1024x465.png\",\"contentUrl\":\"https:\\\/\\\/knjigoljubac.ba\\\/wp-content\\\/uploads\\\/2021\\\/09\\\/logo-novi-1024x465.png\",\"width\":1024,\"height\":465,\"caption\":\"KNJIGOLJUBAC\"},\"image\":{\"@id\":\"https:\\\/\\\/knjigoljubac.ba\\\/#\\\/schema\\\/logo\\\/image\\\/\"},\"sameAs\":[\"https:\\\/\\\/www.facebook.com\\\/knjigoljubacba-106067741319857\\\/?ref=pages_you_manage\",\"https:\\\/\\\/www.instagram.com\\\/knjigoljubacbrcko\\\/\"]}]}<\/script>\n<!-- \/ Yoast SEO plugin. -->","yoast_head_json":{"title":"Kemal Mhmutefendi\u0107: IZABRANA DJELA 1-5 - KNJIGOLJUBAC","robots":{"index":"index","follow":"follow","max-snippet":"max-snippet:-1","max-image-preview":"max-image-preview:large","max-video-preview":"max-video-preview:-1"},"canonical":"https:\/\/knjigoljubac.ba\/hr\/product\/kemal-mhmutefendic-izabrana-djela-1-5\/","og_locale":"hr_HR","og_type":"article","og_title":"Kemal Mhmutefendi\u0107: IZABRANA DJELA 1-5 - KNJIGOLJUBAC","og_description":"Kemal Mahmutefendi\u0107: Izabrana djela 1-5  Uvez: Tvrdi","og_url":"https:\/\/knjigoljubac.ba\/hr\/product\/kemal-mhmutefendic-izabrana-djela-1-5\/","og_site_name":"KNJIGOLJUBAC","article_publisher":"https:\/\/www.facebook.com\/knjigoljubacba-106067741319857\/?ref=pages_you_manage","article_modified_time":"2023-03-04T17:36:59+00:00","og_image":[{"width":160,"height":226,"url":"https:\/\/knjigoljubac.ba\/wp-content\/uploads\/2023\/03\/mahmut-izabrana-djela.jpg","type":"image\/jpeg"}],"twitter_card":"summary_large_image","twitter_misc":{"Procijenjeno vrijeme \u010ditanja":"1 minuta"},"schema":{"@context":"https:\/\/schema.org","@graph":[{"@type":"WebPage","@id":"https:\/\/knjigoljubac.ba\/product\/kemal-mhmutefendic-izabrana-djela-1-5\/","url":"https:\/\/knjigoljubac.ba\/product\/kemal-mhmutefendic-izabrana-djela-1-5\/","name":"Kemal Mhmutefendi\u0107: IZABRANA DJELA 1-5 - KNJIGOLJUBAC","isPartOf":{"@id":"https:\/\/knjigoljubac.ba\/#website"},"primaryImageOfPage":{"@id":"https:\/\/knjigoljubac.ba\/product\/kemal-mhmutefendic-izabrana-djela-1-5\/#primaryimage"},"image":{"@id":"https:\/\/knjigoljubac.ba\/product\/kemal-mhmutefendic-izabrana-djela-1-5\/#primaryimage"},"thumbnailUrl":"https:\/\/knjigoljubac.ba\/wp-content\/uploads\/2023\/03\/mahmut-izabrana-djela.jpg","datePublished":"2023-03-04T17:36:57+00:00","dateModified":"2023-03-04T17:36:59+00:00","breadcrumb":{"@id":"https:\/\/knjigoljubac.ba\/product\/kemal-mhmutefendic-izabrana-djela-1-5\/#breadcrumb"},"inLanguage":"hr","potentialAction":[{"@type":"ReadAction","target":["https:\/\/knjigoljubac.ba\/product\/kemal-mhmutefendic-izabrana-djela-1-5\/"]}]},{"@type":"ImageObject","inLanguage":"hr","@id":"https:\/\/knjigoljubac.ba\/product\/kemal-mhmutefendic-izabrana-djela-1-5\/#primaryimage","url":"https:\/\/knjigoljubac.ba\/wp-content\/uploads\/2023\/03\/mahmut-izabrana-djela.jpg","contentUrl":"https:\/\/knjigoljubac.ba\/wp-content\/uploads\/2023\/03\/mahmut-izabrana-djela.jpg","width":160,"height":226},{"@type":"BreadcrumbList","@id":"https:\/\/knjigoljubac.ba\/product\/kemal-mhmutefendic-izabrana-djela-1-5\/#breadcrumb","itemListElement":[{"@type":"ListItem","position":1,"name":"Po\u010detna stranica","item":"https:\/\/knjigoljubac.ba\/"},{"@type":"ListItem","position":2,"name":"Trgovina","item":"https:\/\/knjigoljubac.ba\/trgovina\/"},{"@type":"ListItem","position":3,"name":"Kemal Mhmutefendi\u0107: IZABRANA DJELA 1-5"}]},{"@type":"WebSite","@id":"https:\/\/knjigoljubac.ba\/#website","url":"https:\/\/knjigoljubac.ba\/","name":"KNJIGOLJUBAC","description":"Va\u0161a online knji\u017eara","publisher":{"@id":"https:\/\/knjigoljubac.ba\/#organization"},"potentialAction":[{"@type":"SearchAction","target":{"@type":"EntryPoint","urlTemplate":"https:\/\/knjigoljubac.ba\/?s={search_term_string}"},"query-input":{"@type":"PropertyValueSpecification","valueRequired":true,"valueName":"search_term_string"}}],"inLanguage":"hr"},{"@type":"Organization","@id":"https:\/\/knjigoljubac.ba\/#organization","name":"KNJIGOLJUBAC","url":"https:\/\/knjigoljubac.ba\/","logo":{"@type":"ImageObject","inLanguage":"hr","@id":"https:\/\/knjigoljubac.ba\/#\/schema\/logo\/image\/","url":"https:\/\/knjigoljubac.ba\/wp-content\/uploads\/2021\/09\/logo-novi-1024x465.png","contentUrl":"https:\/\/knjigoljubac.ba\/wp-content\/uploads\/2021\/09\/logo-novi-1024x465.png","width":1024,"height":465,"caption":"KNJIGOLJUBAC"},"image":{"@id":"https:\/\/knjigoljubac.ba\/#\/schema\/logo\/image\/"},"sameAs":["https:\/\/www.facebook.com\/knjigoljubacba-106067741319857\/?ref=pages_you_manage","https:\/\/www.instagram.com\/knjigoljubacbrcko\/"]}]}},"jetpack_sharing_enabled":true,"_links":{"self":[{"href":"https:\/\/knjigoljubac.ba\/hr\/wp-json\/wp\/v2\/product\/121927","targetHints":{"allow":["GET"]}}],"collection":[{"href":"https:\/\/knjigoljubac.ba\/hr\/wp-json\/wp\/v2\/product"}],"about":[{"href":"https:\/\/knjigoljubac.ba\/hr\/wp-json\/wp\/v2\/types\/product"}],"wp:featuredmedia":[{"embeddable":true,"href":"https:\/\/knjigoljubac.ba\/hr\/wp-json\/wp\/v2\/media\/121928"}],"wp:attachment":[{"href":"https:\/\/knjigoljubac.ba\/hr\/wp-json\/wp\/v2\/media?parent=121927"}],"wp:term":[{"taxonomy":"product_brand","embeddable":true,"href":"https:\/\/knjigoljubac.ba\/hr\/wp-json\/wp\/v2\/product_brand?post=121927"},{"taxonomy":"product_cat","embeddable":true,"href":"https:\/\/knjigoljubac.ba\/hr\/wp-json\/wp\/v2\/product_cat?post=121927"},{"taxonomy":"product_tag","embeddable":true,"href":"https:\/\/knjigoljubac.ba\/hr\/wp-json\/wp\/v2\/product_tag?post=121927"}],"curies":[{"name":"wp","href":"https:\/\/api.w.org\/{rel}","templated":true}]}}