{"id":121881,"date":"2023-01-19T08:23:04","date_gmt":"2023-01-19T08:23:04","guid":{"rendered":"https:\/\/knjigoljubac.ba\/?post_type=product&#038;p=121881"},"modified":"2023-01-19T08:23:07","modified_gmt":"2023-01-19T08:23:07","slug":"labirint","status":"publish","type":"product","link":"https:\/\/knjigoljubac.ba\/hr\/product\/labirint\/","title":{"rendered":"LABIRINT"},"content":{"rendered":"<p>Dje\u010daci, od kojih su neki tamo i dvije godine, organizirali su i uredili \u017eivot na tom neobi\u010dnom mjestu tako da svatko ne\u0161to radi, prema svojim sklonostima i sposobnostima: jedni obra\u0111uju zemlju, drugi se brinu o doma\u0107im \u017eivotinjama, tre\u0107i rade u kuhinji, \u010detvrti su medikalci koji poma\u017eu ozlije\u0111enima, a najcjenjeniji su trka\u010di po labirintu jer oni tra\u017ee izlaz. No\u0107u se vrata labirinta zatvaraju, a izlaze \u017ealeri, smrtonosna, grozna bi\u0107a \u010diji ubod izaziva stra\u0161ne bolove. Osoba koju ubodu prolazi kroz Promjenu te se prisje\u0107a prija\u0161njeg \u017eivota. Thomas ubrzo saznaje da ga prepoznaju svi koji su je pro\u017eivjeli, ali mu ne \u017eele re\u0107i tko je on. Iako ga svi uvjeravaju da trka\u010d mo\u017ee postati nakon vi\u0161e mjeseci, Thomas je \u010dvrsto odlu\u010dio to raditi odmah. Nakon \u0161to spa\u0161avaju\u0107i dva dje\u010daka pre\u017eivi no\u0107 u labirintu, iako je to najstro\u017ee zabranjeno, Thomas postaje trka\u010d. Bez obzira na golem strah i neizvjesnost situacije u kojoj se na\u0161ao, Thomas neprestano propituje na\u010dine na koje se ne\u0161to radi i traga za novim rje\u0161enjima, \u010dak i kad vidi da to ljuti neke koji su ondje dugo i koji su se ve\u0107 pomalo pomirili s tom \u010dudnom situacijom. No na Poljanu dan nakon njega sti\u017ee i djevojka Teresa, jedina djevojka ikad, a s njom dolazi i poruka kako je ona posljednja, zauvijek. Sadr\u017eaj je to uzbudljive postapokalipti\u010dne serije Trka\u010d u labirintu ameri\u010dkog pisca Jamesa Dashnera, \u010diji prvi dio Labirint: Nemogu\u0107i bijeg izlazi u izdanju Profila neposredno prije dolaska holivudske ekranizacije ove velike uspje\u0161nice.<\/p>\n","protected":false},"excerpt":{"rendered":"<p>Pisac: James Dashner<br \/>\nIzdava\u010d: \u0160ahinpa\u0161i\u0107<br \/>\nDostupnost: na stanju<br \/>\nBroj strana: 396<br \/>\nOriginalni naziv: Labirinty &#8211; The Maze&#8230;<br \/>\nPrevodilac: Jasmina Markovi\u0107 Karovi\u0107<br \/>\nEdicija: Prvi dio Trilogije Labirint<br \/>\nIzdanje: 1<br \/>\nGodina: 2015<br \/>\nJezik: Bosanski jezik<br \/>\nVrsta uveza: Meki uvez<br \/>\nPismo: Latinica<br \/>\nVeli\u010dina: 130&#215;200<br \/>\nZemlja porijekla: Bosna i Hercegovina<br \/>\nStanje: Nova<\/p>\n","protected":false},"featured_media":121882,"template":"","meta":[],"product_brand":[],"product_cat":[299,277],"product_tag":[954,809,953,933],"class_list":{"0":"post-121881","1":"product","2":"type-product","3":"status-publish","4":"has-post-thumbnail","6":"product_cat-bestseleri","7":"product_cat-knjizevnost-i-fikcija","8":"product_tag-james-dashner","9":"product_tag-knjiga","10":"product_tag-labirint","11":"product_tag-prodaja-knjiga","13":"first","14":"instock","15":"sale","16":"taxable","17":"shipping-taxable","18":"purchasable","19":"product-type-simple"},"yoast_head":"<!-- This site is optimized with the Yoast SEO plugin v27.5 - https:\/\/yoast.com\/product\/yoast-seo-wordpress\/ -->\n<title>LABIRINT - KNJIGOLJUBAC<\/title>\n<meta name=\"robots\" content=\"index, follow, max-snippet:-1, max-image-preview:large, max-video-preview:-1\" \/>\n<link rel=\"canonical\" href=\"https:\/\/knjigoljubac.ba\/hr\/product\/labirint\/\" \/>\n<meta property=\"og:locale\" content=\"hr_HR\" \/>\n<meta property=\"og:type\" content=\"article\" \/>\n<meta property=\"og:title\" content=\"LABIRINT - KNJIGOLJUBAC\" \/>\n<meta property=\"og:description\" content=\"Pisac: James Dashner Izdava\u010d: \u0160ahinpa\u0161i\u0107 Dostupnost: na stanju Broj strana: 396 Originalni naziv: Labirinty - The Maze... Prevodilac: Jasmina Markovi\u0107 Karovi\u0107 Edicija: Prvi dio Trilogije Labirint Izdanje: 1 Godina: 2015 Jezik: Bosanski jezik Vrsta uveza: Meki uvez Pismo: Latinica Veli\u010dina: 130x200 Zemlja porijekla: Bosna i Hercegovina Stanje: Nova\" \/>\n<meta property=\"og:url\" content=\"https:\/\/knjigoljubac.ba\/hr\/product\/labirint\/\" \/>\n<meta property=\"og:site_name\" content=\"KNJIGOLJUBAC\" \/>\n<meta property=\"article:publisher\" content=\"https:\/\/www.facebook.com\/knjigoljubacba-106067741319857\/?ref=pages_you_manage\" \/>\n<meta property=\"article:modified_time\" content=\"2023-01-19T08:23:07+00:00\" \/>\n<meta property=\"og:image\" content=\"https:\/\/knjigoljubac.ba\/wp-content\/uploads\/2023\/01\/labirint_sahinpsic.jpg\" \/>\n\t<meta property=\"og:image:width\" content=\"160\" \/>\n\t<meta property=\"og:image:height\" content=\"226\" \/>\n\t<meta property=\"og:image:type\" content=\"image\/jpeg\" \/>\n<meta name=\"twitter:card\" content=\"summary_large_image\" \/>\n<meta name=\"twitter:label1\" content=\"Procijenjeno vrijeme \u010ditanja\" \/>\n\t<meta name=\"twitter:data1\" content=\"1 minuta\" \/>\n<script type=\"application\/ld+json\" class=\"yoast-schema-graph\">{\"@context\":\"https:\\\/\\\/schema.org\",\"@graph\":[{\"@type\":\"WebPage\",\"@id\":\"https:\\\/\\\/knjigoljubac.ba\\\/product\\\/labirint\\\/\",\"url\":\"https:\\\/\\\/knjigoljubac.ba\\\/product\\\/labirint\\\/\",\"name\":\"LABIRINT - KNJIGOLJUBAC\",\"isPartOf\":{\"@id\":\"https:\\\/\\\/knjigoljubac.ba\\\/#website\"},\"primaryImageOfPage\":{\"@id\":\"https:\\\/\\\/knjigoljubac.ba\\\/product\\\/labirint\\\/#primaryimage\"},\"image\":{\"@id\":\"https:\\\/\\\/knjigoljubac.ba\\\/product\\\/labirint\\\/#primaryimage\"},\"thumbnailUrl\":\"https:\\\/\\\/knjigoljubac.ba\\\/wp-content\\\/uploads\\\/2023\\\/01\\\/labirint_sahinpsic.jpg\",\"datePublished\":\"2023-01-19T08:23:04+00:00\",\"dateModified\":\"2023-01-19T08:23:07+00:00\",\"breadcrumb\":{\"@id\":\"https:\\\/\\\/knjigoljubac.ba\\\/product\\\/labirint\\\/#breadcrumb\"},\"inLanguage\":\"hr\",\"potentialAction\":[{\"@type\":\"ReadAction\",\"target\":[\"https:\\\/\\\/knjigoljubac.ba\\\/product\\\/labirint\\\/\"]}]},{\"@type\":\"ImageObject\",\"inLanguage\":\"hr\",\"@id\":\"https:\\\/\\\/knjigoljubac.ba\\\/product\\\/labirint\\\/#primaryimage\",\"url\":\"https:\\\/\\\/knjigoljubac.ba\\\/wp-content\\\/uploads\\\/2023\\\/01\\\/labirint_sahinpsic.jpg\",\"contentUrl\":\"https:\\\/\\\/knjigoljubac.ba\\\/wp-content\\\/uploads\\\/2023\\\/01\\\/labirint_sahinpsic.jpg\",\"width\":160,\"height\":226},{\"@type\":\"BreadcrumbList\",\"@id\":\"https:\\\/\\\/knjigoljubac.ba\\\/product\\\/labirint\\\/#breadcrumb\",\"itemListElement\":[{\"@type\":\"ListItem\",\"position\":1,\"name\":\"Po\u010detna stranica\",\"item\":\"https:\\\/\\\/knjigoljubac.ba\\\/\"},{\"@type\":\"ListItem\",\"position\":2,\"name\":\"Trgovina\",\"item\":\"https:\\\/\\\/knjigoljubac.ba\\\/trgovina\\\/\"},{\"@type\":\"ListItem\",\"position\":3,\"name\":\"LABIRINT\"}]},{\"@type\":\"WebSite\",\"@id\":\"https:\\\/\\\/knjigoljubac.ba\\\/#website\",\"url\":\"https:\\\/\\\/knjigoljubac.ba\\\/\",\"name\":\"KNJIGOLJUBAC\",\"description\":\"Va\u0161a online knji\u017eara\",\"publisher\":{\"@id\":\"https:\\\/\\\/knjigoljubac.ba\\\/#organization\"},\"potentialAction\":[{\"@type\":\"SearchAction\",\"target\":{\"@type\":\"EntryPoint\",\"urlTemplate\":\"https:\\\/\\\/knjigoljubac.ba\\\/?s={search_term_string}\"},\"query-input\":{\"@type\":\"PropertyValueSpecification\",\"valueRequired\":true,\"valueName\":\"search_term_string\"}}],\"inLanguage\":\"hr\"},{\"@type\":\"Organization\",\"@id\":\"https:\\\/\\\/knjigoljubac.ba\\\/#organization\",\"name\":\"KNJIGOLJUBAC\",\"url\":\"https:\\\/\\\/knjigoljubac.ba\\\/\",\"logo\":{\"@type\":\"ImageObject\",\"inLanguage\":\"hr\",\"@id\":\"https:\\\/\\\/knjigoljubac.ba\\\/#\\\/schema\\\/logo\\\/image\\\/\",\"url\":\"https:\\\/\\\/knjigoljubac.ba\\\/wp-content\\\/uploads\\\/2021\\\/09\\\/logo-novi-1024x465.png\",\"contentUrl\":\"https:\\\/\\\/knjigoljubac.ba\\\/wp-content\\\/uploads\\\/2021\\\/09\\\/logo-novi-1024x465.png\",\"width\":1024,\"height\":465,\"caption\":\"KNJIGOLJUBAC\"},\"image\":{\"@id\":\"https:\\\/\\\/knjigoljubac.ba\\\/#\\\/schema\\\/logo\\\/image\\\/\"},\"sameAs\":[\"https:\\\/\\\/www.facebook.com\\\/knjigoljubacba-106067741319857\\\/?ref=pages_you_manage\",\"https:\\\/\\\/www.instagram.com\\\/knjigoljubacbrcko\\\/\"]}]}<\/script>\n<!-- \/ Yoast SEO plugin. -->","yoast_head_json":{"title":"LABIRINT - KNJIGOLJUBAC","robots":{"index":"index","follow":"follow","max-snippet":"max-snippet:-1","max-image-preview":"max-image-preview:large","max-video-preview":"max-video-preview:-1"},"canonical":"https:\/\/knjigoljubac.ba\/hr\/product\/labirint\/","og_locale":"hr_HR","og_type":"article","og_title":"LABIRINT - KNJIGOLJUBAC","og_description":"Pisac: James Dashner Izdava\u010d: \u0160ahinpa\u0161i\u0107 Dostupnost: na stanju Broj strana: 396 Originalni naziv: Labirinty - The Maze... Prevodilac: Jasmina Markovi\u0107 Karovi\u0107 Edicija: Prvi dio Trilogije Labirint Izdanje: 1 Godina: 2015 Jezik: Bosanski jezik Vrsta uveza: Meki uvez Pismo: Latinica Veli\u010dina: 130x200 Zemlja porijekla: Bosna i Hercegovina Stanje: Nova","og_url":"https:\/\/knjigoljubac.ba\/hr\/product\/labirint\/","og_site_name":"KNJIGOLJUBAC","article_publisher":"https:\/\/www.facebook.com\/knjigoljubacba-106067741319857\/?ref=pages_you_manage","article_modified_time":"2023-01-19T08:23:07+00:00","og_image":[{"width":160,"height":226,"url":"https:\/\/knjigoljubac.ba\/wp-content\/uploads\/2023\/01\/labirint_sahinpsic.jpg","type":"image\/jpeg"}],"twitter_card":"summary_large_image","twitter_misc":{"Procijenjeno vrijeme \u010ditanja":"1 minuta"},"schema":{"@context":"https:\/\/schema.org","@graph":[{"@type":"WebPage","@id":"https:\/\/knjigoljubac.ba\/product\/labirint\/","url":"https:\/\/knjigoljubac.ba\/product\/labirint\/","name":"LABIRINT - KNJIGOLJUBAC","isPartOf":{"@id":"https:\/\/knjigoljubac.ba\/#website"},"primaryImageOfPage":{"@id":"https:\/\/knjigoljubac.ba\/product\/labirint\/#primaryimage"},"image":{"@id":"https:\/\/knjigoljubac.ba\/product\/labirint\/#primaryimage"},"thumbnailUrl":"https:\/\/knjigoljubac.ba\/wp-content\/uploads\/2023\/01\/labirint_sahinpsic.jpg","datePublished":"2023-01-19T08:23:04+00:00","dateModified":"2023-01-19T08:23:07+00:00","breadcrumb":{"@id":"https:\/\/knjigoljubac.ba\/product\/labirint\/#breadcrumb"},"inLanguage":"hr","potentialAction":[{"@type":"ReadAction","target":["https:\/\/knjigoljubac.ba\/product\/labirint\/"]}]},{"@type":"ImageObject","inLanguage":"hr","@id":"https:\/\/knjigoljubac.ba\/product\/labirint\/#primaryimage","url":"https:\/\/knjigoljubac.ba\/wp-content\/uploads\/2023\/01\/labirint_sahinpsic.jpg","contentUrl":"https:\/\/knjigoljubac.ba\/wp-content\/uploads\/2023\/01\/labirint_sahinpsic.jpg","width":160,"height":226},{"@type":"BreadcrumbList","@id":"https:\/\/knjigoljubac.ba\/product\/labirint\/#breadcrumb","itemListElement":[{"@type":"ListItem","position":1,"name":"Po\u010detna stranica","item":"https:\/\/knjigoljubac.ba\/"},{"@type":"ListItem","position":2,"name":"Trgovina","item":"https:\/\/knjigoljubac.ba\/trgovina\/"},{"@type":"ListItem","position":3,"name":"LABIRINT"}]},{"@type":"WebSite","@id":"https:\/\/knjigoljubac.ba\/#website","url":"https:\/\/knjigoljubac.ba\/","name":"KNJIGOLJUBAC","description":"Va\u0161a online knji\u017eara","publisher":{"@id":"https:\/\/knjigoljubac.ba\/#organization"},"potentialAction":[{"@type":"SearchAction","target":{"@type":"EntryPoint","urlTemplate":"https:\/\/knjigoljubac.ba\/?s={search_term_string}"},"query-input":{"@type":"PropertyValueSpecification","valueRequired":true,"valueName":"search_term_string"}}],"inLanguage":"hr"},{"@type":"Organization","@id":"https:\/\/knjigoljubac.ba\/#organization","name":"KNJIGOLJUBAC","url":"https:\/\/knjigoljubac.ba\/","logo":{"@type":"ImageObject","inLanguage":"hr","@id":"https:\/\/knjigoljubac.ba\/#\/schema\/logo\/image\/","url":"https:\/\/knjigoljubac.ba\/wp-content\/uploads\/2021\/09\/logo-novi-1024x465.png","contentUrl":"https:\/\/knjigoljubac.ba\/wp-content\/uploads\/2021\/09\/logo-novi-1024x465.png","width":1024,"height":465,"caption":"KNJIGOLJUBAC"},"image":{"@id":"https:\/\/knjigoljubac.ba\/#\/schema\/logo\/image\/"},"sameAs":["https:\/\/www.facebook.com\/knjigoljubacba-106067741319857\/?ref=pages_you_manage","https:\/\/www.instagram.com\/knjigoljubacbrcko\/"]}]}},"jetpack_sharing_enabled":true,"_links":{"self":[{"href":"https:\/\/knjigoljubac.ba\/hr\/wp-json\/wp\/v2\/product\/121881","targetHints":{"allow":["GET"]}}],"collection":[{"href":"https:\/\/knjigoljubac.ba\/hr\/wp-json\/wp\/v2\/product"}],"about":[{"href":"https:\/\/knjigoljubac.ba\/hr\/wp-json\/wp\/v2\/types\/product"}],"wp:featuredmedia":[{"embeddable":true,"href":"https:\/\/knjigoljubac.ba\/hr\/wp-json\/wp\/v2\/media\/121882"}],"wp:attachment":[{"href":"https:\/\/knjigoljubac.ba\/hr\/wp-json\/wp\/v2\/media?parent=121881"}],"wp:term":[{"taxonomy":"product_brand","embeddable":true,"href":"https:\/\/knjigoljubac.ba\/hr\/wp-json\/wp\/v2\/product_brand?post=121881"},{"taxonomy":"product_cat","embeddable":true,"href":"https:\/\/knjigoljubac.ba\/hr\/wp-json\/wp\/v2\/product_cat?post=121881"},{"taxonomy":"product_tag","embeddable":true,"href":"https:\/\/knjigoljubac.ba\/hr\/wp-json\/wp\/v2\/product_tag?post=121881"}],"curies":[{"name":"wp","href":"https:\/\/api.w.org\/{rel}","templated":true}]}}