{"id":12188,"date":"2021-01-30T08:08:40","date_gmt":"2021-01-30T08:08:40","guid":{"rendered":"https:\/\/knjigoljubac.ba\/?post_type=product&#038;p=12188"},"modified":"2021-01-30T08:08:40","modified_gmt":"2021-01-30T08:08:40","slug":"lejla-i-medznun","status":"publish","type":"product","link":"https:\/\/knjigoljubac.ba\/hr\/product\/lejla-i-medznun\/","title":{"rendered":"Lejla i Med\u017enun"},"content":{"rendered":"<p>To je najpopularnija ljubavna pri\u010da. Najra\u0161irenija varijanta pri\u010de o Lejli i Med\u017enunu ima sljede\u0107i sadr\u017eaj: Lejla i Med\u017enun iz plemena Benu Amir su se upoznali i zavoljeli kao djeca, dok su odvodili na ispa\u0161u dev\u010dad. Prema drugoj predaji, Kajs kao mladi\u0107 \u010duje pri\u010du o Lejlinoj ljepoti. Odlazi vidjeti svoju dragu Lejlu koja je povremeno prire\u0111ivala zabave u ku\u0107i \u017eene po imenu Kerime iz plemena Ukajl, i za gozbu djevojkama daruje devu. Pojavljuje se njegov suparnik Munazil. Me\u0111utim, i Lejla se zaljubljuje u Med\u017enuna. Jedanput \u0107e Lejla, kako bi isku\u0161ala Kajsa, izazvati Kajsovu ljubomoru i utvrditi kako se njih oboje pred drugima pokazuju ravnodu\u0161nim, a zapravo je njihova ljubav obostrana; kazat \u0107e kako se razumiju pogledima i kako jedno drugome pripovijedaju o svojoj zaljubljenosti. Re\u0107i \u0107e: U na\u0161im srcima je zakopana ljubav. Kada Kajs to \u010duje, on gubi razbor, i svaki dan njegova zaljubljenost biva ve\u0107a. Pjesme koje pjeva Lejli \u0161ire se me\u0111u svijetom. Otac koji uvi\u0111a Kajsovu patnju odlazi prositi Lejlu, me\u0111utim, Lejlin otac, srdit \u0161to se preko Kajsovih pjesama pro\u010dulo \u010dasno ime njegove k\u0107eri, ne da njezinu ruku. \u0160tavi\u0161e, Lejlino pleme tu\u017ei Kajsa Halifi, koji im zabranjuje susrete, te \u0161alje naredbu da Kajs bude ubijen, ukoliko se nastave vi\u0111ati. Lejlino pleme seli na drugo mjesto, me\u0111utim, Kajs ih prati, kle\u010di i pla\u010de.<\/p>\n","protected":false},"excerpt":{"rendered":"<table class=\"woocommerce-product-attributes shop_attributes\">\n<tbody>\n<tr class=\"woocommerce-product-attributes-item woocommerce-product-attributes-item--attribute_pa_autor\">\n<th class=\"woocommerce-product-attributes-item__label\">Autor<\/th>\n<td class=\"woocommerce-product-attributes-item__value\"><a href=\"https:\/\/kupiknjigu.ba\/autor\/nizamuddin\/\" rel=\"tag\">Nizamuddin<\/a><\/td>\n<\/tr>\n<tr class=\"woocommerce-product-attributes-item woocommerce-product-attributes-item--attribute_isbn\">\n<th class=\"woocommerce-product-attributes-item__label\">ISBN<\/th>\n<td class=\"woocommerce-product-attributes-item__value\">9789958590900<\/td>\n<\/tr>\n<tr class=\"woocommerce-product-attributes-item woocommerce-product-attributes-item--attribute_broj-stranica\">\n<th class=\"woocommerce-product-attributes-item__label\">Broj stranica<\/th>\n<td class=\"woocommerce-product-attributes-item__value\">150<\/td>\n<\/tr>\n<\/tbody>\n<\/table>\n","protected":false},"featured_media":12189,"template":"","meta":[],"product_brand":[],"product_cat":[288,326,301],"product_tag":[699,698,545],"class_list":{"0":"post-12188","1":"product","2":"type-product","3":"status-publish","4":"has-post-thumbnail","6":"product_cat-klasici","7":"product_cat-preporuceno","8":"product_cat-proza","9":"product_tag-lejla-u-medznun","10":"product_tag-nizamuddin","11":"product_tag-www-knjgoljubac-ba","13":"first","14":"instock","15":"sale","16":"taxable","17":"shipping-taxable","18":"purchasable","19":"product-type-simple"},"yoast_head":"<!-- This site is optimized with the Yoast SEO plugin v27.5 - https:\/\/yoast.com\/product\/yoast-seo-wordpress\/ -->\n<title>Lejla i Med\u017enun - KNJIGOLJUBAC<\/title>\n<meta name=\"robots\" content=\"index, follow, max-snippet:-1, max-image-preview:large, max-video-preview:-1\" \/>\n<link rel=\"canonical\" href=\"https:\/\/knjigoljubac.ba\/hr\/product\/lejla-i-medznun\/\" \/>\n<meta property=\"og:locale\" content=\"hr_HR\" \/>\n<meta property=\"og:type\" content=\"article\" \/>\n<meta property=\"og:title\" content=\"Lejla i Med\u017enun - KNJIGOLJUBAC\" \/>\n<meta property=\"og:description\" content=\"Autor Nizamuddin   ISBN 9789958590900   Broj stranica 150\" \/>\n<meta property=\"og:url\" content=\"https:\/\/knjigoljubac.ba\/hr\/product\/lejla-i-medznun\/\" \/>\n<meta property=\"og:site_name\" content=\"KNJIGOLJUBAC\" \/>\n<meta property=\"article:publisher\" content=\"https:\/\/www.facebook.com\/knjigoljubacba-106067741319857\/?ref=pages_you_manage\" \/>\n<meta property=\"og:image\" content=\"https:\/\/knjigoljubac.ba\/wp-content\/uploads\/2021\/01\/lejla_medznun.jpg\" \/>\n\t<meta property=\"og:image:width\" content=\"160\" \/>\n\t<meta property=\"og:image:height\" content=\"226\" \/>\n\t<meta property=\"og:image:type\" content=\"image\/jpeg\" \/>\n<meta name=\"twitter:card\" content=\"summary_large_image\" \/>\n<meta name=\"twitter:label1\" content=\"Procijenjeno vrijeme \u010ditanja\" \/>\n\t<meta name=\"twitter:data1\" content=\"1 minuta\" \/>\n<script type=\"application\/ld+json\" class=\"yoast-schema-graph\">{\"@context\":\"https:\\\/\\\/schema.org\",\"@graph\":[{\"@type\":\"WebPage\",\"@id\":\"https:\\\/\\\/knjigoljubac.ba\\\/bs\\\/product\\\/lejla-i-medznun\\\/\",\"url\":\"https:\\\/\\\/knjigoljubac.ba\\\/bs\\\/product\\\/lejla-i-medznun\\\/\",\"name\":\"Lejla i Med\u017enun - KNJIGOLJUBAC\",\"isPartOf\":{\"@id\":\"https:\\\/\\\/knjigoljubac.ba\\\/#website\"},\"primaryImageOfPage\":{\"@id\":\"https:\\\/\\\/knjigoljubac.ba\\\/bs\\\/product\\\/lejla-i-medznun\\\/#primaryimage\"},\"image\":{\"@id\":\"https:\\\/\\\/knjigoljubac.ba\\\/bs\\\/product\\\/lejla-i-medznun\\\/#primaryimage\"},\"thumbnailUrl\":\"https:\\\/\\\/knjigoljubac.ba\\\/wp-content\\\/uploads\\\/2021\\\/01\\\/lejla_medznun.jpg\",\"datePublished\":\"2021-01-30T08:08:40+00:00\",\"breadcrumb\":{\"@id\":\"https:\\\/\\\/knjigoljubac.ba\\\/bs\\\/product\\\/lejla-i-medznun\\\/#breadcrumb\"},\"inLanguage\":\"hr\",\"potentialAction\":[{\"@type\":\"ReadAction\",\"target\":[\"https:\\\/\\\/knjigoljubac.ba\\\/bs\\\/product\\\/lejla-i-medznun\\\/\"]}]},{\"@type\":\"ImageObject\",\"inLanguage\":\"hr\",\"@id\":\"https:\\\/\\\/knjigoljubac.ba\\\/bs\\\/product\\\/lejla-i-medznun\\\/#primaryimage\",\"url\":\"https:\\\/\\\/knjigoljubac.ba\\\/wp-content\\\/uploads\\\/2021\\\/01\\\/lejla_medznun.jpg\",\"contentUrl\":\"https:\\\/\\\/knjigoljubac.ba\\\/wp-content\\\/uploads\\\/2021\\\/01\\\/lejla_medznun.jpg\",\"width\":160,\"height\":226},{\"@type\":\"BreadcrumbList\",\"@id\":\"https:\\\/\\\/knjigoljubac.ba\\\/bs\\\/product\\\/lejla-i-medznun\\\/#breadcrumb\",\"itemListElement\":[{\"@type\":\"ListItem\",\"position\":1,\"name\":\"Po\u010detna stranica\",\"item\":\"https:\\\/\\\/knjigoljubac.ba\\\/\"},{\"@type\":\"ListItem\",\"position\":2,\"name\":\"Trgovina\",\"item\":\"https:\\\/\\\/knjigoljubac.ba\\\/trgovina\\\/\"},{\"@type\":\"ListItem\",\"position\":3,\"name\":\"Lejla i Med\u017enun\"}]},{\"@type\":\"WebSite\",\"@id\":\"https:\\\/\\\/knjigoljubac.ba\\\/#website\",\"url\":\"https:\\\/\\\/knjigoljubac.ba\\\/\",\"name\":\"KNJIGOLJUBAC\",\"description\":\"Va\u0161a online knji\u017eara\",\"publisher\":{\"@id\":\"https:\\\/\\\/knjigoljubac.ba\\\/#organization\"},\"potentialAction\":[{\"@type\":\"SearchAction\",\"target\":{\"@type\":\"EntryPoint\",\"urlTemplate\":\"https:\\\/\\\/knjigoljubac.ba\\\/?s={search_term_string}\"},\"query-input\":{\"@type\":\"PropertyValueSpecification\",\"valueRequired\":true,\"valueName\":\"search_term_string\"}}],\"inLanguage\":\"hr\"},{\"@type\":\"Organization\",\"@id\":\"https:\\\/\\\/knjigoljubac.ba\\\/#organization\",\"name\":\"KNJIGOLJUBAC\",\"url\":\"https:\\\/\\\/knjigoljubac.ba\\\/\",\"logo\":{\"@type\":\"ImageObject\",\"inLanguage\":\"hr\",\"@id\":\"https:\\\/\\\/knjigoljubac.ba\\\/#\\\/schema\\\/logo\\\/image\\\/\",\"url\":\"https:\\\/\\\/knjigoljubac.ba\\\/wp-content\\\/uploads\\\/2021\\\/09\\\/logo-novi-1024x465.png\",\"contentUrl\":\"https:\\\/\\\/knjigoljubac.ba\\\/wp-content\\\/uploads\\\/2021\\\/09\\\/logo-novi-1024x465.png\",\"width\":1024,\"height\":465,\"caption\":\"KNJIGOLJUBAC\"},\"image\":{\"@id\":\"https:\\\/\\\/knjigoljubac.ba\\\/#\\\/schema\\\/logo\\\/image\\\/\"},\"sameAs\":[\"https:\\\/\\\/www.facebook.com\\\/knjigoljubacba-106067741319857\\\/?ref=pages_you_manage\",\"https:\\\/\\\/www.instagram.com\\\/knjigoljubacbrcko\\\/\"]}]}<\/script>\n<!-- \/ Yoast SEO plugin. -->","yoast_head_json":{"title":"Lejla i Med\u017enun - KNJIGOLJUBAC","robots":{"index":"index","follow":"follow","max-snippet":"max-snippet:-1","max-image-preview":"max-image-preview:large","max-video-preview":"max-video-preview:-1"},"canonical":"https:\/\/knjigoljubac.ba\/hr\/product\/lejla-i-medznun\/","og_locale":"hr_HR","og_type":"article","og_title":"Lejla i Med\u017enun - KNJIGOLJUBAC","og_description":"Autor Nizamuddin   ISBN 9789958590900   Broj stranica 150","og_url":"https:\/\/knjigoljubac.ba\/hr\/product\/lejla-i-medznun\/","og_site_name":"KNJIGOLJUBAC","article_publisher":"https:\/\/www.facebook.com\/knjigoljubacba-106067741319857\/?ref=pages_you_manage","og_image":[{"width":160,"height":226,"url":"https:\/\/knjigoljubac.ba\/wp-content\/uploads\/2021\/01\/lejla_medznun.jpg","type":"image\/jpeg"}],"twitter_card":"summary_large_image","twitter_misc":{"Procijenjeno vrijeme \u010ditanja":"1 minuta"},"schema":{"@context":"https:\/\/schema.org","@graph":[{"@type":"WebPage","@id":"https:\/\/knjigoljubac.ba\/bs\/product\/lejla-i-medznun\/","url":"https:\/\/knjigoljubac.ba\/bs\/product\/lejla-i-medznun\/","name":"Lejla i Med\u017enun - KNJIGOLJUBAC","isPartOf":{"@id":"https:\/\/knjigoljubac.ba\/#website"},"primaryImageOfPage":{"@id":"https:\/\/knjigoljubac.ba\/bs\/product\/lejla-i-medznun\/#primaryimage"},"image":{"@id":"https:\/\/knjigoljubac.ba\/bs\/product\/lejla-i-medznun\/#primaryimage"},"thumbnailUrl":"https:\/\/knjigoljubac.ba\/wp-content\/uploads\/2021\/01\/lejla_medznun.jpg","datePublished":"2021-01-30T08:08:40+00:00","breadcrumb":{"@id":"https:\/\/knjigoljubac.ba\/bs\/product\/lejla-i-medznun\/#breadcrumb"},"inLanguage":"hr","potentialAction":[{"@type":"ReadAction","target":["https:\/\/knjigoljubac.ba\/bs\/product\/lejla-i-medznun\/"]}]},{"@type":"ImageObject","inLanguage":"hr","@id":"https:\/\/knjigoljubac.ba\/bs\/product\/lejla-i-medznun\/#primaryimage","url":"https:\/\/knjigoljubac.ba\/wp-content\/uploads\/2021\/01\/lejla_medznun.jpg","contentUrl":"https:\/\/knjigoljubac.ba\/wp-content\/uploads\/2021\/01\/lejla_medznun.jpg","width":160,"height":226},{"@type":"BreadcrumbList","@id":"https:\/\/knjigoljubac.ba\/bs\/product\/lejla-i-medznun\/#breadcrumb","itemListElement":[{"@type":"ListItem","position":1,"name":"Po\u010detna stranica","item":"https:\/\/knjigoljubac.ba\/"},{"@type":"ListItem","position":2,"name":"Trgovina","item":"https:\/\/knjigoljubac.ba\/trgovina\/"},{"@type":"ListItem","position":3,"name":"Lejla i Med\u017enun"}]},{"@type":"WebSite","@id":"https:\/\/knjigoljubac.ba\/#website","url":"https:\/\/knjigoljubac.ba\/","name":"KNJIGOLJUBAC","description":"Va\u0161a online knji\u017eara","publisher":{"@id":"https:\/\/knjigoljubac.ba\/#organization"},"potentialAction":[{"@type":"SearchAction","target":{"@type":"EntryPoint","urlTemplate":"https:\/\/knjigoljubac.ba\/?s={search_term_string}"},"query-input":{"@type":"PropertyValueSpecification","valueRequired":true,"valueName":"search_term_string"}}],"inLanguage":"hr"},{"@type":"Organization","@id":"https:\/\/knjigoljubac.ba\/#organization","name":"KNJIGOLJUBAC","url":"https:\/\/knjigoljubac.ba\/","logo":{"@type":"ImageObject","inLanguage":"hr","@id":"https:\/\/knjigoljubac.ba\/#\/schema\/logo\/image\/","url":"https:\/\/knjigoljubac.ba\/wp-content\/uploads\/2021\/09\/logo-novi-1024x465.png","contentUrl":"https:\/\/knjigoljubac.ba\/wp-content\/uploads\/2021\/09\/logo-novi-1024x465.png","width":1024,"height":465,"caption":"KNJIGOLJUBAC"},"image":{"@id":"https:\/\/knjigoljubac.ba\/#\/schema\/logo\/image\/"},"sameAs":["https:\/\/www.facebook.com\/knjigoljubacba-106067741319857\/?ref=pages_you_manage","https:\/\/www.instagram.com\/knjigoljubacbrcko\/"]}]}},"jetpack_sharing_enabled":true,"_links":{"self":[{"href":"https:\/\/knjigoljubac.ba\/hr\/wp-json\/wp\/v2\/product\/12188","targetHints":{"allow":["GET"]}}],"collection":[{"href":"https:\/\/knjigoljubac.ba\/hr\/wp-json\/wp\/v2\/product"}],"about":[{"href":"https:\/\/knjigoljubac.ba\/hr\/wp-json\/wp\/v2\/types\/product"}],"wp:featuredmedia":[{"embeddable":true,"href":"https:\/\/knjigoljubac.ba\/hr\/wp-json\/wp\/v2\/media\/12189"}],"wp:attachment":[{"href":"https:\/\/knjigoljubac.ba\/hr\/wp-json\/wp\/v2\/media?parent=12188"}],"wp:term":[{"taxonomy":"product_brand","embeddable":true,"href":"https:\/\/knjigoljubac.ba\/hr\/wp-json\/wp\/v2\/product_brand?post=12188"},{"taxonomy":"product_cat","embeddable":true,"href":"https:\/\/knjigoljubac.ba\/hr\/wp-json\/wp\/v2\/product_cat?post=12188"},{"taxonomy":"product_tag","embeddable":true,"href":"https:\/\/knjigoljubac.ba\/hr\/wp-json\/wp\/v2\/product_tag?post=12188"}],"curies":[{"name":"wp","href":"https:\/\/api.w.org\/{rel}","templated":true}]}}