{"id":121743,"date":"2022-05-17T20:25:57","date_gmt":"2022-05-17T20:25:57","guid":{"rendered":"https:\/\/knjigoljubac.ba\/?post_type=product&#038;p=121743"},"modified":"2022-05-17T20:25:57","modified_gmt":"2022-05-17T20:25:57","slug":"svet-bez-kraja","status":"publish","type":"product","link":"https:\/\/knjigoljubac.ba\/hr\/product\/svet-bez-kraja\/","title":{"rendered":"Svet bez kraja"},"content":{"rendered":"<h4 class=\"x_MsoNormal\">Kao i u\u00a0<strong><a href=\"https:\/\/www.knjizara-sigma.rs\/kupi\/stubovi-zemlje-ken-folet-403544\" target=\"_blank\" rel=\"noopener\"><em>Stubovima zemlje<\/em><\/a><\/strong>,\u00a0<em><strong>Ken Folet<\/strong><\/em>\u00a0je u knjizi\u00a0<strong><em>Svet bez kraja<\/em><\/strong>\u00a0do\u010darao sva dostignu\u0107a, zablude i po\u0161asti srednjeg veka: od sjaja zadivljuju\u0107ih, za ono vreme izuzetno naprednih arhitektonskih re\u0161enja i medicinskih dostignu\u0107a, do pogubnog sujeverja, nemilosrdnog nasilja i jezive pretnje koja je u srednjem veku desetkovala evropska sela i gradove: kuge.<\/h4>\n<h4 class=\"x_MsoNormal\">Katedrala i njen prior ponovo su u sredi\u0161tu zbivanja, u mre\u017ei ljubavi i mr\u017enje, ponosa i pohlepe, ambicije i osvete. Zidarski esnaf, koji smo u\u00a0<em>Stubovima zemlje<\/em>\u00a0ostavili u povoju, prerastao je u uticajno udru\u017eenje, koje za glavnog graditelja uru\u0161ene crkve predla\u017ee Mertina, a prior Godvin odlu\u010duje da mu uka\u017ee poverenje. Mladi zidar i arhitekta prolazi kroz te\u0161ka isku\u0161enja: lokalni mo\u0107nik zatvorio je kamenolom, a prior nije zadovoljan tempom i tro\u0161kovima obrade katedrale. Povrh svega, Keris, nezavisna i samouverena \u017eena u koju je Mertin zaljubljen, ne \u017eeli da se uda za njega, iako ga voli.<\/h4>\n","protected":false},"excerpt":{"rendered":"<p>Autor: Ken Folet<\/p>\n<p>Povez knjige : tvrd<br \/>\nStrana : 1077<br \/>\nFormat : 14 x 23 cm<br \/>\nPismo\u00a0 : latinica<\/p>\n","protected":false},"featured_media":121744,"template":"","meta":[],"product_brand":[],"product_cat":[299],"product_tag":[891,889,334,890],"class_list":{"0":"post-121743","1":"product","2":"type-product","3":"status-publish","4":"has-post-thumbnail","6":"product_cat-bestseleri","7":"product_tag-evro-book","8":"product_tag-ken-folet","9":"product_tag-knjigoljubac","10":"product_tag-svet-bez-kraja","12":"first","13":"instock","14":"taxable","15":"shipping-taxable","16":"purchasable","17":"product-type-simple"},"yoast_head":"<!-- This site is optimized with the Yoast SEO plugin v27.5 - https:\/\/yoast.com\/product\/yoast-seo-wordpress\/ -->\n<title>Svet bez kraja - KNJIGOLJUBAC<\/title>\n<meta name=\"robots\" content=\"index, follow, max-snippet:-1, max-image-preview:large, max-video-preview:-1\" \/>\n<link rel=\"canonical\" href=\"https:\/\/knjigoljubac.ba\/hr\/product\/svet-bez-kraja\/\" \/>\n<meta property=\"og:locale\" content=\"hr_HR\" \/>\n<meta property=\"og:type\" content=\"article\" \/>\n<meta property=\"og:title\" content=\"Svet bez kraja - KNJIGOLJUBAC\" \/>\n<meta property=\"og:description\" content=\"Autor: Ken Folet  Povez knjige : tvrd Strana : 1077 Format : 14 x 23 cm Pismo\u00a0 : latinica\" \/>\n<meta property=\"og:url\" content=\"https:\/\/knjigoljubac.ba\/hr\/product\/svet-bez-kraja\/\" \/>\n<meta property=\"og:site_name\" content=\"KNJIGOLJUBAC\" \/>\n<meta property=\"article:publisher\" content=\"https:\/\/www.facebook.com\/knjigoljubacba-106067741319857\/?ref=pages_you_manage\" \/>\n<meta property=\"og:image\" content=\"https:\/\/knjigoljubac.ba\/wp-content\/uploads\/2022\/05\/svet-bez-kraja-ken-folet_476726.jpg\" \/>\n\t<meta property=\"og:image:width\" content=\"160\" \/>\n\t<meta property=\"og:image:height\" content=\"226\" \/>\n\t<meta property=\"og:image:type\" content=\"image\/jpeg\" \/>\n<meta name=\"twitter:card\" content=\"summary_large_image\" \/>\n<meta name=\"twitter:label1\" content=\"Procijenjeno vrijeme \u010ditanja\" \/>\n\t<meta name=\"twitter:data1\" content=\"1 minuta\" \/>\n<script type=\"application\/ld+json\" class=\"yoast-schema-graph\">{\"@context\":\"https:\\\/\\\/schema.org\",\"@graph\":[{\"@type\":\"WebPage\",\"@id\":\"https:\\\/\\\/knjigoljubac.ba\\\/product\\\/svet-bez-kraja\\\/\",\"url\":\"https:\\\/\\\/knjigoljubac.ba\\\/product\\\/svet-bez-kraja\\\/\",\"name\":\"Svet bez kraja - KNJIGOLJUBAC\",\"isPartOf\":{\"@id\":\"https:\\\/\\\/knjigoljubac.ba\\\/#website\"},\"primaryImageOfPage\":{\"@id\":\"https:\\\/\\\/knjigoljubac.ba\\\/product\\\/svet-bez-kraja\\\/#primaryimage\"},\"image\":{\"@id\":\"https:\\\/\\\/knjigoljubac.ba\\\/product\\\/svet-bez-kraja\\\/#primaryimage\"},\"thumbnailUrl\":\"https:\\\/\\\/knjigoljubac.ba\\\/wp-content\\\/uploads\\\/2022\\\/05\\\/svet-bez-kraja-ken-folet_476726.jpg\",\"datePublished\":\"2022-05-17T20:25:57+00:00\",\"breadcrumb\":{\"@id\":\"https:\\\/\\\/knjigoljubac.ba\\\/product\\\/svet-bez-kraja\\\/#breadcrumb\"},\"inLanguage\":\"hr\",\"potentialAction\":[{\"@type\":\"ReadAction\",\"target\":[\"https:\\\/\\\/knjigoljubac.ba\\\/product\\\/svet-bez-kraja\\\/\"]}]},{\"@type\":\"ImageObject\",\"inLanguage\":\"hr\",\"@id\":\"https:\\\/\\\/knjigoljubac.ba\\\/product\\\/svet-bez-kraja\\\/#primaryimage\",\"url\":\"https:\\\/\\\/knjigoljubac.ba\\\/wp-content\\\/uploads\\\/2022\\\/05\\\/svet-bez-kraja-ken-folet_476726.jpg\",\"contentUrl\":\"https:\\\/\\\/knjigoljubac.ba\\\/wp-content\\\/uploads\\\/2022\\\/05\\\/svet-bez-kraja-ken-folet_476726.jpg\",\"width\":160,\"height\":226},{\"@type\":\"BreadcrumbList\",\"@id\":\"https:\\\/\\\/knjigoljubac.ba\\\/product\\\/svet-bez-kraja\\\/#breadcrumb\",\"itemListElement\":[{\"@type\":\"ListItem\",\"position\":1,\"name\":\"Po\u010detna stranica\",\"item\":\"https:\\\/\\\/knjigoljubac.ba\\\/\"},{\"@type\":\"ListItem\",\"position\":2,\"name\":\"Trgovina\",\"item\":\"https:\\\/\\\/knjigoljubac.ba\\\/trgovina\\\/\"},{\"@type\":\"ListItem\",\"position\":3,\"name\":\"Svet bez kraja\"}]},{\"@type\":\"WebSite\",\"@id\":\"https:\\\/\\\/knjigoljubac.ba\\\/#website\",\"url\":\"https:\\\/\\\/knjigoljubac.ba\\\/\",\"name\":\"KNJIGOLJUBAC\",\"description\":\"Va\u0161a online knji\u017eara\",\"publisher\":{\"@id\":\"https:\\\/\\\/knjigoljubac.ba\\\/#organization\"},\"potentialAction\":[{\"@type\":\"SearchAction\",\"target\":{\"@type\":\"EntryPoint\",\"urlTemplate\":\"https:\\\/\\\/knjigoljubac.ba\\\/?s={search_term_string}\"},\"query-input\":{\"@type\":\"PropertyValueSpecification\",\"valueRequired\":true,\"valueName\":\"search_term_string\"}}],\"inLanguage\":\"hr\"},{\"@type\":\"Organization\",\"@id\":\"https:\\\/\\\/knjigoljubac.ba\\\/#organization\",\"name\":\"KNJIGOLJUBAC\",\"url\":\"https:\\\/\\\/knjigoljubac.ba\\\/\",\"logo\":{\"@type\":\"ImageObject\",\"inLanguage\":\"hr\",\"@id\":\"https:\\\/\\\/knjigoljubac.ba\\\/#\\\/schema\\\/logo\\\/image\\\/\",\"url\":\"https:\\\/\\\/knjigoljubac.ba\\\/wp-content\\\/uploads\\\/2021\\\/09\\\/logo-novi-1024x465.png\",\"contentUrl\":\"https:\\\/\\\/knjigoljubac.ba\\\/wp-content\\\/uploads\\\/2021\\\/09\\\/logo-novi-1024x465.png\",\"width\":1024,\"height\":465,\"caption\":\"KNJIGOLJUBAC\"},\"image\":{\"@id\":\"https:\\\/\\\/knjigoljubac.ba\\\/#\\\/schema\\\/logo\\\/image\\\/\"},\"sameAs\":[\"https:\\\/\\\/www.facebook.com\\\/knjigoljubacba-106067741319857\\\/?ref=pages_you_manage\",\"https:\\\/\\\/www.instagram.com\\\/knjigoljubacbrcko\\\/\"]}]}<\/script>\n<!-- \/ Yoast SEO plugin. -->","yoast_head_json":{"title":"Svet bez kraja - KNJIGOLJUBAC","robots":{"index":"index","follow":"follow","max-snippet":"max-snippet:-1","max-image-preview":"max-image-preview:large","max-video-preview":"max-video-preview:-1"},"canonical":"https:\/\/knjigoljubac.ba\/hr\/product\/svet-bez-kraja\/","og_locale":"hr_HR","og_type":"article","og_title":"Svet bez kraja - KNJIGOLJUBAC","og_description":"Autor: Ken Folet  Povez knjige : tvrd Strana : 1077 Format : 14 x 23 cm Pismo\u00a0 : latinica","og_url":"https:\/\/knjigoljubac.ba\/hr\/product\/svet-bez-kraja\/","og_site_name":"KNJIGOLJUBAC","article_publisher":"https:\/\/www.facebook.com\/knjigoljubacba-106067741319857\/?ref=pages_you_manage","og_image":[{"width":160,"height":226,"url":"https:\/\/knjigoljubac.ba\/wp-content\/uploads\/2022\/05\/svet-bez-kraja-ken-folet_476726.jpg","type":"image\/jpeg"}],"twitter_card":"summary_large_image","twitter_misc":{"Procijenjeno vrijeme \u010ditanja":"1 minuta"},"schema":{"@context":"https:\/\/schema.org","@graph":[{"@type":"WebPage","@id":"https:\/\/knjigoljubac.ba\/product\/svet-bez-kraja\/","url":"https:\/\/knjigoljubac.ba\/product\/svet-bez-kraja\/","name":"Svet bez kraja - KNJIGOLJUBAC","isPartOf":{"@id":"https:\/\/knjigoljubac.ba\/#website"},"primaryImageOfPage":{"@id":"https:\/\/knjigoljubac.ba\/product\/svet-bez-kraja\/#primaryimage"},"image":{"@id":"https:\/\/knjigoljubac.ba\/product\/svet-bez-kraja\/#primaryimage"},"thumbnailUrl":"https:\/\/knjigoljubac.ba\/wp-content\/uploads\/2022\/05\/svet-bez-kraja-ken-folet_476726.jpg","datePublished":"2022-05-17T20:25:57+00:00","breadcrumb":{"@id":"https:\/\/knjigoljubac.ba\/product\/svet-bez-kraja\/#breadcrumb"},"inLanguage":"hr","potentialAction":[{"@type":"ReadAction","target":["https:\/\/knjigoljubac.ba\/product\/svet-bez-kraja\/"]}]},{"@type":"ImageObject","inLanguage":"hr","@id":"https:\/\/knjigoljubac.ba\/product\/svet-bez-kraja\/#primaryimage","url":"https:\/\/knjigoljubac.ba\/wp-content\/uploads\/2022\/05\/svet-bez-kraja-ken-folet_476726.jpg","contentUrl":"https:\/\/knjigoljubac.ba\/wp-content\/uploads\/2022\/05\/svet-bez-kraja-ken-folet_476726.jpg","width":160,"height":226},{"@type":"BreadcrumbList","@id":"https:\/\/knjigoljubac.ba\/product\/svet-bez-kraja\/#breadcrumb","itemListElement":[{"@type":"ListItem","position":1,"name":"Po\u010detna stranica","item":"https:\/\/knjigoljubac.ba\/"},{"@type":"ListItem","position":2,"name":"Trgovina","item":"https:\/\/knjigoljubac.ba\/trgovina\/"},{"@type":"ListItem","position":3,"name":"Svet bez kraja"}]},{"@type":"WebSite","@id":"https:\/\/knjigoljubac.ba\/#website","url":"https:\/\/knjigoljubac.ba\/","name":"KNJIGOLJUBAC","description":"Va\u0161a online knji\u017eara","publisher":{"@id":"https:\/\/knjigoljubac.ba\/#organization"},"potentialAction":[{"@type":"SearchAction","target":{"@type":"EntryPoint","urlTemplate":"https:\/\/knjigoljubac.ba\/?s={search_term_string}"},"query-input":{"@type":"PropertyValueSpecification","valueRequired":true,"valueName":"search_term_string"}}],"inLanguage":"hr"},{"@type":"Organization","@id":"https:\/\/knjigoljubac.ba\/#organization","name":"KNJIGOLJUBAC","url":"https:\/\/knjigoljubac.ba\/","logo":{"@type":"ImageObject","inLanguage":"hr","@id":"https:\/\/knjigoljubac.ba\/#\/schema\/logo\/image\/","url":"https:\/\/knjigoljubac.ba\/wp-content\/uploads\/2021\/09\/logo-novi-1024x465.png","contentUrl":"https:\/\/knjigoljubac.ba\/wp-content\/uploads\/2021\/09\/logo-novi-1024x465.png","width":1024,"height":465,"caption":"KNJIGOLJUBAC"},"image":{"@id":"https:\/\/knjigoljubac.ba\/#\/schema\/logo\/image\/"},"sameAs":["https:\/\/www.facebook.com\/knjigoljubacba-106067741319857\/?ref=pages_you_manage","https:\/\/www.instagram.com\/knjigoljubacbrcko\/"]}]}},"jetpack_sharing_enabled":true,"_links":{"self":[{"href":"https:\/\/knjigoljubac.ba\/hr\/wp-json\/wp\/v2\/product\/121743","targetHints":{"allow":["GET"]}}],"collection":[{"href":"https:\/\/knjigoljubac.ba\/hr\/wp-json\/wp\/v2\/product"}],"about":[{"href":"https:\/\/knjigoljubac.ba\/hr\/wp-json\/wp\/v2\/types\/product"}],"wp:featuredmedia":[{"embeddable":true,"href":"https:\/\/knjigoljubac.ba\/hr\/wp-json\/wp\/v2\/media\/121744"}],"wp:attachment":[{"href":"https:\/\/knjigoljubac.ba\/hr\/wp-json\/wp\/v2\/media?parent=121743"}],"wp:term":[{"taxonomy":"product_brand","embeddable":true,"href":"https:\/\/knjigoljubac.ba\/hr\/wp-json\/wp\/v2\/product_brand?post=121743"},{"taxonomy":"product_cat","embeddable":true,"href":"https:\/\/knjigoljubac.ba\/hr\/wp-json\/wp\/v2\/product_cat?post=121743"},{"taxonomy":"product_tag","embeddable":true,"href":"https:\/\/knjigoljubac.ba\/hr\/wp-json\/wp\/v2\/product_tag?post=121743"}],"curies":[{"name":"wp","href":"https:\/\/api.w.org\/{rel}","templated":true}]}}