{"id":121730,"date":"2022-05-14T09:26:37","date_gmt":"2022-05-14T09:26:37","guid":{"rendered":"https:\/\/knjigoljubac.ba\/?post_type=product&#038;p=121730"},"modified":"2022-05-14T09:26:37","modified_gmt":"2022-05-14T09:26:37","slug":"brcko-kroz-vjekove","status":"publish","type":"product","link":"https:\/\/knjigoljubac.ba\/hr\/product\/brcko-kroz-vjekove\/","title":{"rendered":"BR\u010cKO KROZ VJEKOVE"},"content":{"rendered":"<p>\u010citaoci \u0107e svakako u djelu <em>Br\u010dko kroz vjekove<\/em> dobiti sasvim pouzdane i provjerene podatke i o cjelini i promjenama smjenjivanja vlasti na Balkanskom poluostrvu prije svih na prostoru Bosne i Hercegovine i Br\u010dkom. Podatke kojima se tom prilikom slu\u017eio, autor je provjerio na osnovu vi\u0161e istorijskih dokumenata i ne samo iz usmenih hronika. Iako autor svoj rad ponekad boja\u017eljio naziva knji\u017eicom jer on nema, po njegovom skromnom uvjerenju, ve\u0107i broj strana koje imaju opse\u017enija istorijska djela. Istorija i istorijska spisateljska djelatnost nisu privilegija i rezervisana u djelokrugu samo profesionalnih istori\u010dara nego svih onih koji razvoj istorijskog dru\u0161tva posmatraju u njegovoj sveukupnosti. Ukoliko tako vidimo doprinos \u010dovje\u010danstva u velikom razdoblju i na sveukupnom uspjehu u \u010dovjekovoj djelatnosti sasvim \u0107emo ohrabrili sve one koji istra\u017euju doprinos \u010dovjeka op\u0161tem razvoju dru\u0161tva bilo u ve\u0107em ili manjem prostoru. Tako i njegova skromna izjava da je uradio knji\u017eicu o <em>Br\u010dkom kroz vjekove<\/em> prevazilazi to saznanje. On je zaista uradio djelo o <em>Br\u010dkom kroz vjekove<\/em> koje \u0107e zadovoljiti sve one koji \u017eele ne\u0161to znati o ovom naselju u dugom vremenskom razdoblju. \u0110uro Tankosi\u0107 \u0107e nas iznenaditi vrlo velikim brojem \u010dinjenica o Br\u010dkom koje je sakupio, provjerio i svjedo\u010dio da mu se ne mo\u017ee zamjeriti bilo koji zaklju\u010dak koji je iz njih izveo; sa punim povjerenjem mo\u017eemo usvojiti \u010dinjenice koje nam je na taj na\u010din saop\u0161tio.<\/p>\n<p>Akademik, Prof. dr. Galib \u0160ljivo<\/p>\n","protected":false},"excerpt":{"rendered":"<p>Autor: \u0110uro Tankosi\u0107<\/p>\n<p>Izdava\u010d: Knjigoljubac<\/p>\n<p>Br. str.: 70<\/p>\n<p>Uvez: Tvrdi<\/p>\n<p>Ilustrovano: color<\/p>\n","protected":false},"featured_media":121731,"template":"","meta":[],"product_brand":[],"product_cat":[279,325,287,326],"product_tag":[885,334],"class_list":{"0":"post-121730","1":"product","2":"type-product","3":"status-publish","4":"has-post-thumbnail","6":"product_cat-istorija","7":"product_cat-najnovije-u-knjizari","8":"product_cat-nasa-izdanja","9":"product_cat-preporuceno","10":"product_tag-brcko-duro-tankosic","11":"product_tag-knjigoljubac","13":"first","14":"instock","15":"taxable","16":"shipping-taxable","17":"purchasable","18":"product-type-simple"},"yoast_head":"<!-- This site is optimized with the Yoast SEO plugin v27.5 - https:\/\/yoast.com\/product\/yoast-seo-wordpress\/ -->\n<title>BR\u010cKO KROZ VJEKOVE - KNJIGOLJUBAC<\/title>\n<meta name=\"robots\" content=\"index, follow, max-snippet:-1, max-image-preview:large, max-video-preview:-1\" \/>\n<link rel=\"canonical\" href=\"https:\/\/knjigoljubac.ba\/hr\/product\/brcko-kroz-vjekove\/\" \/>\n<meta property=\"og:locale\" content=\"hr_HR\" \/>\n<meta property=\"og:type\" content=\"article\" \/>\n<meta property=\"og:title\" content=\"BR\u010cKO KROZ VJEKOVE - KNJIGOLJUBAC\" \/>\n<meta property=\"og:description\" content=\"Autor: \u0110uro Tankosi\u0107  Izdava\u010d: Knjigoljubac  Br. str.: 70  Uvez: Tvrdi  Ilustrovano: color\" \/>\n<meta property=\"og:url\" content=\"https:\/\/knjigoljubac.ba\/hr\/product\/brcko-kroz-vjekove\/\" \/>\n<meta property=\"og:site_name\" content=\"KNJIGOLJUBAC\" \/>\n<meta property=\"article:publisher\" content=\"https:\/\/www.facebook.com\/knjigoljubacba-106067741319857\/?ref=pages_you_manage\" \/>\n<meta property=\"og:image\" content=\"https:\/\/knjigoljubac.ba\/wp-content\/uploads\/2022\/05\/brcko-kroz-vjekove.jpg\" \/>\n\t<meta property=\"og:image:width\" content=\"160\" \/>\n\t<meta property=\"og:image:height\" content=\"226\" \/>\n\t<meta property=\"og:image:type\" content=\"image\/jpeg\" \/>\n<meta name=\"twitter:card\" content=\"summary_large_image\" \/>\n<meta name=\"twitter:label1\" content=\"Procijenjeno vrijeme \u010ditanja\" \/>\n\t<meta name=\"twitter:data1\" content=\"2 minute\" \/>\n<script type=\"application\/ld+json\" class=\"yoast-schema-graph\">{\"@context\":\"https:\\\/\\\/schema.org\",\"@graph\":[{\"@type\":\"WebPage\",\"@id\":\"https:\\\/\\\/knjigoljubac.ba\\\/product\\\/brcko-kroz-vjekove\\\/\",\"url\":\"https:\\\/\\\/knjigoljubac.ba\\\/product\\\/brcko-kroz-vjekove\\\/\",\"name\":\"BR\u010cKO KROZ VJEKOVE - KNJIGOLJUBAC\",\"isPartOf\":{\"@id\":\"https:\\\/\\\/knjigoljubac.ba\\\/#website\"},\"primaryImageOfPage\":{\"@id\":\"https:\\\/\\\/knjigoljubac.ba\\\/product\\\/brcko-kroz-vjekove\\\/#primaryimage\"},\"image\":{\"@id\":\"https:\\\/\\\/knjigoljubac.ba\\\/product\\\/brcko-kroz-vjekove\\\/#primaryimage\"},\"thumbnailUrl\":\"https:\\\/\\\/knjigoljubac.ba\\\/wp-content\\\/uploads\\\/2022\\\/05\\\/brcko-kroz-vjekove.jpg\",\"datePublished\":\"2022-05-14T09:26:37+00:00\",\"breadcrumb\":{\"@id\":\"https:\\\/\\\/knjigoljubac.ba\\\/product\\\/brcko-kroz-vjekove\\\/#breadcrumb\"},\"inLanguage\":\"hr\",\"potentialAction\":[{\"@type\":\"ReadAction\",\"target\":[\"https:\\\/\\\/knjigoljubac.ba\\\/product\\\/brcko-kroz-vjekove\\\/\"]}]},{\"@type\":\"ImageObject\",\"inLanguage\":\"hr\",\"@id\":\"https:\\\/\\\/knjigoljubac.ba\\\/product\\\/brcko-kroz-vjekove\\\/#primaryimage\",\"url\":\"https:\\\/\\\/knjigoljubac.ba\\\/wp-content\\\/uploads\\\/2022\\\/05\\\/brcko-kroz-vjekove.jpg\",\"contentUrl\":\"https:\\\/\\\/knjigoljubac.ba\\\/wp-content\\\/uploads\\\/2022\\\/05\\\/brcko-kroz-vjekove.jpg\",\"width\":160,\"height\":226},{\"@type\":\"BreadcrumbList\",\"@id\":\"https:\\\/\\\/knjigoljubac.ba\\\/product\\\/brcko-kroz-vjekove\\\/#breadcrumb\",\"itemListElement\":[{\"@type\":\"ListItem\",\"position\":1,\"name\":\"Po\u010detna stranica\",\"item\":\"https:\\\/\\\/knjigoljubac.ba\\\/\"},{\"@type\":\"ListItem\",\"position\":2,\"name\":\"Trgovina\",\"item\":\"https:\\\/\\\/knjigoljubac.ba\\\/trgovina\\\/\"},{\"@type\":\"ListItem\",\"position\":3,\"name\":\"BR\u010cKO KROZ VJEKOVE\"}]},{\"@type\":\"WebSite\",\"@id\":\"https:\\\/\\\/knjigoljubac.ba\\\/#website\",\"url\":\"https:\\\/\\\/knjigoljubac.ba\\\/\",\"name\":\"KNJIGOLJUBAC\",\"description\":\"Va\u0161a online knji\u017eara\",\"publisher\":{\"@id\":\"https:\\\/\\\/knjigoljubac.ba\\\/#organization\"},\"potentialAction\":[{\"@type\":\"SearchAction\",\"target\":{\"@type\":\"EntryPoint\",\"urlTemplate\":\"https:\\\/\\\/knjigoljubac.ba\\\/?s={search_term_string}\"},\"query-input\":{\"@type\":\"PropertyValueSpecification\",\"valueRequired\":true,\"valueName\":\"search_term_string\"}}],\"inLanguage\":\"hr\"},{\"@type\":\"Organization\",\"@id\":\"https:\\\/\\\/knjigoljubac.ba\\\/#organization\",\"name\":\"KNJIGOLJUBAC\",\"url\":\"https:\\\/\\\/knjigoljubac.ba\\\/\",\"logo\":{\"@type\":\"ImageObject\",\"inLanguage\":\"hr\",\"@id\":\"https:\\\/\\\/knjigoljubac.ba\\\/#\\\/schema\\\/logo\\\/image\\\/\",\"url\":\"https:\\\/\\\/knjigoljubac.ba\\\/wp-content\\\/uploads\\\/2021\\\/09\\\/logo-novi-1024x465.png\",\"contentUrl\":\"https:\\\/\\\/knjigoljubac.ba\\\/wp-content\\\/uploads\\\/2021\\\/09\\\/logo-novi-1024x465.png\",\"width\":1024,\"height\":465,\"caption\":\"KNJIGOLJUBAC\"},\"image\":{\"@id\":\"https:\\\/\\\/knjigoljubac.ba\\\/#\\\/schema\\\/logo\\\/image\\\/\"},\"sameAs\":[\"https:\\\/\\\/www.facebook.com\\\/knjigoljubacba-106067741319857\\\/?ref=pages_you_manage\",\"https:\\\/\\\/www.instagram.com\\\/knjigoljubacbrcko\\\/\"]}]}<\/script>\n<!-- \/ Yoast SEO plugin. -->","yoast_head_json":{"title":"BR\u010cKO KROZ VJEKOVE - KNJIGOLJUBAC","robots":{"index":"index","follow":"follow","max-snippet":"max-snippet:-1","max-image-preview":"max-image-preview:large","max-video-preview":"max-video-preview:-1"},"canonical":"https:\/\/knjigoljubac.ba\/hr\/product\/brcko-kroz-vjekove\/","og_locale":"hr_HR","og_type":"article","og_title":"BR\u010cKO KROZ VJEKOVE - KNJIGOLJUBAC","og_description":"Autor: \u0110uro Tankosi\u0107  Izdava\u010d: Knjigoljubac  Br. str.: 70  Uvez: Tvrdi  Ilustrovano: color","og_url":"https:\/\/knjigoljubac.ba\/hr\/product\/brcko-kroz-vjekove\/","og_site_name":"KNJIGOLJUBAC","article_publisher":"https:\/\/www.facebook.com\/knjigoljubacba-106067741319857\/?ref=pages_you_manage","og_image":[{"width":160,"height":226,"url":"https:\/\/knjigoljubac.ba\/wp-content\/uploads\/2022\/05\/brcko-kroz-vjekove.jpg","type":"image\/jpeg"}],"twitter_card":"summary_large_image","twitter_misc":{"Procijenjeno vrijeme \u010ditanja":"2 minute"},"schema":{"@context":"https:\/\/schema.org","@graph":[{"@type":"WebPage","@id":"https:\/\/knjigoljubac.ba\/product\/brcko-kroz-vjekove\/","url":"https:\/\/knjigoljubac.ba\/product\/brcko-kroz-vjekove\/","name":"BR\u010cKO KROZ VJEKOVE - KNJIGOLJUBAC","isPartOf":{"@id":"https:\/\/knjigoljubac.ba\/#website"},"primaryImageOfPage":{"@id":"https:\/\/knjigoljubac.ba\/product\/brcko-kroz-vjekove\/#primaryimage"},"image":{"@id":"https:\/\/knjigoljubac.ba\/product\/brcko-kroz-vjekove\/#primaryimage"},"thumbnailUrl":"https:\/\/knjigoljubac.ba\/wp-content\/uploads\/2022\/05\/brcko-kroz-vjekove.jpg","datePublished":"2022-05-14T09:26:37+00:00","breadcrumb":{"@id":"https:\/\/knjigoljubac.ba\/product\/brcko-kroz-vjekove\/#breadcrumb"},"inLanguage":"hr","potentialAction":[{"@type":"ReadAction","target":["https:\/\/knjigoljubac.ba\/product\/brcko-kroz-vjekove\/"]}]},{"@type":"ImageObject","inLanguage":"hr","@id":"https:\/\/knjigoljubac.ba\/product\/brcko-kroz-vjekove\/#primaryimage","url":"https:\/\/knjigoljubac.ba\/wp-content\/uploads\/2022\/05\/brcko-kroz-vjekove.jpg","contentUrl":"https:\/\/knjigoljubac.ba\/wp-content\/uploads\/2022\/05\/brcko-kroz-vjekove.jpg","width":160,"height":226},{"@type":"BreadcrumbList","@id":"https:\/\/knjigoljubac.ba\/product\/brcko-kroz-vjekove\/#breadcrumb","itemListElement":[{"@type":"ListItem","position":1,"name":"Po\u010detna stranica","item":"https:\/\/knjigoljubac.ba\/"},{"@type":"ListItem","position":2,"name":"Trgovina","item":"https:\/\/knjigoljubac.ba\/trgovina\/"},{"@type":"ListItem","position":3,"name":"BR\u010cKO KROZ VJEKOVE"}]},{"@type":"WebSite","@id":"https:\/\/knjigoljubac.ba\/#website","url":"https:\/\/knjigoljubac.ba\/","name":"KNJIGOLJUBAC","description":"Va\u0161a online knji\u017eara","publisher":{"@id":"https:\/\/knjigoljubac.ba\/#organization"},"potentialAction":[{"@type":"SearchAction","target":{"@type":"EntryPoint","urlTemplate":"https:\/\/knjigoljubac.ba\/?s={search_term_string}"},"query-input":{"@type":"PropertyValueSpecification","valueRequired":true,"valueName":"search_term_string"}}],"inLanguage":"hr"},{"@type":"Organization","@id":"https:\/\/knjigoljubac.ba\/#organization","name":"KNJIGOLJUBAC","url":"https:\/\/knjigoljubac.ba\/","logo":{"@type":"ImageObject","inLanguage":"hr","@id":"https:\/\/knjigoljubac.ba\/#\/schema\/logo\/image\/","url":"https:\/\/knjigoljubac.ba\/wp-content\/uploads\/2021\/09\/logo-novi-1024x465.png","contentUrl":"https:\/\/knjigoljubac.ba\/wp-content\/uploads\/2021\/09\/logo-novi-1024x465.png","width":1024,"height":465,"caption":"KNJIGOLJUBAC"},"image":{"@id":"https:\/\/knjigoljubac.ba\/#\/schema\/logo\/image\/"},"sameAs":["https:\/\/www.facebook.com\/knjigoljubacba-106067741319857\/?ref=pages_you_manage","https:\/\/www.instagram.com\/knjigoljubacbrcko\/"]}]}},"jetpack_sharing_enabled":true,"_links":{"self":[{"href":"https:\/\/knjigoljubac.ba\/hr\/wp-json\/wp\/v2\/product\/121730","targetHints":{"allow":["GET"]}}],"collection":[{"href":"https:\/\/knjigoljubac.ba\/hr\/wp-json\/wp\/v2\/product"}],"about":[{"href":"https:\/\/knjigoljubac.ba\/hr\/wp-json\/wp\/v2\/types\/product"}],"wp:featuredmedia":[{"embeddable":true,"href":"https:\/\/knjigoljubac.ba\/hr\/wp-json\/wp\/v2\/media\/121731"}],"wp:attachment":[{"href":"https:\/\/knjigoljubac.ba\/hr\/wp-json\/wp\/v2\/media?parent=121730"}],"wp:term":[{"taxonomy":"product_brand","embeddable":true,"href":"https:\/\/knjigoljubac.ba\/hr\/wp-json\/wp\/v2\/product_brand?post=121730"},{"taxonomy":"product_cat","embeddable":true,"href":"https:\/\/knjigoljubac.ba\/hr\/wp-json\/wp\/v2\/product_cat?post=121730"},{"taxonomy":"product_tag","embeddable":true,"href":"https:\/\/knjigoljubac.ba\/hr\/wp-json\/wp\/v2\/product_tag?post=121730"}],"curies":[{"name":"wp","href":"https:\/\/api.w.org\/{rel}","templated":true}]}}