{"id":12159,"date":"2021-01-09T13:48:41","date_gmt":"2021-01-09T13:48:41","guid":{"rendered":"https:\/\/knjigoljubac.ba\/?post_type=product&#038;p=12159"},"modified":"2021-01-09T13:48:41","modified_gmt":"2021-01-09T13:48:41","slug":"iza-bijega","status":"publish","type":"product","link":"https:\/\/knjigoljubac.ba\/hr\/product\/iza-bijega\/","title":{"rendered":"Iza bijega"},"content":{"rendered":"<p>Postoji u knji\u017eevnom stvaranju Nikole Trojanova jedna vrsta pronicljivosti koja ponire u stvarnost sa mnogo ve\u0107om mjerom nego \u0161to tradicionalna knji\u017eevnost zahtijeva. Ona\u00a0odi\u0161e jakim socijalnim kontekstom ali i filozoskim vi\u0111enjem vijeka (XX) koji su obilje\u017eili egzilanati, disidenti, bjegunci, izbjeglice, prognanici. Divljenja vrijedna je njegova inspiracija jednom od najtu\u017enijih i najnehumanijih dru\u0161tvenih pojava koja je proistekla iz umno\u017eavanja totalitarnih re\u017eima, o\u017eivljavanja rasizma, nacionalizma i \u0161ovinizma, izrabljivanja i dehumanizacije siroma\u0161nih, podstrekivanja vjerskih netrpeljivosti do stupnja neokrsta\u0161kih ratova. Zbog svega toga njegovi tekstovi nose u sebi znatnu gor\u010dinu razo\u010daranja, ali i eti\u010dko upori\u0161te koje \u017eeli popraviti svijet, ma kako se i ma koliko se to eti\u010dko upori\u0161te, ta kula branilja, \u010dinila \u010distom utopijom.<\/p>\n<p>Knji\u017eevni opus Nikole Trojanova\u00a0 zapravo je jedna vrsta nemirenja sa haosom historije i posljedicama tog haosa. On knji\u017eevnost\u00a0 shvata, izme\u0111u ostalog, i kao sredstvo da se intervenira u svijetu zbilje kako bi do\u0161lo do koliko-toliko podno\u0161ljivog odnosa izme\u0111u stvarnosti i pojedinca, u ovom slu\u010daju bi\u0107a izbjegli\u010dkog, emigrantskog, prognani\u010dkog i svijeta u koji dolazi, \u017eu\u0111enog ili slu\u010dajnog svijeta u kome treba prona\u0107i spas, mir, budu\u0107nost. Jer umjetni\u010dki tekst nije drugo do ogledalo u kojem se zrcale sve pojavnosti svijeta i dru\u0161tva, a kada se ima na umu \u010dinjenica da povr\u0161inu ogledala Trojanov usmjerava na njihove tamne strane kao i da se i s\u00e2m nalazi pod njihovim okriljem u egzistencijalnoj i stvarala\u010dkoj usamljenosti, onda nimalo ne \u010dudi ton njegovih ironijskih i kriti\u010dkih opservacija.<\/p>\n","protected":false},"excerpt":{"rendered":"<p>Auor: Nikola Trojanov<\/p>\n<p>\u017danr: Proza<\/p>\n<p>Uvez: meki<\/p>\n<p>Broj strana:108<\/p>\n<p>Izdava\u010d: Connectum<\/p>\n<p>Godina izdanja 2020.<\/p>\n","protected":false},"featured_media":12160,"template":"","meta":[],"product_brand":[],"product_cat":[299,325,326,301],"product_tag":[685,481,684],"class_list":{"0":"post-12159","1":"product","2":"type-product","3":"status-publish","4":"has-post-thumbnail","6":"product_cat-bestseleri","7":"product_cat-najnovije-u-knjizari","8":"product_cat-preporuceno","9":"product_cat-proza","10":"product_tag-iza-bijega","11":"product_tag-knjigoljubac-ba","12":"product_tag-nikola-trojanov","14":"first","15":"instock","16":"sale","17":"taxable","18":"shipping-taxable","19":"purchasable","20":"product-type-simple"},"yoast_head":"<!-- This site is optimized with the Yoast SEO plugin v27.5 - https:\/\/yoast.com\/product\/yoast-seo-wordpress\/ -->\n<title>Iza bijega - KNJIGOLJUBAC<\/title>\n<meta name=\"robots\" content=\"index, follow, max-snippet:-1, max-image-preview:large, max-video-preview:-1\" \/>\n<link rel=\"canonical\" href=\"https:\/\/knjigoljubac.ba\/hr\/product\/iza-bijega\/\" \/>\n<meta property=\"og:locale\" content=\"hr_HR\" \/>\n<meta property=\"og:type\" content=\"article\" \/>\n<meta property=\"og:title\" content=\"Iza bijega - KNJIGOLJUBAC\" \/>\n<meta property=\"og:description\" content=\"Auor: Nikola Trojanov  \u017danr: Proza  Uvez: meki  Broj strana:108  Izdava\u010d: Connectum  Godina izdanja 2020.\" \/>\n<meta property=\"og:url\" content=\"https:\/\/knjigoljubac.ba\/hr\/product\/iza-bijega\/\" \/>\n<meta property=\"og:site_name\" content=\"KNJIGOLJUBAC\" \/>\n<meta property=\"article:publisher\" content=\"https:\/\/www.facebook.com\/knjigoljubacba-106067741319857\/?ref=pages_you_manage\" \/>\n<meta property=\"og:image\" content=\"https:\/\/knjigoljubac.ba\/wp-content\/uploads\/2021\/01\/iza_bijega.jpg\" \/>\n\t<meta property=\"og:image:width\" content=\"160\" \/>\n\t<meta property=\"og:image:height\" content=\"264\" \/>\n\t<meta property=\"og:image:type\" content=\"image\/jpeg\" \/>\n<meta name=\"twitter:card\" content=\"summary_large_image\" \/>\n<meta name=\"twitter:label1\" content=\"Procijenjeno vrijeme \u010ditanja\" \/>\n\t<meta name=\"twitter:data1\" content=\"1 minuta\" \/>\n<script type=\"application\/ld+json\" class=\"yoast-schema-graph\">{\"@context\":\"https:\\\/\\\/schema.org\",\"@graph\":[{\"@type\":\"WebPage\",\"@id\":\"https:\\\/\\\/knjigoljubac.ba\\\/bs\\\/product\\\/iza-bijega\\\/\",\"url\":\"https:\\\/\\\/knjigoljubac.ba\\\/bs\\\/product\\\/iza-bijega\\\/\",\"name\":\"Iza bijega - KNJIGOLJUBAC\",\"isPartOf\":{\"@id\":\"https:\\\/\\\/knjigoljubac.ba\\\/#website\"},\"primaryImageOfPage\":{\"@id\":\"https:\\\/\\\/knjigoljubac.ba\\\/bs\\\/product\\\/iza-bijega\\\/#primaryimage\"},\"image\":{\"@id\":\"https:\\\/\\\/knjigoljubac.ba\\\/bs\\\/product\\\/iza-bijega\\\/#primaryimage\"},\"thumbnailUrl\":\"https:\\\/\\\/knjigoljubac.ba\\\/wp-content\\\/uploads\\\/2021\\\/01\\\/iza_bijega.jpg\",\"datePublished\":\"2021-01-09T13:48:41+00:00\",\"breadcrumb\":{\"@id\":\"https:\\\/\\\/knjigoljubac.ba\\\/bs\\\/product\\\/iza-bijega\\\/#breadcrumb\"},\"inLanguage\":\"hr\",\"potentialAction\":[{\"@type\":\"ReadAction\",\"target\":[\"https:\\\/\\\/knjigoljubac.ba\\\/bs\\\/product\\\/iza-bijega\\\/\"]}]},{\"@type\":\"ImageObject\",\"inLanguage\":\"hr\",\"@id\":\"https:\\\/\\\/knjigoljubac.ba\\\/bs\\\/product\\\/iza-bijega\\\/#primaryimage\",\"url\":\"https:\\\/\\\/knjigoljubac.ba\\\/wp-content\\\/uploads\\\/2021\\\/01\\\/iza_bijega.jpg\",\"contentUrl\":\"https:\\\/\\\/knjigoljubac.ba\\\/wp-content\\\/uploads\\\/2021\\\/01\\\/iza_bijega.jpg\",\"width\":160,\"height\":264},{\"@type\":\"BreadcrumbList\",\"@id\":\"https:\\\/\\\/knjigoljubac.ba\\\/bs\\\/product\\\/iza-bijega\\\/#breadcrumb\",\"itemListElement\":[{\"@type\":\"ListItem\",\"position\":1,\"name\":\"Po\u010detna stranica\",\"item\":\"https:\\\/\\\/knjigoljubac.ba\\\/\"},{\"@type\":\"ListItem\",\"position\":2,\"name\":\"Trgovina\",\"item\":\"https:\\\/\\\/knjigoljubac.ba\\\/trgovina\\\/\"},{\"@type\":\"ListItem\",\"position\":3,\"name\":\"Iza bijega\"}]},{\"@type\":\"WebSite\",\"@id\":\"https:\\\/\\\/knjigoljubac.ba\\\/#website\",\"url\":\"https:\\\/\\\/knjigoljubac.ba\\\/\",\"name\":\"KNJIGOLJUBAC\",\"description\":\"Va\u0161a online knji\u017eara\",\"publisher\":{\"@id\":\"https:\\\/\\\/knjigoljubac.ba\\\/#organization\"},\"potentialAction\":[{\"@type\":\"SearchAction\",\"target\":{\"@type\":\"EntryPoint\",\"urlTemplate\":\"https:\\\/\\\/knjigoljubac.ba\\\/?s={search_term_string}\"},\"query-input\":{\"@type\":\"PropertyValueSpecification\",\"valueRequired\":true,\"valueName\":\"search_term_string\"}}],\"inLanguage\":\"hr\"},{\"@type\":\"Organization\",\"@id\":\"https:\\\/\\\/knjigoljubac.ba\\\/#organization\",\"name\":\"KNJIGOLJUBAC\",\"url\":\"https:\\\/\\\/knjigoljubac.ba\\\/\",\"logo\":{\"@type\":\"ImageObject\",\"inLanguage\":\"hr\",\"@id\":\"https:\\\/\\\/knjigoljubac.ba\\\/#\\\/schema\\\/logo\\\/image\\\/\",\"url\":\"https:\\\/\\\/knjigoljubac.ba\\\/wp-content\\\/uploads\\\/2021\\\/09\\\/logo-novi-1024x465.png\",\"contentUrl\":\"https:\\\/\\\/knjigoljubac.ba\\\/wp-content\\\/uploads\\\/2021\\\/09\\\/logo-novi-1024x465.png\",\"width\":1024,\"height\":465,\"caption\":\"KNJIGOLJUBAC\"},\"image\":{\"@id\":\"https:\\\/\\\/knjigoljubac.ba\\\/#\\\/schema\\\/logo\\\/image\\\/\"},\"sameAs\":[\"https:\\\/\\\/www.facebook.com\\\/knjigoljubacba-106067741319857\\\/?ref=pages_you_manage\",\"https:\\\/\\\/www.instagram.com\\\/knjigoljubacbrcko\\\/\"]}]}<\/script>\n<!-- \/ Yoast SEO plugin. -->","yoast_head_json":{"title":"Iza bijega - KNJIGOLJUBAC","robots":{"index":"index","follow":"follow","max-snippet":"max-snippet:-1","max-image-preview":"max-image-preview:large","max-video-preview":"max-video-preview:-1"},"canonical":"https:\/\/knjigoljubac.ba\/hr\/product\/iza-bijega\/","og_locale":"hr_HR","og_type":"article","og_title":"Iza bijega - KNJIGOLJUBAC","og_description":"Auor: Nikola Trojanov  \u017danr: Proza  Uvez: meki  Broj strana:108  Izdava\u010d: Connectum  Godina izdanja 2020.","og_url":"https:\/\/knjigoljubac.ba\/hr\/product\/iza-bijega\/","og_site_name":"KNJIGOLJUBAC","article_publisher":"https:\/\/www.facebook.com\/knjigoljubacba-106067741319857\/?ref=pages_you_manage","og_image":[{"width":160,"height":264,"url":"https:\/\/knjigoljubac.ba\/wp-content\/uploads\/2021\/01\/iza_bijega.jpg","type":"image\/jpeg"}],"twitter_card":"summary_large_image","twitter_misc":{"Procijenjeno vrijeme \u010ditanja":"1 minuta"},"schema":{"@context":"https:\/\/schema.org","@graph":[{"@type":"WebPage","@id":"https:\/\/knjigoljubac.ba\/bs\/product\/iza-bijega\/","url":"https:\/\/knjigoljubac.ba\/bs\/product\/iza-bijega\/","name":"Iza bijega - KNJIGOLJUBAC","isPartOf":{"@id":"https:\/\/knjigoljubac.ba\/#website"},"primaryImageOfPage":{"@id":"https:\/\/knjigoljubac.ba\/bs\/product\/iza-bijega\/#primaryimage"},"image":{"@id":"https:\/\/knjigoljubac.ba\/bs\/product\/iza-bijega\/#primaryimage"},"thumbnailUrl":"https:\/\/knjigoljubac.ba\/wp-content\/uploads\/2021\/01\/iza_bijega.jpg","datePublished":"2021-01-09T13:48:41+00:00","breadcrumb":{"@id":"https:\/\/knjigoljubac.ba\/bs\/product\/iza-bijega\/#breadcrumb"},"inLanguage":"hr","potentialAction":[{"@type":"ReadAction","target":["https:\/\/knjigoljubac.ba\/bs\/product\/iza-bijega\/"]}]},{"@type":"ImageObject","inLanguage":"hr","@id":"https:\/\/knjigoljubac.ba\/bs\/product\/iza-bijega\/#primaryimage","url":"https:\/\/knjigoljubac.ba\/wp-content\/uploads\/2021\/01\/iza_bijega.jpg","contentUrl":"https:\/\/knjigoljubac.ba\/wp-content\/uploads\/2021\/01\/iza_bijega.jpg","width":160,"height":264},{"@type":"BreadcrumbList","@id":"https:\/\/knjigoljubac.ba\/bs\/product\/iza-bijega\/#breadcrumb","itemListElement":[{"@type":"ListItem","position":1,"name":"Po\u010detna stranica","item":"https:\/\/knjigoljubac.ba\/"},{"@type":"ListItem","position":2,"name":"Trgovina","item":"https:\/\/knjigoljubac.ba\/trgovina\/"},{"@type":"ListItem","position":3,"name":"Iza bijega"}]},{"@type":"WebSite","@id":"https:\/\/knjigoljubac.ba\/#website","url":"https:\/\/knjigoljubac.ba\/","name":"KNJIGOLJUBAC","description":"Va\u0161a online knji\u017eara","publisher":{"@id":"https:\/\/knjigoljubac.ba\/#organization"},"potentialAction":[{"@type":"SearchAction","target":{"@type":"EntryPoint","urlTemplate":"https:\/\/knjigoljubac.ba\/?s={search_term_string}"},"query-input":{"@type":"PropertyValueSpecification","valueRequired":true,"valueName":"search_term_string"}}],"inLanguage":"hr"},{"@type":"Organization","@id":"https:\/\/knjigoljubac.ba\/#organization","name":"KNJIGOLJUBAC","url":"https:\/\/knjigoljubac.ba\/","logo":{"@type":"ImageObject","inLanguage":"hr","@id":"https:\/\/knjigoljubac.ba\/#\/schema\/logo\/image\/","url":"https:\/\/knjigoljubac.ba\/wp-content\/uploads\/2021\/09\/logo-novi-1024x465.png","contentUrl":"https:\/\/knjigoljubac.ba\/wp-content\/uploads\/2021\/09\/logo-novi-1024x465.png","width":1024,"height":465,"caption":"KNJIGOLJUBAC"},"image":{"@id":"https:\/\/knjigoljubac.ba\/#\/schema\/logo\/image\/"},"sameAs":["https:\/\/www.facebook.com\/knjigoljubacba-106067741319857\/?ref=pages_you_manage","https:\/\/www.instagram.com\/knjigoljubacbrcko\/"]}]}},"jetpack_sharing_enabled":true,"_links":{"self":[{"href":"https:\/\/knjigoljubac.ba\/hr\/wp-json\/wp\/v2\/product\/12159","targetHints":{"allow":["GET"]}}],"collection":[{"href":"https:\/\/knjigoljubac.ba\/hr\/wp-json\/wp\/v2\/product"}],"about":[{"href":"https:\/\/knjigoljubac.ba\/hr\/wp-json\/wp\/v2\/types\/product"}],"wp:featuredmedia":[{"embeddable":true,"href":"https:\/\/knjigoljubac.ba\/hr\/wp-json\/wp\/v2\/media\/12160"}],"wp:attachment":[{"href":"https:\/\/knjigoljubac.ba\/hr\/wp-json\/wp\/v2\/media?parent=12159"}],"wp:term":[{"taxonomy":"product_brand","embeddable":true,"href":"https:\/\/knjigoljubac.ba\/hr\/wp-json\/wp\/v2\/product_brand?post=12159"},{"taxonomy":"product_cat","embeddable":true,"href":"https:\/\/knjigoljubac.ba\/hr\/wp-json\/wp\/v2\/product_cat?post=12159"},{"taxonomy":"product_tag","embeddable":true,"href":"https:\/\/knjigoljubac.ba\/hr\/wp-json\/wp\/v2\/product_tag?post=12159"}],"curies":[{"name":"wp","href":"https:\/\/api.w.org\/{rel}","templated":true}]}}