{"id":12115,"date":"2020-12-26T16:49:26","date_gmt":"2020-12-26T16:49:26","guid":{"rendered":"https:\/\/knjigoljubac.ba\/?post_type=product&#038;p=12115"},"modified":"2020-12-26T16:49:26","modified_gmt":"2020-12-26T16:49:26","slug":"antologija-bosnjacke-poezije-u-redakciji-almira-zalihica-ismet-rebronja","status":"publish","type":"product","link":"https:\/\/knjigoljubac.ba\/hr\/product\/antologija-bosnjacke-poezije-u-redakciji-almira-zalihica-ismet-rebronja\/","title":{"rendered":"ANTOLOGIJA BO\u0160NJA\u010cKE POEZIJE U REDAKCIJI ALMIRA ZALIHI\u0106A \u2013 Ismet Rebronja"},"content":{"rendered":"<h2 class=\"has-medium-font-size\"><strong>Ismet Rebronja\u00a0 (Godu\u0161a, Bijelo Polje, 1942. \u2013 Novi Pazar, 2006.)<\/strong><\/h2>\n<p>Rebronjino pjevanje jednim je dijelom satkano od zaboravljenih skaski, neobi\u010dnih bi\u0107a i predmeta koji u sebi kriju neslu\u0107enu simboliku i on ih vinuv\u0161i u \u0161ire vremenske prostore pribli\u017eava suvremenosti tako \u0161to ih osloba\u0111a njihovih gotovo okamenjenih zna\u010denja, da bi ih, o\u017eivljene i modificirane u\u010dinio medijima za lirsko kazivanje i vi\u0111enje; dok je, s druge strane, aktuelno specifi\u010dno poimanje historijske svijesti, osobeno i vrlo rijetko u jugoslavenskim knji\u017eevnostima. U promatranju historijske pro\u0161losti svoga naroda, koje ima smisla ako odre\u0111uje i obja\u0161njava sada\u0161njost ili tu istu sada\u0161njost na jedan stvarala\u010dki na\u010din prevazilazi, Ismet Rebronja,\u00a0 opredijelio se za ono \u0161to je su\u0161tinsko iskustvo; dakle, nema sentimentalnog, pateti\u010dnog lamentiranja nad pro\u0161lo\u0161\u0107u ve\u0107 se o njoj govori sa izvjesnom ironi\u010dnom distancom. Smatraju\u0107i da historija balkanskog tla ima neke zakonitosti koje se odnose i na historiju bo\u0161nja\u010dkog naroda, Rebronja sudbinu svoga naroda posmatra kroz sudbinu tla na kome je on desetak i vi\u0161e vijekova nastanjen. Na tom balkanskom tlu, Rebronja pri\u010da o narodu koji se suo\u010davao sa svim zlim vjetrovima, sa svim nepogodama koje su tutnjale, sa svim burama koje su nailazile i prolazile, sa svim mijenama koje su odre\u0111ivale njegovo sveukupno tragi\u010dno iskustvo. Savremenost je postala na taj na\u010din odre\u0111ena pro\u0161lost, mijenjali su se okviri \u017eivljenja, ali je sudbina \u017eivljenja ostajala ista. Jedna ista historijska situacija na Balkanu ponavljala se kroz vijekove. Nosioci i tvorci historije imali su razli\u010dita imena i razli\u010dite ambleme, mitovi su prelazili sa jedne li\u010dnosti na drugu, ali se ishod historije kretao u jednom pravcu koji je mogao da se predvidi i koji je istovremeno bio nepredvidiv. S jednim tako jasno i precizno formiranim osje\u0107anjem historije i tradicije, Ismet Rebronja je o pro\u0161losti mogao govoriti bez povi\u0161enog tona i bez patosa, sa reskom linijom ironije u intonaciji.<\/p>\n<p>U novim pjesmama Ismeta Rebronje vrijeme pro\u0161lo i vrijeme sada\u0161nje nisu dvije razli\u010dite stvari. U tim pjesmama zbiva se jedno, ovo na\u0161e, vrijeme. Tlo na kome \u017eivimo, tlo je starih civilizacija, ratova, buna i revolucija, njega su pohodili kuga i glad, isto tako kao \u0161to su ga pohodila zla u ljudskom obli\u010dju. Mitovi koji su nastajali su dio svakida\u0161njeg \u017eivota i granica izme\u0111u stvarnog i nestvarnog nikada nije mogla jasno da se povu\u010de. Kao \u0161to sve prolazi ali nikada ne mo\u017ee pro\u0107i jer ostaje u svijesti, Rebronja ukazuje na historijsku situaciju \u010dovjeka na\u0161eg vremena koji se suo\u010dava sa iracionalnim tendencijama zla koje \u017eele da ga satru u prah i pepeo.<\/p>\n<p>&nbsp;<\/p>\n<p><strong>PRE\u0106I PREKO LIMA<\/strong><\/p>\n<p>I<\/p>\n<p>Lim ima boju ukvarenog testa. Lim je<br \/>\nop\u0161tost vode. Besciljna koli\u010dina. Postoje<br \/>\ni takvi ljudi koji u vodi limskoj vide<br \/>\nsvadbe riblje, glave luda\u010dke, \u0161oferske.<br \/>\nDrugi pak ne mogu Lim da premoste, jer su<br \/>\nla\u0111e uklonjene, la\u0111ari zaspali. Ima la\u0111ara<br \/>\nkoji su zaboravili da su la\u0111ari i la\u0111ara<br \/>\nkoji su nestali.<br \/>\nJa nikako da pre\u0111em na drugu obalu Lima.<br \/>\nNe dozvoljavaju mi kre\u010dari, predmeti, sedi<br \/>\nprofesori, konjokradice, mutavci, krda,<br \/>\nvika\u010di,<br \/>\nhajka\u010di koji izgone zveri,<br \/>\na one be\u017ee iznad lipa, iznad njiva.<br \/>\nPoku\u0161avam da preplivam, ometaju me<br \/>\nbelou\u0161ke,<br \/>\n\u010dak i otrovnice<br \/>\nMolim la\u0111are, la\u0111ara nema,<br \/>\nneki su oti\u0161li na more.<\/p>\n<p>II<\/p>\n<p>Kako pre\u0107i Lim, pitam goni\u010de,<br \/>\npitam kirid\u017eije,<br \/>\nprodavce duhana, prodavce soli pitam,<br \/>\nproizvo\u0111a\u010de brezovih metli<br \/>\nsa trgova gospodskih,<br \/>\nsvira\u010de, kradljivce zvona, \u010duvare stada pitam.<br \/>\nKako pre\u0107i Lim.<br \/>\nI niko ni\u0161ta ne\u0107e da mi ka\u017ee.<br \/>\nNe\u0107e da ka\u017eu konjanici, trka\u010di, ko\u010dija\u0161i,<br \/>\ndrvose\u010de.<br \/>\nNe\u0107e da ka\u017eu skuplja\u010di fotografija<br \/>\nza uveli\u010davanje.<br \/>\nNe\u0107e karavlasi, niti njihove igle, brdila, sita,<br \/>\nvretena, njihov majmun.<br \/>\nNe\u0107e da ka\u017eu zadru\u017eni \u010dobani,<br \/>\nne\u0107e merino ovce, ne\u0107e.<br \/>\nNe\u0107e sve\u0161tenici, ne\u0107e upravnik po\u0161te,<br \/>\nsef ne\u0107e,<br \/>\nkancelarije ne\u0107e.<br \/>\nVodeni\u010dari ne\u0107e. Lim ne mogu da pre\u0111em.<\/p>\n<p>III<\/p>\n<p>Ne\u0107e.<br \/>\nNe\u0107e<br \/>\nsvadbari,<br \/>\nNemci,<br \/>\nne\u0107e<br \/>\nkumovi s Rude\u0161a, ne\u0107e,<br \/>\niznose so i krevete iza baraka,<br \/>\niznose olovo, \u017eicu, otpad,<br \/>\nnose ku\u0107ama,<br \/>\ngrade avliju.<br \/>\nNe\u0107e ro\u0111aci s Taluma, smiruju \u017eene<br \/>\n\u0161to psuju musta\u0107e bajraktarske,<br \/>\noficire stare staja\u0107e vojske.<br \/>\nNe\u0107e<br \/>\nprosilje devoja\u010dke,<br \/>\nzavrzlame.<br \/>\nNiko ni\u0161ta<br \/>\nne\u0107e.<\/p>\n<p>IV<\/p>\n<p>A Lim je op\u0161tost. Kako da pre\u0111em<br \/>\nna drugu obalu.<br \/>\nDa uhvatim kobilu za rep, pa da pre\u0111em,<br \/>\nal vlasnici kobila besni, vi\u010du:<br \/>\nIsta je ista\u2026 kao u carice kao u magarice!<br \/>\nA Lim je op\u0161tost, potajna filosofija,<br \/>\n\u010da\u0161a vode<br \/>\nAleksandra Makedonskog,<br \/>\nrakija svadbarska,<br \/>\nfarmersko mleko.<br \/>\nLim je<br \/>\nLim. Izgore Lim!<br \/>\nAli kako da pre\u0111em Lim. To more morsko.<br \/>\nTo \u010dudo svetsko.<br \/>\nTaj Lim.<br \/>\nAko pre\u0111em Lim, mogu da postanem moler,<br \/>\nbagerista, skretni\u010dar,<br \/>\nda imam kapu dr\u017eavnu, kapu kapsku,<br \/>\nako pre\u0111em.<br \/>\nMogu da budem \u010dinovnik, pisar, limar,<br \/>\nmogu da budem pisac,<br \/>\nmogu da idem u Nik\u0161i\u0107 na festival,<br \/>\nmogu bera\u010d da budem gro\u017e\u0111a, pamuka,<br \/>\nal ne da neko \u010dudo,<br \/>\nne da Lim da pro\u0111em.<\/p>\n<p>V<\/p>\n<p>Preko Lima ima srna,<br \/>\nsvile, prekriva\u010da.<br \/>\nPreko Lima su bile se\u010de \u0161uma, akcije,<br \/>\nzajedni\u010dke livade.<br \/>\nOtuda su dolazile ekipe zapra\u0161iva\u010da<br \/>\ndiditijem,<br \/>\nuni\u0161tava\u010di va\u0161aka,<br \/>\nvi\u0161ka, gamadi,<br \/>\notuda su dolazili dobrotvori,<br \/>\nvakcine, grip i boljke.<br \/>\nOtuda su se raspitivali za koze,<br \/>\nbrojali stoku.<br \/>\nLim je op\u0161tost.<br \/>\nMajke uvek pla\u010du kad se preko Lima ide.<\/p>\n<p>VI<\/p>\n<p>Jer mo\u017ee da te neko udavi, zakolje,<br \/>\nnapravi sapun od tebe, i to rade u gradovima.<br \/>\nOdseku kosu, prodaju, kao kod nas repove<br \/>\nkonjske,<br \/>\nmogu od tebe da naprave \u010detku,<br \/>\nod kostiju tvojih \u010de\u0161alj,<br \/>\nod ko\u017ee ka\u010dket,<br \/>\njer po varo\u0161ima sva\u0161ta rade,<br \/>\nnaro\u010dito ljudima koji prvi put Lim prolaze.<\/p>\n<p>VII<\/p>\n<p>Mo\u017ee sva\u0161ta da bude \u010doveku,<br \/>\nako pre\u0111e preko Lima.<br \/>\nMo\u017ee da se postane \u010dovek,<br \/>\nal meni se ne da.<br \/>\nOd mene nikad \u010doveka:<br \/>\nKus pijetao pile dovijeka!<br \/>\nA preko Lima ne daju,<br \/>\nil ja ne smem. Ne znam \u0161ta je,<br \/>\nkoja tuga,<br \/>\nkoja bruka.<br \/>\nPreko Lima imam kapu,<br \/>\nimam baklju.<br \/>\nPreko Lima mnogo gu\u0161\u010dijih pera,<br \/>\nsve u slavu toponima.<br \/>\nPreko Lima ne mo\u017ee se!<\/p>\n<p>(1974)<\/p>\n<p>&nbsp;<\/p>\n<p><strong>MAJKA MOJA<\/strong><\/p>\n<p>U utrobi ku\u0107erka skupila<br \/>\nNas je ona kao homora<br \/>\nOgranke svoje.<br \/>\nOko glave njene pletenice<br \/>\n\u0106ute kao debele kand\u017eije.<br \/>\nSan putova zbog nje kle\u010di<br \/>\nI zalud trave \u0161ap\u0107u uspavanke.<br \/>\nZa njenim glasom kurjaci jure<br \/>\nKad ti\u0161inu tjera<br \/>\nSa ognojenih njiva.<\/p>\n<p>Mnogo kune \u017edrijela<br \/>\nKad joj iz o\u010di nestanem.<br \/>\nKad tke zelene \u0107ilimove<br \/>\nLjepotu s livadama mjeri.<\/p>\n<p>U njene ispucale pete<br \/>\nUviru ki\u0161e.<\/p>\n<p>&nbsp;<\/p>\n<p><strong>G\u017d 534 75<\/strong><\/p>\n<p>Tre\u0107eg dana uz srp 92,<br \/>\nNa Trgu Tita u N. Pazaru,<br \/>\nAutobusi iz Fo\u010de zastali,<br \/>\nPuni muhad\u017eera.<\/p>\n<p>G\u017d 534 75 predvodnik,<br \/>\nU 534 75 Asim Podrug,<br \/>\nBiv\u0161i pekar, stanar.<br \/>\nBiv\u0161i otac. I biv\u0161i Asim.<\/p>\n<p>Narod se kupi oko G\u017d.<br \/>\nKo yupi, colu. Ga\u0107e, jastuk.<br \/>\nKeks. Mlijeko. Banane. Naran\u010de.<br \/>\nA jedan \u0107e: ovo nije pravo.<\/p>\n<p>A drugi: \u0161to pjesnik,<br \/>\n\u0160to neki pjesnik ne vi\u010de<br \/>\nOstajte ovdje i tu,<br \/>\nSunce tu\u0111eg neba ne\u0107e.<\/p>\n<p>G\u017d 534 75 ulazi u maglu,<br \/>\nVozi\u0107e dok ima nafte.<br \/>\nAzri na krilu Lejla, tetrapak.<br \/>\nNe ostajte ovdje, ne idite tamo.<\/p>\n<p>(1992)<\/p>\n<p>&nbsp;<\/p>\n<p><strong>KNJIGA EYRIPIDESU<\/strong><\/p>\n<p><em>\u00a0\u00a0\u00a0\u00a0\u00a0\u00a0\u00a0\u00a0 \u00a0\u00a0\u00a0\u00a0\u00a0\u00a0A \u0161to se ti\u010de table crne,<\/em><br \/>\n<em>\u00a0\u00a0\u00a0\u00a0\u00a0\u00a0\u00a0\u00a0\u00a0\u00a0\u00a0\u00a0\u00a0 Ona je crna i kad se obrne.<\/em><br \/>\nJ. Brodski<\/p>\n<p>Polyphemos iz plemena Cyclopesa<br \/>\nPojede samo dva brodara<br \/>\nVrlog Odysseysa dok ve\u010dera\u0161e<br \/>\nSa suncem Phoinice za Ithacu.<\/p>\n<p>Na periferiji Scythicusa<br \/>\nJedini, bez pravde i zakona,<br \/>\nVe\u010derahu meso obli\u017enjeg genusa,<br \/>\nUz vatru, Androphagosi.<\/p>\n<p>Homeros i Herodotos, kao i mladi\u0107i,<br \/>\nPrevari\u0161e se kad javi\u0161e<br \/>\nDa su to ve\u0107 biv\u0161i kanibali<br \/>\nUkraj krda jelena evropskih.<\/p>\n<p>A jo\u0161 kako naivno saop\u0161ti<br \/>\nLewis Morgan, sa jezera Irokeza,<br \/>\nDa Homocid presta, nakon<br \/>\nUzgoja pitome stoke, izuma bra\u0161na.<\/p>\n<p>O\u010dito, dragi tragi\u010daru,<br \/>\nNisu uzeli u obzir Bosnu<br \/>\nGdje Evropa unosi u jelovnik<br \/>\nPosljednje zalihe pe\u010dene iuvente.<br \/>\n(1993)<\/p>\n<p>&nbsp;<\/p>\n<p><strong>TRANSISTOR<\/strong><\/p>\n<p>Hvata Podbijelje bura<br \/>\nKo ajkula jato riba,<br \/>\nDa l to sti\u017ee zadnja ura,<br \/>\nDa l su stigle igle sviba.<\/p>\n<p>Na\u0161e breze smi\u010de vjetar<br \/>\nKo Ilire rimska lasa,<br \/>\nI da mi je bar kroz etar<br \/>\nDa \u010dujem Bosnu s talasa.<\/p>\n<p>Podbijeljem jastreb kru\u017ei,<br \/>\nVe\u0107 mu vidim zgrabno lice,<br \/>\nSamo kand\u017eu da ispru\u017ei,<br \/>\nStegne krilo prepelice.<\/p>\n<p>Tra\u017eim po etrenoj pisti,<br \/>\nDok ne vrisne ova skala,<br \/>\nSevdalinku il vijesti,<br \/>\nDok ne bude no\u0107 prestala.<\/p>\n<p>Zalud tra\u017eim, sad su rane<br \/>\nOtvorene poput ru\u017ee,<br \/>\nSad je Bosna kao lane,<br \/>\nIznad kojeg ptice kru\u017ee.<\/p>\n<p>(1993)<\/p>\n<p>&nbsp;<\/p>\n<p><strong>KAPI ROSE<\/strong><\/p>\n<p>Kapi rose pla\u010du s iva,<br \/>\nKao p\u010dela kad prestara,<br \/>\nKao du\u0161a nikom kriva,<br \/>\nSuzom s mosta i s Mostara.<\/p>\n<p>Da li ove male kapi<br \/>\nZapadaju tu zbog srne<br \/>\n\u0160to provla\u010di sjaj sa sapi,<br \/>\nIl su blizu a\u017ee crne.<\/p>\n<p>Il su do\u0161la crna ila,<br \/>\nPa je rosa to u nizu<br \/>\nZakapala do azila<br \/>\nDa presko\u010di kataklizmu.<\/p>\n<p>Da l \u0107e sti\u0107i do rijeke,<br \/>\nIli mo\u017eda do savane,<br \/>\nNa\u0107i drume poprijeke,<br \/>\nIli samo do nirvane.<\/p>\n<p>Ho\u0107e l koja kap iz jata<br \/>\nUzgred malo i vo go\u0161\u0107a<br \/>\nGdje je spremna iza vrata<br \/>\nTek vogo\u0161\u0107na za put bo\u0161\u010da.<\/p>\n<p>Kapi rose pla\u010du s iva,<br \/>\nKao p\u010dela kad prestara,<br \/>\nKao du\u0161a nikom kriva,<br \/>\nSuzom s mosta i s Mostara.<\/p>\n<p>(1993)<\/p>\n<p>&nbsp;<\/p>\n<p><strong>EMELA<\/strong><\/p>\n<p>\u010cemerna su danas usta,<br \/>\nI ra\u017e ova, ova su\u0161a.<br \/>\nJe l mogu\u0107e od avgusta<br \/>\nDa smo samo ulov sku\u0161a.<\/p>\n<p>Vidim s breskve pe\u010de jara,<br \/>\nNa sofri gaze uvele,<br \/>\nRane s Neretve, s Mostara,<br \/>\nSuze doktora Emele.<\/p>\n<p>To je skitska ona shema<br \/>\nDa su Nuri ru\u010dak zmija,<br \/>\nDa ne bude vi\u0161e, Ema,<br \/>\nNi Mostara nit avlija.<\/p>\n<p>Ni kapija, u Mostaru zlata,<br \/>\nNiti rose, u Mostaru park,<br \/>\nNiti ku\u0107a, niti jata,<br \/>\nNi ti: mostarska Jeanne d Arc.<\/p>\n<p>To danas pustoust Moloh<br \/>\nSit ptica Sunce zakopa,<br \/>\n\u010cini mi se pla\u010de Bloch,<br \/>\nIl je mostarska sinkopa.<\/p>\n<p>Mo\u017ee l, Ema, Rim bez stela,<br \/>\nBez vu\u010dice, opitara,<br \/>\nRimsko polje bez mustela,<br \/>\nMi bez Bosne i Mostara.<\/p>\n<p>(24. 8. 1993)<\/p>\n<p>&nbsp;<\/p>\n<p><strong>SLOVO SLIVENO STRAVOM<\/strong><\/p>\n<p>Na\u0161la je sestra moja,<br \/>\nLe\u017ee\u0107i potrbu\u0161ke<br \/>\nKraj kru\u0161ke s osoja,<br \/>\nZrno olovno s pu\u0161ke.<\/p>\n<p>I pri\u010da kako je bilo:<br \/>\nPrvo se tijelo raspalo<br \/>\nJer ga je olovo ubilo,<br \/>\nA zrno eto ostalo.<\/p>\n<p>I kosti nekud nestale<br \/>\nIl zaoralo ih neko ralo,<br \/>\nTice mu ga znale,<br \/>\nAl olovo eto ostalo.<\/p>\n<p>Potom se iz prikrajka<br \/>\nSad zbiva ovo:<br \/>\nRastopi zrno majka,<br \/>\nU tajno pretvori slovo.<\/p>\n<p>I \u010dita ona strave<br \/>\nIz onog slivenog slova,<br \/>\nObr\u0107e oko glave<br \/>\nVuka i pse od olova.<\/p>\n<p>Strava se nastavlja time<br \/>\nKad majka posve zanesena<br \/>\nPro\u010dita poginulog ime<br \/>\nSa slova slivena.<\/p>\n<p>(1962)<\/p>\n","protected":false},"excerpt":{"rendered":"<p>Ismet Rebronja\u00a0 (Godu\u0161a, Bijelo Polje, 1942. \u2013 Novi Pazar, 2006.) Rebronjino pjevanje jednim je dijelom satkano od zaboravljenih skaski, neobi\u010dnih bi\u0107a i predmeta koji u sebi kriju neslu\u0107enu simboliku i on ih vinuv\u0161i u \u0161ire vremenske prostore pribli\u017eava suvremenosti tako &hellip; <a href=\"https:\/\/knjigoljubac.ba\/hr\/product\/antologija-bosnjacke-poezije-u-redakciji-almira-zalihica-ismet-rebronja\/\">Readmore<\/a><\/p>\n","protected":false},"featured_media":12116,"template":"","meta":[],"product_brand":[],"product_cat":[305,659],"product_tag":[667,668],"class_list":{"0":"post-12115","1":"product","2":"type-product","3":"status-publish","4":"has-post-thumbnail","6":"product_cat-antologije","7":"product_cat-antologija-bosnjacke-poezije-u-redakciji-almira-zalihica","8":"product_tag-antologija-bosnjacke-poezije-u-redakciji-almira-zalihica-ismet-rebronja","9":"product_tag-ismet-rebronja","11":"first","12":"instock","13":"taxable","14":"shipping-taxable","15":"product-type-simple"},"yoast_head":"<!-- This site is optimized with the Yoast SEO plugin v27.5 - https:\/\/yoast.com\/product\/yoast-seo-wordpress\/ -->\n<title>ANTOLOGIJA BO\u0160NJA\u010cKE POEZIJE U REDAKCIJI ALMIRA ZALIHI\u0106A \u2013 Ismet Rebronja - KNJIGOLJUBAC<\/title>\n<meta name=\"robots\" content=\"index, follow, max-snippet:-1, max-image-preview:large, max-video-preview:-1\" \/>\n<link rel=\"canonical\" href=\"https:\/\/knjigoljubac.ba\/hr\/product\/antologija-bosnjacke-poezije-u-redakciji-almira-zalihica-ismet-rebronja\/\" \/>\n<meta property=\"og:locale\" content=\"hr_HR\" \/>\n<meta property=\"og:type\" content=\"article\" \/>\n<meta property=\"og:title\" content=\"ANTOLOGIJA BO\u0160NJA\u010cKE POEZIJE U REDAKCIJI ALMIRA ZALIHI\u0106A \u2013 Ismet Rebronja - KNJIGOLJUBAC\" \/>\n<meta property=\"og:description\" content=\"Ismet Rebronja\u00a0 (Godu\u0161a, Bijelo Polje, 1942. \u2013 Novi Pazar, 2006.) Rebronjino pjevanje jednim je dijelom satkano od zaboravljenih skaski, neobi\u010dnih bi\u0107a i predmeta koji u sebi kriju neslu\u0107enu simboliku i on ih vinuv\u0161i u \u0161ire vremenske prostore pribli\u017eava suvremenosti tako &hellip; Readmore\" \/>\n<meta property=\"og:url\" content=\"https:\/\/knjigoljubac.ba\/hr\/product\/antologija-bosnjacke-poezije-u-redakciji-almira-zalihica-ismet-rebronja\/\" \/>\n<meta property=\"og:site_name\" content=\"KNJIGOLJUBAC\" \/>\n<meta property=\"article:publisher\" content=\"https:\/\/www.facebook.com\/knjigoljubacba-106067741319857\/?ref=pages_you_manage\" \/>\n<meta property=\"og:image\" content=\"https:\/\/knjigoljubac.ba\/wp-content\/uploads\/2020\/12\/rebronja.jpg\" \/>\n\t<meta property=\"og:image:width\" content=\"160\" \/>\n\t<meta property=\"og:image:height\" content=\"226\" \/>\n\t<meta property=\"og:image:type\" content=\"image\/jpeg\" \/>\n<meta name=\"twitter:card\" content=\"summary_large_image\" \/>\n<meta name=\"twitter:label1\" content=\"Procijenjeno vrijeme \u010ditanja\" \/>\n\t<meta name=\"twitter:data1\" content=\"9 minuta\" \/>\n<script type=\"application\/ld+json\" class=\"yoast-schema-graph\">{\"@context\":\"https:\\\/\\\/schema.org\",\"@graph\":[{\"@type\":\"WebPage\",\"@id\":\"https:\\\/\\\/knjigoljubac.ba\\\/product\\\/antologija-bosnjacke-poezije-u-redakciji-almira-zalihica-ismet-rebronja\\\/\",\"url\":\"https:\\\/\\\/knjigoljubac.ba\\\/product\\\/antologija-bosnjacke-poezije-u-redakciji-almira-zalihica-ismet-rebronja\\\/\",\"name\":\"ANTOLOGIJA BO\u0160NJA\u010cKE POEZIJE U REDAKCIJI ALMIRA ZALIHI\u0106A \u2013 Ismet Rebronja - KNJIGOLJUBAC\",\"isPartOf\":{\"@id\":\"https:\\\/\\\/knjigoljubac.ba\\\/#website\"},\"primaryImageOfPage\":{\"@id\":\"https:\\\/\\\/knjigoljubac.ba\\\/product\\\/antologija-bosnjacke-poezije-u-redakciji-almira-zalihica-ismet-rebronja\\\/#primaryimage\"},\"image\":{\"@id\":\"https:\\\/\\\/knjigoljubac.ba\\\/product\\\/antologija-bosnjacke-poezije-u-redakciji-almira-zalihica-ismet-rebronja\\\/#primaryimage\"},\"thumbnailUrl\":\"https:\\\/\\\/knjigoljubac.ba\\\/wp-content\\\/uploads\\\/2020\\\/12\\\/rebronja.jpg\",\"datePublished\":\"2020-12-26T16:49:26+00:00\",\"breadcrumb\":{\"@id\":\"https:\\\/\\\/knjigoljubac.ba\\\/product\\\/antologija-bosnjacke-poezije-u-redakciji-almira-zalihica-ismet-rebronja\\\/#breadcrumb\"},\"inLanguage\":\"hr\",\"potentialAction\":[{\"@type\":\"ReadAction\",\"target\":[\"https:\\\/\\\/knjigoljubac.ba\\\/product\\\/antologija-bosnjacke-poezije-u-redakciji-almira-zalihica-ismet-rebronja\\\/\"]}]},{\"@type\":\"ImageObject\",\"inLanguage\":\"hr\",\"@id\":\"https:\\\/\\\/knjigoljubac.ba\\\/product\\\/antologija-bosnjacke-poezije-u-redakciji-almira-zalihica-ismet-rebronja\\\/#primaryimage\",\"url\":\"https:\\\/\\\/knjigoljubac.ba\\\/wp-content\\\/uploads\\\/2020\\\/12\\\/rebronja.jpg\",\"contentUrl\":\"https:\\\/\\\/knjigoljubac.ba\\\/wp-content\\\/uploads\\\/2020\\\/12\\\/rebronja.jpg\",\"width\":160,\"height\":226},{\"@type\":\"BreadcrumbList\",\"@id\":\"https:\\\/\\\/knjigoljubac.ba\\\/product\\\/antologija-bosnjacke-poezije-u-redakciji-almira-zalihica-ismet-rebronja\\\/#breadcrumb\",\"itemListElement\":[{\"@type\":\"ListItem\",\"position\":1,\"name\":\"Po\u010detna stranica\",\"item\":\"https:\\\/\\\/knjigoljubac.ba\\\/\"},{\"@type\":\"ListItem\",\"position\":2,\"name\":\"Trgovina\",\"item\":\"https:\\\/\\\/knjigoljubac.ba\\\/trgovina\\\/\"},{\"@type\":\"ListItem\",\"position\":3,\"name\":\"ANTOLOGIJA BO\u0160NJA\u010cKE POEZIJE U REDAKCIJI ALMIRA ZALIHI\u0106A \u2013 Ismet Rebronja\"}]},{\"@type\":\"WebSite\",\"@id\":\"https:\\\/\\\/knjigoljubac.ba\\\/#website\",\"url\":\"https:\\\/\\\/knjigoljubac.ba\\\/\",\"name\":\"KNJIGOLJUBAC\",\"description\":\"Va\u0161a online knji\u017eara\",\"publisher\":{\"@id\":\"https:\\\/\\\/knjigoljubac.ba\\\/#organization\"},\"potentialAction\":[{\"@type\":\"SearchAction\",\"target\":{\"@type\":\"EntryPoint\",\"urlTemplate\":\"https:\\\/\\\/knjigoljubac.ba\\\/?s={search_term_string}\"},\"query-input\":{\"@type\":\"PropertyValueSpecification\",\"valueRequired\":true,\"valueName\":\"search_term_string\"}}],\"inLanguage\":\"hr\"},{\"@type\":\"Organization\",\"@id\":\"https:\\\/\\\/knjigoljubac.ba\\\/#organization\",\"name\":\"KNJIGOLJUBAC\",\"url\":\"https:\\\/\\\/knjigoljubac.ba\\\/\",\"logo\":{\"@type\":\"ImageObject\",\"inLanguage\":\"hr\",\"@id\":\"https:\\\/\\\/knjigoljubac.ba\\\/#\\\/schema\\\/logo\\\/image\\\/\",\"url\":\"https:\\\/\\\/knjigoljubac.ba\\\/wp-content\\\/uploads\\\/2021\\\/09\\\/logo-novi-1024x465.png\",\"contentUrl\":\"https:\\\/\\\/knjigoljubac.ba\\\/wp-content\\\/uploads\\\/2021\\\/09\\\/logo-novi-1024x465.png\",\"width\":1024,\"height\":465,\"caption\":\"KNJIGOLJUBAC\"},\"image\":{\"@id\":\"https:\\\/\\\/knjigoljubac.ba\\\/#\\\/schema\\\/logo\\\/image\\\/\"},\"sameAs\":[\"https:\\\/\\\/www.facebook.com\\\/knjigoljubacba-106067741319857\\\/?ref=pages_you_manage\",\"https:\\\/\\\/www.instagram.com\\\/knjigoljubacbrcko\\\/\"]}]}<\/script>\n<!-- \/ Yoast SEO plugin. -->","yoast_head_json":{"title":"ANTOLOGIJA BO\u0160NJA\u010cKE POEZIJE U REDAKCIJI ALMIRA ZALIHI\u0106A \u2013 Ismet Rebronja - KNJIGOLJUBAC","robots":{"index":"index","follow":"follow","max-snippet":"max-snippet:-1","max-image-preview":"max-image-preview:large","max-video-preview":"max-video-preview:-1"},"canonical":"https:\/\/knjigoljubac.ba\/hr\/product\/antologija-bosnjacke-poezije-u-redakciji-almira-zalihica-ismet-rebronja\/","og_locale":"hr_HR","og_type":"article","og_title":"ANTOLOGIJA BO\u0160NJA\u010cKE POEZIJE U REDAKCIJI ALMIRA ZALIHI\u0106A \u2013 Ismet Rebronja - KNJIGOLJUBAC","og_description":"Ismet Rebronja\u00a0 (Godu\u0161a, Bijelo Polje, 1942. \u2013 Novi Pazar, 2006.) Rebronjino pjevanje jednim je dijelom satkano od zaboravljenih skaski, neobi\u010dnih bi\u0107a i predmeta koji u sebi kriju neslu\u0107enu simboliku i on ih vinuv\u0161i u \u0161ire vremenske prostore pribli\u017eava suvremenosti tako &hellip; Readmore","og_url":"https:\/\/knjigoljubac.ba\/hr\/product\/antologija-bosnjacke-poezije-u-redakciji-almira-zalihica-ismet-rebronja\/","og_site_name":"KNJIGOLJUBAC","article_publisher":"https:\/\/www.facebook.com\/knjigoljubacba-106067741319857\/?ref=pages_you_manage","og_image":[{"width":160,"height":226,"url":"https:\/\/knjigoljubac.ba\/wp-content\/uploads\/2020\/12\/rebronja.jpg","type":"image\/jpeg"}],"twitter_card":"summary_large_image","twitter_misc":{"Procijenjeno vrijeme \u010ditanja":"9 minuta"},"schema":{"@context":"https:\/\/schema.org","@graph":[{"@type":"WebPage","@id":"https:\/\/knjigoljubac.ba\/product\/antologija-bosnjacke-poezije-u-redakciji-almira-zalihica-ismet-rebronja\/","url":"https:\/\/knjigoljubac.ba\/product\/antologija-bosnjacke-poezije-u-redakciji-almira-zalihica-ismet-rebronja\/","name":"ANTOLOGIJA BO\u0160NJA\u010cKE POEZIJE U REDAKCIJI ALMIRA ZALIHI\u0106A \u2013 Ismet Rebronja - KNJIGOLJUBAC","isPartOf":{"@id":"https:\/\/knjigoljubac.ba\/#website"},"primaryImageOfPage":{"@id":"https:\/\/knjigoljubac.ba\/product\/antologija-bosnjacke-poezije-u-redakciji-almira-zalihica-ismet-rebronja\/#primaryimage"},"image":{"@id":"https:\/\/knjigoljubac.ba\/product\/antologija-bosnjacke-poezije-u-redakciji-almira-zalihica-ismet-rebronja\/#primaryimage"},"thumbnailUrl":"https:\/\/knjigoljubac.ba\/wp-content\/uploads\/2020\/12\/rebronja.jpg","datePublished":"2020-12-26T16:49:26+00:00","breadcrumb":{"@id":"https:\/\/knjigoljubac.ba\/product\/antologija-bosnjacke-poezije-u-redakciji-almira-zalihica-ismet-rebronja\/#breadcrumb"},"inLanguage":"hr","potentialAction":[{"@type":"ReadAction","target":["https:\/\/knjigoljubac.ba\/product\/antologija-bosnjacke-poezije-u-redakciji-almira-zalihica-ismet-rebronja\/"]}]},{"@type":"ImageObject","inLanguage":"hr","@id":"https:\/\/knjigoljubac.ba\/product\/antologija-bosnjacke-poezije-u-redakciji-almira-zalihica-ismet-rebronja\/#primaryimage","url":"https:\/\/knjigoljubac.ba\/wp-content\/uploads\/2020\/12\/rebronja.jpg","contentUrl":"https:\/\/knjigoljubac.ba\/wp-content\/uploads\/2020\/12\/rebronja.jpg","width":160,"height":226},{"@type":"BreadcrumbList","@id":"https:\/\/knjigoljubac.ba\/product\/antologija-bosnjacke-poezije-u-redakciji-almira-zalihica-ismet-rebronja\/#breadcrumb","itemListElement":[{"@type":"ListItem","position":1,"name":"Po\u010detna stranica","item":"https:\/\/knjigoljubac.ba\/"},{"@type":"ListItem","position":2,"name":"Trgovina","item":"https:\/\/knjigoljubac.ba\/trgovina\/"},{"@type":"ListItem","position":3,"name":"ANTOLOGIJA BO\u0160NJA\u010cKE POEZIJE U REDAKCIJI ALMIRA ZALIHI\u0106A \u2013 Ismet Rebronja"}]},{"@type":"WebSite","@id":"https:\/\/knjigoljubac.ba\/#website","url":"https:\/\/knjigoljubac.ba\/","name":"KNJIGOLJUBAC","description":"Va\u0161a online knji\u017eara","publisher":{"@id":"https:\/\/knjigoljubac.ba\/#organization"},"potentialAction":[{"@type":"SearchAction","target":{"@type":"EntryPoint","urlTemplate":"https:\/\/knjigoljubac.ba\/?s={search_term_string}"},"query-input":{"@type":"PropertyValueSpecification","valueRequired":true,"valueName":"search_term_string"}}],"inLanguage":"hr"},{"@type":"Organization","@id":"https:\/\/knjigoljubac.ba\/#organization","name":"KNJIGOLJUBAC","url":"https:\/\/knjigoljubac.ba\/","logo":{"@type":"ImageObject","inLanguage":"hr","@id":"https:\/\/knjigoljubac.ba\/#\/schema\/logo\/image\/","url":"https:\/\/knjigoljubac.ba\/wp-content\/uploads\/2021\/09\/logo-novi-1024x465.png","contentUrl":"https:\/\/knjigoljubac.ba\/wp-content\/uploads\/2021\/09\/logo-novi-1024x465.png","width":1024,"height":465,"caption":"KNJIGOLJUBAC"},"image":{"@id":"https:\/\/knjigoljubac.ba\/#\/schema\/logo\/image\/"},"sameAs":["https:\/\/www.facebook.com\/knjigoljubacba-106067741319857\/?ref=pages_you_manage","https:\/\/www.instagram.com\/knjigoljubacbrcko\/"]}]}},"jetpack_sharing_enabled":true,"_links":{"self":[{"href":"https:\/\/knjigoljubac.ba\/hr\/wp-json\/wp\/v2\/product\/12115","targetHints":{"allow":["GET"]}}],"collection":[{"href":"https:\/\/knjigoljubac.ba\/hr\/wp-json\/wp\/v2\/product"}],"about":[{"href":"https:\/\/knjigoljubac.ba\/hr\/wp-json\/wp\/v2\/types\/product"}],"wp:featuredmedia":[{"embeddable":true,"href":"https:\/\/knjigoljubac.ba\/hr\/wp-json\/wp\/v2\/media\/12116"}],"wp:attachment":[{"href":"https:\/\/knjigoljubac.ba\/hr\/wp-json\/wp\/v2\/media?parent=12115"}],"wp:term":[{"taxonomy":"product_brand","embeddable":true,"href":"https:\/\/knjigoljubac.ba\/hr\/wp-json\/wp\/v2\/product_brand?post=12115"},{"taxonomy":"product_cat","embeddable":true,"href":"https:\/\/knjigoljubac.ba\/hr\/wp-json\/wp\/v2\/product_cat?post=12115"},{"taxonomy":"product_tag","embeddable":true,"href":"https:\/\/knjigoljubac.ba\/hr\/wp-json\/wp\/v2\/product_tag?post=12115"}],"curies":[{"name":"wp","href":"https:\/\/api.w.org\/{rel}","templated":true}]}}