{"id":11937,"date":"2020-12-20T10:37:20","date_gmt":"2020-12-20T10:37:20","guid":{"rendered":"https:\/\/knjigoljubac.ba\/?post_type=product&#038;p=11937"},"modified":"2020-12-20T10:37:20","modified_gmt":"2020-12-20T10:37:20","slug":"kad-su-mrtvi-jeli-kisu","status":"publish","type":"product","link":"https:\/\/knjigoljubac.ba\/hr\/product\/kad-su-mrtvi-jeli-kisu\/","title":{"rendered":"KAD SU MRTVI JELI KI\u0160U"},"content":{"rendered":"<p>Uz grubo svo\u0111enje i hotimi\u010dno pojednostavljenje, ne vode\u0107i ra\u010duna o dubljim smisaonim implikacijama ove poezije, moglo bi se re\u0107i: \u0110urica je pjesnik racionalnih dru\u0161tveno anga\u017eiranih op\u0107ih koncepcija, a zanimaju ga u osnovi dva problema dana\u0161njega svijeta: o\u010dovje\u010deni i neo\u010dovje\u010deni \u010dovjek, i \u2013 d\u017einovska bestijalna gomila koju on pred sobom vidi i koja prijeti da mu (nama) ukine egzistenciju.<\/p>\n<p>Na koji na\u010din, \u0110urica pjeva o prvoj temi? Tra\u017ee\u0107i prostore ljudskosti i antiljudskosti u \u010dovjeku, on se sve vrijeme nalazi u oblastima koje su izvan toga \u010dovjeka. On govori o njemu, a zanimaju ga predmeti, scena koju oni \u010dine da bi se \u010dovjek njome mogao kretati, arhitektura njegovog \u017eivota ali i arhitektura materije. \u010covjek je uslovljen prostorom, on se samo u njemu ispoljava, jer je to organizirano okru\u017eenje dio njega samog, stvoreno njime. Sve svoje komentare, uvjerenja, sve glasove kojima cjelina svijeta u njemu odjekuje, izre\u0107i \u0107e \u0110urica u prostoru i prostorom. Jer u njemu se iskazuje \u010dovjek isto koliko i priroda. To jo jedina ta\u010dka apsolutnoga spoja svega \u017eivoga i jedino neograni\u010deno carstvo materije. Ali otud \u0107e \u0110urica resko razlikovati prostor na\u0161eg bivstvovanja i onaj kosmi\u010dki prostor kojim vlada Vrhovni Univerzum. Prvi \u0107e ga zanimati kao rezultat ljudskoga prisustva, drugi kao saradnja sa budu\u0107no\u0161\u0107u, kojoj je njegova poezija i okrenuta.<\/p>\n","protected":false},"excerpt":{"rendered":"<p>Autor: Rajko \u0110urica<\/p>\n<p>\u017danr: Poezija<\/p>\n<p>Format: A5<\/p>\n<p>Uvez: Meki<\/p>\n<p>br. str. 100<\/p>\n","protected":false},"featured_media":11938,"template":"","meta":[],"product_brand":[],"product_cat":[287,302],"product_tag":[588,586,324],"class_list":{"0":"post-11937","1":"product","2":"type-product","3":"status-publish","4":"has-post-thumbnail","6":"product_cat-nasa-izdanja","7":"product_cat-poezija","8":"product_tag-kad-su-mrtvi-jeli-kisu","9":"product_tag-rajko-durica","10":"product_tag-zalihica","12":"first","13":"instock","14":"sale","15":"taxable","16":"shipping-taxable","17":"purchasable","18":"product-type-simple"},"yoast_head":"<!-- This site is optimized with the Yoast SEO plugin v27.5 - https:\/\/yoast.com\/product\/yoast-seo-wordpress\/ -->\n<title>KAD SU MRTVI JELI KI\u0160U - KNJIGOLJUBAC<\/title>\n<meta name=\"robots\" content=\"index, follow, max-snippet:-1, max-image-preview:large, max-video-preview:-1\" \/>\n<link rel=\"canonical\" href=\"https:\/\/knjigoljubac.ba\/hr\/product\/kad-su-mrtvi-jeli-kisu\/\" \/>\n<meta property=\"og:locale\" content=\"hr_HR\" \/>\n<meta property=\"og:type\" content=\"article\" \/>\n<meta property=\"og:title\" content=\"KAD SU MRTVI JELI KI\u0160U - KNJIGOLJUBAC\" \/>\n<meta property=\"og:description\" content=\"Autor: Rajko \u0110urica  \u017danr: Poezija  Format: A5  Uvez: Meki  br. str. 100\" \/>\n<meta property=\"og:url\" content=\"https:\/\/knjigoljubac.ba\/hr\/product\/kad-su-mrtvi-jeli-kisu\/\" \/>\n<meta property=\"og:site_name\" content=\"KNJIGOLJUBAC\" \/>\n<meta property=\"article:publisher\" content=\"https:\/\/www.facebook.com\/knjigoljubacba-106067741319857\/?ref=pages_you_manage\" \/>\n<meta property=\"og:image\" content=\"https:\/\/knjigoljubac.ba\/wp-content\/uploads\/2020\/12\/kad-su-mrtvi.jpg\" \/>\n\t<meta property=\"og:image:width\" content=\"160\" \/>\n\t<meta property=\"og:image:height\" content=\"226\" \/>\n\t<meta property=\"og:image:type\" content=\"image\/jpeg\" \/>\n<meta name=\"twitter:card\" content=\"summary_large_image\" \/>\n<meta name=\"twitter:label1\" content=\"Procijenjeno vrijeme \u010ditanja\" \/>\n\t<meta name=\"twitter:data1\" content=\"1 minuta\" \/>\n<script type=\"application\/ld+json\" class=\"yoast-schema-graph\">{\"@context\":\"https:\\\/\\\/schema.org\",\"@graph\":[{\"@type\":\"WebPage\",\"@id\":\"https:\\\/\\\/knjigoljubac.ba\\\/bs\\\/product\\\/kad-su-mrtvi-jeli-kisu\\\/\",\"url\":\"https:\\\/\\\/knjigoljubac.ba\\\/bs\\\/product\\\/kad-su-mrtvi-jeli-kisu\\\/\",\"name\":\"KAD SU MRTVI JELI KI\u0160U - KNJIGOLJUBAC\",\"isPartOf\":{\"@id\":\"https:\\\/\\\/knjigoljubac.ba\\\/#website\"},\"primaryImageOfPage\":{\"@id\":\"https:\\\/\\\/knjigoljubac.ba\\\/bs\\\/product\\\/kad-su-mrtvi-jeli-kisu\\\/#primaryimage\"},\"image\":{\"@id\":\"https:\\\/\\\/knjigoljubac.ba\\\/bs\\\/product\\\/kad-su-mrtvi-jeli-kisu\\\/#primaryimage\"},\"thumbnailUrl\":\"https:\\\/\\\/knjigoljubac.ba\\\/wp-content\\\/uploads\\\/2020\\\/12\\\/kad-su-mrtvi.jpg\",\"datePublished\":\"2020-12-20T10:37:20+00:00\",\"breadcrumb\":{\"@id\":\"https:\\\/\\\/knjigoljubac.ba\\\/bs\\\/product\\\/kad-su-mrtvi-jeli-kisu\\\/#breadcrumb\"},\"inLanguage\":\"hr\",\"potentialAction\":[{\"@type\":\"ReadAction\",\"target\":[\"https:\\\/\\\/knjigoljubac.ba\\\/bs\\\/product\\\/kad-su-mrtvi-jeli-kisu\\\/\"]}]},{\"@type\":\"ImageObject\",\"inLanguage\":\"hr\",\"@id\":\"https:\\\/\\\/knjigoljubac.ba\\\/bs\\\/product\\\/kad-su-mrtvi-jeli-kisu\\\/#primaryimage\",\"url\":\"https:\\\/\\\/knjigoljubac.ba\\\/wp-content\\\/uploads\\\/2020\\\/12\\\/kad-su-mrtvi.jpg\",\"contentUrl\":\"https:\\\/\\\/knjigoljubac.ba\\\/wp-content\\\/uploads\\\/2020\\\/12\\\/kad-su-mrtvi.jpg\",\"width\":160,\"height\":226},{\"@type\":\"BreadcrumbList\",\"@id\":\"https:\\\/\\\/knjigoljubac.ba\\\/bs\\\/product\\\/kad-su-mrtvi-jeli-kisu\\\/#breadcrumb\",\"itemListElement\":[{\"@type\":\"ListItem\",\"position\":1,\"name\":\"Po\u010detna stranica\",\"item\":\"https:\\\/\\\/knjigoljubac.ba\\\/\"},{\"@type\":\"ListItem\",\"position\":2,\"name\":\"Trgovina\",\"item\":\"https:\\\/\\\/knjigoljubac.ba\\\/trgovina\\\/\"},{\"@type\":\"ListItem\",\"position\":3,\"name\":\"KAD SU MRTVI JELI KI\u0160U\"}]},{\"@type\":\"WebSite\",\"@id\":\"https:\\\/\\\/knjigoljubac.ba\\\/#website\",\"url\":\"https:\\\/\\\/knjigoljubac.ba\\\/\",\"name\":\"KNJIGOLJUBAC\",\"description\":\"Va\u0161a online knji\u017eara\",\"publisher\":{\"@id\":\"https:\\\/\\\/knjigoljubac.ba\\\/#organization\"},\"potentialAction\":[{\"@type\":\"SearchAction\",\"target\":{\"@type\":\"EntryPoint\",\"urlTemplate\":\"https:\\\/\\\/knjigoljubac.ba\\\/?s={search_term_string}\"},\"query-input\":{\"@type\":\"PropertyValueSpecification\",\"valueRequired\":true,\"valueName\":\"search_term_string\"}}],\"inLanguage\":\"hr\"},{\"@type\":\"Organization\",\"@id\":\"https:\\\/\\\/knjigoljubac.ba\\\/#organization\",\"name\":\"KNJIGOLJUBAC\",\"url\":\"https:\\\/\\\/knjigoljubac.ba\\\/\",\"logo\":{\"@type\":\"ImageObject\",\"inLanguage\":\"hr\",\"@id\":\"https:\\\/\\\/knjigoljubac.ba\\\/#\\\/schema\\\/logo\\\/image\\\/\",\"url\":\"https:\\\/\\\/knjigoljubac.ba\\\/wp-content\\\/uploads\\\/2021\\\/09\\\/logo-novi-1024x465.png\",\"contentUrl\":\"https:\\\/\\\/knjigoljubac.ba\\\/wp-content\\\/uploads\\\/2021\\\/09\\\/logo-novi-1024x465.png\",\"width\":1024,\"height\":465,\"caption\":\"KNJIGOLJUBAC\"},\"image\":{\"@id\":\"https:\\\/\\\/knjigoljubac.ba\\\/#\\\/schema\\\/logo\\\/image\\\/\"},\"sameAs\":[\"https:\\\/\\\/www.facebook.com\\\/knjigoljubacba-106067741319857\\\/?ref=pages_you_manage\",\"https:\\\/\\\/www.instagram.com\\\/knjigoljubacbrcko\\\/\"]}]}<\/script>\n<!-- \/ Yoast SEO plugin. -->","yoast_head_json":{"title":"KAD SU MRTVI JELI KI\u0160U - KNJIGOLJUBAC","robots":{"index":"index","follow":"follow","max-snippet":"max-snippet:-1","max-image-preview":"max-image-preview:large","max-video-preview":"max-video-preview:-1"},"canonical":"https:\/\/knjigoljubac.ba\/hr\/product\/kad-su-mrtvi-jeli-kisu\/","og_locale":"hr_HR","og_type":"article","og_title":"KAD SU MRTVI JELI KI\u0160U - KNJIGOLJUBAC","og_description":"Autor: Rajko \u0110urica  \u017danr: Poezija  Format: A5  Uvez: Meki  br. str. 100","og_url":"https:\/\/knjigoljubac.ba\/hr\/product\/kad-su-mrtvi-jeli-kisu\/","og_site_name":"KNJIGOLJUBAC","article_publisher":"https:\/\/www.facebook.com\/knjigoljubacba-106067741319857\/?ref=pages_you_manage","og_image":[{"width":160,"height":226,"url":"https:\/\/knjigoljubac.ba\/wp-content\/uploads\/2020\/12\/kad-su-mrtvi.jpg","type":"image\/jpeg"}],"twitter_card":"summary_large_image","twitter_misc":{"Procijenjeno vrijeme \u010ditanja":"1 minuta"},"schema":{"@context":"https:\/\/schema.org","@graph":[{"@type":"WebPage","@id":"https:\/\/knjigoljubac.ba\/bs\/product\/kad-su-mrtvi-jeli-kisu\/","url":"https:\/\/knjigoljubac.ba\/bs\/product\/kad-su-mrtvi-jeli-kisu\/","name":"KAD SU MRTVI JELI KI\u0160U - KNJIGOLJUBAC","isPartOf":{"@id":"https:\/\/knjigoljubac.ba\/#website"},"primaryImageOfPage":{"@id":"https:\/\/knjigoljubac.ba\/bs\/product\/kad-su-mrtvi-jeli-kisu\/#primaryimage"},"image":{"@id":"https:\/\/knjigoljubac.ba\/bs\/product\/kad-su-mrtvi-jeli-kisu\/#primaryimage"},"thumbnailUrl":"https:\/\/knjigoljubac.ba\/wp-content\/uploads\/2020\/12\/kad-su-mrtvi.jpg","datePublished":"2020-12-20T10:37:20+00:00","breadcrumb":{"@id":"https:\/\/knjigoljubac.ba\/bs\/product\/kad-su-mrtvi-jeli-kisu\/#breadcrumb"},"inLanguage":"hr","potentialAction":[{"@type":"ReadAction","target":["https:\/\/knjigoljubac.ba\/bs\/product\/kad-su-mrtvi-jeli-kisu\/"]}]},{"@type":"ImageObject","inLanguage":"hr","@id":"https:\/\/knjigoljubac.ba\/bs\/product\/kad-su-mrtvi-jeli-kisu\/#primaryimage","url":"https:\/\/knjigoljubac.ba\/wp-content\/uploads\/2020\/12\/kad-su-mrtvi.jpg","contentUrl":"https:\/\/knjigoljubac.ba\/wp-content\/uploads\/2020\/12\/kad-su-mrtvi.jpg","width":160,"height":226},{"@type":"BreadcrumbList","@id":"https:\/\/knjigoljubac.ba\/bs\/product\/kad-su-mrtvi-jeli-kisu\/#breadcrumb","itemListElement":[{"@type":"ListItem","position":1,"name":"Po\u010detna stranica","item":"https:\/\/knjigoljubac.ba\/"},{"@type":"ListItem","position":2,"name":"Trgovina","item":"https:\/\/knjigoljubac.ba\/trgovina\/"},{"@type":"ListItem","position":3,"name":"KAD SU MRTVI JELI KI\u0160U"}]},{"@type":"WebSite","@id":"https:\/\/knjigoljubac.ba\/#website","url":"https:\/\/knjigoljubac.ba\/","name":"KNJIGOLJUBAC","description":"Va\u0161a online knji\u017eara","publisher":{"@id":"https:\/\/knjigoljubac.ba\/#organization"},"potentialAction":[{"@type":"SearchAction","target":{"@type":"EntryPoint","urlTemplate":"https:\/\/knjigoljubac.ba\/?s={search_term_string}"},"query-input":{"@type":"PropertyValueSpecification","valueRequired":true,"valueName":"search_term_string"}}],"inLanguage":"hr"},{"@type":"Organization","@id":"https:\/\/knjigoljubac.ba\/#organization","name":"KNJIGOLJUBAC","url":"https:\/\/knjigoljubac.ba\/","logo":{"@type":"ImageObject","inLanguage":"hr","@id":"https:\/\/knjigoljubac.ba\/#\/schema\/logo\/image\/","url":"https:\/\/knjigoljubac.ba\/wp-content\/uploads\/2021\/09\/logo-novi-1024x465.png","contentUrl":"https:\/\/knjigoljubac.ba\/wp-content\/uploads\/2021\/09\/logo-novi-1024x465.png","width":1024,"height":465,"caption":"KNJIGOLJUBAC"},"image":{"@id":"https:\/\/knjigoljubac.ba\/#\/schema\/logo\/image\/"},"sameAs":["https:\/\/www.facebook.com\/knjigoljubacba-106067741319857\/?ref=pages_you_manage","https:\/\/www.instagram.com\/knjigoljubacbrcko\/"]}]}},"jetpack_sharing_enabled":true,"_links":{"self":[{"href":"https:\/\/knjigoljubac.ba\/hr\/wp-json\/wp\/v2\/product\/11937","targetHints":{"allow":["GET"]}}],"collection":[{"href":"https:\/\/knjigoljubac.ba\/hr\/wp-json\/wp\/v2\/product"}],"about":[{"href":"https:\/\/knjigoljubac.ba\/hr\/wp-json\/wp\/v2\/types\/product"}],"wp:featuredmedia":[{"embeddable":true,"href":"https:\/\/knjigoljubac.ba\/hr\/wp-json\/wp\/v2\/media\/11938"}],"wp:attachment":[{"href":"https:\/\/knjigoljubac.ba\/hr\/wp-json\/wp\/v2\/media?parent=11937"}],"wp:term":[{"taxonomy":"product_brand","embeddable":true,"href":"https:\/\/knjigoljubac.ba\/hr\/wp-json\/wp\/v2\/product_brand?post=11937"},{"taxonomy":"product_cat","embeddable":true,"href":"https:\/\/knjigoljubac.ba\/hr\/wp-json\/wp\/v2\/product_cat?post=11937"},{"taxonomy":"product_tag","embeddable":true,"href":"https:\/\/knjigoljubac.ba\/hr\/wp-json\/wp\/v2\/product_tag?post=11937"}],"curies":[{"name":"wp","href":"https:\/\/api.w.org\/{rel}","templated":true}]}}