{"id":11197,"date":"2020-02-20T11:16:02","date_gmt":"2020-02-20T11:16:02","guid":{"rendered":"https:\/\/knjigoljubac.ba\/?post_type=product&#038;p=11197"},"modified":"2020-10-17T08:00:07","modified_gmt":"2020-10-17T08:00:07","slug":"marinina-trideseta-ljubav","status":"publish","type":"product","link":"https:\/\/knjigoljubac.ba\/hr\/product\/marinina-trideseta-ljubav\/","title":{"rendered":"MARININA TRIDESETA LJUBAV"},"content":{"rendered":"<p>Vladimir Sorokin ro\u0111en je 1955. godine u gradi\u0107u Bikovo nadomak Moskve.\u00a0 Godine 1977. zavr\u0161io je tehnolo\u0161ki fakultet. Stekav\u0161i vi\u0161e obrazovanje Sorokin je po\u010deo raditi u \u010dasopisu \u201cSmjena\u201d gdje je nakon godine dana dobio otkaz, jer nije \u017eelio stupiti u omladinsku organizaciju. Bavio se knji\u017eevnom grafikom, slikarstvom, konceptualnom umjetno\u0161\u0107u. Izlagao je na mnogim izlo\u017ebama. Uredio je i ilustrirao preko pedeset knjiga. Godine 1985. u pari\u0161kom \u010dasopisu \u201cA-Z\u201d iza\u0161ao je izbor od \u0161est Sorokinovih pripovijetki. Iste godine u francuskom izdanju iza\u0161ao mu je roman \u201cRed\u201d koji je ubrzo bio preveden na nekoliko evropskih jezika.<\/p>\n<p>Sorokinova djela kao tipi\u010dni primjeri kulture undergrounda u sovjetsko vrijeme nisu mogla biti objavljena u SSSR-u. To se doga\u0111a tek 1989. godine, kada je \u010dasopis \u201cVrelo\u201d objavio nekoliko njegovih pripovijetki. Nakon toga Sorokinove pripovijetke izlaze u raznim ruskim \u010dasopisima i zbornicima.<\/p>\n<p>Tek u o\u017eujku 1992. godine Vladimir Sorokin postaje dostupan u svojoj domovini \u2013 u \u010dasopisu \u201cFilmska umjetnost\u201d objavljen je njegov roman \u201cRed\u201d, napisan jo\u0161 1983. godine.<\/p>\n<p>Ostali romani: 23000 (2005), Put Bro (2004), Led (2002), Pir (2000), Plavo salo (1999), Srca \u010detvorice (1994), Marinina trideseta ljubav (1982-1984)\u00a0 objavljen, 1995; Roman (1985-1989) objavljen 1994; Norma (1979-1983)\u00a0 objavljen 1994.<\/p>\n<p>Sorokin je tako\u0111er autor vi\u0161e drama i filmskih scenarija te niza pripovijetki koje su objavljivane u raznim \u010dasopisima u Rusiji i inozemstvu.<\/p>\n<p>Djela Vladimira Sorokina prevedena su na niz jezika \u2013 engleski, francuski, nizozemski, finski, \u0161vedski, talijanski, poljski, japanski, korejski. U Hrvatskoj mu je iza\u0161ao roman \u201cPlavo salo\u201d (Fraktura, Zapre\u0161i\u0107, 2004; preveo Fikret Cacan). Dobitnik je nekoliko uglednih knji\u017eevnih nagrada u Rusiji i Europi.<\/p>\n<p>U romanu \u201cMarinina trideseta ljubav\u201d (Tridcataja ljubov\u2019 Mariny) kroz biografiju tridesetogodi\u0161nje Marine koja od lezbijke postaje zagri\u017eena sovjetska radnica dana je sna\u017ena kritika sovjetskog socijalizma.<\/p>\n<p>Knjige koje Vladimir Sorokin pi\u0161e nisu knjige koje opu\u0161taju ve\u0107 uznemiravaju, natopljene su olovom, onim tipi\u010dnim ruskim momentima. Raspon njegove kritike odnosi se na dru\u0161tvo kao takvo, kritiku savremene Rusije (npr. u\u00a0\u201e\u0160e\u0107ernom kremlju\u201c,\u00a0\u201eDanu opri\u010dnika\u201c), kao i na kritiku ure\u0111enja biv\u0161eg Sovjetskog Saveza. Kao dobar promatra\u010d, nije \u0161tedeo u stavljanju svih manjkavosti na pijedestal.\u00a0\u201ePlavo salo\u201c, knjiga koja je bila \u201ekarta\u201c za svet, futuristi\u010dki roman,\u00a0masovno je paljena na ruskim trgovima. Pitanje je da li je danas te\u0161ko biti disident? Sorokin odli\u010dno zna da su Ekonomija, Religija i Politika \u2013 sveto trojstvo straha i to su uglavnom stalni motivi koje provla\u010di kroz svoje romane.<\/p>\n<p>Svoje likove oblikuje kao da u rukama ima testo i sve one ru\u017ene, a duboko ljudske karakteristike isplivaju na povr\u0161inu. Takav je i lik Marine Ivanove: propala pijanistkinja, metresa visokog dru\u0161tva disidenata bolj\u0161evi\u010dke Rusije, koketira sa religijom kako bi se otrgla praznini koja je guta. Sve Marinine ljubavi, tj. dvadeset devet ljubavi \u2013 bile su ljubavnice. Jedino u odnosu sa \u017eenama, Marina nije seksualni objekat, dok u odnosima sa mu\u0161karcima ima nekakve bezvoljne predaje, puke igre koja ni njoj samoj nije zabavna.<\/p>\n<p>Marina rano otkriva svoju seksualnost, jo\u0161 u vrti\u0107u, no sve je to pod velom nevinosti. Zatim, Marinino prvo letovanje sa ocem gde biva obljubljena nad morskim \u201ezgusnutim nebom\u201c, potom se krivac, tj. njen otac utapa. Od tog trenutka i sama radnja romana je zgusnuta. Naime, sintagma \u201ezgusnuto nebo\u201c koju Marina sa odu\u0161evljenim de\u010djim usklikom ukazuje ocu pre preljube je jedina emocija radosti koju Marina pokazuje u svojoj nevinosti, potom prestaje da bude dete, prestaje da bude bi\u0107e \u2013 postaje lju\u0161tura, seksualni objekat i ravna linija. Jedine oscilacije su \u017eene, njene ljubavnice i njen sopstveni revolt. Rano otkriva polusvet, poroke, postaje kleptomanka kako bi se osetila \u017eivom.<\/p>\n<p>I na samom vrhuncu tog bezna\u0111a u kome se nalazi, Marina sanja san, vrlo simboli\u010dan, sanja ostrvo Lezbos i sve njene ljubavnice i Njega. Budi se i dolazi do stra\u0161nog suo\u010davanja sa sopstvenom prazninom, prazninom koja je pro\u017edire i koja se godinama talo\u017eila ispod tog te\u0161kog i zgusnutog neba. Marina upada u stanje katarze i odbacuje ceo svoj \u017eivot.<\/p>\n<p>I na samoj ivici nervnog sloma upoznaje Njega, prostonarodnog \u010doveka na funkciji. On duboko veruje u ideju, u Sovjetski Savez, u narod. Razma\u017eena metresa do\u017eivljava preobra\u017eaj, prestaje da bude Marina Ivanova, o\u0161te\u0107ena individua, prestaje da bude, postaje Marina Ivanova komsomolka, Marina Ivanova \u2013 narod, udarnica, radnica, postaje MI narod, utapa se u kolektivizam, postaje deo ne\u010dega, kao kap u moru, bezbojna i sve manje vidljiva na horizontu.<\/p>\n","protected":false},"excerpt":{"rendered":"<p>Pisac: Vladimir Sorokin<\/p>\n<p>\u017danr: Roman<\/p>\n<p>Uvez: Bro\u0161irano<\/p>\n<p>Broj strana: 300<\/p>\n<p>Izdava\u010d: Zalihica<\/p>\n","protected":false},"featured_media":11199,"template":"","meta":[],"product_brand":[],"product_cat":[315],"product_tag":[441,440,324],"class_list":{"0":"post-11197","1":"product","2":"type-product","3":"status-publish","4":"has-post-thumbnail","6":"product_cat-roman","7":"product_tag-marinina-trideseta-ljubav","8":"product_tag-vladimir-sorokin","9":"product_tag-zalihica","11":"first","12":"instock","13":"sale","14":"taxable","15":"shipping-taxable","16":"purchasable","17":"product-type-simple"},"yoast_head":"<!-- This site is optimized with the Yoast SEO plugin v27.5 - https:\/\/yoast.com\/product\/yoast-seo-wordpress\/ -->\n<title>MARININA TRIDESETA LJUBAV - KNJIGOLJUBAC<\/title>\n<meta name=\"robots\" content=\"index, follow, max-snippet:-1, max-image-preview:large, max-video-preview:-1\" \/>\n<link rel=\"canonical\" href=\"https:\/\/knjigoljubac.ba\/hr\/product\/marinina-trideseta-ljubav\/\" \/>\n<meta property=\"og:locale\" content=\"hr_HR\" \/>\n<meta property=\"og:type\" content=\"article\" \/>\n<meta property=\"og:title\" content=\"MARININA TRIDESETA LJUBAV - KNJIGOLJUBAC\" \/>\n<meta property=\"og:description\" content=\"Pisac: Vladimir Sorokin  \u017danr: Roman  Uvez: Bro\u0161irano  Broj strana: 300  Izdava\u010d: Zalihica\" \/>\n<meta property=\"og:url\" content=\"https:\/\/knjigoljubac.ba\/hr\/product\/marinina-trideseta-ljubav\/\" \/>\n<meta property=\"og:site_name\" content=\"KNJIGOLJUBAC\" \/>\n<meta property=\"article:publisher\" content=\"https:\/\/www.facebook.com\/knjigoljubacba-106067741319857\/?ref=pages_you_manage\" \/>\n<meta property=\"article:modified_time\" content=\"2020-10-17T08:00:07+00:00\" \/>\n<meta property=\"og:image\" content=\"https:\/\/knjigoljubac.ba\/wp-content\/uploads\/2020\/02\/marinina-30.jpg\" \/>\n\t<meta property=\"og:image:width\" content=\"160\" \/>\n\t<meta property=\"og:image:height\" content=\"226\" \/>\n\t<meta property=\"og:image:type\" content=\"image\/jpeg\" \/>\n<meta name=\"twitter:card\" content=\"summary_large_image\" \/>\n<meta name=\"twitter:label1\" content=\"Procijenjeno vrijeme \u010ditanja\" \/>\n\t<meta name=\"twitter:data1\" content=\"4 minute\" \/>\n<script type=\"application\/ld+json\" class=\"yoast-schema-graph\">{\"@context\":\"https:\\\/\\\/schema.org\",\"@graph\":[{\"@type\":\"WebPage\",\"@id\":\"https:\\\/\\\/knjigoljubac.ba\\\/product\\\/marinina-trideseta-ljubav\\\/\",\"url\":\"https:\\\/\\\/knjigoljubac.ba\\\/product\\\/marinina-trideseta-ljubav\\\/\",\"name\":\"MARININA TRIDESETA LJUBAV - KNJIGOLJUBAC\",\"isPartOf\":{\"@id\":\"https:\\\/\\\/knjigoljubac.ba\\\/#website\"},\"primaryImageOfPage\":{\"@id\":\"https:\\\/\\\/knjigoljubac.ba\\\/product\\\/marinina-trideseta-ljubav\\\/#primaryimage\"},\"image\":{\"@id\":\"https:\\\/\\\/knjigoljubac.ba\\\/product\\\/marinina-trideseta-ljubav\\\/#primaryimage\"},\"thumbnailUrl\":\"https:\\\/\\\/knjigoljubac.ba\\\/wp-content\\\/uploads\\\/2020\\\/02\\\/marinina-30.jpg\",\"datePublished\":\"2020-02-20T11:16:02+00:00\",\"dateModified\":\"2020-10-17T08:00:07+00:00\",\"breadcrumb\":{\"@id\":\"https:\\\/\\\/knjigoljubac.ba\\\/product\\\/marinina-trideseta-ljubav\\\/#breadcrumb\"},\"inLanguage\":\"hr\",\"potentialAction\":[{\"@type\":\"ReadAction\",\"target\":[\"https:\\\/\\\/knjigoljubac.ba\\\/product\\\/marinina-trideseta-ljubav\\\/\"]}]},{\"@type\":\"ImageObject\",\"inLanguage\":\"hr\",\"@id\":\"https:\\\/\\\/knjigoljubac.ba\\\/product\\\/marinina-trideseta-ljubav\\\/#primaryimage\",\"url\":\"https:\\\/\\\/knjigoljubac.ba\\\/wp-content\\\/uploads\\\/2020\\\/02\\\/marinina-30.jpg\",\"contentUrl\":\"https:\\\/\\\/knjigoljubac.ba\\\/wp-content\\\/uploads\\\/2020\\\/02\\\/marinina-30.jpg\",\"width\":160,\"height\":226},{\"@type\":\"BreadcrumbList\",\"@id\":\"https:\\\/\\\/knjigoljubac.ba\\\/product\\\/marinina-trideseta-ljubav\\\/#breadcrumb\",\"itemListElement\":[{\"@type\":\"ListItem\",\"position\":1,\"name\":\"Po\u010detna stranica\",\"item\":\"https:\\\/\\\/knjigoljubac.ba\\\/\"},{\"@type\":\"ListItem\",\"position\":2,\"name\":\"Trgovina\",\"item\":\"https:\\\/\\\/knjigoljubac.ba\\\/trgovina\\\/\"},{\"@type\":\"ListItem\",\"position\":3,\"name\":\"MARININA TRIDESETA LJUBAV\"}]},{\"@type\":\"WebSite\",\"@id\":\"https:\\\/\\\/knjigoljubac.ba\\\/#website\",\"url\":\"https:\\\/\\\/knjigoljubac.ba\\\/\",\"name\":\"KNJIGOLJUBAC\",\"description\":\"Va\u0161a online knji\u017eara\",\"publisher\":{\"@id\":\"https:\\\/\\\/knjigoljubac.ba\\\/#organization\"},\"potentialAction\":[{\"@type\":\"SearchAction\",\"target\":{\"@type\":\"EntryPoint\",\"urlTemplate\":\"https:\\\/\\\/knjigoljubac.ba\\\/?s={search_term_string}\"},\"query-input\":{\"@type\":\"PropertyValueSpecification\",\"valueRequired\":true,\"valueName\":\"search_term_string\"}}],\"inLanguage\":\"hr\"},{\"@type\":\"Organization\",\"@id\":\"https:\\\/\\\/knjigoljubac.ba\\\/#organization\",\"name\":\"KNJIGOLJUBAC\",\"url\":\"https:\\\/\\\/knjigoljubac.ba\\\/\",\"logo\":{\"@type\":\"ImageObject\",\"inLanguage\":\"hr\",\"@id\":\"https:\\\/\\\/knjigoljubac.ba\\\/#\\\/schema\\\/logo\\\/image\\\/\",\"url\":\"https:\\\/\\\/knjigoljubac.ba\\\/wp-content\\\/uploads\\\/2021\\\/09\\\/logo-novi-1024x465.png\",\"contentUrl\":\"https:\\\/\\\/knjigoljubac.ba\\\/wp-content\\\/uploads\\\/2021\\\/09\\\/logo-novi-1024x465.png\",\"width\":1024,\"height\":465,\"caption\":\"KNJIGOLJUBAC\"},\"image\":{\"@id\":\"https:\\\/\\\/knjigoljubac.ba\\\/#\\\/schema\\\/logo\\\/image\\\/\"},\"sameAs\":[\"https:\\\/\\\/www.facebook.com\\\/knjigoljubacba-106067741319857\\\/?ref=pages_you_manage\",\"https:\\\/\\\/www.instagram.com\\\/knjigoljubacbrcko\\\/\"]}]}<\/script>\n<!-- \/ Yoast SEO plugin. -->","yoast_head_json":{"title":"MARININA TRIDESETA LJUBAV - KNJIGOLJUBAC","robots":{"index":"index","follow":"follow","max-snippet":"max-snippet:-1","max-image-preview":"max-image-preview:large","max-video-preview":"max-video-preview:-1"},"canonical":"https:\/\/knjigoljubac.ba\/hr\/product\/marinina-trideseta-ljubav\/","og_locale":"hr_HR","og_type":"article","og_title":"MARININA TRIDESETA LJUBAV - KNJIGOLJUBAC","og_description":"Pisac: Vladimir Sorokin  \u017danr: Roman  Uvez: Bro\u0161irano  Broj strana: 300  Izdava\u010d: Zalihica","og_url":"https:\/\/knjigoljubac.ba\/hr\/product\/marinina-trideseta-ljubav\/","og_site_name":"KNJIGOLJUBAC","article_publisher":"https:\/\/www.facebook.com\/knjigoljubacba-106067741319857\/?ref=pages_you_manage","article_modified_time":"2020-10-17T08:00:07+00:00","og_image":[{"width":160,"height":226,"url":"https:\/\/knjigoljubac.ba\/wp-content\/uploads\/2020\/02\/marinina-30.jpg","type":"image\/jpeg"}],"twitter_card":"summary_large_image","twitter_misc":{"Procijenjeno vrijeme \u010ditanja":"4 minute"},"schema":{"@context":"https:\/\/schema.org","@graph":[{"@type":"WebPage","@id":"https:\/\/knjigoljubac.ba\/product\/marinina-trideseta-ljubav\/","url":"https:\/\/knjigoljubac.ba\/product\/marinina-trideseta-ljubav\/","name":"MARININA TRIDESETA LJUBAV - KNJIGOLJUBAC","isPartOf":{"@id":"https:\/\/knjigoljubac.ba\/#website"},"primaryImageOfPage":{"@id":"https:\/\/knjigoljubac.ba\/product\/marinina-trideseta-ljubav\/#primaryimage"},"image":{"@id":"https:\/\/knjigoljubac.ba\/product\/marinina-trideseta-ljubav\/#primaryimage"},"thumbnailUrl":"https:\/\/knjigoljubac.ba\/wp-content\/uploads\/2020\/02\/marinina-30.jpg","datePublished":"2020-02-20T11:16:02+00:00","dateModified":"2020-10-17T08:00:07+00:00","breadcrumb":{"@id":"https:\/\/knjigoljubac.ba\/product\/marinina-trideseta-ljubav\/#breadcrumb"},"inLanguage":"hr","potentialAction":[{"@type":"ReadAction","target":["https:\/\/knjigoljubac.ba\/product\/marinina-trideseta-ljubav\/"]}]},{"@type":"ImageObject","inLanguage":"hr","@id":"https:\/\/knjigoljubac.ba\/product\/marinina-trideseta-ljubav\/#primaryimage","url":"https:\/\/knjigoljubac.ba\/wp-content\/uploads\/2020\/02\/marinina-30.jpg","contentUrl":"https:\/\/knjigoljubac.ba\/wp-content\/uploads\/2020\/02\/marinina-30.jpg","width":160,"height":226},{"@type":"BreadcrumbList","@id":"https:\/\/knjigoljubac.ba\/product\/marinina-trideseta-ljubav\/#breadcrumb","itemListElement":[{"@type":"ListItem","position":1,"name":"Po\u010detna stranica","item":"https:\/\/knjigoljubac.ba\/"},{"@type":"ListItem","position":2,"name":"Trgovina","item":"https:\/\/knjigoljubac.ba\/trgovina\/"},{"@type":"ListItem","position":3,"name":"MARININA TRIDESETA LJUBAV"}]},{"@type":"WebSite","@id":"https:\/\/knjigoljubac.ba\/#website","url":"https:\/\/knjigoljubac.ba\/","name":"KNJIGOLJUBAC","description":"Va\u0161a online knji\u017eara","publisher":{"@id":"https:\/\/knjigoljubac.ba\/#organization"},"potentialAction":[{"@type":"SearchAction","target":{"@type":"EntryPoint","urlTemplate":"https:\/\/knjigoljubac.ba\/?s={search_term_string}"},"query-input":{"@type":"PropertyValueSpecification","valueRequired":true,"valueName":"search_term_string"}}],"inLanguage":"hr"},{"@type":"Organization","@id":"https:\/\/knjigoljubac.ba\/#organization","name":"KNJIGOLJUBAC","url":"https:\/\/knjigoljubac.ba\/","logo":{"@type":"ImageObject","inLanguage":"hr","@id":"https:\/\/knjigoljubac.ba\/#\/schema\/logo\/image\/","url":"https:\/\/knjigoljubac.ba\/wp-content\/uploads\/2021\/09\/logo-novi-1024x465.png","contentUrl":"https:\/\/knjigoljubac.ba\/wp-content\/uploads\/2021\/09\/logo-novi-1024x465.png","width":1024,"height":465,"caption":"KNJIGOLJUBAC"},"image":{"@id":"https:\/\/knjigoljubac.ba\/#\/schema\/logo\/image\/"},"sameAs":["https:\/\/www.facebook.com\/knjigoljubacba-106067741319857\/?ref=pages_you_manage","https:\/\/www.instagram.com\/knjigoljubacbrcko\/"]}]}},"jetpack_sharing_enabled":true,"_links":{"self":[{"href":"https:\/\/knjigoljubac.ba\/hr\/wp-json\/wp\/v2\/product\/11197","targetHints":{"allow":["GET"]}}],"collection":[{"href":"https:\/\/knjigoljubac.ba\/hr\/wp-json\/wp\/v2\/product"}],"about":[{"href":"https:\/\/knjigoljubac.ba\/hr\/wp-json\/wp\/v2\/types\/product"}],"wp:featuredmedia":[{"embeddable":true,"href":"https:\/\/knjigoljubac.ba\/hr\/wp-json\/wp\/v2\/media\/11199"}],"wp:attachment":[{"href":"https:\/\/knjigoljubac.ba\/hr\/wp-json\/wp\/v2\/media?parent=11197"}],"wp:term":[{"taxonomy":"product_brand","embeddable":true,"href":"https:\/\/knjigoljubac.ba\/hr\/wp-json\/wp\/v2\/product_brand?post=11197"},{"taxonomy":"product_cat","embeddable":true,"href":"https:\/\/knjigoljubac.ba\/hr\/wp-json\/wp\/v2\/product_cat?post=11197"},{"taxonomy":"product_tag","embeddable":true,"href":"https:\/\/knjigoljubac.ba\/hr\/wp-json\/wp\/v2\/product_tag?post=11197"}],"curies":[{"name":"wp","href":"https:\/\/api.w.org\/{rel}","templated":true}]}}