{"id":11099,"date":"2020-02-19T12:16:05","date_gmt":"2020-02-19T12:16:05","guid":{"rendered":"https:\/\/knjigoljubac.ba\/?post_type=product&#038;p=11099"},"modified":"2020-10-17T08:13:34","modified_gmt":"2020-10-17T08:13:34","slug":"izabrane-pjesme","status":"publish","type":"product","link":"https:\/\/knjigoljubac.ba\/hr\/product\/izabrane-pjesme\/","title":{"rendered":"IZABRANE PJESME"},"content":{"rendered":"<p>Shvataju\u0107i pjesmu prevashodno kao estetko bi\u0107e \u010dija se struktura ostvaruje na nekoliko nivoa: stvarala\u010dkom organizacijom zvuka u jeziku, i na nivou ritma kao nosioca \u201csadr\u017eaja\u201d, \u0160arenkapi\u0107 se, koriste\u0107i i tradicionalne pjesni\u010dke forme i moderni stih, profilirao kao pjesnik savremenog, originalnog prosedea. <em>Izbrane pjesme<a href=\"#_ftn1\" name=\"_ftnref1\"><sup><strong>[1]<\/strong><\/sup><\/a><\/em> ovog ustrajnog pjesnika potvr\u0111uju gotovo sve pre\u0111a\u0161nje tvrdnje; u ovoj knjizi stihovi govore osobenim unutarnjim jezikom pjesnikove svijesti o vlastitom polo\u017eaju u svijetu i temeljno kazuju silinu okupiranosti tim problemom. Vrijednost, dobrota, humanost, ali isto tako i zlo, nalazi se u \u010dovjeku, smatra \u0160arenkapi\u0107, a ti motivi, zajedno sa osnovnim, egzistencijalnim, \u010dine okosnicu njegove pjesni\u010dke gra\u0111e. \u0160arenkapi\u0107 poetskim sredstvima traga za kona\u010dnim rje\u0161enjima. I, bilo bi pretenciozno o\u010dekivati da ih sva izna\u0111e i ogoli (\u0161to i nije primarna zada\u0107a poetske misli), ali mu polazi za rukom da ve\u0107inu njih nasluti i podigne ih na nivo univerzalnih slika koje tvore sna\u017enu i upe\u010datljivu poruku da svijet optere\u0107en zlom opstaje zahvalju\u0107i mrvicama dobra, razuma i otpora koji je duboko usa\u0111en tamo gdje ga mo\u017eda najmanje o\u010dekujemo.<\/p>\n<p>Moralnost, kao vrhovni ljudski atribut, je ono \u0161to savremenom \u010dovjeku sve \u010de\u0161\u0107e postaje optere\u0107enje. Put do njenog punog ostvarenja ima nebrojeno mnogo zapreka, pjesnik je toga svjestan, pa u pjesmama to iznosi (nimalo se ne zavaravaju\u0107i), svjestan da la\u017e i zabluda mogu pre\u0107i u nikad ispravljivu naviku, u vje\u010ditu obmanu i drugih i samoga sebe.<\/p>\n<p>U dana\u0161nje vrijeme rijetki su pjesnici koji su toliko svjesni sopstvene situacije, sopstvenog egzistencijalnog stanja kao \u0160arenkapi\u0107: on je obuzet do dna bi\u0107a ovim osje\u0107anjem, shvata njegovu bitnost pri bivstvovanju u vremenu \u201ckad se trijebi od kukolja \u017eito\u201d.<\/p>\n<p><a href=\"#_ftnref1\" name=\"_ftn1\"><sup>[1]<\/sup><\/a> \u0160aban \u0160arenkapi\u0107: Izabrane pjesme, Zalihica, Sarajevo, 2005.<\/p>\n<p>&nbsp;<\/p>\n","protected":false},"excerpt":{"rendered":"<p>Autor: \u0160aban \u0160arenkapi\u0107<\/p>\n<p>\u017danr: Poezija<\/p>\n<p>Broj strana: 235<\/p>\n<p>Uvez: Tvrdi<\/p>\n<p>Izdava\u010d: Zalihica<\/p>\n","protected":false},"featured_media":11101,"template":"","meta":[],"product_brand":[],"product_cat":[300,302],"product_tag":[331,420,324],"class_list":{"0":"post-11099","1":"product","2":"type-product","3":"status-publish","4":"has-post-thumbnail","6":"product_cat-domaci-autori","7":"product_cat-poezija","8":"product_tag-poezija","9":"product_tag-saban-sarenkapic","10":"product_tag-zalihica","12":"first","13":"instock","14":"sale","15":"taxable","16":"shipping-taxable","17":"purchasable","18":"product-type-simple"},"yoast_head":"<!-- This site is optimized with the Yoast SEO plugin v27.5 - https:\/\/yoast.com\/product\/yoast-seo-wordpress\/ -->\n<title>IZABRANE PJESME - KNJIGOLJUBAC<\/title>\n<meta name=\"robots\" content=\"index, follow, max-snippet:-1, max-image-preview:large, max-video-preview:-1\" \/>\n<link rel=\"canonical\" href=\"https:\/\/knjigoljubac.ba\/hr\/product\/izabrane-pjesme\/\" \/>\n<meta property=\"og:locale\" content=\"hr_HR\" \/>\n<meta property=\"og:type\" content=\"article\" \/>\n<meta property=\"og:title\" content=\"IZABRANE PJESME - KNJIGOLJUBAC\" \/>\n<meta property=\"og:description\" content=\"Autor: \u0160aban \u0160arenkapi\u0107  \u017danr: Poezija  Broj strana: 235  Uvez: Tvrdi  Izdava\u010d: Zalihica\" \/>\n<meta property=\"og:url\" content=\"https:\/\/knjigoljubac.ba\/hr\/product\/izabrane-pjesme\/\" \/>\n<meta property=\"og:site_name\" content=\"KNJIGOLJUBAC\" \/>\n<meta property=\"article:publisher\" content=\"https:\/\/www.facebook.com\/knjigoljubacba-106067741319857\/?ref=pages_you_manage\" \/>\n<meta property=\"article:modified_time\" content=\"2020-10-17T08:13:34+00:00\" \/>\n<meta property=\"og:image\" content=\"https:\/\/knjigoljubac.ba\/wp-content\/uploads\/2020\/02\/izabrane-saban.jpg\" \/>\n\t<meta property=\"og:image:width\" content=\"160\" \/>\n\t<meta property=\"og:image:height\" content=\"226\" \/>\n\t<meta property=\"og:image:type\" content=\"image\/jpeg\" \/>\n<meta name=\"twitter:card\" content=\"summary_large_image\" \/>\n<meta name=\"twitter:label1\" content=\"Procijenjeno vrijeme \u010ditanja\" \/>\n\t<meta name=\"twitter:data1\" content=\"2 minute\" \/>\n<script type=\"application\/ld+json\" class=\"yoast-schema-graph\">{\"@context\":\"https:\\\/\\\/schema.org\",\"@graph\":[{\"@type\":\"WebPage\",\"@id\":\"https:\\\/\\\/knjigoljubac.ba\\\/product\\\/izabrane-pjesme\\\/\",\"url\":\"https:\\\/\\\/knjigoljubac.ba\\\/product\\\/izabrane-pjesme\\\/\",\"name\":\"IZABRANE PJESME - KNJIGOLJUBAC\",\"isPartOf\":{\"@id\":\"https:\\\/\\\/knjigoljubac.ba\\\/#website\"},\"primaryImageOfPage\":{\"@id\":\"https:\\\/\\\/knjigoljubac.ba\\\/product\\\/izabrane-pjesme\\\/#primaryimage\"},\"image\":{\"@id\":\"https:\\\/\\\/knjigoljubac.ba\\\/product\\\/izabrane-pjesme\\\/#primaryimage\"},\"thumbnailUrl\":\"https:\\\/\\\/knjigoljubac.ba\\\/wp-content\\\/uploads\\\/2020\\\/02\\\/izabrane-saban.jpg\",\"datePublished\":\"2020-02-19T12:16:05+00:00\",\"dateModified\":\"2020-10-17T08:13:34+00:00\",\"breadcrumb\":{\"@id\":\"https:\\\/\\\/knjigoljubac.ba\\\/product\\\/izabrane-pjesme\\\/#breadcrumb\"},\"inLanguage\":\"hr\",\"potentialAction\":[{\"@type\":\"ReadAction\",\"target\":[\"https:\\\/\\\/knjigoljubac.ba\\\/product\\\/izabrane-pjesme\\\/\"]}]},{\"@type\":\"ImageObject\",\"inLanguage\":\"hr\",\"@id\":\"https:\\\/\\\/knjigoljubac.ba\\\/product\\\/izabrane-pjesme\\\/#primaryimage\",\"url\":\"https:\\\/\\\/knjigoljubac.ba\\\/wp-content\\\/uploads\\\/2020\\\/02\\\/izabrane-saban.jpg\",\"contentUrl\":\"https:\\\/\\\/knjigoljubac.ba\\\/wp-content\\\/uploads\\\/2020\\\/02\\\/izabrane-saban.jpg\",\"width\":160,\"height\":226},{\"@type\":\"BreadcrumbList\",\"@id\":\"https:\\\/\\\/knjigoljubac.ba\\\/product\\\/izabrane-pjesme\\\/#breadcrumb\",\"itemListElement\":[{\"@type\":\"ListItem\",\"position\":1,\"name\":\"Po\u010detna stranica\",\"item\":\"https:\\\/\\\/knjigoljubac.ba\\\/\"},{\"@type\":\"ListItem\",\"position\":2,\"name\":\"Trgovina\",\"item\":\"https:\\\/\\\/knjigoljubac.ba\\\/trgovina\\\/\"},{\"@type\":\"ListItem\",\"position\":3,\"name\":\"IZABRANE PJESME\"}]},{\"@type\":\"WebSite\",\"@id\":\"https:\\\/\\\/knjigoljubac.ba\\\/#website\",\"url\":\"https:\\\/\\\/knjigoljubac.ba\\\/\",\"name\":\"KNJIGOLJUBAC\",\"description\":\"Va\u0161a online knji\u017eara\",\"publisher\":{\"@id\":\"https:\\\/\\\/knjigoljubac.ba\\\/#organization\"},\"potentialAction\":[{\"@type\":\"SearchAction\",\"target\":{\"@type\":\"EntryPoint\",\"urlTemplate\":\"https:\\\/\\\/knjigoljubac.ba\\\/?s={search_term_string}\"},\"query-input\":{\"@type\":\"PropertyValueSpecification\",\"valueRequired\":true,\"valueName\":\"search_term_string\"}}],\"inLanguage\":\"hr\"},{\"@type\":\"Organization\",\"@id\":\"https:\\\/\\\/knjigoljubac.ba\\\/#organization\",\"name\":\"KNJIGOLJUBAC\",\"url\":\"https:\\\/\\\/knjigoljubac.ba\\\/\",\"logo\":{\"@type\":\"ImageObject\",\"inLanguage\":\"hr\",\"@id\":\"https:\\\/\\\/knjigoljubac.ba\\\/#\\\/schema\\\/logo\\\/image\\\/\",\"url\":\"https:\\\/\\\/knjigoljubac.ba\\\/wp-content\\\/uploads\\\/2021\\\/09\\\/logo-novi-1024x465.png\",\"contentUrl\":\"https:\\\/\\\/knjigoljubac.ba\\\/wp-content\\\/uploads\\\/2021\\\/09\\\/logo-novi-1024x465.png\",\"width\":1024,\"height\":465,\"caption\":\"KNJIGOLJUBAC\"},\"image\":{\"@id\":\"https:\\\/\\\/knjigoljubac.ba\\\/#\\\/schema\\\/logo\\\/image\\\/\"},\"sameAs\":[\"https:\\\/\\\/www.facebook.com\\\/knjigoljubacba-106067741319857\\\/?ref=pages_you_manage\",\"https:\\\/\\\/www.instagram.com\\\/knjigoljubacbrcko\\\/\"]}]}<\/script>\n<!-- \/ Yoast SEO plugin. -->","yoast_head_json":{"title":"IZABRANE PJESME - KNJIGOLJUBAC","robots":{"index":"index","follow":"follow","max-snippet":"max-snippet:-1","max-image-preview":"max-image-preview:large","max-video-preview":"max-video-preview:-1"},"canonical":"https:\/\/knjigoljubac.ba\/hr\/product\/izabrane-pjesme\/","og_locale":"hr_HR","og_type":"article","og_title":"IZABRANE PJESME - KNJIGOLJUBAC","og_description":"Autor: \u0160aban \u0160arenkapi\u0107  \u017danr: Poezija  Broj strana: 235  Uvez: Tvrdi  Izdava\u010d: Zalihica","og_url":"https:\/\/knjigoljubac.ba\/hr\/product\/izabrane-pjesme\/","og_site_name":"KNJIGOLJUBAC","article_publisher":"https:\/\/www.facebook.com\/knjigoljubacba-106067741319857\/?ref=pages_you_manage","article_modified_time":"2020-10-17T08:13:34+00:00","og_image":[{"width":160,"height":226,"url":"https:\/\/knjigoljubac.ba\/wp-content\/uploads\/2020\/02\/izabrane-saban.jpg","type":"image\/jpeg"}],"twitter_card":"summary_large_image","twitter_misc":{"Procijenjeno vrijeme \u010ditanja":"2 minute"},"schema":{"@context":"https:\/\/schema.org","@graph":[{"@type":"WebPage","@id":"https:\/\/knjigoljubac.ba\/product\/izabrane-pjesme\/","url":"https:\/\/knjigoljubac.ba\/product\/izabrane-pjesme\/","name":"IZABRANE PJESME - KNJIGOLJUBAC","isPartOf":{"@id":"https:\/\/knjigoljubac.ba\/#website"},"primaryImageOfPage":{"@id":"https:\/\/knjigoljubac.ba\/product\/izabrane-pjesme\/#primaryimage"},"image":{"@id":"https:\/\/knjigoljubac.ba\/product\/izabrane-pjesme\/#primaryimage"},"thumbnailUrl":"https:\/\/knjigoljubac.ba\/wp-content\/uploads\/2020\/02\/izabrane-saban.jpg","datePublished":"2020-02-19T12:16:05+00:00","dateModified":"2020-10-17T08:13:34+00:00","breadcrumb":{"@id":"https:\/\/knjigoljubac.ba\/product\/izabrane-pjesme\/#breadcrumb"},"inLanguage":"hr","potentialAction":[{"@type":"ReadAction","target":["https:\/\/knjigoljubac.ba\/product\/izabrane-pjesme\/"]}]},{"@type":"ImageObject","inLanguage":"hr","@id":"https:\/\/knjigoljubac.ba\/product\/izabrane-pjesme\/#primaryimage","url":"https:\/\/knjigoljubac.ba\/wp-content\/uploads\/2020\/02\/izabrane-saban.jpg","contentUrl":"https:\/\/knjigoljubac.ba\/wp-content\/uploads\/2020\/02\/izabrane-saban.jpg","width":160,"height":226},{"@type":"BreadcrumbList","@id":"https:\/\/knjigoljubac.ba\/product\/izabrane-pjesme\/#breadcrumb","itemListElement":[{"@type":"ListItem","position":1,"name":"Po\u010detna stranica","item":"https:\/\/knjigoljubac.ba\/"},{"@type":"ListItem","position":2,"name":"Trgovina","item":"https:\/\/knjigoljubac.ba\/trgovina\/"},{"@type":"ListItem","position":3,"name":"IZABRANE PJESME"}]},{"@type":"WebSite","@id":"https:\/\/knjigoljubac.ba\/#website","url":"https:\/\/knjigoljubac.ba\/","name":"KNJIGOLJUBAC","description":"Va\u0161a online knji\u017eara","publisher":{"@id":"https:\/\/knjigoljubac.ba\/#organization"},"potentialAction":[{"@type":"SearchAction","target":{"@type":"EntryPoint","urlTemplate":"https:\/\/knjigoljubac.ba\/?s={search_term_string}"},"query-input":{"@type":"PropertyValueSpecification","valueRequired":true,"valueName":"search_term_string"}}],"inLanguage":"hr"},{"@type":"Organization","@id":"https:\/\/knjigoljubac.ba\/#organization","name":"KNJIGOLJUBAC","url":"https:\/\/knjigoljubac.ba\/","logo":{"@type":"ImageObject","inLanguage":"hr","@id":"https:\/\/knjigoljubac.ba\/#\/schema\/logo\/image\/","url":"https:\/\/knjigoljubac.ba\/wp-content\/uploads\/2021\/09\/logo-novi-1024x465.png","contentUrl":"https:\/\/knjigoljubac.ba\/wp-content\/uploads\/2021\/09\/logo-novi-1024x465.png","width":1024,"height":465,"caption":"KNJIGOLJUBAC"},"image":{"@id":"https:\/\/knjigoljubac.ba\/#\/schema\/logo\/image\/"},"sameAs":["https:\/\/www.facebook.com\/knjigoljubacba-106067741319857\/?ref=pages_you_manage","https:\/\/www.instagram.com\/knjigoljubacbrcko\/"]}]}},"jetpack_sharing_enabled":true,"_links":{"self":[{"href":"https:\/\/knjigoljubac.ba\/hr\/wp-json\/wp\/v2\/product\/11099","targetHints":{"allow":["GET"]}}],"collection":[{"href":"https:\/\/knjigoljubac.ba\/hr\/wp-json\/wp\/v2\/product"}],"about":[{"href":"https:\/\/knjigoljubac.ba\/hr\/wp-json\/wp\/v2\/types\/product"}],"wp:featuredmedia":[{"embeddable":true,"href":"https:\/\/knjigoljubac.ba\/hr\/wp-json\/wp\/v2\/media\/11101"}],"wp:attachment":[{"href":"https:\/\/knjigoljubac.ba\/hr\/wp-json\/wp\/v2\/media?parent=11099"}],"wp:term":[{"taxonomy":"product_brand","embeddable":true,"href":"https:\/\/knjigoljubac.ba\/hr\/wp-json\/wp\/v2\/product_brand?post=11099"},{"taxonomy":"product_cat","embeddable":true,"href":"https:\/\/knjigoljubac.ba\/hr\/wp-json\/wp\/v2\/product_cat?post=11099"},{"taxonomy":"product_tag","embeddable":true,"href":"https:\/\/knjigoljubac.ba\/hr\/wp-json\/wp\/v2\/product_tag?post=11099"}],"curies":[{"name":"wp","href":"https:\/\/api.w.org\/{rel}","templated":true}]}}