{"id":10988,"date":"2020-02-15T11:39:08","date_gmt":"2020-02-15T11:39:08","guid":{"rendered":"https:\/\/knjigoljubac.ba\/?post_type=product&#038;p=10988"},"modified":"2020-02-15T11:39:08","modified_gmt":"2020-02-15T11:39:08","slug":"razgovori","status":"publish","type":"product","link":"https:\/\/knjigoljubac.ba\/hr\/product\/razgovori\/","title":{"rendered":"RAZGOVORI"},"content":{"rendered":"<p>Neke stvari su u na\u0161oj mo\u0107i, druge nisu. U na\u0161oj mo\u0107i su mi\u0161ljenje, nagon, \u017eelja, zazor, ukratko \u2013 sve \u0161to je na\u0161e delo. U na\u0161oj mo\u0107i nisu: telo, posed, ugled, polo\u017eaj, ukratko, sve \u0161to nije na\u0161e delo. \u2026 Ako \u017eudi\u0161 za onim \u0161to nije u na\u0161oj mo\u0107i, bi\u0107e\u0161 nu\u017eno nesre\u0107an\u201c.<br \/>\nEpiktet<\/p>\n<p>Epiktetovi \u201eRazgovori\u201c spadaju me\u0111u najuticajnije stoi\u010dke spise, a svakako je najzna\u010dajniji sa\u010duvani stoi\u010dki spis pisan na gr\u010dkom, pored \u201eSamom sebi\u201c Marka Aurelija, budu\u0107i da spisi mnogih gr\u010dkih stoi\u010dkih filozofa (Zenona, Hrisipa) nisu sa\u010duvani. U njima se izla\u017eu temeljni eti\u010dki principi stoicizma u formi koja bi trebalo da pomogne ljudima da ih lak\u0161e primene u praksi i koriste kao osnovu za vo\u0111enje vrlog, spokojnijeg i sre\u0107nijeg \u017eivota. \u201eRazgovore\u201c otuda odlikuje \u017eivahna neformalnost i pro\u017eeti su brojnim anegdotama, slikovitim primerima i dijalozima. Njihova va\u017ena poruka jeste da na\u0161a sre\u0107a zavisi od nas i da svako od nas ima sposobnosti da, uz pomo\u0107 refleksije, uvida i napornog rada, postigne taj cilj. Nisu same stvari ono \u0161to nas onespokojava, nego mi\u0161ljenja koja o njima tvorimo. A samo ta mi\u0161ljenja mo\u017eemo da kontroli\u0161emo. Da bi se postigla mudrost i spokojstvo, potrebno je odustati od \u017eelje da se promene stvari koje nisu u na\u0161oj mo\u0107i. Otuda bi, prema Epiktetu, pre trebalo promeniti svoje \u017eelje nego poredak sveta (\u201eNe \u017eeli da ono \u0161to se doga\u0111a doga\u0111a kako ti \u017eeli\u0161, nego \u017eeli da stvari do\u0111u kako dolaze i bi\u0107e\u0161 spokojan\u201c).<\/p>\n<p>&nbsp;<\/p>\n","protected":false},"excerpt":{"rendered":"<p><strong>Autor<\/strong>: Epiktet<\/p>\n<p><strong>Prevod sa starogr\u010dkog:<\/strong><br \/>\nSonja Vasiljevi\u0107 i Aleksa Petrovi\u0107<br \/>\n<strong>Predgovor:<\/strong>\u00a0Robin Dobin<br \/>\n<strong>Prevod sa engleskog:<\/strong>\u00a0Miljana Proti\u0107<br \/>\n<strong>Broj strana:<\/strong>\u00a0331<br \/>\n<strong>Knjiga sadr\u017ei i hronologiju i bibliografiju<\/strong><br \/>\n<strong>Godina izdanja:<\/strong>\u00a02017.<\/p>\n<p><strong>Izdava\u010d<\/strong>: Karpos<\/p>\n","protected":false},"featured_media":10990,"template":"","meta":[],"product_brand":[],"product_cat":[292,325],"product_tag":[412,334,413],"class_list":{"0":"post-10988","1":"product","2":"type-product","3":"status-publish","4":"has-post-thumbnail","6":"product_cat-filozofija","7":"product_cat-najnovije-u-knjizari","8":"product_tag-epiket","9":"product_tag-knjigoljubac","10":"product_tag-razgovori","12":"first","13":"instock","14":"taxable","15":"shipping-taxable","16":"purchasable","17":"product-type-simple"},"yoast_head":"<!-- This site is optimized with the Yoast SEO plugin v27.5 - https:\/\/yoast.com\/product\/yoast-seo-wordpress\/ -->\n<title>RAZGOVORI - KNJIGOLJUBAC<\/title>\n<meta name=\"robots\" content=\"index, follow, max-snippet:-1, max-image-preview:large, max-video-preview:-1\" \/>\n<link rel=\"canonical\" href=\"https:\/\/knjigoljubac.ba\/hr\/product\/razgovori\/\" \/>\n<meta property=\"og:locale\" content=\"hr_HR\" \/>\n<meta property=\"og:type\" content=\"article\" \/>\n<meta property=\"og:title\" content=\"RAZGOVORI - KNJIGOLJUBAC\" \/>\n<meta property=\"og:description\" content=\"Autor: Epiktet  Prevod sa starogr\u010dkog: Sonja Vasiljevi\u0107 i Aleksa Petrovi\u0107 Predgovor:\u00a0Robin Dobin Prevod sa engleskog:\u00a0Miljana Proti\u0107 Broj strana:\u00a0331 Knjiga sadr\u017ei i hronologiju i bibliografiju Godina izdanja:\u00a02017.  Izdava\u010d: Karpos\" \/>\n<meta property=\"og:url\" content=\"https:\/\/knjigoljubac.ba\/hr\/product\/razgovori\/\" \/>\n<meta property=\"og:site_name\" content=\"KNJIGOLJUBAC\" \/>\n<meta property=\"article:publisher\" content=\"https:\/\/www.facebook.com\/knjigoljubacba-106067741319857\/?ref=pages_you_manage\" \/>\n<meta property=\"og:image\" content=\"https:\/\/knjigoljubac.ba\/wp-content\/uploads\/2020\/02\/epiktet_mid-min2-1.jpg\" \/>\n\t<meta property=\"og:image:width\" content=\"160\" \/>\n\t<meta property=\"og:image:height\" content=\"226\" \/>\n\t<meta property=\"og:image:type\" content=\"image\/jpeg\" \/>\n<meta name=\"twitter:card\" content=\"summary_large_image\" \/>\n<meta name=\"twitter:label1\" content=\"Procijenjeno vrijeme \u010ditanja\" \/>\n\t<meta name=\"twitter:data1\" content=\"1 minuta\" \/>\n<script type=\"application\/ld+json\" class=\"yoast-schema-graph\">{\"@context\":\"https:\\\/\\\/schema.org\",\"@graph\":[{\"@type\":\"WebPage\",\"@id\":\"https:\\\/\\\/knjigoljubac.ba\\\/product\\\/razgovori\\\/\",\"url\":\"https:\\\/\\\/knjigoljubac.ba\\\/product\\\/razgovori\\\/\",\"name\":\"RAZGOVORI - KNJIGOLJUBAC\",\"isPartOf\":{\"@id\":\"https:\\\/\\\/knjigoljubac.ba\\\/#website\"},\"primaryImageOfPage\":{\"@id\":\"https:\\\/\\\/knjigoljubac.ba\\\/product\\\/razgovori\\\/#primaryimage\"},\"image\":{\"@id\":\"https:\\\/\\\/knjigoljubac.ba\\\/product\\\/razgovori\\\/#primaryimage\"},\"thumbnailUrl\":\"https:\\\/\\\/knjigoljubac.ba\\\/wp-content\\\/uploads\\\/2020\\\/02\\\/epiktet_mid-min2-1.jpg\",\"datePublished\":\"2020-02-15T11:39:08+00:00\",\"breadcrumb\":{\"@id\":\"https:\\\/\\\/knjigoljubac.ba\\\/product\\\/razgovori\\\/#breadcrumb\"},\"inLanguage\":\"hr\",\"potentialAction\":[{\"@type\":\"ReadAction\",\"target\":[\"https:\\\/\\\/knjigoljubac.ba\\\/product\\\/razgovori\\\/\"]}]},{\"@type\":\"ImageObject\",\"inLanguage\":\"hr\",\"@id\":\"https:\\\/\\\/knjigoljubac.ba\\\/product\\\/razgovori\\\/#primaryimage\",\"url\":\"https:\\\/\\\/knjigoljubac.ba\\\/wp-content\\\/uploads\\\/2020\\\/02\\\/epiktet_mid-min2-1.jpg\",\"contentUrl\":\"https:\\\/\\\/knjigoljubac.ba\\\/wp-content\\\/uploads\\\/2020\\\/02\\\/epiktet_mid-min2-1.jpg\",\"width\":160,\"height\":226},{\"@type\":\"BreadcrumbList\",\"@id\":\"https:\\\/\\\/knjigoljubac.ba\\\/product\\\/razgovori\\\/#breadcrumb\",\"itemListElement\":[{\"@type\":\"ListItem\",\"position\":1,\"name\":\"Po\u010detna stranica\",\"item\":\"https:\\\/\\\/knjigoljubac.ba\\\/\"},{\"@type\":\"ListItem\",\"position\":2,\"name\":\"Trgovina\",\"item\":\"https:\\\/\\\/knjigoljubac.ba\\\/trgovina\\\/\"},{\"@type\":\"ListItem\",\"position\":3,\"name\":\"RAZGOVORI\"}]},{\"@type\":\"WebSite\",\"@id\":\"https:\\\/\\\/knjigoljubac.ba\\\/#website\",\"url\":\"https:\\\/\\\/knjigoljubac.ba\\\/\",\"name\":\"KNJIGOLJUBAC\",\"description\":\"Va\u0161a online knji\u017eara\",\"publisher\":{\"@id\":\"https:\\\/\\\/knjigoljubac.ba\\\/#organization\"},\"potentialAction\":[{\"@type\":\"SearchAction\",\"target\":{\"@type\":\"EntryPoint\",\"urlTemplate\":\"https:\\\/\\\/knjigoljubac.ba\\\/?s={search_term_string}\"},\"query-input\":{\"@type\":\"PropertyValueSpecification\",\"valueRequired\":true,\"valueName\":\"search_term_string\"}}],\"inLanguage\":\"hr\"},{\"@type\":\"Organization\",\"@id\":\"https:\\\/\\\/knjigoljubac.ba\\\/#organization\",\"name\":\"KNJIGOLJUBAC\",\"url\":\"https:\\\/\\\/knjigoljubac.ba\\\/\",\"logo\":{\"@type\":\"ImageObject\",\"inLanguage\":\"hr\",\"@id\":\"https:\\\/\\\/knjigoljubac.ba\\\/#\\\/schema\\\/logo\\\/image\\\/\",\"url\":\"https:\\\/\\\/knjigoljubac.ba\\\/wp-content\\\/uploads\\\/2021\\\/09\\\/logo-novi-1024x465.png\",\"contentUrl\":\"https:\\\/\\\/knjigoljubac.ba\\\/wp-content\\\/uploads\\\/2021\\\/09\\\/logo-novi-1024x465.png\",\"width\":1024,\"height\":465,\"caption\":\"KNJIGOLJUBAC\"},\"image\":{\"@id\":\"https:\\\/\\\/knjigoljubac.ba\\\/#\\\/schema\\\/logo\\\/image\\\/\"},\"sameAs\":[\"https:\\\/\\\/www.facebook.com\\\/knjigoljubacba-106067741319857\\\/?ref=pages_you_manage\",\"https:\\\/\\\/www.instagram.com\\\/knjigoljubacbrcko\\\/\"]}]}<\/script>\n<!-- \/ Yoast SEO plugin. -->","yoast_head_json":{"title":"RAZGOVORI - KNJIGOLJUBAC","robots":{"index":"index","follow":"follow","max-snippet":"max-snippet:-1","max-image-preview":"max-image-preview:large","max-video-preview":"max-video-preview:-1"},"canonical":"https:\/\/knjigoljubac.ba\/hr\/product\/razgovori\/","og_locale":"hr_HR","og_type":"article","og_title":"RAZGOVORI - KNJIGOLJUBAC","og_description":"Autor: Epiktet  Prevod sa starogr\u010dkog: Sonja Vasiljevi\u0107 i Aleksa Petrovi\u0107 Predgovor:\u00a0Robin Dobin Prevod sa engleskog:\u00a0Miljana Proti\u0107 Broj strana:\u00a0331 Knjiga sadr\u017ei i hronologiju i bibliografiju Godina izdanja:\u00a02017.  Izdava\u010d: Karpos","og_url":"https:\/\/knjigoljubac.ba\/hr\/product\/razgovori\/","og_site_name":"KNJIGOLJUBAC","article_publisher":"https:\/\/www.facebook.com\/knjigoljubacba-106067741319857\/?ref=pages_you_manage","og_image":[{"width":160,"height":226,"url":"https:\/\/knjigoljubac.ba\/wp-content\/uploads\/2020\/02\/epiktet_mid-min2-1.jpg","type":"image\/jpeg"}],"twitter_card":"summary_large_image","twitter_misc":{"Procijenjeno vrijeme \u010ditanja":"1 minuta"},"schema":{"@context":"https:\/\/schema.org","@graph":[{"@type":"WebPage","@id":"https:\/\/knjigoljubac.ba\/product\/razgovori\/","url":"https:\/\/knjigoljubac.ba\/product\/razgovori\/","name":"RAZGOVORI - KNJIGOLJUBAC","isPartOf":{"@id":"https:\/\/knjigoljubac.ba\/#website"},"primaryImageOfPage":{"@id":"https:\/\/knjigoljubac.ba\/product\/razgovori\/#primaryimage"},"image":{"@id":"https:\/\/knjigoljubac.ba\/product\/razgovori\/#primaryimage"},"thumbnailUrl":"https:\/\/knjigoljubac.ba\/wp-content\/uploads\/2020\/02\/epiktet_mid-min2-1.jpg","datePublished":"2020-02-15T11:39:08+00:00","breadcrumb":{"@id":"https:\/\/knjigoljubac.ba\/product\/razgovori\/#breadcrumb"},"inLanguage":"hr","potentialAction":[{"@type":"ReadAction","target":["https:\/\/knjigoljubac.ba\/product\/razgovori\/"]}]},{"@type":"ImageObject","inLanguage":"hr","@id":"https:\/\/knjigoljubac.ba\/product\/razgovori\/#primaryimage","url":"https:\/\/knjigoljubac.ba\/wp-content\/uploads\/2020\/02\/epiktet_mid-min2-1.jpg","contentUrl":"https:\/\/knjigoljubac.ba\/wp-content\/uploads\/2020\/02\/epiktet_mid-min2-1.jpg","width":160,"height":226},{"@type":"BreadcrumbList","@id":"https:\/\/knjigoljubac.ba\/product\/razgovori\/#breadcrumb","itemListElement":[{"@type":"ListItem","position":1,"name":"Po\u010detna stranica","item":"https:\/\/knjigoljubac.ba\/"},{"@type":"ListItem","position":2,"name":"Trgovina","item":"https:\/\/knjigoljubac.ba\/trgovina\/"},{"@type":"ListItem","position":3,"name":"RAZGOVORI"}]},{"@type":"WebSite","@id":"https:\/\/knjigoljubac.ba\/#website","url":"https:\/\/knjigoljubac.ba\/","name":"KNJIGOLJUBAC","description":"Va\u0161a online knji\u017eara","publisher":{"@id":"https:\/\/knjigoljubac.ba\/#organization"},"potentialAction":[{"@type":"SearchAction","target":{"@type":"EntryPoint","urlTemplate":"https:\/\/knjigoljubac.ba\/?s={search_term_string}"},"query-input":{"@type":"PropertyValueSpecification","valueRequired":true,"valueName":"search_term_string"}}],"inLanguage":"hr"},{"@type":"Organization","@id":"https:\/\/knjigoljubac.ba\/#organization","name":"KNJIGOLJUBAC","url":"https:\/\/knjigoljubac.ba\/","logo":{"@type":"ImageObject","inLanguage":"hr","@id":"https:\/\/knjigoljubac.ba\/#\/schema\/logo\/image\/","url":"https:\/\/knjigoljubac.ba\/wp-content\/uploads\/2021\/09\/logo-novi-1024x465.png","contentUrl":"https:\/\/knjigoljubac.ba\/wp-content\/uploads\/2021\/09\/logo-novi-1024x465.png","width":1024,"height":465,"caption":"KNJIGOLJUBAC"},"image":{"@id":"https:\/\/knjigoljubac.ba\/#\/schema\/logo\/image\/"},"sameAs":["https:\/\/www.facebook.com\/knjigoljubacba-106067741319857\/?ref=pages_you_manage","https:\/\/www.instagram.com\/knjigoljubacbrcko\/"]}]}},"jetpack_sharing_enabled":true,"_links":{"self":[{"href":"https:\/\/knjigoljubac.ba\/hr\/wp-json\/wp\/v2\/product\/10988","targetHints":{"allow":["GET"]}}],"collection":[{"href":"https:\/\/knjigoljubac.ba\/hr\/wp-json\/wp\/v2\/product"}],"about":[{"href":"https:\/\/knjigoljubac.ba\/hr\/wp-json\/wp\/v2\/types\/product"}],"wp:featuredmedia":[{"embeddable":true,"href":"https:\/\/knjigoljubac.ba\/hr\/wp-json\/wp\/v2\/media\/10990"}],"wp:attachment":[{"href":"https:\/\/knjigoljubac.ba\/hr\/wp-json\/wp\/v2\/media?parent=10988"}],"wp:term":[{"taxonomy":"product_brand","embeddable":true,"href":"https:\/\/knjigoljubac.ba\/hr\/wp-json\/wp\/v2\/product_brand?post=10988"},{"taxonomy":"product_cat","embeddable":true,"href":"https:\/\/knjigoljubac.ba\/hr\/wp-json\/wp\/v2\/product_cat?post=10988"},{"taxonomy":"product_tag","embeddable":true,"href":"https:\/\/knjigoljubac.ba\/hr\/wp-json\/wp\/v2\/product_tag?post=10988"}],"curies":[{"name":"wp","href":"https:\/\/api.w.org\/{rel}","templated":true}]}}