{"id":10540,"date":"2020-02-08T09:17:28","date_gmt":"2020-02-08T09:17:28","guid":{"rendered":"https:\/\/knjigoljubac.ba\/?post_type=product&#038;p=10540"},"modified":"2020-02-19T11:41:56","modified_gmt":"2020-02-19T11:41:56","slug":"gospodari-balansiranja-antologija-savremene-proze-bosnjaka-iz-sandzaka","status":"publish","type":"product","link":"https:\/\/knjigoljubac.ba\/hr\/product\/gospodari-balansiranja-antologija-savremene-proze-bosnjaka-iz-sandzaka\/","title":{"rendered":"GOSPODARI BALANSIRANJA &#8211; Antologija savremene proze Bo\u0161njaka iz Sand\u017eaka"},"content":{"rendered":"<p>Knjigom Gospodari balansiranja, Almir Zalihi\u0107 zaokru\u017euje svoje <strong>antologi\u010darsko <\/strong>sistematiziranje i vrednovanje knji\u017eevnosti sand\u017ea\u010dkih Bo\u0161njaka. On je, naime, prethodno (1998) sa Nurom Sadikovi\u0107em sa\u010dinio <em>Antologiju savremene knji\u017eevnosti Bo\u0161njaka iz Sand\u017eaka<\/em>, i to je bio prvi takav projekat uop\u0107e, a zatim je (2001) objavio <em>Antologiju savremene poezije Bo\u0161njaka iz Sand\u017eaka<\/em>. Kada se ovim trima antologijama pridoda i njegova knjiga studija i knji\u017eevnokriti\u010dkih tekstova o knji\u017eevnosti Bo\u0161njaka iz Sand\u017eaka (1999) koja ga legitimira kao pouzdanog i kompetentnog poznavatelja, onda valja zaklju\u010diti da je uistinu prava sre\u0107a da se bo\u0161nja\u010dkim knji\u017eevnim stvaraocima &#8220;desio&#8221; jedan ovakav knji\u017eevni histori\u010dar koji se osposobio za pogled iznutra (kako se upravo ta knjiga i zove) na sand\u017ea\u010dku bo\u0161nja\u010dku knji\u017eevnost.<\/p>\n<p>No, dakako, nije ovakav Almir Zalihi\u0107 velika dobit samo za ovu na\u0161u regionalnu knji\u017eevnost nego je, izvan svake sumnje, rije\u010d o poslu koji je obavljen na dobrobit bo\u0161nja\u010dke knji\u017eevnosti uop\u0107e. Jer, ovdje se prije svega radi o jednom fenomenalnom pregnu\u0107u koje ne samo da izaziva divljenje s obzirom na intenzitet i predanost predmetu kojim se ve\u0107, evo, godinama bavi, nego nas rezultat Zalihi\u0107eve energije, volje i znanja \u0161to ih je unio u sistematizaciju sand\u017ea\u010dke bo\u0161nja\u010dke knji\u017eevnosti dovodi pred pitanje \u2013 \u0161ta je i kakva je cjelina bo\u0161nja\u010dke knji\u017eevnosti, to jest: kako smo tu knji\u017eevnost do sada poimali? A to zaka\u0161njelo konstituiranje na\u0161e svijesti o zasebitosti, uslovnoj: dakako, bo\u0161nja\u010dke knji\u017eevnosti kao cjeline nije te\u0161ko razumjeti ako se ima na umu da je tek prije ne\u0161to vi\u0161e od 30 godina sa\u010dinjena prva antologija bo\u0161nja\u010dke knji\u017eevnosti uop\u0107e (<em>Biserje<\/em> Alije Isakovi\u0107a), da bi se 1990. godine pojavila Durakovi\u0107eva antologija bo\u0161nja\u010dke poezije, a onda je prije desetak godina objavljena i ona <em>Alefova<\/em> epohalna antologizacija sveukupne bo\u0161nja\u010dke knji\u017eevnosti, u 10 knjiga. Bez obzira, me\u0111utim, na te <em>Alefove<\/em> knjige \u2013 ove Zalihi\u0107eve tri antologije apsolutno imaju svoj <strong>raison detre<\/strong>, jer se ipak knji\u017eevnost sand\u017ea\u010dkih Bo\u0161njaka, ove antologije svjedo\u010de to na najbolji na\u010din, razvijala kao jedan, uprkos svim njenim unutarnjim rastrganostima, umnogome zaseban tok \u2013 u svojim posebnim i specifi\u010dnim dru\u0161tvenim i povijesnim prilikama u odnosu na mati\u010dnu zemlju Bosnu. \u0160tavi\u0161e, \u010ditaju\u0107i tekstove koje donose ove Zalihi\u0107eve antologije, mislim da se mo\u017ee itekako jasno zapaziti jedan zaseban duhovni etimon iz kojeg ni\u010de i uveliko specifi\u010dan knji\u017eevni svijet, sa svojom autenti\u010dnom mitologijom, tematskim preokupacijama, poeti\u010dkim linijama i osobenim prezentnim i u samom jeziku te knji\u017eevnosti. Potvr\u0111uje se to i u ovoj antologiji, od najstarijeg uvr\u0161tenog autora \u2013 \u0106amila Sijari\u0107a do najmla\u0111eg \u2013 Jahje Fehratovi\u0107a. Stoga je, dakle, bilo ne samo opravdano nego je i prijeko potrebno sa\u010diniti ove knjige u kojima se taj svijet samjerava unutar sebe, kao \u0161to je, naravno, nedvosmisleno da se knji\u017eevnost sand\u017ea\u010dkih Bo\u0161njaka tretira kao dio cjeline bo\u0161nja\u010dke knji\u017eevnosti. O svemu tome kompetentno i vrlo konzistentno kazuje sastavlja\u010d antologije u svom predgovoru \u2013 od onih uvodnih, sintetiziraju\u0107e postavljenih pasusa do pasa\u017ea o pojedina\u010dnim proznim svjetovima koje ova knjiga donosi.<\/p>\n<p>Ali, kao \u0161to se ne mo\u017ee govoriti o borbi za priznanje zasebitosti bo\u0161nja\u010dke knji\u017eevnosti uop\u0107e izvan povijesnih okolnosti u kojima se vodila i politi\u010dka borba za priznanje i uva\u017eavanje bo\u0161nja\u010dke nacije \u2013 tako i ove Zalihi\u0107eve antologije neminovno provociraju pitanja druk\u010dije naravi. Posrijedi je, razumljivo, povijesni polo\u017eaj tog nesretnijeg dijela na\u0161eg naroda, kako je sand\u017ea\u010dke Bo\u0161njake jednom ozna\u010dio Alija Izetbegovi\u0107, u asimiliraju\u0107em, pa i potpuno poni\u0161tsavaju\u0107em okru\u017eenju u kojem se oni nalaze. Me\u0111utim, rije\u010d je i o tome kako smo mi, bosanski Bo\u0161njaci, gledali, razumijevali i prihvatali, odnosno odbijali Sand\u017eaklije. Taj dramati\u010dno destruktivni momenat osjetio je i, po mome sudu, maestralno umjetni\u010dki artikulirao Abdulah Sidran u pjesmi <em>Razvla\u010denje pameti<\/em>, koja ima podnaslov: <em>Prilog raspravi o Sand\u017eaklijama<\/em>. Pitanje: <em>\u0160ta su, i kosu \u2013 na\u0161i Sand\u017eaklije?<\/em> \u2013 pojavljuje se u ovoj pjesmi kao refren na\u0161eg nerazumijevanja koji se kroz pjesmu tek unekoliko modificira, odnosno deklinira, a Sidran pjesmu, parafraziraju\u0107i Konstantina Kavafisa, poentira slijede\u0107im stihovima: <em>Tako velike bi\u0107e na\u0161e hvale,\/ njima, na\u0161im Sand\u017eaklijama \/ &#8211; sad, evo, znamo ko su i \u0161ta su -\/ njima \/ Bo\u0161njacima \u0161to krvavo \/ i preskupo pla\u0107aju svoj ulazak-\/ u Bo\u0161njake.<\/em><\/p>\n<p>Druk\u010diji je povijesni kontekst na djelu u Sidranovoj pjesmi (na \u0161ta jasno upozorava ono spominjanje krvi) ali je su\u0161tina stvari ista. Zahvaljuju\u0107i velikom pregnu\u0107u Almira Zalihi\u0107a, bo\u0161nja\u010dki pisci iz Sand\u017eaka definitivno i na najbolji mogu\u0107i na\u010din ulaze u Bo\u0161nja\u010dku knji\u017eevnost.<\/p>\n<p>O <strong>Gospodarima balansiranja<\/strong> mo\u017ee se govoriti na mnogo na\u010dina i sa mnogo stajali\u0161ta, a ja sam radostan i po\u010da\u0161\u0107en \u0161to imam priliku iskazati ovih nekoliko nepretencioznih rije\u010di. Na kraju bi se iznova moglo lamentirati i o tome da je i u ovom slu\u010daju potvr\u0111eno kako mi nemamo institucije \u0161to bi imale zada\u0107u obavljati i objavljivati ovakve kapitalne projekte, te da \u0107emo, izgleda, jo\u0161 dugo vrijeme biti osu\u0111eni na individualne anga\u017emane. Moglo bi se, dakle, govoriti i o tome, ali \u2013 \u010demu?<\/p>\n<p>Amir Brka<\/p>\n","protected":false},"excerpt":{"rendered":"<p>Pisac: ALMIR ZALIHI\u0106<\/p>\n<p>\u017danr: Antologija<\/p>\n<p>Broj strana: 367<\/p>\n<p>Uvez: Tvrdi<\/p>\n<p>Izdava\u010d: Zonex<\/p>\n","protected":false},"featured_media":10541,"template":"","meta":[],"product_brand":[],"product_cat":[305,300,301],"product_tag":[317,321,318,320],"class_list":{"0":"post-10540","1":"product","2":"type-product","3":"status-publish","4":"has-post-thumbnail","6":"product_cat-antologije","7":"product_cat-domaci-autori","8":"product_cat-proza","9":"product_tag-almir-zalihic","10":"product_tag-antologija","11":"product_tag-gospodari-balansiranja","12":"product_tag-sandzak","14":"first","15":"instock","16":"sale","17":"taxable","18":"shipping-taxable","19":"purchasable","20":"product-type-simple"},"yoast_head":"<!-- This site is optimized with the Yoast SEO plugin v27.5 - https:\/\/yoast.com\/product\/yoast-seo-wordpress\/ -->\n<title>GOSPODARI BALANSIRANJA - Antologija savremene proze Bo\u0161njaka iz Sand\u017eaka - KNJIGOLJUBAC<\/title>\n<meta name=\"robots\" content=\"index, follow, max-snippet:-1, max-image-preview:large, max-video-preview:-1\" \/>\n<link rel=\"canonical\" href=\"https:\/\/knjigoljubac.ba\/hr\/product\/gospodari-balansiranja-antologija-savremene-proze-bosnjaka-iz-sandzaka\/\" \/>\n<meta property=\"og:locale\" content=\"hr_HR\" \/>\n<meta property=\"og:type\" content=\"article\" \/>\n<meta property=\"og:title\" content=\"GOSPODARI BALANSIRANJA - Antologija savremene proze Bo\u0161njaka iz Sand\u017eaka - KNJIGOLJUBAC\" \/>\n<meta property=\"og:description\" content=\"Pisac: ALMIR ZALIHI\u0106  \u017danr: Antologija  Broj strana: 367  Uvez: Tvrdi  Izdava\u010d: Zonex\" \/>\n<meta property=\"og:url\" content=\"https:\/\/knjigoljubac.ba\/hr\/product\/gospodari-balansiranja-antologija-savremene-proze-bosnjaka-iz-sandzaka\/\" \/>\n<meta property=\"og:site_name\" content=\"KNJIGOLJUBAC\" \/>\n<meta property=\"article:publisher\" content=\"https:\/\/www.facebook.com\/knjigoljubacba-106067741319857\/?ref=pages_you_manage\" \/>\n<meta property=\"article:modified_time\" content=\"2020-02-19T11:41:56+00:00\" \/>\n<meta property=\"og:image\" content=\"https:\/\/knjigoljubac.ba\/wp-content\/uploads\/2020\/02\/balans.jpg\" \/>\n\t<meta property=\"og:image:width\" content=\"160\" \/>\n\t<meta property=\"og:image:height\" content=\"226\" \/>\n\t<meta property=\"og:image:type\" content=\"image\/jpeg\" \/>\n<meta name=\"twitter:card\" content=\"summary_large_image\" \/>\n<meta name=\"twitter:label1\" content=\"Procijenjeno vrijeme \u010ditanja\" \/>\n\t<meta name=\"twitter:data1\" content=\"5 minuta\" \/>\n<script type=\"application\/ld+json\" class=\"yoast-schema-graph\">{\"@context\":\"https:\\\/\\\/schema.org\",\"@graph\":[{\"@type\":\"WebPage\",\"@id\":\"https:\\\/\\\/knjigoljubac.ba\\\/product\\\/gospodari-balansiranja-antologija-savremene-proze-bosnjaka-iz-sandzaka\\\/\",\"url\":\"https:\\\/\\\/knjigoljubac.ba\\\/product\\\/gospodari-balansiranja-antologija-savremene-proze-bosnjaka-iz-sandzaka\\\/\",\"name\":\"GOSPODARI BALANSIRANJA - Antologija savremene proze Bo\u0161njaka iz Sand\u017eaka - KNJIGOLJUBAC\",\"isPartOf\":{\"@id\":\"https:\\\/\\\/knjigoljubac.ba\\\/#website\"},\"primaryImageOfPage\":{\"@id\":\"https:\\\/\\\/knjigoljubac.ba\\\/product\\\/gospodari-balansiranja-antologija-savremene-proze-bosnjaka-iz-sandzaka\\\/#primaryimage\"},\"image\":{\"@id\":\"https:\\\/\\\/knjigoljubac.ba\\\/product\\\/gospodari-balansiranja-antologija-savremene-proze-bosnjaka-iz-sandzaka\\\/#primaryimage\"},\"thumbnailUrl\":\"https:\\\/\\\/knjigoljubac.ba\\\/wp-content\\\/uploads\\\/2020\\\/02\\\/balans.jpg\",\"datePublished\":\"2020-02-08T09:17:28+00:00\",\"dateModified\":\"2020-02-19T11:41:56+00:00\",\"breadcrumb\":{\"@id\":\"https:\\\/\\\/knjigoljubac.ba\\\/product\\\/gospodari-balansiranja-antologija-savremene-proze-bosnjaka-iz-sandzaka\\\/#breadcrumb\"},\"inLanguage\":\"hr\",\"potentialAction\":[{\"@type\":\"ReadAction\",\"target\":[\"https:\\\/\\\/knjigoljubac.ba\\\/product\\\/gospodari-balansiranja-antologija-savremene-proze-bosnjaka-iz-sandzaka\\\/\"]}]},{\"@type\":\"ImageObject\",\"inLanguage\":\"hr\",\"@id\":\"https:\\\/\\\/knjigoljubac.ba\\\/product\\\/gospodari-balansiranja-antologija-savremene-proze-bosnjaka-iz-sandzaka\\\/#primaryimage\",\"url\":\"https:\\\/\\\/knjigoljubac.ba\\\/wp-content\\\/uploads\\\/2020\\\/02\\\/balans.jpg\",\"contentUrl\":\"https:\\\/\\\/knjigoljubac.ba\\\/wp-content\\\/uploads\\\/2020\\\/02\\\/balans.jpg\",\"width\":160,\"height\":226},{\"@type\":\"BreadcrumbList\",\"@id\":\"https:\\\/\\\/knjigoljubac.ba\\\/product\\\/gospodari-balansiranja-antologija-savremene-proze-bosnjaka-iz-sandzaka\\\/#breadcrumb\",\"itemListElement\":[{\"@type\":\"ListItem\",\"position\":1,\"name\":\"Po\u010detna stranica\",\"item\":\"https:\\\/\\\/knjigoljubac.ba\\\/\"},{\"@type\":\"ListItem\",\"position\":2,\"name\":\"Trgovina\",\"item\":\"https:\\\/\\\/knjigoljubac.ba\\\/trgovina\\\/\"},{\"@type\":\"ListItem\",\"position\":3,\"name\":\"GOSPODARI BALANSIRANJA &#8211; Antologija savremene proze Bo\u0161njaka iz Sand\u017eaka\"}]},{\"@type\":\"WebSite\",\"@id\":\"https:\\\/\\\/knjigoljubac.ba\\\/#website\",\"url\":\"https:\\\/\\\/knjigoljubac.ba\\\/\",\"name\":\"KNJIGOLJUBAC\",\"description\":\"Va\u0161a online knji\u017eara\",\"publisher\":{\"@id\":\"https:\\\/\\\/knjigoljubac.ba\\\/#organization\"},\"potentialAction\":[{\"@type\":\"SearchAction\",\"target\":{\"@type\":\"EntryPoint\",\"urlTemplate\":\"https:\\\/\\\/knjigoljubac.ba\\\/?s={search_term_string}\"},\"query-input\":{\"@type\":\"PropertyValueSpecification\",\"valueRequired\":true,\"valueName\":\"search_term_string\"}}],\"inLanguage\":\"hr\"},{\"@type\":\"Organization\",\"@id\":\"https:\\\/\\\/knjigoljubac.ba\\\/#organization\",\"name\":\"KNJIGOLJUBAC\",\"url\":\"https:\\\/\\\/knjigoljubac.ba\\\/\",\"logo\":{\"@type\":\"ImageObject\",\"inLanguage\":\"hr\",\"@id\":\"https:\\\/\\\/knjigoljubac.ba\\\/#\\\/schema\\\/logo\\\/image\\\/\",\"url\":\"https:\\\/\\\/knjigoljubac.ba\\\/wp-content\\\/uploads\\\/2021\\\/09\\\/logo-novi-1024x465.png\",\"contentUrl\":\"https:\\\/\\\/knjigoljubac.ba\\\/wp-content\\\/uploads\\\/2021\\\/09\\\/logo-novi-1024x465.png\",\"width\":1024,\"height\":465,\"caption\":\"KNJIGOLJUBAC\"},\"image\":{\"@id\":\"https:\\\/\\\/knjigoljubac.ba\\\/#\\\/schema\\\/logo\\\/image\\\/\"},\"sameAs\":[\"https:\\\/\\\/www.facebook.com\\\/knjigoljubacba-106067741319857\\\/?ref=pages_you_manage\",\"https:\\\/\\\/www.instagram.com\\\/knjigoljubacbrcko\\\/\"]}]}<\/script>\n<!-- \/ Yoast SEO plugin. -->","yoast_head_json":{"title":"GOSPODARI BALANSIRANJA - Antologija savremene proze Bo\u0161njaka iz Sand\u017eaka - KNJIGOLJUBAC","robots":{"index":"index","follow":"follow","max-snippet":"max-snippet:-1","max-image-preview":"max-image-preview:large","max-video-preview":"max-video-preview:-1"},"canonical":"https:\/\/knjigoljubac.ba\/hr\/product\/gospodari-balansiranja-antologija-savremene-proze-bosnjaka-iz-sandzaka\/","og_locale":"hr_HR","og_type":"article","og_title":"GOSPODARI BALANSIRANJA - Antologija savremene proze Bo\u0161njaka iz Sand\u017eaka - KNJIGOLJUBAC","og_description":"Pisac: ALMIR ZALIHI\u0106  \u017danr: Antologija  Broj strana: 367  Uvez: Tvrdi  Izdava\u010d: Zonex","og_url":"https:\/\/knjigoljubac.ba\/hr\/product\/gospodari-balansiranja-antologija-savremene-proze-bosnjaka-iz-sandzaka\/","og_site_name":"KNJIGOLJUBAC","article_publisher":"https:\/\/www.facebook.com\/knjigoljubacba-106067741319857\/?ref=pages_you_manage","article_modified_time":"2020-02-19T11:41:56+00:00","og_image":[{"width":160,"height":226,"url":"https:\/\/knjigoljubac.ba\/wp-content\/uploads\/2020\/02\/balans.jpg","type":"image\/jpeg"}],"twitter_card":"summary_large_image","twitter_misc":{"Procijenjeno vrijeme \u010ditanja":"5 minuta"},"schema":{"@context":"https:\/\/schema.org","@graph":[{"@type":"WebPage","@id":"https:\/\/knjigoljubac.ba\/product\/gospodari-balansiranja-antologija-savremene-proze-bosnjaka-iz-sandzaka\/","url":"https:\/\/knjigoljubac.ba\/product\/gospodari-balansiranja-antologija-savremene-proze-bosnjaka-iz-sandzaka\/","name":"GOSPODARI BALANSIRANJA - Antologija savremene proze Bo\u0161njaka iz Sand\u017eaka - KNJIGOLJUBAC","isPartOf":{"@id":"https:\/\/knjigoljubac.ba\/#website"},"primaryImageOfPage":{"@id":"https:\/\/knjigoljubac.ba\/product\/gospodari-balansiranja-antologija-savremene-proze-bosnjaka-iz-sandzaka\/#primaryimage"},"image":{"@id":"https:\/\/knjigoljubac.ba\/product\/gospodari-balansiranja-antologija-savremene-proze-bosnjaka-iz-sandzaka\/#primaryimage"},"thumbnailUrl":"https:\/\/knjigoljubac.ba\/wp-content\/uploads\/2020\/02\/balans.jpg","datePublished":"2020-02-08T09:17:28+00:00","dateModified":"2020-02-19T11:41:56+00:00","breadcrumb":{"@id":"https:\/\/knjigoljubac.ba\/product\/gospodari-balansiranja-antologija-savremene-proze-bosnjaka-iz-sandzaka\/#breadcrumb"},"inLanguage":"hr","potentialAction":[{"@type":"ReadAction","target":["https:\/\/knjigoljubac.ba\/product\/gospodari-balansiranja-antologija-savremene-proze-bosnjaka-iz-sandzaka\/"]}]},{"@type":"ImageObject","inLanguage":"hr","@id":"https:\/\/knjigoljubac.ba\/product\/gospodari-balansiranja-antologija-savremene-proze-bosnjaka-iz-sandzaka\/#primaryimage","url":"https:\/\/knjigoljubac.ba\/wp-content\/uploads\/2020\/02\/balans.jpg","contentUrl":"https:\/\/knjigoljubac.ba\/wp-content\/uploads\/2020\/02\/balans.jpg","width":160,"height":226},{"@type":"BreadcrumbList","@id":"https:\/\/knjigoljubac.ba\/product\/gospodari-balansiranja-antologija-savremene-proze-bosnjaka-iz-sandzaka\/#breadcrumb","itemListElement":[{"@type":"ListItem","position":1,"name":"Po\u010detna stranica","item":"https:\/\/knjigoljubac.ba\/"},{"@type":"ListItem","position":2,"name":"Trgovina","item":"https:\/\/knjigoljubac.ba\/trgovina\/"},{"@type":"ListItem","position":3,"name":"GOSPODARI BALANSIRANJA &#8211; Antologija savremene proze Bo\u0161njaka iz Sand\u017eaka"}]},{"@type":"WebSite","@id":"https:\/\/knjigoljubac.ba\/#website","url":"https:\/\/knjigoljubac.ba\/","name":"KNJIGOLJUBAC","description":"Va\u0161a online knji\u017eara","publisher":{"@id":"https:\/\/knjigoljubac.ba\/#organization"},"potentialAction":[{"@type":"SearchAction","target":{"@type":"EntryPoint","urlTemplate":"https:\/\/knjigoljubac.ba\/?s={search_term_string}"},"query-input":{"@type":"PropertyValueSpecification","valueRequired":true,"valueName":"search_term_string"}}],"inLanguage":"hr"},{"@type":"Organization","@id":"https:\/\/knjigoljubac.ba\/#organization","name":"KNJIGOLJUBAC","url":"https:\/\/knjigoljubac.ba\/","logo":{"@type":"ImageObject","inLanguage":"hr","@id":"https:\/\/knjigoljubac.ba\/#\/schema\/logo\/image\/","url":"https:\/\/knjigoljubac.ba\/wp-content\/uploads\/2021\/09\/logo-novi-1024x465.png","contentUrl":"https:\/\/knjigoljubac.ba\/wp-content\/uploads\/2021\/09\/logo-novi-1024x465.png","width":1024,"height":465,"caption":"KNJIGOLJUBAC"},"image":{"@id":"https:\/\/knjigoljubac.ba\/#\/schema\/logo\/image\/"},"sameAs":["https:\/\/www.facebook.com\/knjigoljubacba-106067741319857\/?ref=pages_you_manage","https:\/\/www.instagram.com\/knjigoljubacbrcko\/"]}]}},"jetpack_sharing_enabled":true,"_links":{"self":[{"href":"https:\/\/knjigoljubac.ba\/hr\/wp-json\/wp\/v2\/product\/10540","targetHints":{"allow":["GET"]}}],"collection":[{"href":"https:\/\/knjigoljubac.ba\/hr\/wp-json\/wp\/v2\/product"}],"about":[{"href":"https:\/\/knjigoljubac.ba\/hr\/wp-json\/wp\/v2\/types\/product"}],"wp:featuredmedia":[{"embeddable":true,"href":"https:\/\/knjigoljubac.ba\/hr\/wp-json\/wp\/v2\/media\/10541"}],"wp:attachment":[{"href":"https:\/\/knjigoljubac.ba\/hr\/wp-json\/wp\/v2\/media?parent=10540"}],"wp:term":[{"taxonomy":"product_brand","embeddable":true,"href":"https:\/\/knjigoljubac.ba\/hr\/wp-json\/wp\/v2\/product_brand?post=10540"},{"taxonomy":"product_cat","embeddable":true,"href":"https:\/\/knjigoljubac.ba\/hr\/wp-json\/wp\/v2\/product_cat?post=10540"},{"taxonomy":"product_tag","embeddable":true,"href":"https:\/\/knjigoljubac.ba\/hr\/wp-json\/wp\/v2\/product_tag?post=10540"}],"curies":[{"name":"wp","href":"https:\/\/api.w.org\/{rel}","templated":true}]}}