{"id":10432,"date":"2020-02-07T14:49:10","date_gmt":"2020-02-07T14:49:10","guid":{"rendered":"https:\/\/knjigoljubac.ba\/?post_type=product&#038;p=10432"},"modified":"2021-08-26T10:34:04","modified_gmt":"2021-08-26T10:34:04","slug":"deugo-lice-bune-husein-kapetana-gradadcevica","status":"publish","type":"product","link":"https:\/\/knjigoljubac.ba\/hr\/product\/deugo-lice-bune-husein-kapetana-gradadcevica\/","title":{"rendered":"DRUGO LICE BUNE HUSEIN KAPETANA GRADA\u0160\u010cEVI\u0106A"},"content":{"rendered":"<p>Jedna buna u kojoj Bo\u0161njaci nisu bili jedinstveni i u kojoj realno nisu postojali neki odre\u0111eniji programski bo\u0161nja\u010dki nacionalni elementi, osim \u010dinjenica da se buna desila u Bosni i da su je, prirodno, dizali Bo\u0161njaci, dovela je neke histori\u010dare u situaciju da uz jasne dokumente o buni iznose tuma\u010denja koja ne odgovaraju onome \u0161to u dokumentima stoji, da upadaju u kontradiktornosti koje ne pristaju njihovom nau\u010dnom profilu, te da se bo\u0161nja\u010dka nacionalna dimenzija bune uveli\u010dava u mjeri u kojoj nije postojala<\/p>\n","protected":false},"excerpt":{"rendered":"<div>\n<p class=\"podatciNazivi\">Pisac: Senad Hasanagi\u0107<\/p>\n<\/div>\n<p class=\"podatciNazivi\">Dostupnost: na stanju<\/p>\n<p class=\"podatciNazivi\">Broj strana: 150<\/p>\n<p>Uvez: Tvrdi<\/p>\n<p class=\"podatciNazivi\">Izdava\u010d: Knjigoljubac<\/p>\n","protected":false},"featured_media":10488,"template":"","meta":[],"product_brand":[],"product_cat":[300,279,287,326],"product_tag":[],"class_list":{"0":"post-10432","1":"product","2":"type-product","3":"status-publish","4":"has-post-thumbnail","6":"product_cat-domaci-autori","7":"product_cat-istorija","8":"product_cat-nasa-izdanja","9":"product_cat-preporuceno","11":"first","12":"instock","13":"taxable","14":"shipping-taxable","15":"purchasable","16":"product-type-simple"},"yoast_head":"<!-- This site is optimized with the Yoast SEO plugin v27.5 - https:\/\/yoast.com\/product\/yoast-seo-wordpress\/ -->\n<title>DRUGO LICE BUNE HUSEIN KAPETANA GRADA\u0160\u010cEVI\u0106A - KNJIGOLJUBAC<\/title>\n<meta name=\"robots\" content=\"index, follow, max-snippet:-1, max-image-preview:large, max-video-preview:-1\" \/>\n<link rel=\"canonical\" href=\"https:\/\/knjigoljubac.ba\/hr\/product\/deugo-lice-bune-husein-kapetana-gradadcevica\/\" \/>\n<meta property=\"og:locale\" content=\"hr_HR\" \/>\n<meta property=\"og:type\" content=\"article\" \/>\n<meta property=\"og:title\" content=\"DRUGO LICE BUNE HUSEIN KAPETANA GRADA\u0160\u010cEVI\u0106A - KNJIGOLJUBAC\" \/>\n<meta property=\"og:description\" content=\"Pisac: Senad Hasanagi\u0107   Dostupnost: na stanju Broj strana: 150 Uvez: Tvrdi Izdava\u010d: Knjigoljubac\" \/>\n<meta property=\"og:url\" content=\"https:\/\/knjigoljubac.ba\/hr\/product\/deugo-lice-bune-husein-kapetana-gradadcevica\/\" \/>\n<meta property=\"og:site_name\" content=\"KNJIGOLJUBAC\" \/>\n<meta property=\"article:publisher\" content=\"https:\/\/www.facebook.com\/knjigoljubacba-106067741319857\/?ref=pages_you_manage\" \/>\n<meta property=\"article:modified_time\" content=\"2021-08-26T10:34:04+00:00\" \/>\n<meta property=\"og:image\" content=\"https:\/\/knjigoljubac.ba\/wp-content\/uploads\/2020\/02\/hgasda.jpg\" \/>\n\t<meta property=\"og:image:width\" content=\"160\" \/>\n\t<meta property=\"og:image:height\" content=\"226\" \/>\n\t<meta property=\"og:image:type\" content=\"image\/jpeg\" \/>\n<meta name=\"twitter:card\" content=\"summary_large_image\" \/>\n<script type=\"application\/ld+json\" class=\"yoast-schema-graph\">{\"@context\":\"https:\\\/\\\/schema.org\",\"@graph\":[{\"@type\":\"WebPage\",\"@id\":\"https:\\\/\\\/knjigoljubac.ba\\\/product\\\/deugo-lice-bune-husein-kapetana-gradadcevica\\\/\",\"url\":\"https:\\\/\\\/knjigoljubac.ba\\\/product\\\/deugo-lice-bune-husein-kapetana-gradadcevica\\\/\",\"name\":\"DRUGO LICE BUNE HUSEIN KAPETANA GRADA\u0160\u010cEVI\u0106A - KNJIGOLJUBAC\",\"isPartOf\":{\"@id\":\"https:\\\/\\\/knjigoljubac.ba\\\/#website\"},\"primaryImageOfPage\":{\"@id\":\"https:\\\/\\\/knjigoljubac.ba\\\/product\\\/deugo-lice-bune-husein-kapetana-gradadcevica\\\/#primaryimage\"},\"image\":{\"@id\":\"https:\\\/\\\/knjigoljubac.ba\\\/product\\\/deugo-lice-bune-husein-kapetana-gradadcevica\\\/#primaryimage\"},\"thumbnailUrl\":\"https:\\\/\\\/knjigoljubac.ba\\\/wp-content\\\/uploads\\\/2020\\\/02\\\/hgasda.jpg\",\"datePublished\":\"2020-02-07T14:49:10+00:00\",\"dateModified\":\"2021-08-26T10:34:04+00:00\",\"breadcrumb\":{\"@id\":\"https:\\\/\\\/knjigoljubac.ba\\\/product\\\/deugo-lice-bune-husein-kapetana-gradadcevica\\\/#breadcrumb\"},\"inLanguage\":\"hr\",\"potentialAction\":[{\"@type\":\"ReadAction\",\"target\":[\"https:\\\/\\\/knjigoljubac.ba\\\/product\\\/deugo-lice-bune-husein-kapetana-gradadcevica\\\/\"]}]},{\"@type\":\"ImageObject\",\"inLanguage\":\"hr\",\"@id\":\"https:\\\/\\\/knjigoljubac.ba\\\/product\\\/deugo-lice-bune-husein-kapetana-gradadcevica\\\/#primaryimage\",\"url\":\"https:\\\/\\\/knjigoljubac.ba\\\/wp-content\\\/uploads\\\/2020\\\/02\\\/hgasda.jpg\",\"contentUrl\":\"https:\\\/\\\/knjigoljubac.ba\\\/wp-content\\\/uploads\\\/2020\\\/02\\\/hgasda.jpg\",\"width\":160,\"height\":226},{\"@type\":\"BreadcrumbList\",\"@id\":\"https:\\\/\\\/knjigoljubac.ba\\\/product\\\/deugo-lice-bune-husein-kapetana-gradadcevica\\\/#breadcrumb\",\"itemListElement\":[{\"@type\":\"ListItem\",\"position\":1,\"name\":\"Po\u010detna stranica\",\"item\":\"https:\\\/\\\/knjigoljubac.ba\\\/\"},{\"@type\":\"ListItem\",\"position\":2,\"name\":\"Trgovina\",\"item\":\"https:\\\/\\\/knjigoljubac.ba\\\/trgovina\\\/\"},{\"@type\":\"ListItem\",\"position\":3,\"name\":\"DRUGO LICE BUNE HUSEIN KAPETANA GRADA\u0160\u010cEVI\u0106A\"}]},{\"@type\":\"WebSite\",\"@id\":\"https:\\\/\\\/knjigoljubac.ba\\\/#website\",\"url\":\"https:\\\/\\\/knjigoljubac.ba\\\/\",\"name\":\"KNJIGOLJUBAC\",\"description\":\"Va\u0161a online knji\u017eara\",\"publisher\":{\"@id\":\"https:\\\/\\\/knjigoljubac.ba\\\/#organization\"},\"potentialAction\":[{\"@type\":\"SearchAction\",\"target\":{\"@type\":\"EntryPoint\",\"urlTemplate\":\"https:\\\/\\\/knjigoljubac.ba\\\/?s={search_term_string}\"},\"query-input\":{\"@type\":\"PropertyValueSpecification\",\"valueRequired\":true,\"valueName\":\"search_term_string\"}}],\"inLanguage\":\"hr\"},{\"@type\":\"Organization\",\"@id\":\"https:\\\/\\\/knjigoljubac.ba\\\/#organization\",\"name\":\"KNJIGOLJUBAC\",\"url\":\"https:\\\/\\\/knjigoljubac.ba\\\/\",\"logo\":{\"@type\":\"ImageObject\",\"inLanguage\":\"hr\",\"@id\":\"https:\\\/\\\/knjigoljubac.ba\\\/#\\\/schema\\\/logo\\\/image\\\/\",\"url\":\"https:\\\/\\\/knjigoljubac.ba\\\/wp-content\\\/uploads\\\/2021\\\/09\\\/logo-novi-1024x465.png\",\"contentUrl\":\"https:\\\/\\\/knjigoljubac.ba\\\/wp-content\\\/uploads\\\/2021\\\/09\\\/logo-novi-1024x465.png\",\"width\":1024,\"height\":465,\"caption\":\"KNJIGOLJUBAC\"},\"image\":{\"@id\":\"https:\\\/\\\/knjigoljubac.ba\\\/#\\\/schema\\\/logo\\\/image\\\/\"},\"sameAs\":[\"https:\\\/\\\/www.facebook.com\\\/knjigoljubacba-106067741319857\\\/?ref=pages_you_manage\",\"https:\\\/\\\/www.instagram.com\\\/knjigoljubacbrcko\\\/\"]}]}<\/script>\n<!-- \/ Yoast SEO plugin. -->","yoast_head_json":{"title":"DRUGO LICE BUNE HUSEIN KAPETANA GRADA\u0160\u010cEVI\u0106A - KNJIGOLJUBAC","robots":{"index":"index","follow":"follow","max-snippet":"max-snippet:-1","max-image-preview":"max-image-preview:large","max-video-preview":"max-video-preview:-1"},"canonical":"https:\/\/knjigoljubac.ba\/hr\/product\/deugo-lice-bune-husein-kapetana-gradadcevica\/","og_locale":"hr_HR","og_type":"article","og_title":"DRUGO LICE BUNE HUSEIN KAPETANA GRADA\u0160\u010cEVI\u0106A - KNJIGOLJUBAC","og_description":"Pisac: Senad Hasanagi\u0107   Dostupnost: na stanju Broj strana: 150 Uvez: Tvrdi Izdava\u010d: Knjigoljubac","og_url":"https:\/\/knjigoljubac.ba\/hr\/product\/deugo-lice-bune-husein-kapetana-gradadcevica\/","og_site_name":"KNJIGOLJUBAC","article_publisher":"https:\/\/www.facebook.com\/knjigoljubacba-106067741319857\/?ref=pages_you_manage","article_modified_time":"2021-08-26T10:34:04+00:00","og_image":[{"width":160,"height":226,"url":"https:\/\/knjigoljubac.ba\/wp-content\/uploads\/2020\/02\/hgasda.jpg","type":"image\/jpeg"}],"twitter_card":"summary_large_image","schema":{"@context":"https:\/\/schema.org","@graph":[{"@type":"WebPage","@id":"https:\/\/knjigoljubac.ba\/product\/deugo-lice-bune-husein-kapetana-gradadcevica\/","url":"https:\/\/knjigoljubac.ba\/product\/deugo-lice-bune-husein-kapetana-gradadcevica\/","name":"DRUGO LICE BUNE HUSEIN KAPETANA GRADA\u0160\u010cEVI\u0106A - KNJIGOLJUBAC","isPartOf":{"@id":"https:\/\/knjigoljubac.ba\/#website"},"primaryImageOfPage":{"@id":"https:\/\/knjigoljubac.ba\/product\/deugo-lice-bune-husein-kapetana-gradadcevica\/#primaryimage"},"image":{"@id":"https:\/\/knjigoljubac.ba\/product\/deugo-lice-bune-husein-kapetana-gradadcevica\/#primaryimage"},"thumbnailUrl":"https:\/\/knjigoljubac.ba\/wp-content\/uploads\/2020\/02\/hgasda.jpg","datePublished":"2020-02-07T14:49:10+00:00","dateModified":"2021-08-26T10:34:04+00:00","breadcrumb":{"@id":"https:\/\/knjigoljubac.ba\/product\/deugo-lice-bune-husein-kapetana-gradadcevica\/#breadcrumb"},"inLanguage":"hr","potentialAction":[{"@type":"ReadAction","target":["https:\/\/knjigoljubac.ba\/product\/deugo-lice-bune-husein-kapetana-gradadcevica\/"]}]},{"@type":"ImageObject","inLanguage":"hr","@id":"https:\/\/knjigoljubac.ba\/product\/deugo-lice-bune-husein-kapetana-gradadcevica\/#primaryimage","url":"https:\/\/knjigoljubac.ba\/wp-content\/uploads\/2020\/02\/hgasda.jpg","contentUrl":"https:\/\/knjigoljubac.ba\/wp-content\/uploads\/2020\/02\/hgasda.jpg","width":160,"height":226},{"@type":"BreadcrumbList","@id":"https:\/\/knjigoljubac.ba\/product\/deugo-lice-bune-husein-kapetana-gradadcevica\/#breadcrumb","itemListElement":[{"@type":"ListItem","position":1,"name":"Po\u010detna stranica","item":"https:\/\/knjigoljubac.ba\/"},{"@type":"ListItem","position":2,"name":"Trgovina","item":"https:\/\/knjigoljubac.ba\/trgovina\/"},{"@type":"ListItem","position":3,"name":"DRUGO LICE BUNE HUSEIN KAPETANA GRADA\u0160\u010cEVI\u0106A"}]},{"@type":"WebSite","@id":"https:\/\/knjigoljubac.ba\/#website","url":"https:\/\/knjigoljubac.ba\/","name":"KNJIGOLJUBAC","description":"Va\u0161a online knji\u017eara","publisher":{"@id":"https:\/\/knjigoljubac.ba\/#organization"},"potentialAction":[{"@type":"SearchAction","target":{"@type":"EntryPoint","urlTemplate":"https:\/\/knjigoljubac.ba\/?s={search_term_string}"},"query-input":{"@type":"PropertyValueSpecification","valueRequired":true,"valueName":"search_term_string"}}],"inLanguage":"hr"},{"@type":"Organization","@id":"https:\/\/knjigoljubac.ba\/#organization","name":"KNJIGOLJUBAC","url":"https:\/\/knjigoljubac.ba\/","logo":{"@type":"ImageObject","inLanguage":"hr","@id":"https:\/\/knjigoljubac.ba\/#\/schema\/logo\/image\/","url":"https:\/\/knjigoljubac.ba\/wp-content\/uploads\/2021\/09\/logo-novi-1024x465.png","contentUrl":"https:\/\/knjigoljubac.ba\/wp-content\/uploads\/2021\/09\/logo-novi-1024x465.png","width":1024,"height":465,"caption":"KNJIGOLJUBAC"},"image":{"@id":"https:\/\/knjigoljubac.ba\/#\/schema\/logo\/image\/"},"sameAs":["https:\/\/www.facebook.com\/knjigoljubacba-106067741319857\/?ref=pages_you_manage","https:\/\/www.instagram.com\/knjigoljubacbrcko\/"]}]}},"jetpack_sharing_enabled":true,"_links":{"self":[{"href":"https:\/\/knjigoljubac.ba\/hr\/wp-json\/wp\/v2\/product\/10432","targetHints":{"allow":["GET"]}}],"collection":[{"href":"https:\/\/knjigoljubac.ba\/hr\/wp-json\/wp\/v2\/product"}],"about":[{"href":"https:\/\/knjigoljubac.ba\/hr\/wp-json\/wp\/v2\/types\/product"}],"wp:featuredmedia":[{"embeddable":true,"href":"https:\/\/knjigoljubac.ba\/hr\/wp-json\/wp\/v2\/media\/10488"}],"wp:attachment":[{"href":"https:\/\/knjigoljubac.ba\/hr\/wp-json\/wp\/v2\/media?parent=10432"}],"wp:term":[{"taxonomy":"product_brand","embeddable":true,"href":"https:\/\/knjigoljubac.ba\/hr\/wp-json\/wp\/v2\/product_brand?post=10432"},{"taxonomy":"product_cat","embeddable":true,"href":"https:\/\/knjigoljubac.ba\/hr\/wp-json\/wp\/v2\/product_cat?post=10432"},{"taxonomy":"product_tag","embeddable":true,"href":"https:\/\/knjigoljubac.ba\/hr\/wp-json\/wp\/v2\/product_tag?post=10432"}],"curies":[{"name":"wp","href":"https:\/\/api.w.org\/{rel}","templated":true}]}}