{"id":10137,"date":"2020-02-03T22:18:50","date_gmt":"2020-02-03T22:18:50","guid":{"rendered":"https:\/\/knjigoljubac.ba\/?page_id=10137"},"modified":"2024-12-26T17:02:48","modified_gmt":"2024-12-26T17:02:48","slug":"nacini-placanja","status":"publish","type":"page","link":"https:\/\/knjigoljubac.ba\/hr\/nacini-placanja\/","title":{"rendered":"Na\u010dini pla\u0107anja"},"content":{"rendered":"<div class=\"vc_row wpb_row vc_row-fluid\"><div class=\"wpb_column vc_column_container vc_col-sm-12\"><div class=\"vc_column-inner\"><div class=\"wpb_wrapper\">\n\t<div class=\"wpb_text_column wpb_content_element \" >\n\t\t<div class=\"wpb_wrapper\">\n\t\t\t<h2><\/h2>\n<p><strong><br \/>\n<\/strong>Ako se nalazite u Bosni i Hercegovini mogu\u0107e je platiti na slede\u0107e na\u010dine:<\/p>\n<ul>\n<li><strong>Pla\u0107anje pouze\u0107em<\/strong>. Nakon telefonske provjere knjige \u0107emo poslati Expresom-om ili Po\u0161tom, a platit \u0107ete ih kuriru \/ po\u0161taru pri isporuci.<\/li>\n<li><strong>Pla\u0107anje preko Wester Union<\/strong>. Na\u0111ite najbli\u017eu Wester Union poslovnicu i uplatite tra\u017eeni iznos. Kada primimo novac, \u0161aljemo knjige.\u00a0<a href=\"https:\/\/www.transfernovca.ba\/slanje-novca\"><strong>Vi\u0161e&#8230;<\/strong><\/a><\/li>\n<li><strong>Pla\u0107anje na \u017eiro ra\u010dun<\/strong>. Nakon narud\u017ebe uplatite iznos u banci ili po\u0161ti na na\u0161 \u017eiro ra\u010dun. Kad novac stigne na na\u0161 ra\u010dun poslat \u0107emo knjige.<\/li>\n<\/ul>\n<p>Ako se nalazite negdje u BiH mo\u017eete nam platiti iz bilo koje banke ili po\u0161te.<\/p>\n<p>U nastavku su podaci koji vam trebaju za popunjavanje uplatnice:<\/p>\n<p>ID broj firme je: <strong>4700659830007<\/strong><\/p>\n<p>\u017diro ra\u010dun kod Ziirat banke Br\u010dko je: <strong>1863010310141708<\/strong><\/p>\n<p>Adresa: KNJIGOLJUBAC s.p., Trg mladih 15, 76120 Br\u010dko distrikt BiH<\/p>\n<p>Svrha: unesite broj narud\u017ebe ako ste u mogu\u0107nosti.<\/p>\n<p>&nbsp;<\/p>\n<ul>\n<li><strong>Pla\u0107anje gotovinom<\/strong>. Ako dolazite li\u010dno po knjige u knji\u017earu imate mogu\u0107nost da knjige platite gotovinom.<\/li>\n<\/ul>\n<p>Ako se nalazite u inostranstvu 5 je mogu\u0107ih na\u010dina pla\u0107anja:<\/p>\n<ul>\n<li><strong>Pla\u0107anje preko Wester Union<\/strong>. Na\u0111ite najbli\u017eu WesterUnion poslovnicu i uplatite tra\u017eeni iznos. Kada primimo novac, \u0161aljemo knjige.<\/li>\n<\/ul>\n<p>Posjetite lokalnu Western Union ispostavu (<a href=\"http:\/\/www.westernunion.com\/info\/selectCountry.asp\"><strong>na\u0111i najbli\u017eu lokaciju<\/strong><\/a>)<\/p>\n<ul>\n<li>Popunite formular za slanje novca, pitajte slu\u017ebenika za pomo\u0107 ako je trebate<\/li>\n<li>Obavezno ponesite validni dokument sa va\u0161om slikom<\/li>\n<li>Uplatite iznos gotovinom ili karticom<\/li>\n<li>Western Union \u0107e vam uzeti proviziju za slanje novca<\/li>\n<li>Po\u0161aljite iznos novca koji je na ovom ra\u010dunu gdje pi\u0161e Total<\/li>\n<\/ul>\n<p>U polje Primalac \/ Receiver stavite naredne podatke:<\/p>\n<ul>\n<li>Ammar Zalihi\u0107, Br\u010dko distrikt BiH, Bosna i Hercegovina<\/li>\n<\/ul>\n<p>Nakon \u0161to obavite slanje novca, molimo javite nam se na email:\u00a0 <strong><u><a href=\"mailto:zalihica@gmail.com\">zalihica@gmail.com<\/a><\/u><\/strong><\/p>\n<p>ili na telefon 00387 61 019 361.<\/p>\n<p>Morate nam javiti koji je Money Transfer kontrolni broj da bi mi mogli preuzeti poslani novac. Taj broj \u0107e vam dati slu\u017ebenik pri uplati.<\/p>\n\n\t\t<\/div>\n\t<\/div>\n<\/div><\/div><\/div><\/div>\n","protected":false},"excerpt":{"rendered":"Ako se nalazite u Bosni i Hercegovini mogu\u0107e je platiti na slede\u0107e na\u010dine: Pla\u0107anje pouze\u0107em. Nakon telefonske provjere knjige \u0107emo poslati Expresom-om ili Po\u0161tom, a platit \u0107ete ih kuriru \/ po\u0161taru pri isporuci. Pla\u0107anje preko Wester Union. Na\u0111ite najbli\u017eu Wester &hellip; <a href=\"https:\/\/knjigoljubac.ba\/hr\/nacini-placanja\/\">Readmore<\/a>","protected":false},"author":1,"featured_media":0,"parent":0,"menu_order":0,"comment_status":"closed","ping_status":"closed","template":"","meta":{"footnotes":""},"class_list":["post-10137","page","type-page","status-publish","hentry"],"yoast_head":"<!-- This site is optimized with the Yoast SEO plugin v27.5 - https:\/\/yoast.com\/product\/yoast-seo-wordpress\/ -->\n<title>Na\u010dini pla\u0107anja - KNJIGOLJUBAC<\/title>\n<meta name=\"robots\" content=\"index, follow, max-snippet:-1, max-image-preview:large, max-video-preview:-1\" \/>\n<link rel=\"canonical\" href=\"https:\/\/knjigoljubac.ba\/hr\/nacini-placanja\/\" \/>\n<meta property=\"og:locale\" content=\"hr_HR\" \/>\n<meta property=\"og:type\" content=\"article\" \/>\n<meta property=\"og:title\" content=\"Na\u010dini pla\u0107anja - KNJIGOLJUBAC\" \/>\n<meta property=\"og:url\" content=\"https:\/\/knjigoljubac.ba\/hr\/nacini-placanja\/\" \/>\n<meta property=\"og:site_name\" content=\"KNJIGOLJUBAC\" \/>\n<meta property=\"article:publisher\" content=\"https:\/\/www.facebook.com\/knjigoljubacba-106067741319857\/?ref=pages_you_manage\" \/>\n<meta property=\"article:modified_time\" content=\"2024-12-26T17:02:48+00:00\" \/>\n<meta name=\"twitter:card\" content=\"summary_large_image\" \/>\n<meta name=\"twitter:label1\" content=\"Procijenjeno vrijeme \u010ditanja\" \/>\n\t<meta name=\"twitter:data1\" content=\"2 minute\" \/>\n<script type=\"application\/ld+json\" class=\"yoast-schema-graph\">{\"@context\":\"https:\\\/\\\/schema.org\",\"@graph\":[{\"@type\":\"WebPage\",\"@id\":\"https:\\\/\\\/knjigoljubac.ba\\\/nacini-placanja\\\/\",\"url\":\"https:\\\/\\\/knjigoljubac.ba\\\/nacini-placanja\\\/\",\"name\":\"Na\u010dini pla\u0107anja - KNJIGOLJUBAC\",\"isPartOf\":{\"@id\":\"https:\\\/\\\/knjigoljubac.ba\\\/#website\"},\"datePublished\":\"2020-02-03T22:18:50+00:00\",\"dateModified\":\"2024-12-26T17:02:48+00:00\",\"breadcrumb\":{\"@id\":\"https:\\\/\\\/knjigoljubac.ba\\\/nacini-placanja\\\/#breadcrumb\"},\"inLanguage\":\"hr\",\"potentialAction\":[{\"@type\":\"ReadAction\",\"target\":[\"https:\\\/\\\/knjigoljubac.ba\\\/nacini-placanja\\\/\"]}]},{\"@type\":\"BreadcrumbList\",\"@id\":\"https:\\\/\\\/knjigoljubac.ba\\\/nacini-placanja\\\/#breadcrumb\",\"itemListElement\":[{\"@type\":\"ListItem\",\"position\":1,\"name\":\"Po\u010detna stranica\",\"item\":\"https:\\\/\\\/knjigoljubac.ba\\\/\"},{\"@type\":\"ListItem\",\"position\":2,\"name\":\"Na\u010dini pla\u0107anja\"}]},{\"@type\":\"WebSite\",\"@id\":\"https:\\\/\\\/knjigoljubac.ba\\\/#website\",\"url\":\"https:\\\/\\\/knjigoljubac.ba\\\/\",\"name\":\"KNJIGOLJUBAC\",\"description\":\"Va\u0161a online knji\u017eara\",\"publisher\":{\"@id\":\"https:\\\/\\\/knjigoljubac.ba\\\/#organization\"},\"potentialAction\":[{\"@type\":\"SearchAction\",\"target\":{\"@type\":\"EntryPoint\",\"urlTemplate\":\"https:\\\/\\\/knjigoljubac.ba\\\/?s={search_term_string}\"},\"query-input\":{\"@type\":\"PropertyValueSpecification\",\"valueRequired\":true,\"valueName\":\"search_term_string\"}}],\"inLanguage\":\"hr\"},{\"@type\":\"Organization\",\"@id\":\"https:\\\/\\\/knjigoljubac.ba\\\/#organization\",\"name\":\"KNJIGOLJUBAC\",\"url\":\"https:\\\/\\\/knjigoljubac.ba\\\/\",\"logo\":{\"@type\":\"ImageObject\",\"inLanguage\":\"hr\",\"@id\":\"https:\\\/\\\/knjigoljubac.ba\\\/#\\\/schema\\\/logo\\\/image\\\/\",\"url\":\"https:\\\/\\\/knjigoljubac.ba\\\/wp-content\\\/uploads\\\/2021\\\/09\\\/logo-novi-1024x465.png\",\"contentUrl\":\"https:\\\/\\\/knjigoljubac.ba\\\/wp-content\\\/uploads\\\/2021\\\/09\\\/logo-novi-1024x465.png\",\"width\":1024,\"height\":465,\"caption\":\"KNJIGOLJUBAC\"},\"image\":{\"@id\":\"https:\\\/\\\/knjigoljubac.ba\\\/#\\\/schema\\\/logo\\\/image\\\/\"},\"sameAs\":[\"https:\\\/\\\/www.facebook.com\\\/knjigoljubacba-106067741319857\\\/?ref=pages_you_manage\",\"https:\\\/\\\/www.instagram.com\\\/knjigoljubacbrcko\\\/\"]}]}<\/script>\n<!-- \/ Yoast SEO plugin. -->","yoast_head_json":{"title":"Na\u010dini pla\u0107anja - KNJIGOLJUBAC","robots":{"index":"index","follow":"follow","max-snippet":"max-snippet:-1","max-image-preview":"max-image-preview:large","max-video-preview":"max-video-preview:-1"},"canonical":"https:\/\/knjigoljubac.ba\/hr\/nacini-placanja\/","og_locale":"hr_HR","og_type":"article","og_title":"Na\u010dini pla\u0107anja - KNJIGOLJUBAC","og_url":"https:\/\/knjigoljubac.ba\/hr\/nacini-placanja\/","og_site_name":"KNJIGOLJUBAC","article_publisher":"https:\/\/www.facebook.com\/knjigoljubacba-106067741319857\/?ref=pages_you_manage","article_modified_time":"2024-12-26T17:02:48+00:00","twitter_card":"summary_large_image","twitter_misc":{"Procijenjeno vrijeme \u010ditanja":"2 minute"},"schema":{"@context":"https:\/\/schema.org","@graph":[{"@type":"WebPage","@id":"https:\/\/knjigoljubac.ba\/nacini-placanja\/","url":"https:\/\/knjigoljubac.ba\/nacini-placanja\/","name":"Na\u010dini pla\u0107anja - KNJIGOLJUBAC","isPartOf":{"@id":"https:\/\/knjigoljubac.ba\/#website"},"datePublished":"2020-02-03T22:18:50+00:00","dateModified":"2024-12-26T17:02:48+00:00","breadcrumb":{"@id":"https:\/\/knjigoljubac.ba\/nacini-placanja\/#breadcrumb"},"inLanguage":"hr","potentialAction":[{"@type":"ReadAction","target":["https:\/\/knjigoljubac.ba\/nacini-placanja\/"]}]},{"@type":"BreadcrumbList","@id":"https:\/\/knjigoljubac.ba\/nacini-placanja\/#breadcrumb","itemListElement":[{"@type":"ListItem","position":1,"name":"Po\u010detna stranica","item":"https:\/\/knjigoljubac.ba\/"},{"@type":"ListItem","position":2,"name":"Na\u010dini pla\u0107anja"}]},{"@type":"WebSite","@id":"https:\/\/knjigoljubac.ba\/#website","url":"https:\/\/knjigoljubac.ba\/","name":"KNJIGOLJUBAC","description":"Va\u0161a online knji\u017eara","publisher":{"@id":"https:\/\/knjigoljubac.ba\/#organization"},"potentialAction":[{"@type":"SearchAction","target":{"@type":"EntryPoint","urlTemplate":"https:\/\/knjigoljubac.ba\/?s={search_term_string}"},"query-input":{"@type":"PropertyValueSpecification","valueRequired":true,"valueName":"search_term_string"}}],"inLanguage":"hr"},{"@type":"Organization","@id":"https:\/\/knjigoljubac.ba\/#organization","name":"KNJIGOLJUBAC","url":"https:\/\/knjigoljubac.ba\/","logo":{"@type":"ImageObject","inLanguage":"hr","@id":"https:\/\/knjigoljubac.ba\/#\/schema\/logo\/image\/","url":"https:\/\/knjigoljubac.ba\/wp-content\/uploads\/2021\/09\/logo-novi-1024x465.png","contentUrl":"https:\/\/knjigoljubac.ba\/wp-content\/uploads\/2021\/09\/logo-novi-1024x465.png","width":1024,"height":465,"caption":"KNJIGOLJUBAC"},"image":{"@id":"https:\/\/knjigoljubac.ba\/#\/schema\/logo\/image\/"},"sameAs":["https:\/\/www.facebook.com\/knjigoljubacba-106067741319857\/?ref=pages_you_manage","https:\/\/www.instagram.com\/knjigoljubacbrcko\/"]}]}},"jetpack_sharing_enabled":true,"_links":{"self":[{"href":"https:\/\/knjigoljubac.ba\/hr\/wp-json\/wp\/v2\/pages\/10137","targetHints":{"allow":["GET"]}}],"collection":[{"href":"https:\/\/knjigoljubac.ba\/hr\/wp-json\/wp\/v2\/pages"}],"about":[{"href":"https:\/\/knjigoljubac.ba\/hr\/wp-json\/wp\/v2\/types\/page"}],"author":[{"embeddable":true,"href":"https:\/\/knjigoljubac.ba\/hr\/wp-json\/wp\/v2\/users\/1"}],"replies":[{"embeddable":true,"href":"https:\/\/knjigoljubac.ba\/hr\/wp-json\/wp\/v2\/comments?post=10137"}],"version-history":[{"count":6,"href":"https:\/\/knjigoljubac.ba\/hr\/wp-json\/wp\/v2\/pages\/10137\/revisions"}],"predecessor-version":[{"id":122223,"href":"https:\/\/knjigoljubac.ba\/hr\/wp-json\/wp\/v2\/pages\/10137\/revisions\/122223"}],"wp:attachment":[{"href":"https:\/\/knjigoljubac.ba\/hr\/wp-json\/wp\/v2\/media?parent=10137"}],"curies":[{"name":"wp","href":"https:\/\/api.w.org\/{rel}","templated":true}]}}