{"id":10131,"date":"2020-02-03T22:14:39","date_gmt":"2020-02-03T22:14:39","guid":{"rendered":"https:\/\/knjigoljubac.ba\/?page_id=10131"},"modified":"2024-12-26T17:06:33","modified_gmt":"2024-12-26T17:06:33","slug":"metode-dostave","status":"publish","type":"page","link":"https:\/\/knjigoljubac.ba\/hr\/metode-dostave\/","title":{"rendered":"Metode Dostave"},"content":{"rendered":"<div class=\"vc_row wpb_row vc_row-fluid\"><div class=\"wpb_column vc_column_container vc_col-sm-12\"><div class=\"vc_column-inner\"><div class=\"wpb_wrapper\">\n\t<div class=\"wpb_text_column wpb_content_element \" >\n\t\t<div class=\"wpb_wrapper\">\n\t\t\t<p>Naru\u010dene proizvode \u0107emo Vam poslati putem express dostave ili putem po\u0161tanske slu\u017ebe u zavisnosti koji metod isporuke izaberete. Knjige \u0107e biti propisno zapakovane i poslane kao Tiskovina. Na\u0161i partner u dostavljanju su\u00a0<a href=\"http:\/\/www.a2b.ba\/\">A2B Express (kurirska)<\/a>,\u00a0<a href=\"http:\/\/www.a2b.ba\/\">A2B Express (cestovna)<\/a>,\u00a0<a href=\"http:\/\/www.a2b.ba\/\"> Euro Express <\/a>,\u00a0<a href=\"http:\/\/www.fedex.com\/ba\/\">XPress<\/a>\u00a0i\u00a0<a href=\"http:\/\/www.bhp.ba\/\">JP BH Po\u0161ta<\/a>, JP Po\u0161te Republike srpske.<\/p>\n<p>Knjige dostavljamo unutar Bosne i Hercegovine a \u0161aljemo ih i u inostranstvo, u bilo koju dr\u017eavu.<\/p>\n<h2><strong>Rok isporuke<\/strong><\/h2>\n<p>Rok isporuke varira od toga koja kompanija radi dostavu, u koji dio svijeta \u0161aljemo knjige, koliko knjiga ima, i koja je dostupnost knjige.<\/p>\n<h2><strong>Tro\u0161kovi dostave<\/strong><\/h2>\n<p>Cijena dostave varira od toga u koji dio svijeta \u0161aljemo knjige, koja je njihova te\u017eina, te koja dostavna ku\u0107a radi dostavu.<\/p>\n<h2><strong>Cjenovnik: EuroExpress (kurirska), A2B Express (kurirska), BH Post expres.<\/strong><\/h2>\n<p>Brza express dostava unutar Bosne i Hercegovine.<\/p>\n<p>Cijena je\u00a0<strong>11,00 KM<\/strong>\u00a0bez obzira na veli\u010dinu paketa. BH POST Express (kurirska) dostavlja pakete samo u Bosnu i Hercegovinu.<\/p>\n<h2><strong>Cjenovnik: BH Po\u0161ta, Po\u0161ta Republike srpske<\/strong><\/h2>\n<p>Dostava obi\u010dnom po\u0161tanskom uslugom, u BiH i inostranstvo.<\/p>\n<table width=\"500\">\n<tbody>\n<tr>\n<td><strong>Te\u017eina<\/strong><\/td>\n<td><strong>BiH<\/strong><\/td>\n<td><strong>Zona 1<\/strong><\/td>\n<td><strong>Zona 2<\/strong><\/td>\n<td><strong>Zona 3<\/strong><\/td>\n<\/tr>\n<tr>\n<td><strong>do 20g<\/strong><\/td>\n<td>\u00a00,45 KM<\/td>\n<td>1,40 KM<\/td>\n<td>1,45 KM<\/td>\n<td>1,50 KM<\/td>\n<\/tr>\n<tr>\n<td><strong>20g &#8211; 50g<\/strong><\/td>\n<td>\u00a00,55 KM<\/td>\n<td>2,80 KM<\/td>\n<td>3,00 KM<\/td>\n<td>3,20 KM<\/td>\n<\/tr>\n<tr>\n<td><strong>50g &#8211; 100g<\/strong><\/td>\n<td>\u00a00,65 KM<\/td>\n<td>3,20 KM<\/td>\n<td>3,60 KM<\/td>\n<td>4,00 KM<\/td>\n<\/tr>\n<tr>\n<td><strong>100g &#8211; 250g<\/strong><\/td>\n<td>\u00a00,75 KM<\/td>\n<td>6,00 KM<\/td>\n<td>7,00 KM<\/td>\n<td>8,00 KM<\/td>\n<\/tr>\n<tr>\n<td><strong>250g &#8211; 500g<\/strong><\/td>\n<td>\u00a01,00 KM<\/td>\n<td>11,20 KM<\/td>\n<td>13,20 KM<\/td>\n<td>15,20 KM<\/td>\n<\/tr>\n<tr>\n<td><strong>500g &#8211; 1000g<\/strong><\/td>\n<td>\u00a01,50 KM<\/td>\n<td>20,80 KM<\/td>\n<td>24,80 KM<\/td>\n<td>28,80 KM<\/td>\n<\/tr>\n<tr>\n<td><strong>1000g &#8211; 2000g<\/strong><\/td>\n<td>\u00a02,00 KM<\/td>\n<td>29,60 KM<\/td>\n<td>33,60 KM<\/td>\n<td>37,60 KM<\/td>\n<\/tr>\n<tr>\n<td><strong>2000g &#8211; 3000g<\/strong><\/td>\n<td>\u00a03,50 KM<\/td>\n<td>49,50 KM<\/td>\n<td>64,50 KM<\/td>\n<td>71,50 KM<\/td>\n<\/tr>\n<tr>\n<td><strong>3000g &#8211; 4000g<\/strong><\/td>\n<td>\u00a05,00 KM<\/td>\n<td>53,50 KM<\/td>\n<td>75,50 KM<\/td>\n<td>85,50 KM<\/td>\n<\/tr>\n<tr>\n<td><strong>4000g &#8211; 5000g<\/strong><\/td>\n<td>\u00a06,50 KM<\/td>\n<td>57,50 KM<\/td>\n<td>86,50 KM<\/td>\n<td>99,50 KM<\/td>\n<\/tr>\n<\/tbody>\n<\/table>\n<p>&nbsp;<\/p>\n<p>Zona 1: Evropa, Zona 2: USA\/Canada, Zona3: Ostatak svijeta<\/p>\n<h2><strong>Dostava i pla\u0107anje pouze\u0107em<\/strong><\/h2>\n<p>U granicama Bosne i Hercegovine mogu\u0107e je izvr\u0161iti pla\u0107anje pouze\u0107em, tj. mo\u017eete platiti kuriru ili po\u0161taru koji vam donese paket. Ako je dostava putem EuroExpress pouze\u0107e se ne napla\u0107uje dodatno, a u slu\u010daju da dostavu radi JP BH Po\u0161ta u tom slu\u010daju tro\u0161kovi dostave se uve\u0107avaju za minimalno 2,50 KM.<\/p>\n<h2><strong>Taksa na uvoz i izvoz<\/strong><\/h2>\n<p>U pojedinim dr\u017eavama mogu\u0107e je da \u0107e carinska uprava tra\u017eiti pla\u0107anje takse na uvoz. Ovi propisi variraju od dr\u017eave do dr\u017eave i savjetujemo Vas da se raspitate da li to va\u017ei u va\u0161em slu\u010daju. Takse na uvoz su ne predvidljive za nas. Tro\u0161ak takse pada uvjek na teret kupca.<\/p>\n<p>Izvozne takse se napla\u0107uju ako va\u0161 paket ima vi\u0161e od 5kg. I izvozne takse su ura\u010dunate u cijenu dostave, i poznate su uvijek unaprijed.<\/p>\n<p>&nbsp;<\/p>\n<h2><strong>Problemi u dostavi ili isporuci<\/strong><\/h2>\n<p><strong><br \/>\n<\/strong>Sistem je u velikom mjeri automatiziran, ali ponekad se desi da ne dobijete naru\u010dene knjige. Mogu\u0107i razlozi i rje\u0161enja su:<\/p>\n<ul>\n<li><strong>narud\u017ebu nismo primili<\/strong>, ovo se desi uglavnom ako niste u formularu unijeli ta\u010dne podatke o sebi i o E-mail adresi. Ako nakon narud\u017ebe u roku od 10 minuta ne dobijete na E-mail potvrdu o naru\u010denim knjigama, provjerite Va\u0161e podatke i narud\u017ebu ponovite<\/li>\n<li><strong>paket smo poslali ali kasni<\/strong>, rijetko se de\u0161ava i uzrok je kada po\u0161tanske slu\u017ebe kasne sa isporukom. Na ovo ne mo\u017eemo uticati. U tabelama za broj dana dostave su javni podaci BH po\u0161te.<\/li>\n<li><strong>izgubljen paket<\/strong>, veoma veoma rijetko se desi da po\u0161ta izgubi poslani paket. U tom slu\u010daju poslat \u0107emo Vam poru\u010dene knjige ponovno, o na\u0161em tro\u0161ku \u010dim nas Po\u0161ta pismeno obavijesti o gubljenju po\u0161iljke. U ovom slu\u010daju po\u0161iljka mo\u017ee da kasni izvjesno vrijeme i molimo za strpljivost. Ako izgubljene knjige nemamo vi\u0161e na stanju izvr\u0161it \u0107emo povrat sredstava ili u suglasnosti sa Vama preina\u010diti narud\u017ebu.<\/li>\n<li><strong>problem oko dostupnosti<\/strong>, desi se da izdava\u010di nekad nisu u mogu\u0107nosti isporu\u010diti knjigu u obe\u0107anom roku. Na \u017ealost na to ne mo\u017eemo uticati i u tom slu\u010daju \u0107emo se dogovoriti da li da Vam knjige \u0161aljemo odvojeno ili da \u010dekamo isporuku knjige<\/li>\n<li><strong>problem oko pla\u0107anja<\/strong>, ako pla\u0107ate knjige preko \u017eiro ra\u010duna ili na neki drugi na\u010din koji nije vezan za kreditne kartice knjige \u0107emo poslati tek kada novac legne na na\u0161 ra\u010dun.<\/li>\n<\/ul>\n<p>&nbsp;<\/p>\n<h2><strong>Status narud\u017ebe<\/strong><\/h2>\n<p><strong><br \/>\n<\/strong>Nakon naru\u010divanja Va\u0161a narud\u017eba dobija status:\u00a0<em>Procesiranje<\/em>. Kada smo narud\u017ebu primili na znanje ona prelazi u stanje:\u00a0<em>Pakovanje<\/em>. Kada po\u0161aljemo paket narud\u017eba prelazi u stanje:\u00a0<em>Poslano<\/em>. U kojem statusu je va\u0161a narud\u017eba mo\u017eete provjeriti tako da se prijavite na Moj profil, link je u gornjem desnom uglu stranice. Provjeru statusa mo\u017eete izvr\u0161iti i pozivom na\u00a0<a href=\"https:\/\/www.knjiga.ba\/shipping\/contacts\"><strong>telefon ili slanjem E-maila<\/strong><\/a>. U tom slu\u010daju nam morate javiti koji je broj Va\u0161e narud\u017ebe.<\/p>\n<p>&nbsp;<\/p>\n<h2><strong>Vra\u0107anje<\/strong><\/h2>\n<p><strong><br \/>\n<\/strong>Sve knjige koje \u0161aljemo su nove i bez o\u0161te\u0107enja. Naravno ovo va\u017ei za knjige u katalogu kojima je stanje: Nova knjiga. Knjige pakujemo tako da ih se pri normalnom rukovanju ne mogu o\u0161teti, u \u017eute koverte sa vazdu\u0161nim mjehur\u0107ima, ili u kartinske kutije. Ako je knjiga o\u0161te\u0107ena u transportu ili niste zadovoljni stanjem naru\u010dene knjige, imate je pravo vratiti. Vra\u0107ene knjige \u0107emo zamjeniti i poslati nazad. Ako nemamo zamjenskih knjiga izvr\u0161it \u0107emo povrat uplate ili u dogovoru sa Vama preina\u010dit \u0107emo narud\u017ebu. Tro\u0161kovi vra\u0107anja knjiga idu na teret kupca.<\/p>\n\n\t\t<\/div>\n\t<\/div>\n<\/div><\/div><\/div><\/div>\n","protected":false},"excerpt":{"rendered":"Naru\u010dene proizvode \u0107emo Vam poslati putem express dostave ili putem po\u0161tanske slu\u017ebe u zavisnosti koji metod isporuke izaberete. Knjige \u0107e biti propisno zapakovane i poslane kao Tiskovina. Na\u0161i partner u dostavljanju su\u00a0A2B Express (kurirska),\u00a0A2B Express (cestovna),\u00a0 Euro Express ,\u00a0XPress\u00a0i\u00a0JP BH &hellip; <a href=\"https:\/\/knjigoljubac.ba\/hr\/metode-dostave\/\">Readmore<\/a>","protected":false},"author":1,"featured_media":0,"parent":0,"menu_order":0,"comment_status":"closed","ping_status":"closed","template":"","meta":{"footnotes":""},"class_list":["post-10131","page","type-page","status-publish","hentry"],"yoast_head":"<!-- This site is optimized with the Yoast SEO plugin v27.5 - https:\/\/yoast.com\/product\/yoast-seo-wordpress\/ -->\n<title>Metode Dostave - KNJIGOLJUBAC<\/title>\n<meta name=\"robots\" content=\"index, follow, max-snippet:-1, max-image-preview:large, max-video-preview:-1\" \/>\n<link rel=\"canonical\" href=\"https:\/\/knjigoljubac.ba\/hr\/metode-dostave\/\" \/>\n<meta property=\"og:locale\" content=\"hr_HR\" \/>\n<meta property=\"og:type\" content=\"article\" \/>\n<meta property=\"og:title\" content=\"Metode Dostave - KNJIGOLJUBAC\" \/>\n<meta property=\"og:url\" content=\"https:\/\/knjigoljubac.ba\/hr\/metode-dostave\/\" \/>\n<meta property=\"og:site_name\" content=\"KNJIGOLJUBAC\" \/>\n<meta property=\"article:publisher\" content=\"https:\/\/www.facebook.com\/knjigoljubacba-106067741319857\/?ref=pages_you_manage\" \/>\n<meta property=\"article:modified_time\" content=\"2024-12-26T17:06:33+00:00\" \/>\n<meta name=\"twitter:card\" content=\"summary_large_image\" \/>\n<meta name=\"twitter:label1\" content=\"Procijenjeno vrijeme \u010ditanja\" \/>\n\t<meta name=\"twitter:data1\" content=\"5 minuta\" \/>\n<script type=\"application\/ld+json\" class=\"yoast-schema-graph\">{\"@context\":\"https:\\\/\\\/schema.org\",\"@graph\":[{\"@type\":\"WebPage\",\"@id\":\"https:\\\/\\\/knjigoljubac.ba\\\/metode-dostave\\\/\",\"url\":\"https:\\\/\\\/knjigoljubac.ba\\\/metode-dostave\\\/\",\"name\":\"Metode Dostave - KNJIGOLJUBAC\",\"isPartOf\":{\"@id\":\"https:\\\/\\\/knjigoljubac.ba\\\/#website\"},\"datePublished\":\"2020-02-03T22:14:39+00:00\",\"dateModified\":\"2024-12-26T17:06:33+00:00\",\"breadcrumb\":{\"@id\":\"https:\\\/\\\/knjigoljubac.ba\\\/metode-dostave\\\/#breadcrumb\"},\"inLanguage\":\"hr\",\"potentialAction\":[{\"@type\":\"ReadAction\",\"target\":[\"https:\\\/\\\/knjigoljubac.ba\\\/metode-dostave\\\/\"]}]},{\"@type\":\"BreadcrumbList\",\"@id\":\"https:\\\/\\\/knjigoljubac.ba\\\/metode-dostave\\\/#breadcrumb\",\"itemListElement\":[{\"@type\":\"ListItem\",\"position\":1,\"name\":\"Po\u010detna stranica\",\"item\":\"https:\\\/\\\/knjigoljubac.ba\\\/\"},{\"@type\":\"ListItem\",\"position\":2,\"name\":\"Metode Dostave\"}]},{\"@type\":\"WebSite\",\"@id\":\"https:\\\/\\\/knjigoljubac.ba\\\/#website\",\"url\":\"https:\\\/\\\/knjigoljubac.ba\\\/\",\"name\":\"KNJIGOLJUBAC\",\"description\":\"Va\u0161a online knji\u017eara\",\"publisher\":{\"@id\":\"https:\\\/\\\/knjigoljubac.ba\\\/#organization\"},\"potentialAction\":[{\"@type\":\"SearchAction\",\"target\":{\"@type\":\"EntryPoint\",\"urlTemplate\":\"https:\\\/\\\/knjigoljubac.ba\\\/?s={search_term_string}\"},\"query-input\":{\"@type\":\"PropertyValueSpecification\",\"valueRequired\":true,\"valueName\":\"search_term_string\"}}],\"inLanguage\":\"hr\"},{\"@type\":\"Organization\",\"@id\":\"https:\\\/\\\/knjigoljubac.ba\\\/#organization\",\"name\":\"KNJIGOLJUBAC\",\"url\":\"https:\\\/\\\/knjigoljubac.ba\\\/\",\"logo\":{\"@type\":\"ImageObject\",\"inLanguage\":\"hr\",\"@id\":\"https:\\\/\\\/knjigoljubac.ba\\\/#\\\/schema\\\/logo\\\/image\\\/\",\"url\":\"https:\\\/\\\/knjigoljubac.ba\\\/wp-content\\\/uploads\\\/2021\\\/09\\\/logo-novi-1024x465.png\",\"contentUrl\":\"https:\\\/\\\/knjigoljubac.ba\\\/wp-content\\\/uploads\\\/2021\\\/09\\\/logo-novi-1024x465.png\",\"width\":1024,\"height\":465,\"caption\":\"KNJIGOLJUBAC\"},\"image\":{\"@id\":\"https:\\\/\\\/knjigoljubac.ba\\\/#\\\/schema\\\/logo\\\/image\\\/\"},\"sameAs\":[\"https:\\\/\\\/www.facebook.com\\\/knjigoljubacba-106067741319857\\\/?ref=pages_you_manage\",\"https:\\\/\\\/www.instagram.com\\\/knjigoljubacbrcko\\\/\"]}]}<\/script>\n<!-- \/ Yoast SEO plugin. -->","yoast_head_json":{"title":"Metode Dostave - KNJIGOLJUBAC","robots":{"index":"index","follow":"follow","max-snippet":"max-snippet:-1","max-image-preview":"max-image-preview:large","max-video-preview":"max-video-preview:-1"},"canonical":"https:\/\/knjigoljubac.ba\/hr\/metode-dostave\/","og_locale":"hr_HR","og_type":"article","og_title":"Metode Dostave - KNJIGOLJUBAC","og_url":"https:\/\/knjigoljubac.ba\/hr\/metode-dostave\/","og_site_name":"KNJIGOLJUBAC","article_publisher":"https:\/\/www.facebook.com\/knjigoljubacba-106067741319857\/?ref=pages_you_manage","article_modified_time":"2024-12-26T17:06:33+00:00","twitter_card":"summary_large_image","twitter_misc":{"Procijenjeno vrijeme \u010ditanja":"5 minuta"},"schema":{"@context":"https:\/\/schema.org","@graph":[{"@type":"WebPage","@id":"https:\/\/knjigoljubac.ba\/metode-dostave\/","url":"https:\/\/knjigoljubac.ba\/metode-dostave\/","name":"Metode Dostave - KNJIGOLJUBAC","isPartOf":{"@id":"https:\/\/knjigoljubac.ba\/#website"},"datePublished":"2020-02-03T22:14:39+00:00","dateModified":"2024-12-26T17:06:33+00:00","breadcrumb":{"@id":"https:\/\/knjigoljubac.ba\/metode-dostave\/#breadcrumb"},"inLanguage":"hr","potentialAction":[{"@type":"ReadAction","target":["https:\/\/knjigoljubac.ba\/metode-dostave\/"]}]},{"@type":"BreadcrumbList","@id":"https:\/\/knjigoljubac.ba\/metode-dostave\/#breadcrumb","itemListElement":[{"@type":"ListItem","position":1,"name":"Po\u010detna stranica","item":"https:\/\/knjigoljubac.ba\/"},{"@type":"ListItem","position":2,"name":"Metode Dostave"}]},{"@type":"WebSite","@id":"https:\/\/knjigoljubac.ba\/#website","url":"https:\/\/knjigoljubac.ba\/","name":"KNJIGOLJUBAC","description":"Va\u0161a online knji\u017eara","publisher":{"@id":"https:\/\/knjigoljubac.ba\/#organization"},"potentialAction":[{"@type":"SearchAction","target":{"@type":"EntryPoint","urlTemplate":"https:\/\/knjigoljubac.ba\/?s={search_term_string}"},"query-input":{"@type":"PropertyValueSpecification","valueRequired":true,"valueName":"search_term_string"}}],"inLanguage":"hr"},{"@type":"Organization","@id":"https:\/\/knjigoljubac.ba\/#organization","name":"KNJIGOLJUBAC","url":"https:\/\/knjigoljubac.ba\/","logo":{"@type":"ImageObject","inLanguage":"hr","@id":"https:\/\/knjigoljubac.ba\/#\/schema\/logo\/image\/","url":"https:\/\/knjigoljubac.ba\/wp-content\/uploads\/2021\/09\/logo-novi-1024x465.png","contentUrl":"https:\/\/knjigoljubac.ba\/wp-content\/uploads\/2021\/09\/logo-novi-1024x465.png","width":1024,"height":465,"caption":"KNJIGOLJUBAC"},"image":{"@id":"https:\/\/knjigoljubac.ba\/#\/schema\/logo\/image\/"},"sameAs":["https:\/\/www.facebook.com\/knjigoljubacba-106067741319857\/?ref=pages_you_manage","https:\/\/www.instagram.com\/knjigoljubacbrcko\/"]}]}},"jetpack_sharing_enabled":true,"_links":{"self":[{"href":"https:\/\/knjigoljubac.ba\/hr\/wp-json\/wp\/v2\/pages\/10131","targetHints":{"allow":["GET"]}}],"collection":[{"href":"https:\/\/knjigoljubac.ba\/hr\/wp-json\/wp\/v2\/pages"}],"about":[{"href":"https:\/\/knjigoljubac.ba\/hr\/wp-json\/wp\/v2\/types\/page"}],"author":[{"embeddable":true,"href":"https:\/\/knjigoljubac.ba\/hr\/wp-json\/wp\/v2\/users\/1"}],"replies":[{"embeddable":true,"href":"https:\/\/knjigoljubac.ba\/hr\/wp-json\/wp\/v2\/comments?post=10131"}],"version-history":[{"count":6,"href":"https:\/\/knjigoljubac.ba\/hr\/wp-json\/wp\/v2\/pages\/10131\/revisions"}],"predecessor-version":[{"id":122224,"href":"https:\/\/knjigoljubac.ba\/hr\/wp-json\/wp\/v2\/pages\/10131\/revisions\/122224"}],"wp:attachment":[{"href":"https:\/\/knjigoljubac.ba\/hr\/wp-json\/wp\/v2\/media?parent=10131"}],"curies":[{"name":"wp","href":"https:\/\/api.w.org\/{rel}","templated":true}]}}