{"id":53582,"date":"2021-11-29T19:21:13","date_gmt":"2021-11-29T19:21:13","guid":{"rendered":"https:\/\/knjigoljubac.ba\/?post_type=product&#038;p=53582"},"modified":"2021-11-29T19:22:11","modified_gmt":"2021-11-29T19:22:11","slug":"kritika-cistoga-uma","status":"publish","type":"product","link":"https:\/\/knjigoljubac.ba\/bs\/product\/kritika-cistoga-uma\/","title":{"rendered":"KRITIKA \u010cISTOGA UMA"},"content":{"rendered":"<p>Kako se meni \u010dini, za \u010ditaoca bi moglo biti dovoljno privla\u010dno da svoj trud sjedini s trudom pi\u0161\u010devim, ako namjerava jedno veliko i va\u017eno djelo posve i trajno dovr\u0161iti prema predlo\u017eenome nacrtu. Metafizika je, dakle, prema pojmovima koje \u0107emo ovdje dati o njoj, jedina od svih znanosti koja sebi smije obe\u0107avati takvo dovr\u0161enje, i to za kratko vrijeme, a potrebno je za to samo malo, ali ujedinjenoga truda. (\u2026) Jer ona nije ni\u0161ta drugo nego sustavno sre\u0111en inventar svih na\u0161ih posjeda pomo\u0107u \u010distoga uma. Ovdje nam ni\u0161ta ne mo\u017ee izmaknuti, jer ono \u0161to um proizvede posve iz samoga sebe ne mo\u017ee se sakriti, nego to sam um dovodi na svjetlo, \u010dim se samo otkrilo zajedni\u010dko na\u010delo toga. Potpuno jedinstvo ove vrste spoznaja, i to spoznaja iz samih \u010distih pojmova, a da ni\u0161ta od iskustva ili samo i od posebnoga zora, koji bi imao voditi do odre\u0111enog iskustva, nimalo ne mo\u017ee utjecati na nju, da je pro\u0161iri ili pove\u0107a, \u010dini tu bezuvjetnu potpunost ne samo mogu\u0107om, nego i nu\u017enom. Tecum habita et moris, quam sit tibi curta supellex. (Obazri se u svome vlastitom domu, pa \u0107e\u0161 vidjeti, kako je jednostavan tvoj inventar.)<br \/>\n\u2013 Immanuel Kant<\/p>\n<p>Kritika \u010distoga uma tako je, poput nekih kaznenih djela, ono koje ne zastarijeva jer ljudski crimen izra\u017een zahtjevima razuma i uma za prekora\u010denjem granica vlastite spoznaje nikad nije zastario. Stoga je zada\u0107a Kritike iznova i neprestano buditi svijest o pomirenju svijeta i mi\u0161ljenja, iskustva i razuma, uma i njegovih ideja s razumom i njegovim kategorijama \u2013 rije\u010dju, u pomirenju \u201cuma sa samim sobom\u201d.<br \/>\n\u2013 Goran Sunajko<\/p>","protected":false},"excerpt":{"rendered":"<div class=\"item\">\n<div class=\"left\">Autor\/i:\u00a0<span class=\"width-100\">Immanuel Kant<\/span><\/div>\n<\/div>\n<div class=\"item\">\n<div class=\"left\">Preveo(la): <span class=\"width-100\">Viktor D. Sonnenfeld , <\/span><span class=\"width-100\">Goran Sunajko<\/span><\/div>\n<\/div>\n<div class=\"item\">\n<div class=\"left\">Nakladnik\/ci: JESENSKI I TURK<\/div>\n<\/div>\n<div class=\"item\">\n<div class=\"left\">ISBN: 978-953-222-867-0<\/div>\n<\/div>\n<div class=\"item\">\n<div class=\"left\">Uvez: meki<\/div>\n<\/div>\n<div class=\"item\">\n<div class=\"left\">Godina izdanja: 2021<\/div>\n<\/div>\n<div class=\"item\">\n<div class=\"left\">Broj stranica: <span class=\"width-100\">520<\/span><\/div>\n<\/div>\n<div class=\"item\">\n<div class=\"left\">Format: <span class=\"width-100\">23 x 15 cm<\/span><\/div>\n<\/div>","protected":false},"featured_media":53583,"template":"","meta":[],"product_brand":[],"product_cat":[292,325,326],"product_tag":[829,334,830],"class_list":{"0":"post-53582","1":"product","2":"type-product","3":"status-publish","4":"has-post-thumbnail","6":"product_cat-filozofija","7":"product_cat-najnovije-u-knjizari","8":"product_cat-preporuceno","9":"product_tag-imanuel-kant","10":"product_tag-knjigoljubac","11":"product_tag-kritika-cistog-uma","13":"first","14":"instock","15":"sale","16":"taxable","17":"shipping-taxable","18":"purchasable","19":"product-type-simple"},"yoast_head":"<!-- This site is optimized with the Yoast SEO plugin v27.5 - https:\/\/yoast.com\/product\/yoast-seo-wordpress\/ -->\n<title>KRITIKA \u010cISTOGA UMA - KNJIGOLJUBAC<\/title>\n<meta name=\"robots\" content=\"index, follow, max-snippet:-1, max-image-preview:large, max-video-preview:-1\" \/>\n<link rel=\"canonical\" href=\"https:\/\/knjigoljubac.ba\/bs\/product\/kritika-cistoga-uma\/\" \/>\n<meta property=\"og:locale\" content=\"bs_BA\" \/>\n<meta property=\"og:type\" content=\"article\" \/>\n<meta property=\"og:title\" content=\"KRITIKA \u010cISTOGA UMA - KNJIGOLJUBAC\" \/>\n<meta property=\"og:description\" content=\"Autor\/i:\u00a0Immanuel Kant   Preveo(la): Viktor D. Sonnenfeld , Goran Sunajko   Nakladnik\/ci: JESENSKI I TURK   ISBN: 978-953-222-867-0   Uvez: meki   Godina izdanja: 2021   Broj stranica: 520   Format: 23 x 15 cm\" \/>\n<meta property=\"og:url\" content=\"https:\/\/knjigoljubac.ba\/bs\/product\/kritika-cistoga-uma\/\" \/>\n<meta property=\"og:site_name\" content=\"KNJIGOLJUBAC\" \/>\n<meta property=\"article:publisher\" content=\"https:\/\/www.facebook.com\/knjigoljubacba-106067741319857\/?ref=pages_you_manage\" \/>\n<meta property=\"article:modified_time\" content=\"2021-11-29T19:22:11+00:00\" \/>\n<meta property=\"og:image\" content=\"https:\/\/knjigoljubac.ba\/wp-content\/uploads\/2021\/11\/kant_prednjica.jpg\" \/>\n\t<meta property=\"og:image:width\" content=\"160\" \/>\n\t<meta property=\"og:image:height\" content=\"226\" \/>\n\t<meta property=\"og:image:type\" content=\"image\/jpeg\" \/>\n<meta name=\"twitter:card\" content=\"summary_large_image\" \/>\n<meta name=\"twitter:label1\" content=\"Est. reading time\" \/>\n\t<meta name=\"twitter:data1\" content=\"2 minute\" \/>\n<script type=\"application\/ld+json\" class=\"yoast-schema-graph\">{\"@context\":\"https:\\\/\\\/schema.org\",\"@graph\":[{\"@type\":\"WebPage\",\"@id\":\"https:\\\/\\\/knjigoljubac.ba\\\/product\\\/kritika-cistoga-uma\\\/\",\"url\":\"https:\\\/\\\/knjigoljubac.ba\\\/product\\\/kritika-cistoga-uma\\\/\",\"name\":\"KRITIKA \u010cISTOGA UMA - KNJIGOLJUBAC\",\"isPartOf\":{\"@id\":\"https:\\\/\\\/knjigoljubac.ba\\\/#website\"},\"primaryImageOfPage\":{\"@id\":\"https:\\\/\\\/knjigoljubac.ba\\\/product\\\/kritika-cistoga-uma\\\/#primaryimage\"},\"image\":{\"@id\":\"https:\\\/\\\/knjigoljubac.ba\\\/product\\\/kritika-cistoga-uma\\\/#primaryimage\"},\"thumbnailUrl\":\"https:\\\/\\\/knjigoljubac.ba\\\/wp-content\\\/uploads\\\/2021\\\/11\\\/kant_prednjica.jpg\",\"datePublished\":\"2021-11-29T19:21:13+00:00\",\"dateModified\":\"2021-11-29T19:22:11+00:00\",\"breadcrumb\":{\"@id\":\"https:\\\/\\\/knjigoljubac.ba\\\/product\\\/kritika-cistoga-uma\\\/#breadcrumb\"},\"inLanguage\":\"bs-BA\",\"potentialAction\":[{\"@type\":\"ReadAction\",\"target\":[\"https:\\\/\\\/knjigoljubac.ba\\\/product\\\/kritika-cistoga-uma\\\/\"]}]},{\"@type\":\"ImageObject\",\"inLanguage\":\"bs-BA\",\"@id\":\"https:\\\/\\\/knjigoljubac.ba\\\/product\\\/kritika-cistoga-uma\\\/#primaryimage\",\"url\":\"https:\\\/\\\/knjigoljubac.ba\\\/wp-content\\\/uploads\\\/2021\\\/11\\\/kant_prednjica.jpg\",\"contentUrl\":\"https:\\\/\\\/knjigoljubac.ba\\\/wp-content\\\/uploads\\\/2021\\\/11\\\/kant_prednjica.jpg\",\"width\":160,\"height\":226},{\"@type\":\"BreadcrumbList\",\"@id\":\"https:\\\/\\\/knjigoljubac.ba\\\/product\\\/kritika-cistoga-uma\\\/#breadcrumb\",\"itemListElement\":[{\"@type\":\"ListItem\",\"position\":1,\"name\":\"Po\u010detna stranica\",\"item\":\"https:\\\/\\\/knjigoljubac.ba\\\/\"},{\"@type\":\"ListItem\",\"position\":2,\"name\":\"Trgovina\",\"item\":\"https:\\\/\\\/knjigoljubac.ba\\\/trgovina\\\/\"},{\"@type\":\"ListItem\",\"position\":3,\"name\":\"KRITIKA \u010cISTOGA UMA\"}]},{\"@type\":\"WebSite\",\"@id\":\"https:\\\/\\\/knjigoljubac.ba\\\/#website\",\"url\":\"https:\\\/\\\/knjigoljubac.ba\\\/\",\"name\":\"KNJIGOLJUBAC\",\"description\":\"Va\u0161a online knji\u017eara\",\"publisher\":{\"@id\":\"https:\\\/\\\/knjigoljubac.ba\\\/#organization\"},\"potentialAction\":[{\"@type\":\"SearchAction\",\"target\":{\"@type\":\"EntryPoint\",\"urlTemplate\":\"https:\\\/\\\/knjigoljubac.ba\\\/?s={search_term_string}\"},\"query-input\":{\"@type\":\"PropertyValueSpecification\",\"valueRequired\":true,\"valueName\":\"search_term_string\"}}],\"inLanguage\":\"bs-BA\"},{\"@type\":\"Organization\",\"@id\":\"https:\\\/\\\/knjigoljubac.ba\\\/#organization\",\"name\":\"KNJIGOLJUBAC\",\"url\":\"https:\\\/\\\/knjigoljubac.ba\\\/\",\"logo\":{\"@type\":\"ImageObject\",\"inLanguage\":\"bs-BA\",\"@id\":\"https:\\\/\\\/knjigoljubac.ba\\\/#\\\/schema\\\/logo\\\/image\\\/\",\"url\":\"https:\\\/\\\/knjigoljubac.ba\\\/wp-content\\\/uploads\\\/2021\\\/09\\\/logo-novi-1024x465.png\",\"contentUrl\":\"https:\\\/\\\/knjigoljubac.ba\\\/wp-content\\\/uploads\\\/2021\\\/09\\\/logo-novi-1024x465.png\",\"width\":1024,\"height\":465,\"caption\":\"KNJIGOLJUBAC\"},\"image\":{\"@id\":\"https:\\\/\\\/knjigoljubac.ba\\\/#\\\/schema\\\/logo\\\/image\\\/\"},\"sameAs\":[\"https:\\\/\\\/www.facebook.com\\\/knjigoljubacba-106067741319857\\\/?ref=pages_you_manage\",\"https:\\\/\\\/www.instagram.com\\\/knjigoljubacbrcko\\\/\"]}]}<\/script>\n<!-- \/ Yoast SEO plugin. -->","yoast_head_json":{"title":"KRITIKA \u010cISTOGA UMA - KNJIGOLJUBAC","robots":{"index":"index","follow":"follow","max-snippet":"max-snippet:-1","max-image-preview":"max-image-preview:large","max-video-preview":"max-video-preview:-1"},"canonical":"https:\/\/knjigoljubac.ba\/bs\/product\/kritika-cistoga-uma\/","og_locale":"bs_BA","og_type":"article","og_title":"KRITIKA \u010cISTOGA UMA - KNJIGOLJUBAC","og_description":"Autor\/i:\u00a0Immanuel Kant   Preveo(la): Viktor D. Sonnenfeld , Goran Sunajko   Nakladnik\/ci: JESENSKI I TURK   ISBN: 978-953-222-867-0   Uvez: meki   Godina izdanja: 2021   Broj stranica: 520   Format: 23 x 15 cm","og_url":"https:\/\/knjigoljubac.ba\/bs\/product\/kritika-cistoga-uma\/","og_site_name":"KNJIGOLJUBAC","article_publisher":"https:\/\/www.facebook.com\/knjigoljubacba-106067741319857\/?ref=pages_you_manage","article_modified_time":"2021-11-29T19:22:11+00:00","og_image":[{"width":160,"height":226,"url":"https:\/\/knjigoljubac.ba\/wp-content\/uploads\/2021\/11\/kant_prednjica.jpg","type":"image\/jpeg"}],"twitter_card":"summary_large_image","twitter_misc":{"Est. reading time":"2 minute"},"schema":{"@context":"https:\/\/schema.org","@graph":[{"@type":"WebPage","@id":"https:\/\/knjigoljubac.ba\/product\/kritika-cistoga-uma\/","url":"https:\/\/knjigoljubac.ba\/product\/kritika-cistoga-uma\/","name":"KRITIKA \u010cISTOGA UMA - KNJIGOLJUBAC","isPartOf":{"@id":"https:\/\/knjigoljubac.ba\/#website"},"primaryImageOfPage":{"@id":"https:\/\/knjigoljubac.ba\/product\/kritika-cistoga-uma\/#primaryimage"},"image":{"@id":"https:\/\/knjigoljubac.ba\/product\/kritika-cistoga-uma\/#primaryimage"},"thumbnailUrl":"https:\/\/knjigoljubac.ba\/wp-content\/uploads\/2021\/11\/kant_prednjica.jpg","datePublished":"2021-11-29T19:21:13+00:00","dateModified":"2021-11-29T19:22:11+00:00","breadcrumb":{"@id":"https:\/\/knjigoljubac.ba\/product\/kritika-cistoga-uma\/#breadcrumb"},"inLanguage":"bs-BA","potentialAction":[{"@type":"ReadAction","target":["https:\/\/knjigoljubac.ba\/product\/kritika-cistoga-uma\/"]}]},{"@type":"ImageObject","inLanguage":"bs-BA","@id":"https:\/\/knjigoljubac.ba\/product\/kritika-cistoga-uma\/#primaryimage","url":"https:\/\/knjigoljubac.ba\/wp-content\/uploads\/2021\/11\/kant_prednjica.jpg","contentUrl":"https:\/\/knjigoljubac.ba\/wp-content\/uploads\/2021\/11\/kant_prednjica.jpg","width":160,"height":226},{"@type":"BreadcrumbList","@id":"https:\/\/knjigoljubac.ba\/product\/kritika-cistoga-uma\/#breadcrumb","itemListElement":[{"@type":"ListItem","position":1,"name":"Po\u010detna stranica","item":"https:\/\/knjigoljubac.ba\/"},{"@type":"ListItem","position":2,"name":"Trgovina","item":"https:\/\/knjigoljubac.ba\/trgovina\/"},{"@type":"ListItem","position":3,"name":"KRITIKA \u010cISTOGA UMA"}]},{"@type":"WebSite","@id":"https:\/\/knjigoljubac.ba\/#website","url":"https:\/\/knjigoljubac.ba\/","name":"KNJIGOLJUBAC","description":"Va\u0161a online knji\u017eara","publisher":{"@id":"https:\/\/knjigoljubac.ba\/#organization"},"potentialAction":[{"@type":"SearchAction","target":{"@type":"EntryPoint","urlTemplate":"https:\/\/knjigoljubac.ba\/?s={search_term_string}"},"query-input":{"@type":"PropertyValueSpecification","valueRequired":true,"valueName":"search_term_string"}}],"inLanguage":"bs-BA"},{"@type":"Organization","@id":"https:\/\/knjigoljubac.ba\/#organization","name":"KNJIGOLJUBAC","url":"https:\/\/knjigoljubac.ba\/","logo":{"@type":"ImageObject","inLanguage":"bs-BA","@id":"https:\/\/knjigoljubac.ba\/#\/schema\/logo\/image\/","url":"https:\/\/knjigoljubac.ba\/wp-content\/uploads\/2021\/09\/logo-novi-1024x465.png","contentUrl":"https:\/\/knjigoljubac.ba\/wp-content\/uploads\/2021\/09\/logo-novi-1024x465.png","width":1024,"height":465,"caption":"KNJIGOLJUBAC"},"image":{"@id":"https:\/\/knjigoljubac.ba\/#\/schema\/logo\/image\/"},"sameAs":["https:\/\/www.facebook.com\/knjigoljubacba-106067741319857\/?ref=pages_you_manage","https:\/\/www.instagram.com\/knjigoljubacbrcko\/"]}]}},"jetpack_sharing_enabled":true,"_links":{"self":[{"href":"https:\/\/knjigoljubac.ba\/bs\/wp-json\/wp\/v2\/product\/53582","targetHints":{"allow":["GET"]}}],"collection":[{"href":"https:\/\/knjigoljubac.ba\/bs\/wp-json\/wp\/v2\/product"}],"about":[{"href":"https:\/\/knjigoljubac.ba\/bs\/wp-json\/wp\/v2\/types\/product"}],"wp:featuredmedia":[{"embeddable":true,"href":"https:\/\/knjigoljubac.ba\/bs\/wp-json\/wp\/v2\/media\/53583"}],"wp:attachment":[{"href":"https:\/\/knjigoljubac.ba\/bs\/wp-json\/wp\/v2\/media?parent=53582"}],"wp:term":[{"taxonomy":"product_brand","embeddable":true,"href":"https:\/\/knjigoljubac.ba\/bs\/wp-json\/wp\/v2\/product_brand?post=53582"},{"taxonomy":"product_cat","embeddable":true,"href":"https:\/\/knjigoljubac.ba\/bs\/wp-json\/wp\/v2\/product_cat?post=53582"},{"taxonomy":"product_tag","embeddable":true,"href":"https:\/\/knjigoljubac.ba\/bs\/wp-json\/wp\/v2\/product_tag?post=53582"}],"curies":[{"name":"wp","href":"https:\/\/api.w.org\/{rel}","templated":true}]}}