{"id":53548,"date":"2021-11-29T18:58:35","date_gmt":"2021-11-29T18:58:35","guid":{"rendered":"https:\/\/knjigoljubac.ba\/?post_type=product&#038;p=53548"},"modified":"2021-11-29T19:00:27","modified_gmt":"2021-11-29T19:00:27","slug":"filozofija-povijesti","status":"publish","type":"product","link":"https:\/\/knjigoljubac.ba\/bs\/product\/filozofija-povijesti\/","title":{"rendered":"FILOZOFIJA POVIJESTI"},"content":{"rendered":"<p>One me\u0111u vama, gospodo moja, koji jo\u0161 ne poznaju filozofiju, mogao bih mo\u017eda sada zamoliti za to, da ovome predavanju o svjetskoj povijesti pristupe s vjerom u um, sa \u017eeljom, sa \u017ee\u0111u za njegovom spoznajom. Na svaki je pak na\u010din \u017eelja za umnim uvi\u0111anjem, za spoznajom ono \u0161to bi se moralo pretpostaviti kao subjektivna potreba kod studija znanosti, a ne \u017eelja samo za sakupljanjem znanja.Ako se naime za svjetsku povijest ve\u0107 ne donosi sa sobom misao, spoznaja uma, onda bi trebalo imati bar \u010dvrstu, nesavladivu vjeru, da u njoj vlada um, pa i tu vjeru, da svijet inteligencije i samosvjesnog htijenja nije prepu\u0161ten slu\u010daju, nego da se mora pokazati u svjetlu ideje, koja zna za sebe.U stvari ja takvu vjeru ne treba da unaprijed zahtjevam. \u0160to sam do sada rekao i \u0161to \u0107u jo\u0161 re\u0107i ne treba &#8211; ni u pogledu na\u0161e znanosti &#8211; uzeti samo kao pretpostavku, nego kao pregled cjeline, kao rezultat razmatranja koje treba da napravimo, rezultat koji je meni poznat jer ve\u0107 poznajem cjelinu. Tek iz samoga razmatranja svjetske povijesti ima dakle proiza\u0107i da je zbivanje u njoj bilo umno, da je ona bila umni, nu\u017eni tok svjetskoga duha, duha kojega je narav dodu\u0161e uvijek jedna te ista, ali koji u svjetskome bitku eksplicira tu svoju jednu narav. Kao \u0161to je re\u010deno, to mora biti rezultat povijesti.<\/p>","protected":false},"excerpt":{"rendered":"<div class=\"item\">\n<div class=\"left\">Autor:<\/div>\n<div class=\"right\"><span class=\"width-100\">Georg Wilhelm Friedrich Hegel<\/span><\/div>\n<\/div>\n<div class=\"item\">\n<div><\/div>\n<div class=\"left\">Preveo(la): Viktor D. Sonnenfeld<\/div>\n<\/div>\n<div class=\"item\">\n<div><\/div>\n<div class=\"left\">Nakladnik\/ci: JESENSKI I TURK<\/div>\n<\/div>\n<div class=\"item\">\n<div class=\"left\">ISBN 9789532227574<\/div>\n<\/div>\n<div class=\"item\">\n<div class=\"left\">Uvez: meki<\/div>\n<\/div>\n<div class=\"item\">\n<div class=\"left\">Godina izdanja: 2017<\/div>\n<\/div>\n<div class=\"item\">\n<div class=\"left\">Broj stranica: 365<\/div>\n<\/div>\n<div class=\"item\">\n<div class=\"left\">Format: 23 x 15 cm<\/div>\n<\/div>","protected":false},"featured_media":53549,"template":"","meta":[],"product_brand":[],"product_cat":[292,325,326],"product_tag":[824,823,334],"class_list":{"0":"post-53548","1":"product","2":"type-product","3":"status-publish","4":"has-post-thumbnail","6":"product_cat-filozofija","7":"product_cat-najnovije-u-knjizari","8":"product_cat-preporuceno","9":"product_tag-filozofija-povjesti","10":"product_tag-hegel","11":"product_tag-knjigoljubac","13":"first","14":"instock","15":"sale","16":"taxable","17":"shipping-taxable","18":"purchasable","19":"product-type-simple"},"yoast_head":"<!-- This site is optimized with the Yoast SEO plugin v27.5 - https:\/\/yoast.com\/product\/yoast-seo-wordpress\/ -->\n<title>FILOZOFIJA POVIJESTI - KNJIGOLJUBAC<\/title>\n<meta name=\"robots\" content=\"index, follow, max-snippet:-1, max-image-preview:large, max-video-preview:-1\" \/>\n<link rel=\"canonical\" href=\"https:\/\/knjigoljubac.ba\/bs\/product\/filozofija-povijesti\/\" \/>\n<meta property=\"og:locale\" content=\"bs_BA\" \/>\n<meta property=\"og:type\" content=\"article\" \/>\n<meta property=\"og:title\" content=\"FILOZOFIJA POVIJESTI - KNJIGOLJUBAC\" \/>\n<meta property=\"og:description\" content=\"Autor: Georg Wilhelm Friedrich Hegel    Preveo(la): Viktor D. Sonnenfeld    Nakladnik\/ci: JESENSKI I TURK   ISBN 9789532227574   Uvez: meki   Godina izdanja: 2017   Broj stranica: 365   Format: 23 x 15 cm\" \/>\n<meta property=\"og:url\" content=\"https:\/\/knjigoljubac.ba\/bs\/product\/filozofija-povijesti\/\" \/>\n<meta property=\"og:site_name\" content=\"KNJIGOLJUBAC\" \/>\n<meta property=\"article:publisher\" content=\"https:\/\/www.facebook.com\/knjigoljubacba-106067741319857\/?ref=pages_you_manage\" \/>\n<meta property=\"article:modified_time\" content=\"2021-11-29T19:00:27+00:00\" \/>\n<meta property=\"og:image\" content=\"https:\/\/knjigoljubac.ba\/wp-content\/uploads\/2021\/11\/hegel1.jpg\" \/>\n\t<meta property=\"og:image:width\" content=\"160\" \/>\n\t<meta property=\"og:image:height\" content=\"226\" \/>\n\t<meta property=\"og:image:type\" content=\"image\/jpeg\" \/>\n<meta name=\"twitter:card\" content=\"summary_large_image\" \/>\n<meta name=\"twitter:label1\" content=\"Est. reading time\" \/>\n\t<meta name=\"twitter:data1\" content=\"1 minuta\" \/>\n<script type=\"application\/ld+json\" class=\"yoast-schema-graph\">{\"@context\":\"https:\\\/\\\/schema.org\",\"@graph\":[{\"@type\":\"WebPage\",\"@id\":\"https:\\\/\\\/knjigoljubac.ba\\\/product\\\/filozofija-povijesti\\\/\",\"url\":\"https:\\\/\\\/knjigoljubac.ba\\\/product\\\/filozofija-povijesti\\\/\",\"name\":\"FILOZOFIJA POVIJESTI - KNJIGOLJUBAC\",\"isPartOf\":{\"@id\":\"https:\\\/\\\/knjigoljubac.ba\\\/#website\"},\"primaryImageOfPage\":{\"@id\":\"https:\\\/\\\/knjigoljubac.ba\\\/product\\\/filozofija-povijesti\\\/#primaryimage\"},\"image\":{\"@id\":\"https:\\\/\\\/knjigoljubac.ba\\\/product\\\/filozofija-povijesti\\\/#primaryimage\"},\"thumbnailUrl\":\"https:\\\/\\\/knjigoljubac.ba\\\/wp-content\\\/uploads\\\/2021\\\/11\\\/hegel1.jpg\",\"datePublished\":\"2021-11-29T18:58:35+00:00\",\"dateModified\":\"2021-11-29T19:00:27+00:00\",\"breadcrumb\":{\"@id\":\"https:\\\/\\\/knjigoljubac.ba\\\/product\\\/filozofija-povijesti\\\/#breadcrumb\"},\"inLanguage\":\"bs-BA\",\"potentialAction\":[{\"@type\":\"ReadAction\",\"target\":[\"https:\\\/\\\/knjigoljubac.ba\\\/product\\\/filozofija-povijesti\\\/\"]}]},{\"@type\":\"ImageObject\",\"inLanguage\":\"bs-BA\",\"@id\":\"https:\\\/\\\/knjigoljubac.ba\\\/product\\\/filozofija-povijesti\\\/#primaryimage\",\"url\":\"https:\\\/\\\/knjigoljubac.ba\\\/wp-content\\\/uploads\\\/2021\\\/11\\\/hegel1.jpg\",\"contentUrl\":\"https:\\\/\\\/knjigoljubac.ba\\\/wp-content\\\/uploads\\\/2021\\\/11\\\/hegel1.jpg\",\"width\":160,\"height\":226},{\"@type\":\"BreadcrumbList\",\"@id\":\"https:\\\/\\\/knjigoljubac.ba\\\/product\\\/filozofija-povijesti\\\/#breadcrumb\",\"itemListElement\":[{\"@type\":\"ListItem\",\"position\":1,\"name\":\"Po\u010detna stranica\",\"item\":\"https:\\\/\\\/knjigoljubac.ba\\\/\"},{\"@type\":\"ListItem\",\"position\":2,\"name\":\"Trgovina\",\"item\":\"https:\\\/\\\/knjigoljubac.ba\\\/trgovina\\\/\"},{\"@type\":\"ListItem\",\"position\":3,\"name\":\"FILOZOFIJA POVIJESTI\"}]},{\"@type\":\"WebSite\",\"@id\":\"https:\\\/\\\/knjigoljubac.ba\\\/#website\",\"url\":\"https:\\\/\\\/knjigoljubac.ba\\\/\",\"name\":\"KNJIGOLJUBAC\",\"description\":\"Va\u0161a online knji\u017eara\",\"publisher\":{\"@id\":\"https:\\\/\\\/knjigoljubac.ba\\\/#organization\"},\"potentialAction\":[{\"@type\":\"SearchAction\",\"target\":{\"@type\":\"EntryPoint\",\"urlTemplate\":\"https:\\\/\\\/knjigoljubac.ba\\\/?s={search_term_string}\"},\"query-input\":{\"@type\":\"PropertyValueSpecification\",\"valueRequired\":true,\"valueName\":\"search_term_string\"}}],\"inLanguage\":\"bs-BA\"},{\"@type\":\"Organization\",\"@id\":\"https:\\\/\\\/knjigoljubac.ba\\\/#organization\",\"name\":\"KNJIGOLJUBAC\",\"url\":\"https:\\\/\\\/knjigoljubac.ba\\\/\",\"logo\":{\"@type\":\"ImageObject\",\"inLanguage\":\"bs-BA\",\"@id\":\"https:\\\/\\\/knjigoljubac.ba\\\/#\\\/schema\\\/logo\\\/image\\\/\",\"url\":\"https:\\\/\\\/knjigoljubac.ba\\\/wp-content\\\/uploads\\\/2021\\\/09\\\/logo-novi-1024x465.png\",\"contentUrl\":\"https:\\\/\\\/knjigoljubac.ba\\\/wp-content\\\/uploads\\\/2021\\\/09\\\/logo-novi-1024x465.png\",\"width\":1024,\"height\":465,\"caption\":\"KNJIGOLJUBAC\"},\"image\":{\"@id\":\"https:\\\/\\\/knjigoljubac.ba\\\/#\\\/schema\\\/logo\\\/image\\\/\"},\"sameAs\":[\"https:\\\/\\\/www.facebook.com\\\/knjigoljubacba-106067741319857\\\/?ref=pages_you_manage\",\"https:\\\/\\\/www.instagram.com\\\/knjigoljubacbrcko\\\/\"]}]}<\/script>\n<!-- \/ Yoast SEO plugin. -->","yoast_head_json":{"title":"FILOZOFIJA POVIJESTI - KNJIGOLJUBAC","robots":{"index":"index","follow":"follow","max-snippet":"max-snippet:-1","max-image-preview":"max-image-preview:large","max-video-preview":"max-video-preview:-1"},"canonical":"https:\/\/knjigoljubac.ba\/bs\/product\/filozofija-povijesti\/","og_locale":"bs_BA","og_type":"article","og_title":"FILOZOFIJA POVIJESTI - KNJIGOLJUBAC","og_description":"Autor: Georg Wilhelm Friedrich Hegel    Preveo(la): Viktor D. Sonnenfeld    Nakladnik\/ci: JESENSKI I TURK   ISBN 9789532227574   Uvez: meki   Godina izdanja: 2017   Broj stranica: 365   Format: 23 x 15 cm","og_url":"https:\/\/knjigoljubac.ba\/bs\/product\/filozofija-povijesti\/","og_site_name":"KNJIGOLJUBAC","article_publisher":"https:\/\/www.facebook.com\/knjigoljubacba-106067741319857\/?ref=pages_you_manage","article_modified_time":"2021-11-29T19:00:27+00:00","og_image":[{"width":160,"height":226,"url":"https:\/\/knjigoljubac.ba\/wp-content\/uploads\/2021\/11\/hegel1.jpg","type":"image\/jpeg"}],"twitter_card":"summary_large_image","twitter_misc":{"Est. reading time":"1 minuta"},"schema":{"@context":"https:\/\/schema.org","@graph":[{"@type":"WebPage","@id":"https:\/\/knjigoljubac.ba\/product\/filozofija-povijesti\/","url":"https:\/\/knjigoljubac.ba\/product\/filozofija-povijesti\/","name":"FILOZOFIJA POVIJESTI - KNJIGOLJUBAC","isPartOf":{"@id":"https:\/\/knjigoljubac.ba\/#website"},"primaryImageOfPage":{"@id":"https:\/\/knjigoljubac.ba\/product\/filozofija-povijesti\/#primaryimage"},"image":{"@id":"https:\/\/knjigoljubac.ba\/product\/filozofija-povijesti\/#primaryimage"},"thumbnailUrl":"https:\/\/knjigoljubac.ba\/wp-content\/uploads\/2021\/11\/hegel1.jpg","datePublished":"2021-11-29T18:58:35+00:00","dateModified":"2021-11-29T19:00:27+00:00","breadcrumb":{"@id":"https:\/\/knjigoljubac.ba\/product\/filozofija-povijesti\/#breadcrumb"},"inLanguage":"bs-BA","potentialAction":[{"@type":"ReadAction","target":["https:\/\/knjigoljubac.ba\/product\/filozofija-povijesti\/"]}]},{"@type":"ImageObject","inLanguage":"bs-BA","@id":"https:\/\/knjigoljubac.ba\/product\/filozofija-povijesti\/#primaryimage","url":"https:\/\/knjigoljubac.ba\/wp-content\/uploads\/2021\/11\/hegel1.jpg","contentUrl":"https:\/\/knjigoljubac.ba\/wp-content\/uploads\/2021\/11\/hegel1.jpg","width":160,"height":226},{"@type":"BreadcrumbList","@id":"https:\/\/knjigoljubac.ba\/product\/filozofija-povijesti\/#breadcrumb","itemListElement":[{"@type":"ListItem","position":1,"name":"Po\u010detna stranica","item":"https:\/\/knjigoljubac.ba\/"},{"@type":"ListItem","position":2,"name":"Trgovina","item":"https:\/\/knjigoljubac.ba\/trgovina\/"},{"@type":"ListItem","position":3,"name":"FILOZOFIJA POVIJESTI"}]},{"@type":"WebSite","@id":"https:\/\/knjigoljubac.ba\/#website","url":"https:\/\/knjigoljubac.ba\/","name":"KNJIGOLJUBAC","description":"Va\u0161a online knji\u017eara","publisher":{"@id":"https:\/\/knjigoljubac.ba\/#organization"},"potentialAction":[{"@type":"SearchAction","target":{"@type":"EntryPoint","urlTemplate":"https:\/\/knjigoljubac.ba\/?s={search_term_string}"},"query-input":{"@type":"PropertyValueSpecification","valueRequired":true,"valueName":"search_term_string"}}],"inLanguage":"bs-BA"},{"@type":"Organization","@id":"https:\/\/knjigoljubac.ba\/#organization","name":"KNJIGOLJUBAC","url":"https:\/\/knjigoljubac.ba\/","logo":{"@type":"ImageObject","inLanguage":"bs-BA","@id":"https:\/\/knjigoljubac.ba\/#\/schema\/logo\/image\/","url":"https:\/\/knjigoljubac.ba\/wp-content\/uploads\/2021\/09\/logo-novi-1024x465.png","contentUrl":"https:\/\/knjigoljubac.ba\/wp-content\/uploads\/2021\/09\/logo-novi-1024x465.png","width":1024,"height":465,"caption":"KNJIGOLJUBAC"},"image":{"@id":"https:\/\/knjigoljubac.ba\/#\/schema\/logo\/image\/"},"sameAs":["https:\/\/www.facebook.com\/knjigoljubacba-106067741319857\/?ref=pages_you_manage","https:\/\/www.instagram.com\/knjigoljubacbrcko\/"]}]}},"jetpack_sharing_enabled":true,"_links":{"self":[{"href":"https:\/\/knjigoljubac.ba\/bs\/wp-json\/wp\/v2\/product\/53548","targetHints":{"allow":["GET"]}}],"collection":[{"href":"https:\/\/knjigoljubac.ba\/bs\/wp-json\/wp\/v2\/product"}],"about":[{"href":"https:\/\/knjigoljubac.ba\/bs\/wp-json\/wp\/v2\/types\/product"}],"wp:featuredmedia":[{"embeddable":true,"href":"https:\/\/knjigoljubac.ba\/bs\/wp-json\/wp\/v2\/media\/53549"}],"wp:attachment":[{"href":"https:\/\/knjigoljubac.ba\/bs\/wp-json\/wp\/v2\/media?parent=53548"}],"wp:term":[{"taxonomy":"product_brand","embeddable":true,"href":"https:\/\/knjigoljubac.ba\/bs\/wp-json\/wp\/v2\/product_brand?post=53548"},{"taxonomy":"product_cat","embeddable":true,"href":"https:\/\/knjigoljubac.ba\/bs\/wp-json\/wp\/v2\/product_cat?post=53548"},{"taxonomy":"product_tag","embeddable":true,"href":"https:\/\/knjigoljubac.ba\/bs\/wp-json\/wp\/v2\/product_tag?post=53548"}],"curies":[{"name":"wp","href":"https:\/\/api.w.org\/{rel}","templated":true}]}}