{"id":32216,"date":"2021-10-31T07:25:59","date_gmt":"2021-10-31T07:25:59","guid":{"rendered":"https:\/\/knjigoljubac.ba\/?post_type=product&#038;p=32216"},"modified":"2021-10-31T07:26:00","modified_gmt":"2021-10-31T07:26:00","slug":"novi-zivot","status":"publish","type":"product","link":"https:\/\/knjigoljubac.ba\/bs\/product\/novi-zivot\/","title":{"rendered":"NOVI \u017dIVOT"},"content":{"rendered":"<p>\u201eJednoga dana pro\u010ditao sam jednu knjigu i \u010ditav mi se \u017eivot promenio.\u201c<br \/>\nOvim re\u010dima po\u010dinje\u00a0<em>Novi \u017eivot<\/em>, uzbudljiv, lirski i tajanstveni roman Orhana Pamuka. To je neobi\u010dna pri\u010da junaka koji, pod sna\u017enim utiskom jedne knjige koju je pro\u010ditao, \u010ditav svoj \u017eivot predaje svetlosti koja gotovo da sija sa stranica te knjige i kre\u0107e u potragu za novim \u017eivotom koji mu knjiga obe\u0107ava. Junak se, pod uticajem knjige, zaljubljuje, prekida studije, napu\u0161ta Istanbul i kre\u0107e na beskrajna putovanja autobusom koja \u0107e ga voditi do provincijskih gradova i kasaba. \u010citalac, koji se zajedno s njim i istom brzinom vu\u010de na njegovom tragu, prate\u0107i, ne knjigu koju je junak pro\u010ditao, ve\u0107 ono \u0161to se junaku u njegovoj potrazi doga\u0111a, na\u0107i \u0107e se u samom srcu nama svojstvene tuge i zanesenosti. Ovo nesvakida\u0161nje putovanje koje se prote\u017ee do kafana sa crno-belim televizorima, do autobusa u kojima putnici prate filmove sa video rekordera, saobra\u0107ajnih nesre\u0107a, politi\u010dkih zavera i ubistava, trgova\u010dkih udru\u017eenja, paranoi\u010dnih teorija zavere, dou\u0161nika ta\u010dnih kao sat i poezije starih, izgubljenih stvari, jo\u0161 jedanput potvr\u0111uje da je Orhan Pamuk jedan od najoriginalnijih stvaralaca u savremenoj svetskoj knji\u017eevnosti. U pitanju je jedinstveni roman koji se, s jedne strane, otvara ka tajnama \u017eivota, Neponovljivih Trenutaka, Smrti, Pisanja i Nesre\u0107e, a sa druge, de\u010dijim stripovima, an\u0111elu koji se \u010das ukazuje, \u010das nestaje, i poeziji Rilkea i Dantea.<\/p>\n<p>\u201ePamuk, jedan od najzanimljivijih pisaca dana\u0161njice&#8230;\u201c<\/p>","protected":false},"excerpt":{"rendered":"<div class=\"stu\"><b>Pisac:\u00a0\u00a0<\/b>Orhan Pamuk<\/p>\n<\/div>\n<div class=\"stu\"><b>Izdava\u010d:\u00a0\u00a0<\/b>Nova knjiga<\/p>\n<\/div>\n<div class=\"stu\"><b>ISBN:\u00a0\u00a0<\/b>978-86-7470-754-8<\/p>\n<\/div>\n<div class=\"stu\"><b>Prevodilac:\u00a0\u00a0<\/b>Jovana Bumber Jakovljevi\u0107<\/p>\n<\/div>\n<div class=\"stu\"><b>Broj stranica:\u00a0\u00a0<\/b>280<\/p>\n<\/div>\n<div class=\"stu\"><b>Format:\u00a0\u00a0<\/b>21cm<\/p>\n<\/div>\n<div class=\"stu\"><b>Povez:\u00a0\u00a0<\/b>Tvrd<\/p>\n<\/div>\n<div class=\"stu\"><b>Pismo:\u00a0\u00a0<\/b>Latinica<\/p>\n<\/div>\n<div class=\"stu\"><b>Godina izdanja:\u00a0\u00a0<\/b>2017<\/p>\n<\/div>\n<div class=\"stu\"><b>Mjesto izdanja:\u00a0\u00a0<\/b>Podgorica<\/div>","protected":false},"featured_media":32217,"template":"","meta":[],"product_brand":[],"product_cat":[299,326],"product_tag":[334,820,817],"class_list":{"0":"post-32216","1":"product","2":"type-product","3":"status-publish","4":"has-post-thumbnail","6":"product_cat-bestseleri","7":"product_cat-preporuceno","8":"product_tag-knjigoljubac","9":"product_tag-novi-zivot","10":"product_tag-orhan-pamuk","12":"first","13":"instock","14":"taxable","15":"shipping-taxable","16":"purchasable","17":"product-type-simple"},"yoast_head":"<!-- This site is optimized with the Yoast SEO plugin v27.5 - https:\/\/yoast.com\/product\/yoast-seo-wordpress\/ -->\n<title>NOVI \u017dIVOT - KNJIGOLJUBAC<\/title>\n<meta name=\"robots\" content=\"index, follow, max-snippet:-1, max-image-preview:large, max-video-preview:-1\" \/>\n<link rel=\"canonical\" href=\"https:\/\/knjigoljubac.ba\/bs\/product\/novi-zivot\/\" \/>\n<meta property=\"og:locale\" content=\"bs_BA\" \/>\n<meta property=\"og:type\" content=\"article\" \/>\n<meta property=\"og:title\" content=\"NOVI \u017dIVOT - KNJIGOLJUBAC\" \/>\n<meta property=\"og:description\" content=\"Pisac:\u00a0\u00a0Orhan Pamuk   Izdava\u010d:\u00a0\u00a0Nova knjiga   ISBN:\u00a0\u00a0978-86-7470-754-8   Prevodilac:\u00a0\u00a0Jovana Bumber Jakovljevi\u0107   Broj stranica:\u00a0\u00a0280   Format:\u00a0\u00a021cm   Povez:\u00a0\u00a0Tvrd   Pismo:\u00a0\u00a0Latinica   Godina izdanja:\u00a0\u00a02017   Mjesto izdanja:\u00a0\u00a0Podgorica\" \/>\n<meta property=\"og:url\" content=\"https:\/\/knjigoljubac.ba\/bs\/product\/novi-zivot\/\" \/>\n<meta property=\"og:site_name\" content=\"KNJIGOLJUBAC\" \/>\n<meta property=\"article:publisher\" content=\"https:\/\/www.facebook.com\/knjigoljubacba-106067741319857\/?ref=pages_you_manage\" \/>\n<meta property=\"article:modified_time\" content=\"2021-10-31T07:26:00+00:00\" \/>\n<meta property=\"og:image\" content=\"https:\/\/knjigoljubac.ba\/wp-content\/uploads\/2021\/10\/novi-zivot.jpg\" \/>\n\t<meta property=\"og:image:width\" content=\"160\" \/>\n\t<meta property=\"og:image:height\" content=\"226\" \/>\n\t<meta property=\"og:image:type\" content=\"image\/jpeg\" \/>\n<meta name=\"twitter:card\" content=\"summary_large_image\" \/>\n<meta name=\"twitter:label1\" content=\"Est. reading time\" \/>\n\t<meta name=\"twitter:data1\" content=\"1 minuta\" \/>\n<script type=\"application\/ld+json\" class=\"yoast-schema-graph\">{\"@context\":\"https:\\\/\\\/schema.org\",\"@graph\":[{\"@type\":\"WebPage\",\"@id\":\"https:\\\/\\\/knjigoljubac.ba\\\/product\\\/novi-zivot\\\/\",\"url\":\"https:\\\/\\\/knjigoljubac.ba\\\/product\\\/novi-zivot\\\/\",\"name\":\"NOVI \u017dIVOT - KNJIGOLJUBAC\",\"isPartOf\":{\"@id\":\"https:\\\/\\\/knjigoljubac.ba\\\/#website\"},\"primaryImageOfPage\":{\"@id\":\"https:\\\/\\\/knjigoljubac.ba\\\/product\\\/novi-zivot\\\/#primaryimage\"},\"image\":{\"@id\":\"https:\\\/\\\/knjigoljubac.ba\\\/product\\\/novi-zivot\\\/#primaryimage\"},\"thumbnailUrl\":\"https:\\\/\\\/knjigoljubac.ba\\\/wp-content\\\/uploads\\\/2021\\\/10\\\/novi-zivot.jpg\",\"datePublished\":\"2021-10-31T07:25:59+00:00\",\"dateModified\":\"2021-10-31T07:26:00+00:00\",\"breadcrumb\":{\"@id\":\"https:\\\/\\\/knjigoljubac.ba\\\/product\\\/novi-zivot\\\/#breadcrumb\"},\"inLanguage\":\"bs-BA\",\"potentialAction\":[{\"@type\":\"ReadAction\",\"target\":[\"https:\\\/\\\/knjigoljubac.ba\\\/product\\\/novi-zivot\\\/\"]}]},{\"@type\":\"ImageObject\",\"inLanguage\":\"bs-BA\",\"@id\":\"https:\\\/\\\/knjigoljubac.ba\\\/product\\\/novi-zivot\\\/#primaryimage\",\"url\":\"https:\\\/\\\/knjigoljubac.ba\\\/wp-content\\\/uploads\\\/2021\\\/10\\\/novi-zivot.jpg\",\"contentUrl\":\"https:\\\/\\\/knjigoljubac.ba\\\/wp-content\\\/uploads\\\/2021\\\/10\\\/novi-zivot.jpg\",\"width\":160,\"height\":226},{\"@type\":\"BreadcrumbList\",\"@id\":\"https:\\\/\\\/knjigoljubac.ba\\\/product\\\/novi-zivot\\\/#breadcrumb\",\"itemListElement\":[{\"@type\":\"ListItem\",\"position\":1,\"name\":\"Po\u010detna stranica\",\"item\":\"https:\\\/\\\/knjigoljubac.ba\\\/\"},{\"@type\":\"ListItem\",\"position\":2,\"name\":\"Trgovina\",\"item\":\"https:\\\/\\\/knjigoljubac.ba\\\/trgovina\\\/\"},{\"@type\":\"ListItem\",\"position\":3,\"name\":\"NOVI \u017dIVOT\"}]},{\"@type\":\"WebSite\",\"@id\":\"https:\\\/\\\/knjigoljubac.ba\\\/#website\",\"url\":\"https:\\\/\\\/knjigoljubac.ba\\\/\",\"name\":\"KNJIGOLJUBAC\",\"description\":\"Va\u0161a online knji\u017eara\",\"publisher\":{\"@id\":\"https:\\\/\\\/knjigoljubac.ba\\\/#organization\"},\"potentialAction\":[{\"@type\":\"SearchAction\",\"target\":{\"@type\":\"EntryPoint\",\"urlTemplate\":\"https:\\\/\\\/knjigoljubac.ba\\\/?s={search_term_string}\"},\"query-input\":{\"@type\":\"PropertyValueSpecification\",\"valueRequired\":true,\"valueName\":\"search_term_string\"}}],\"inLanguage\":\"bs-BA\"},{\"@type\":\"Organization\",\"@id\":\"https:\\\/\\\/knjigoljubac.ba\\\/#organization\",\"name\":\"KNJIGOLJUBAC\",\"url\":\"https:\\\/\\\/knjigoljubac.ba\\\/\",\"logo\":{\"@type\":\"ImageObject\",\"inLanguage\":\"bs-BA\",\"@id\":\"https:\\\/\\\/knjigoljubac.ba\\\/#\\\/schema\\\/logo\\\/image\\\/\",\"url\":\"https:\\\/\\\/knjigoljubac.ba\\\/wp-content\\\/uploads\\\/2021\\\/09\\\/logo-novi-1024x465.png\",\"contentUrl\":\"https:\\\/\\\/knjigoljubac.ba\\\/wp-content\\\/uploads\\\/2021\\\/09\\\/logo-novi-1024x465.png\",\"width\":1024,\"height\":465,\"caption\":\"KNJIGOLJUBAC\"},\"image\":{\"@id\":\"https:\\\/\\\/knjigoljubac.ba\\\/#\\\/schema\\\/logo\\\/image\\\/\"},\"sameAs\":[\"https:\\\/\\\/www.facebook.com\\\/knjigoljubacba-106067741319857\\\/?ref=pages_you_manage\",\"https:\\\/\\\/www.instagram.com\\\/knjigoljubacbrcko\\\/\"]}]}<\/script>\n<!-- \/ Yoast SEO plugin. -->","yoast_head_json":{"title":"NOVI \u017dIVOT - KNJIGOLJUBAC","robots":{"index":"index","follow":"follow","max-snippet":"max-snippet:-1","max-image-preview":"max-image-preview:large","max-video-preview":"max-video-preview:-1"},"canonical":"https:\/\/knjigoljubac.ba\/bs\/product\/novi-zivot\/","og_locale":"bs_BA","og_type":"article","og_title":"NOVI \u017dIVOT - KNJIGOLJUBAC","og_description":"Pisac:\u00a0\u00a0Orhan Pamuk   Izdava\u010d:\u00a0\u00a0Nova knjiga   ISBN:\u00a0\u00a0978-86-7470-754-8   Prevodilac:\u00a0\u00a0Jovana Bumber Jakovljevi\u0107   Broj stranica:\u00a0\u00a0280   Format:\u00a0\u00a021cm   Povez:\u00a0\u00a0Tvrd   Pismo:\u00a0\u00a0Latinica   Godina izdanja:\u00a0\u00a02017   Mjesto izdanja:\u00a0\u00a0Podgorica","og_url":"https:\/\/knjigoljubac.ba\/bs\/product\/novi-zivot\/","og_site_name":"KNJIGOLJUBAC","article_publisher":"https:\/\/www.facebook.com\/knjigoljubacba-106067741319857\/?ref=pages_you_manage","article_modified_time":"2021-10-31T07:26:00+00:00","og_image":[{"width":160,"height":226,"url":"https:\/\/knjigoljubac.ba\/wp-content\/uploads\/2021\/10\/novi-zivot.jpg","type":"image\/jpeg"}],"twitter_card":"summary_large_image","twitter_misc":{"Est. reading time":"1 minuta"},"schema":{"@context":"https:\/\/schema.org","@graph":[{"@type":"WebPage","@id":"https:\/\/knjigoljubac.ba\/product\/novi-zivot\/","url":"https:\/\/knjigoljubac.ba\/product\/novi-zivot\/","name":"NOVI \u017dIVOT - KNJIGOLJUBAC","isPartOf":{"@id":"https:\/\/knjigoljubac.ba\/#website"},"primaryImageOfPage":{"@id":"https:\/\/knjigoljubac.ba\/product\/novi-zivot\/#primaryimage"},"image":{"@id":"https:\/\/knjigoljubac.ba\/product\/novi-zivot\/#primaryimage"},"thumbnailUrl":"https:\/\/knjigoljubac.ba\/wp-content\/uploads\/2021\/10\/novi-zivot.jpg","datePublished":"2021-10-31T07:25:59+00:00","dateModified":"2021-10-31T07:26:00+00:00","breadcrumb":{"@id":"https:\/\/knjigoljubac.ba\/product\/novi-zivot\/#breadcrumb"},"inLanguage":"bs-BA","potentialAction":[{"@type":"ReadAction","target":["https:\/\/knjigoljubac.ba\/product\/novi-zivot\/"]}]},{"@type":"ImageObject","inLanguage":"bs-BA","@id":"https:\/\/knjigoljubac.ba\/product\/novi-zivot\/#primaryimage","url":"https:\/\/knjigoljubac.ba\/wp-content\/uploads\/2021\/10\/novi-zivot.jpg","contentUrl":"https:\/\/knjigoljubac.ba\/wp-content\/uploads\/2021\/10\/novi-zivot.jpg","width":160,"height":226},{"@type":"BreadcrumbList","@id":"https:\/\/knjigoljubac.ba\/product\/novi-zivot\/#breadcrumb","itemListElement":[{"@type":"ListItem","position":1,"name":"Po\u010detna stranica","item":"https:\/\/knjigoljubac.ba\/"},{"@type":"ListItem","position":2,"name":"Trgovina","item":"https:\/\/knjigoljubac.ba\/trgovina\/"},{"@type":"ListItem","position":3,"name":"NOVI \u017dIVOT"}]},{"@type":"WebSite","@id":"https:\/\/knjigoljubac.ba\/#website","url":"https:\/\/knjigoljubac.ba\/","name":"KNJIGOLJUBAC","description":"Va\u0161a online knji\u017eara","publisher":{"@id":"https:\/\/knjigoljubac.ba\/#organization"},"potentialAction":[{"@type":"SearchAction","target":{"@type":"EntryPoint","urlTemplate":"https:\/\/knjigoljubac.ba\/?s={search_term_string}"},"query-input":{"@type":"PropertyValueSpecification","valueRequired":true,"valueName":"search_term_string"}}],"inLanguage":"bs-BA"},{"@type":"Organization","@id":"https:\/\/knjigoljubac.ba\/#organization","name":"KNJIGOLJUBAC","url":"https:\/\/knjigoljubac.ba\/","logo":{"@type":"ImageObject","inLanguage":"bs-BA","@id":"https:\/\/knjigoljubac.ba\/#\/schema\/logo\/image\/","url":"https:\/\/knjigoljubac.ba\/wp-content\/uploads\/2021\/09\/logo-novi-1024x465.png","contentUrl":"https:\/\/knjigoljubac.ba\/wp-content\/uploads\/2021\/09\/logo-novi-1024x465.png","width":1024,"height":465,"caption":"KNJIGOLJUBAC"},"image":{"@id":"https:\/\/knjigoljubac.ba\/#\/schema\/logo\/image\/"},"sameAs":["https:\/\/www.facebook.com\/knjigoljubacba-106067741319857\/?ref=pages_you_manage","https:\/\/www.instagram.com\/knjigoljubacbrcko\/"]}]}},"jetpack_sharing_enabled":true,"_links":{"self":[{"href":"https:\/\/knjigoljubac.ba\/bs\/wp-json\/wp\/v2\/product\/32216","targetHints":{"allow":["GET"]}}],"collection":[{"href":"https:\/\/knjigoljubac.ba\/bs\/wp-json\/wp\/v2\/product"}],"about":[{"href":"https:\/\/knjigoljubac.ba\/bs\/wp-json\/wp\/v2\/types\/product"}],"wp:featuredmedia":[{"embeddable":true,"href":"https:\/\/knjigoljubac.ba\/bs\/wp-json\/wp\/v2\/media\/32217"}],"wp:attachment":[{"href":"https:\/\/knjigoljubac.ba\/bs\/wp-json\/wp\/v2\/media?parent=32216"}],"wp:term":[{"taxonomy":"product_brand","embeddable":true,"href":"https:\/\/knjigoljubac.ba\/bs\/wp-json\/wp\/v2\/product_brand?post=32216"},{"taxonomy":"product_cat","embeddable":true,"href":"https:\/\/knjigoljubac.ba\/bs\/wp-json\/wp\/v2\/product_cat?post=32216"},{"taxonomy":"product_tag","embeddable":true,"href":"https:\/\/knjigoljubac.ba\/bs\/wp-json\/wp\/v2\/product_tag?post=32216"}],"curies":[{"name":"wp","href":"https:\/\/api.w.org\/{rel}","templated":true}]}}