{"id":12333,"date":"2021-08-28T15:16:28","date_gmt":"2021-08-28T15:16:28","guid":{"rendered":"https:\/\/knjigoljubac.ba\/?post_type=product&#038;p=12333"},"modified":"2021-08-28T15:17:44","modified_gmt":"2021-08-28T15:17:44","slug":"zemlja-drugih","status":"publish","type":"product","link":"https:\/\/knjigoljubac.ba\/bs\/product\/zemlja-drugih\/","title":{"rendered":"Zemlja drugih"},"content":{"rendered":"<p style=\"font-weight: 300;\"><em>Knjige su pretvorene u pepeo, kao i ostav\u0161tina iz Francuske koju su ponosno izlagali domoroda\u010dkom stanovni\u0161tvu pod nos. Aj\u0161a nije mogla skinuti pogled s tog prizora. Nikad joj brdo nije izgledalo toliko lijepo. Mogla je vri\u0161tati, toliko se osje\u0107ala sretno. \u017deljela je ne\u0161to re\u0107i, smijati se ili plesati poput vra\u010dara o kojima joj je pri\u010dala baka, onih koje su se vrtjele ukrug dok se ne bi onesvijestile. Ali nije se ni pomakla. Sjela je pored oca stisnuv\u0161i koljena uz prsa. \u00bbNeka gore\u00ab, mislila je. \u00bbNeka idu. Neka crknu.\u00ab<\/em><\/p>\n<p style=\"font-weight: 300;\">Tre\u0107i roman marokansko-francuske spisateljice Lejle Slimani pod nazivom\u00a0<em>Zemlja drugih<\/em>, predstavlja iskonski krik ljudskosti koja se suo\u010dava sa ku\u0161njom.\u00a0<em>Zemlja drugih<\/em>\u00a0je prvi dio planirane autobiografske trilogije u kojoj \u0107e se autorica, izme\u0111u ostalog, baviti problematikom odnosa pojedinca i dru\u0161tva, u prvom redu odnosom patrijarhalnog dru\u0161tva prema \u017eenama, rasizmom, odnosom tradicije i \u017eelje za bijegom, odnosima me\u0111u \u017eenama iz razli\u010ditih dru\u0161tvenih slojeva, razli\u010ditih religijskih opredjeljenja, rasa, itd. Lejla Slimani je prva marokanska autorica koja je dobila presti\u017enu francusku nagradu Goncourt za roman Uspavaj me, ona je li\u010dna predstavnica francuskog predsjednika Emmanuela Macrona za promociju francuskog jezika i kulture, novinarka koja je diplomirala politi\u010dke studije, te aktivna zagovornica \u017eenskih i ljudskih prava, \u0161to se odra\u017eava u njenim romanima i esejima. Njen otac je Marokanac, a majka je francusko-al\u017eirskog porijekla, \u0161to je bitno napomenuti za bolje razumijevanje likova romana\u00a0<em>Zemlja drugih<\/em>, te veza koje se izme\u0111u njih uspostavljaju.<\/p>\n<p style=\"font-weight: 300;\">Roman po\u010dinje citatom francuskog postkolonijalnog pisca Edouarda Glissanta:\u00a0<em>Prokletstvo rije\u010di: mije\u0161anje rasa, napi\u0161imo to na stranici ogromnim slovima<\/em>.\u00a0<em>Zemlja drugih<\/em>\u00a0u svojoj strukturi,koja po\u010diva na me\u0111uljudskim odnosima koji su istovremeno i me\u0111urasni odnosi, nosi duh postkolonijalne kritike, njen imperativ je razumijevanje i ogoljavanje, a ne osu\u0111ivanje bez svrhe. Glavna junakinja romana je Mathilde, slobodoumna francuskinja koja se udaje za marokanca Amina Belha\u017ea za vrijeme Drugog svjetskog rata. Amin se, kao francuski vojnik, bori sa predrasudama koje dolaze iz dva pravca, sa jedne strane stoje francuzi koji se prema njemu pona\u0161aju kao prema \u010dovjeku tek onda kada vide da je on ratni heroj koji se borio na strani Francuske, dok sa druge strane stoji domoroda\u010dko marokansko stanovni\u0161tvo.<\/p>\n<p style=\"font-weight: 300;\">On je istovremeno i vlasnik farme na kojoj rade Marokanci, \u0161to ga \u010dini sli\u010dnim doseljeni\u010dkim zemljoposjednicima, i radnik koji rizikuje opstanak svoje porodice zarad ambicije i sna o boljem \u017eivotu, daleko od gladi, siroma\u0161tva i svakodnevnice u kojoj djeca umiru od obi\u010dne upale grla.<\/p>\n<p style=\"font-weight: 300;\">Mathilde je djevojka \u010diji slobodan duh doslovno tjera ljude da joj se dive, sloboda izbija iz svakog aspekta njenog bi\u0107a, ona je visoka, mi\u0161i\u0107ava, \u0161irokih ramena i sna\u017enih bedara, plave kose i svijetle puti koja odudara od marokanske svakodnevnice. To je \u017eena koja zarad ljubavi mijenja ili prilago\u0111ava svoj identitet, svoj \u017eelje i nadanja.<\/p>\n<p style=\"font-weight: 300;\">Mathildein razvojni put po\u010dinje onog trenutka kada kro\u010di na stjenovito tlo koje je Amin naslijedio od svog oca, to je po\u010detak i sre\u0107e i\u00a0\u00a0patnje, pri \u010demu smijeh i suze vremenom postaju sve ti\u0161i, dok u kona\u010dnici ne prerastu u nijemi otpor \u010dvrtog karaktera koji je navikao na surovu klimu, u\u0161utkivanje i udarce. To je tlo na kojem \u0107e roditi djecu kroz \u010diji \u0107e odgoj Lejla Slimani prikazati borbu sa predrasudama, neznanjem, nerazumijevanjem i \u017eelju za jednako\u0161\u0107u. Mogli bismo re\u0107i kako autorica pravi presjek dru\u0161tva na temelju razli\u010ditih generacija jedne porodice. Kada Mathilde do\u0111e u Maroko, \u010ditatelji se, kao i sama junakinja, upoznaju sa osnovama \u017eivota u tada\u0161njem Maroku, od marokanske kuhinje, arapskog jezika kojeg Mathilde u\u010di upravo u kuhinji, do obi\u010daja i zakona koji ograni\u010davaju \u017eivot \u017eena na nekoliko kvadratnih metara kuhinjskog prostora.<\/p>\n<p style=\"font-weight: 300;\">Na jednom kraju spektra svih \u017eenskih likova Zemlje drugih nalazi se Aminova majka Muilala, starica koja nikada nije i\u0161la u \u0161kolu i koja nikada nije napu\u0161tala porodi\u010dnu ku\u0107u, dok je na drugom kraju spektra njegova sestra Selma, djevojka koja se, nakon \u0161to se oslobodila nasilne bra\u0107e koja su se pla\u0161ila njene slobode, odmi\u010de od tradicije istoka i pribli\u017eava zapadnja\u010dkom na\u010dinu \u017eivota.<\/p>\n<p style=\"font-weight: 300;\">Paradoks je u tome \u0161to je upravo Mathilde \u017eena koja je na po\u010detku romana insistirala na Selminom obrazovanju, dok je na kraju romana ona \u017eena koja, uprkos patnji, insistira na Selminu udaju za starog izludjelog vojnika, zarad sprje\u010davanja sramote koja bi se mogla sru\u010diti na njenu porodicu. Time autorica ilustruje Mathildein nezavidan polo\u017eaj, na\u010din na koji duboko ukorijenjen patrijarhat u jednom dru\u0161tvu uni\u0161tava volju \u017eena da se bore za sebe i \u017eene koje su im sli\u010dne:<\/p>\n<p style=\"font-weight: 300;\"><em>Mogla joj je pomo\u0107i da pobjegne, da ubije to dijete, da se uda za Alaina Crozieresa, mogla je provesti u djelo sve te lijepe govore o slobodi \u017eena i pravu na ljubav. Ali ne, radije je pustila da se izme\u0111u njih isprije\u010di zakon mu\u0161karaca. Prokazala ju je, a njen brat nije znao rije\u0161iti problem druga\u010dije nego starinskim metodama. \u00bbSasvim sigurno nije mogla podnijeti da budem sretna\u00ab, mislila je Selma, \u00bbsretnija i bolje udata od nje\u00ab.<\/em><\/p>\n<p style=\"font-weight: 300;\">Roman po\u010diva upravo na toj Mathildeinoj podvojenosti, razapetosti izme\u0111u dva svijeta. Njena \u017eelja za odr\u017eavanjem ugleda porodice koja se svakodnevno susre\u0107e sa predrasudama i podsmijesima, \u0161to dolazi do izra\u017eaja svaki put kada ona i Amin odu u grad, kao visoka plavu\u0161a i niski tamnoputi mu\u0161karac, sukobljava se sa \u017eeljom za slobodom i vlastitim \u017eivotom koji bi bio prepun knjiga, slamnatih \u0161e\u0161ira sa papirnim cvije\u0107em, svilenih haljina, bombonjera i plesa. \u017delja za bijegom dobija obrise stvarnosti kada Mathilde ode na o\u010devu sahranu u Francusku, pri \u010demu nekoliko sedmica boravi sa sestrom u lijepoj porodi\u010dnoj ku\u0107i. Tada se cijelo njeno bi\u0107e bori izme\u0111u \u017eelje za slobodom i povratka djeci. Ovaj prelomni trenutak Mathildeinog \u017eivota predstavlja prelomni trenutak romana, ona se vra\u0107a u Maroko, bira ulogu doma\u0107ice, bri\u017ene majke koja \u0107e sitnicama \u0161to imitiraju rasko\u0161, radom u ku\u0107noj ambulanti u kojoj nastoji pomo\u0107i seljanima u borbi protiv bolesti, pru\u017eiti tihi, nijemi otpor.<\/p>\n<p style=\"font-weight: 300;\">Lejla Slimani ne \u017eeli predstaviti Amina mu\u0161karca kao \u010dovjeka koji u\u017eiva u nasilju, nare\u0111ivanju i svom gazdinstvu, ona ga predstavlja kao \u010dovjeka koji je odgojen u jednom dru\u0161tvu \u0161to od mu\u0161karaca pravi ma\u0161ine u kojima se nakuplja bijes, siroma\u0161tvo, bijeda i nezadovoljstvo, \u010dime ilustruje i drugu stranu njegove li\u010dnosti. Amin iskreno voli svoju \u017eenu, voli svoju djecu, svjestan je \u017ertve koju je Mathilde morala podnijeti da bi do\u0161la \u017eivjeti sa njim, svjestan je da se promijenio nakon rata, nakon povratka u Maroko, kada su se na njega sru\u010dile obaveze koje se tradicionalno definiraju kao obaveze mu\u0161karaca.<\/p>\n<p style=\"font-weight: 300;\">Kako navodi Helene Cixou u svom eseju Smijeh Meduze, sve ono \u0161to je \u017eeni bilo zabranjeno, stolje\u0107ima je predstavljano u vidu crnog, stra\u0161nog, nedosti\u017enog kontinenta, svijeta u kojem borave samo mu\u0161karci. Me\u0111utim, Lejla Slimani pokazuje kako to mjesto nije stra\u0161no i nedosti\u017eno, u njega je potrebno u\u0107i sa perom \u0161to pi\u0161e bijelom tintom, ostaviti trag na crnoj podlozi, i time stvoriti novu i druga\u010diju historiju. Iako je otpor \u017eena u Zemlji drugih na neki na\u010din ugu\u0161en, Mathildeina i Aminova k\u0107erka Aj\u0161a je ta koja nazire promjenu, njena ineligencija i neobi\u010dna pojava predstavljaju doslovnu mje\u0161avinu i pomirenje dvaju razli\u010ditih svjetova. U skladu sa time, nije slu\u010dajno \u0161to roman zavr\u0161ava njenim rije\u010dima: \u00bbNeka crknu\u00ab. To je djevoj\u010dica koja je od polaska u \u0161kolu shvatila da je druga\u010dija od domoroda\u010dkih djevoj\u010dica kojima je zabranjeno i\u0107i u \u0161kolu, ali i od francuskinja sa kojima ide u razred. Nalazi se u grani\u010dnom prostoru izme\u0111u domorodaca i doseljenika, svjesna je svih problema kolonijalizma, ali i negativnih strana jednog zatvorenog dru\u0161tva koje ne dopu\u0161ta promjene.<\/p>\n<p style=\"font-weight: 300;\">Roman\u00a0<em>Zemlja drugih<\/em>\u00a0do apsurda i vrhunca dovodi polo\u017eaj onih koje dru\u0161tvo definira kao druge\/druga\u010dije, polo\u017eaj domoradaca \u010dije tlo i tradiciju napadaju kolonijalisti, polo\u017eaj \u017eena u patrijarhalnom poretku, ljudi koji ne mogu djelovati dovoljno odlu\u010dno, iako \u017eele u\u010diniti ne\u0161to povodom svog polo\u017eaja. Time nas, kao \u010ditatelje\/ice, tjera da osjetimo, ne \u017ealost i tugu, nego neku vrstu sna\u017ene reakcije na nepomi\u010dnost subjekta koji kao da, istovremeno, prihvata i odbacuje epitet\u00a0<em>drugog.<\/em><\/p>\n<p style=\"font-weight: 300;\">Ova knjiga dio je projekta \u201eOd jedne pandemije do druge: 100 godina evropske knji\u017eevnosti u 10 knjiga\u201c podr\u017eanog od strane programa Evropske unije Kreativna Evropa.<\/p>","protected":false},"excerpt":{"rendered":"<p>&nbsp;<\/p>\n<table class=\"table table-striped product-table\">\n<tbody>\n<tr>\n<td><b>Autor<\/b><\/td>\n<td><b>Lejla Slimani<\/b><\/td>\n<\/tr>\n<tr>\n<td>Izdava\u010d:<\/td>\n<td>Buybook<\/td>\n<\/tr>\n<tr>\n<td>Biblioteka:<\/td>\n<td>100 u 10<\/td>\n<\/tr>\n<tr>\n<td>Prevod sa:<\/td>\n<td>francuskog Tea Mijan<\/td>\n<\/tr>\n<tr>\n<td>ISBN:<\/td>\n<td>9789958305597<\/td>\n<\/tr>\n<tr>\n<td>Godina izdanja:<\/td>\n<td>2021<\/td>\n<\/tr>\n<tr>\n<td>Broj stranica:<\/td>\n<td>267<\/td>\n<\/tr>\n<tr>\n<td>Te\u017eina:<\/td>\n<td>410<\/td>\n<\/tr>\n<tr>\n<td>Tip uveza:<\/td>\n<td>tvrdi<\/td>\n<\/tr>\n<\/tbody>\n<\/table>","protected":false},"featured_media":12334,"template":"","meta":[],"product_brand":[],"product_cat":[299,325,326],"product_tag":[776,484,777],"class_list":{"0":"post-12333","1":"product","2":"type-product","3":"status-publish","4":"has-post-thumbnail","6":"product_cat-bestseleri","7":"product_cat-najnovije-u-knjizari","8":"product_cat-preporuceno","9":"product_tag-lejla-slimani","10":"product_tag-www-knjigoljubac-ba","11":"product_tag-zemlja-drugih","13":"first","14":"instock","15":"taxable","16":"shipping-taxable","17":"purchasable","18":"product-type-simple"},"yoast_head":"<!-- This site is optimized with the Yoast SEO plugin v27.5 - https:\/\/yoast.com\/product\/yoast-seo-wordpress\/ -->\n<title>Zemlja drugih - KNJIGOLJUBAC<\/title>\n<meta name=\"robots\" content=\"index, follow, max-snippet:-1, max-image-preview:large, max-video-preview:-1\" \/>\n<link rel=\"canonical\" href=\"https:\/\/knjigoljubac.ba\/bs\/product\/zemlja-drugih\/\" \/>\n<meta property=\"og:locale\" content=\"bs_BA\" \/>\n<meta property=\"og:type\" content=\"article\" \/>\n<meta property=\"og:title\" content=\"Zemlja drugih - KNJIGOLJUBAC\" \/>\n<meta property=\"og:description\" content=\"&nbsp;    Autor Lejla Slimani   Izdava\u010d: Buybook   Biblioteka: 100 u 10   Prevod sa: francuskog Tea Mijan   ISBN: 9789958305597   Godina izdanja: 2021   Broj stranica: 267   Te\u017eina: 410   Tip uveza: tvrdi\" \/>\n<meta property=\"og:url\" content=\"https:\/\/knjigoljubac.ba\/bs\/product\/zemlja-drugih\/\" \/>\n<meta property=\"og:site_name\" content=\"KNJIGOLJUBAC\" \/>\n<meta property=\"article:publisher\" content=\"https:\/\/www.facebook.com\/knjigoljubacba-106067741319857\/?ref=pages_you_manage\" \/>\n<meta property=\"article:modified_time\" content=\"2021-08-28T15:17:44+00:00\" \/>\n<meta property=\"og:image\" content=\"https:\/\/knjigoljubac.ba\/wp-content\/uploads\/2021\/08\/Zemlja-drugih_mockup3-1.jpg\" \/>\n\t<meta property=\"og:image:width\" content=\"160\" \/>\n\t<meta property=\"og:image:height\" content=\"226\" \/>\n\t<meta property=\"og:image:type\" content=\"image\/jpeg\" \/>\n<meta name=\"twitter:card\" content=\"summary_large_image\" \/>\n<meta name=\"twitter:label1\" content=\"Est. reading time\" \/>\n\t<meta name=\"twitter:data1\" content=\"7 minuta\" \/>\n<script type=\"application\/ld+json\" class=\"yoast-schema-graph\">{\"@context\":\"https:\\\/\\\/schema.org\",\"@graph\":[{\"@type\":\"WebPage\",\"@id\":\"https:\\\/\\\/knjigoljubac.ba\\\/product\\\/zemlja-drugih\\\/\",\"url\":\"https:\\\/\\\/knjigoljubac.ba\\\/product\\\/zemlja-drugih\\\/\",\"name\":\"Zemlja drugih - KNJIGOLJUBAC\",\"isPartOf\":{\"@id\":\"https:\\\/\\\/knjigoljubac.ba\\\/#website\"},\"primaryImageOfPage\":{\"@id\":\"https:\\\/\\\/knjigoljubac.ba\\\/product\\\/zemlja-drugih\\\/#primaryimage\"},\"image\":{\"@id\":\"https:\\\/\\\/knjigoljubac.ba\\\/product\\\/zemlja-drugih\\\/#primaryimage\"},\"thumbnailUrl\":\"https:\\\/\\\/knjigoljubac.ba\\\/wp-content\\\/uploads\\\/2021\\\/08\\\/Zemlja-drugih_mockup3-1.jpg\",\"datePublished\":\"2021-08-28T15:16:28+00:00\",\"dateModified\":\"2021-08-28T15:17:44+00:00\",\"breadcrumb\":{\"@id\":\"https:\\\/\\\/knjigoljubac.ba\\\/product\\\/zemlja-drugih\\\/#breadcrumb\"},\"inLanguage\":\"bs-BA\",\"potentialAction\":[{\"@type\":\"ReadAction\",\"target\":[\"https:\\\/\\\/knjigoljubac.ba\\\/product\\\/zemlja-drugih\\\/\"]}]},{\"@type\":\"ImageObject\",\"inLanguage\":\"bs-BA\",\"@id\":\"https:\\\/\\\/knjigoljubac.ba\\\/product\\\/zemlja-drugih\\\/#primaryimage\",\"url\":\"https:\\\/\\\/knjigoljubac.ba\\\/wp-content\\\/uploads\\\/2021\\\/08\\\/Zemlja-drugih_mockup3-1.jpg\",\"contentUrl\":\"https:\\\/\\\/knjigoljubac.ba\\\/wp-content\\\/uploads\\\/2021\\\/08\\\/Zemlja-drugih_mockup3-1.jpg\",\"width\":160,\"height\":226},{\"@type\":\"BreadcrumbList\",\"@id\":\"https:\\\/\\\/knjigoljubac.ba\\\/product\\\/zemlja-drugih\\\/#breadcrumb\",\"itemListElement\":[{\"@type\":\"ListItem\",\"position\":1,\"name\":\"Po\u010detna stranica\",\"item\":\"https:\\\/\\\/knjigoljubac.ba\\\/\"},{\"@type\":\"ListItem\",\"position\":2,\"name\":\"Trgovina\",\"item\":\"https:\\\/\\\/knjigoljubac.ba\\\/trgovina\\\/\"},{\"@type\":\"ListItem\",\"position\":3,\"name\":\"Zemlja drugih\"}]},{\"@type\":\"WebSite\",\"@id\":\"https:\\\/\\\/knjigoljubac.ba\\\/#website\",\"url\":\"https:\\\/\\\/knjigoljubac.ba\\\/\",\"name\":\"KNJIGOLJUBAC\",\"description\":\"Va\u0161a online knji\u017eara\",\"publisher\":{\"@id\":\"https:\\\/\\\/knjigoljubac.ba\\\/#organization\"},\"potentialAction\":[{\"@type\":\"SearchAction\",\"target\":{\"@type\":\"EntryPoint\",\"urlTemplate\":\"https:\\\/\\\/knjigoljubac.ba\\\/?s={search_term_string}\"},\"query-input\":{\"@type\":\"PropertyValueSpecification\",\"valueRequired\":true,\"valueName\":\"search_term_string\"}}],\"inLanguage\":\"bs-BA\"},{\"@type\":\"Organization\",\"@id\":\"https:\\\/\\\/knjigoljubac.ba\\\/#organization\",\"name\":\"KNJIGOLJUBAC\",\"url\":\"https:\\\/\\\/knjigoljubac.ba\\\/\",\"logo\":{\"@type\":\"ImageObject\",\"inLanguage\":\"bs-BA\",\"@id\":\"https:\\\/\\\/knjigoljubac.ba\\\/#\\\/schema\\\/logo\\\/image\\\/\",\"url\":\"https:\\\/\\\/knjigoljubac.ba\\\/wp-content\\\/uploads\\\/2021\\\/09\\\/logo-novi-1024x465.png\",\"contentUrl\":\"https:\\\/\\\/knjigoljubac.ba\\\/wp-content\\\/uploads\\\/2021\\\/09\\\/logo-novi-1024x465.png\",\"width\":1024,\"height\":465,\"caption\":\"KNJIGOLJUBAC\"},\"image\":{\"@id\":\"https:\\\/\\\/knjigoljubac.ba\\\/#\\\/schema\\\/logo\\\/image\\\/\"},\"sameAs\":[\"https:\\\/\\\/www.facebook.com\\\/knjigoljubacba-106067741319857\\\/?ref=pages_you_manage\",\"https:\\\/\\\/www.instagram.com\\\/knjigoljubacbrcko\\\/\"]}]}<\/script>\n<!-- \/ Yoast SEO plugin. -->","yoast_head_json":{"title":"Zemlja drugih - KNJIGOLJUBAC","robots":{"index":"index","follow":"follow","max-snippet":"max-snippet:-1","max-image-preview":"max-image-preview:large","max-video-preview":"max-video-preview:-1"},"canonical":"https:\/\/knjigoljubac.ba\/bs\/product\/zemlja-drugih\/","og_locale":"bs_BA","og_type":"article","og_title":"Zemlja drugih - KNJIGOLJUBAC","og_description":"&nbsp;    Autor Lejla Slimani   Izdava\u010d: Buybook   Biblioteka: 100 u 10   Prevod sa: francuskog Tea Mijan   ISBN: 9789958305597   Godina izdanja: 2021   Broj stranica: 267   Te\u017eina: 410   Tip uveza: tvrdi","og_url":"https:\/\/knjigoljubac.ba\/bs\/product\/zemlja-drugih\/","og_site_name":"KNJIGOLJUBAC","article_publisher":"https:\/\/www.facebook.com\/knjigoljubacba-106067741319857\/?ref=pages_you_manage","article_modified_time":"2021-08-28T15:17:44+00:00","og_image":[{"width":160,"height":226,"url":"https:\/\/knjigoljubac.ba\/wp-content\/uploads\/2021\/08\/Zemlja-drugih_mockup3-1.jpg","type":"image\/jpeg"}],"twitter_card":"summary_large_image","twitter_misc":{"Est. reading time":"7 minuta"},"schema":{"@context":"https:\/\/schema.org","@graph":[{"@type":"WebPage","@id":"https:\/\/knjigoljubac.ba\/product\/zemlja-drugih\/","url":"https:\/\/knjigoljubac.ba\/product\/zemlja-drugih\/","name":"Zemlja drugih - KNJIGOLJUBAC","isPartOf":{"@id":"https:\/\/knjigoljubac.ba\/#website"},"primaryImageOfPage":{"@id":"https:\/\/knjigoljubac.ba\/product\/zemlja-drugih\/#primaryimage"},"image":{"@id":"https:\/\/knjigoljubac.ba\/product\/zemlja-drugih\/#primaryimage"},"thumbnailUrl":"https:\/\/knjigoljubac.ba\/wp-content\/uploads\/2021\/08\/Zemlja-drugih_mockup3-1.jpg","datePublished":"2021-08-28T15:16:28+00:00","dateModified":"2021-08-28T15:17:44+00:00","breadcrumb":{"@id":"https:\/\/knjigoljubac.ba\/product\/zemlja-drugih\/#breadcrumb"},"inLanguage":"bs-BA","potentialAction":[{"@type":"ReadAction","target":["https:\/\/knjigoljubac.ba\/product\/zemlja-drugih\/"]}]},{"@type":"ImageObject","inLanguage":"bs-BA","@id":"https:\/\/knjigoljubac.ba\/product\/zemlja-drugih\/#primaryimage","url":"https:\/\/knjigoljubac.ba\/wp-content\/uploads\/2021\/08\/Zemlja-drugih_mockup3-1.jpg","contentUrl":"https:\/\/knjigoljubac.ba\/wp-content\/uploads\/2021\/08\/Zemlja-drugih_mockup3-1.jpg","width":160,"height":226},{"@type":"BreadcrumbList","@id":"https:\/\/knjigoljubac.ba\/product\/zemlja-drugih\/#breadcrumb","itemListElement":[{"@type":"ListItem","position":1,"name":"Po\u010detna stranica","item":"https:\/\/knjigoljubac.ba\/"},{"@type":"ListItem","position":2,"name":"Trgovina","item":"https:\/\/knjigoljubac.ba\/trgovina\/"},{"@type":"ListItem","position":3,"name":"Zemlja drugih"}]},{"@type":"WebSite","@id":"https:\/\/knjigoljubac.ba\/#website","url":"https:\/\/knjigoljubac.ba\/","name":"KNJIGOLJUBAC","description":"Va\u0161a online knji\u017eara","publisher":{"@id":"https:\/\/knjigoljubac.ba\/#organization"},"potentialAction":[{"@type":"SearchAction","target":{"@type":"EntryPoint","urlTemplate":"https:\/\/knjigoljubac.ba\/?s={search_term_string}"},"query-input":{"@type":"PropertyValueSpecification","valueRequired":true,"valueName":"search_term_string"}}],"inLanguage":"bs-BA"},{"@type":"Organization","@id":"https:\/\/knjigoljubac.ba\/#organization","name":"KNJIGOLJUBAC","url":"https:\/\/knjigoljubac.ba\/","logo":{"@type":"ImageObject","inLanguage":"bs-BA","@id":"https:\/\/knjigoljubac.ba\/#\/schema\/logo\/image\/","url":"https:\/\/knjigoljubac.ba\/wp-content\/uploads\/2021\/09\/logo-novi-1024x465.png","contentUrl":"https:\/\/knjigoljubac.ba\/wp-content\/uploads\/2021\/09\/logo-novi-1024x465.png","width":1024,"height":465,"caption":"KNJIGOLJUBAC"},"image":{"@id":"https:\/\/knjigoljubac.ba\/#\/schema\/logo\/image\/"},"sameAs":["https:\/\/www.facebook.com\/knjigoljubacba-106067741319857\/?ref=pages_you_manage","https:\/\/www.instagram.com\/knjigoljubacbrcko\/"]}]}},"jetpack_sharing_enabled":true,"_links":{"self":[{"href":"https:\/\/knjigoljubac.ba\/bs\/wp-json\/wp\/v2\/product\/12333","targetHints":{"allow":["GET"]}}],"collection":[{"href":"https:\/\/knjigoljubac.ba\/bs\/wp-json\/wp\/v2\/product"}],"about":[{"href":"https:\/\/knjigoljubac.ba\/bs\/wp-json\/wp\/v2\/types\/product"}],"wp:featuredmedia":[{"embeddable":true,"href":"https:\/\/knjigoljubac.ba\/bs\/wp-json\/wp\/v2\/media\/12334"}],"wp:attachment":[{"href":"https:\/\/knjigoljubac.ba\/bs\/wp-json\/wp\/v2\/media?parent=12333"}],"wp:term":[{"taxonomy":"product_brand","embeddable":true,"href":"https:\/\/knjigoljubac.ba\/bs\/wp-json\/wp\/v2\/product_brand?post=12333"},{"taxonomy":"product_cat","embeddable":true,"href":"https:\/\/knjigoljubac.ba\/bs\/wp-json\/wp\/v2\/product_cat?post=12333"},{"taxonomy":"product_tag","embeddable":true,"href":"https:\/\/knjigoljubac.ba\/bs\/wp-json\/wp\/v2\/product_tag?post=12333"}],"curies":[{"name":"wp","href":"https:\/\/api.w.org\/{rel}","templated":true}]}}