{"id":122402,"date":"2025-02-17T19:05:24","date_gmt":"2025-02-17T19:05:24","guid":{"rendered":"https:\/\/knjigoljubac.ba\/?post_type=product&#038;p=122402"},"modified":"2025-02-17T19:05:24","modified_gmt":"2025-02-17T19:05:24","slug":"grahorasti-vrag","status":"publish","type":"product","link":"https:\/\/knjigoljubac.ba\/bs\/product\/grahorasti-vrag\/","title":{"rendered":"Grahorasti vrag"},"content":{"rendered":"<p>Fadila Nura Haver je bh. knji\u017eevnica ro\u0111ena u Maglaju. Svoju afirmaciju kao knji\u017eevnica do\u017eivljava ostvarenjem Kad umrem da se smijem, koje je nagra\u0111eno prvom nagradom na Konkursu za najbolju zbirku pri\u010da Naklade Zoro Zagreb\/Sarajevo, za 2003\/2004. godinu. Pri\u010de iz ove zbirke adaptirane su u radio-roman i singl radio-dramu, a realizirane su i u dramskom programu Radija Federacije. Djelo za koje je autorica dobila podr\u0161ku Fondacije zove se Grahorasti vrag.<\/p>","protected":false},"excerpt":{"rendered":"<div>\n<p class=\"podatciNazivi\">Pisac:\u00a0Fadila Nura Haver<\/p>\n<\/div>\n<p class=\"podatciNazivi\">Izdava\u010d: <a class=\"podatci\" title=\"Izlistaj sve knjige ovog pisca\" href=\"https:\/\/www.knjiga.ba\/catalogsearch\/advanced\/result\/?izdavac=%C5%A0ahinpa%C5%A1i%C4%87\">\u0160ahinpa\u0161i\u0107<\/a><\/p>\n<p class=\"podatciNazivi\">Dostupnost: da<\/p>\n<p class=\"podatciNazivi\">Broj strana:\u00a0141<\/p>\n<p class=\"podatciNazivi\">Uvez: Tvrdi<\/p>","protected":false},"featured_media":122403,"template":"","meta":[],"product_brand":[],"product_cat":[300,301],"product_tag":[1177,1178,809,334],"class_list":{"0":"post-122402","1":"product","2":"type-product","3":"status-publish","4":"has-post-thumbnail","6":"product_cat-domaci-autori","7":"product_cat-proza","8":"product_tag-fadila-nura-haver","9":"product_tag-grahorasti-vrag","10":"product_tag-knjiga","11":"product_tag-knjigoljubac","13":"first","14":"instock","15":"sale","16":"taxable","17":"shipping-taxable","18":"purchasable","19":"product-type-simple"},"yoast_head":"<!-- This site is optimized with the Yoast SEO plugin v27.5 - https:\/\/yoast.com\/product\/yoast-seo-wordpress\/ -->\n<title>Grahorasti vrag - KNJIGOLJUBAC<\/title>\n<meta name=\"robots\" content=\"index, follow, max-snippet:-1, max-image-preview:large, max-video-preview:-1\" \/>\n<link rel=\"canonical\" href=\"https:\/\/knjigoljubac.ba\/bs\/product\/grahorasti-vrag\/\" \/>\n<meta property=\"og:locale\" content=\"bs_BA\" \/>\n<meta property=\"og:type\" content=\"article\" \/>\n<meta property=\"og:title\" content=\"Grahorasti vrag - KNJIGOLJUBAC\" \/>\n<meta property=\"og:description\" content=\"Pisac:\u00a0Fadila Nura Haver   Izdava\u010d: \u0160ahinpa\u0161i\u0107 Dostupnost: da Broj strana:\u00a0141 Uvez: Tvrdi\" \/>\n<meta property=\"og:url\" content=\"https:\/\/knjigoljubac.ba\/bs\/product\/grahorasti-vrag\/\" \/>\n<meta property=\"og:site_name\" content=\"KNJIGOLJUBAC\" \/>\n<meta property=\"article:publisher\" content=\"https:\/\/www.facebook.com\/knjigoljubacba-106067741319857\/?ref=pages_you_manage\" \/>\n<meta property=\"og:image\" content=\"https:\/\/knjigoljubac.ba\/wp-content\/uploads\/2025\/02\/grahorasti_vrag.jpg\" \/>\n\t<meta property=\"og:image:width\" content=\"160\" \/>\n\t<meta property=\"og:image:height\" content=\"226\" \/>\n\t<meta property=\"og:image:type\" content=\"image\/jpeg\" \/>\n<meta name=\"twitter:card\" content=\"summary_large_image\" \/>\n<script type=\"application\/ld+json\" class=\"yoast-schema-graph\">{\"@context\":\"https:\\\/\\\/schema.org\",\"@graph\":[{\"@type\":\"WebPage\",\"@id\":\"https:\\\/\\\/knjigoljubac.ba\\\/product\\\/grahorasti-vrag\\\/\",\"url\":\"https:\\\/\\\/knjigoljubac.ba\\\/product\\\/grahorasti-vrag\\\/\",\"name\":\"Grahorasti vrag - KNJIGOLJUBAC\",\"isPartOf\":{\"@id\":\"https:\\\/\\\/knjigoljubac.ba\\\/#website\"},\"primaryImageOfPage\":{\"@id\":\"https:\\\/\\\/knjigoljubac.ba\\\/product\\\/grahorasti-vrag\\\/#primaryimage\"},\"image\":{\"@id\":\"https:\\\/\\\/knjigoljubac.ba\\\/product\\\/grahorasti-vrag\\\/#primaryimage\"},\"thumbnailUrl\":\"https:\\\/\\\/knjigoljubac.ba\\\/wp-content\\\/uploads\\\/2025\\\/02\\\/grahorasti_vrag.jpg\",\"datePublished\":\"2025-02-17T19:05:24+00:00\",\"breadcrumb\":{\"@id\":\"https:\\\/\\\/knjigoljubac.ba\\\/product\\\/grahorasti-vrag\\\/#breadcrumb\"},\"inLanguage\":\"bs-BA\",\"potentialAction\":[{\"@type\":\"ReadAction\",\"target\":[\"https:\\\/\\\/knjigoljubac.ba\\\/product\\\/grahorasti-vrag\\\/\"]}]},{\"@type\":\"ImageObject\",\"inLanguage\":\"bs-BA\",\"@id\":\"https:\\\/\\\/knjigoljubac.ba\\\/product\\\/grahorasti-vrag\\\/#primaryimage\",\"url\":\"https:\\\/\\\/knjigoljubac.ba\\\/wp-content\\\/uploads\\\/2025\\\/02\\\/grahorasti_vrag.jpg\",\"contentUrl\":\"https:\\\/\\\/knjigoljubac.ba\\\/wp-content\\\/uploads\\\/2025\\\/02\\\/grahorasti_vrag.jpg\",\"width\":160,\"height\":226},{\"@type\":\"BreadcrumbList\",\"@id\":\"https:\\\/\\\/knjigoljubac.ba\\\/product\\\/grahorasti-vrag\\\/#breadcrumb\",\"itemListElement\":[{\"@type\":\"ListItem\",\"position\":1,\"name\":\"Po\u010detna stranica\",\"item\":\"https:\\\/\\\/knjigoljubac.ba\\\/\"},{\"@type\":\"ListItem\",\"position\":2,\"name\":\"Trgovina\",\"item\":\"https:\\\/\\\/knjigoljubac.ba\\\/trgovina\\\/\"},{\"@type\":\"ListItem\",\"position\":3,\"name\":\"Grahorasti vrag\"}]},{\"@type\":\"WebSite\",\"@id\":\"https:\\\/\\\/knjigoljubac.ba\\\/#website\",\"url\":\"https:\\\/\\\/knjigoljubac.ba\\\/\",\"name\":\"KNJIGOLJUBAC\",\"description\":\"Va\u0161a online knji\u017eara\",\"publisher\":{\"@id\":\"https:\\\/\\\/knjigoljubac.ba\\\/#organization\"},\"potentialAction\":[{\"@type\":\"SearchAction\",\"target\":{\"@type\":\"EntryPoint\",\"urlTemplate\":\"https:\\\/\\\/knjigoljubac.ba\\\/?s={search_term_string}\"},\"query-input\":{\"@type\":\"PropertyValueSpecification\",\"valueRequired\":true,\"valueName\":\"search_term_string\"}}],\"inLanguage\":\"bs-BA\"},{\"@type\":\"Organization\",\"@id\":\"https:\\\/\\\/knjigoljubac.ba\\\/#organization\",\"name\":\"KNJIGOLJUBAC\",\"url\":\"https:\\\/\\\/knjigoljubac.ba\\\/\",\"logo\":{\"@type\":\"ImageObject\",\"inLanguage\":\"bs-BA\",\"@id\":\"https:\\\/\\\/knjigoljubac.ba\\\/#\\\/schema\\\/logo\\\/image\\\/\",\"url\":\"https:\\\/\\\/knjigoljubac.ba\\\/wp-content\\\/uploads\\\/2021\\\/09\\\/logo-novi-1024x465.png\",\"contentUrl\":\"https:\\\/\\\/knjigoljubac.ba\\\/wp-content\\\/uploads\\\/2021\\\/09\\\/logo-novi-1024x465.png\",\"width\":1024,\"height\":465,\"caption\":\"KNJIGOLJUBAC\"},\"image\":{\"@id\":\"https:\\\/\\\/knjigoljubac.ba\\\/#\\\/schema\\\/logo\\\/image\\\/\"},\"sameAs\":[\"https:\\\/\\\/www.facebook.com\\\/knjigoljubacba-106067741319857\\\/?ref=pages_you_manage\",\"https:\\\/\\\/www.instagram.com\\\/knjigoljubacbrcko\\\/\"]}]}<\/script>\n<!-- \/ Yoast SEO plugin. -->","yoast_head_json":{"title":"Grahorasti vrag - KNJIGOLJUBAC","robots":{"index":"index","follow":"follow","max-snippet":"max-snippet:-1","max-image-preview":"max-image-preview:large","max-video-preview":"max-video-preview:-1"},"canonical":"https:\/\/knjigoljubac.ba\/bs\/product\/grahorasti-vrag\/","og_locale":"bs_BA","og_type":"article","og_title":"Grahorasti vrag - KNJIGOLJUBAC","og_description":"Pisac:\u00a0Fadila Nura Haver   Izdava\u010d: \u0160ahinpa\u0161i\u0107 Dostupnost: da Broj strana:\u00a0141 Uvez: Tvrdi","og_url":"https:\/\/knjigoljubac.ba\/bs\/product\/grahorasti-vrag\/","og_site_name":"KNJIGOLJUBAC","article_publisher":"https:\/\/www.facebook.com\/knjigoljubacba-106067741319857\/?ref=pages_you_manage","og_image":[{"width":160,"height":226,"url":"https:\/\/knjigoljubac.ba\/wp-content\/uploads\/2025\/02\/grahorasti_vrag.jpg","type":"image\/jpeg"}],"twitter_card":"summary_large_image","schema":{"@context":"https:\/\/schema.org","@graph":[{"@type":"WebPage","@id":"https:\/\/knjigoljubac.ba\/product\/grahorasti-vrag\/","url":"https:\/\/knjigoljubac.ba\/product\/grahorasti-vrag\/","name":"Grahorasti vrag - KNJIGOLJUBAC","isPartOf":{"@id":"https:\/\/knjigoljubac.ba\/#website"},"primaryImageOfPage":{"@id":"https:\/\/knjigoljubac.ba\/product\/grahorasti-vrag\/#primaryimage"},"image":{"@id":"https:\/\/knjigoljubac.ba\/product\/grahorasti-vrag\/#primaryimage"},"thumbnailUrl":"https:\/\/knjigoljubac.ba\/wp-content\/uploads\/2025\/02\/grahorasti_vrag.jpg","datePublished":"2025-02-17T19:05:24+00:00","breadcrumb":{"@id":"https:\/\/knjigoljubac.ba\/product\/grahorasti-vrag\/#breadcrumb"},"inLanguage":"bs-BA","potentialAction":[{"@type":"ReadAction","target":["https:\/\/knjigoljubac.ba\/product\/grahorasti-vrag\/"]}]},{"@type":"ImageObject","inLanguage":"bs-BA","@id":"https:\/\/knjigoljubac.ba\/product\/grahorasti-vrag\/#primaryimage","url":"https:\/\/knjigoljubac.ba\/wp-content\/uploads\/2025\/02\/grahorasti_vrag.jpg","contentUrl":"https:\/\/knjigoljubac.ba\/wp-content\/uploads\/2025\/02\/grahorasti_vrag.jpg","width":160,"height":226},{"@type":"BreadcrumbList","@id":"https:\/\/knjigoljubac.ba\/product\/grahorasti-vrag\/#breadcrumb","itemListElement":[{"@type":"ListItem","position":1,"name":"Po\u010detna stranica","item":"https:\/\/knjigoljubac.ba\/"},{"@type":"ListItem","position":2,"name":"Trgovina","item":"https:\/\/knjigoljubac.ba\/trgovina\/"},{"@type":"ListItem","position":3,"name":"Grahorasti vrag"}]},{"@type":"WebSite","@id":"https:\/\/knjigoljubac.ba\/#website","url":"https:\/\/knjigoljubac.ba\/","name":"KNJIGOLJUBAC","description":"Va\u0161a online knji\u017eara","publisher":{"@id":"https:\/\/knjigoljubac.ba\/#organization"},"potentialAction":[{"@type":"SearchAction","target":{"@type":"EntryPoint","urlTemplate":"https:\/\/knjigoljubac.ba\/?s={search_term_string}"},"query-input":{"@type":"PropertyValueSpecification","valueRequired":true,"valueName":"search_term_string"}}],"inLanguage":"bs-BA"},{"@type":"Organization","@id":"https:\/\/knjigoljubac.ba\/#organization","name":"KNJIGOLJUBAC","url":"https:\/\/knjigoljubac.ba\/","logo":{"@type":"ImageObject","inLanguage":"bs-BA","@id":"https:\/\/knjigoljubac.ba\/#\/schema\/logo\/image\/","url":"https:\/\/knjigoljubac.ba\/wp-content\/uploads\/2021\/09\/logo-novi-1024x465.png","contentUrl":"https:\/\/knjigoljubac.ba\/wp-content\/uploads\/2021\/09\/logo-novi-1024x465.png","width":1024,"height":465,"caption":"KNJIGOLJUBAC"},"image":{"@id":"https:\/\/knjigoljubac.ba\/#\/schema\/logo\/image\/"},"sameAs":["https:\/\/www.facebook.com\/knjigoljubacba-106067741319857\/?ref=pages_you_manage","https:\/\/www.instagram.com\/knjigoljubacbrcko\/"]}]}},"jetpack_sharing_enabled":true,"_links":{"self":[{"href":"https:\/\/knjigoljubac.ba\/bs\/wp-json\/wp\/v2\/product\/122402","targetHints":{"allow":["GET"]}}],"collection":[{"href":"https:\/\/knjigoljubac.ba\/bs\/wp-json\/wp\/v2\/product"}],"about":[{"href":"https:\/\/knjigoljubac.ba\/bs\/wp-json\/wp\/v2\/types\/product"}],"wp:featuredmedia":[{"embeddable":true,"href":"https:\/\/knjigoljubac.ba\/bs\/wp-json\/wp\/v2\/media\/122403"}],"wp:attachment":[{"href":"https:\/\/knjigoljubac.ba\/bs\/wp-json\/wp\/v2\/media?parent=122402"}],"wp:term":[{"taxonomy":"product_brand","embeddable":true,"href":"https:\/\/knjigoljubac.ba\/bs\/wp-json\/wp\/v2\/product_brand?post=122402"},{"taxonomy":"product_cat","embeddable":true,"href":"https:\/\/knjigoljubac.ba\/bs\/wp-json\/wp\/v2\/product_cat?post=122402"},{"taxonomy":"product_tag","embeddable":true,"href":"https:\/\/knjigoljubac.ba\/bs\/wp-json\/wp\/v2\/product_tag?post=122402"}],"curies":[{"name":"wp","href":"https:\/\/api.w.org\/{rel}","templated":true}]}}