{"id":122258,"date":"2025-01-12T16:56:17","date_gmt":"2025-01-12T16:56:17","guid":{"rendered":"https:\/\/knjigoljubac.ba\/?post_type=product&#038;p=122258"},"modified":"2025-01-12T16:56:17","modified_gmt":"2025-01-12T16:56:17","slug":"boris-dezulovic-goli-i-mrtvi-kod-koze-2","status":"publish","type":"product","link":"https:\/\/knjigoljubac.ba\/bs\/product\/boris-dezulovic-goli-i-mrtvi-kod-koze-2\/","title":{"rendered":"Boris De\u017eulovi\u0107: Goli i mrtvi (kod Ko\u017ee 2)"},"content":{"rendered":"<p>De\u017eulovi\u0107 je tokom 35 godina bavljenja novinarstvom uvek imao svoj stav: jasan, dore\u010den, argumentovan i anga\u017eovan. De\u017eulovi\u0107 svojim tekstovima nikoga ne ostavlja ravnodu\u0161nim i bespo\u0161tedno kriti\u010dki analizira tegobnu hrvatsku, ali i \u0161iru regionalnu zbilju. Bez ikakve je dvojbe, korifej slobodnog i objektivnog novinarstva na ovim \u00bbregionalnim\u00ab prostorima i pri tomu intelektualno superiorno, ali i po\u0161teno, bez dlake na jeziku \u010desto iznosi provokativne stavove kojima poga\u0111a bit problema, a koje nam licemjerne politi\u010dke, intelektualno-domoljubne i klerikalne elite name\u0107u i predstavljaju kao jedinu mogu\u0107u realnost i Bogom dano rje\u0161enje. De\u017eulovi\u0107 u svojim tekstovima postavlja su\u0161tinska pitanja na\u0161eg dru\u0161tva i vremena; naizgled humorno i satiri\u010dki pojednostavljeno propituje gotovo sve probleme koji na ovaj ili onaj na\u010din utje\u010du na na\u0161e \u017eivote i svakodnevnu egzistenciju. Stoga De\u017eulovi\u0107 s pravom nemilosrdno i rije\u010dima okrutno \u0161iba farizeje i ikonobranitelje koji bi nam jeftino prodali ono \u010dega nema, a o onome \u010dega ima uporno i bezobrazno \u0161ute. Ironija, satira, blagi cinizam, sarkazam, anegdotalnost i humor, kao i lucidna duhovitost, sve su to sredstva kojima De\u017eulovi\u0107 u svom pismu sjajno barata. A ako tomu dodamo \u0161irinu spoznaja i informacija kojima raspola\u017ee, onda imamo sliku rasnog kolumnista i polemi\u010dara, kakvih je na ovim prostorima iznimno malo.<\/p>","protected":false},"excerpt":{"rendered":"<p>Autor: Boris De\u017eulovi\u0107<br \/>\nNaslov: Goli i mrtvi<br \/>\nUvez: meki<br \/>\nBr. str. 300<\/p>","protected":false},"featured_media":122259,"template":"","meta":[],"product_brand":[],"product_cat":[299,326,301],"product_tag":[1096,1098,1097],"class_list":{"0":"post-122258","1":"product","2":"type-product","3":"status-publish","4":"has-post-thumbnail","6":"product_cat-bestseleri","7":"product_cat-preporuceno","8":"product_cat-proza","9":"product_tag-boris-dezulovic","10":"product_tag-goli-i-mrtvi","11":"product_tag-kod-koze","13":"first","14":"instock","15":"sale","16":"taxable","17":"shipping-taxable","18":"purchasable","19":"product-type-simple"},"yoast_head":"<!-- This site is optimized with the Yoast SEO plugin v27.5 - https:\/\/yoast.com\/product\/yoast-seo-wordpress\/ -->\n<title>Boris De\u017eulovi\u0107: Goli i mrtvi (kod Ko\u017ee 2) - KNJIGOLJUBAC<\/title>\n<meta name=\"robots\" content=\"index, follow, max-snippet:-1, max-image-preview:large, max-video-preview:-1\" \/>\n<link rel=\"canonical\" href=\"https:\/\/knjigoljubac.ba\/bs\/product\/boris-dezulovic-goli-i-mrtvi-kod-koze-2\/\" \/>\n<meta property=\"og:locale\" content=\"bs_BA\" \/>\n<meta property=\"og:type\" content=\"article\" \/>\n<meta property=\"og:title\" content=\"Boris De\u017eulovi\u0107: Goli i mrtvi (kod Ko\u017ee 2) - KNJIGOLJUBAC\" \/>\n<meta property=\"og:description\" content=\"Autor: Boris De\u017eulovi\u0107 Naslov: Goli i mrtvi Uvez: meki Br. str. 300\" \/>\n<meta property=\"og:url\" content=\"https:\/\/knjigoljubac.ba\/bs\/product\/boris-dezulovic-goli-i-mrtvi-kod-koze-2\/\" \/>\n<meta property=\"og:site_name\" content=\"KNJIGOLJUBAC\" \/>\n<meta property=\"article:publisher\" content=\"https:\/\/www.facebook.com\/knjigoljubacba-106067741319857\/?ref=pages_you_manage\" \/>\n<meta property=\"og:image\" content=\"https:\/\/knjigoljubac.ba\/wp-content\/uploads\/2025\/01\/goli-i-mrtvi.jpg\" \/>\n\t<meta property=\"og:image:width\" content=\"160\" \/>\n\t<meta property=\"og:image:height\" content=\"226\" \/>\n\t<meta property=\"og:image:type\" content=\"image\/jpeg\" \/>\n<meta name=\"twitter:card\" content=\"summary_large_image\" \/>\n<meta name=\"twitter:label1\" content=\"Est. reading time\" \/>\n\t<meta name=\"twitter:data1\" content=\"1 minuta\" \/>\n<script type=\"application\/ld+json\" class=\"yoast-schema-graph\">{\"@context\":\"https:\\\/\\\/schema.org\",\"@graph\":[{\"@type\":\"WebPage\",\"@id\":\"https:\\\/\\\/knjigoljubac.ba\\\/product\\\/boris-dezulovic-goli-i-mrtvi-kod-koze-2\\\/\",\"url\":\"https:\\\/\\\/knjigoljubac.ba\\\/product\\\/boris-dezulovic-goli-i-mrtvi-kod-koze-2\\\/\",\"name\":\"Boris De\u017eulovi\u0107: Goli i mrtvi (kod Ko\u017ee 2) - KNJIGOLJUBAC\",\"isPartOf\":{\"@id\":\"https:\\\/\\\/knjigoljubac.ba\\\/#website\"},\"primaryImageOfPage\":{\"@id\":\"https:\\\/\\\/knjigoljubac.ba\\\/product\\\/boris-dezulovic-goli-i-mrtvi-kod-koze-2\\\/#primaryimage\"},\"image\":{\"@id\":\"https:\\\/\\\/knjigoljubac.ba\\\/product\\\/boris-dezulovic-goli-i-mrtvi-kod-koze-2\\\/#primaryimage\"},\"thumbnailUrl\":\"https:\\\/\\\/knjigoljubac.ba\\\/wp-content\\\/uploads\\\/2025\\\/01\\\/goli-i-mrtvi.jpg\",\"datePublished\":\"2025-01-12T16:56:17+00:00\",\"breadcrumb\":{\"@id\":\"https:\\\/\\\/knjigoljubac.ba\\\/product\\\/boris-dezulovic-goli-i-mrtvi-kod-koze-2\\\/#breadcrumb\"},\"inLanguage\":\"bs-BA\",\"potentialAction\":[{\"@type\":\"ReadAction\",\"target\":[\"https:\\\/\\\/knjigoljubac.ba\\\/product\\\/boris-dezulovic-goli-i-mrtvi-kod-koze-2\\\/\"]}]},{\"@type\":\"ImageObject\",\"inLanguage\":\"bs-BA\",\"@id\":\"https:\\\/\\\/knjigoljubac.ba\\\/product\\\/boris-dezulovic-goli-i-mrtvi-kod-koze-2\\\/#primaryimage\",\"url\":\"https:\\\/\\\/knjigoljubac.ba\\\/wp-content\\\/uploads\\\/2025\\\/01\\\/goli-i-mrtvi.jpg\",\"contentUrl\":\"https:\\\/\\\/knjigoljubac.ba\\\/wp-content\\\/uploads\\\/2025\\\/01\\\/goli-i-mrtvi.jpg\",\"width\":160,\"height\":226},{\"@type\":\"BreadcrumbList\",\"@id\":\"https:\\\/\\\/knjigoljubac.ba\\\/product\\\/boris-dezulovic-goli-i-mrtvi-kod-koze-2\\\/#breadcrumb\",\"itemListElement\":[{\"@type\":\"ListItem\",\"position\":1,\"name\":\"Po\u010detna stranica\",\"item\":\"https:\\\/\\\/knjigoljubac.ba\\\/\"},{\"@type\":\"ListItem\",\"position\":2,\"name\":\"Trgovina\",\"item\":\"https:\\\/\\\/knjigoljubac.ba\\\/trgovina\\\/\"},{\"@type\":\"ListItem\",\"position\":3,\"name\":\"Boris De\u017eulovi\u0107: Goli i mrtvi (kod Ko\u017ee 2)\"}]},{\"@type\":\"WebSite\",\"@id\":\"https:\\\/\\\/knjigoljubac.ba\\\/#website\",\"url\":\"https:\\\/\\\/knjigoljubac.ba\\\/\",\"name\":\"KNJIGOLJUBAC\",\"description\":\"Va\u0161a online knji\u017eara\",\"publisher\":{\"@id\":\"https:\\\/\\\/knjigoljubac.ba\\\/#organization\"},\"potentialAction\":[{\"@type\":\"SearchAction\",\"target\":{\"@type\":\"EntryPoint\",\"urlTemplate\":\"https:\\\/\\\/knjigoljubac.ba\\\/?s={search_term_string}\"},\"query-input\":{\"@type\":\"PropertyValueSpecification\",\"valueRequired\":true,\"valueName\":\"search_term_string\"}}],\"inLanguage\":\"bs-BA\"},{\"@type\":\"Organization\",\"@id\":\"https:\\\/\\\/knjigoljubac.ba\\\/#organization\",\"name\":\"KNJIGOLJUBAC\",\"url\":\"https:\\\/\\\/knjigoljubac.ba\\\/\",\"logo\":{\"@type\":\"ImageObject\",\"inLanguage\":\"bs-BA\",\"@id\":\"https:\\\/\\\/knjigoljubac.ba\\\/#\\\/schema\\\/logo\\\/image\\\/\",\"url\":\"https:\\\/\\\/knjigoljubac.ba\\\/wp-content\\\/uploads\\\/2021\\\/09\\\/logo-novi-1024x465.png\",\"contentUrl\":\"https:\\\/\\\/knjigoljubac.ba\\\/wp-content\\\/uploads\\\/2021\\\/09\\\/logo-novi-1024x465.png\",\"width\":1024,\"height\":465,\"caption\":\"KNJIGOLJUBAC\"},\"image\":{\"@id\":\"https:\\\/\\\/knjigoljubac.ba\\\/#\\\/schema\\\/logo\\\/image\\\/\"},\"sameAs\":[\"https:\\\/\\\/www.facebook.com\\\/knjigoljubacba-106067741319857\\\/?ref=pages_you_manage\",\"https:\\\/\\\/www.instagram.com\\\/knjigoljubacbrcko\\\/\"]}]}<\/script>\n<!-- \/ Yoast SEO plugin. -->","yoast_head_json":{"title":"Boris De\u017eulovi\u0107: Goli i mrtvi (kod Ko\u017ee 2) - KNJIGOLJUBAC","robots":{"index":"index","follow":"follow","max-snippet":"max-snippet:-1","max-image-preview":"max-image-preview:large","max-video-preview":"max-video-preview:-1"},"canonical":"https:\/\/knjigoljubac.ba\/bs\/product\/boris-dezulovic-goli-i-mrtvi-kod-koze-2\/","og_locale":"bs_BA","og_type":"article","og_title":"Boris De\u017eulovi\u0107: Goli i mrtvi (kod Ko\u017ee 2) - KNJIGOLJUBAC","og_description":"Autor: Boris De\u017eulovi\u0107 Naslov: Goli i mrtvi Uvez: meki Br. str. 300","og_url":"https:\/\/knjigoljubac.ba\/bs\/product\/boris-dezulovic-goli-i-mrtvi-kod-koze-2\/","og_site_name":"KNJIGOLJUBAC","article_publisher":"https:\/\/www.facebook.com\/knjigoljubacba-106067741319857\/?ref=pages_you_manage","og_image":[{"width":160,"height":226,"url":"https:\/\/knjigoljubac.ba\/wp-content\/uploads\/2025\/01\/goli-i-mrtvi.jpg","type":"image\/jpeg"}],"twitter_card":"summary_large_image","twitter_misc":{"Est. reading time":"1 minuta"},"schema":{"@context":"https:\/\/schema.org","@graph":[{"@type":"WebPage","@id":"https:\/\/knjigoljubac.ba\/product\/boris-dezulovic-goli-i-mrtvi-kod-koze-2\/","url":"https:\/\/knjigoljubac.ba\/product\/boris-dezulovic-goli-i-mrtvi-kod-koze-2\/","name":"Boris De\u017eulovi\u0107: Goli i mrtvi (kod Ko\u017ee 2) - KNJIGOLJUBAC","isPartOf":{"@id":"https:\/\/knjigoljubac.ba\/#website"},"primaryImageOfPage":{"@id":"https:\/\/knjigoljubac.ba\/product\/boris-dezulovic-goli-i-mrtvi-kod-koze-2\/#primaryimage"},"image":{"@id":"https:\/\/knjigoljubac.ba\/product\/boris-dezulovic-goli-i-mrtvi-kod-koze-2\/#primaryimage"},"thumbnailUrl":"https:\/\/knjigoljubac.ba\/wp-content\/uploads\/2025\/01\/goli-i-mrtvi.jpg","datePublished":"2025-01-12T16:56:17+00:00","breadcrumb":{"@id":"https:\/\/knjigoljubac.ba\/product\/boris-dezulovic-goli-i-mrtvi-kod-koze-2\/#breadcrumb"},"inLanguage":"bs-BA","potentialAction":[{"@type":"ReadAction","target":["https:\/\/knjigoljubac.ba\/product\/boris-dezulovic-goli-i-mrtvi-kod-koze-2\/"]}]},{"@type":"ImageObject","inLanguage":"bs-BA","@id":"https:\/\/knjigoljubac.ba\/product\/boris-dezulovic-goli-i-mrtvi-kod-koze-2\/#primaryimage","url":"https:\/\/knjigoljubac.ba\/wp-content\/uploads\/2025\/01\/goli-i-mrtvi.jpg","contentUrl":"https:\/\/knjigoljubac.ba\/wp-content\/uploads\/2025\/01\/goli-i-mrtvi.jpg","width":160,"height":226},{"@type":"BreadcrumbList","@id":"https:\/\/knjigoljubac.ba\/product\/boris-dezulovic-goli-i-mrtvi-kod-koze-2\/#breadcrumb","itemListElement":[{"@type":"ListItem","position":1,"name":"Po\u010detna stranica","item":"https:\/\/knjigoljubac.ba\/"},{"@type":"ListItem","position":2,"name":"Trgovina","item":"https:\/\/knjigoljubac.ba\/trgovina\/"},{"@type":"ListItem","position":3,"name":"Boris De\u017eulovi\u0107: Goli i mrtvi (kod Ko\u017ee 2)"}]},{"@type":"WebSite","@id":"https:\/\/knjigoljubac.ba\/#website","url":"https:\/\/knjigoljubac.ba\/","name":"KNJIGOLJUBAC","description":"Va\u0161a online knji\u017eara","publisher":{"@id":"https:\/\/knjigoljubac.ba\/#organization"},"potentialAction":[{"@type":"SearchAction","target":{"@type":"EntryPoint","urlTemplate":"https:\/\/knjigoljubac.ba\/?s={search_term_string}"},"query-input":{"@type":"PropertyValueSpecification","valueRequired":true,"valueName":"search_term_string"}}],"inLanguage":"bs-BA"},{"@type":"Organization","@id":"https:\/\/knjigoljubac.ba\/#organization","name":"KNJIGOLJUBAC","url":"https:\/\/knjigoljubac.ba\/","logo":{"@type":"ImageObject","inLanguage":"bs-BA","@id":"https:\/\/knjigoljubac.ba\/#\/schema\/logo\/image\/","url":"https:\/\/knjigoljubac.ba\/wp-content\/uploads\/2021\/09\/logo-novi-1024x465.png","contentUrl":"https:\/\/knjigoljubac.ba\/wp-content\/uploads\/2021\/09\/logo-novi-1024x465.png","width":1024,"height":465,"caption":"KNJIGOLJUBAC"},"image":{"@id":"https:\/\/knjigoljubac.ba\/#\/schema\/logo\/image\/"},"sameAs":["https:\/\/www.facebook.com\/knjigoljubacba-106067741319857\/?ref=pages_you_manage","https:\/\/www.instagram.com\/knjigoljubacbrcko\/"]}]}},"jetpack_sharing_enabled":true,"_links":{"self":[{"href":"https:\/\/knjigoljubac.ba\/bs\/wp-json\/wp\/v2\/product\/122258","targetHints":{"allow":["GET"]}}],"collection":[{"href":"https:\/\/knjigoljubac.ba\/bs\/wp-json\/wp\/v2\/product"}],"about":[{"href":"https:\/\/knjigoljubac.ba\/bs\/wp-json\/wp\/v2\/types\/product"}],"wp:featuredmedia":[{"embeddable":true,"href":"https:\/\/knjigoljubac.ba\/bs\/wp-json\/wp\/v2\/media\/122259"}],"wp:attachment":[{"href":"https:\/\/knjigoljubac.ba\/bs\/wp-json\/wp\/v2\/media?parent=122258"}],"wp:term":[{"taxonomy":"product_brand","embeddable":true,"href":"https:\/\/knjigoljubac.ba\/bs\/wp-json\/wp\/v2\/product_brand?post=122258"},{"taxonomy":"product_cat","embeddable":true,"href":"https:\/\/knjigoljubac.ba\/bs\/wp-json\/wp\/v2\/product_cat?post=122258"},{"taxonomy":"product_tag","embeddable":true,"href":"https:\/\/knjigoljubac.ba\/bs\/wp-json\/wp\/v2\/product_tag?post=122258"}],"curies":[{"name":"wp","href":"https:\/\/api.w.org\/{rel}","templated":true}]}}