{"id":12221,"date":"2021-02-04T08:54:50","date_gmt":"2021-02-04T08:54:50","guid":{"rendered":"https:\/\/knjigoljubac.ba\/?post_type=product&#038;p=12221"},"modified":"2021-02-04T08:55:33","modified_gmt":"2021-02-04T08:55:33","slug":"uoci-svetkovine","status":"publish","type":"product","link":"https:\/\/knjigoljubac.ba\/bs\/product\/uoci-svetkovine\/","title":{"rendered":"Uo\u010di svetkovine"},"content":{"rendered":"<p>No\u0107 pred Aninu svetkovinu sred isto\u010dnonjema\u010dkog ravnog Uckermarka. Selo F\u00fcrstenfelde spava. Osim skeled\u017eije \u2013 on je mrtav. Gospo\u0111a Kranz, slikarka koja no\u0107u ne razlikuje boje, sprema se da prvi put naslika selo no\u0107u. Zvonar i njegov \u0161egrt ho\u0107e da pokrenu zvona, ali njih je neko ukrao. Lisica tra\u017ei koko\u0161ija jaja za svoje mladunce, a gospodin Schramm, biv\u0161i natporu\u010dnik Nacionalne narodne armije, iznalazi vi\u0161e razloga protiv \u017eivota nego protiv pu\u0161enja. Niko nije vidio ko je provalio u Zavi\u010dajnu ku\u0107u, ipak, seoski arhiv je otvoren. Me\u0111utim, no\u0107obdije nisu opsjednute time \u0161ta je ukradeno iz arhiva, ve\u0107 time \u0161ta je iz njega pobjeglo. Stare pri\u010de, legende i bajke prate ljude od ku\u0107e do ku\u0107e. One se sklapaju u roman o jednoj dugoj no\u0107i, u mozaik \u017eivota u selu koje je nekad bilo grad, u kojem se susre\u0107u do\u0161ljaci i starosjedioci, \u017eivi i mrtvi, zanatlije, penzioneri i plemeniti odmetnici u dresovima lokalnih klubova. Svi oni \u017eele jo\u0161 pone\u0161to obaviti prije jutra, uo\u010di svetkovine.<\/p>","protected":false},"excerpt":{"rendered":"<table class=\"woocommerce-product-attributes shop_attributes\">\n<tbody>\n<tr class=\"woocommerce-product-attributes-item woocommerce-product-attributes-item--attribute_pa_autor\">\n<th class=\"woocommerce-product-attributes-item__label\">Autor<\/th>\n<td class=\"woocommerce-product-attributes-item__value\"><a href=\"https:\/\/kupiknjigu.ba\/autor\/sasa-stanisic\/\" rel=\"tag\">Sa\u0161a Stani\u0161i\u0107<\/a><\/td>\n<\/tr>\n<tr class=\"woocommerce-product-attributes-item woocommerce-product-attributes-item--attribute_pa_godina\">\n<th class=\"woocommerce-product-attributes-item__label\">Godina<\/th>\n<td class=\"woocommerce-product-attributes-item__value\"><a href=\"https:\/\/kupiknjigu.ba\/godina\/2015\/\" rel=\"tag\">2015<\/a><\/td>\n<\/tr>\n<tr class=\"woocommerce-product-attributes-item woocommerce-product-attributes-item--attribute_pa_uvez\">\n<th class=\"woocommerce-product-attributes-item__label\">Uvez<\/th>\n<td class=\"woocommerce-product-attributes-item__value\"><a href=\"https:\/\/kupiknjigu.ba\/uvez\/mehki\/\" rel=\"tag\">Mehki<\/a><\/td>\n<\/tr>\n<tr class=\"woocommerce-product-attributes-item woocommerce-product-attributes-item--attribute_isbn\">\n<th class=\"woocommerce-product-attributes-item__label\">ISBN<\/th>\n<td class=\"woocommerce-product-attributes-item__value\">9789958302497<\/td>\n<\/tr>\n<tr class=\"woocommerce-product-attributes-item woocommerce-product-attributes-item--attribute_broj-stranica\">\n<th class=\"woocommerce-product-attributes-item__label\">Broj stranica<\/th>\n<td class=\"woocommerce-product-attributes-item__value\">259<\/td>\n<\/tr>\n<\/tbody>\n<\/table>","protected":false},"featured_media":12222,"template":"","meta":[],"product_brand":[],"product_cat":[325,315],"product_tag":[516,717],"class_list":{"0":"post-12221","1":"product","2":"type-product","3":"status-publish","4":"has-post-thumbnail","6":"product_cat-najnovije-u-knjizari","7":"product_cat-roman","8":"product_tag-sasa-stanisic","9":"product_tag-uoci-svetkovine","11":"first","12":"instock","13":"sale","14":"taxable","15":"shipping-taxable","16":"purchasable","17":"product-type-simple"},"yoast_head":"<!-- This site is optimized with the Yoast SEO plugin v27.5 - https:\/\/yoast.com\/product\/yoast-seo-wordpress\/ -->\n<title>Uo\u010di svetkovine - KNJIGOLJUBAC<\/title>\n<meta name=\"robots\" content=\"index, follow, max-snippet:-1, max-image-preview:large, max-video-preview:-1\" \/>\n<link rel=\"canonical\" href=\"https:\/\/knjigoljubac.ba\/bs\/product\/uoci-svetkovine\/\" \/>\n<meta property=\"og:locale\" content=\"bs_BA\" \/>\n<meta property=\"og:type\" content=\"article\" \/>\n<meta property=\"og:title\" content=\"Uo\u010di svetkovine - KNJIGOLJUBAC\" \/>\n<meta property=\"og:description\" content=\"Autor Sa\u0161a Stani\u0161i\u0107   Godina 2015   Uvez Mehki   ISBN 9789958302497   Broj stranica 259\" \/>\n<meta property=\"og:url\" content=\"https:\/\/knjigoljubac.ba\/bs\/product\/uoci-svetkovine\/\" \/>\n<meta property=\"og:site_name\" content=\"KNJIGOLJUBAC\" \/>\n<meta property=\"article:publisher\" content=\"https:\/\/www.facebook.com\/knjigoljubacba-106067741319857\/?ref=pages_you_manage\" \/>\n<meta property=\"article:modified_time\" content=\"2021-02-04T08:55:33+00:00\" \/>\n<meta property=\"og:image\" content=\"https:\/\/knjigoljubac.ba\/wp-content\/uploads\/2021\/02\/Uoci-svetkovine_izabrana3.jpg\" \/>\n\t<meta property=\"og:image:width\" content=\"220\" \/>\n\t<meta property=\"og:image:height\" content=\"343\" \/>\n\t<meta property=\"og:image:type\" content=\"image\/jpeg\" \/>\n<meta name=\"twitter:card\" content=\"summary_large_image\" \/>\n<meta name=\"twitter:label1\" content=\"Est. reading time\" \/>\n\t<meta name=\"twitter:data1\" content=\"1 minuta\" \/>\n<script type=\"application\/ld+json\" class=\"yoast-schema-graph\">{\"@context\":\"https:\\\/\\\/schema.org\",\"@graph\":[{\"@type\":\"WebPage\",\"@id\":\"https:\\\/\\\/knjigoljubac.ba\\\/product\\\/uoci-svetkovine\\\/\",\"url\":\"https:\\\/\\\/knjigoljubac.ba\\\/product\\\/uoci-svetkovine\\\/\",\"name\":\"Uo\u010di svetkovine - KNJIGOLJUBAC\",\"isPartOf\":{\"@id\":\"https:\\\/\\\/knjigoljubac.ba\\\/#website\"},\"primaryImageOfPage\":{\"@id\":\"https:\\\/\\\/knjigoljubac.ba\\\/product\\\/uoci-svetkovine\\\/#primaryimage\"},\"image\":{\"@id\":\"https:\\\/\\\/knjigoljubac.ba\\\/product\\\/uoci-svetkovine\\\/#primaryimage\"},\"thumbnailUrl\":\"https:\\\/\\\/knjigoljubac.ba\\\/wp-content\\\/uploads\\\/2021\\\/02\\\/Uoci-svetkovine_izabrana3.jpg\",\"datePublished\":\"2021-02-04T08:54:50+00:00\",\"dateModified\":\"2021-02-04T08:55:33+00:00\",\"breadcrumb\":{\"@id\":\"https:\\\/\\\/knjigoljubac.ba\\\/product\\\/uoci-svetkovine\\\/#breadcrumb\"},\"inLanguage\":\"bs-BA\",\"potentialAction\":[{\"@type\":\"ReadAction\",\"target\":[\"https:\\\/\\\/knjigoljubac.ba\\\/product\\\/uoci-svetkovine\\\/\"]}]},{\"@type\":\"ImageObject\",\"inLanguage\":\"bs-BA\",\"@id\":\"https:\\\/\\\/knjigoljubac.ba\\\/product\\\/uoci-svetkovine\\\/#primaryimage\",\"url\":\"https:\\\/\\\/knjigoljubac.ba\\\/wp-content\\\/uploads\\\/2021\\\/02\\\/Uoci-svetkovine_izabrana3.jpg\",\"contentUrl\":\"https:\\\/\\\/knjigoljubac.ba\\\/wp-content\\\/uploads\\\/2021\\\/02\\\/Uoci-svetkovine_izabrana3.jpg\",\"width\":220,\"height\":343},{\"@type\":\"BreadcrumbList\",\"@id\":\"https:\\\/\\\/knjigoljubac.ba\\\/product\\\/uoci-svetkovine\\\/#breadcrumb\",\"itemListElement\":[{\"@type\":\"ListItem\",\"position\":1,\"name\":\"Po\u010detna stranica\",\"item\":\"https:\\\/\\\/knjigoljubac.ba\\\/\"},{\"@type\":\"ListItem\",\"position\":2,\"name\":\"Trgovina\",\"item\":\"https:\\\/\\\/knjigoljubac.ba\\\/trgovina\\\/\"},{\"@type\":\"ListItem\",\"position\":3,\"name\":\"Uo\u010di svetkovine\"}]},{\"@type\":\"WebSite\",\"@id\":\"https:\\\/\\\/knjigoljubac.ba\\\/#website\",\"url\":\"https:\\\/\\\/knjigoljubac.ba\\\/\",\"name\":\"KNJIGOLJUBAC\",\"description\":\"Va\u0161a online knji\u017eara\",\"publisher\":{\"@id\":\"https:\\\/\\\/knjigoljubac.ba\\\/#organization\"},\"potentialAction\":[{\"@type\":\"SearchAction\",\"target\":{\"@type\":\"EntryPoint\",\"urlTemplate\":\"https:\\\/\\\/knjigoljubac.ba\\\/?s={search_term_string}\"},\"query-input\":{\"@type\":\"PropertyValueSpecification\",\"valueRequired\":true,\"valueName\":\"search_term_string\"}}],\"inLanguage\":\"bs-BA\"},{\"@type\":\"Organization\",\"@id\":\"https:\\\/\\\/knjigoljubac.ba\\\/#organization\",\"name\":\"KNJIGOLJUBAC\",\"url\":\"https:\\\/\\\/knjigoljubac.ba\\\/\",\"logo\":{\"@type\":\"ImageObject\",\"inLanguage\":\"bs-BA\",\"@id\":\"https:\\\/\\\/knjigoljubac.ba\\\/#\\\/schema\\\/logo\\\/image\\\/\",\"url\":\"https:\\\/\\\/knjigoljubac.ba\\\/wp-content\\\/uploads\\\/2021\\\/09\\\/logo-novi-1024x465.png\",\"contentUrl\":\"https:\\\/\\\/knjigoljubac.ba\\\/wp-content\\\/uploads\\\/2021\\\/09\\\/logo-novi-1024x465.png\",\"width\":1024,\"height\":465,\"caption\":\"KNJIGOLJUBAC\"},\"image\":{\"@id\":\"https:\\\/\\\/knjigoljubac.ba\\\/#\\\/schema\\\/logo\\\/image\\\/\"},\"sameAs\":[\"https:\\\/\\\/www.facebook.com\\\/knjigoljubacba-106067741319857\\\/?ref=pages_you_manage\",\"https:\\\/\\\/www.instagram.com\\\/knjigoljubacbrcko\\\/\"]}]}<\/script>\n<!-- \/ Yoast SEO plugin. -->","yoast_head_json":{"title":"Uo\u010di svetkovine - KNJIGOLJUBAC","robots":{"index":"index","follow":"follow","max-snippet":"max-snippet:-1","max-image-preview":"max-image-preview:large","max-video-preview":"max-video-preview:-1"},"canonical":"https:\/\/knjigoljubac.ba\/bs\/product\/uoci-svetkovine\/","og_locale":"bs_BA","og_type":"article","og_title":"Uo\u010di svetkovine - KNJIGOLJUBAC","og_description":"Autor Sa\u0161a Stani\u0161i\u0107   Godina 2015   Uvez Mehki   ISBN 9789958302497   Broj stranica 259","og_url":"https:\/\/knjigoljubac.ba\/bs\/product\/uoci-svetkovine\/","og_site_name":"KNJIGOLJUBAC","article_publisher":"https:\/\/www.facebook.com\/knjigoljubacba-106067741319857\/?ref=pages_you_manage","article_modified_time":"2021-02-04T08:55:33+00:00","og_image":[{"width":220,"height":343,"url":"https:\/\/knjigoljubac.ba\/wp-content\/uploads\/2021\/02\/Uoci-svetkovine_izabrana3.jpg","type":"image\/jpeg"}],"twitter_card":"summary_large_image","twitter_misc":{"Est. reading time":"1 minuta"},"schema":{"@context":"https:\/\/schema.org","@graph":[{"@type":"WebPage","@id":"https:\/\/knjigoljubac.ba\/product\/uoci-svetkovine\/","url":"https:\/\/knjigoljubac.ba\/product\/uoci-svetkovine\/","name":"Uo\u010di svetkovine - KNJIGOLJUBAC","isPartOf":{"@id":"https:\/\/knjigoljubac.ba\/#website"},"primaryImageOfPage":{"@id":"https:\/\/knjigoljubac.ba\/product\/uoci-svetkovine\/#primaryimage"},"image":{"@id":"https:\/\/knjigoljubac.ba\/product\/uoci-svetkovine\/#primaryimage"},"thumbnailUrl":"https:\/\/knjigoljubac.ba\/wp-content\/uploads\/2021\/02\/Uoci-svetkovine_izabrana3.jpg","datePublished":"2021-02-04T08:54:50+00:00","dateModified":"2021-02-04T08:55:33+00:00","breadcrumb":{"@id":"https:\/\/knjigoljubac.ba\/product\/uoci-svetkovine\/#breadcrumb"},"inLanguage":"bs-BA","potentialAction":[{"@type":"ReadAction","target":["https:\/\/knjigoljubac.ba\/product\/uoci-svetkovine\/"]}]},{"@type":"ImageObject","inLanguage":"bs-BA","@id":"https:\/\/knjigoljubac.ba\/product\/uoci-svetkovine\/#primaryimage","url":"https:\/\/knjigoljubac.ba\/wp-content\/uploads\/2021\/02\/Uoci-svetkovine_izabrana3.jpg","contentUrl":"https:\/\/knjigoljubac.ba\/wp-content\/uploads\/2021\/02\/Uoci-svetkovine_izabrana3.jpg","width":220,"height":343},{"@type":"BreadcrumbList","@id":"https:\/\/knjigoljubac.ba\/product\/uoci-svetkovine\/#breadcrumb","itemListElement":[{"@type":"ListItem","position":1,"name":"Po\u010detna stranica","item":"https:\/\/knjigoljubac.ba\/"},{"@type":"ListItem","position":2,"name":"Trgovina","item":"https:\/\/knjigoljubac.ba\/trgovina\/"},{"@type":"ListItem","position":3,"name":"Uo\u010di svetkovine"}]},{"@type":"WebSite","@id":"https:\/\/knjigoljubac.ba\/#website","url":"https:\/\/knjigoljubac.ba\/","name":"KNJIGOLJUBAC","description":"Va\u0161a online knji\u017eara","publisher":{"@id":"https:\/\/knjigoljubac.ba\/#organization"},"potentialAction":[{"@type":"SearchAction","target":{"@type":"EntryPoint","urlTemplate":"https:\/\/knjigoljubac.ba\/?s={search_term_string}"},"query-input":{"@type":"PropertyValueSpecification","valueRequired":true,"valueName":"search_term_string"}}],"inLanguage":"bs-BA"},{"@type":"Organization","@id":"https:\/\/knjigoljubac.ba\/#organization","name":"KNJIGOLJUBAC","url":"https:\/\/knjigoljubac.ba\/","logo":{"@type":"ImageObject","inLanguage":"bs-BA","@id":"https:\/\/knjigoljubac.ba\/#\/schema\/logo\/image\/","url":"https:\/\/knjigoljubac.ba\/wp-content\/uploads\/2021\/09\/logo-novi-1024x465.png","contentUrl":"https:\/\/knjigoljubac.ba\/wp-content\/uploads\/2021\/09\/logo-novi-1024x465.png","width":1024,"height":465,"caption":"KNJIGOLJUBAC"},"image":{"@id":"https:\/\/knjigoljubac.ba\/#\/schema\/logo\/image\/"},"sameAs":["https:\/\/www.facebook.com\/knjigoljubacba-106067741319857\/?ref=pages_you_manage","https:\/\/www.instagram.com\/knjigoljubacbrcko\/"]}]}},"jetpack_sharing_enabled":true,"_links":{"self":[{"href":"https:\/\/knjigoljubac.ba\/bs\/wp-json\/wp\/v2\/product\/12221","targetHints":{"allow":["GET"]}}],"collection":[{"href":"https:\/\/knjigoljubac.ba\/bs\/wp-json\/wp\/v2\/product"}],"about":[{"href":"https:\/\/knjigoljubac.ba\/bs\/wp-json\/wp\/v2\/types\/product"}],"wp:featuredmedia":[{"embeddable":true,"href":"https:\/\/knjigoljubac.ba\/bs\/wp-json\/wp\/v2\/media\/12222"}],"wp:attachment":[{"href":"https:\/\/knjigoljubac.ba\/bs\/wp-json\/wp\/v2\/media?parent=12221"}],"wp:term":[{"taxonomy":"product_brand","embeddable":true,"href":"https:\/\/knjigoljubac.ba\/bs\/wp-json\/wp\/v2\/product_brand?post=12221"},{"taxonomy":"product_cat","embeddable":true,"href":"https:\/\/knjigoljubac.ba\/bs\/wp-json\/wp\/v2\/product_cat?post=12221"},{"taxonomy":"product_tag","embeddable":true,"href":"https:\/\/knjigoljubac.ba\/bs\/wp-json\/wp\/v2\/product_tag?post=12221"}],"curies":[{"name":"wp","href":"https:\/\/api.w.org\/{rel}","templated":true}]}}