{"id":122099,"date":"2024-01-15T07:57:03","date_gmt":"2024-01-15T07:57:03","guid":{"rendered":"https:\/\/knjigoljubac.ba\/?post_type=product&#038;p=122099"},"modified":"2024-01-15T07:57:04","modified_gmt":"2024-01-15T07:57:04","slug":"ubistvo-komtura-ii-tom","status":"publish","type":"product","link":"https:\/\/knjigoljubac.ba\/bs\/product\/ubistvo-komtura-ii-tom\/","title":{"rendered":"Ubistvo komtura II tom"},"content":{"rendered":"<p>Dok slu\u0161amo brojne muzi\u010dke numere i isprobavamo najrazli\u010ditije ukuse japanske kuhinje, pronalazimo i odgovore na pitanja o tome \u0161ta \u0107e ostati iza svakog od nas, da li i koliko na\u0161 \u017eivot zavisi od na\u0161ih odluka, odnosno u kojoj meri neki nepoznati ljudi i naizgled nama nebitna zbivanja mogu menjati njegov tok i nas same. Kroz prizmu pojmova vreme i kauzalnost autor pi\u0161e o velikim istorijskim temama \u2013 sukobima naroda i ratovima, ali i donosi li\u010dnu pri\u010du junaka koji prelazi te\u017eak put od Pro\u0161log Ja do Sada\u0161njeg Ja, od Sveta metafora do Stvarnog sveta, od Ni\u0161tavila do Postojanja, uti\u010du\u0107i na druge, ali otkrivaju\u0107i na tom putu samog sebe, sopstvene istine i \u017eelje.<\/p>\n<p>Ubistvo Komtura, svojevrstan oma\u017e Velikom Getsbiju, kako je sam autor istakao, roman je o ljubavi, usamljenosti i umetnosti, \u010dija je prepoznatljivo murakamijevska uloga da osvetljava druge svetove. Ovog puta on balansira na granici iracionalne stvarnosti i realisti\u010dnih snova, jer se stvarnost \u2013 i ova na\u0161a i ona pi\u0161\u010deva \u2013 otela kontroli pa realnije deluje ono \u0161to nam sti\u017ee iz snova.<\/p>","protected":false},"excerpt":{"rendered":"<p>Autor: Haruki Murakami<\/p>\n<p>Izdava\u010d: GEOPOETIKA<br \/>\nUvez: Meki<\/p>","protected":false},"featured_media":122100,"template":"","meta":[],"product_brand":[],"product_cat":[299,326],"product_tag":[1052,809,334,1051],"class_list":{"0":"post-122099","1":"product","2":"type-product","3":"status-publish","4":"has-post-thumbnail","6":"product_cat-bestseleri","7":"product_cat-preporuceno","8":"product_tag-haruki-murakami","9":"product_tag-knjiga","10":"product_tag-knjigoljubac","11":"product_tag-ubistvo-komtura-2","13":"first","14":"instock","15":"taxable","16":"shipping-taxable","17":"purchasable","18":"product-type-simple"},"yoast_head":"<!-- This site is optimized with the Yoast SEO plugin v27.5 - https:\/\/yoast.com\/product\/yoast-seo-wordpress\/ -->\n<title>Ubistvo komtura II tom - KNJIGOLJUBAC<\/title>\n<meta name=\"robots\" content=\"index, follow, max-snippet:-1, max-image-preview:large, max-video-preview:-1\" \/>\n<link rel=\"canonical\" href=\"https:\/\/knjigoljubac.ba\/bs\/product\/ubistvo-komtura-ii-tom\/\" \/>\n<meta property=\"og:locale\" content=\"bs_BA\" \/>\n<meta property=\"og:type\" content=\"article\" \/>\n<meta property=\"og:title\" content=\"Ubistvo komtura II tom - KNJIGOLJUBAC\" \/>\n<meta property=\"og:description\" content=\"Autor: Haruki Murakami  Izdava\u010d: GEOPOETIKA Uvez: Meki\" \/>\n<meta property=\"og:url\" content=\"https:\/\/knjigoljubac.ba\/bs\/product\/ubistvo-komtura-ii-tom\/\" \/>\n<meta property=\"og:site_name\" content=\"KNJIGOLJUBAC\" \/>\n<meta property=\"article:publisher\" content=\"https:\/\/www.facebook.com\/knjigoljubacba-106067741319857\/?ref=pages_you_manage\" \/>\n<meta property=\"article:modified_time\" content=\"2024-01-15T07:57:04+00:00\" \/>\n<meta property=\"og:image\" content=\"https:\/\/knjigoljubac.ba\/wp-content\/uploads\/2024\/01\/ubistvo_komtura.jpg\" \/>\n\t<meta property=\"og:image:width\" content=\"160\" \/>\n\t<meta property=\"og:image:height\" content=\"226\" \/>\n\t<meta property=\"og:image:type\" content=\"image\/jpeg\" \/>\n<meta name=\"twitter:card\" content=\"summary_large_image\" \/>\n<meta name=\"twitter:label1\" content=\"Est. reading time\" \/>\n\t<meta name=\"twitter:data1\" content=\"1 minuta\" \/>\n<script type=\"application\/ld+json\" class=\"yoast-schema-graph\">{\"@context\":\"https:\\\/\\\/schema.org\",\"@graph\":[{\"@type\":\"WebPage\",\"@id\":\"https:\\\/\\\/knjigoljubac.ba\\\/product\\\/ubistvo-komtura-ii-tom\\\/\",\"url\":\"https:\\\/\\\/knjigoljubac.ba\\\/product\\\/ubistvo-komtura-ii-tom\\\/\",\"name\":\"Ubistvo komtura II tom - KNJIGOLJUBAC\",\"isPartOf\":{\"@id\":\"https:\\\/\\\/knjigoljubac.ba\\\/#website\"},\"primaryImageOfPage\":{\"@id\":\"https:\\\/\\\/knjigoljubac.ba\\\/product\\\/ubistvo-komtura-ii-tom\\\/#primaryimage\"},\"image\":{\"@id\":\"https:\\\/\\\/knjigoljubac.ba\\\/product\\\/ubistvo-komtura-ii-tom\\\/#primaryimage\"},\"thumbnailUrl\":\"https:\\\/\\\/knjigoljubac.ba\\\/wp-content\\\/uploads\\\/2024\\\/01\\\/ubistvo_komtura.jpg\",\"datePublished\":\"2024-01-15T07:57:03+00:00\",\"dateModified\":\"2024-01-15T07:57:04+00:00\",\"breadcrumb\":{\"@id\":\"https:\\\/\\\/knjigoljubac.ba\\\/product\\\/ubistvo-komtura-ii-tom\\\/#breadcrumb\"},\"inLanguage\":\"bs-BA\",\"potentialAction\":[{\"@type\":\"ReadAction\",\"target\":[\"https:\\\/\\\/knjigoljubac.ba\\\/product\\\/ubistvo-komtura-ii-tom\\\/\"]}]},{\"@type\":\"ImageObject\",\"inLanguage\":\"bs-BA\",\"@id\":\"https:\\\/\\\/knjigoljubac.ba\\\/product\\\/ubistvo-komtura-ii-tom\\\/#primaryimage\",\"url\":\"https:\\\/\\\/knjigoljubac.ba\\\/wp-content\\\/uploads\\\/2024\\\/01\\\/ubistvo_komtura.jpg\",\"contentUrl\":\"https:\\\/\\\/knjigoljubac.ba\\\/wp-content\\\/uploads\\\/2024\\\/01\\\/ubistvo_komtura.jpg\",\"width\":160,\"height\":226},{\"@type\":\"BreadcrumbList\",\"@id\":\"https:\\\/\\\/knjigoljubac.ba\\\/product\\\/ubistvo-komtura-ii-tom\\\/#breadcrumb\",\"itemListElement\":[{\"@type\":\"ListItem\",\"position\":1,\"name\":\"Po\u010detna stranica\",\"item\":\"https:\\\/\\\/knjigoljubac.ba\\\/\"},{\"@type\":\"ListItem\",\"position\":2,\"name\":\"Trgovina\",\"item\":\"https:\\\/\\\/knjigoljubac.ba\\\/trgovina\\\/\"},{\"@type\":\"ListItem\",\"position\":3,\"name\":\"Ubistvo komtura II tom\"}]},{\"@type\":\"WebSite\",\"@id\":\"https:\\\/\\\/knjigoljubac.ba\\\/#website\",\"url\":\"https:\\\/\\\/knjigoljubac.ba\\\/\",\"name\":\"KNJIGOLJUBAC\",\"description\":\"Va\u0161a online knji\u017eara\",\"publisher\":{\"@id\":\"https:\\\/\\\/knjigoljubac.ba\\\/#organization\"},\"potentialAction\":[{\"@type\":\"SearchAction\",\"target\":{\"@type\":\"EntryPoint\",\"urlTemplate\":\"https:\\\/\\\/knjigoljubac.ba\\\/?s={search_term_string}\"},\"query-input\":{\"@type\":\"PropertyValueSpecification\",\"valueRequired\":true,\"valueName\":\"search_term_string\"}}],\"inLanguage\":\"bs-BA\"},{\"@type\":\"Organization\",\"@id\":\"https:\\\/\\\/knjigoljubac.ba\\\/#organization\",\"name\":\"KNJIGOLJUBAC\",\"url\":\"https:\\\/\\\/knjigoljubac.ba\\\/\",\"logo\":{\"@type\":\"ImageObject\",\"inLanguage\":\"bs-BA\",\"@id\":\"https:\\\/\\\/knjigoljubac.ba\\\/#\\\/schema\\\/logo\\\/image\\\/\",\"url\":\"https:\\\/\\\/knjigoljubac.ba\\\/wp-content\\\/uploads\\\/2021\\\/09\\\/logo-novi-1024x465.png\",\"contentUrl\":\"https:\\\/\\\/knjigoljubac.ba\\\/wp-content\\\/uploads\\\/2021\\\/09\\\/logo-novi-1024x465.png\",\"width\":1024,\"height\":465,\"caption\":\"KNJIGOLJUBAC\"},\"image\":{\"@id\":\"https:\\\/\\\/knjigoljubac.ba\\\/#\\\/schema\\\/logo\\\/image\\\/\"},\"sameAs\":[\"https:\\\/\\\/www.facebook.com\\\/knjigoljubacba-106067741319857\\\/?ref=pages_you_manage\",\"https:\\\/\\\/www.instagram.com\\\/knjigoljubacbrcko\\\/\"]}]}<\/script>\n<!-- \/ Yoast SEO plugin. -->","yoast_head_json":{"title":"Ubistvo komtura II tom - KNJIGOLJUBAC","robots":{"index":"index","follow":"follow","max-snippet":"max-snippet:-1","max-image-preview":"max-image-preview:large","max-video-preview":"max-video-preview:-1"},"canonical":"https:\/\/knjigoljubac.ba\/bs\/product\/ubistvo-komtura-ii-tom\/","og_locale":"bs_BA","og_type":"article","og_title":"Ubistvo komtura II tom - KNJIGOLJUBAC","og_description":"Autor: Haruki Murakami  Izdava\u010d: GEOPOETIKA Uvez: Meki","og_url":"https:\/\/knjigoljubac.ba\/bs\/product\/ubistvo-komtura-ii-tom\/","og_site_name":"KNJIGOLJUBAC","article_publisher":"https:\/\/www.facebook.com\/knjigoljubacba-106067741319857\/?ref=pages_you_manage","article_modified_time":"2024-01-15T07:57:04+00:00","og_image":[{"width":160,"height":226,"url":"https:\/\/knjigoljubac.ba\/wp-content\/uploads\/2024\/01\/ubistvo_komtura.jpg","type":"image\/jpeg"}],"twitter_card":"summary_large_image","twitter_misc":{"Est. reading time":"1 minuta"},"schema":{"@context":"https:\/\/schema.org","@graph":[{"@type":"WebPage","@id":"https:\/\/knjigoljubac.ba\/product\/ubistvo-komtura-ii-tom\/","url":"https:\/\/knjigoljubac.ba\/product\/ubistvo-komtura-ii-tom\/","name":"Ubistvo komtura II tom - KNJIGOLJUBAC","isPartOf":{"@id":"https:\/\/knjigoljubac.ba\/#website"},"primaryImageOfPage":{"@id":"https:\/\/knjigoljubac.ba\/product\/ubistvo-komtura-ii-tom\/#primaryimage"},"image":{"@id":"https:\/\/knjigoljubac.ba\/product\/ubistvo-komtura-ii-tom\/#primaryimage"},"thumbnailUrl":"https:\/\/knjigoljubac.ba\/wp-content\/uploads\/2024\/01\/ubistvo_komtura.jpg","datePublished":"2024-01-15T07:57:03+00:00","dateModified":"2024-01-15T07:57:04+00:00","breadcrumb":{"@id":"https:\/\/knjigoljubac.ba\/product\/ubistvo-komtura-ii-tom\/#breadcrumb"},"inLanguage":"bs-BA","potentialAction":[{"@type":"ReadAction","target":["https:\/\/knjigoljubac.ba\/product\/ubistvo-komtura-ii-tom\/"]}]},{"@type":"ImageObject","inLanguage":"bs-BA","@id":"https:\/\/knjigoljubac.ba\/product\/ubistvo-komtura-ii-tom\/#primaryimage","url":"https:\/\/knjigoljubac.ba\/wp-content\/uploads\/2024\/01\/ubistvo_komtura.jpg","contentUrl":"https:\/\/knjigoljubac.ba\/wp-content\/uploads\/2024\/01\/ubistvo_komtura.jpg","width":160,"height":226},{"@type":"BreadcrumbList","@id":"https:\/\/knjigoljubac.ba\/product\/ubistvo-komtura-ii-tom\/#breadcrumb","itemListElement":[{"@type":"ListItem","position":1,"name":"Po\u010detna stranica","item":"https:\/\/knjigoljubac.ba\/"},{"@type":"ListItem","position":2,"name":"Trgovina","item":"https:\/\/knjigoljubac.ba\/trgovina\/"},{"@type":"ListItem","position":3,"name":"Ubistvo komtura II tom"}]},{"@type":"WebSite","@id":"https:\/\/knjigoljubac.ba\/#website","url":"https:\/\/knjigoljubac.ba\/","name":"KNJIGOLJUBAC","description":"Va\u0161a online knji\u017eara","publisher":{"@id":"https:\/\/knjigoljubac.ba\/#organization"},"potentialAction":[{"@type":"SearchAction","target":{"@type":"EntryPoint","urlTemplate":"https:\/\/knjigoljubac.ba\/?s={search_term_string}"},"query-input":{"@type":"PropertyValueSpecification","valueRequired":true,"valueName":"search_term_string"}}],"inLanguage":"bs-BA"},{"@type":"Organization","@id":"https:\/\/knjigoljubac.ba\/#organization","name":"KNJIGOLJUBAC","url":"https:\/\/knjigoljubac.ba\/","logo":{"@type":"ImageObject","inLanguage":"bs-BA","@id":"https:\/\/knjigoljubac.ba\/#\/schema\/logo\/image\/","url":"https:\/\/knjigoljubac.ba\/wp-content\/uploads\/2021\/09\/logo-novi-1024x465.png","contentUrl":"https:\/\/knjigoljubac.ba\/wp-content\/uploads\/2021\/09\/logo-novi-1024x465.png","width":1024,"height":465,"caption":"KNJIGOLJUBAC"},"image":{"@id":"https:\/\/knjigoljubac.ba\/#\/schema\/logo\/image\/"},"sameAs":["https:\/\/www.facebook.com\/knjigoljubacba-106067741319857\/?ref=pages_you_manage","https:\/\/www.instagram.com\/knjigoljubacbrcko\/"]}]}},"jetpack_sharing_enabled":true,"_links":{"self":[{"href":"https:\/\/knjigoljubac.ba\/bs\/wp-json\/wp\/v2\/product\/122099","targetHints":{"allow":["GET"]}}],"collection":[{"href":"https:\/\/knjigoljubac.ba\/bs\/wp-json\/wp\/v2\/product"}],"about":[{"href":"https:\/\/knjigoljubac.ba\/bs\/wp-json\/wp\/v2\/types\/product"}],"wp:featuredmedia":[{"embeddable":true,"href":"https:\/\/knjigoljubac.ba\/bs\/wp-json\/wp\/v2\/media\/122100"}],"wp:attachment":[{"href":"https:\/\/knjigoljubac.ba\/bs\/wp-json\/wp\/v2\/media?parent=122099"}],"wp:term":[{"taxonomy":"product_brand","embeddable":true,"href":"https:\/\/knjigoljubac.ba\/bs\/wp-json\/wp\/v2\/product_brand?post=122099"},{"taxonomy":"product_cat","embeddable":true,"href":"https:\/\/knjigoljubac.ba\/bs\/wp-json\/wp\/v2\/product_cat?post=122099"},{"taxonomy":"product_tag","embeddable":true,"href":"https:\/\/knjigoljubac.ba\/bs\/wp-json\/wp\/v2\/product_tag?post=122099"}],"curies":[{"name":"wp","href":"https:\/\/api.w.org\/{rel}","templated":true}]}}