{"id":122074,"date":"2024-01-15T07:10:30","date_gmt":"2024-01-15T07:10:30","guid":{"rendered":"https:\/\/knjigoljubac.ba\/?post_type=product&#038;p=122074"},"modified":"2024-01-15T07:13:15","modified_gmt":"2024-01-15T07:13:15","slug":"savremeni-problemi-pravne-i-politicke-filozofije","status":"publish","type":"product","link":"https:\/\/knjigoljubac.ba\/bs\/product\/savremeni-problemi-pravne-i-politicke-filozofije\/","title":{"rendered":"Savremeni problemi pravne i politi\u010dke filozofije"},"content":{"rendered":"<p>&#8221;Zbornik &#8216;Savremeni problemi pravne i politi\u010dke filozofije&#8221; nastao je kao rezultat tog projekta i sadr\u017ei devetnaest \u010dlanaka prire\u0111enih od osamnaest autorica i autora, koji istra\u017euju i predaju na pravnim fakultetima i fakultetima politi\u010dkih znanosti Univerziteta u Washingtonu, Univerziteta u Beogradu, Univerziteta u Novom Sadu, Sveu\u010dili\u0161ta u Zagrebu, Sveu\u010dili\u0161ta u Splitu, Univerziteta &#8221;Sv. Kiril i Metodij&#8221; u Skoplju, Univerziteta u Sarajevu, Univerziteta u Isto\u010dnom Sarajevu i Univerziteta u Banjoj Luci&#8221;, navodi Banovi\u0107. Dodaje da je raznorodnost tema kojima su se autori bavili uvjetima jednostavnu podjelu zbornika na dio o pravnoj i dio o politi\u010dkoj filozofiji, u okviru kojeg su se na\u0161le i teme iz socijalne filozofije, ukazuju\u0107i na odsustvo sustavnog bavljenja specifi\u010dnijim oblastima od ve\u0107eg broja autora, istovremeno svjedo\u010de\u0107i o opsegu zanimanja autora koji su u projektu sudjelovali. Zbornik su recenzirali Ilija Vuja\u010di\u0107, profesor Fakulteta politi\u010dkih nauka Univerziteta u Beogradu i Ivan Pa\u0111en, profesor Pravnog fakulteta Sveu\u010dili\u0161ta u Rijeci. Vuja\u010di\u0107 u recenziji navodi da je rije\u010d o rukopisu koji znatno oboga\u0107uje regionalnu dru\u0161tvenu i politi\u010dku teoriju i predstavlja teorijski i dru\u0161tveno aktualan tekst. &#8221;Istan\u010danost analize, suptilnost zaklju\u010daka, jednostavnost izlaganja, kao i umije\u0107e da se o vrlo slo\u017eenim teorijskim problemima pi\u0161e na jednostavan i razumljiv na\u010din, a da se ne gubi na stru\u010dnosti i analiti\u010dnosti, \u010dine ovaj rukopis &#8220;\u010ditljivim&#8221;, zanimljivim i korisnim \u0161tivom i za \u0161iri krug \u010ditatelja&#8221;, smatra Vuja\u010di\u0107 U zborniku &#8216;Savremeni problemi pravne i politi\u010dke filozofije&#8217; radove su izme\u0111u ostalih objavili Milo\u0161 Zdravkovi\u0107, Luka Burazin, Ana Dimi\u0161kovska, Bojan Spai\u0107, Miodrag Jovanovi\u0107, Damir Banovi\u0107, Amila \u017ddralovi\u0107, Nerzuk \u0106urak, Adriana Zaharijevi\u0107, Zlatiborka Popov-Mom\u010dinovi\u0107, Valida Repovac-Nik\u0161i\u0107, Zorica Kuburi\u0107. &#8211; Pro\u010ditajte vi\u0161e na: https:\/\/bljesak.info\/kultura\/knjige\/objavljen-zbornik-od-devetnaest-clanaka-o-suvremenim-problemima-pravne-i-politicke-filozofije\/166719<\/p>","protected":false},"excerpt":{"rendered":"<p>Priredili: Bojan Spai\u0107, Damir Banovi\u0107<br \/>\nISBN:978-9958-41-660-6<br \/>\nIlustracija:Ne<br \/>\nIzdava\u010d:\u0160ahinpa\u0161i\u0107<br \/>\nDostupnost: na stanju<br \/>\nBroj strana: 430<br \/>\nUvez: Meki<\/p>","protected":false},"featured_media":122075,"template":"","meta":[],"product_brand":[],"product_cat":[300,303,292],"product_tag":[1034,1035,809,334,1036],"class_list":{"0":"post-122074","1":"product","2":"type-product","3":"status-publish","4":"has-post-thumbnail","6":"product_cat-domaci-autori","7":"product_cat-esejistika","8":"product_cat-filozofija","9":"product_tag-bojan-spaic","10":"product_tag-damir-banovic","11":"product_tag-knjiga","12":"product_tag-knjigoljubac","13":"product_tag-savremeni-problemi-pravne-i-politicke-filozofije","15":"first","16":"instock","17":"sale","18":"taxable","19":"shipping-taxable","20":"purchasable","21":"product-type-simple"},"yoast_head":"<!-- This site is optimized with the Yoast SEO plugin v27.5 - https:\/\/yoast.com\/product\/yoast-seo-wordpress\/ -->\n<title>Savremeni problemi pravne i politi\u010dke filozofije - KNJIGOLJUBAC<\/title>\n<meta name=\"robots\" content=\"index, follow, max-snippet:-1, max-image-preview:large, max-video-preview:-1\" \/>\n<link rel=\"canonical\" href=\"https:\/\/knjigoljubac.ba\/bs\/product\/savremeni-problemi-pravne-i-politicke-filozofije\/\" \/>\n<meta property=\"og:locale\" content=\"bs_BA\" \/>\n<meta property=\"og:type\" content=\"article\" \/>\n<meta property=\"og:title\" content=\"Savremeni problemi pravne i politi\u010dke filozofije - KNJIGOLJUBAC\" \/>\n<meta property=\"og:description\" content=\"Priredili: Bojan Spai\u0107, Damir Banovi\u0107  ISBN:978-9958-41-660-6 Ilustracija:Ne Izdava\u010d:\u0160ahinpa\u0161i\u0107 Dostupnost: na stanju Broj strana: 430 Uvez: Meki\" \/>\n<meta property=\"og:url\" content=\"https:\/\/knjigoljubac.ba\/bs\/product\/savremeni-problemi-pravne-i-politicke-filozofije\/\" \/>\n<meta property=\"og:site_name\" content=\"KNJIGOLJUBAC\" \/>\n<meta property=\"article:publisher\" content=\"https:\/\/www.facebook.com\/knjigoljubacba-106067741319857\/?ref=pages_you_manage\" \/>\n<meta property=\"article:modified_time\" content=\"2024-01-15T07:13:15+00:00\" \/>\n<meta property=\"og:image\" content=\"https:\/\/knjigoljubac.ba\/wp-content\/uploads\/2024\/01\/savremeni_problemi.jpg\" \/>\n\t<meta property=\"og:image:width\" content=\"160\" \/>\n\t<meta property=\"og:image:height\" content=\"226\" \/>\n\t<meta property=\"og:image:type\" content=\"image\/jpeg\" \/>\n<meta name=\"twitter:card\" content=\"summary_large_image\" \/>\n<meta name=\"twitter:label1\" content=\"Est. reading time\" \/>\n\t<meta name=\"twitter:data1\" content=\"2 minute\" \/>\n<script type=\"application\/ld+json\" class=\"yoast-schema-graph\">{\"@context\":\"https:\\\/\\\/schema.org\",\"@graph\":[{\"@type\":\"WebPage\",\"@id\":\"https:\\\/\\\/knjigoljubac.ba\\\/product\\\/savremeni-problemi-pravne-i-politicke-filozofije\\\/\",\"url\":\"https:\\\/\\\/knjigoljubac.ba\\\/product\\\/savremeni-problemi-pravne-i-politicke-filozofije\\\/\",\"name\":\"Savremeni problemi pravne i politi\u010dke filozofije - KNJIGOLJUBAC\",\"isPartOf\":{\"@id\":\"https:\\\/\\\/knjigoljubac.ba\\\/#website\"},\"primaryImageOfPage\":{\"@id\":\"https:\\\/\\\/knjigoljubac.ba\\\/product\\\/savremeni-problemi-pravne-i-politicke-filozofije\\\/#primaryimage\"},\"image\":{\"@id\":\"https:\\\/\\\/knjigoljubac.ba\\\/product\\\/savremeni-problemi-pravne-i-politicke-filozofije\\\/#primaryimage\"},\"thumbnailUrl\":\"https:\\\/\\\/knjigoljubac.ba\\\/wp-content\\\/uploads\\\/2024\\\/01\\\/savremeni_problemi.jpg\",\"datePublished\":\"2024-01-15T07:10:30+00:00\",\"dateModified\":\"2024-01-15T07:13:15+00:00\",\"breadcrumb\":{\"@id\":\"https:\\\/\\\/knjigoljubac.ba\\\/product\\\/savremeni-problemi-pravne-i-politicke-filozofije\\\/#breadcrumb\"},\"inLanguage\":\"bs-BA\",\"potentialAction\":[{\"@type\":\"ReadAction\",\"target\":[\"https:\\\/\\\/knjigoljubac.ba\\\/product\\\/savremeni-problemi-pravne-i-politicke-filozofije\\\/\"]}]},{\"@type\":\"ImageObject\",\"inLanguage\":\"bs-BA\",\"@id\":\"https:\\\/\\\/knjigoljubac.ba\\\/product\\\/savremeni-problemi-pravne-i-politicke-filozofije\\\/#primaryimage\",\"url\":\"https:\\\/\\\/knjigoljubac.ba\\\/wp-content\\\/uploads\\\/2024\\\/01\\\/savremeni_problemi.jpg\",\"contentUrl\":\"https:\\\/\\\/knjigoljubac.ba\\\/wp-content\\\/uploads\\\/2024\\\/01\\\/savremeni_problemi.jpg\",\"width\":160,\"height\":226},{\"@type\":\"BreadcrumbList\",\"@id\":\"https:\\\/\\\/knjigoljubac.ba\\\/product\\\/savremeni-problemi-pravne-i-politicke-filozofije\\\/#breadcrumb\",\"itemListElement\":[{\"@type\":\"ListItem\",\"position\":1,\"name\":\"Po\u010detna stranica\",\"item\":\"https:\\\/\\\/knjigoljubac.ba\\\/\"},{\"@type\":\"ListItem\",\"position\":2,\"name\":\"Trgovina\",\"item\":\"https:\\\/\\\/knjigoljubac.ba\\\/trgovina\\\/\"},{\"@type\":\"ListItem\",\"position\":3,\"name\":\"Savremeni problemi pravne i politi\u010dke filozofije\"}]},{\"@type\":\"WebSite\",\"@id\":\"https:\\\/\\\/knjigoljubac.ba\\\/#website\",\"url\":\"https:\\\/\\\/knjigoljubac.ba\\\/\",\"name\":\"KNJIGOLJUBAC\",\"description\":\"Va\u0161a online knji\u017eara\",\"publisher\":{\"@id\":\"https:\\\/\\\/knjigoljubac.ba\\\/#organization\"},\"potentialAction\":[{\"@type\":\"SearchAction\",\"target\":{\"@type\":\"EntryPoint\",\"urlTemplate\":\"https:\\\/\\\/knjigoljubac.ba\\\/?s={search_term_string}\"},\"query-input\":{\"@type\":\"PropertyValueSpecification\",\"valueRequired\":true,\"valueName\":\"search_term_string\"}}],\"inLanguage\":\"bs-BA\"},{\"@type\":\"Organization\",\"@id\":\"https:\\\/\\\/knjigoljubac.ba\\\/#organization\",\"name\":\"KNJIGOLJUBAC\",\"url\":\"https:\\\/\\\/knjigoljubac.ba\\\/\",\"logo\":{\"@type\":\"ImageObject\",\"inLanguage\":\"bs-BA\",\"@id\":\"https:\\\/\\\/knjigoljubac.ba\\\/#\\\/schema\\\/logo\\\/image\\\/\",\"url\":\"https:\\\/\\\/knjigoljubac.ba\\\/wp-content\\\/uploads\\\/2021\\\/09\\\/logo-novi-1024x465.png\",\"contentUrl\":\"https:\\\/\\\/knjigoljubac.ba\\\/wp-content\\\/uploads\\\/2021\\\/09\\\/logo-novi-1024x465.png\",\"width\":1024,\"height\":465,\"caption\":\"KNJIGOLJUBAC\"},\"image\":{\"@id\":\"https:\\\/\\\/knjigoljubac.ba\\\/#\\\/schema\\\/logo\\\/image\\\/\"},\"sameAs\":[\"https:\\\/\\\/www.facebook.com\\\/knjigoljubacba-106067741319857\\\/?ref=pages_you_manage\",\"https:\\\/\\\/www.instagram.com\\\/knjigoljubacbrcko\\\/\"]}]}<\/script>\n<!-- \/ Yoast SEO plugin. -->","yoast_head_json":{"title":"Savremeni problemi pravne i politi\u010dke filozofije - KNJIGOLJUBAC","robots":{"index":"index","follow":"follow","max-snippet":"max-snippet:-1","max-image-preview":"max-image-preview:large","max-video-preview":"max-video-preview:-1"},"canonical":"https:\/\/knjigoljubac.ba\/bs\/product\/savremeni-problemi-pravne-i-politicke-filozofije\/","og_locale":"bs_BA","og_type":"article","og_title":"Savremeni problemi pravne i politi\u010dke filozofije - KNJIGOLJUBAC","og_description":"Priredili: Bojan Spai\u0107, Damir Banovi\u0107  ISBN:978-9958-41-660-6 Ilustracija:Ne Izdava\u010d:\u0160ahinpa\u0161i\u0107 Dostupnost: na stanju Broj strana: 430 Uvez: Meki","og_url":"https:\/\/knjigoljubac.ba\/bs\/product\/savremeni-problemi-pravne-i-politicke-filozofije\/","og_site_name":"KNJIGOLJUBAC","article_publisher":"https:\/\/www.facebook.com\/knjigoljubacba-106067741319857\/?ref=pages_you_manage","article_modified_time":"2024-01-15T07:13:15+00:00","og_image":[{"width":160,"height":226,"url":"https:\/\/knjigoljubac.ba\/wp-content\/uploads\/2024\/01\/savremeni_problemi.jpg","type":"image\/jpeg"}],"twitter_card":"summary_large_image","twitter_misc":{"Est. reading time":"2 minute"},"schema":{"@context":"https:\/\/schema.org","@graph":[{"@type":"WebPage","@id":"https:\/\/knjigoljubac.ba\/product\/savremeni-problemi-pravne-i-politicke-filozofije\/","url":"https:\/\/knjigoljubac.ba\/product\/savremeni-problemi-pravne-i-politicke-filozofije\/","name":"Savremeni problemi pravne i politi\u010dke filozofije - KNJIGOLJUBAC","isPartOf":{"@id":"https:\/\/knjigoljubac.ba\/#website"},"primaryImageOfPage":{"@id":"https:\/\/knjigoljubac.ba\/product\/savremeni-problemi-pravne-i-politicke-filozofije\/#primaryimage"},"image":{"@id":"https:\/\/knjigoljubac.ba\/product\/savremeni-problemi-pravne-i-politicke-filozofije\/#primaryimage"},"thumbnailUrl":"https:\/\/knjigoljubac.ba\/wp-content\/uploads\/2024\/01\/savremeni_problemi.jpg","datePublished":"2024-01-15T07:10:30+00:00","dateModified":"2024-01-15T07:13:15+00:00","breadcrumb":{"@id":"https:\/\/knjigoljubac.ba\/product\/savremeni-problemi-pravne-i-politicke-filozofije\/#breadcrumb"},"inLanguage":"bs-BA","potentialAction":[{"@type":"ReadAction","target":["https:\/\/knjigoljubac.ba\/product\/savremeni-problemi-pravne-i-politicke-filozofije\/"]}]},{"@type":"ImageObject","inLanguage":"bs-BA","@id":"https:\/\/knjigoljubac.ba\/product\/savremeni-problemi-pravne-i-politicke-filozofije\/#primaryimage","url":"https:\/\/knjigoljubac.ba\/wp-content\/uploads\/2024\/01\/savremeni_problemi.jpg","contentUrl":"https:\/\/knjigoljubac.ba\/wp-content\/uploads\/2024\/01\/savremeni_problemi.jpg","width":160,"height":226},{"@type":"BreadcrumbList","@id":"https:\/\/knjigoljubac.ba\/product\/savremeni-problemi-pravne-i-politicke-filozofije\/#breadcrumb","itemListElement":[{"@type":"ListItem","position":1,"name":"Po\u010detna stranica","item":"https:\/\/knjigoljubac.ba\/"},{"@type":"ListItem","position":2,"name":"Trgovina","item":"https:\/\/knjigoljubac.ba\/trgovina\/"},{"@type":"ListItem","position":3,"name":"Savremeni problemi pravne i politi\u010dke filozofije"}]},{"@type":"WebSite","@id":"https:\/\/knjigoljubac.ba\/#website","url":"https:\/\/knjigoljubac.ba\/","name":"KNJIGOLJUBAC","description":"Va\u0161a online knji\u017eara","publisher":{"@id":"https:\/\/knjigoljubac.ba\/#organization"},"potentialAction":[{"@type":"SearchAction","target":{"@type":"EntryPoint","urlTemplate":"https:\/\/knjigoljubac.ba\/?s={search_term_string}"},"query-input":{"@type":"PropertyValueSpecification","valueRequired":true,"valueName":"search_term_string"}}],"inLanguage":"bs-BA"},{"@type":"Organization","@id":"https:\/\/knjigoljubac.ba\/#organization","name":"KNJIGOLJUBAC","url":"https:\/\/knjigoljubac.ba\/","logo":{"@type":"ImageObject","inLanguage":"bs-BA","@id":"https:\/\/knjigoljubac.ba\/#\/schema\/logo\/image\/","url":"https:\/\/knjigoljubac.ba\/wp-content\/uploads\/2021\/09\/logo-novi-1024x465.png","contentUrl":"https:\/\/knjigoljubac.ba\/wp-content\/uploads\/2021\/09\/logo-novi-1024x465.png","width":1024,"height":465,"caption":"KNJIGOLJUBAC"},"image":{"@id":"https:\/\/knjigoljubac.ba\/#\/schema\/logo\/image\/"},"sameAs":["https:\/\/www.facebook.com\/knjigoljubacba-106067741319857\/?ref=pages_you_manage","https:\/\/www.instagram.com\/knjigoljubacbrcko\/"]}]}},"jetpack_sharing_enabled":true,"_links":{"self":[{"href":"https:\/\/knjigoljubac.ba\/bs\/wp-json\/wp\/v2\/product\/122074","targetHints":{"allow":["GET"]}}],"collection":[{"href":"https:\/\/knjigoljubac.ba\/bs\/wp-json\/wp\/v2\/product"}],"about":[{"href":"https:\/\/knjigoljubac.ba\/bs\/wp-json\/wp\/v2\/types\/product"}],"wp:featuredmedia":[{"embeddable":true,"href":"https:\/\/knjigoljubac.ba\/bs\/wp-json\/wp\/v2\/media\/122075"}],"wp:attachment":[{"href":"https:\/\/knjigoljubac.ba\/bs\/wp-json\/wp\/v2\/media?parent=122074"}],"wp:term":[{"taxonomy":"product_brand","embeddable":true,"href":"https:\/\/knjigoljubac.ba\/bs\/wp-json\/wp\/v2\/product_brand?post=122074"},{"taxonomy":"product_cat","embeddable":true,"href":"https:\/\/knjigoljubac.ba\/bs\/wp-json\/wp\/v2\/product_cat?post=122074"},{"taxonomy":"product_tag","embeddable":true,"href":"https:\/\/knjigoljubac.ba\/bs\/wp-json\/wp\/v2\/product_tag?post=122074"}],"curies":[{"name":"wp","href":"https:\/\/api.w.org\/{rel}","templated":true}]}}