{"id":121998,"date":"2023-06-30T17:16:45","date_gmt":"2023-06-30T17:16:45","guid":{"rendered":"https:\/\/knjigoljubac.ba\/?post_type=product&#038;p=121998"},"modified":"2023-06-30T17:16:46","modified_gmt":"2023-06-30T17:16:46","slug":"put-u-zivot","status":"publish","type":"product","link":"https:\/\/knjigoljubac.ba\/bs\/product\/put-u-zivot\/","title":{"rendered":"Put u \u017eivot"},"content":{"rendered":"<p>Misli, skupljene ovde, pripadaju najraznovrsnijim autorima, po\u010dev\u0161i od bramanske, konfu\u010dijanske, budisti\u010dke literature, pa do evan\u0111elja, apostolskih poslanica i mnogih, mnogih, kako drevnih, tako i novih mislilaca. Ve\u0107ina tih misli, kako pri prevo\u0111enju, tako i pri preradama, toliko su izmenjene da ja smatram nezgodnim da ih potpi\u0161em imenima njihovih autora. Najbolje od tih nepotpisanih misli ne pripadaju meni, nego najve\u0107im mudracima sveta. \u2013 Lav Tolstoj<\/p>\n<h5>Iz sadr\u017eaja knjige\u00a0<em>Put u \u017eivot<\/em>:<\/h5>\n<ul>\n<li>UVODNA RE\u010c<\/li>\n<li>PREDGOVOR<\/li>\n<li>O VERI<\/li>\n<li>BOG<\/li>\n<li>DU\u0160A<\/li>\n<li>JEDNA JE DU\u0160A U SVIMA<\/li>\n<li>LJUBAV<\/li>\n<li>GRESI<\/li>\n<li>IZOBILJE<\/li>\n<li>POHOTA<\/li>\n<li>LENJOST<\/li>\n<li>KORISTOLJUBLJE<\/li>\n<li>GNEV<\/li>\n<li>GORDOST<\/li>\n<li>NEJEDNAKOST<\/li>\n<li>NASILJE<\/li>\n<li>KAZNA<\/li>\n<li>SLAVOLJUBLJE<\/li>\n<li>LA\u017dNE VERE<\/li>\n<li>LA\u017dNA NAUKA<\/li>\n<li>NAPOR<\/li>\n<li>\u017dIVOT JE U SADA\u0160NJOSTI<\/li>\n<li>UZDR\u017dAVANJE<\/li>\n<li>RE\u010c<\/li>\n<li>MISAO<\/li>\n<li>SAMOODRICANJE<\/li>\n<li>PONIZNOST<\/li>\n<li>ISTINITOST<\/li>\n<li>ZLO<\/li>\n<li>SMRT<\/li>\n<li>POSLE SMRTI<\/li>\n<li>\u017dIVOT JE DOBRO<\/li>\n<\/ul>","protected":false},"excerpt":{"rendered":"<p><span id=\"ctl00_ctl00_CMSWebPartManager_MainProductPreview_MainProductPreviewTitle_ctl00_rptItem_rptAttributes_0_Literal1_3\">Autor: Lav Nikolajevi\u010d Tolstoj<\/span><\/p>\n<p><span id=\"ctl00_ctl00_CMSWebPartManager_MainProductPreview_MainProductPreviewTitle_ctl00_rptItem_rptAttributes_0_Literal1_3\">Izdava\u010d: Edicija<\/span><br \/>\nGodina izdanja: 2023.<br \/>\n<span id=\"ctl00_ctl00_CMSWebPartManager_MainProductPreview_MainProductPreviewTitle_ctl00_rptItem_Label717_0\"><\/span><span id=\"ctl00_ctl00_CMSWebPartManager_MainProductPreview_MainProductPreviewTitle_ctl00_rptItem_rptAttributes_0_Literal1_0\">Br. str.: 418<\/span><br \/>\n<span id=\"ctl00_ctl00_CMSWebPartManager_MainProductPreview_MainProductPreviewTitle_ctl00_rptItem_rptAttributes_0_Literal1_1\">Povez: Tvrd<\/span><br \/>\n<span id=\"ctl00_ctl00_CMSWebPartManager_MainProductPreview_MainProductPreviewTitle_ctl00_rptItem_rptAttributes_0_Literal1_2\">Format: 140mm x 205mm<\/span><br \/>\n<span id=\"ctl00_ctl00_CMSWebPartManager_MainProductPreview_MainProductPreviewTitle_ctl00_rptItem_rptAttributes_0_Literal1_3\">Pismo: Latinica<\/span><\/p>","protected":false},"featured_media":121999,"template":"","meta":[],"product_brand":[],"product_cat":[299,325,326],"product_tag":[809,334,990,1004],"class_list":{"0":"post-121998","1":"product","2":"type-product","3":"status-publish","4":"has-post-thumbnail","6":"product_cat-bestseleri","7":"product_cat-najnovije-u-knjizari","8":"product_cat-preporuceno","9":"product_tag-knjiga","10":"product_tag-knjigoljubac","11":"product_tag-lav-nikolajevic-tolstoj","12":"product_tag-put-u-zivot","14":"first","15":"instock","16":"sale","17":"taxable","18":"shipping-taxable","19":"purchasable","20":"product-type-simple"},"yoast_head":"<!-- This site is optimized with the Yoast SEO plugin v27.5 - https:\/\/yoast.com\/product\/yoast-seo-wordpress\/ -->\n<title>Put u \u017eivot - KNJIGOLJUBAC<\/title>\n<meta name=\"robots\" content=\"index, follow, max-snippet:-1, max-image-preview:large, max-video-preview:-1\" \/>\n<link rel=\"canonical\" href=\"https:\/\/knjigoljubac.ba\/bs\/product\/put-u-zivot\/\" \/>\n<meta property=\"og:locale\" content=\"bs_BA\" \/>\n<meta property=\"og:type\" content=\"article\" \/>\n<meta property=\"og:title\" content=\"Put u \u017eivot - KNJIGOLJUBAC\" \/>\n<meta property=\"og:description\" content=\"Autor: Lav Nikolajevi\u010d Tolstoj  Izdava\u010d: Edicija Godina izdanja: 2023. Br. str.: 418 Povez: Tvrd Format: 140mm x 205mm Pismo: Latinica\" \/>\n<meta property=\"og:url\" content=\"https:\/\/knjigoljubac.ba\/bs\/product\/put-u-zivot\/\" \/>\n<meta property=\"og:site_name\" content=\"KNJIGOLJUBAC\" \/>\n<meta property=\"article:publisher\" content=\"https:\/\/www.facebook.com\/knjigoljubacba-106067741319857\/?ref=pages_you_manage\" \/>\n<meta property=\"article:modified_time\" content=\"2023-06-30T17:16:46+00:00\" \/>\n<meta property=\"og:image\" content=\"https:\/\/knjigoljubac.ba\/wp-content\/uploads\/2023\/06\/put-u-zivot-autor-lav-nikolajevic-tolstoj.jpg\" \/>\n\t<meta property=\"og:image:width\" content=\"160\" \/>\n\t<meta property=\"og:image:height\" content=\"226\" \/>\n\t<meta property=\"og:image:type\" content=\"image\/jpeg\" \/>\n<meta name=\"twitter:card\" content=\"summary_large_image\" \/>\n<meta name=\"twitter:label1\" content=\"Est. reading time\" \/>\n\t<meta name=\"twitter:data1\" content=\"1 minuta\" \/>\n<script type=\"application\/ld+json\" class=\"yoast-schema-graph\">{\"@context\":\"https:\\\/\\\/schema.org\",\"@graph\":[{\"@type\":\"WebPage\",\"@id\":\"https:\\\/\\\/knjigoljubac.ba\\\/product\\\/put-u-zivot\\\/\",\"url\":\"https:\\\/\\\/knjigoljubac.ba\\\/product\\\/put-u-zivot\\\/\",\"name\":\"Put u \u017eivot - KNJIGOLJUBAC\",\"isPartOf\":{\"@id\":\"https:\\\/\\\/knjigoljubac.ba\\\/#website\"},\"primaryImageOfPage\":{\"@id\":\"https:\\\/\\\/knjigoljubac.ba\\\/product\\\/put-u-zivot\\\/#primaryimage\"},\"image\":{\"@id\":\"https:\\\/\\\/knjigoljubac.ba\\\/product\\\/put-u-zivot\\\/#primaryimage\"},\"thumbnailUrl\":\"https:\\\/\\\/knjigoljubac.ba\\\/wp-content\\\/uploads\\\/2023\\\/06\\\/put-u-zivot-autor-lav-nikolajevic-tolstoj.jpg\",\"datePublished\":\"2023-06-30T17:16:45+00:00\",\"dateModified\":\"2023-06-30T17:16:46+00:00\",\"breadcrumb\":{\"@id\":\"https:\\\/\\\/knjigoljubac.ba\\\/product\\\/put-u-zivot\\\/#breadcrumb\"},\"inLanguage\":\"bs-BA\",\"potentialAction\":[{\"@type\":\"ReadAction\",\"target\":[\"https:\\\/\\\/knjigoljubac.ba\\\/product\\\/put-u-zivot\\\/\"]}]},{\"@type\":\"ImageObject\",\"inLanguage\":\"bs-BA\",\"@id\":\"https:\\\/\\\/knjigoljubac.ba\\\/product\\\/put-u-zivot\\\/#primaryimage\",\"url\":\"https:\\\/\\\/knjigoljubac.ba\\\/wp-content\\\/uploads\\\/2023\\\/06\\\/put-u-zivot-autor-lav-nikolajevic-tolstoj.jpg\",\"contentUrl\":\"https:\\\/\\\/knjigoljubac.ba\\\/wp-content\\\/uploads\\\/2023\\\/06\\\/put-u-zivot-autor-lav-nikolajevic-tolstoj.jpg\",\"width\":160,\"height\":226},{\"@type\":\"BreadcrumbList\",\"@id\":\"https:\\\/\\\/knjigoljubac.ba\\\/product\\\/put-u-zivot\\\/#breadcrumb\",\"itemListElement\":[{\"@type\":\"ListItem\",\"position\":1,\"name\":\"Po\u010detna stranica\",\"item\":\"https:\\\/\\\/knjigoljubac.ba\\\/\"},{\"@type\":\"ListItem\",\"position\":2,\"name\":\"Trgovina\",\"item\":\"https:\\\/\\\/knjigoljubac.ba\\\/trgovina\\\/\"},{\"@type\":\"ListItem\",\"position\":3,\"name\":\"Put u \u017eivot\"}]},{\"@type\":\"WebSite\",\"@id\":\"https:\\\/\\\/knjigoljubac.ba\\\/#website\",\"url\":\"https:\\\/\\\/knjigoljubac.ba\\\/\",\"name\":\"KNJIGOLJUBAC\",\"description\":\"Va\u0161a online knji\u017eara\",\"publisher\":{\"@id\":\"https:\\\/\\\/knjigoljubac.ba\\\/#organization\"},\"potentialAction\":[{\"@type\":\"SearchAction\",\"target\":{\"@type\":\"EntryPoint\",\"urlTemplate\":\"https:\\\/\\\/knjigoljubac.ba\\\/?s={search_term_string}\"},\"query-input\":{\"@type\":\"PropertyValueSpecification\",\"valueRequired\":true,\"valueName\":\"search_term_string\"}}],\"inLanguage\":\"bs-BA\"},{\"@type\":\"Organization\",\"@id\":\"https:\\\/\\\/knjigoljubac.ba\\\/#organization\",\"name\":\"KNJIGOLJUBAC\",\"url\":\"https:\\\/\\\/knjigoljubac.ba\\\/\",\"logo\":{\"@type\":\"ImageObject\",\"inLanguage\":\"bs-BA\",\"@id\":\"https:\\\/\\\/knjigoljubac.ba\\\/#\\\/schema\\\/logo\\\/image\\\/\",\"url\":\"https:\\\/\\\/knjigoljubac.ba\\\/wp-content\\\/uploads\\\/2021\\\/09\\\/logo-novi-1024x465.png\",\"contentUrl\":\"https:\\\/\\\/knjigoljubac.ba\\\/wp-content\\\/uploads\\\/2021\\\/09\\\/logo-novi-1024x465.png\",\"width\":1024,\"height\":465,\"caption\":\"KNJIGOLJUBAC\"},\"image\":{\"@id\":\"https:\\\/\\\/knjigoljubac.ba\\\/#\\\/schema\\\/logo\\\/image\\\/\"},\"sameAs\":[\"https:\\\/\\\/www.facebook.com\\\/knjigoljubacba-106067741319857\\\/?ref=pages_you_manage\",\"https:\\\/\\\/www.instagram.com\\\/knjigoljubacbrcko\\\/\"]}]}<\/script>\n<!-- \/ Yoast SEO plugin. -->","yoast_head_json":{"title":"Put u \u017eivot - KNJIGOLJUBAC","robots":{"index":"index","follow":"follow","max-snippet":"max-snippet:-1","max-image-preview":"max-image-preview:large","max-video-preview":"max-video-preview:-1"},"canonical":"https:\/\/knjigoljubac.ba\/bs\/product\/put-u-zivot\/","og_locale":"bs_BA","og_type":"article","og_title":"Put u \u017eivot - KNJIGOLJUBAC","og_description":"Autor: Lav Nikolajevi\u010d Tolstoj  Izdava\u010d: Edicija Godina izdanja: 2023. Br. str.: 418 Povez: Tvrd Format: 140mm x 205mm Pismo: Latinica","og_url":"https:\/\/knjigoljubac.ba\/bs\/product\/put-u-zivot\/","og_site_name":"KNJIGOLJUBAC","article_publisher":"https:\/\/www.facebook.com\/knjigoljubacba-106067741319857\/?ref=pages_you_manage","article_modified_time":"2023-06-30T17:16:46+00:00","og_image":[{"width":160,"height":226,"url":"https:\/\/knjigoljubac.ba\/wp-content\/uploads\/2023\/06\/put-u-zivot-autor-lav-nikolajevic-tolstoj.jpg","type":"image\/jpeg"}],"twitter_card":"summary_large_image","twitter_misc":{"Est. reading time":"1 minuta"},"schema":{"@context":"https:\/\/schema.org","@graph":[{"@type":"WebPage","@id":"https:\/\/knjigoljubac.ba\/product\/put-u-zivot\/","url":"https:\/\/knjigoljubac.ba\/product\/put-u-zivot\/","name":"Put u \u017eivot - KNJIGOLJUBAC","isPartOf":{"@id":"https:\/\/knjigoljubac.ba\/#website"},"primaryImageOfPage":{"@id":"https:\/\/knjigoljubac.ba\/product\/put-u-zivot\/#primaryimage"},"image":{"@id":"https:\/\/knjigoljubac.ba\/product\/put-u-zivot\/#primaryimage"},"thumbnailUrl":"https:\/\/knjigoljubac.ba\/wp-content\/uploads\/2023\/06\/put-u-zivot-autor-lav-nikolajevic-tolstoj.jpg","datePublished":"2023-06-30T17:16:45+00:00","dateModified":"2023-06-30T17:16:46+00:00","breadcrumb":{"@id":"https:\/\/knjigoljubac.ba\/product\/put-u-zivot\/#breadcrumb"},"inLanguage":"bs-BA","potentialAction":[{"@type":"ReadAction","target":["https:\/\/knjigoljubac.ba\/product\/put-u-zivot\/"]}]},{"@type":"ImageObject","inLanguage":"bs-BA","@id":"https:\/\/knjigoljubac.ba\/product\/put-u-zivot\/#primaryimage","url":"https:\/\/knjigoljubac.ba\/wp-content\/uploads\/2023\/06\/put-u-zivot-autor-lav-nikolajevic-tolstoj.jpg","contentUrl":"https:\/\/knjigoljubac.ba\/wp-content\/uploads\/2023\/06\/put-u-zivot-autor-lav-nikolajevic-tolstoj.jpg","width":160,"height":226},{"@type":"BreadcrumbList","@id":"https:\/\/knjigoljubac.ba\/product\/put-u-zivot\/#breadcrumb","itemListElement":[{"@type":"ListItem","position":1,"name":"Po\u010detna stranica","item":"https:\/\/knjigoljubac.ba\/"},{"@type":"ListItem","position":2,"name":"Trgovina","item":"https:\/\/knjigoljubac.ba\/trgovina\/"},{"@type":"ListItem","position":3,"name":"Put u \u017eivot"}]},{"@type":"WebSite","@id":"https:\/\/knjigoljubac.ba\/#website","url":"https:\/\/knjigoljubac.ba\/","name":"KNJIGOLJUBAC","description":"Va\u0161a online knji\u017eara","publisher":{"@id":"https:\/\/knjigoljubac.ba\/#organization"},"potentialAction":[{"@type":"SearchAction","target":{"@type":"EntryPoint","urlTemplate":"https:\/\/knjigoljubac.ba\/?s={search_term_string}"},"query-input":{"@type":"PropertyValueSpecification","valueRequired":true,"valueName":"search_term_string"}}],"inLanguage":"bs-BA"},{"@type":"Organization","@id":"https:\/\/knjigoljubac.ba\/#organization","name":"KNJIGOLJUBAC","url":"https:\/\/knjigoljubac.ba\/","logo":{"@type":"ImageObject","inLanguage":"bs-BA","@id":"https:\/\/knjigoljubac.ba\/#\/schema\/logo\/image\/","url":"https:\/\/knjigoljubac.ba\/wp-content\/uploads\/2021\/09\/logo-novi-1024x465.png","contentUrl":"https:\/\/knjigoljubac.ba\/wp-content\/uploads\/2021\/09\/logo-novi-1024x465.png","width":1024,"height":465,"caption":"KNJIGOLJUBAC"},"image":{"@id":"https:\/\/knjigoljubac.ba\/#\/schema\/logo\/image\/"},"sameAs":["https:\/\/www.facebook.com\/knjigoljubacba-106067741319857\/?ref=pages_you_manage","https:\/\/www.instagram.com\/knjigoljubacbrcko\/"]}]}},"jetpack_sharing_enabled":true,"_links":{"self":[{"href":"https:\/\/knjigoljubac.ba\/bs\/wp-json\/wp\/v2\/product\/121998","targetHints":{"allow":["GET"]}}],"collection":[{"href":"https:\/\/knjigoljubac.ba\/bs\/wp-json\/wp\/v2\/product"}],"about":[{"href":"https:\/\/knjigoljubac.ba\/bs\/wp-json\/wp\/v2\/types\/product"}],"wp:featuredmedia":[{"embeddable":true,"href":"https:\/\/knjigoljubac.ba\/bs\/wp-json\/wp\/v2\/media\/121999"}],"wp:attachment":[{"href":"https:\/\/knjigoljubac.ba\/bs\/wp-json\/wp\/v2\/media?parent=121998"}],"wp:term":[{"taxonomy":"product_brand","embeddable":true,"href":"https:\/\/knjigoljubac.ba\/bs\/wp-json\/wp\/v2\/product_brand?post=121998"},{"taxonomy":"product_cat","embeddable":true,"href":"https:\/\/knjigoljubac.ba\/bs\/wp-json\/wp\/v2\/product_cat?post=121998"},{"taxonomy":"product_tag","embeddable":true,"href":"https:\/\/knjigoljubac.ba\/bs\/wp-json\/wp\/v2\/product_tag?post=121998"}],"curies":[{"name":"wp","href":"https:\/\/api.w.org\/{rel}","templated":true}]}}