{"id":121969,"date":"2023-05-01T07:37:46","date_gmt":"2023-05-01T07:37:46","guid":{"rendered":"https:\/\/knjigoljubac.ba\/?post_type=product&#038;p=121969"},"modified":"2023-05-01T07:37:47","modified_gmt":"2023-05-01T07:37:47","slug":"mesa-selimovic-izabrana-dela","status":"publish","type":"product","link":"https:\/\/knjigoljubac.ba\/bs\/product\/mesa-selimovic-izabrana-dela\/","title":{"rendered":"Me\u0161a Selimovi\u0107 Izabrana dela"},"content":{"rendered":"<p>\u201cMe\u0161a Selimovi\u0107 bio je poznati romansijer, esejist i pripovjeda\u010d. Po\u010deo je pisati prili\u010dno kasno u \u017eivotu. Njegova prva pri\u010da ,,Pjesma u oluji\u201c objavljena je 1948. godine, kada je on imao trideset \u0161est godina. Njegova prva knjiga, zbirka pripovijetki ,,Prva \u010deta\u201c objavljena je 1950. godine kada je imao \u010detrdeset godina. Me\u0161ino djelo ,,Ti\u0161ine\u201c, objavljeno je jedanaest godina poslije, 1961. godine. Sljede\u0107e knjige ,,Tu\u0111a zemlja\u201c (1962. godine) i ,,Magla i mjese\u010dina\u201c (1965. godine) nisu dobile \u0161iroko priznanje. Me\u0111utim, njegov roman ,,Dervi\u0161 i smrt\u201c, (1966. godine) \u0161iroko je primljen kao remek-djelo. Zaplet romana odvija se u 18. vijeku u Sarajevu pod osmanskom vladavinom, i odra\u017eava Selimovi\u0107eva vlastita iskustva sa bratom; pri\u010da govori o ispraznosti otpora jednog \u010dovjeka protiv represivnog sistema i promjeni koja se odvija u tom \u010dovjeka nakon \u0161to postane dio tog samog sistema. Ovaj roman je poveznica mudrosti nekih starih vremena i modernog razmi\u0161ljana. Posvetio je roman suprugi Darki, iz zahvalnosti prema njoj, jer ona je bila ta koja mu je davala podr\u0161ku za sve \u0161to je radio u \u017eivotu. Neki su kriti\u010dari uporedili ovaj roman s Kafkinim ,,Procesom\u201c. Preveden je na mnoge jezike, uklju\u010duju\u0107i engleski, ruski, njema\u010dki, francuski, talijanski, turski i arapski. Svako poglavlje romana otvara se navodima iz Kur\u2019ana. Sljede\u0107i roman, ,,Tvr\u0111ava\u201c (1970. godine), smje\u0161ten jo\u0161 dalje u pro\u0161lost, malo je optimisti\u010dniji i ispunjen vjerom u ljubav, za razliku od usamljenih kontemplacija i straha kod ,,Dervi\u0161a i smrti\u201c. Tvr\u0111ava i ,,Dervi\u0161 i smrt\u201c su jedini Selimovi\u0107evi romani koji su bili prevedeni na engleski jezik. Me\u0161a Selimovi\u0107 je obogatio jugoslovensku knji\u017eevnost u drugoj polovini 20. vijeka. Vrijeme ne uti\u010de na njegova djela, ne gubi se njihova vrijednost. Pa tako, svakim novim \u010ditanjem uo\u010davaju se nove bogate psiholo\u0161ke strukture. Naredni roman ,,Ostrvo\u201c (1974. godine), pri\u010da je o starijem paru koji se suo\u010dava sa starenjem i eventualnom smr\u0107u na dalmatinskom ostrvu. Nakon romana ,,Ostrvo\u201c slijede djela: ,,Pisci, mi\u0161ljenja i razgovori\u201c i ,,Djevojka crvene kose\u201c (1976. godine). Posthumno je objavljen Krug (1983. godine). Tako\u0111er je napisao i knjigu o pravopisnim reformama Vuka Karad\u017ei\u0107a ,,Za i protiv Vuka\u201c-(Rasprava o zna\u010daju Vuka Karad\u017ei\u0107a u reformi srpskog jezika. Djelo posjeduje kriti\u010dko-analiti\u010dke vrijednosti. Knjiga se bavi problematikom stvaranja modernog srpskog standardnog jezika). Onda je slijedila njegova autobiografija ,,Sje\u0107anja\u201c.<\/p>\n<p>Dervi\u0161 i smrt ,,Dervi\u0161 i smrt\u201c (1966. godine) je roman koga je kritika pozdravila sa odu\u0161evljenjem kao izuzetno djelo. Roman je napisan kao reakcija na Titov re\u017eim koji se \u010desto obra\u010dunavao sa politi\u010dkim osu\u0111enicima. I sam Me\u0161in brat je bio na ,,Golom otoku\u201c, \u0161to je predstavljalo dodatni motiv za stvaranje ovog knji\u017eevnog djela. Vrijeme radnje je 18. vijek, u Bosni. Glavni lik romana je Ahmed Nurudin, dervi\u0161 mevlevijskog reda. Djelo posjeduje sna\u017enu misaonu koncentraciju, pisano u ispovijednom tonu, monolo\u0161ki, s izvanrednim umjetni\u010dkim nadahnu\u0107em. Pisac povezuje drevnu mudrost s modernim na\u010dinom sagledavanja pojava. Po\u010dinje od religioznih istina o svijetu kao oblika dogmatskog mi\u0161ljenja, da bi do\u0161lo do \u010dovjekove stalne upitanosti pred svijetom, do spoznavanja straha i patnje, kao stalnog pratilaca ljudskog \u017eivota. Pisci iz Bosne i Hercegovine predlo\u017eili su da se Me\u0161a Selimovi\u0107 ovim romanom kandiduje za Nobelovu nagradu za knji\u017eevnost. ,,Dervi\u0161 i smrt\u201c poseban je po izrazito \u017eivom stilu u kome se ispresijecaju introspekcija, mudrosti o \u017eivotu i drama dervi\u0161kog \u0161ejha, zbog svoje umjetni\u010dke vrijednosti djelo zaokuplja pa\u017enju \u010ditalaca \u0161irom svijeta. Roman je i spoj drame i rezignacije kojim zra\u010di islamsko-orijentalni svijet.<\/p>\n<p>Tvr\u0111ava Roman \u201eTvr\u0111ava\u201c (1970. godine) vra\u0107a \u010ditaoce u jo\u0161 dublju pro\u0161lost, u 17. vijek. \u201eTvr\u0111ava\u201c predstavlja kombinaciju stvarnosti i simbola, a kao simbol ona je \u010dovjek, zajednica ili ideologija zatvorena u samu sebe. Izlazak iz tvr\u0111ave metafori\u010dki je predstavljen kao istovremeni ulazak u \u017eivot, u haoti\u010dnu stvarnost koja okru\u017euje svijet, sam po\u010detak individualnog razvitka i upoznavanja istinskih moralnih vrijednosti. \u201eTvr\u0111ava\u201c je ispunjena vjerom u ljubav, bez obzira na razlike izme\u0111u ljudi, bilo da su one zasnovane na uvjerenjima ili su to civilizacijske i ideolo\u0161ke razlike.. ,,Tvr\u0111ava\u201c, prikaz je Sarajeva uo\u010di Ho\u0107imske bitke i odlikuje se brojnim likovima i ve\u0107im brojem lirskih segmenata. Roman je bogat emocionalnim, sumra\u010dnim iskazima o sudbini, atmosferom koja je negdje izme\u0111u smirenosti u prihvatanju sudbine i bunta proizi\u0161log iz neljudskih okolnosti. Ljubav izme\u0111u mu\u0161karca i \u017eene glavna je tematika romana. Radnja romana \u201cTvr\u0111ava\u201d odvija se u te\u0161ka vremena. Glavni lik, Ahmet \u0160abo, vra\u0107a se iz Rusije u Sarajevo. Ahmet u po\u010detku romana ne \u017eeli pri\u010dati o ratu. Dolazi u Sarajevo, gdje mu je porodica umrla od kuge. Ahmet ubrzo pronalazi ljubav njegovog \u017eivota, hri\u0161\u0107anku Tijanu. Vjen\u010dali su se i \u017eivjeli skromno, ali sre\u0107no. Ahmet gubi posao, a Tijanu zadesi poba\u010daj, ali nakon toga bili su jo\u0161 ja\u010di i s drugim djetetom na putu. Kraj romana poru\u010duje da ni\u0161ta nema smisla, ako nema ljubavi.\u201d<\/p>","protected":false},"excerpt":{"rendered":"<p>Autor: Me\u0161a Selimovi\u0107<\/p>\n<p>Izdava\u010d: Edicija<\/p>\n<p>Uvez: Tvrdi, ko\u017ea<\/p>\n<p>Format B5<\/p>","protected":false},"featured_media":121970,"template":"","meta":[],"product_brand":[],"product_cat":[288,326],"product_tag":[434,809,334,700,993],"class_list":{"0":"post-121969","1":"product","2":"type-product","3":"status-publish","4":"has-post-thumbnail","6":"product_cat-klasici","7":"product_cat-preporuceno","8":"product_tag-izabrana-djela","9":"product_tag-knjiga","10":"product_tag-knjigoljubac","11":"product_tag-mesa-selimovic","12":"product_tag-romani","14":"first","15":"instock","16":"sale","17":"taxable","18":"shipping-taxable","19":"purchasable","20":"product-type-simple"},"yoast_head":"<!-- This site is optimized with the Yoast SEO plugin v27.5 - https:\/\/yoast.com\/product\/yoast-seo-wordpress\/ -->\n<title>Me\u0161a Selimovi\u0107 Izabrana dela - KNJIGOLJUBAC<\/title>\n<meta name=\"robots\" content=\"index, follow, max-snippet:-1, max-image-preview:large, max-video-preview:-1\" \/>\n<link rel=\"canonical\" href=\"https:\/\/knjigoljubac.ba\/bs\/product\/mesa-selimovic-izabrana-dela\/\" \/>\n<meta property=\"og:locale\" content=\"bs_BA\" \/>\n<meta property=\"og:type\" content=\"article\" \/>\n<meta property=\"og:title\" content=\"Me\u0161a Selimovi\u0107 Izabrana dela - KNJIGOLJUBAC\" \/>\n<meta property=\"og:description\" content=\"Autor: Me\u0161a Selimovi\u0107  Izdava\u010d: Edicija  Uvez: Tvrdi, ko\u017ea  Format B5\" \/>\n<meta property=\"og:url\" content=\"https:\/\/knjigoljubac.ba\/bs\/product\/mesa-selimovic-izabrana-dela\/\" \/>\n<meta property=\"og:site_name\" content=\"KNJIGOLJUBAC\" \/>\n<meta property=\"article:publisher\" content=\"https:\/\/www.facebook.com\/knjigoljubacba-106067741319857\/?ref=pages_you_manage\" \/>\n<meta property=\"article:modified_time\" content=\"2023-05-01T07:37:47+00:00\" \/>\n<meta property=\"og:image\" content=\"https:\/\/knjigoljubac.ba\/wp-content\/uploads\/2023\/05\/mesa-edicija.jpg\" \/>\n\t<meta property=\"og:image:width\" content=\"160\" \/>\n\t<meta property=\"og:image:height\" content=\"226\" \/>\n\t<meta property=\"og:image:type\" content=\"image\/jpeg\" \/>\n<meta name=\"twitter:card\" content=\"summary_large_image\" \/>\n<meta name=\"twitter:label1\" content=\"Est. reading time\" \/>\n\t<meta name=\"twitter:data1\" content=\"4 minute\" \/>\n<script type=\"application\/ld+json\" class=\"yoast-schema-graph\">{\"@context\":\"https:\\\/\\\/schema.org\",\"@graph\":[{\"@type\":\"WebPage\",\"@id\":\"https:\\\/\\\/knjigoljubac.ba\\\/product\\\/mesa-selimovic-izabrana-dela\\\/\",\"url\":\"https:\\\/\\\/knjigoljubac.ba\\\/product\\\/mesa-selimovic-izabrana-dela\\\/\",\"name\":\"Me\u0161a Selimovi\u0107 Izabrana dela - KNJIGOLJUBAC\",\"isPartOf\":{\"@id\":\"https:\\\/\\\/knjigoljubac.ba\\\/#website\"},\"primaryImageOfPage\":{\"@id\":\"https:\\\/\\\/knjigoljubac.ba\\\/product\\\/mesa-selimovic-izabrana-dela\\\/#primaryimage\"},\"image\":{\"@id\":\"https:\\\/\\\/knjigoljubac.ba\\\/product\\\/mesa-selimovic-izabrana-dela\\\/#primaryimage\"},\"thumbnailUrl\":\"https:\\\/\\\/knjigoljubac.ba\\\/wp-content\\\/uploads\\\/2023\\\/05\\\/mesa-edicija.jpg\",\"datePublished\":\"2023-05-01T07:37:46+00:00\",\"dateModified\":\"2023-05-01T07:37:47+00:00\",\"breadcrumb\":{\"@id\":\"https:\\\/\\\/knjigoljubac.ba\\\/product\\\/mesa-selimovic-izabrana-dela\\\/#breadcrumb\"},\"inLanguage\":\"bs-BA\",\"potentialAction\":[{\"@type\":\"ReadAction\",\"target\":[\"https:\\\/\\\/knjigoljubac.ba\\\/product\\\/mesa-selimovic-izabrana-dela\\\/\"]}]},{\"@type\":\"ImageObject\",\"inLanguage\":\"bs-BA\",\"@id\":\"https:\\\/\\\/knjigoljubac.ba\\\/product\\\/mesa-selimovic-izabrana-dela\\\/#primaryimage\",\"url\":\"https:\\\/\\\/knjigoljubac.ba\\\/wp-content\\\/uploads\\\/2023\\\/05\\\/mesa-edicija.jpg\",\"contentUrl\":\"https:\\\/\\\/knjigoljubac.ba\\\/wp-content\\\/uploads\\\/2023\\\/05\\\/mesa-edicija.jpg\",\"width\":160,\"height\":226},{\"@type\":\"BreadcrumbList\",\"@id\":\"https:\\\/\\\/knjigoljubac.ba\\\/product\\\/mesa-selimovic-izabrana-dela\\\/#breadcrumb\",\"itemListElement\":[{\"@type\":\"ListItem\",\"position\":1,\"name\":\"Po\u010detna stranica\",\"item\":\"https:\\\/\\\/knjigoljubac.ba\\\/\"},{\"@type\":\"ListItem\",\"position\":2,\"name\":\"Trgovina\",\"item\":\"https:\\\/\\\/knjigoljubac.ba\\\/trgovina\\\/\"},{\"@type\":\"ListItem\",\"position\":3,\"name\":\"Me\u0161a Selimovi\u0107 Izabrana dela\"}]},{\"@type\":\"WebSite\",\"@id\":\"https:\\\/\\\/knjigoljubac.ba\\\/#website\",\"url\":\"https:\\\/\\\/knjigoljubac.ba\\\/\",\"name\":\"KNJIGOLJUBAC\",\"description\":\"Va\u0161a online knji\u017eara\",\"publisher\":{\"@id\":\"https:\\\/\\\/knjigoljubac.ba\\\/#organization\"},\"potentialAction\":[{\"@type\":\"SearchAction\",\"target\":{\"@type\":\"EntryPoint\",\"urlTemplate\":\"https:\\\/\\\/knjigoljubac.ba\\\/?s={search_term_string}\"},\"query-input\":{\"@type\":\"PropertyValueSpecification\",\"valueRequired\":true,\"valueName\":\"search_term_string\"}}],\"inLanguage\":\"bs-BA\"},{\"@type\":\"Organization\",\"@id\":\"https:\\\/\\\/knjigoljubac.ba\\\/#organization\",\"name\":\"KNJIGOLJUBAC\",\"url\":\"https:\\\/\\\/knjigoljubac.ba\\\/\",\"logo\":{\"@type\":\"ImageObject\",\"inLanguage\":\"bs-BA\",\"@id\":\"https:\\\/\\\/knjigoljubac.ba\\\/#\\\/schema\\\/logo\\\/image\\\/\",\"url\":\"https:\\\/\\\/knjigoljubac.ba\\\/wp-content\\\/uploads\\\/2021\\\/09\\\/logo-novi-1024x465.png\",\"contentUrl\":\"https:\\\/\\\/knjigoljubac.ba\\\/wp-content\\\/uploads\\\/2021\\\/09\\\/logo-novi-1024x465.png\",\"width\":1024,\"height\":465,\"caption\":\"KNJIGOLJUBAC\"},\"image\":{\"@id\":\"https:\\\/\\\/knjigoljubac.ba\\\/#\\\/schema\\\/logo\\\/image\\\/\"},\"sameAs\":[\"https:\\\/\\\/www.facebook.com\\\/knjigoljubacba-106067741319857\\\/?ref=pages_you_manage\",\"https:\\\/\\\/www.instagram.com\\\/knjigoljubacbrcko\\\/\"]}]}<\/script>\n<!-- \/ Yoast SEO plugin. -->","yoast_head_json":{"title":"Me\u0161a Selimovi\u0107 Izabrana dela - KNJIGOLJUBAC","robots":{"index":"index","follow":"follow","max-snippet":"max-snippet:-1","max-image-preview":"max-image-preview:large","max-video-preview":"max-video-preview:-1"},"canonical":"https:\/\/knjigoljubac.ba\/bs\/product\/mesa-selimovic-izabrana-dela\/","og_locale":"bs_BA","og_type":"article","og_title":"Me\u0161a Selimovi\u0107 Izabrana dela - KNJIGOLJUBAC","og_description":"Autor: Me\u0161a Selimovi\u0107  Izdava\u010d: Edicija  Uvez: Tvrdi, ko\u017ea  Format B5","og_url":"https:\/\/knjigoljubac.ba\/bs\/product\/mesa-selimovic-izabrana-dela\/","og_site_name":"KNJIGOLJUBAC","article_publisher":"https:\/\/www.facebook.com\/knjigoljubacba-106067741319857\/?ref=pages_you_manage","article_modified_time":"2023-05-01T07:37:47+00:00","og_image":[{"width":160,"height":226,"url":"https:\/\/knjigoljubac.ba\/wp-content\/uploads\/2023\/05\/mesa-edicija.jpg","type":"image\/jpeg"}],"twitter_card":"summary_large_image","twitter_misc":{"Est. reading time":"4 minute"},"schema":{"@context":"https:\/\/schema.org","@graph":[{"@type":"WebPage","@id":"https:\/\/knjigoljubac.ba\/product\/mesa-selimovic-izabrana-dela\/","url":"https:\/\/knjigoljubac.ba\/product\/mesa-selimovic-izabrana-dela\/","name":"Me\u0161a Selimovi\u0107 Izabrana dela - KNJIGOLJUBAC","isPartOf":{"@id":"https:\/\/knjigoljubac.ba\/#website"},"primaryImageOfPage":{"@id":"https:\/\/knjigoljubac.ba\/product\/mesa-selimovic-izabrana-dela\/#primaryimage"},"image":{"@id":"https:\/\/knjigoljubac.ba\/product\/mesa-selimovic-izabrana-dela\/#primaryimage"},"thumbnailUrl":"https:\/\/knjigoljubac.ba\/wp-content\/uploads\/2023\/05\/mesa-edicija.jpg","datePublished":"2023-05-01T07:37:46+00:00","dateModified":"2023-05-01T07:37:47+00:00","breadcrumb":{"@id":"https:\/\/knjigoljubac.ba\/product\/mesa-selimovic-izabrana-dela\/#breadcrumb"},"inLanguage":"bs-BA","potentialAction":[{"@type":"ReadAction","target":["https:\/\/knjigoljubac.ba\/product\/mesa-selimovic-izabrana-dela\/"]}]},{"@type":"ImageObject","inLanguage":"bs-BA","@id":"https:\/\/knjigoljubac.ba\/product\/mesa-selimovic-izabrana-dela\/#primaryimage","url":"https:\/\/knjigoljubac.ba\/wp-content\/uploads\/2023\/05\/mesa-edicija.jpg","contentUrl":"https:\/\/knjigoljubac.ba\/wp-content\/uploads\/2023\/05\/mesa-edicija.jpg","width":160,"height":226},{"@type":"BreadcrumbList","@id":"https:\/\/knjigoljubac.ba\/product\/mesa-selimovic-izabrana-dela\/#breadcrumb","itemListElement":[{"@type":"ListItem","position":1,"name":"Po\u010detna stranica","item":"https:\/\/knjigoljubac.ba\/"},{"@type":"ListItem","position":2,"name":"Trgovina","item":"https:\/\/knjigoljubac.ba\/trgovina\/"},{"@type":"ListItem","position":3,"name":"Me\u0161a Selimovi\u0107 Izabrana dela"}]},{"@type":"WebSite","@id":"https:\/\/knjigoljubac.ba\/#website","url":"https:\/\/knjigoljubac.ba\/","name":"KNJIGOLJUBAC","description":"Va\u0161a online knji\u017eara","publisher":{"@id":"https:\/\/knjigoljubac.ba\/#organization"},"potentialAction":[{"@type":"SearchAction","target":{"@type":"EntryPoint","urlTemplate":"https:\/\/knjigoljubac.ba\/?s={search_term_string}"},"query-input":{"@type":"PropertyValueSpecification","valueRequired":true,"valueName":"search_term_string"}}],"inLanguage":"bs-BA"},{"@type":"Organization","@id":"https:\/\/knjigoljubac.ba\/#organization","name":"KNJIGOLJUBAC","url":"https:\/\/knjigoljubac.ba\/","logo":{"@type":"ImageObject","inLanguage":"bs-BA","@id":"https:\/\/knjigoljubac.ba\/#\/schema\/logo\/image\/","url":"https:\/\/knjigoljubac.ba\/wp-content\/uploads\/2021\/09\/logo-novi-1024x465.png","contentUrl":"https:\/\/knjigoljubac.ba\/wp-content\/uploads\/2021\/09\/logo-novi-1024x465.png","width":1024,"height":465,"caption":"KNJIGOLJUBAC"},"image":{"@id":"https:\/\/knjigoljubac.ba\/#\/schema\/logo\/image\/"},"sameAs":["https:\/\/www.facebook.com\/knjigoljubacba-106067741319857\/?ref=pages_you_manage","https:\/\/www.instagram.com\/knjigoljubacbrcko\/"]}]}},"jetpack_sharing_enabled":true,"_links":{"self":[{"href":"https:\/\/knjigoljubac.ba\/bs\/wp-json\/wp\/v2\/product\/121969","targetHints":{"allow":["GET"]}}],"collection":[{"href":"https:\/\/knjigoljubac.ba\/bs\/wp-json\/wp\/v2\/product"}],"about":[{"href":"https:\/\/knjigoljubac.ba\/bs\/wp-json\/wp\/v2\/types\/product"}],"wp:featuredmedia":[{"embeddable":true,"href":"https:\/\/knjigoljubac.ba\/bs\/wp-json\/wp\/v2\/media\/121970"}],"wp:attachment":[{"href":"https:\/\/knjigoljubac.ba\/bs\/wp-json\/wp\/v2\/media?parent=121969"}],"wp:term":[{"taxonomy":"product_brand","embeddable":true,"href":"https:\/\/knjigoljubac.ba\/bs\/wp-json\/wp\/v2\/product_brand?post=121969"},{"taxonomy":"product_cat","embeddable":true,"href":"https:\/\/knjigoljubac.ba\/bs\/wp-json\/wp\/v2\/product_cat?post=121969"},{"taxonomy":"product_tag","embeddable":true,"href":"https:\/\/knjigoljubac.ba\/bs\/wp-json\/wp\/v2\/product_tag?post=121969"}],"curies":[{"name":"wp","href":"https:\/\/api.w.org\/{rel}","templated":true}]}}