{"id":121948,"date":"2023-04-30T18:44:34","date_gmt":"2023-04-30T18:44:34","guid":{"rendered":"https:\/\/knjigoljubac.ba\/?post_type=product&#038;p=121948"},"modified":"2023-04-30T18:44:35","modified_gmt":"2023-04-30T18:44:35","slug":"zlocin-i-kazna","status":"publish","type":"product","link":"https:\/\/knjigoljubac.ba\/bs\/product\/zlocin-i-kazna\/","title":{"rendered":"ZLO\u010cIN I KAZNA"},"content":{"rendered":"<p>Dostojevski je pru\u017eio svevremenu i dubinsku analizu duhovnog stanja Evrope sredinom XIX vijeka, ispisav\u0161i za nevjerovatno kratko vrijeme neke od najblistavijih stranica svjetske knji\u017eevnosti.<\/p>\n<p>Tokom 1866. godine, \u010dasopis <em>Ruski glasnik<\/em> objavio je u dvanaest mjese\u010dnih nastavaka tekstove koji \u0107e skupa biti objavljeni kao roman pod imenom\u00a0<strong><em>Zlo\u010din i kazna<\/em><\/strong>. Sinopsis jednog od najve\u0107ih psiholo\u0161kih romana u historiji knji\u017eevnosti zaprepa\u0161\u010duju\u0107e je jednostavan: u agoniji zbog materijalne oskudice ruski student Rodion Raskoljnikov odlu\u010duje da ubije zelena\u0161icu Aljonu Ivanovnu. Moralne tjeskobe i du\u0161evne krize koje Raskoljnikova dovode na ivicu nervnog rastrojstva, a kroz te unutra\u0161nje sukobe ekstremnog intenziteta Dostojevski je u \u0161irem smislu zapravo ispisivao svoju kritiku nihilizma ruskog dru\u0161tva.<\/p>\n<p>Zaplet ovog svevremenog remek-djela koncentrisan je oko doga\u0111aja u Sankt Peterburgu, kada je student u besparici Rodion Raskoljnikov ubio staricu zelena\u0161icu. On je djelom to u\u010dinio da bi dokazao svoju ideju o kojoj je ranije pisao: da vanredni ljudi, poput Napoleona, mogu da budu iznad zakona. Osim toga, zelena\u0161ica je za njega \u201eva\u0161ka\u201c, od \u010dijeg ubistva bi dru\u0161tvo samo imalo koristi. Ali tokom ubistva, pojavi se nje\u017ena i ranjiva sestra \u017ertve. Raskoljnikov ubije i nju, tako\u0111er, bez razmi\u0161ljanja. \u010citalac uo\u010dava kako Raskoljnikov postaje bezosje\u0107ajan i kako njegove ideje (na koje uti\u010de \u010ditanje Hegela i Bentama) dobijaju ne\u017eeljene posljedice. Raskoljnikovo ime zna\u010di \u201erascijepiti napola\u201c ili \u201e\u0161izmatik\u201c. Njegova podjeljena li\u010dnost je Robertu Luisu Stivensonu bila inspiracija za doktora D\u017eekila i gospodina Hajda. Jedan od prvih psiholo\u0161kih romana, <strong><em>Zlo\u010din i kazna<\/em><\/strong> je i podjednako duboko politi\u010dki.-\u00a0<em>Adrian Kembel<\/em><\/p>","protected":false},"excerpt":{"rendered":"<ul id=\"dm_podaci_knjige\" class=\"tags-list\">\n<li>Autor: FJODOR DOSTOJEVSKI<\/li>\n<li><strong>Broj strana:\u00a0<\/strong>570<\/li>\n<li><strong>Pismo:\u00a0<\/strong>Latinica<\/li>\n<li><strong>Povez:\u00a0<\/strong>Mek<\/li>\n<li><strong>Format:\u00a0<\/strong>20x14cm<\/li>\n<li><strong>Godina izdanja:\u00a0<\/strong>2017<\/li>\n<\/ul>","protected":false},"featured_media":121949,"template":"","meta":[],"product_brand":[],"product_cat":[288,326],"product_tag":[985,809,334,986],"class_list":{"0":"post-121948","1":"product","2":"type-product","3":"status-publish","4":"has-post-thumbnail","6":"product_cat-klasici","7":"product_cat-preporuceno","8":"product_tag-fjodor-dostojevski","9":"product_tag-knjiga","10":"product_tag-knjigoljubac","11":"product_tag-zlocin-i-kazna","13":"first","14":"instock","15":"sale","16":"taxable","17":"shipping-taxable","18":"purchasable","19":"product-type-simple"},"yoast_head":"<!-- This site is optimized with the Yoast SEO plugin v27.5 - https:\/\/yoast.com\/product\/yoast-seo-wordpress\/ -->\n<title>ZLO\u010cIN I KAZNA - KNJIGOLJUBAC<\/title>\n<meta name=\"robots\" content=\"index, follow, max-snippet:-1, max-image-preview:large, max-video-preview:-1\" \/>\n<link rel=\"canonical\" href=\"https:\/\/knjigoljubac.ba\/bs\/product\/zlocin-i-kazna\/\" \/>\n<meta property=\"og:locale\" content=\"bs_BA\" \/>\n<meta property=\"og:type\" content=\"article\" \/>\n<meta property=\"og:title\" content=\"ZLO\u010cIN I KAZNA - KNJIGOLJUBAC\" \/>\n<meta property=\"og:description\" content=\"Autor: FJODOR DOSTOJEVSKI  Broj strana:\u00a0570  Pismo:\u00a0Latinica  Povez:\u00a0Mek  Format:\u00a020x14cm  Godina izdanja:\u00a02017\" \/>\n<meta property=\"og:url\" content=\"https:\/\/knjigoljubac.ba\/bs\/product\/zlocin-i-kazna\/\" \/>\n<meta property=\"og:site_name\" content=\"KNJIGOLJUBAC\" \/>\n<meta property=\"article:publisher\" content=\"https:\/\/www.facebook.com\/knjigoljubacba-106067741319857\/?ref=pages_you_manage\" \/>\n<meta property=\"article:modified_time\" content=\"2023-04-30T18:44:35+00:00\" \/>\n<meta property=\"og:image\" content=\"https:\/\/knjigoljubac.ba\/wp-content\/uploads\/2023\/04\/knjiga-zlocin-i-kazna-fjodor-dostojevski-kontrast-izdavastvo-foto2-12078.jpg\" \/>\n\t<meta property=\"og:image:width\" content=\"160\" \/>\n\t<meta property=\"og:image:height\" content=\"226\" \/>\n\t<meta property=\"og:image:type\" content=\"image\/jpeg\" \/>\n<meta name=\"twitter:card\" content=\"summary_large_image\" \/>\n<meta name=\"twitter:label1\" content=\"Est. reading time\" \/>\n\t<meta name=\"twitter:data1\" content=\"1 minuta\" \/>\n<script type=\"application\/ld+json\" class=\"yoast-schema-graph\">{\"@context\":\"https:\\\/\\\/schema.org\",\"@graph\":[{\"@type\":\"WebPage\",\"@id\":\"https:\\\/\\\/knjigoljubac.ba\\\/product\\\/zlocin-i-kazna\\\/\",\"url\":\"https:\\\/\\\/knjigoljubac.ba\\\/product\\\/zlocin-i-kazna\\\/\",\"name\":\"ZLO\u010cIN I KAZNA - KNJIGOLJUBAC\",\"isPartOf\":{\"@id\":\"https:\\\/\\\/knjigoljubac.ba\\\/#website\"},\"primaryImageOfPage\":{\"@id\":\"https:\\\/\\\/knjigoljubac.ba\\\/product\\\/zlocin-i-kazna\\\/#primaryimage\"},\"image\":{\"@id\":\"https:\\\/\\\/knjigoljubac.ba\\\/product\\\/zlocin-i-kazna\\\/#primaryimage\"},\"thumbnailUrl\":\"https:\\\/\\\/knjigoljubac.ba\\\/wp-content\\\/uploads\\\/2023\\\/04\\\/knjiga-zlocin-i-kazna-fjodor-dostojevski-kontrast-izdavastvo-foto2-12078.jpg\",\"datePublished\":\"2023-04-30T18:44:34+00:00\",\"dateModified\":\"2023-04-30T18:44:35+00:00\",\"breadcrumb\":{\"@id\":\"https:\\\/\\\/knjigoljubac.ba\\\/product\\\/zlocin-i-kazna\\\/#breadcrumb\"},\"inLanguage\":\"bs-BA\",\"potentialAction\":[{\"@type\":\"ReadAction\",\"target\":[\"https:\\\/\\\/knjigoljubac.ba\\\/product\\\/zlocin-i-kazna\\\/\"]}]},{\"@type\":\"ImageObject\",\"inLanguage\":\"bs-BA\",\"@id\":\"https:\\\/\\\/knjigoljubac.ba\\\/product\\\/zlocin-i-kazna\\\/#primaryimage\",\"url\":\"https:\\\/\\\/knjigoljubac.ba\\\/wp-content\\\/uploads\\\/2023\\\/04\\\/knjiga-zlocin-i-kazna-fjodor-dostojevski-kontrast-izdavastvo-foto2-12078.jpg\",\"contentUrl\":\"https:\\\/\\\/knjigoljubac.ba\\\/wp-content\\\/uploads\\\/2023\\\/04\\\/knjiga-zlocin-i-kazna-fjodor-dostojevski-kontrast-izdavastvo-foto2-12078.jpg\",\"width\":160,\"height\":226},{\"@type\":\"BreadcrumbList\",\"@id\":\"https:\\\/\\\/knjigoljubac.ba\\\/product\\\/zlocin-i-kazna\\\/#breadcrumb\",\"itemListElement\":[{\"@type\":\"ListItem\",\"position\":1,\"name\":\"Po\u010detna stranica\",\"item\":\"https:\\\/\\\/knjigoljubac.ba\\\/\"},{\"@type\":\"ListItem\",\"position\":2,\"name\":\"Trgovina\",\"item\":\"https:\\\/\\\/knjigoljubac.ba\\\/trgovina\\\/\"},{\"@type\":\"ListItem\",\"position\":3,\"name\":\"ZLO\u010cIN I KAZNA\"}]},{\"@type\":\"WebSite\",\"@id\":\"https:\\\/\\\/knjigoljubac.ba\\\/#website\",\"url\":\"https:\\\/\\\/knjigoljubac.ba\\\/\",\"name\":\"KNJIGOLJUBAC\",\"description\":\"Va\u0161a online knji\u017eara\",\"publisher\":{\"@id\":\"https:\\\/\\\/knjigoljubac.ba\\\/#organization\"},\"potentialAction\":[{\"@type\":\"SearchAction\",\"target\":{\"@type\":\"EntryPoint\",\"urlTemplate\":\"https:\\\/\\\/knjigoljubac.ba\\\/?s={search_term_string}\"},\"query-input\":{\"@type\":\"PropertyValueSpecification\",\"valueRequired\":true,\"valueName\":\"search_term_string\"}}],\"inLanguage\":\"bs-BA\"},{\"@type\":\"Organization\",\"@id\":\"https:\\\/\\\/knjigoljubac.ba\\\/#organization\",\"name\":\"KNJIGOLJUBAC\",\"url\":\"https:\\\/\\\/knjigoljubac.ba\\\/\",\"logo\":{\"@type\":\"ImageObject\",\"inLanguage\":\"bs-BA\",\"@id\":\"https:\\\/\\\/knjigoljubac.ba\\\/#\\\/schema\\\/logo\\\/image\\\/\",\"url\":\"https:\\\/\\\/knjigoljubac.ba\\\/wp-content\\\/uploads\\\/2021\\\/09\\\/logo-novi-1024x465.png\",\"contentUrl\":\"https:\\\/\\\/knjigoljubac.ba\\\/wp-content\\\/uploads\\\/2021\\\/09\\\/logo-novi-1024x465.png\",\"width\":1024,\"height\":465,\"caption\":\"KNJIGOLJUBAC\"},\"image\":{\"@id\":\"https:\\\/\\\/knjigoljubac.ba\\\/#\\\/schema\\\/logo\\\/image\\\/\"},\"sameAs\":[\"https:\\\/\\\/www.facebook.com\\\/knjigoljubacba-106067741319857\\\/?ref=pages_you_manage\",\"https:\\\/\\\/www.instagram.com\\\/knjigoljubacbrcko\\\/\"]}]}<\/script>\n<!-- \/ Yoast SEO plugin. -->","yoast_head_json":{"title":"ZLO\u010cIN I KAZNA - KNJIGOLJUBAC","robots":{"index":"index","follow":"follow","max-snippet":"max-snippet:-1","max-image-preview":"max-image-preview:large","max-video-preview":"max-video-preview:-1"},"canonical":"https:\/\/knjigoljubac.ba\/bs\/product\/zlocin-i-kazna\/","og_locale":"bs_BA","og_type":"article","og_title":"ZLO\u010cIN I KAZNA - KNJIGOLJUBAC","og_description":"Autor: FJODOR DOSTOJEVSKI  Broj strana:\u00a0570  Pismo:\u00a0Latinica  Povez:\u00a0Mek  Format:\u00a020x14cm  Godina izdanja:\u00a02017","og_url":"https:\/\/knjigoljubac.ba\/bs\/product\/zlocin-i-kazna\/","og_site_name":"KNJIGOLJUBAC","article_publisher":"https:\/\/www.facebook.com\/knjigoljubacba-106067741319857\/?ref=pages_you_manage","article_modified_time":"2023-04-30T18:44:35+00:00","og_image":[{"width":160,"height":226,"url":"https:\/\/knjigoljubac.ba\/wp-content\/uploads\/2023\/04\/knjiga-zlocin-i-kazna-fjodor-dostojevski-kontrast-izdavastvo-foto2-12078.jpg","type":"image\/jpeg"}],"twitter_card":"summary_large_image","twitter_misc":{"Est. reading time":"1 minuta"},"schema":{"@context":"https:\/\/schema.org","@graph":[{"@type":"WebPage","@id":"https:\/\/knjigoljubac.ba\/product\/zlocin-i-kazna\/","url":"https:\/\/knjigoljubac.ba\/product\/zlocin-i-kazna\/","name":"ZLO\u010cIN I KAZNA - KNJIGOLJUBAC","isPartOf":{"@id":"https:\/\/knjigoljubac.ba\/#website"},"primaryImageOfPage":{"@id":"https:\/\/knjigoljubac.ba\/product\/zlocin-i-kazna\/#primaryimage"},"image":{"@id":"https:\/\/knjigoljubac.ba\/product\/zlocin-i-kazna\/#primaryimage"},"thumbnailUrl":"https:\/\/knjigoljubac.ba\/wp-content\/uploads\/2023\/04\/knjiga-zlocin-i-kazna-fjodor-dostojevski-kontrast-izdavastvo-foto2-12078.jpg","datePublished":"2023-04-30T18:44:34+00:00","dateModified":"2023-04-30T18:44:35+00:00","breadcrumb":{"@id":"https:\/\/knjigoljubac.ba\/product\/zlocin-i-kazna\/#breadcrumb"},"inLanguage":"bs-BA","potentialAction":[{"@type":"ReadAction","target":["https:\/\/knjigoljubac.ba\/product\/zlocin-i-kazna\/"]}]},{"@type":"ImageObject","inLanguage":"bs-BA","@id":"https:\/\/knjigoljubac.ba\/product\/zlocin-i-kazna\/#primaryimage","url":"https:\/\/knjigoljubac.ba\/wp-content\/uploads\/2023\/04\/knjiga-zlocin-i-kazna-fjodor-dostojevski-kontrast-izdavastvo-foto2-12078.jpg","contentUrl":"https:\/\/knjigoljubac.ba\/wp-content\/uploads\/2023\/04\/knjiga-zlocin-i-kazna-fjodor-dostojevski-kontrast-izdavastvo-foto2-12078.jpg","width":160,"height":226},{"@type":"BreadcrumbList","@id":"https:\/\/knjigoljubac.ba\/product\/zlocin-i-kazna\/#breadcrumb","itemListElement":[{"@type":"ListItem","position":1,"name":"Po\u010detna stranica","item":"https:\/\/knjigoljubac.ba\/"},{"@type":"ListItem","position":2,"name":"Trgovina","item":"https:\/\/knjigoljubac.ba\/trgovina\/"},{"@type":"ListItem","position":3,"name":"ZLO\u010cIN I KAZNA"}]},{"@type":"WebSite","@id":"https:\/\/knjigoljubac.ba\/#website","url":"https:\/\/knjigoljubac.ba\/","name":"KNJIGOLJUBAC","description":"Va\u0161a online knji\u017eara","publisher":{"@id":"https:\/\/knjigoljubac.ba\/#organization"},"potentialAction":[{"@type":"SearchAction","target":{"@type":"EntryPoint","urlTemplate":"https:\/\/knjigoljubac.ba\/?s={search_term_string}"},"query-input":{"@type":"PropertyValueSpecification","valueRequired":true,"valueName":"search_term_string"}}],"inLanguage":"bs-BA"},{"@type":"Organization","@id":"https:\/\/knjigoljubac.ba\/#organization","name":"KNJIGOLJUBAC","url":"https:\/\/knjigoljubac.ba\/","logo":{"@type":"ImageObject","inLanguage":"bs-BA","@id":"https:\/\/knjigoljubac.ba\/#\/schema\/logo\/image\/","url":"https:\/\/knjigoljubac.ba\/wp-content\/uploads\/2021\/09\/logo-novi-1024x465.png","contentUrl":"https:\/\/knjigoljubac.ba\/wp-content\/uploads\/2021\/09\/logo-novi-1024x465.png","width":1024,"height":465,"caption":"KNJIGOLJUBAC"},"image":{"@id":"https:\/\/knjigoljubac.ba\/#\/schema\/logo\/image\/"},"sameAs":["https:\/\/www.facebook.com\/knjigoljubacba-106067741319857\/?ref=pages_you_manage","https:\/\/www.instagram.com\/knjigoljubacbrcko\/"]}]}},"jetpack_sharing_enabled":true,"_links":{"self":[{"href":"https:\/\/knjigoljubac.ba\/bs\/wp-json\/wp\/v2\/product\/121948","targetHints":{"allow":["GET"]}}],"collection":[{"href":"https:\/\/knjigoljubac.ba\/bs\/wp-json\/wp\/v2\/product"}],"about":[{"href":"https:\/\/knjigoljubac.ba\/bs\/wp-json\/wp\/v2\/types\/product"}],"wp:featuredmedia":[{"embeddable":true,"href":"https:\/\/knjigoljubac.ba\/bs\/wp-json\/wp\/v2\/media\/121949"}],"wp:attachment":[{"href":"https:\/\/knjigoljubac.ba\/bs\/wp-json\/wp\/v2\/media?parent=121948"}],"wp:term":[{"taxonomy":"product_brand","embeddable":true,"href":"https:\/\/knjigoljubac.ba\/bs\/wp-json\/wp\/v2\/product_brand?post=121948"},{"taxonomy":"product_cat","embeddable":true,"href":"https:\/\/knjigoljubac.ba\/bs\/wp-json\/wp\/v2\/product_cat?post=121948"},{"taxonomy":"product_tag","embeddable":true,"href":"https:\/\/knjigoljubac.ba\/bs\/wp-json\/wp\/v2\/product_tag?post=121948"}],"curies":[{"name":"wp","href":"https:\/\/api.w.org\/{rel}","templated":true}]}}