{"id":12120,"date":"2020-12-26T17:05:21","date_gmt":"2020-12-26T17:05:21","guid":{"rendered":"https:\/\/knjigoljubac.ba\/?post_type=product&#038;p=12120"},"modified":"2020-12-26T17:05:21","modified_gmt":"2020-12-26T17:05:21","slug":"antologija-bosnjacke-poezije-u-redakciji-almira-zalihica-selim-arnaut","status":"publish","type":"product","link":"https:\/\/knjigoljubac.ba\/bs\/product\/antologija-bosnjacke-poezije-u-redakciji-almira-zalihica-selim-arnaut\/","title":{"rendered":"ANTOLOGIJA BO\u0160NJA\u010cKE POEZIJE U REDAKCIJI ALMIRA ZALIHI\u0106A \u2013 Selim Arnaut"},"content":{"rendered":"<h2 class=\"has-medium-font-size\"><strong>Selim Arnaut (Zenica, 1962.)<\/strong><\/h2>\n<p>Poetika Selima Arnauta\u00a0 je po svemu suprotnost modernisti\u010dkom naslje\u0111u u shvatanjima poezije, a prije svega onom tipu mno\u0161tvne komunikativnosti i nagla\u0161ene jasnosti kojoj su strane niskoretori\u010dne kategorije. Pjesnikova sudbina, me\u0111utim, gotovo da je u svemu odredila i u novim poeti\u010dkim i recepcijskim okolnostima nakon ratnog pakla 1992-1995, produ\u017eila modernisti\u010dku predstavu o udesu pravih pjesnika, o njihovom uzletu, tragi\u010dnom padu\u00a0 i padu ponovo ste\u010denom. Arnaut je, sticajem okolnosti, jedan od posljednjih pravih, ukletih pjesnika u bo\u0161nja\u010dkoj i bosansko-hercegova\u010dkoj poeziji i vjerovatno jedan od rijetkih za \u010diju se sudbinu interesiraju i znalci i \u010ditaoci, prakti\u010dno koliko i za samo djelo, iako danas i ovdje, siguran sam, uvijek vi\u0161e intrigira ne\u010dija sudbina od ne\u010dijeg umjetni\u010dkog djela. Mo\u017eemo, dakle, ustvrditi da je Selim Arnaut pjesnik s djelom (dodu\u0161e ne preobimnim) \u2013 i \u0161to u modernom dobu i nije tako \u010desto \u2013 pjesnik sa sudbinom. Ovo dvojstvo kao da nije moglo da mimoi\u0111e takvu vrstu tvorca (\u201cAko Bog bi htio \/da se igra \/ Klikera \/ Sa mnom na ovoj Zemlji \/ Ja sam ozbiljan\u201c, ka\u017ee pjesnik u pjesmi \u0160ara na prozoru) i takvu vrstu pribli\u017enosti poete samom univerzumu, makar taj univerzum u ovom slu\u010daju zamislili i kao \u201cpatetiku uma\u201c, kako Branko Miljkovi\u0107, jedan od najuticajnijih pjesnika biv\u0161eg YU prostora, priklanjaju\u0107i se Valerijevoj definiciji, imenuje poeziju.<\/p>\n<p>Selim Arnaut se mo\u017ee uzeti kao paradigmati\u010dno stanje moderne bh poezije u jednom njezinom historijsko-poeti\u010dkom trenutku. Svijet njegove poezije jeste dosljedno dematerijalizirani svijet. Unutarjezi\u010dka realnost je postala polje razumijevanja koje se ne ti\u010de same poezije. Jezik li\u0161en referencijalnih obaveza i nu\u017enosti, morao se okrenuti samom sebi. Poezija se otuda okre\u0107e poetici: razumijevaju\u0107i sebe, poezija razumije i ostale oblike iskustva: \u201cOd svega \u0161to jesam \/ Ja se raspadam, kao u \/ Malome romanu o jednome Monarhu\u201c. Ontolo\u0161ka ekonomija modernog pjesni\u0161tva potvr\u0111uje se tako i u slu\u010daju Selima Arnauta i u slu\u010daju novijeg bh. pjesni\u0161tva. Rije\u010di su se razi\u0161le sa stvarima i ma koliko da su izmijenjeni mehanizmi posredovanja globalni poeti\u010dki horizont nije presudno izmijenjen. Pjesma osloba\u0111a refleksije da bi uvijek iznova potvr\u0111ivala svoje referencijalno va\u017eenje. Sudbina poezije je neodvojiva od sudbine jezika. Poezija rije\u010di ne shvata kao sredstvo komuniciranja i konverzacije, ve\u0107 kao sredstvo dokazivanja i otkrivanja bi\u0107a. S druge strane jezik je, danas, svjesniji svoga siroma\u0161tva negoli ikada ranije, dakle jezik nije samo sredstvo komunikacije ve\u0107 je i sredstvo samorazumijevanja.<\/p>\n<p>&nbsp;<\/p>\n<p><strong>FOTOGRAFIJA IZ 1962.<\/strong><\/p>\n<p>Majka gleda kroz prozor, u nebo,<br \/>\nu veliku, velursku, pozivaju\u0107u<br \/>\nprotupriliku.<\/p>\n<p>I prstokr\u0161ljivo je osmjehnuta.<\/p>\n<p>Nema stola.<br \/>\nNema sestrice, nema<br \/>\ndozivanja sa svojim tijelom.<\/p>\n<p>Uljudno,<br \/>\nsa distance,<br \/>\npe\u0107 grije atmosferu<br \/>\nroditeljskog doma.<\/p>\n<p>Ali oca jo\u0161 nema.<\/p>\n<p>Svi \u010dekamo oca.<\/p>\n<p>Kad otac u\u0111e u sobu,<br \/>\nsoba stekne \u0107o\u0161kove.<\/p>\n<p>&nbsp;<\/p>\n<p>&nbsp;<\/p>\n<p>&nbsp;<\/p>\n<p><strong>STANOVANJE<\/strong><\/p>\n<p>&nbsp;<\/p>\n<p>Sjedimo u sobi\u010dku, sklepanom<\/p>\n<p>jedva, od razvaljene<\/p>\n<p>kolijevke.<\/p>\n<p>&nbsp;<\/p>\n<p>Nad na\u0161im glavama,<\/p>\n<p>nadgrobnim, tek osvanulim<\/p>\n<p>tek pomilovanim,<\/p>\n<p>&nbsp;<\/p>\n<p>zuje,<\/p>\n<p>lete na jug,<\/p>\n<p>muhe.<\/p>\n<p>&nbsp;<\/p>\n<p>&nbsp;<\/p>\n<p>&nbsp;<\/p>\n<p><strong>SAMAC<\/strong><\/p>\n<p>&nbsp;<\/p>\n<p>Nikog u ku\u0107i nema,<\/p>\n<p>sem tebe koji otvara\u0161 vrata<\/p>\n<p>&nbsp;<\/p>\n<p>mjaukanjima,<\/p>\n<p>vlastitom ka\u0161ljanju,<\/p>\n<p>koji se ujutru spoti\u010de\u0161<\/p>\n<p>o ruku<\/p>\n<p>\u0161to prinosi razbijenu \u0161olju,<\/p>\n<p>u kojoj drhti kajmak,<\/p>\n<p>&nbsp;<\/p>\n<p>nikog<\/p>\n<p>&nbsp;<\/p>\n<p>pomjera\u0161 svoje tijelo<\/p>\n<p>kao televizijsku antenu<\/p>\n<p>nakon nevremena<\/p>\n<p>&nbsp;<\/p>\n<p>nikog osim tebe<\/p>\n<p>&nbsp;<\/p>\n<p>i tvoga lika<\/p>\n<p>uredno polo\u017eenog<\/p>\n<p>me\u0111u u\u0161tirkanim ko\u0161uljama<\/p>\n<p>&nbsp;<\/p>\n<p>&nbsp;<\/p>\n<p>&nbsp;<\/p>\n<p><strong>SMETLJARI, PERO<\/strong><\/p>\n<p>&nbsp;<\/p>\n<p>Marljiv kao razga\u017een mravinjak,<\/p>\n<p>drevnim bojicama crtam svoju kost.<\/p>\n<p>&nbsp;<\/p>\n<p>Bo\u010dice sa lijekovima,<\/p>\n<p>svjetlucaju na prozorskoj dasci kao rije\u010di<\/p>\n<p>i na rane su popali<\/p>\n<p>&nbsp;<\/p>\n<p>U daljini: ne\u010diji obli potiljak,<\/p>\n<p>zale\u0111eni plovak, i trom<\/p>\n<p>glas kroz \u0161ljunak<\/p>\n<p>grca.<\/p>\n<p>&nbsp;<\/p>\n<p>Put podsje\u0107a na podvijen rep.<\/p>\n<p>&nbsp;<\/p>\n<p>Ujutro smetljari odnose pero,<\/p>\n<p>\u017eene iz ponjava istresaju vru\u0107 prah.<\/p>\n<p>&nbsp;<\/p>\n<p>I dan,<\/p>\n<p>na par sati unajmljena dadilja,<\/p>\n<p>ulazi u stan.<\/p>\n<p>&nbsp;<\/p>\n<p>&nbsp;<\/p>\n<p>&nbsp;<\/p>\n<p><strong>PREPOZNAVANJE. ZALUD<\/strong><\/p>\n<p>&nbsp;<\/p>\n<p>Druga ku\u0107a.<\/p>\n<p>Vidim to po vratima<\/p>\n<p>iza\u0161lim u susret.<\/p>\n<p>Druge, mo\u017eda ljep\u0161e, prizore<\/p>\n<p>prozori opisuju naziru\u0107i me.<\/p>\n<p>Bol, ipak<\/p>\n<p>ne bira predjele.<\/p>\n<p>Bor bira nas.<\/p>\n<p>Kao da vi\u0161e ne sanjam.<\/p>\n<p>Kao da neko budi<\/p>\n<p>avgust vojni\u010dkom cokulom.<\/p>\n<p>I, uvla\u010di se u sobu<\/p>\n<p>kroz nje\u017enu \u017eenstvenost zavjese<\/p>\n<p>brbljanje sa plo\u010dnika.<\/p>\n<p>Ni\u010de list.<\/p>\n<p>I latica.<\/p>\n<p>Ista jeza.<\/p>\n<p>Isti mravlji umor.<\/p>\n<p>Isti nered \u2013 kao vaza<\/p>\n<p>na sredini stola.<\/p>\n<p>&nbsp;<\/p>\n<p>&nbsp;<\/p>\n<p><strong>POSLJEDNJA PEPLA<\/strong><\/p>\n<p>\u201c<em>Jedite svi.<\/em>\u201c<\/p>\n<p>Biblija<\/p>\n<p>Oni su vlasnici tirkizne prozirnosti sjevera<\/p>\n<p>Njihovi nailasci \u0161umskom stazom propra\u0107eni su<\/p>\n<p>Zlehudim dogovorima<\/p>\n<p>\u017dene iz okolnih krajeva prepoznaju rumske vlasi s<\/p>\n<p>njihovih halja<\/p>\n<p>Njihova imena su nje\u017ena kao postave na svadbenim<\/p>\n<p>odijelima<\/p>\n<p>Imaju trajna prijateljstva koja svjedo\u010de pla\u0107eni i<\/p>\n<p>Ugledni svjedoci. Oni \u017eive u tu\u0111em pam\u0107enju<\/p>\n<p>To je njihovo boravi\u0161te<\/p>\n<p>Sve \u0161to je oko njih smatraju ukrasnim odijelom<\/p>\n<p>Orbitaciuma, Oni nemaju partnere, imaju \u0161apta\u010de<\/p>\n<p>Posjeduju teritoriju kuloara, to je prostor staklene<\/p>\n<p>Imaginacije, Njih po\u0161tuju donosioci vijesti<\/p>\n<p>Oni mjere nezaslu\u017eeno, imaju sedam godina uvijek<\/p>\n<p>vi\u0161ka<\/p>\n<p>Niko im nije dosadan i vole klimati glavom<\/p>\n<p>Trguju \u017eenama koje nose nao\u010dale i imaju isklju\u010divo<\/p>\n<p>plavu kosu<\/p>\n<p>To su \u017eene zanosnih pokreta rukom<\/p>\n<p>Oni ne rade posao. Oni su posao<\/p>\n<p>Njihov se posao sastoji od obo\u017eavanja<\/p>\n<p>Svakog drugog osim Boga<\/p>\n<p>Znaju one koji se klanjaju kumiru od zlatne sedre<\/p>\n<p>Bogohulji uzimaju kao revnu nagrade<\/p>\n<p>Oni znaju kamenja odronjeno na putu<\/p>\n<p>Njih interesira rasplet, tra\u017ee one koji \u0107e se Umije\u0161ati<\/p>\n<p>Vole da se u izvje\u0161tajima njihov strukturalni identitet<\/p>\n<p>Mistificira, Svoju vje\u0161tinu skrivaju u Drvodjeljinim<\/p>\n<p>Opilicima, Njih ne priznaju, njima se umiljavaju.<\/p>\n<p>Popravlja\u010di, oni su ti koji poznaju \u010destite Planove<\/p>\n<p>Trguju porodi\u010dnim fotografijama<\/p>\n<p>Na\u0111enim u Ruksacima<\/p>\n<p>Mrtvih vojnika<\/p>\n<p>Vjeruju u tajni esnaf i pla\u0107aju \u010dlanarinu<\/p>\n<p>Oni stoje na vratima koja ozna\u010davaju kraj Trgovine<\/p>\n<p>U njihovo podzemlje Dvojnih knjiga<\/p>\n<p>Ulazi se s Preporukom<\/p>\n<p>Odvagnutom odnosom izme\u0111u ne\u010dujnog i buke<\/p>\n<p>Njihov najunosniji posao bili su suveniri u obliku<\/p>\n<p>Mrtva\u010dkih kov\u010dega, \u0161to su slu\u017eili kao privjesci na<\/p>\n<p>Klju\u010devima soba u priobalnim hotelima<\/p>\n<p>Niko nije do\u0161ao na gozbu, zvao se film \u0161to su ga<\/p>\n<p>producirali<\/p>\n<p>Umije\u0107e obalnog hoda. To je njihovo umije\u0107e<\/p>\n<p>Blizu, to je jedina mjera koju poznaju<\/p>\n<p>Oni \u0107e iskupiti sve \u0161umove koje naprave na\u0161i koraci<\/p>\n<p>Oni oblikuju prah spao sa Pe\u010data<\/p>\n<p>Kruna je obavje\u0161tajni alat.<\/p>\n<p>&nbsp;<\/p>\n<p>&nbsp;<\/p>\n<p>&nbsp;<\/p>\n<p><strong>PLACEBO<\/strong><\/p>\n<p>&nbsp;<\/p>\n<p>&nbsp;<\/p>\n<p>Na mojoj fotografiji<\/p>\n<p>Iz posljednjeg muslimanskoga svjetskoga rata<\/p>\n<p>Ostali su trazi<\/p>\n<p>Ru\u017ea<\/p>\n<p>Najmla\u0111a<\/p>\n<p>Djevoj\u010dica<\/p>\n<p>Koja je brala tre\u0161nje<\/p>\n<p>\u010cetrdeset hiljada volova<\/p>\n<p>Brizgaju savsku pra\u0161inu<\/p>\n<p>Za\u0161to svojim odrezanim<\/p>\n<p>Noktima ga\u0111am zid<\/p>\n<p>Vodi\u0161 me zubaru<\/p>\n<p>i ja se pretvaram u siluetni<\/p>\n<p>Du\u0161ek na pla\u017ei po kojem lije\u017ee\u0161<\/p>\n<p>Ti nisu trudna ti si<\/p>\n<p>Jeckey Ballons<\/p>\n<p>Zapadno nebo, crveno kao tvoje neznanje<\/p>\n<p>U jesen, kada jesen tra\u017ei tvoje rame za svoju cvat<\/p>\n<p>&nbsp;<\/p>\n<p>Ona me \u0161alje<\/p>\n<p>Bi\u0107ima presvu\u010denima u \u010dovjeka<\/p>\n<p>&nbsp;<\/p>\n<p>Negdje, me\u0111u<\/p>\n<p>Instaliran kazali\u0161nim mu\u010dionicama<\/p>\n<p>Gdje \u017eivim kao mladi anorbi<\/p>\n<p>Ja nisam racionalan<\/p>\n<p>Ja sam teocilan<\/p>\n<p>&nbsp;<\/p>\n<p>Radio je javio:<\/p>\n<p>Ne izgovara se Amerika,<\/p>\n<p>Ka\u017ee se Amerija<\/p>\n<p>Ne ka\u017ee se Narodna Republika Kina, ka\u017ee<\/p>\n<p>Se Kinezija<\/p>\n<p>Busodrom<\/p>\n<p>Tijelo je samo napravilo krevet<\/p>","protected":false},"excerpt":{"rendered":"<p>Selim Arnaut (Zenica, 1962.) Poetika Selima Arnauta\u00a0 je po svemu suprotnost modernisti\u010dkom naslje\u0111u u shvatanjima poezije, a prije svega onom tipu mno\u0161tvne komunikativnosti i nagla\u0161ene jasnosti kojoj su strane niskoretori\u010dne kategorije. Pjesnikova sudbina, me\u0111utim, gotovo da je u svemu odredila &hellip; <a href=\"https:\/\/knjigoljubac.ba\/bs\/product\/antologija-bosnjacke-poezije-u-redakciji-almira-zalihica-selim-arnaut\/\">Readmore<\/a><\/p>","protected":false},"featured_media":12121,"template":"","meta":[],"product_brand":[],"product_cat":[15,305,659],"product_tag":[664,670],"class_list":{"0":"post-12120","1":"product","2":"type-product","3":"status-publish","4":"has-post-thumbnail","6":"product_cat-nekategorizirano","7":"product_cat-antologije","8":"product_cat-antologija-bosnjacke-poezije-u-redakciji-almira-zalihica","9":"product_tag-antologija-bosnjacke-poezije-u-redakciji-almira-zalihica","10":"product_tag-selim-arnaut","12":"first","13":"instock","14":"taxable","15":"shipping-taxable","16":"product-type-simple"},"yoast_head":"<!-- This site is optimized with the Yoast SEO plugin v27.5 - https:\/\/yoast.com\/product\/yoast-seo-wordpress\/ -->\n<title>ANTOLOGIJA BO\u0160NJA\u010cKE POEZIJE U REDAKCIJI ALMIRA ZALIHI\u0106A \u2013 Selim Arnaut - KNJIGOLJUBAC<\/title>\n<meta name=\"robots\" content=\"index, follow, max-snippet:-1, max-image-preview:large, max-video-preview:-1\" \/>\n<link rel=\"canonical\" href=\"https:\/\/knjigoljubac.ba\/bs\/product\/antologija-bosnjacke-poezije-u-redakciji-almira-zalihica-selim-arnaut\/\" \/>\n<meta property=\"og:locale\" content=\"bs_BA\" \/>\n<meta property=\"og:type\" content=\"article\" \/>\n<meta property=\"og:title\" content=\"ANTOLOGIJA BO\u0160NJA\u010cKE POEZIJE U REDAKCIJI ALMIRA ZALIHI\u0106A \u2013 Selim Arnaut - KNJIGOLJUBAC\" \/>\n<meta property=\"og:description\" content=\"Selim Arnaut (Zenica, 1962.) Poetika Selima Arnauta\u00a0 je po svemu suprotnost modernisti\u010dkom naslje\u0111u u shvatanjima poezije, a prije svega onom tipu mno\u0161tvne komunikativnosti i nagla\u0161ene jasnosti kojoj su strane niskoretori\u010dne kategorije. Pjesnikova sudbina, me\u0111utim, gotovo da je u svemu odredila &hellip; Readmore\" \/>\n<meta property=\"og:url\" content=\"https:\/\/knjigoljubac.ba\/bs\/product\/antologija-bosnjacke-poezije-u-redakciji-almira-zalihica-selim-arnaut\/\" \/>\n<meta property=\"og:site_name\" content=\"KNJIGOLJUBAC\" \/>\n<meta property=\"article:publisher\" content=\"https:\/\/www.facebook.com\/knjigoljubacba-106067741319857\/?ref=pages_you_manage\" \/>\n<meta property=\"og:image\" content=\"https:\/\/knjigoljubac.ba\/wp-content\/uploads\/2020\/12\/selim-arnaut-1.jpg\" \/>\n\t<meta property=\"og:image:width\" content=\"160\" \/>\n\t<meta property=\"og:image:height\" content=\"226\" \/>\n\t<meta property=\"og:image:type\" content=\"image\/jpeg\" \/>\n<meta name=\"twitter:card\" content=\"summary_large_image\" \/>\n<meta name=\"twitter:label1\" content=\"Est. reading time\" \/>\n\t<meta name=\"twitter:data1\" content=\"6 minuta\" \/>\n<script type=\"application\/ld+json\" class=\"yoast-schema-graph\">{\"@context\":\"https:\\\/\\\/schema.org\",\"@graph\":[{\"@type\":\"WebPage\",\"@id\":\"https:\\\/\\\/knjigoljubac.ba\\\/product\\\/antologija-bosnjacke-poezije-u-redakciji-almira-zalihica-selim-arnaut\\\/\",\"url\":\"https:\\\/\\\/knjigoljubac.ba\\\/product\\\/antologija-bosnjacke-poezije-u-redakciji-almira-zalihica-selim-arnaut\\\/\",\"name\":\"ANTOLOGIJA BO\u0160NJA\u010cKE POEZIJE U REDAKCIJI ALMIRA ZALIHI\u0106A \u2013 Selim Arnaut - KNJIGOLJUBAC\",\"isPartOf\":{\"@id\":\"https:\\\/\\\/knjigoljubac.ba\\\/#website\"},\"primaryImageOfPage\":{\"@id\":\"https:\\\/\\\/knjigoljubac.ba\\\/product\\\/antologija-bosnjacke-poezije-u-redakciji-almira-zalihica-selim-arnaut\\\/#primaryimage\"},\"image\":{\"@id\":\"https:\\\/\\\/knjigoljubac.ba\\\/product\\\/antologija-bosnjacke-poezije-u-redakciji-almira-zalihica-selim-arnaut\\\/#primaryimage\"},\"thumbnailUrl\":\"https:\\\/\\\/knjigoljubac.ba\\\/wp-content\\\/uploads\\\/2020\\\/12\\\/selim-arnaut-1.jpg\",\"datePublished\":\"2020-12-26T17:05:21+00:00\",\"breadcrumb\":{\"@id\":\"https:\\\/\\\/knjigoljubac.ba\\\/product\\\/antologija-bosnjacke-poezije-u-redakciji-almira-zalihica-selim-arnaut\\\/#breadcrumb\"},\"inLanguage\":\"bs-BA\",\"potentialAction\":[{\"@type\":\"ReadAction\",\"target\":[\"https:\\\/\\\/knjigoljubac.ba\\\/product\\\/antologija-bosnjacke-poezije-u-redakciji-almira-zalihica-selim-arnaut\\\/\"]}]},{\"@type\":\"ImageObject\",\"inLanguage\":\"bs-BA\",\"@id\":\"https:\\\/\\\/knjigoljubac.ba\\\/product\\\/antologija-bosnjacke-poezije-u-redakciji-almira-zalihica-selim-arnaut\\\/#primaryimage\",\"url\":\"https:\\\/\\\/knjigoljubac.ba\\\/wp-content\\\/uploads\\\/2020\\\/12\\\/selim-arnaut-1.jpg\",\"contentUrl\":\"https:\\\/\\\/knjigoljubac.ba\\\/wp-content\\\/uploads\\\/2020\\\/12\\\/selim-arnaut-1.jpg\",\"width\":160,\"height\":226},{\"@type\":\"BreadcrumbList\",\"@id\":\"https:\\\/\\\/knjigoljubac.ba\\\/product\\\/antologija-bosnjacke-poezije-u-redakciji-almira-zalihica-selim-arnaut\\\/#breadcrumb\",\"itemListElement\":[{\"@type\":\"ListItem\",\"position\":1,\"name\":\"Po\u010detna stranica\",\"item\":\"https:\\\/\\\/knjigoljubac.ba\\\/\"},{\"@type\":\"ListItem\",\"position\":2,\"name\":\"Trgovina\",\"item\":\"https:\\\/\\\/knjigoljubac.ba\\\/trgovina\\\/\"},{\"@type\":\"ListItem\",\"position\":3,\"name\":\"ANTOLOGIJA BO\u0160NJA\u010cKE POEZIJE U REDAKCIJI ALMIRA ZALIHI\u0106A \u2013 Selim Arnaut\"}]},{\"@type\":\"WebSite\",\"@id\":\"https:\\\/\\\/knjigoljubac.ba\\\/#website\",\"url\":\"https:\\\/\\\/knjigoljubac.ba\\\/\",\"name\":\"KNJIGOLJUBAC\",\"description\":\"Va\u0161a online knji\u017eara\",\"publisher\":{\"@id\":\"https:\\\/\\\/knjigoljubac.ba\\\/#organization\"},\"potentialAction\":[{\"@type\":\"SearchAction\",\"target\":{\"@type\":\"EntryPoint\",\"urlTemplate\":\"https:\\\/\\\/knjigoljubac.ba\\\/?s={search_term_string}\"},\"query-input\":{\"@type\":\"PropertyValueSpecification\",\"valueRequired\":true,\"valueName\":\"search_term_string\"}}],\"inLanguage\":\"bs-BA\"},{\"@type\":\"Organization\",\"@id\":\"https:\\\/\\\/knjigoljubac.ba\\\/#organization\",\"name\":\"KNJIGOLJUBAC\",\"url\":\"https:\\\/\\\/knjigoljubac.ba\\\/\",\"logo\":{\"@type\":\"ImageObject\",\"inLanguage\":\"bs-BA\",\"@id\":\"https:\\\/\\\/knjigoljubac.ba\\\/#\\\/schema\\\/logo\\\/image\\\/\",\"url\":\"https:\\\/\\\/knjigoljubac.ba\\\/wp-content\\\/uploads\\\/2021\\\/09\\\/logo-novi-1024x465.png\",\"contentUrl\":\"https:\\\/\\\/knjigoljubac.ba\\\/wp-content\\\/uploads\\\/2021\\\/09\\\/logo-novi-1024x465.png\",\"width\":1024,\"height\":465,\"caption\":\"KNJIGOLJUBAC\"},\"image\":{\"@id\":\"https:\\\/\\\/knjigoljubac.ba\\\/#\\\/schema\\\/logo\\\/image\\\/\"},\"sameAs\":[\"https:\\\/\\\/www.facebook.com\\\/knjigoljubacba-106067741319857\\\/?ref=pages_you_manage\",\"https:\\\/\\\/www.instagram.com\\\/knjigoljubacbrcko\\\/\"]}]}<\/script>\n<!-- \/ Yoast SEO plugin. -->","yoast_head_json":{"title":"ANTOLOGIJA BO\u0160NJA\u010cKE POEZIJE U REDAKCIJI ALMIRA ZALIHI\u0106A \u2013 Selim Arnaut - KNJIGOLJUBAC","robots":{"index":"index","follow":"follow","max-snippet":"max-snippet:-1","max-image-preview":"max-image-preview:large","max-video-preview":"max-video-preview:-1"},"canonical":"https:\/\/knjigoljubac.ba\/bs\/product\/antologija-bosnjacke-poezije-u-redakciji-almira-zalihica-selim-arnaut\/","og_locale":"bs_BA","og_type":"article","og_title":"ANTOLOGIJA BO\u0160NJA\u010cKE POEZIJE U REDAKCIJI ALMIRA ZALIHI\u0106A \u2013 Selim Arnaut - KNJIGOLJUBAC","og_description":"Selim Arnaut (Zenica, 1962.) Poetika Selima Arnauta\u00a0 je po svemu suprotnost modernisti\u010dkom naslje\u0111u u shvatanjima poezije, a prije svega onom tipu mno\u0161tvne komunikativnosti i nagla\u0161ene jasnosti kojoj su strane niskoretori\u010dne kategorije. Pjesnikova sudbina, me\u0111utim, gotovo da je u svemu odredila &hellip; Readmore","og_url":"https:\/\/knjigoljubac.ba\/bs\/product\/antologija-bosnjacke-poezije-u-redakciji-almira-zalihica-selim-arnaut\/","og_site_name":"KNJIGOLJUBAC","article_publisher":"https:\/\/www.facebook.com\/knjigoljubacba-106067741319857\/?ref=pages_you_manage","og_image":[{"width":160,"height":226,"url":"https:\/\/knjigoljubac.ba\/wp-content\/uploads\/2020\/12\/selim-arnaut-1.jpg","type":"image\/jpeg"}],"twitter_card":"summary_large_image","twitter_misc":{"Est. reading time":"6 minuta"},"schema":{"@context":"https:\/\/schema.org","@graph":[{"@type":"WebPage","@id":"https:\/\/knjigoljubac.ba\/product\/antologija-bosnjacke-poezije-u-redakciji-almira-zalihica-selim-arnaut\/","url":"https:\/\/knjigoljubac.ba\/product\/antologija-bosnjacke-poezije-u-redakciji-almira-zalihica-selim-arnaut\/","name":"ANTOLOGIJA BO\u0160NJA\u010cKE POEZIJE U REDAKCIJI ALMIRA ZALIHI\u0106A \u2013 Selim Arnaut - KNJIGOLJUBAC","isPartOf":{"@id":"https:\/\/knjigoljubac.ba\/#website"},"primaryImageOfPage":{"@id":"https:\/\/knjigoljubac.ba\/product\/antologija-bosnjacke-poezije-u-redakciji-almira-zalihica-selim-arnaut\/#primaryimage"},"image":{"@id":"https:\/\/knjigoljubac.ba\/product\/antologija-bosnjacke-poezije-u-redakciji-almira-zalihica-selim-arnaut\/#primaryimage"},"thumbnailUrl":"https:\/\/knjigoljubac.ba\/wp-content\/uploads\/2020\/12\/selim-arnaut-1.jpg","datePublished":"2020-12-26T17:05:21+00:00","breadcrumb":{"@id":"https:\/\/knjigoljubac.ba\/product\/antologija-bosnjacke-poezije-u-redakciji-almira-zalihica-selim-arnaut\/#breadcrumb"},"inLanguage":"bs-BA","potentialAction":[{"@type":"ReadAction","target":["https:\/\/knjigoljubac.ba\/product\/antologija-bosnjacke-poezije-u-redakciji-almira-zalihica-selim-arnaut\/"]}]},{"@type":"ImageObject","inLanguage":"bs-BA","@id":"https:\/\/knjigoljubac.ba\/product\/antologija-bosnjacke-poezije-u-redakciji-almira-zalihica-selim-arnaut\/#primaryimage","url":"https:\/\/knjigoljubac.ba\/wp-content\/uploads\/2020\/12\/selim-arnaut-1.jpg","contentUrl":"https:\/\/knjigoljubac.ba\/wp-content\/uploads\/2020\/12\/selim-arnaut-1.jpg","width":160,"height":226},{"@type":"BreadcrumbList","@id":"https:\/\/knjigoljubac.ba\/product\/antologija-bosnjacke-poezije-u-redakciji-almira-zalihica-selim-arnaut\/#breadcrumb","itemListElement":[{"@type":"ListItem","position":1,"name":"Po\u010detna stranica","item":"https:\/\/knjigoljubac.ba\/"},{"@type":"ListItem","position":2,"name":"Trgovina","item":"https:\/\/knjigoljubac.ba\/trgovina\/"},{"@type":"ListItem","position":3,"name":"ANTOLOGIJA BO\u0160NJA\u010cKE POEZIJE U REDAKCIJI ALMIRA ZALIHI\u0106A \u2013 Selim Arnaut"}]},{"@type":"WebSite","@id":"https:\/\/knjigoljubac.ba\/#website","url":"https:\/\/knjigoljubac.ba\/","name":"KNJIGOLJUBAC","description":"Va\u0161a online knji\u017eara","publisher":{"@id":"https:\/\/knjigoljubac.ba\/#organization"},"potentialAction":[{"@type":"SearchAction","target":{"@type":"EntryPoint","urlTemplate":"https:\/\/knjigoljubac.ba\/?s={search_term_string}"},"query-input":{"@type":"PropertyValueSpecification","valueRequired":true,"valueName":"search_term_string"}}],"inLanguage":"bs-BA"},{"@type":"Organization","@id":"https:\/\/knjigoljubac.ba\/#organization","name":"KNJIGOLJUBAC","url":"https:\/\/knjigoljubac.ba\/","logo":{"@type":"ImageObject","inLanguage":"bs-BA","@id":"https:\/\/knjigoljubac.ba\/#\/schema\/logo\/image\/","url":"https:\/\/knjigoljubac.ba\/wp-content\/uploads\/2021\/09\/logo-novi-1024x465.png","contentUrl":"https:\/\/knjigoljubac.ba\/wp-content\/uploads\/2021\/09\/logo-novi-1024x465.png","width":1024,"height":465,"caption":"KNJIGOLJUBAC"},"image":{"@id":"https:\/\/knjigoljubac.ba\/#\/schema\/logo\/image\/"},"sameAs":["https:\/\/www.facebook.com\/knjigoljubacba-106067741319857\/?ref=pages_you_manage","https:\/\/www.instagram.com\/knjigoljubacbrcko\/"]}]}},"jetpack_sharing_enabled":true,"_links":{"self":[{"href":"https:\/\/knjigoljubac.ba\/bs\/wp-json\/wp\/v2\/product\/12120","targetHints":{"allow":["GET"]}}],"collection":[{"href":"https:\/\/knjigoljubac.ba\/bs\/wp-json\/wp\/v2\/product"}],"about":[{"href":"https:\/\/knjigoljubac.ba\/bs\/wp-json\/wp\/v2\/types\/product"}],"wp:featuredmedia":[{"embeddable":true,"href":"https:\/\/knjigoljubac.ba\/bs\/wp-json\/wp\/v2\/media\/12121"}],"wp:attachment":[{"href":"https:\/\/knjigoljubac.ba\/bs\/wp-json\/wp\/v2\/media?parent=12120"}],"wp:term":[{"taxonomy":"product_brand","embeddable":true,"href":"https:\/\/knjigoljubac.ba\/bs\/wp-json\/wp\/v2\/product_brand?post=12120"},{"taxonomy":"product_cat","embeddable":true,"href":"https:\/\/knjigoljubac.ba\/bs\/wp-json\/wp\/v2\/product_cat?post=12120"},{"taxonomy":"product_tag","embeddable":true,"href":"https:\/\/knjigoljubac.ba\/bs\/wp-json\/wp\/v2\/product_tag?post=12120"}],"curies":[{"name":"wp","href":"https:\/\/api.w.org\/{rel}","templated":true}]}}