{"id":11992,"date":"2020-12-22T20:57:13","date_gmt":"2020-12-22T20:57:13","guid":{"rendered":"https:\/\/knjigoljubac.ba\/?post_type=product&#038;p=11992"},"modified":"2020-12-22T20:57:14","modified_gmt":"2020-12-22T20:57:14","slug":"medicinski-medijum","status":"publish","type":"product","link":"https:\/\/knjigoljubac.ba\/bs\/product\/medicinski-medijum\/","title":{"rendered":"Medicinski medijum"},"content":{"rendered":"<p>Entoni Vilijam, jedan i jedini medicinski medijum, pomogao je desetinama hiljada ljudi da se izle\u010de od bolesti koje su im ili pogre\u0161no dijagnozirane, ili neuspe\u0161no le\u010dene, ili lekari nisu mogli da ih re\u0161e. \u010cinio je to tako \u0161to je slu\u0161ao bo\u017eanski glas koji mu je doslovce na uho govorio \u0161ta ljudima le\u017ei u korenu bola ili bolesti i \u0161ta treba da rade da bi povratili zdravlje. Njegove metode posti\u017eu izvanredne rezultate, \u010dak i za one koji su stra\u0107ili silne godine i potro\u0161ili brda para na sve oblike medicine pre nego \u0161to su se okrenuli njemu.<\/p>\n<div id=\"accordion2\" class=\"accordion\">\n<div class=\"accordion-group\">\n<div id=\"collapseTwo\" class=\"accordion-body collapse in\">\n<div class=\"accordion-inner\">\n<blockquote><p>Sada, u ovoj revolucionarnoj knjizi, otvara vrata svega \u0161to je nau\u010dio tokom vi\u0161e od dvadeset pet godina obnavljanja ljudskih \u017eivota: ogromnu koli\u010dinu isceljuju\u0107ih informacija koje nauka ne\u0107e otkriti jo\u0161 decenijama, i koje se uglavnom nikada nigde ranije nisu pojavile.<\/p>\n<p><strong>U ovoj sjajnoj knjizi otkri\u0107ete:<\/strong><br \/>\n\u2013 Koren uzroka bolesti i stanja koje medicina ili ne razume na pravi na\u010din ili se jo\u0161 uvek bori da razume.<br \/>\n\u2013 Potpuno prirodna re\u0161enja za desetine bolesti koje nas mu\u010de, uklju\u010duju\u0107i Lajmsku bolest, fibromijalgiju, adrenalni umor, sindrom hroni\u010dnog umora, hormonske neravnote\u017ee, Ha\u0161imotovu bolest, multiplu sklerozu, depresiju, neurolo\u0161ke poreme\u0107aje, hroni\u010dna zapaljenja, autoimune bolesti, neravnote\u017ee \u0161e\u0107era u krvi, kolitis i druge.<br \/>\n\u2013 Re\u0161enja za obnovu du\u0161e i duha nakon \u0161to je bolest razorila emocionalni sklop.<\/p>\n<p>Bilo da ste dobili dijagnozu koju ne razumete ili da imate simptome koje ne umete da imenujete, ili je bolestan neko koga volite, ili \u017eelite da se bolje brinete o svojim pacijentima, Medicinski medijum nudi odgovore koji su vam potrebni. Ova knjiga tako\u0111e je i priru\u010dnik za svakoga ko tra\u017ei tajne za du\u017ei i zdraviji \u017eivot.<\/p>\n<p><em>\u201eEntoni je vidovnjak i mudrac za zdravlje. Poseduje izuzetan dar. Uz njegovu pomo\u0107 uspeo sam da odredim i razre\u0161im zdravstveni problem koji me je godinama mu\u010dio.\u201c<\/em><br \/>\n\u2013 Kris Kar, bestseler autor Njujork tajmsa<\/p><\/blockquote>\n<\/div>\n<\/div>\n<\/div>\n<\/div>","protected":false},"excerpt":{"rendered":"<ul>\n<li>Autor: Entoni Vilijams<\/li>\n<li><strong>Izdava\u010d:<\/strong>\u00a0 Leo Commerce<\/li>\n<li id=\"art_podaci_div\">\n<div><strong>Pismo<\/strong>: Latinica<\/div>\n<div><\/div>\n<\/li>\n<li>\n<div><strong>Povez<\/strong>: Bro\u0161iran<\/div>\n<div><\/div>\n<\/li>\n<li>\n<div><strong>Format<\/strong>: 15 x 23 cm<\/div>\n<div><\/div>\n<\/li>\n<li>\n<div><strong>Godina izdanja<\/strong>: 2016.<\/div>\n<\/li>\n<li><strong>ISBN<\/strong>:9788679504197<\/li>\n<\/ul>","protected":false},"featured_media":11993,"template":"","meta":[],"product_brand":[],"product_cat":[325,278],"product_tag":[622,623],"class_list":{"0":"post-11992","1":"product","2":"type-product","3":"status-publish","4":"has-post-thumbnail","6":"product_cat-najnovije-u-knjizari","7":"product_cat-publicistika","8":"product_tag-entoni-vilijams","9":"product_tag-medicinski-medijum","11":"first","12":"instock","13":"sale","14":"taxable","15":"shipping-taxable","16":"purchasable","17":"product-type-simple"},"yoast_head":"<!-- This site is optimized with the Yoast SEO plugin v27.5 - https:\/\/yoast.com\/product\/yoast-seo-wordpress\/ -->\n<title>Medicinski medijum - KNJIGOLJUBAC<\/title>\n<meta name=\"robots\" content=\"index, follow, max-snippet:-1, max-image-preview:large, max-video-preview:-1\" \/>\n<link rel=\"canonical\" href=\"https:\/\/knjigoljubac.ba\/bs\/product\/medicinski-medijum\/\" \/>\n<meta property=\"og:locale\" content=\"bs_BA\" \/>\n<meta property=\"og:type\" content=\"article\" \/>\n<meta property=\"og:title\" content=\"Medicinski medijum - KNJIGOLJUBAC\" \/>\n<meta property=\"og:description\" content=\"Autor: Entoni Vilijams  Izdava\u010d:\u00a0 Leo Commerce   Pismo: Latinica    Povez: Bro\u0161iran    Format: 15 x 23 cm    Godina izdanja: 2016.  ISBN:9788679504197\" \/>\n<meta property=\"og:url\" content=\"https:\/\/knjigoljubac.ba\/bs\/product\/medicinski-medijum\/\" \/>\n<meta property=\"og:site_name\" content=\"KNJIGOLJUBAC\" \/>\n<meta property=\"article:publisher\" content=\"https:\/\/www.facebook.com\/knjigoljubacba-106067741319857\/?ref=pages_you_manage\" \/>\n<meta property=\"article:modified_time\" content=\"2020-12-22T20:57:14+00:00\" \/>\n<meta property=\"og:image\" content=\"https:\/\/knjigoljubac.ba\/wp-content\/uploads\/2020\/12\/medicinski-medijum-250x250-1.jpg\" \/>\n\t<meta property=\"og:image:width\" content=\"160\" \/>\n\t<meta property=\"og:image:height\" content=\"226\" \/>\n\t<meta property=\"og:image:type\" content=\"image\/jpeg\" \/>\n<meta name=\"twitter:card\" content=\"summary_large_image\" \/>\n<meta name=\"twitter:label1\" content=\"Est. reading time\" \/>\n\t<meta name=\"twitter:data1\" content=\"2 minute\" \/>\n<script type=\"application\/ld+json\" class=\"yoast-schema-graph\">{\"@context\":\"https:\\\/\\\/schema.org\",\"@graph\":[{\"@type\":\"WebPage\",\"@id\":\"https:\\\/\\\/knjigoljubac.ba\\\/product\\\/medicinski-medijum\\\/\",\"url\":\"https:\\\/\\\/knjigoljubac.ba\\\/product\\\/medicinski-medijum\\\/\",\"name\":\"Medicinski medijum - KNJIGOLJUBAC\",\"isPartOf\":{\"@id\":\"https:\\\/\\\/knjigoljubac.ba\\\/#website\"},\"primaryImageOfPage\":{\"@id\":\"https:\\\/\\\/knjigoljubac.ba\\\/product\\\/medicinski-medijum\\\/#primaryimage\"},\"image\":{\"@id\":\"https:\\\/\\\/knjigoljubac.ba\\\/product\\\/medicinski-medijum\\\/#primaryimage\"},\"thumbnailUrl\":\"https:\\\/\\\/knjigoljubac.ba\\\/wp-content\\\/uploads\\\/2020\\\/12\\\/medicinski-medijum-250x250-1.jpg\",\"datePublished\":\"2020-12-22T20:57:13+00:00\",\"dateModified\":\"2020-12-22T20:57:14+00:00\",\"breadcrumb\":{\"@id\":\"https:\\\/\\\/knjigoljubac.ba\\\/product\\\/medicinski-medijum\\\/#breadcrumb\"},\"inLanguage\":\"bs-BA\",\"potentialAction\":[{\"@type\":\"ReadAction\",\"target\":[\"https:\\\/\\\/knjigoljubac.ba\\\/product\\\/medicinski-medijum\\\/\"]}]},{\"@type\":\"ImageObject\",\"inLanguage\":\"bs-BA\",\"@id\":\"https:\\\/\\\/knjigoljubac.ba\\\/product\\\/medicinski-medijum\\\/#primaryimage\",\"url\":\"https:\\\/\\\/knjigoljubac.ba\\\/wp-content\\\/uploads\\\/2020\\\/12\\\/medicinski-medijum-250x250-1.jpg\",\"contentUrl\":\"https:\\\/\\\/knjigoljubac.ba\\\/wp-content\\\/uploads\\\/2020\\\/12\\\/medicinski-medijum-250x250-1.jpg\",\"width\":160,\"height\":226},{\"@type\":\"BreadcrumbList\",\"@id\":\"https:\\\/\\\/knjigoljubac.ba\\\/product\\\/medicinski-medijum\\\/#breadcrumb\",\"itemListElement\":[{\"@type\":\"ListItem\",\"position\":1,\"name\":\"Po\u010detna stranica\",\"item\":\"https:\\\/\\\/knjigoljubac.ba\\\/\"},{\"@type\":\"ListItem\",\"position\":2,\"name\":\"Trgovina\",\"item\":\"https:\\\/\\\/knjigoljubac.ba\\\/trgovina\\\/\"},{\"@type\":\"ListItem\",\"position\":3,\"name\":\"Medicinski medijum\"}]},{\"@type\":\"WebSite\",\"@id\":\"https:\\\/\\\/knjigoljubac.ba\\\/#website\",\"url\":\"https:\\\/\\\/knjigoljubac.ba\\\/\",\"name\":\"KNJIGOLJUBAC\",\"description\":\"Va\u0161a online knji\u017eara\",\"publisher\":{\"@id\":\"https:\\\/\\\/knjigoljubac.ba\\\/#organization\"},\"potentialAction\":[{\"@type\":\"SearchAction\",\"target\":{\"@type\":\"EntryPoint\",\"urlTemplate\":\"https:\\\/\\\/knjigoljubac.ba\\\/?s={search_term_string}\"},\"query-input\":{\"@type\":\"PropertyValueSpecification\",\"valueRequired\":true,\"valueName\":\"search_term_string\"}}],\"inLanguage\":\"bs-BA\"},{\"@type\":\"Organization\",\"@id\":\"https:\\\/\\\/knjigoljubac.ba\\\/#organization\",\"name\":\"KNJIGOLJUBAC\",\"url\":\"https:\\\/\\\/knjigoljubac.ba\\\/\",\"logo\":{\"@type\":\"ImageObject\",\"inLanguage\":\"bs-BA\",\"@id\":\"https:\\\/\\\/knjigoljubac.ba\\\/#\\\/schema\\\/logo\\\/image\\\/\",\"url\":\"https:\\\/\\\/knjigoljubac.ba\\\/wp-content\\\/uploads\\\/2021\\\/09\\\/logo-novi-1024x465.png\",\"contentUrl\":\"https:\\\/\\\/knjigoljubac.ba\\\/wp-content\\\/uploads\\\/2021\\\/09\\\/logo-novi-1024x465.png\",\"width\":1024,\"height\":465,\"caption\":\"KNJIGOLJUBAC\"},\"image\":{\"@id\":\"https:\\\/\\\/knjigoljubac.ba\\\/#\\\/schema\\\/logo\\\/image\\\/\"},\"sameAs\":[\"https:\\\/\\\/www.facebook.com\\\/knjigoljubacba-106067741319857\\\/?ref=pages_you_manage\",\"https:\\\/\\\/www.instagram.com\\\/knjigoljubacbrcko\\\/\"]}]}<\/script>\n<!-- \/ Yoast SEO plugin. -->","yoast_head_json":{"title":"Medicinski medijum - KNJIGOLJUBAC","robots":{"index":"index","follow":"follow","max-snippet":"max-snippet:-1","max-image-preview":"max-image-preview:large","max-video-preview":"max-video-preview:-1"},"canonical":"https:\/\/knjigoljubac.ba\/bs\/product\/medicinski-medijum\/","og_locale":"bs_BA","og_type":"article","og_title":"Medicinski medijum - KNJIGOLJUBAC","og_description":"Autor: Entoni Vilijams  Izdava\u010d:\u00a0 Leo Commerce   Pismo: Latinica    Povez: Bro\u0161iran    Format: 15 x 23 cm    Godina izdanja: 2016.  ISBN:9788679504197","og_url":"https:\/\/knjigoljubac.ba\/bs\/product\/medicinski-medijum\/","og_site_name":"KNJIGOLJUBAC","article_publisher":"https:\/\/www.facebook.com\/knjigoljubacba-106067741319857\/?ref=pages_you_manage","article_modified_time":"2020-12-22T20:57:14+00:00","og_image":[{"width":160,"height":226,"url":"https:\/\/knjigoljubac.ba\/wp-content\/uploads\/2020\/12\/medicinski-medijum-250x250-1.jpg","type":"image\/jpeg"}],"twitter_card":"summary_large_image","twitter_misc":{"Est. reading time":"2 minute"},"schema":{"@context":"https:\/\/schema.org","@graph":[{"@type":"WebPage","@id":"https:\/\/knjigoljubac.ba\/product\/medicinski-medijum\/","url":"https:\/\/knjigoljubac.ba\/product\/medicinski-medijum\/","name":"Medicinski medijum - KNJIGOLJUBAC","isPartOf":{"@id":"https:\/\/knjigoljubac.ba\/#website"},"primaryImageOfPage":{"@id":"https:\/\/knjigoljubac.ba\/product\/medicinski-medijum\/#primaryimage"},"image":{"@id":"https:\/\/knjigoljubac.ba\/product\/medicinski-medijum\/#primaryimage"},"thumbnailUrl":"https:\/\/knjigoljubac.ba\/wp-content\/uploads\/2020\/12\/medicinski-medijum-250x250-1.jpg","datePublished":"2020-12-22T20:57:13+00:00","dateModified":"2020-12-22T20:57:14+00:00","breadcrumb":{"@id":"https:\/\/knjigoljubac.ba\/product\/medicinski-medijum\/#breadcrumb"},"inLanguage":"bs-BA","potentialAction":[{"@type":"ReadAction","target":["https:\/\/knjigoljubac.ba\/product\/medicinski-medijum\/"]}]},{"@type":"ImageObject","inLanguage":"bs-BA","@id":"https:\/\/knjigoljubac.ba\/product\/medicinski-medijum\/#primaryimage","url":"https:\/\/knjigoljubac.ba\/wp-content\/uploads\/2020\/12\/medicinski-medijum-250x250-1.jpg","contentUrl":"https:\/\/knjigoljubac.ba\/wp-content\/uploads\/2020\/12\/medicinski-medijum-250x250-1.jpg","width":160,"height":226},{"@type":"BreadcrumbList","@id":"https:\/\/knjigoljubac.ba\/product\/medicinski-medijum\/#breadcrumb","itemListElement":[{"@type":"ListItem","position":1,"name":"Po\u010detna stranica","item":"https:\/\/knjigoljubac.ba\/"},{"@type":"ListItem","position":2,"name":"Trgovina","item":"https:\/\/knjigoljubac.ba\/trgovina\/"},{"@type":"ListItem","position":3,"name":"Medicinski medijum"}]},{"@type":"WebSite","@id":"https:\/\/knjigoljubac.ba\/#website","url":"https:\/\/knjigoljubac.ba\/","name":"KNJIGOLJUBAC","description":"Va\u0161a online knji\u017eara","publisher":{"@id":"https:\/\/knjigoljubac.ba\/#organization"},"potentialAction":[{"@type":"SearchAction","target":{"@type":"EntryPoint","urlTemplate":"https:\/\/knjigoljubac.ba\/?s={search_term_string}"},"query-input":{"@type":"PropertyValueSpecification","valueRequired":true,"valueName":"search_term_string"}}],"inLanguage":"bs-BA"},{"@type":"Organization","@id":"https:\/\/knjigoljubac.ba\/#organization","name":"KNJIGOLJUBAC","url":"https:\/\/knjigoljubac.ba\/","logo":{"@type":"ImageObject","inLanguage":"bs-BA","@id":"https:\/\/knjigoljubac.ba\/#\/schema\/logo\/image\/","url":"https:\/\/knjigoljubac.ba\/wp-content\/uploads\/2021\/09\/logo-novi-1024x465.png","contentUrl":"https:\/\/knjigoljubac.ba\/wp-content\/uploads\/2021\/09\/logo-novi-1024x465.png","width":1024,"height":465,"caption":"KNJIGOLJUBAC"},"image":{"@id":"https:\/\/knjigoljubac.ba\/#\/schema\/logo\/image\/"},"sameAs":["https:\/\/www.facebook.com\/knjigoljubacba-106067741319857\/?ref=pages_you_manage","https:\/\/www.instagram.com\/knjigoljubacbrcko\/"]}]}},"jetpack_sharing_enabled":true,"_links":{"self":[{"href":"https:\/\/knjigoljubac.ba\/bs\/wp-json\/wp\/v2\/product\/11992","targetHints":{"allow":["GET"]}}],"collection":[{"href":"https:\/\/knjigoljubac.ba\/bs\/wp-json\/wp\/v2\/product"}],"about":[{"href":"https:\/\/knjigoljubac.ba\/bs\/wp-json\/wp\/v2\/types\/product"}],"wp:featuredmedia":[{"embeddable":true,"href":"https:\/\/knjigoljubac.ba\/bs\/wp-json\/wp\/v2\/media\/11993"}],"wp:attachment":[{"href":"https:\/\/knjigoljubac.ba\/bs\/wp-json\/wp\/v2\/media?parent=11992"}],"wp:term":[{"taxonomy":"product_brand","embeddable":true,"href":"https:\/\/knjigoljubac.ba\/bs\/wp-json\/wp\/v2\/product_brand?post=11992"},{"taxonomy":"product_cat","embeddable":true,"href":"https:\/\/knjigoljubac.ba\/bs\/wp-json\/wp\/v2\/product_cat?post=11992"},{"taxonomy":"product_tag","embeddable":true,"href":"https:\/\/knjigoljubac.ba\/bs\/wp-json\/wp\/v2\/product_tag?post=11992"}],"curies":[{"name":"wp","href":"https:\/\/api.w.org\/{rel}","templated":true}]}}