{"id":11940,"date":"2020-12-20T10:41:17","date_gmt":"2020-12-20T10:41:17","guid":{"rendered":"https:\/\/knjigoljubac.ba\/?post_type=product&#038;p=11940"},"modified":"2020-12-20T10:41:17","modified_gmt":"2020-12-20T10:41:17","slug":"nobel-nije-kod-kuce","status":"publish","type":"product","link":"https:\/\/knjigoljubac.ba\/bs\/product\/nobel-nije-kod-kuce\/","title":{"rendered":"NOBEL NIJE KOD KU\u0106E"},"content":{"rendered":"<p><strong>\u0160EFIK DAUPOVI\u0106 <\/strong><\/p>\n<p>Ro\u0111en je 18. augusta 1951. godine u Sarajevu, gdje je zavr\u0161io Pedago\u0161ku akademiju &#8211; odsjek za jezik i knji\u017eevnost. Objavio je knjige poezije <em>Ve\u010der na ve\u010deru pada<\/em> (Me\u0111unarodni centar za mir, Sarajevo, 1997) i <em>Vjetar prodaje novine<\/em> (Sarajevo publishing, 1999). Dobitnik je vi\u0161e nagrada i priznanja za knji\u017eevnost, me\u0111u kojima su i: Nagrada &#8220;Mak Dizdar&#8221; u Stocu (1977. godine), zahvalnice iz Santiago \u2013 Chile 1991. godine povodom u\u010destvovanja na &#8220;Primer Concurco de Literature Mila Cyrzun \u2013 poezija za djecu, nagrada za poeziju na Velikom knji\u017eevnom natje\u010daju redakcije \u010dasopisa &#8220;Ljiljan&#8221; i Visokog saudijskog komiteta za pomo\u0107 Bosni i Hercegovini (1994. godine), nagrada za radio-igru za djecu Audicija u zoolo\u0161kom vrtu (Radio Federacije BiH, 2003) nagrada za originalnu radio-dramu Dolina ma\u010daka (BH radio 1, 2004).<\/p>\n<p>Zastupljen je u: Izboru bo\u0161nja\u010dke poezije za djecu (priredio Alija H. Dubo\u010danin) &#8211; Bosanska rije\u010d &#8211; Das Bosnische Wort, Wuppertal, 1997; u \u010ditankama za osnovne \u0161kole, u izborima IX i X festivala Jugoslovenske poezije mladih, Vrbas, 1997. i 1998., te u izboru Ratkovi\u0107evih ve\u010deri poezije, Bijelo Polje, 1978.<\/p>\n<p>Pjesme su mu objavljivane u poznatim \u010dasopisima i listovima za kulturu, knji\u017eevnost i umjetnost u Bosni i Hercegovini i van nje i prevedene na nekoliko jezika. Osim poezije, pi\u0161e pri\u010de, drame, humoreske i aforizme.<\/p>\n<p>\u017divi i radi u Sarajevu.<\/p>\n<p>&nbsp;<\/p>","protected":false},"excerpt":{"rendered":"<p>Autor: \u0160efik Daupovi\u0107 Fiko<\/p>\n<p>\u017danr: Poezija<\/p>\n<p>Format: A5<\/p>\n<p>Uvez: Meki<\/p>\n<p>Br. str: 111<\/p>","protected":false},"featured_media":11941,"template":"","meta":[],"product_brand":[],"product_cat":[287,302],"product_tag":[590,591,589,324],"class_list":{"0":"post-11940","1":"product","2":"type-product","3":"status-publish","4":"has-post-thumbnail","6":"product_cat-nasa-izdanja","7":"product_cat-poezija","8":"product_tag-fiko","9":"product_tag-nobel-nije-kod-kuce","10":"product_tag-sefik-daupovic","11":"product_tag-zalihica","13":"first","14":"instock","15":"sale","16":"taxable","17":"shipping-taxable","18":"purchasable","19":"product-type-simple"},"yoast_head":"<!-- This site is optimized with the Yoast SEO plugin v27.5 - https:\/\/yoast.com\/product\/yoast-seo-wordpress\/ -->\n<title>NOBEL NIJE KOD KU\u0106E - KNJIGOLJUBAC<\/title>\n<meta name=\"robots\" content=\"index, follow, max-snippet:-1, max-image-preview:large, max-video-preview:-1\" \/>\n<link rel=\"canonical\" href=\"https:\/\/knjigoljubac.ba\/bs\/product\/nobel-nije-kod-kuce\/\" \/>\n<meta property=\"og:locale\" content=\"bs_BA\" \/>\n<meta property=\"og:type\" content=\"article\" \/>\n<meta property=\"og:title\" content=\"NOBEL NIJE KOD KU\u0106E - KNJIGOLJUBAC\" \/>\n<meta property=\"og:description\" content=\"Autor: \u0160efik Daupovi\u0107 Fiko  \u017danr: Poezija  Format: A5  Uvez: Meki  Br. str: 111\" \/>\n<meta property=\"og:url\" content=\"https:\/\/knjigoljubac.ba\/bs\/product\/nobel-nije-kod-kuce\/\" \/>\n<meta property=\"og:site_name\" content=\"KNJIGOLJUBAC\" \/>\n<meta property=\"article:publisher\" content=\"https:\/\/www.facebook.com\/knjigoljubacba-106067741319857\/?ref=pages_you_manage\" \/>\n<meta property=\"og:image\" content=\"https:\/\/knjigoljubac.ba\/wp-content\/uploads\/2020\/12\/fiko.jpg\" \/>\n\t<meta property=\"og:image:width\" content=\"160\" \/>\n\t<meta property=\"og:image:height\" content=\"226\" \/>\n\t<meta property=\"og:image:type\" content=\"image\/jpeg\" \/>\n<meta name=\"twitter:card\" content=\"summary_large_image\" \/>\n<meta name=\"twitter:label1\" content=\"Est. reading time\" \/>\n\t<meta name=\"twitter:data1\" content=\"1 minuta\" \/>\n<script type=\"application\/ld+json\" class=\"yoast-schema-graph\">{\"@context\":\"https:\\\/\\\/schema.org\",\"@graph\":[{\"@type\":\"WebPage\",\"@id\":\"https:\\\/\\\/knjigoljubac.ba\\\/bs\\\/product\\\/nobel-nije-kod-kuce\\\/\",\"url\":\"https:\\\/\\\/knjigoljubac.ba\\\/bs\\\/product\\\/nobel-nije-kod-kuce\\\/\",\"name\":\"NOBEL NIJE KOD KU\u0106E - KNJIGOLJUBAC\",\"isPartOf\":{\"@id\":\"https:\\\/\\\/knjigoljubac.ba\\\/#website\"},\"primaryImageOfPage\":{\"@id\":\"https:\\\/\\\/knjigoljubac.ba\\\/bs\\\/product\\\/nobel-nije-kod-kuce\\\/#primaryimage\"},\"image\":{\"@id\":\"https:\\\/\\\/knjigoljubac.ba\\\/bs\\\/product\\\/nobel-nije-kod-kuce\\\/#primaryimage\"},\"thumbnailUrl\":\"https:\\\/\\\/knjigoljubac.ba\\\/wp-content\\\/uploads\\\/2020\\\/12\\\/fiko.jpg\",\"datePublished\":\"2020-12-20T10:41:17+00:00\",\"breadcrumb\":{\"@id\":\"https:\\\/\\\/knjigoljubac.ba\\\/bs\\\/product\\\/nobel-nije-kod-kuce\\\/#breadcrumb\"},\"inLanguage\":\"bs-BA\",\"potentialAction\":[{\"@type\":\"ReadAction\",\"target\":[\"https:\\\/\\\/knjigoljubac.ba\\\/bs\\\/product\\\/nobel-nije-kod-kuce\\\/\"]}]},{\"@type\":\"ImageObject\",\"inLanguage\":\"bs-BA\",\"@id\":\"https:\\\/\\\/knjigoljubac.ba\\\/bs\\\/product\\\/nobel-nije-kod-kuce\\\/#primaryimage\",\"url\":\"https:\\\/\\\/knjigoljubac.ba\\\/wp-content\\\/uploads\\\/2020\\\/12\\\/fiko.jpg\",\"contentUrl\":\"https:\\\/\\\/knjigoljubac.ba\\\/wp-content\\\/uploads\\\/2020\\\/12\\\/fiko.jpg\",\"width\":160,\"height\":226},{\"@type\":\"BreadcrumbList\",\"@id\":\"https:\\\/\\\/knjigoljubac.ba\\\/bs\\\/product\\\/nobel-nije-kod-kuce\\\/#breadcrumb\",\"itemListElement\":[{\"@type\":\"ListItem\",\"position\":1,\"name\":\"Po\u010detna stranica\",\"item\":\"https:\\\/\\\/knjigoljubac.ba\\\/\"},{\"@type\":\"ListItem\",\"position\":2,\"name\":\"Trgovina\",\"item\":\"https:\\\/\\\/knjigoljubac.ba\\\/trgovina\\\/\"},{\"@type\":\"ListItem\",\"position\":3,\"name\":\"NOBEL NIJE KOD KU\u0106E\"}]},{\"@type\":\"WebSite\",\"@id\":\"https:\\\/\\\/knjigoljubac.ba\\\/#website\",\"url\":\"https:\\\/\\\/knjigoljubac.ba\\\/\",\"name\":\"KNJIGOLJUBAC\",\"description\":\"Va\u0161a online knji\u017eara\",\"publisher\":{\"@id\":\"https:\\\/\\\/knjigoljubac.ba\\\/#organization\"},\"potentialAction\":[{\"@type\":\"SearchAction\",\"target\":{\"@type\":\"EntryPoint\",\"urlTemplate\":\"https:\\\/\\\/knjigoljubac.ba\\\/?s={search_term_string}\"},\"query-input\":{\"@type\":\"PropertyValueSpecification\",\"valueRequired\":true,\"valueName\":\"search_term_string\"}}],\"inLanguage\":\"bs-BA\"},{\"@type\":\"Organization\",\"@id\":\"https:\\\/\\\/knjigoljubac.ba\\\/#organization\",\"name\":\"KNJIGOLJUBAC\",\"url\":\"https:\\\/\\\/knjigoljubac.ba\\\/\",\"logo\":{\"@type\":\"ImageObject\",\"inLanguage\":\"bs-BA\",\"@id\":\"https:\\\/\\\/knjigoljubac.ba\\\/#\\\/schema\\\/logo\\\/image\\\/\",\"url\":\"https:\\\/\\\/knjigoljubac.ba\\\/wp-content\\\/uploads\\\/2021\\\/09\\\/logo-novi-1024x465.png\",\"contentUrl\":\"https:\\\/\\\/knjigoljubac.ba\\\/wp-content\\\/uploads\\\/2021\\\/09\\\/logo-novi-1024x465.png\",\"width\":1024,\"height\":465,\"caption\":\"KNJIGOLJUBAC\"},\"image\":{\"@id\":\"https:\\\/\\\/knjigoljubac.ba\\\/#\\\/schema\\\/logo\\\/image\\\/\"},\"sameAs\":[\"https:\\\/\\\/www.facebook.com\\\/knjigoljubacba-106067741319857\\\/?ref=pages_you_manage\",\"https:\\\/\\\/www.instagram.com\\\/knjigoljubacbrcko\\\/\"]}]}<\/script>\n<!-- \/ Yoast SEO plugin. -->","yoast_head_json":{"title":"NOBEL NIJE KOD KU\u0106E - KNJIGOLJUBAC","robots":{"index":"index","follow":"follow","max-snippet":"max-snippet:-1","max-image-preview":"max-image-preview:large","max-video-preview":"max-video-preview:-1"},"canonical":"https:\/\/knjigoljubac.ba\/bs\/product\/nobel-nije-kod-kuce\/","og_locale":"bs_BA","og_type":"article","og_title":"NOBEL NIJE KOD KU\u0106E - KNJIGOLJUBAC","og_description":"Autor: \u0160efik Daupovi\u0107 Fiko  \u017danr: Poezija  Format: A5  Uvez: Meki  Br. str: 111","og_url":"https:\/\/knjigoljubac.ba\/bs\/product\/nobel-nije-kod-kuce\/","og_site_name":"KNJIGOLJUBAC","article_publisher":"https:\/\/www.facebook.com\/knjigoljubacba-106067741319857\/?ref=pages_you_manage","og_image":[{"width":160,"height":226,"url":"https:\/\/knjigoljubac.ba\/wp-content\/uploads\/2020\/12\/fiko.jpg","type":"image\/jpeg"}],"twitter_card":"summary_large_image","twitter_misc":{"Est. reading time":"1 minuta"},"schema":{"@context":"https:\/\/schema.org","@graph":[{"@type":"WebPage","@id":"https:\/\/knjigoljubac.ba\/bs\/product\/nobel-nije-kod-kuce\/","url":"https:\/\/knjigoljubac.ba\/bs\/product\/nobel-nije-kod-kuce\/","name":"NOBEL NIJE KOD KU\u0106E - KNJIGOLJUBAC","isPartOf":{"@id":"https:\/\/knjigoljubac.ba\/#website"},"primaryImageOfPage":{"@id":"https:\/\/knjigoljubac.ba\/bs\/product\/nobel-nije-kod-kuce\/#primaryimage"},"image":{"@id":"https:\/\/knjigoljubac.ba\/bs\/product\/nobel-nije-kod-kuce\/#primaryimage"},"thumbnailUrl":"https:\/\/knjigoljubac.ba\/wp-content\/uploads\/2020\/12\/fiko.jpg","datePublished":"2020-12-20T10:41:17+00:00","breadcrumb":{"@id":"https:\/\/knjigoljubac.ba\/bs\/product\/nobel-nije-kod-kuce\/#breadcrumb"},"inLanguage":"bs-BA","potentialAction":[{"@type":"ReadAction","target":["https:\/\/knjigoljubac.ba\/bs\/product\/nobel-nije-kod-kuce\/"]}]},{"@type":"ImageObject","inLanguage":"bs-BA","@id":"https:\/\/knjigoljubac.ba\/bs\/product\/nobel-nije-kod-kuce\/#primaryimage","url":"https:\/\/knjigoljubac.ba\/wp-content\/uploads\/2020\/12\/fiko.jpg","contentUrl":"https:\/\/knjigoljubac.ba\/wp-content\/uploads\/2020\/12\/fiko.jpg","width":160,"height":226},{"@type":"BreadcrumbList","@id":"https:\/\/knjigoljubac.ba\/bs\/product\/nobel-nije-kod-kuce\/#breadcrumb","itemListElement":[{"@type":"ListItem","position":1,"name":"Po\u010detna stranica","item":"https:\/\/knjigoljubac.ba\/"},{"@type":"ListItem","position":2,"name":"Trgovina","item":"https:\/\/knjigoljubac.ba\/trgovina\/"},{"@type":"ListItem","position":3,"name":"NOBEL NIJE KOD KU\u0106E"}]},{"@type":"WebSite","@id":"https:\/\/knjigoljubac.ba\/#website","url":"https:\/\/knjigoljubac.ba\/","name":"KNJIGOLJUBAC","description":"Va\u0161a online knji\u017eara","publisher":{"@id":"https:\/\/knjigoljubac.ba\/#organization"},"potentialAction":[{"@type":"SearchAction","target":{"@type":"EntryPoint","urlTemplate":"https:\/\/knjigoljubac.ba\/?s={search_term_string}"},"query-input":{"@type":"PropertyValueSpecification","valueRequired":true,"valueName":"search_term_string"}}],"inLanguage":"bs-BA"},{"@type":"Organization","@id":"https:\/\/knjigoljubac.ba\/#organization","name":"KNJIGOLJUBAC","url":"https:\/\/knjigoljubac.ba\/","logo":{"@type":"ImageObject","inLanguage":"bs-BA","@id":"https:\/\/knjigoljubac.ba\/#\/schema\/logo\/image\/","url":"https:\/\/knjigoljubac.ba\/wp-content\/uploads\/2021\/09\/logo-novi-1024x465.png","contentUrl":"https:\/\/knjigoljubac.ba\/wp-content\/uploads\/2021\/09\/logo-novi-1024x465.png","width":1024,"height":465,"caption":"KNJIGOLJUBAC"},"image":{"@id":"https:\/\/knjigoljubac.ba\/#\/schema\/logo\/image\/"},"sameAs":["https:\/\/www.facebook.com\/knjigoljubacba-106067741319857\/?ref=pages_you_manage","https:\/\/www.instagram.com\/knjigoljubacbrcko\/"]}]}},"jetpack_sharing_enabled":true,"_links":{"self":[{"href":"https:\/\/knjigoljubac.ba\/bs\/wp-json\/wp\/v2\/product\/11940","targetHints":{"allow":["GET"]}}],"collection":[{"href":"https:\/\/knjigoljubac.ba\/bs\/wp-json\/wp\/v2\/product"}],"about":[{"href":"https:\/\/knjigoljubac.ba\/bs\/wp-json\/wp\/v2\/types\/product"}],"wp:featuredmedia":[{"embeddable":true,"href":"https:\/\/knjigoljubac.ba\/bs\/wp-json\/wp\/v2\/media\/11941"}],"wp:attachment":[{"href":"https:\/\/knjigoljubac.ba\/bs\/wp-json\/wp\/v2\/media?parent=11940"}],"wp:term":[{"taxonomy":"product_brand","embeddable":true,"href":"https:\/\/knjigoljubac.ba\/bs\/wp-json\/wp\/v2\/product_brand?post=11940"},{"taxonomy":"product_cat","embeddable":true,"href":"https:\/\/knjigoljubac.ba\/bs\/wp-json\/wp\/v2\/product_cat?post=11940"},{"taxonomy":"product_tag","embeddable":true,"href":"https:\/\/knjigoljubac.ba\/bs\/wp-json\/wp\/v2\/product_tag?post=11940"}],"curies":[{"name":"wp","href":"https:\/\/api.w.org\/{rel}","templated":true}]}}