{"id":11844,"date":"2020-10-20T05:46:02","date_gmt":"2020-10-20T05:46:02","guid":{"rendered":"https:\/\/knjigoljubac.ba\/?post_type=product&#038;p=11844"},"modified":"2020-10-20T05:46:03","modified_gmt":"2020-10-20T05:46:03","slug":"misterij-iza-svega","status":"publish","type":"product","link":"https:\/\/knjigoljubac.ba\/bs\/product\/misterij-iza-svega\/","title":{"rendered":"Misterij, iza svega"},"content":{"rendered":"<p>U svoj novoj knjizi Predrag Finci pi\u0161e o misticizmu u umjetnosti, o misti\u010dkom iskustvu, te o filozofskim razmatranjima misticizma i o tome \u0161to je misterij u filozofiji. Autor pokazuje da je misticizam posebna vrsta osje\u0107aja i mi\u0161ljenja, \u010dak posebna filozofija, koja je svojevrsna hereza, a kao filozofija pobuna protiv vlasti racionalnog uma i tajnovito, na subjektivnim osje\u0107ajima zasnovano filozofiranje i u\u010denje o \u017eivotu.<\/p>\n<p>Finci kroz niz duhovitih pri\u010da, primjera iz umjetnosti, filozofije i u\u010denja samih mistika osvjetljava na racionalan, jasan i razumljiv na\u010din smisao i razli\u010dita zna\u010denja misticizma u povijesti i dana\u0161njem svijetu. Knjiga za sve one koji \u017eele shvatiti i razumjeti \u0161to je Tajna i \u0161to je zaista ono \u0161to nazivamo Misti\u010dnim.<\/p>","protected":false},"excerpt":{"rendered":"<div class=\"woocommerce-product-attributes-item woocommerce-product-attributes-item--attribute_pa_autor\">\n<div class=\"woocommerce-product-attributes-item__label\">AUTOR:Predrag Finci<\/div>\n<\/div>\n<div class=\"woocommerce-product-attributes-item woocommerce-product-attributes-item--attribute_format\">\n<div class=\"woocommerce-product-attributes-item__label\">FORMAT: 21 cm<\/div>\n<\/div>\n<div class=\"woocommerce-product-attributes-item woocommerce-product-attributes-item--attribute_strana\">\n<div class=\"woocommerce-product-attributes-item__label\">STRANA: 152<\/div>\n<\/div>\n<div class=\"woocommerce-product-attributes-item woocommerce-product-attributes-item--attribute_pa_izdavac\">\n<div class=\"woocommerce-product-attributes-item__label\">IZDAVA\u010c: <a href=\"https:\/\/knjige.at\/izdavac\/factum-izdavastvo\/\" rel=\"tag\">Factum izdava\u0161tvo<\/a><\/div>\n<\/div>\n<div class=\"woocommerce-product-attributes-item woocommerce-product-attributes-item--attribute_pa_pismo\">\n<div class=\"woocommerce-product-attributes-item__label\">PISMO: Latinica<\/div>\n<\/div>\n<div class=\"woocommerce-product-attributes-item woocommerce-product-attributes-item--attribute_pa_godina\">\n<div class=\"woocommerce-product-attributes-item__label\">GODINA:2019.<\/div>\n<\/div>","protected":false},"featured_media":11845,"template":"","meta":[],"product_brand":[],"product_cat":[292,325,326,301],"product_tag":[544,543,545],"class_list":{"0":"post-11844","1":"product","2":"type-product","3":"status-publish","4":"has-post-thumbnail","6":"product_cat-filozofija","7":"product_cat-najnovije-u-knjizari","8":"product_cat-preporuceno","9":"product_cat-proza","10":"product_tag-misterij-iza-svega","11":"product_tag-predrag-finci","12":"product_tag-www-knjgoljubac-ba","14":"first","15":"instock","16":"sale","17":"taxable","18":"shipping-taxable","19":"purchasable","20":"product-type-simple"},"yoast_head":"<!-- This site is optimized with the Yoast SEO plugin v27.5 - https:\/\/yoast.com\/product\/yoast-seo-wordpress\/ -->\n<title>Misterij, iza svega - KNJIGOLJUBAC<\/title>\n<meta name=\"robots\" content=\"index, follow, max-snippet:-1, max-image-preview:large, max-video-preview:-1\" \/>\n<link rel=\"canonical\" href=\"https:\/\/knjigoljubac.ba\/bs\/product\/misterij-iza-svega\/\" \/>\n<meta property=\"og:locale\" content=\"bs_BA\" \/>\n<meta property=\"og:type\" content=\"article\" \/>\n<meta property=\"og:title\" content=\"Misterij, iza svega - KNJIGOLJUBAC\" \/>\n<meta property=\"og:description\" content=\"AUTOR:Predrag Finci   FORMAT: 21 cm   STRANA: 152   IZDAVA\u010c: Factum izdava\u0161tvo   PISMO: Latinica   GODINA:2019.\" \/>\n<meta property=\"og:url\" content=\"https:\/\/knjigoljubac.ba\/bs\/product\/misterij-iza-svega\/\" \/>\n<meta property=\"og:site_name\" content=\"KNJIGOLJUBAC\" \/>\n<meta property=\"article:publisher\" content=\"https:\/\/www.facebook.com\/knjigoljubacba-106067741319857\/?ref=pages_you_manage\" \/>\n<meta property=\"article:modified_time\" content=\"2020-10-20T05:46:03+00:00\" \/>\n<meta property=\"og:image\" content=\"https:\/\/knjigoljubac.ba\/wp-content\/uploads\/2020\/10\/misterij-iznad-svega.jpg\" \/>\n\t<meta property=\"og:image:width\" content=\"160\" \/>\n\t<meta property=\"og:image:height\" content=\"266\" \/>\n\t<meta property=\"og:image:type\" content=\"image\/jpeg\" \/>\n<meta name=\"twitter:card\" content=\"summary_large_image\" \/>\n<meta name=\"twitter:label1\" content=\"Est. reading time\" \/>\n\t<meta name=\"twitter:data1\" content=\"1 minuta\" \/>\n<script type=\"application\/ld+json\" class=\"yoast-schema-graph\">{\"@context\":\"https:\\\/\\\/schema.org\",\"@graph\":[{\"@type\":\"WebPage\",\"@id\":\"https:\\\/\\\/knjigoljubac.ba\\\/product\\\/misterij-iza-svega\\\/\",\"url\":\"https:\\\/\\\/knjigoljubac.ba\\\/product\\\/misterij-iza-svega\\\/\",\"name\":\"Misterij, iza svega - KNJIGOLJUBAC\",\"isPartOf\":{\"@id\":\"https:\\\/\\\/knjigoljubac.ba\\\/#website\"},\"primaryImageOfPage\":{\"@id\":\"https:\\\/\\\/knjigoljubac.ba\\\/product\\\/misterij-iza-svega\\\/#primaryimage\"},\"image\":{\"@id\":\"https:\\\/\\\/knjigoljubac.ba\\\/product\\\/misterij-iza-svega\\\/#primaryimage\"},\"thumbnailUrl\":\"https:\\\/\\\/knjigoljubac.ba\\\/wp-content\\\/uploads\\\/2020\\\/10\\\/misterij-iznad-svega.jpg\",\"datePublished\":\"2020-10-20T05:46:02+00:00\",\"dateModified\":\"2020-10-20T05:46:03+00:00\",\"breadcrumb\":{\"@id\":\"https:\\\/\\\/knjigoljubac.ba\\\/product\\\/misterij-iza-svega\\\/#breadcrumb\"},\"inLanguage\":\"bs-BA\",\"potentialAction\":[{\"@type\":\"ReadAction\",\"target\":[\"https:\\\/\\\/knjigoljubac.ba\\\/product\\\/misterij-iza-svega\\\/\"]}]},{\"@type\":\"ImageObject\",\"inLanguage\":\"bs-BA\",\"@id\":\"https:\\\/\\\/knjigoljubac.ba\\\/product\\\/misterij-iza-svega\\\/#primaryimage\",\"url\":\"https:\\\/\\\/knjigoljubac.ba\\\/wp-content\\\/uploads\\\/2020\\\/10\\\/misterij-iznad-svega.jpg\",\"contentUrl\":\"https:\\\/\\\/knjigoljubac.ba\\\/wp-content\\\/uploads\\\/2020\\\/10\\\/misterij-iznad-svega.jpg\",\"width\":160,\"height\":266},{\"@type\":\"BreadcrumbList\",\"@id\":\"https:\\\/\\\/knjigoljubac.ba\\\/product\\\/misterij-iza-svega\\\/#breadcrumb\",\"itemListElement\":[{\"@type\":\"ListItem\",\"position\":1,\"name\":\"Po\u010detna stranica\",\"item\":\"https:\\\/\\\/knjigoljubac.ba\\\/\"},{\"@type\":\"ListItem\",\"position\":2,\"name\":\"Trgovina\",\"item\":\"https:\\\/\\\/knjigoljubac.ba\\\/trgovina\\\/\"},{\"@type\":\"ListItem\",\"position\":3,\"name\":\"Misterij, iza svega\"}]},{\"@type\":\"WebSite\",\"@id\":\"https:\\\/\\\/knjigoljubac.ba\\\/#website\",\"url\":\"https:\\\/\\\/knjigoljubac.ba\\\/\",\"name\":\"KNJIGOLJUBAC\",\"description\":\"Va\u0161a online knji\u017eara\",\"publisher\":{\"@id\":\"https:\\\/\\\/knjigoljubac.ba\\\/#organization\"},\"potentialAction\":[{\"@type\":\"SearchAction\",\"target\":{\"@type\":\"EntryPoint\",\"urlTemplate\":\"https:\\\/\\\/knjigoljubac.ba\\\/?s={search_term_string}\"},\"query-input\":{\"@type\":\"PropertyValueSpecification\",\"valueRequired\":true,\"valueName\":\"search_term_string\"}}],\"inLanguage\":\"bs-BA\"},{\"@type\":\"Organization\",\"@id\":\"https:\\\/\\\/knjigoljubac.ba\\\/#organization\",\"name\":\"KNJIGOLJUBAC\",\"url\":\"https:\\\/\\\/knjigoljubac.ba\\\/\",\"logo\":{\"@type\":\"ImageObject\",\"inLanguage\":\"bs-BA\",\"@id\":\"https:\\\/\\\/knjigoljubac.ba\\\/#\\\/schema\\\/logo\\\/image\\\/\",\"url\":\"https:\\\/\\\/knjigoljubac.ba\\\/wp-content\\\/uploads\\\/2021\\\/09\\\/logo-novi-1024x465.png\",\"contentUrl\":\"https:\\\/\\\/knjigoljubac.ba\\\/wp-content\\\/uploads\\\/2021\\\/09\\\/logo-novi-1024x465.png\",\"width\":1024,\"height\":465,\"caption\":\"KNJIGOLJUBAC\"},\"image\":{\"@id\":\"https:\\\/\\\/knjigoljubac.ba\\\/#\\\/schema\\\/logo\\\/image\\\/\"},\"sameAs\":[\"https:\\\/\\\/www.facebook.com\\\/knjigoljubacba-106067741319857\\\/?ref=pages_you_manage\",\"https:\\\/\\\/www.instagram.com\\\/knjigoljubacbrcko\\\/\"]}]}<\/script>\n<!-- \/ Yoast SEO plugin. -->","yoast_head_json":{"title":"Misterij, iza svega - KNJIGOLJUBAC","robots":{"index":"index","follow":"follow","max-snippet":"max-snippet:-1","max-image-preview":"max-image-preview:large","max-video-preview":"max-video-preview:-1"},"canonical":"https:\/\/knjigoljubac.ba\/bs\/product\/misterij-iza-svega\/","og_locale":"bs_BA","og_type":"article","og_title":"Misterij, iza svega - KNJIGOLJUBAC","og_description":"AUTOR:Predrag Finci   FORMAT: 21 cm   STRANA: 152   IZDAVA\u010c: Factum izdava\u0161tvo   PISMO: Latinica   GODINA:2019.","og_url":"https:\/\/knjigoljubac.ba\/bs\/product\/misterij-iza-svega\/","og_site_name":"KNJIGOLJUBAC","article_publisher":"https:\/\/www.facebook.com\/knjigoljubacba-106067741319857\/?ref=pages_you_manage","article_modified_time":"2020-10-20T05:46:03+00:00","og_image":[{"width":160,"height":266,"url":"https:\/\/knjigoljubac.ba\/wp-content\/uploads\/2020\/10\/misterij-iznad-svega.jpg","type":"image\/jpeg"}],"twitter_card":"summary_large_image","twitter_misc":{"Est. reading time":"1 minuta"},"schema":{"@context":"https:\/\/schema.org","@graph":[{"@type":"WebPage","@id":"https:\/\/knjigoljubac.ba\/product\/misterij-iza-svega\/","url":"https:\/\/knjigoljubac.ba\/product\/misterij-iza-svega\/","name":"Misterij, iza svega - KNJIGOLJUBAC","isPartOf":{"@id":"https:\/\/knjigoljubac.ba\/#website"},"primaryImageOfPage":{"@id":"https:\/\/knjigoljubac.ba\/product\/misterij-iza-svega\/#primaryimage"},"image":{"@id":"https:\/\/knjigoljubac.ba\/product\/misterij-iza-svega\/#primaryimage"},"thumbnailUrl":"https:\/\/knjigoljubac.ba\/wp-content\/uploads\/2020\/10\/misterij-iznad-svega.jpg","datePublished":"2020-10-20T05:46:02+00:00","dateModified":"2020-10-20T05:46:03+00:00","breadcrumb":{"@id":"https:\/\/knjigoljubac.ba\/product\/misterij-iza-svega\/#breadcrumb"},"inLanguage":"bs-BA","potentialAction":[{"@type":"ReadAction","target":["https:\/\/knjigoljubac.ba\/product\/misterij-iza-svega\/"]}]},{"@type":"ImageObject","inLanguage":"bs-BA","@id":"https:\/\/knjigoljubac.ba\/product\/misterij-iza-svega\/#primaryimage","url":"https:\/\/knjigoljubac.ba\/wp-content\/uploads\/2020\/10\/misterij-iznad-svega.jpg","contentUrl":"https:\/\/knjigoljubac.ba\/wp-content\/uploads\/2020\/10\/misterij-iznad-svega.jpg","width":160,"height":266},{"@type":"BreadcrumbList","@id":"https:\/\/knjigoljubac.ba\/product\/misterij-iza-svega\/#breadcrumb","itemListElement":[{"@type":"ListItem","position":1,"name":"Po\u010detna stranica","item":"https:\/\/knjigoljubac.ba\/"},{"@type":"ListItem","position":2,"name":"Trgovina","item":"https:\/\/knjigoljubac.ba\/trgovina\/"},{"@type":"ListItem","position":3,"name":"Misterij, iza svega"}]},{"@type":"WebSite","@id":"https:\/\/knjigoljubac.ba\/#website","url":"https:\/\/knjigoljubac.ba\/","name":"KNJIGOLJUBAC","description":"Va\u0161a online knji\u017eara","publisher":{"@id":"https:\/\/knjigoljubac.ba\/#organization"},"potentialAction":[{"@type":"SearchAction","target":{"@type":"EntryPoint","urlTemplate":"https:\/\/knjigoljubac.ba\/?s={search_term_string}"},"query-input":{"@type":"PropertyValueSpecification","valueRequired":true,"valueName":"search_term_string"}}],"inLanguage":"bs-BA"},{"@type":"Organization","@id":"https:\/\/knjigoljubac.ba\/#organization","name":"KNJIGOLJUBAC","url":"https:\/\/knjigoljubac.ba\/","logo":{"@type":"ImageObject","inLanguage":"bs-BA","@id":"https:\/\/knjigoljubac.ba\/#\/schema\/logo\/image\/","url":"https:\/\/knjigoljubac.ba\/wp-content\/uploads\/2021\/09\/logo-novi-1024x465.png","contentUrl":"https:\/\/knjigoljubac.ba\/wp-content\/uploads\/2021\/09\/logo-novi-1024x465.png","width":1024,"height":465,"caption":"KNJIGOLJUBAC"},"image":{"@id":"https:\/\/knjigoljubac.ba\/#\/schema\/logo\/image\/"},"sameAs":["https:\/\/www.facebook.com\/knjigoljubacba-106067741319857\/?ref=pages_you_manage","https:\/\/www.instagram.com\/knjigoljubacbrcko\/"]}]}},"jetpack_sharing_enabled":true,"_links":{"self":[{"href":"https:\/\/knjigoljubac.ba\/bs\/wp-json\/wp\/v2\/product\/11844","targetHints":{"allow":["GET"]}}],"collection":[{"href":"https:\/\/knjigoljubac.ba\/bs\/wp-json\/wp\/v2\/product"}],"about":[{"href":"https:\/\/knjigoljubac.ba\/bs\/wp-json\/wp\/v2\/types\/product"}],"wp:featuredmedia":[{"embeddable":true,"href":"https:\/\/knjigoljubac.ba\/bs\/wp-json\/wp\/v2\/media\/11845"}],"wp:attachment":[{"href":"https:\/\/knjigoljubac.ba\/bs\/wp-json\/wp\/v2\/media?parent=11844"}],"wp:term":[{"taxonomy":"product_brand","embeddable":true,"href":"https:\/\/knjigoljubac.ba\/bs\/wp-json\/wp\/v2\/product_brand?post=11844"},{"taxonomy":"product_cat","embeddable":true,"href":"https:\/\/knjigoljubac.ba\/bs\/wp-json\/wp\/v2\/product_cat?post=11844"},{"taxonomy":"product_tag","embeddable":true,"href":"https:\/\/knjigoljubac.ba\/bs\/wp-json\/wp\/v2\/product_tag?post=11844"}],"curies":[{"name":"wp","href":"https:\/\/api.w.org\/{rel}","templated":true}]}}