{"id":11841,"date":"2020-10-20T05:39:45","date_gmt":"2020-10-20T05:39:45","guid":{"rendered":"https:\/\/knjigoljubac.ba\/?post_type=product&#038;p=11841"},"modified":"2021-02-13T07:31:29","modified_gmt":"2021-02-13T07:31:29","slug":"teodiceja-ogledi-o-bozjoj-dobroti-covekovoj-slobodi-i-poreklu-zla","status":"publish","type":"product","link":"https:\/\/knjigoljubac.ba\/bs\/product\/teodiceja-ogledi-o-bozjoj-dobroti-covekovoj-slobodi-i-poreklu-zla\/","title":{"rendered":"Teodiceja: Ogledi O Bo\u017ejoj Dobroti, \u010covekovoj Slobodi I Poreklu Zla"},"content":{"rendered":"<p>Teodiceja (drugi nazivi: racionalna teologija, filozofska teologija, lat.\u00a0<em>theologia naturalis<\/em>) je filozofska disciplina o Bogu.<\/p>\n<p>Teodiceja se svrstava u specijalnu metafiziku. Razlikuje se od objavljene ili dogmatske teologije (lat.\u00a0<em>theologia dogmatica<\/em>), koja se temelji na objavi i na bo\u017eanskom autoritetu. Filozofska teologija ili teodiceja temelji se samo na iskustvu i razumu.<\/p>\n<p>Sam naziv teodiceja skovao je G. W. Leibniz, dav\u0161i naslov svom djelu:\u00a0<em>Essai de Th\u00e9odic\u00e9e sur la bont\u00e9 de Dieu, la libert\u00e9 de l\u2019homme et l\u2019origine du mal<\/em>\u00a0(\u201eEseji iz teodiceje o Bo\u017ejoj dobroti, ljudskoj slobodi i podrijetlu zla\u201c, 1710.). Boga zami\u0161ljamo kao apsolutno savr\u0161eno bi\u0107e, prvi uzrok i zadnji cilj svih stvari. Pojam Boga uklju\u010duje, dakle, troje: Apsolutnu egzistenciju: Bog egzistira po sebi, neovisno o ikakvom uzroku. Savr\u0161enu esenciju: Bog ima u sebi puninu bitka i savr\u0161enosti. Savr\u0161enu kauzalnost: Bog je prvi uzrok i zadnji cilj svega. Prema tome, tri su poglavlja teodiceje: Bo\u017eja egzistencija, Bo\u017eja narav i atributi, te Odnos Boga prema svijetu. Teodiceja ili teodikeja (novolat.\u00a0<em>theodicea \u2013<\/em>\u00a0bogoopravdanje; od gr\u010d. \u03b8\u03b5\u03cc\u03c2 \u2013 bog + gr\u010d. \u03b4\u03af\u03ba\u03b7 \u2013 pravo, pravednost) je grana filozofije i teologije koja poku\u0161ava da pomiri postojanje zla i patnje na svetu sa postojanjem svemogu\u0107eg dobrog bo\u017eanstva.<\/p>\n<p>Iako je ovo pitanje razmatrano jo\u0161 od antike, sam termin teodiceja je uveo Lajbnic (1646-1716) u svome istoimenom delu, u kom se trudio da doka\u017ee da je ovaj svet najbolji od svih mogu\u0107ih svetova i da postojanje zla na svetu ne protivre\u010di Bo\u017ejoj dobroti, ve\u0107 je plod slobodne volje \u010doveka.<\/p>","protected":false},"excerpt":{"rendered":"<div class=\"woocommerce-product-attributes-item woocommerce-product-attributes-item--attribute_pa_autor\">\n<div class=\"woocommerce-product-attributes-item__label\">AUTOR: Gotfrid Vilhem Lajbinc<\/div>\n<div class=\"woocommerce-product-attributes-item__value\">\n<p>FORMAT: 21 cm<\/p>\n<\/div>\n<\/div>\n<div class=\"woocommerce-product-attributes-item woocommerce-product-attributes-item--attribute_strana\">\n<div class=\"woocommerce-product-attributes-item__label\">STRANA: 398<\/div>\n<\/div>\n<div class=\"woocommerce-product-attributes-item woocommerce-product-attributes-item--attribute_pa_izdavac\">\n<div class=\"woocommerce-product-attributes-item__label\">IZDAVA\u010c: Factum izdava\u0161tvo<\/div>\n<\/div>\n<div class=\"woocommerce-product-attributes-item woocommerce-product-attributes-item--attribute_pa_pismo\">\n<div class=\"woocommerce-product-attributes-item__label\">PISMO: Lainica<\/div>\n<\/div>\n<div class=\"woocommerce-product-attributes-item woocommerce-product-attributes-item--attribute_pa_povez\">\n<div class=\"woocommerce-product-attributes-item__label\">POVEZ: Mek<\/div>\n<\/div>\n<div class=\"woocommerce-product-attributes-item woocommerce-product-attributes-item--attribute_pa_godina\">\n<div class=\"woocommerce-product-attributes-item__label\">GODINA: 2019.<\/div>\n<\/div>","protected":false},"featured_media":12246,"template":"","meta":[],"product_brand":[],"product_cat":[292,288,325,326],"product_tag":[542,540,541,484],"class_list":{"0":"post-11841","1":"product","2":"type-product","3":"status-publish","4":"has-post-thumbnail","6":"product_cat-filozofija","7":"product_cat-klasici","8":"product_cat-najnovije-u-knjizari","9":"product_cat-preporuceno","10":"product_tag-covekovoj-slobodi-i-poreklu-zla","11":"product_tag-gotfrid-vilhem-lajbinc","12":"product_tag-teodiceja-ogledi-o-bozjoj-dobroti","13":"product_tag-www-knjigoljubac-ba","15":"first","16":"instock","17":"sale","18":"taxable","19":"shipping-taxable","20":"purchasable","21":"product-type-simple"},"yoast_head":"<!-- This site is optimized with the Yoast SEO plugin v27.5 - https:\/\/yoast.com\/product\/yoast-seo-wordpress\/ -->\n<title>Teodiceja: Ogledi O Bo\u017ejoj Dobroti, \u010covekovoj Slobodi I Poreklu Zla - KNJIGOLJUBAC<\/title>\n<meta name=\"robots\" content=\"index, follow, max-snippet:-1, max-image-preview:large, max-video-preview:-1\" \/>\n<link rel=\"canonical\" href=\"https:\/\/knjigoljubac.ba\/bs\/product\/teodiceja-ogledi-o-bozjoj-dobroti-covekovoj-slobodi-i-poreklu-zla\/\" \/>\n<meta property=\"og:locale\" content=\"bs_BA\" \/>\n<meta property=\"og:type\" content=\"article\" \/>\n<meta property=\"og:title\" content=\"Teodiceja: Ogledi O Bo\u017ejoj Dobroti, \u010covekovoj Slobodi I Poreklu Zla - KNJIGOLJUBAC\" \/>\n<meta property=\"og:description\" content=\"AUTOR: Gotfrid Vilhem Lajbinc   FORMAT: 21 cm     STRANA: 398   IZDAVA\u010c: Factum izdava\u0161tvo   PISMO: Lainica   POVEZ: Mek   GODINA: 2019.\" \/>\n<meta property=\"og:url\" content=\"https:\/\/knjigoljubac.ba\/bs\/product\/teodiceja-ogledi-o-bozjoj-dobroti-covekovoj-slobodi-i-poreklu-zla\/\" \/>\n<meta property=\"og:site_name\" content=\"KNJIGOLJUBAC\" \/>\n<meta property=\"article:publisher\" content=\"https:\/\/www.facebook.com\/knjigoljubacba-106067741319857\/?ref=pages_you_manage\" \/>\n<meta property=\"article:modified_time\" content=\"2021-02-13T07:31:29+00:00\" \/>\n<meta property=\"og:image\" content=\"https:\/\/knjigoljubac.ba\/wp-content\/uploads\/2020\/10\/teodiceja-1.jpg\" \/>\n\t<meta property=\"og:image:width\" content=\"160\" \/>\n\t<meta property=\"og:image:height\" content=\"226\" \/>\n\t<meta property=\"og:image:type\" content=\"image\/jpeg\" \/>\n<meta name=\"twitter:card\" content=\"summary_large_image\" \/>\n<meta name=\"twitter:label1\" content=\"Est. reading time\" \/>\n\t<meta name=\"twitter:data1\" content=\"1 minuta\" \/>\n<script type=\"application\/ld+json\" class=\"yoast-schema-graph\">{\"@context\":\"https:\\\/\\\/schema.org\",\"@graph\":[{\"@type\":\"WebPage\",\"@id\":\"https:\\\/\\\/knjigoljubac.ba\\\/bs\\\/product\\\/teodiceja-ogledi-o-bozjoj-dobroti-covekovoj-slobodi-i-poreklu-zla\\\/\",\"url\":\"https:\\\/\\\/knjigoljubac.ba\\\/bs\\\/product\\\/teodiceja-ogledi-o-bozjoj-dobroti-covekovoj-slobodi-i-poreklu-zla\\\/\",\"name\":\"Teodiceja: Ogledi O Bo\u017ejoj Dobroti, \u010covekovoj Slobodi I Poreklu Zla - KNJIGOLJUBAC\",\"isPartOf\":{\"@id\":\"https:\\\/\\\/knjigoljubac.ba\\\/#website\"},\"primaryImageOfPage\":{\"@id\":\"https:\\\/\\\/knjigoljubac.ba\\\/bs\\\/product\\\/teodiceja-ogledi-o-bozjoj-dobroti-covekovoj-slobodi-i-poreklu-zla\\\/#primaryimage\"},\"image\":{\"@id\":\"https:\\\/\\\/knjigoljubac.ba\\\/bs\\\/product\\\/teodiceja-ogledi-o-bozjoj-dobroti-covekovoj-slobodi-i-poreklu-zla\\\/#primaryimage\"},\"thumbnailUrl\":\"https:\\\/\\\/knjigoljubac.ba\\\/wp-content\\\/uploads\\\/2020\\\/10\\\/teodiceja-1.jpg\",\"datePublished\":\"2020-10-20T05:39:45+00:00\",\"dateModified\":\"2021-02-13T07:31:29+00:00\",\"breadcrumb\":{\"@id\":\"https:\\\/\\\/knjigoljubac.ba\\\/bs\\\/product\\\/teodiceja-ogledi-o-bozjoj-dobroti-covekovoj-slobodi-i-poreklu-zla\\\/#breadcrumb\"},\"inLanguage\":\"bs-BA\",\"potentialAction\":[{\"@type\":\"ReadAction\",\"target\":[\"https:\\\/\\\/knjigoljubac.ba\\\/bs\\\/product\\\/teodiceja-ogledi-o-bozjoj-dobroti-covekovoj-slobodi-i-poreklu-zla\\\/\"]}]},{\"@type\":\"ImageObject\",\"inLanguage\":\"bs-BA\",\"@id\":\"https:\\\/\\\/knjigoljubac.ba\\\/bs\\\/product\\\/teodiceja-ogledi-o-bozjoj-dobroti-covekovoj-slobodi-i-poreklu-zla\\\/#primaryimage\",\"url\":\"https:\\\/\\\/knjigoljubac.ba\\\/wp-content\\\/uploads\\\/2020\\\/10\\\/teodiceja-1.jpg\",\"contentUrl\":\"https:\\\/\\\/knjigoljubac.ba\\\/wp-content\\\/uploads\\\/2020\\\/10\\\/teodiceja-1.jpg\",\"width\":160,\"height\":226},{\"@type\":\"BreadcrumbList\",\"@id\":\"https:\\\/\\\/knjigoljubac.ba\\\/bs\\\/product\\\/teodiceja-ogledi-o-bozjoj-dobroti-covekovoj-slobodi-i-poreklu-zla\\\/#breadcrumb\",\"itemListElement\":[{\"@type\":\"ListItem\",\"position\":1,\"name\":\"Po\u010detna stranica\",\"item\":\"https:\\\/\\\/knjigoljubac.ba\\\/\"},{\"@type\":\"ListItem\",\"position\":2,\"name\":\"Trgovina\",\"item\":\"https:\\\/\\\/knjigoljubac.ba\\\/trgovina\\\/\"},{\"@type\":\"ListItem\",\"position\":3,\"name\":\"Teodiceja: Ogledi O Bo\u017ejoj Dobroti, \u010covekovoj Slobodi I Poreklu Zla\"}]},{\"@type\":\"WebSite\",\"@id\":\"https:\\\/\\\/knjigoljubac.ba\\\/#website\",\"url\":\"https:\\\/\\\/knjigoljubac.ba\\\/\",\"name\":\"KNJIGOLJUBAC\",\"description\":\"Va\u0161a online knji\u017eara\",\"publisher\":{\"@id\":\"https:\\\/\\\/knjigoljubac.ba\\\/#organization\"},\"potentialAction\":[{\"@type\":\"SearchAction\",\"target\":{\"@type\":\"EntryPoint\",\"urlTemplate\":\"https:\\\/\\\/knjigoljubac.ba\\\/?s={search_term_string}\"},\"query-input\":{\"@type\":\"PropertyValueSpecification\",\"valueRequired\":true,\"valueName\":\"search_term_string\"}}],\"inLanguage\":\"bs-BA\"},{\"@type\":\"Organization\",\"@id\":\"https:\\\/\\\/knjigoljubac.ba\\\/#organization\",\"name\":\"KNJIGOLJUBAC\",\"url\":\"https:\\\/\\\/knjigoljubac.ba\\\/\",\"logo\":{\"@type\":\"ImageObject\",\"inLanguage\":\"bs-BA\",\"@id\":\"https:\\\/\\\/knjigoljubac.ba\\\/#\\\/schema\\\/logo\\\/image\\\/\",\"url\":\"https:\\\/\\\/knjigoljubac.ba\\\/wp-content\\\/uploads\\\/2021\\\/09\\\/logo-novi-1024x465.png\",\"contentUrl\":\"https:\\\/\\\/knjigoljubac.ba\\\/wp-content\\\/uploads\\\/2021\\\/09\\\/logo-novi-1024x465.png\",\"width\":1024,\"height\":465,\"caption\":\"KNJIGOLJUBAC\"},\"image\":{\"@id\":\"https:\\\/\\\/knjigoljubac.ba\\\/#\\\/schema\\\/logo\\\/image\\\/\"},\"sameAs\":[\"https:\\\/\\\/www.facebook.com\\\/knjigoljubacba-106067741319857\\\/?ref=pages_you_manage\",\"https:\\\/\\\/www.instagram.com\\\/knjigoljubacbrcko\\\/\"]}]}<\/script>\n<!-- \/ Yoast SEO plugin. -->","yoast_head_json":{"title":"Teodiceja: Ogledi O Bo\u017ejoj Dobroti, \u010covekovoj Slobodi I Poreklu Zla - KNJIGOLJUBAC","robots":{"index":"index","follow":"follow","max-snippet":"max-snippet:-1","max-image-preview":"max-image-preview:large","max-video-preview":"max-video-preview:-1"},"canonical":"https:\/\/knjigoljubac.ba\/bs\/product\/teodiceja-ogledi-o-bozjoj-dobroti-covekovoj-slobodi-i-poreklu-zla\/","og_locale":"bs_BA","og_type":"article","og_title":"Teodiceja: Ogledi O Bo\u017ejoj Dobroti, \u010covekovoj Slobodi I Poreklu Zla - KNJIGOLJUBAC","og_description":"AUTOR: Gotfrid Vilhem Lajbinc   FORMAT: 21 cm     STRANA: 398   IZDAVA\u010c: Factum izdava\u0161tvo   PISMO: Lainica   POVEZ: Mek   GODINA: 2019.","og_url":"https:\/\/knjigoljubac.ba\/bs\/product\/teodiceja-ogledi-o-bozjoj-dobroti-covekovoj-slobodi-i-poreklu-zla\/","og_site_name":"KNJIGOLJUBAC","article_publisher":"https:\/\/www.facebook.com\/knjigoljubacba-106067741319857\/?ref=pages_you_manage","article_modified_time":"2021-02-13T07:31:29+00:00","og_image":[{"width":160,"height":226,"url":"https:\/\/knjigoljubac.ba\/wp-content\/uploads\/2020\/10\/teodiceja-1.jpg","type":"image\/jpeg"}],"twitter_card":"summary_large_image","twitter_misc":{"Est. reading time":"1 minuta"},"schema":{"@context":"https:\/\/schema.org","@graph":[{"@type":"WebPage","@id":"https:\/\/knjigoljubac.ba\/bs\/product\/teodiceja-ogledi-o-bozjoj-dobroti-covekovoj-slobodi-i-poreklu-zla\/","url":"https:\/\/knjigoljubac.ba\/bs\/product\/teodiceja-ogledi-o-bozjoj-dobroti-covekovoj-slobodi-i-poreklu-zla\/","name":"Teodiceja: Ogledi O Bo\u017ejoj Dobroti, \u010covekovoj Slobodi I Poreklu Zla - KNJIGOLJUBAC","isPartOf":{"@id":"https:\/\/knjigoljubac.ba\/#website"},"primaryImageOfPage":{"@id":"https:\/\/knjigoljubac.ba\/bs\/product\/teodiceja-ogledi-o-bozjoj-dobroti-covekovoj-slobodi-i-poreklu-zla\/#primaryimage"},"image":{"@id":"https:\/\/knjigoljubac.ba\/bs\/product\/teodiceja-ogledi-o-bozjoj-dobroti-covekovoj-slobodi-i-poreklu-zla\/#primaryimage"},"thumbnailUrl":"https:\/\/knjigoljubac.ba\/wp-content\/uploads\/2020\/10\/teodiceja-1.jpg","datePublished":"2020-10-20T05:39:45+00:00","dateModified":"2021-02-13T07:31:29+00:00","breadcrumb":{"@id":"https:\/\/knjigoljubac.ba\/bs\/product\/teodiceja-ogledi-o-bozjoj-dobroti-covekovoj-slobodi-i-poreklu-zla\/#breadcrumb"},"inLanguage":"bs-BA","potentialAction":[{"@type":"ReadAction","target":["https:\/\/knjigoljubac.ba\/bs\/product\/teodiceja-ogledi-o-bozjoj-dobroti-covekovoj-slobodi-i-poreklu-zla\/"]}]},{"@type":"ImageObject","inLanguage":"bs-BA","@id":"https:\/\/knjigoljubac.ba\/bs\/product\/teodiceja-ogledi-o-bozjoj-dobroti-covekovoj-slobodi-i-poreklu-zla\/#primaryimage","url":"https:\/\/knjigoljubac.ba\/wp-content\/uploads\/2020\/10\/teodiceja-1.jpg","contentUrl":"https:\/\/knjigoljubac.ba\/wp-content\/uploads\/2020\/10\/teodiceja-1.jpg","width":160,"height":226},{"@type":"BreadcrumbList","@id":"https:\/\/knjigoljubac.ba\/bs\/product\/teodiceja-ogledi-o-bozjoj-dobroti-covekovoj-slobodi-i-poreklu-zla\/#breadcrumb","itemListElement":[{"@type":"ListItem","position":1,"name":"Po\u010detna stranica","item":"https:\/\/knjigoljubac.ba\/"},{"@type":"ListItem","position":2,"name":"Trgovina","item":"https:\/\/knjigoljubac.ba\/trgovina\/"},{"@type":"ListItem","position":3,"name":"Teodiceja: Ogledi O Bo\u017ejoj Dobroti, \u010covekovoj Slobodi I Poreklu Zla"}]},{"@type":"WebSite","@id":"https:\/\/knjigoljubac.ba\/#website","url":"https:\/\/knjigoljubac.ba\/","name":"KNJIGOLJUBAC","description":"Va\u0161a online knji\u017eara","publisher":{"@id":"https:\/\/knjigoljubac.ba\/#organization"},"potentialAction":[{"@type":"SearchAction","target":{"@type":"EntryPoint","urlTemplate":"https:\/\/knjigoljubac.ba\/?s={search_term_string}"},"query-input":{"@type":"PropertyValueSpecification","valueRequired":true,"valueName":"search_term_string"}}],"inLanguage":"bs-BA"},{"@type":"Organization","@id":"https:\/\/knjigoljubac.ba\/#organization","name":"KNJIGOLJUBAC","url":"https:\/\/knjigoljubac.ba\/","logo":{"@type":"ImageObject","inLanguage":"bs-BA","@id":"https:\/\/knjigoljubac.ba\/#\/schema\/logo\/image\/","url":"https:\/\/knjigoljubac.ba\/wp-content\/uploads\/2021\/09\/logo-novi-1024x465.png","contentUrl":"https:\/\/knjigoljubac.ba\/wp-content\/uploads\/2021\/09\/logo-novi-1024x465.png","width":1024,"height":465,"caption":"KNJIGOLJUBAC"},"image":{"@id":"https:\/\/knjigoljubac.ba\/#\/schema\/logo\/image\/"},"sameAs":["https:\/\/www.facebook.com\/knjigoljubacba-106067741319857\/?ref=pages_you_manage","https:\/\/www.instagram.com\/knjigoljubacbrcko\/"]}]}},"jetpack_sharing_enabled":true,"_links":{"self":[{"href":"https:\/\/knjigoljubac.ba\/bs\/wp-json\/wp\/v2\/product\/11841","targetHints":{"allow":["GET"]}}],"collection":[{"href":"https:\/\/knjigoljubac.ba\/bs\/wp-json\/wp\/v2\/product"}],"about":[{"href":"https:\/\/knjigoljubac.ba\/bs\/wp-json\/wp\/v2\/types\/product"}],"wp:featuredmedia":[{"embeddable":true,"href":"https:\/\/knjigoljubac.ba\/bs\/wp-json\/wp\/v2\/media\/12246"}],"wp:attachment":[{"href":"https:\/\/knjigoljubac.ba\/bs\/wp-json\/wp\/v2\/media?parent=11841"}],"wp:term":[{"taxonomy":"product_brand","embeddable":true,"href":"https:\/\/knjigoljubac.ba\/bs\/wp-json\/wp\/v2\/product_brand?post=11841"},{"taxonomy":"product_cat","embeddable":true,"href":"https:\/\/knjigoljubac.ba\/bs\/wp-json\/wp\/v2\/product_cat?post=11841"},{"taxonomy":"product_tag","embeddable":true,"href":"https:\/\/knjigoljubac.ba\/bs\/wp-json\/wp\/v2\/product_tag?post=11841"}],"curies":[{"name":"wp","href":"https:\/\/api.w.org\/{rel}","templated":true}]}}