{"id":11835,"date":"2020-10-18T07:22:25","date_gmt":"2020-10-18T07:22:25","guid":{"rendered":"https:\/\/knjigoljubac.ba\/?post_type=product&#038;p=11835"},"modified":"2020-10-18T07:22:26","modified_gmt":"2020-10-18T07:22:26","slug":"o-buducnosti-nasih-obrazovnih-ustanova","status":"publish","type":"product","link":"https:\/\/knjigoljubac.ba\/bs\/product\/o-buducnosti-nasih-obrazovnih-ustanova\/","title":{"rendered":"O budu\u0107nosti na\u0161ih obrazovnih ustanova"},"content":{"rendered":"<p>Obavezan da kategori\u010dki odbijem da budem smatran nepozvanim savetodavcem za \u0161kolska i vaspitna pitanja grada Bazela, jo\u0161 manje \u017eelim da predvi\u0111am budu\u0107nost obrazovanja i obrazovnih metoda kod svih dana\u0161njih civilizovanih naroda: u ovom ogromnom vidokrugu moje o\u010di postaju slepe, isto kao \u0161to bi izgubile mo\u0107 i kada bi gledale predmete iz prevelike blizine. Kada ka\u017eem \u201ena\u0161e obrazovne ustanove\u201c ne mislim, dakle, ni na ona bazelske, ni na one sada\u0161nje bezbrojne forme prisutne kod svih naroda, ve\u0107 na nema\u010dke ustanove ove vrste, u \u010dijim blagodetima mi i ovde mo\u017eemo u\u017eivati. Ono sa \u010dime imamo posla je budu\u0107nost ovih ustanova, odnosno budu\u0107nost nema\u010dke osnovne \u0161kole, nema\u010dke tehni\u010dke \u0161kole, nema\u010dke gimnazije i nema\u010dkog univerziteta; bave\u0107i se ovim pitanjim, privremeno \u0107emo odustati od svih upore\u0111ivanja i svih vrednosnih sudova, a posebno \u0107emo izbegavati samodopadnu uobra\u017eensot kao da smo u tom pogledu iznad svih civilizovanih naroda, kao da im mo\u017eemo poslu\u017eiti kao uzor.<\/p>","protected":false},"excerpt":{"rendered":"<p>Autor: Fridrih Ni\u010de<\/p>\n<p>Uvez: Tvrdi<\/p>\n<p>Br. str: 150<\/p>","protected":false},"featured_media":11836,"template":"","meta":[],"product_brand":[],"product_cat":[292,288,325],"product_tag":[537,535,536],"class_list":{"0":"post-11835","1":"product","2":"type-product","3":"status-publish","4":"has-post-thumbnail","6":"product_cat-filozofija","7":"product_cat-klasici","8":"product_cat-najnovije-u-knjizari","9":"product_tag-faktum","10":"product_tag-fridrih-nice","11":"product_tag-o-buducnosti-nasih-obrazovnih-ustanova","13":"first","14":"instock","15":"sale","16":"taxable","17":"shipping-taxable","18":"purchasable","19":"product-type-simple"},"yoast_head":"<!-- This site is optimized with the Yoast SEO plugin v27.5 - https:\/\/yoast.com\/product\/yoast-seo-wordpress\/ -->\n<title>O budu\u0107nosti na\u0161ih obrazovnih ustanova - KNJIGOLJUBAC<\/title>\n<meta name=\"robots\" content=\"index, follow, max-snippet:-1, max-image-preview:large, max-video-preview:-1\" \/>\n<link rel=\"canonical\" href=\"https:\/\/knjigoljubac.ba\/bs\/product\/o-buducnosti-nasih-obrazovnih-ustanova\/\" \/>\n<meta property=\"og:locale\" content=\"bs_BA\" \/>\n<meta property=\"og:type\" content=\"article\" \/>\n<meta property=\"og:title\" content=\"O budu\u0107nosti na\u0161ih obrazovnih ustanova - KNJIGOLJUBAC\" \/>\n<meta property=\"og:description\" content=\"Autor: Fridrih Ni\u010de  Uvez: Tvrdi  Br. str: 150\" \/>\n<meta property=\"og:url\" content=\"https:\/\/knjigoljubac.ba\/bs\/product\/o-buducnosti-nasih-obrazovnih-ustanova\/\" \/>\n<meta property=\"og:site_name\" content=\"KNJIGOLJUBAC\" \/>\n<meta property=\"article:publisher\" content=\"https:\/\/www.facebook.com\/knjigoljubacba-106067741319857\/?ref=pages_you_manage\" \/>\n<meta property=\"article:modified_time\" content=\"2020-10-18T07:22:26+00:00\" \/>\n<meta property=\"og:image\" content=\"https:\/\/knjigoljubac.ba\/wp-content\/uploads\/2020\/10\/nice.jpg\" \/>\n\t<meta property=\"og:image:width\" content=\"160\" \/>\n\t<meta property=\"og:image:height\" content=\"266\" \/>\n\t<meta property=\"og:image:type\" content=\"image\/jpeg\" \/>\n<meta name=\"twitter:card\" content=\"summary_large_image\" \/>\n<meta name=\"twitter:label1\" content=\"Est. reading time\" \/>\n\t<meta name=\"twitter:data1\" content=\"1 minuta\" \/>\n<script type=\"application\/ld+json\" class=\"yoast-schema-graph\">{\"@context\":\"https:\\\/\\\/schema.org\",\"@graph\":[{\"@type\":\"WebPage\",\"@id\":\"https:\\\/\\\/knjigoljubac.ba\\\/bs\\\/product\\\/o-buducnosti-nasih-obrazovnih-ustanova\\\/\",\"url\":\"https:\\\/\\\/knjigoljubac.ba\\\/bs\\\/product\\\/o-buducnosti-nasih-obrazovnih-ustanova\\\/\",\"name\":\"O budu\u0107nosti na\u0161ih obrazovnih ustanova - KNJIGOLJUBAC\",\"isPartOf\":{\"@id\":\"https:\\\/\\\/knjigoljubac.ba\\\/#website\"},\"primaryImageOfPage\":{\"@id\":\"https:\\\/\\\/knjigoljubac.ba\\\/bs\\\/product\\\/o-buducnosti-nasih-obrazovnih-ustanova\\\/#primaryimage\"},\"image\":{\"@id\":\"https:\\\/\\\/knjigoljubac.ba\\\/bs\\\/product\\\/o-buducnosti-nasih-obrazovnih-ustanova\\\/#primaryimage\"},\"thumbnailUrl\":\"https:\\\/\\\/knjigoljubac.ba\\\/wp-content\\\/uploads\\\/2020\\\/10\\\/nice.jpg\",\"datePublished\":\"2020-10-18T07:22:25+00:00\",\"dateModified\":\"2020-10-18T07:22:26+00:00\",\"breadcrumb\":{\"@id\":\"https:\\\/\\\/knjigoljubac.ba\\\/bs\\\/product\\\/o-buducnosti-nasih-obrazovnih-ustanova\\\/#breadcrumb\"},\"inLanguage\":\"bs-BA\",\"potentialAction\":[{\"@type\":\"ReadAction\",\"target\":[\"https:\\\/\\\/knjigoljubac.ba\\\/bs\\\/product\\\/o-buducnosti-nasih-obrazovnih-ustanova\\\/\"]}]},{\"@type\":\"ImageObject\",\"inLanguage\":\"bs-BA\",\"@id\":\"https:\\\/\\\/knjigoljubac.ba\\\/bs\\\/product\\\/o-buducnosti-nasih-obrazovnih-ustanova\\\/#primaryimage\",\"url\":\"https:\\\/\\\/knjigoljubac.ba\\\/wp-content\\\/uploads\\\/2020\\\/10\\\/nice.jpg\",\"contentUrl\":\"https:\\\/\\\/knjigoljubac.ba\\\/wp-content\\\/uploads\\\/2020\\\/10\\\/nice.jpg\",\"width\":160,\"height\":266},{\"@type\":\"BreadcrumbList\",\"@id\":\"https:\\\/\\\/knjigoljubac.ba\\\/bs\\\/product\\\/o-buducnosti-nasih-obrazovnih-ustanova\\\/#breadcrumb\",\"itemListElement\":[{\"@type\":\"ListItem\",\"position\":1,\"name\":\"Po\u010detna stranica\",\"item\":\"https:\\\/\\\/knjigoljubac.ba\\\/\"},{\"@type\":\"ListItem\",\"position\":2,\"name\":\"Trgovina\",\"item\":\"https:\\\/\\\/knjigoljubac.ba\\\/trgovina\\\/\"},{\"@type\":\"ListItem\",\"position\":3,\"name\":\"O budu\u0107nosti na\u0161ih obrazovnih ustanova\"}]},{\"@type\":\"WebSite\",\"@id\":\"https:\\\/\\\/knjigoljubac.ba\\\/#website\",\"url\":\"https:\\\/\\\/knjigoljubac.ba\\\/\",\"name\":\"KNJIGOLJUBAC\",\"description\":\"Va\u0161a online knji\u017eara\",\"publisher\":{\"@id\":\"https:\\\/\\\/knjigoljubac.ba\\\/#organization\"},\"potentialAction\":[{\"@type\":\"SearchAction\",\"target\":{\"@type\":\"EntryPoint\",\"urlTemplate\":\"https:\\\/\\\/knjigoljubac.ba\\\/?s={search_term_string}\"},\"query-input\":{\"@type\":\"PropertyValueSpecification\",\"valueRequired\":true,\"valueName\":\"search_term_string\"}}],\"inLanguage\":\"bs-BA\"},{\"@type\":\"Organization\",\"@id\":\"https:\\\/\\\/knjigoljubac.ba\\\/#organization\",\"name\":\"KNJIGOLJUBAC\",\"url\":\"https:\\\/\\\/knjigoljubac.ba\\\/\",\"logo\":{\"@type\":\"ImageObject\",\"inLanguage\":\"bs-BA\",\"@id\":\"https:\\\/\\\/knjigoljubac.ba\\\/#\\\/schema\\\/logo\\\/image\\\/\",\"url\":\"https:\\\/\\\/knjigoljubac.ba\\\/wp-content\\\/uploads\\\/2021\\\/09\\\/logo-novi-1024x465.png\",\"contentUrl\":\"https:\\\/\\\/knjigoljubac.ba\\\/wp-content\\\/uploads\\\/2021\\\/09\\\/logo-novi-1024x465.png\",\"width\":1024,\"height\":465,\"caption\":\"KNJIGOLJUBAC\"},\"image\":{\"@id\":\"https:\\\/\\\/knjigoljubac.ba\\\/#\\\/schema\\\/logo\\\/image\\\/\"},\"sameAs\":[\"https:\\\/\\\/www.facebook.com\\\/knjigoljubacba-106067741319857\\\/?ref=pages_you_manage\",\"https:\\\/\\\/www.instagram.com\\\/knjigoljubacbrcko\\\/\"]}]}<\/script>\n<!-- \/ Yoast SEO plugin. -->","yoast_head_json":{"title":"O budu\u0107nosti na\u0161ih obrazovnih ustanova - KNJIGOLJUBAC","robots":{"index":"index","follow":"follow","max-snippet":"max-snippet:-1","max-image-preview":"max-image-preview:large","max-video-preview":"max-video-preview:-1"},"canonical":"https:\/\/knjigoljubac.ba\/bs\/product\/o-buducnosti-nasih-obrazovnih-ustanova\/","og_locale":"bs_BA","og_type":"article","og_title":"O budu\u0107nosti na\u0161ih obrazovnih ustanova - KNJIGOLJUBAC","og_description":"Autor: Fridrih Ni\u010de  Uvez: Tvrdi  Br. str: 150","og_url":"https:\/\/knjigoljubac.ba\/bs\/product\/o-buducnosti-nasih-obrazovnih-ustanova\/","og_site_name":"KNJIGOLJUBAC","article_publisher":"https:\/\/www.facebook.com\/knjigoljubacba-106067741319857\/?ref=pages_you_manage","article_modified_time":"2020-10-18T07:22:26+00:00","og_image":[{"width":160,"height":266,"url":"https:\/\/knjigoljubac.ba\/wp-content\/uploads\/2020\/10\/nice.jpg","type":"image\/jpeg"}],"twitter_card":"summary_large_image","twitter_misc":{"Est. reading time":"1 minuta"},"schema":{"@context":"https:\/\/schema.org","@graph":[{"@type":"WebPage","@id":"https:\/\/knjigoljubac.ba\/bs\/product\/o-buducnosti-nasih-obrazovnih-ustanova\/","url":"https:\/\/knjigoljubac.ba\/bs\/product\/o-buducnosti-nasih-obrazovnih-ustanova\/","name":"O budu\u0107nosti na\u0161ih obrazovnih ustanova - KNJIGOLJUBAC","isPartOf":{"@id":"https:\/\/knjigoljubac.ba\/#website"},"primaryImageOfPage":{"@id":"https:\/\/knjigoljubac.ba\/bs\/product\/o-buducnosti-nasih-obrazovnih-ustanova\/#primaryimage"},"image":{"@id":"https:\/\/knjigoljubac.ba\/bs\/product\/o-buducnosti-nasih-obrazovnih-ustanova\/#primaryimage"},"thumbnailUrl":"https:\/\/knjigoljubac.ba\/wp-content\/uploads\/2020\/10\/nice.jpg","datePublished":"2020-10-18T07:22:25+00:00","dateModified":"2020-10-18T07:22:26+00:00","breadcrumb":{"@id":"https:\/\/knjigoljubac.ba\/bs\/product\/o-buducnosti-nasih-obrazovnih-ustanova\/#breadcrumb"},"inLanguage":"bs-BA","potentialAction":[{"@type":"ReadAction","target":["https:\/\/knjigoljubac.ba\/bs\/product\/o-buducnosti-nasih-obrazovnih-ustanova\/"]}]},{"@type":"ImageObject","inLanguage":"bs-BA","@id":"https:\/\/knjigoljubac.ba\/bs\/product\/o-buducnosti-nasih-obrazovnih-ustanova\/#primaryimage","url":"https:\/\/knjigoljubac.ba\/wp-content\/uploads\/2020\/10\/nice.jpg","contentUrl":"https:\/\/knjigoljubac.ba\/wp-content\/uploads\/2020\/10\/nice.jpg","width":160,"height":266},{"@type":"BreadcrumbList","@id":"https:\/\/knjigoljubac.ba\/bs\/product\/o-buducnosti-nasih-obrazovnih-ustanova\/#breadcrumb","itemListElement":[{"@type":"ListItem","position":1,"name":"Po\u010detna stranica","item":"https:\/\/knjigoljubac.ba\/"},{"@type":"ListItem","position":2,"name":"Trgovina","item":"https:\/\/knjigoljubac.ba\/trgovina\/"},{"@type":"ListItem","position":3,"name":"O budu\u0107nosti na\u0161ih obrazovnih ustanova"}]},{"@type":"WebSite","@id":"https:\/\/knjigoljubac.ba\/#website","url":"https:\/\/knjigoljubac.ba\/","name":"KNJIGOLJUBAC","description":"Va\u0161a online knji\u017eara","publisher":{"@id":"https:\/\/knjigoljubac.ba\/#organization"},"potentialAction":[{"@type":"SearchAction","target":{"@type":"EntryPoint","urlTemplate":"https:\/\/knjigoljubac.ba\/?s={search_term_string}"},"query-input":{"@type":"PropertyValueSpecification","valueRequired":true,"valueName":"search_term_string"}}],"inLanguage":"bs-BA"},{"@type":"Organization","@id":"https:\/\/knjigoljubac.ba\/#organization","name":"KNJIGOLJUBAC","url":"https:\/\/knjigoljubac.ba\/","logo":{"@type":"ImageObject","inLanguage":"bs-BA","@id":"https:\/\/knjigoljubac.ba\/#\/schema\/logo\/image\/","url":"https:\/\/knjigoljubac.ba\/wp-content\/uploads\/2021\/09\/logo-novi-1024x465.png","contentUrl":"https:\/\/knjigoljubac.ba\/wp-content\/uploads\/2021\/09\/logo-novi-1024x465.png","width":1024,"height":465,"caption":"KNJIGOLJUBAC"},"image":{"@id":"https:\/\/knjigoljubac.ba\/#\/schema\/logo\/image\/"},"sameAs":["https:\/\/www.facebook.com\/knjigoljubacba-106067741319857\/?ref=pages_you_manage","https:\/\/www.instagram.com\/knjigoljubacbrcko\/"]}]}},"jetpack_sharing_enabled":true,"_links":{"self":[{"href":"https:\/\/knjigoljubac.ba\/bs\/wp-json\/wp\/v2\/product\/11835","targetHints":{"allow":["GET"]}}],"collection":[{"href":"https:\/\/knjigoljubac.ba\/bs\/wp-json\/wp\/v2\/product"}],"about":[{"href":"https:\/\/knjigoljubac.ba\/bs\/wp-json\/wp\/v2\/types\/product"}],"wp:featuredmedia":[{"embeddable":true,"href":"https:\/\/knjigoljubac.ba\/bs\/wp-json\/wp\/v2\/media\/11836"}],"wp:attachment":[{"href":"https:\/\/knjigoljubac.ba\/bs\/wp-json\/wp\/v2\/media?parent=11835"}],"wp:term":[{"taxonomy":"product_brand","embeddable":true,"href":"https:\/\/knjigoljubac.ba\/bs\/wp-json\/wp\/v2\/product_brand?post=11835"},{"taxonomy":"product_cat","embeddable":true,"href":"https:\/\/knjigoljubac.ba\/bs\/wp-json\/wp\/v2\/product_cat?post=11835"},{"taxonomy":"product_tag","embeddable":true,"href":"https:\/\/knjigoljubac.ba\/bs\/wp-json\/wp\/v2\/product_tag?post=11835"}],"curies":[{"name":"wp","href":"https:\/\/api.w.org\/{rel}","templated":true}]}}