{"id":11775,"date":"2020-06-13T17:33:54","date_gmt":"2020-06-13T17:33:54","guid":{"rendered":"https:\/\/knjigoljubac.ba\/?post_type=product&#038;p=11775"},"modified":"2020-06-13T17:33:55","modified_gmt":"2020-06-13T17:33:55","slug":"zavjesa","status":"publish","type":"product","link":"https:\/\/knjigoljubac.ba\/bs\/product\/zavjesa\/","title":{"rendered":"Zavjesa"},"content":{"rendered":"<p style=\"font-weight: 300;\">\u017divot Kadera Abdolaha doslovno je podijeljen na dva dijela. U prvoj polovini \u017eivota \u017eivio je u Iranu, zemlji svog ro\u0111enja. Druga polovina zapo\u010dela je kad je, pobjegav\u0161i iz domovine, krenuo na put koji ga je na kraju doveo u Nizozemsku. U Nizozemskoj je osnovao porodicu, stvorio svoj knji\u017eevni opus. Knjige su mu prevedene na brojne jezike i proputovao je svijet upoznavaju\u0107i se s \u010ditateljima u raznim zemljama. Ali postoji jedna zemlja u koju se nikad vi\u0161e ne mo\u017ee vratiti: Iran, njegova domovina \u2013 \u010dak ni kada je njegova majka na zalasku \u017eivota.<\/p>\n<p style=\"font-weight: 300;\">Zato Kader Abdolah putuje u Dubai, zemlju pijeska i nafte, kako bi se susreo s majkom.\u00a0Dubai je njoj bli\u017ei od Nizozemske, njemu sigurniji od Irana. \u017deli vidjeti majku, mo\u017eda posljednji put.<\/p>\n<p style=\"font-weight: 300;\">\n<p style=\"font-weight: 300;\">Kada Abdolah stigne u Dubai, suo\u010dit \u0107e se s tajanstvenim svijetom starosti u koji ga majka uvodi sve dublje i dublje. Ona\u00a0postepeno nestaje u svijetu demencije: ponekada zna da je u apartmanu u Dubaiju, nekada misli da je u njegovom stanu u Amsterdamu, a istovremeno vjeruje da je napokon na had\u017eu u sveti grad Mekku. Sve vi\u0161e, i figurativno ostaje iza zavjese koja razdvaja stvarnost i ma\u0161tu, kao \u0161to je nekad, sjede\u0107i iza zavjese, koja je razdvajala dnevnu sobu od ostave \u2013 iza koje se jedino mogla povla\u010diti u svijet svoje ma\u0161te \u2013 njemu kao dje\u010daku, pri\u010dala pri\u010de.<\/p>\n<p style=\"font-weight: 300;\">\n<p style=\"font-weight: 300;\">Abdolah u\u00a0<em>Zavjesi<\/em>\u00a0o\u017eivljava mnoga\u00a0sje\u0107anja i stare pri\u010de. Ali\u00a0samo u svijetu ma\u0161te, u svijetu iza zavjese,\u00a0postavlja pitanja koja se ne usu\u0111uje postaviti majci i svojoj otu\u0111enoj sestri \u2013\u00ad\u00ad on ih mo\u017ee povjeriti samo papiru i o tome mora pisati. Rezultat je intimna, ponekad smije\u0161na, ponekad bolna pri\u010da; pri\u010da o mogu\u0107nosti i nemogu\u0107nosti uspostavljanja kontakta s drugima i o granicama izme\u0111u stvarnosti i ma\u0161te; pri\u010da o dementnoj majci i njenoj djeci koju su raspr\u0161ili traumati\u010dni doga\u0111aji iz pro\u0161losti.<\/p>","protected":false},"excerpt":{"rendered":"<p>Pisac: Abdolah Kader<\/p>\n<table class=\"table table-striped product-table\">\n<tbody>\n<tr>\n<td>Izdava\u010d:<\/td>\n<td>Buybook<\/td>\n<\/tr>\n<tr>\n<td>Prevod sa:<\/td>\n<td>nizozemskog Goran Sari\u0107<\/td>\n<\/tr>\n<tr>\n<td>ISBN:<\/td>\n<td>9789958304972<\/td>\n<\/tr>\n<tr>\n<td>Godina izdanja:<\/td>\n<td>2020<\/td>\n<\/tr>\n<tr>\n<td>Broj stranica:<\/td>\n<td>153<\/td>\n<\/tr>\n<tr>\n<td>Te\u017eina:<\/td>\n<td>175<\/td>\n<\/tr>\n<tr>\n<td>Tip uveza:<\/td>\n<td>meki<\/td>\n<\/tr>\n<\/tbody>\n<\/table>","protected":false},"featured_media":11778,"template":"","meta":[],"product_brand":[],"product_cat":[315],"product_tag":[508,484,509],"class_list":{"0":"post-11775","1":"product","2":"type-product","3":"status-publish","4":"has-post-thumbnail","6":"product_cat-roman","7":"product_tag-abdolah-kader","8":"product_tag-www-knjigoljubac-ba","9":"product_tag-zavjesa","11":"first","12":"instock","13":"taxable","14":"shipping-taxable","15":"purchasable","16":"product-type-simple"},"yoast_head":"<!-- This site is optimized with the Yoast SEO plugin v27.5 - https:\/\/yoast.com\/product\/yoast-seo-wordpress\/ -->\n<title>Zavjesa - KNJIGOLJUBAC<\/title>\n<meta name=\"robots\" content=\"index, follow, max-snippet:-1, max-image-preview:large, max-video-preview:-1\" \/>\n<link rel=\"canonical\" href=\"https:\/\/knjigoljubac.ba\/bs\/product\/zavjesa\/\" \/>\n<meta property=\"og:locale\" content=\"bs_BA\" \/>\n<meta property=\"og:type\" content=\"article\" \/>\n<meta property=\"og:title\" content=\"Zavjesa - KNJIGOLJUBAC\" \/>\n<meta property=\"og:description\" content=\"Pisac: Abdolah Kader    Izdava\u010d: Buybook   Prevod sa: nizozemskog Goran Sari\u0107   ISBN: 9789958304972   Godina izdanja: 2020   Broj stranica: 153   Te\u017eina: 175   Tip uveza: meki\" \/>\n<meta property=\"og:url\" content=\"https:\/\/knjigoljubac.ba\/bs\/product\/zavjesa\/\" \/>\n<meta property=\"og:site_name\" content=\"KNJIGOLJUBAC\" \/>\n<meta property=\"article:publisher\" content=\"https:\/\/www.facebook.com\/knjigoljubacba-106067741319857\/?ref=pages_you_manage\" \/>\n<meta property=\"article:modified_time\" content=\"2020-06-13T17:33:55+00:00\" \/>\n<meta property=\"og:image\" content=\"https:\/\/knjigoljubac.ba\/wp-content\/uploads\/2020\/06\/Kader-Abdolah_ZAVJESA_front.jpg\" \/>\n\t<meta property=\"og:image:width\" content=\"160\" \/>\n\t<meta property=\"og:image:height\" content=\"226\" \/>\n\t<meta property=\"og:image:type\" content=\"image\/jpeg\" \/>\n<meta name=\"twitter:card\" content=\"summary_large_image\" \/>\n<meta name=\"twitter:label1\" content=\"Est. reading time\" \/>\n\t<meta name=\"twitter:data1\" content=\"2 minute\" \/>\n<script type=\"application\/ld+json\" class=\"yoast-schema-graph\">{\"@context\":\"https:\\\/\\\/schema.org\",\"@graph\":[{\"@type\":\"WebPage\",\"@id\":\"https:\\\/\\\/knjigoljubac.ba\\\/product\\\/zavjesa\\\/\",\"url\":\"https:\\\/\\\/knjigoljubac.ba\\\/product\\\/zavjesa\\\/\",\"name\":\"Zavjesa - KNJIGOLJUBAC\",\"isPartOf\":{\"@id\":\"https:\\\/\\\/knjigoljubac.ba\\\/#website\"},\"primaryImageOfPage\":{\"@id\":\"https:\\\/\\\/knjigoljubac.ba\\\/product\\\/zavjesa\\\/#primaryimage\"},\"image\":{\"@id\":\"https:\\\/\\\/knjigoljubac.ba\\\/product\\\/zavjesa\\\/#primaryimage\"},\"thumbnailUrl\":\"https:\\\/\\\/knjigoljubac.ba\\\/wp-content\\\/uploads\\\/2020\\\/06\\\/Kader-Abdolah_ZAVJESA_front.jpg\",\"datePublished\":\"2020-06-13T17:33:54+00:00\",\"dateModified\":\"2020-06-13T17:33:55+00:00\",\"breadcrumb\":{\"@id\":\"https:\\\/\\\/knjigoljubac.ba\\\/product\\\/zavjesa\\\/#breadcrumb\"},\"inLanguage\":\"bs-BA\",\"potentialAction\":[{\"@type\":\"ReadAction\",\"target\":[\"https:\\\/\\\/knjigoljubac.ba\\\/product\\\/zavjesa\\\/\"]}]},{\"@type\":\"ImageObject\",\"inLanguage\":\"bs-BA\",\"@id\":\"https:\\\/\\\/knjigoljubac.ba\\\/product\\\/zavjesa\\\/#primaryimage\",\"url\":\"https:\\\/\\\/knjigoljubac.ba\\\/wp-content\\\/uploads\\\/2020\\\/06\\\/Kader-Abdolah_ZAVJESA_front.jpg\",\"contentUrl\":\"https:\\\/\\\/knjigoljubac.ba\\\/wp-content\\\/uploads\\\/2020\\\/06\\\/Kader-Abdolah_ZAVJESA_front.jpg\",\"width\":160,\"height\":226},{\"@type\":\"BreadcrumbList\",\"@id\":\"https:\\\/\\\/knjigoljubac.ba\\\/product\\\/zavjesa\\\/#breadcrumb\",\"itemListElement\":[{\"@type\":\"ListItem\",\"position\":1,\"name\":\"Po\u010detna stranica\",\"item\":\"https:\\\/\\\/knjigoljubac.ba\\\/\"},{\"@type\":\"ListItem\",\"position\":2,\"name\":\"Trgovina\",\"item\":\"https:\\\/\\\/knjigoljubac.ba\\\/trgovina\\\/\"},{\"@type\":\"ListItem\",\"position\":3,\"name\":\"Zavjesa\"}]},{\"@type\":\"WebSite\",\"@id\":\"https:\\\/\\\/knjigoljubac.ba\\\/#website\",\"url\":\"https:\\\/\\\/knjigoljubac.ba\\\/\",\"name\":\"KNJIGOLJUBAC\",\"description\":\"Va\u0161a online knji\u017eara\",\"publisher\":{\"@id\":\"https:\\\/\\\/knjigoljubac.ba\\\/#organization\"},\"potentialAction\":[{\"@type\":\"SearchAction\",\"target\":{\"@type\":\"EntryPoint\",\"urlTemplate\":\"https:\\\/\\\/knjigoljubac.ba\\\/?s={search_term_string}\"},\"query-input\":{\"@type\":\"PropertyValueSpecification\",\"valueRequired\":true,\"valueName\":\"search_term_string\"}}],\"inLanguage\":\"bs-BA\"},{\"@type\":\"Organization\",\"@id\":\"https:\\\/\\\/knjigoljubac.ba\\\/#organization\",\"name\":\"KNJIGOLJUBAC\",\"url\":\"https:\\\/\\\/knjigoljubac.ba\\\/\",\"logo\":{\"@type\":\"ImageObject\",\"inLanguage\":\"bs-BA\",\"@id\":\"https:\\\/\\\/knjigoljubac.ba\\\/#\\\/schema\\\/logo\\\/image\\\/\",\"url\":\"https:\\\/\\\/knjigoljubac.ba\\\/wp-content\\\/uploads\\\/2021\\\/09\\\/logo-novi-1024x465.png\",\"contentUrl\":\"https:\\\/\\\/knjigoljubac.ba\\\/wp-content\\\/uploads\\\/2021\\\/09\\\/logo-novi-1024x465.png\",\"width\":1024,\"height\":465,\"caption\":\"KNJIGOLJUBAC\"},\"image\":{\"@id\":\"https:\\\/\\\/knjigoljubac.ba\\\/#\\\/schema\\\/logo\\\/image\\\/\"},\"sameAs\":[\"https:\\\/\\\/www.facebook.com\\\/knjigoljubacba-106067741319857\\\/?ref=pages_you_manage\",\"https:\\\/\\\/www.instagram.com\\\/knjigoljubacbrcko\\\/\"]}]}<\/script>\n<!-- \/ Yoast SEO plugin. -->","yoast_head_json":{"title":"Zavjesa - KNJIGOLJUBAC","robots":{"index":"index","follow":"follow","max-snippet":"max-snippet:-1","max-image-preview":"max-image-preview:large","max-video-preview":"max-video-preview:-1"},"canonical":"https:\/\/knjigoljubac.ba\/bs\/product\/zavjesa\/","og_locale":"bs_BA","og_type":"article","og_title":"Zavjesa - KNJIGOLJUBAC","og_description":"Pisac: Abdolah Kader    Izdava\u010d: Buybook   Prevod sa: nizozemskog Goran Sari\u0107   ISBN: 9789958304972   Godina izdanja: 2020   Broj stranica: 153   Te\u017eina: 175   Tip uveza: meki","og_url":"https:\/\/knjigoljubac.ba\/bs\/product\/zavjesa\/","og_site_name":"KNJIGOLJUBAC","article_publisher":"https:\/\/www.facebook.com\/knjigoljubacba-106067741319857\/?ref=pages_you_manage","article_modified_time":"2020-06-13T17:33:55+00:00","og_image":[{"width":160,"height":226,"url":"https:\/\/knjigoljubac.ba\/wp-content\/uploads\/2020\/06\/Kader-Abdolah_ZAVJESA_front.jpg","type":"image\/jpeg"}],"twitter_card":"summary_large_image","twitter_misc":{"Est. reading time":"2 minute"},"schema":{"@context":"https:\/\/schema.org","@graph":[{"@type":"WebPage","@id":"https:\/\/knjigoljubac.ba\/product\/zavjesa\/","url":"https:\/\/knjigoljubac.ba\/product\/zavjesa\/","name":"Zavjesa - KNJIGOLJUBAC","isPartOf":{"@id":"https:\/\/knjigoljubac.ba\/#website"},"primaryImageOfPage":{"@id":"https:\/\/knjigoljubac.ba\/product\/zavjesa\/#primaryimage"},"image":{"@id":"https:\/\/knjigoljubac.ba\/product\/zavjesa\/#primaryimage"},"thumbnailUrl":"https:\/\/knjigoljubac.ba\/wp-content\/uploads\/2020\/06\/Kader-Abdolah_ZAVJESA_front.jpg","datePublished":"2020-06-13T17:33:54+00:00","dateModified":"2020-06-13T17:33:55+00:00","breadcrumb":{"@id":"https:\/\/knjigoljubac.ba\/product\/zavjesa\/#breadcrumb"},"inLanguage":"bs-BA","potentialAction":[{"@type":"ReadAction","target":["https:\/\/knjigoljubac.ba\/product\/zavjesa\/"]}]},{"@type":"ImageObject","inLanguage":"bs-BA","@id":"https:\/\/knjigoljubac.ba\/product\/zavjesa\/#primaryimage","url":"https:\/\/knjigoljubac.ba\/wp-content\/uploads\/2020\/06\/Kader-Abdolah_ZAVJESA_front.jpg","contentUrl":"https:\/\/knjigoljubac.ba\/wp-content\/uploads\/2020\/06\/Kader-Abdolah_ZAVJESA_front.jpg","width":160,"height":226},{"@type":"BreadcrumbList","@id":"https:\/\/knjigoljubac.ba\/product\/zavjesa\/#breadcrumb","itemListElement":[{"@type":"ListItem","position":1,"name":"Po\u010detna stranica","item":"https:\/\/knjigoljubac.ba\/"},{"@type":"ListItem","position":2,"name":"Trgovina","item":"https:\/\/knjigoljubac.ba\/trgovina\/"},{"@type":"ListItem","position":3,"name":"Zavjesa"}]},{"@type":"WebSite","@id":"https:\/\/knjigoljubac.ba\/#website","url":"https:\/\/knjigoljubac.ba\/","name":"KNJIGOLJUBAC","description":"Va\u0161a online knji\u017eara","publisher":{"@id":"https:\/\/knjigoljubac.ba\/#organization"},"potentialAction":[{"@type":"SearchAction","target":{"@type":"EntryPoint","urlTemplate":"https:\/\/knjigoljubac.ba\/?s={search_term_string}"},"query-input":{"@type":"PropertyValueSpecification","valueRequired":true,"valueName":"search_term_string"}}],"inLanguage":"bs-BA"},{"@type":"Organization","@id":"https:\/\/knjigoljubac.ba\/#organization","name":"KNJIGOLJUBAC","url":"https:\/\/knjigoljubac.ba\/","logo":{"@type":"ImageObject","inLanguage":"bs-BA","@id":"https:\/\/knjigoljubac.ba\/#\/schema\/logo\/image\/","url":"https:\/\/knjigoljubac.ba\/wp-content\/uploads\/2021\/09\/logo-novi-1024x465.png","contentUrl":"https:\/\/knjigoljubac.ba\/wp-content\/uploads\/2021\/09\/logo-novi-1024x465.png","width":1024,"height":465,"caption":"KNJIGOLJUBAC"},"image":{"@id":"https:\/\/knjigoljubac.ba\/#\/schema\/logo\/image\/"},"sameAs":["https:\/\/www.facebook.com\/knjigoljubacba-106067741319857\/?ref=pages_you_manage","https:\/\/www.instagram.com\/knjigoljubacbrcko\/"]}]}},"jetpack_sharing_enabled":true,"_links":{"self":[{"href":"https:\/\/knjigoljubac.ba\/bs\/wp-json\/wp\/v2\/product\/11775","targetHints":{"allow":["GET"]}}],"collection":[{"href":"https:\/\/knjigoljubac.ba\/bs\/wp-json\/wp\/v2\/product"}],"about":[{"href":"https:\/\/knjigoljubac.ba\/bs\/wp-json\/wp\/v2\/types\/product"}],"wp:featuredmedia":[{"embeddable":true,"href":"https:\/\/knjigoljubac.ba\/bs\/wp-json\/wp\/v2\/media\/11778"}],"wp:attachment":[{"href":"https:\/\/knjigoljubac.ba\/bs\/wp-json\/wp\/v2\/media?parent=11775"}],"wp:term":[{"taxonomy":"product_brand","embeddable":true,"href":"https:\/\/knjigoljubac.ba\/bs\/wp-json\/wp\/v2\/product_brand?post=11775"},{"taxonomy":"product_cat","embeddable":true,"href":"https:\/\/knjigoljubac.ba\/bs\/wp-json\/wp\/v2\/product_cat?post=11775"},{"taxonomy":"product_tag","embeddable":true,"href":"https:\/\/knjigoljubac.ba\/bs\/wp-json\/wp\/v2\/product_tag?post=11775"}],"curies":[{"name":"wp","href":"https:\/\/api.w.org\/{rel}","templated":true}]}}